{"id":41,"date":"2021-03-30T14:03:21","date_gmt":"2021-03-30T14:03:21","guid":{"rendered":"https:\/\/www.everpharma.com\/vnm\/?p=41"},"modified":"2021-06-08T06:43:09","modified_gmt":"2021-06-08T04:43:09","slug":"cerebrolysin","status":"publish","type":"product","link":"https:\/\/www.everpharma.com\/vnm\/products\/cerebrolysin\/","title":{"rendered":"Cerebrolysin\u00ae"},"content":{"rendered":"\n<div class=\"wp-block-group meta\"><div class=\"wp-block-group__inner-container is-layout-flow wp-block-group-is-layout-flow\">\n<p><strong>Th\u1ea7n kinh h\u1ecdc <\/strong><br>7 \u0110i\u1ec3m m\u1ea1nh<\/p>\n<\/div><\/div>\n\n\n\n<div class=\"wp-block-wpco-accordion accordion is-style-info\" id=\"accordion-41-1\">\n<div class=\"wp-block-wpco-accordion-body accordion-item\"><div class=\"accordion-header\" id=\"accordion-41-1-item-1-heading\"><button class=\"accordion-button\" data-bs-toggle=\"collapse\" data-bs-target=\"#accordion-41-1-item-1-body\">Th\u00f4ng tin.<\/button><\/div><div class=\"accordion-collapse collapse\" id=\"accordion-41-1-item-1-body\" aria-labelledby=\"accordion-41-1-item-1-heading\" data-bs-parent=\"#accordion-41-1\"><div class=\"accordion-body\">\n<div class=\"wp-block-columns is-layout-flex wp-container-core-columns-is-layout-9d6595d7 wp-block-columns-is-layout-flex\">\n<div class=\"wp-block-column is-layout-flow wp-block-column-is-layout-flow\">\n<p>Cerebrolysin\u00ae l\u00e0 m\u1ed9t peptide \u0111\u01b0\u1ee3c \u0111i\u1ec1u ch\u1ebf b\u1eb1ng c\u00f4ng ngh\u1ec7 sinh h\u1ecdc c\u00f3 t\u00e1c d\u1ee5ng k\u00edch th\u00edch s\u1ef1 \u0111i\u1ec1u h\u00f2a th\u1ea7n kinh trong h\u1ec7 th\u1ea7n kinh trung \u01b0\u01a1ng.<\/p>\n\n\n\n<p>Cerebrolysin\u00ae \u0111\u01b0\u1ee3c s\u1eed d\u1ee5ng tr\u00ean to\u00e0n th\u1ebf gi\u1edbi \u0111\u1ec3 \u0111i\u1ec1u tr\u1ecb \u0111\u1ed9t qu\u1ef5 do thi\u1ebfu m\u00e1u c\u1ee5c b\u1ed9 v\u00e0 xu\u1ea5t huy\u1ebft, ch\u1ea5n th\u01b0\u01a1ng s\u1ecd n\u00e3o, c\u00e1c d\u1ea1ng sa s\u00fat tr\u00ed tu\u1ec7 kh\u00e1c nhau (sa s\u00fat tr\u00ed tu\u1ec7 m\u1ea1ch m\u00e1u, b\u1ec7nh Alzheimer), r\u1ed1i lo\u1ea1n nh\u1eadn th\u1ee9c v\u00e0 \u0111\u1ec3 ng\u0103n ng\u1eeba suy gi\u1ea3m nh\u1eadn th\u1ee9c sau ch\u1ea5n th\u01b0\u01a1ng n\u00e3o.<\/p>\n<\/div>\n\n\n\n<div class=\"wp-block-column is-layout-flow wp-block-column-is-layout-flow\">\n<p>B\u1ec7nh nh\u00e2n m\u1eafc c\u00e1c b\u1ec7nh th\u1ea7n kinh c\u1ea5p t\u00ednh ho\u1eb7c tho\u00e1i h\u00f3a \u0111\u01b0\u1ee3c h\u01b0\u1edfng l\u1ee3i t\u1eeb c\u00e1c \u0111\u1eb7c t\u00ednh b\u1ea3o v\u1ec7 th\u1ea7n kinh v\u00e0 ph\u1ee5c h\u1ed3i th\u1ea7n kinh c\u1ee7a Cerebrolysin\u00ae.<\/p>\n\n\n\n<p>Li\u1ec1u l\u01b0\u1ee3ng khuy\u1ebfn c\u00e1o c\u1ee7a Cerebrolysin\u00ae l\u00e0 t\u1eeb 10 \u0111\u1ebfn 50 ml m\u1ed7i ng\u00e0y. Khuy\u1ebfn c\u00e1o r\u1eb1ng ch\u00ednh quy\u1ec1n \u0111\u01b0\u1ee3c th\u1ef1c hi\u1ec7n b\u1eb1ng c\u00e1ch truy\u1ec1n v\u1edbi th\u1eddi gian truy\u1ec1n l\u00e0 15 ph\u00fat. \u0110\u1ed1i v\u1edbi li\u1ec1u th\u1ea5p h\u01a1n, Cerebrolysin\u00ae c\u00f3 th\u1ec3 \u0111\u01b0\u1ee3c ti\u00eam b\u1eafp cho li\u1ec1u \u0111\u1ebfn 5 ml v\u00e0 ti\u00eam t\u0129nh m\u1ea1ch cho li\u1ec1u \u0111\u1ebfn 10 ml, trong c\u1ea3 hai tr\u01b0\u1eddng h\u1ee3p m\u00e0 kh\u00f4ng c\u1ea7n pha lo\u00e3ng.<\/p>\n\n\n\n<p>Xin vui l\u00f2ng xem th\u00eam th\u00f4ng tin d\u00e0nh cho qu\u1ea3n l\u00fd y t\u1ebf t\u1ea1i <a href=\"http:\/\/www.cerebrolysin.com.vn\" data-type=\"URL\" data-id=\"www.cerebrolysin.com.vn\" target=\"_blank\" rel=\"noreferrer noopener\">www.cerebrolysin.com.vn<\/a><\/p>\n<\/div>\n<\/div>\n<\/div><\/div><\/div>\n\n\n\n<div class=\"wp-block-wpco-accordion-body accordion-item\"><div class=\"accordion-header\" id=\"accordion-41-1-item-2-heading\"><button class=\"accordion-button\" data-bs-toggle=\"collapse\" data-bs-target=\"#accordion-41-1-item-2-body\">D\u1ea1ng b\u00e0o ch\u1ebf.<\/button><\/div><div class=\"accordion-collapse collapse\" id=\"accordion-41-1-item-2-body\" aria-labelledby=\"accordion-41-1-item-2-heading\" data-bs-parent=\"#accordion-41-1\"><div class=\"accordion-body\">\n<figure class=\"wp-block-image size-large is-resized\"><img loading=\"lazy\" decoding=\"async\" src=\"https:\/\/www.everpharma.com\/wp-content\/uploads\/2021\/05\/Packshot20Cerebrolysin204-1024x712.jpg\" alt=\"\" class=\"wp-image-2638\" width=\"512\" height=\"356\" \/><\/figure>\n<\/div><\/div><\/div>\n<\/div>\n","protected":false},"excerpt":{"rendered":"<p>Th\u1ea7n kinh h\u1ecdc 7 \u0110i\u1ec3m m\u1ea1nh<\/p>\n","protected":false},"featured_media":0,"template":"","class_list":["post-41","product","type-product","status-publish","hentry"],"yoast_head":"<!-- This site is optimized with the Yoast SEO plugin v27.0 - https:\/\/yoast.com\/product\/yoast-seo-wordpress\/ -->\n<title>Cerebrolysin\u00ae - EVER Pharma Viet Nam<\/title>\n<meta name=\"robots\" content=\"index, follow, max-snippet:-1, max-image-preview:large, max-video-preview:-1\" \/>\n<link rel=\"canonical\" href=\"https:\/\/www.everpharma.com\/vnm\/products\/cerebrolysin\/\" \/>\n<meta property=\"og:locale\" content=\"vi_VN\" \/>\n<meta property=\"og:type\" content=\"article\" \/>\n<meta property=\"og:title\" content=\"Cerebrolysin\u00ae - EVER Pharma Viet Nam\" \/>\n<meta property=\"og:description\" content=\"Th\u1ea7n kinh h\u1ecdc 7 \u0110i\u1ec3m m\u1ea1nh\" \/>\n<meta property=\"og:url\" content=\"https:\/\/www.everpharma.com\/vnm\/products\/cerebrolysin\/\" \/>\n<meta property=\"og:site_name\" content=\"EVER Pharma Viet Nam\" \/>\n<meta property=\"article:modified_time\" content=\"2021-06-08T04:43:09+00:00\" \/>\n<meta property=\"og:image\" content=\"https:\/\/www.everpharma.com\/wp-content\/uploads\/2021\/05\/Packshot20Cerebrolysin204-1024x712.jpg\" \/>\n<meta name=\"twitter:card\" content=\"summary_large_image\" \/>\n<meta name=\"twitter:label1\" content=\"Est. reading time\" \/>\n\t<meta name=\"twitter:data1\" content=\"2 minutes\" \/>\n<script type=\"application\/ld+json\" class=\"yoast-schema-graph\">{\"@context\":\"https:\/\/schema.org\",\"@graph\":[{\"@type\":\"WebPage\",\"@id\":\"https:\/\/www.everpharma.com\/vnm\/products\/cerebrolysin\/\",\"url\":\"https:\/\/www.everpharma.com\/vnm\/products\/cerebrolysin\/\",\"name\":\"Cerebrolysin\u00ae - EVER Pharma Viet Nam\",\"isPartOf\":{\"@id\":\"https:\/\/www.everpharma.com\/vnm\/#website\"},\"primaryImageOfPage\":{\"@id\":\"https:\/\/www.everpharma.com\/vnm\/products\/cerebrolysin\/#primaryimage\"},\"image\":{\"@id\":\"https:\/\/www.everpharma.com\/vnm\/products\/cerebrolysin\/#primaryimage\"},\"thumbnailUrl\":\"https:\/\/www.everpharma.com\/wp-content\/uploads\/2021\/05\/Packshot20Cerebrolysin204-1024x712.jpg\",\"datePublished\":\"2021-03-30T14:03:21+00:00\",\"dateModified\":\"2021-06-08T04:43:09+00:00\",\"breadcrumb\":{\"@id\":\"https:\/\/www.everpharma.com\/vnm\/products\/cerebrolysin\/#breadcrumb\"},\"inLanguage\":\"vi-VN\",\"potentialAction\":[{\"@type\":\"ReadAction\",\"target\":[\"https:\/\/www.everpharma.com\/vnm\/products\/cerebrolysin\/\"]}]},{\"@type\":\"ImageObject\",\"inLanguage\":\"vi-VN\",\"@id\":\"https:\/\/www.everpharma.com\/vnm\/products\/cerebrolysin\/#primaryimage\",\"url\":\"https:\/\/www.everpharma.com\/wp-content\/uploads\/2021\/05\/Packshot20Cerebrolysin204-1024x712.jpg\",\"contentUrl\":\"https:\/\/www.everpharma.com\/wp-content\/uploads\/2021\/05\/Packshot20Cerebrolysin204-1024x712.jpg\"},{\"@type\":\"BreadcrumbList\",\"@id\":\"https:\/\/www.everpharma.com\/vnm\/products\/cerebrolysin\/#breadcrumb\",\"itemListElement\":[{\"@type\":\"ListItem\",\"position\":1,\"name\":\"Startseite\",\"item\":\"https:\/\/www.everpharma.com\/vnm\/\"},{\"@type\":\"ListItem\",\"position\":2,\"name\":\"Products\",\"item\":\"https:\/\/www.everpharma.com\/vnm\/products\/\"},{\"@type\":\"ListItem\",\"position\":3,\"name\":\"Cerebrolysin\u00ae\"}]},{\"@type\":\"WebSite\",\"@id\":\"https:\/\/www.everpharma.com\/vnm\/#website\",\"url\":\"https:\/\/www.everpharma.com\/vnm\/\",\"name\":\"EVER Pharma Viet Nam\",\"description\":\"Dedicated to Health.\",\"potentialAction\":[{\"@type\":\"SearchAction\",\"target\":{\"@type\":\"EntryPoint\",\"urlTemplate\":\"https:\/\/www.everpharma.com\/vnm\/?s={search_term_string}\"},\"query-input\":{\"@type\":\"PropertyValueSpecification\",\"valueRequired\":true,\"valueName\":\"search_term_string\"}}],\"inLanguage\":\"vi-VN\"}]}<\/script>\n<!-- \/ Yoast SEO plugin. -->","yoast_head_json":{"title":"Cerebrolysin\u00ae - EVER Pharma Viet Nam","robots":{"index":"index","follow":"follow","max-snippet":"max-snippet:-1","max-image-preview":"max-image-preview:large","max-video-preview":"max-video-preview:-1"},"canonical":"https:\/\/www.everpharma.com\/vnm\/products\/cerebrolysin\/","og_locale":"vi_VN","og_type":"article","og_title":"Cerebrolysin\u00ae - EVER Pharma Viet Nam","og_description":"Th\u1ea7n kinh h\u1ecdc 7 \u0110i\u1ec3m m\u1ea1nh","og_url":"https:\/\/www.everpharma.com\/vnm\/products\/cerebrolysin\/","og_site_name":"EVER Pharma Viet Nam","article_modified_time":"2021-06-08T04:43:09+00:00","og_image":[{"url":"https:\/\/www.everpharma.com\/wp-content\/uploads\/2021\/05\/Packshot20Cerebrolysin204-1024x712.jpg","type":"","width":"","height":""}],"twitter_card":"summary_large_image","twitter_misc":{"Est. reading time":"2 minutes"},"schema":{"@context":"https:\/\/schema.org","@graph":[{"@type":"WebPage","@id":"https:\/\/www.everpharma.com\/vnm\/products\/cerebrolysin\/","url":"https:\/\/www.everpharma.com\/vnm\/products\/cerebrolysin\/","name":"Cerebrolysin\u00ae - EVER Pharma Viet Nam","isPartOf":{"@id":"https:\/\/www.everpharma.com\/vnm\/#website"},"primaryImageOfPage":{"@id":"https:\/\/www.everpharma.com\/vnm\/products\/cerebrolysin\/#primaryimage"},"image":{"@id":"https:\/\/www.everpharma.com\/vnm\/products\/cerebrolysin\/#primaryimage"},"thumbnailUrl":"https:\/\/www.everpharma.com\/wp-content\/uploads\/2021\/05\/Packshot20Cerebrolysin204-1024x712.jpg","datePublished":"2021-03-30T14:03:21+00:00","dateModified":"2021-06-08T04:43:09+00:00","breadcrumb":{"@id":"https:\/\/www.everpharma.com\/vnm\/products\/cerebrolysin\/#breadcrumb"},"inLanguage":"vi-VN","potentialAction":[{"@type":"ReadAction","target":["https:\/\/www.everpharma.com\/vnm\/products\/cerebrolysin\/"]}]},{"@type":"ImageObject","inLanguage":"vi-VN","@id":"https:\/\/www.everpharma.com\/vnm\/products\/cerebrolysin\/#primaryimage","url":"https:\/\/www.everpharma.com\/wp-content\/uploads\/2021\/05\/Packshot20Cerebrolysin204-1024x712.jpg","contentUrl":"https:\/\/www.everpharma.com\/wp-content\/uploads\/2021\/05\/Packshot20Cerebrolysin204-1024x712.jpg"},{"@type":"BreadcrumbList","@id":"https:\/\/www.everpharma.com\/vnm\/products\/cerebrolysin\/#breadcrumb","itemListElement":[{"@type":"ListItem","position":1,"name":"Startseite","item":"https:\/\/www.everpharma.com\/vnm\/"},{"@type":"ListItem","position":2,"name":"Products","item":"https:\/\/www.everpharma.com\/vnm\/products\/"},{"@type":"ListItem","position":3,"name":"Cerebrolysin\u00ae"}]},{"@type":"WebSite","@id":"https:\/\/www.everpharma.com\/vnm\/#website","url":"https:\/\/www.everpharma.com\/vnm\/","name":"EVER Pharma Viet Nam","description":"Dedicated to Health.","potentialAction":[{"@type":"SearchAction","target":{"@type":"EntryPoint","urlTemplate":"https:\/\/www.everpharma.com\/vnm\/?s={search_term_string}"},"query-input":{"@type":"PropertyValueSpecification","valueRequired":true,"valueName":"search_term_string"}}],"inLanguage":"vi-VN"}]}},"_links":{"self":[{"href":"https:\/\/www.everpharma.com\/vnm\/wp-json\/wp\/v2\/product\/41","targetHints":{"allow":["GET"]}}],"collection":[{"href":"https:\/\/www.everpharma.com\/vnm\/wp-json\/wp\/v2\/product"}],"about":[{"href":"https:\/\/www.everpharma.com\/vnm\/wp-json\/wp\/v2\/types\/product"}],"wp:attachment":[{"href":"https:\/\/www.everpharma.com\/vnm\/wp-json\/wp\/v2\/media?parent=41"}],"curies":[{"name":"wp","href":"https:\/\/api.w.org\/{rel}","templated":true}]}}