{"id":54,"date":"2021-06-01T13:01:30","date_gmt":"2021-06-01T11:01:30","guid":{"rendered":"https:\/\/www.everpharma.com\/vnm\/?page_id=54"},"modified":"2021-06-14T09:39:58","modified_gmt":"2021-06-14T07:39:58","slug":"54-2","status":"publish","type":"page","link":"https:\/\/www.everpharma.com\/vnm\/54-2\/","title":{"rendered":"Cam k\u1ebft"},"content":{"rendered":"\n<div class=\"wp-block-cover is-style-floating-overlay\"><img decoding=\"async\" class=\"wp-block-cover__image-background wp-image-100\" alt=\"\" src=\"https:\/\/www.everpharma.com\/wp-content\/uploads\/2021\/02\/ET2B1567.jpg\" data-object-fit=\"cover\" \/><div class=\"wp-block-cover__inner-container is-layout-flow wp-block-cover-is-layout-flow\">\n<p class=\"has-text-align-center has-large-font-size\"><\/p>\n<\/div><\/div>\n\n\n\n<div style=\"height:100px\" aria-hidden=\"true\" class=\"wp-block-spacer\"><\/div>\n\n\n\n<h1 class=\"is-style-page-title wp-block-heading\" id=\"Verantwortung\">Tr\u00e1ch nhi\u1ec7m c\u1ee7a ch\u00fang t\u00f4i.<\/h1>\n\n\n\n<div class=\"wp-block-columns is-layout-flex wp-container-core-columns-is-layout-9d6595d7 wp-block-columns-is-layout-flex\">\n<div class=\"wp-block-column is-layout-flow wp-block-column-is-layout-flow\" style=\"flex-basis:50%\">\n<p>Ch\u00fang t\u00f4i l\u00e0m vi\u1ec7c v\u00ec l\u1ee3i \u00edch l\u1edbn nh\u1ea5t c\u1ee7a con ng\u01b0\u1eddi &#8211; s\u1ee9c kh\u1ecfe c\u1ee7a b\u1ea1n! S\u1ee9c kh\u1ecfe c\u1ee7a b\u1ec7nh nh\u00e2n l\u00e0 tr\u1ecdng t\u00e2m c\u1ee7a m\u1ecdi vi\u1ec7c ch\u00fang t\u00f4i l\u00e0m. Th\u00f4ng qua \u0111\u1ed5i m\u1edbi, t\u1eadp trung v\u00e0 tinh th\u1ea7n kinh doanh, ch\u00fang t\u00f4i mang \u0111\u1ebfn th\u1ecb tr\u01b0\u1eddng c\u00e1c gi\u1ea3i ph\u00e1p tr\u1ecb li\u1ec7u chuy\u00ean bi\u1ec7t, c\u00f3 gi\u00e1 tr\u1ecb gia t\u0103ng h\u1ed7 tr\u1ee3 c\u00e1c h\u1ec7 th\u1ed1ng ch\u0103m s\u00f3c s\u1ee9c kh\u1ecfe tr\u00ean to\u00e0n c\u1ea7u. \u0110i\u1ec1u \u0111\u00f3 mang l\u1ea1i \u00fd ngh\u0129a cho c\u00f4ng vi\u1ec7c h\u00e0ng ng\u00e0y c\u1ee7a ch\u00fang t\u00f4i v\u00e0 cung c\u1ea5p b\u1ea3n ch\u1ea5t c\u1ee7a cam k\u1ebft c\u1ee7a ch\u00fang t\u00f4i \u0111\u1ed1i v\u1edbi s\u1ee9c kh\u1ecfe.<\/p>\n<\/div>\n\n\n\n<div class=\"wp-block-column is-layout-flow wp-block-column-is-layout-flow\" style=\"flex-basis:50%\"><\/div>\n<\/div>\n\n\n\n<hr class=\"wp-block-separator is-style-default\" \/>\n\n\n\n<div style=\"height:100px\" aria-hidden=\"true\" class=\"wp-block-spacer\"><\/div>\n\n\n\n<div class=\"wp-block-group alignfull has-theme-light-gray-background-color has-background\"><div class=\"wp-block-group__inner-container is-layout-flow wp-block-group-is-layout-flow\">\n<div style=\"height:50px\" aria-hidden=\"true\" class=\"wp-block-spacer\"><\/div>\n\n\n\n<div class=\"wp-block-columns are-vertically-aligned-center is-layout-flex wp-container-core-columns-is-layout-9d6595d7 wp-block-columns-is-layout-flex\">\n<div class=\"wp-block-column is-vertically-aligned-center is-layout-flow wp-block-column-is-layout-flow\" style=\"flex-basis:100%\">\n<h2 class=\"is-style-section-title wp-block-heading\" id=\"Unternehmenskultur\">V\u0103n h\u00f3a Doanh nghi\u1ec7p c\u1ee7a ch\u00fang t\u00f4i.<\/h2>\n\n\n\n<h6 class=\"wp-block-heading\"><strong>Kh\u00e1ch h\u00e0ng l\u00e0 trung t\u00e2m c\u1ee7a c\u00f4ng vi\u1ec7c c\u1ee7a ch\u00fang t\u00f4i.<\/strong><\/h6>\n\n\n\n<div class=\"wp-block-columns is-layout-flex wp-container-core-columns-is-layout-9d6595d7 wp-block-columns-is-layout-flex\">\n<div class=\"wp-block-column is-layout-flow wp-block-column-is-layout-flow\" style=\"flex-basis:100%\">\n<p>S\u1ef1 hi\u1ec3u bi\u1ebft v\u00e0 \u0111\u00e1p \u1ee9ng nhu c\u1ea7u c\u1ee7a kh\u00e1ch h\u00e0ng l\u00e0 \u01b0u ti\u00ean h\u00e0ng \u0111\u1ea7u c\u1ee7a ch\u00fang t\u00f4i. C\u1ea3i thi\u1ec7n cu\u1ed9c s\u1ed1ng c\u1ee7a b\u1ec7nh nh\u00e2n v\u00e0 h\u1ed7 tr\u1ee3 c\u00f4ng vi\u1ec7c c\u1ee7a c\u00e1c chuy\u00ean gia ch\u0103m s\u00f3c s\u1ee9c kh\u1ecfe l\u00e0 tr\u1ecdng t\u00e2m c\u1ee7a s\u1ee9 m\u1ec7nh nghi\u00ean c\u1ee9u, s\u1ea3n xu\u1ea5t v\u00e0 cung c\u1ea5p c\u1ee7a ch\u00fang t\u00f4i v\u1edbi t\u01b0 c\u00e1ch l\u00e0 m\u1ed9t c\u00f4ng ty.<\/p>\n<\/div>\n<\/div>\n\n\n\n<h6 class=\"wp-block-heading\"><strong><strong>Con ng\u01b0\u1eddi c\u1ee7a ch\u00fang t\u00f4i l\u00e0 tr\u1ee5 c\u1ed9t cho s\u1ef1 th\u00e0nh c\u00f4ng c\u1ee7a ch\u00fang t\u00f4i.<\/strong><\/strong><\/h6>\n\n\n\n<p>\u0110\u1ed9i ng\u0169 c\u1ee7a ch\u00fang t\u00f4i l\u00e0 t\u00e0i s\u1ea3n l\u1edbn nh\u1ea5t c\u1ee7a ch\u00fang t\u00f4i: c\u00e1c nh\u00e0 nghi\u00ean c\u1ee9u, nh\u00e0 khoa h\u1ecdc, k\u1ef9 thu\u1eadt vi\u00ean, c\u00f4ng nh\u00e2n d\u00e2y chuy\u1ec1n s\u1ea3n xu\u1ea5t, \u0111\u1ea1i di\u1ec7n ch\u1ea5t l\u01b0\u1ee3ng, \u0111\u1ea1i di\u1ec7n y t\u1ebf v\u00e0 nh\u00e2n vi\u00ean c\u00f4ng ty c\u1ee7a ch\u00fang t\u00f4i l\u00e0m vi\u1ec7c \u0111\u1ed3ng b\u1ed9 nh\u01b0 m\u1ed9t \u0111\u1ed9i nhanh nh\u1eb9n, g\u1eafn b\u00f3 v\u00e0 t\u00f4n tr\u1ecdng l\u00e0 ch\u00eca kh\u00f3a th\u00e0nh c\u00f4ng c\u1ee7a ch\u00fang t\u00f4i.<\/p>\n\n\n\n<h6 class=\"wp-block-heading\"><strong><strong>\u0110\u1ed5i m\u1edbi nh\u01b0 m\u1ed9t \u0111\u1ed9ng l\u1ef1c cho s\u1ef1 ph\u00e1t tri\u1ec3n trong t\u01b0\u01a1ng lai c\u1ee7a ch\u00fang t\u00f4i.<\/strong><\/strong><\/h6>\n\n\n\n<p>\u0110\u1ed5i m\u1edbi l\u00e0 m\u1ed9t y\u1ebfu t\u1ed1 thi\u1ebft y\u1ebfu trong v\u0103n h\u00f3a l\u00e0m vi\u1ec7c c\u1ee7a ch\u00fang t\u00f4i. Cho d\u00f9 trong c\u00e1c m\u00f4 h\u00ecnh \u0111\u1ea7y th\u00e1ch th\u1ee9c, \u0111\u00e3 \u0111\u01b0\u1ee3c thi\u1ebft l\u1eadp, k\u1ebft h\u1ee3p c\u00e1c t\u00ednh n\u0103ng \u201cgi\u00e1 tr\u1ecb gia t\u0103ng\u201d cho kh\u00e1ch h\u00e0ng c\u1ee7a ch\u00fang t\u00f4i ho\u1eb7c kh\u00e1m ph\u00e1 c\u00e1c li\u1ec7u ph\u00e1p m\u1edbi v\u00e0 c\u00e1c \u1ee9ng d\u1ee5ng thu\u1ed1c y t\u1ebf, s\u1ef1 ph\u00e1t tri\u1ec3n v\u00e0 t\u0103ng tr\u01b0\u1edfng c\u1ee7a ch\u00fang t\u00f4i l\u00e0 m\u1ed9t ch\u1ee9c n\u0103ng c\u1ee7a kh\u1ea3 n\u0103ng \u0111\u1ed5i m\u1edbi c\u1ee7a ch\u00fang t\u00f4i.<\/p>\n<\/div>\n<\/div>\n\n\n\n<div style=\"height:50px\" aria-hidden=\"true\" class=\"wp-block-spacer\"><\/div>\n<\/div><\/div>\n\n\n\n<div style=\"height:50px\" aria-hidden=\"true\" class=\"wp-block-spacer\"><\/div>\n\n\n\n<h2 class=\"is-style-section-title wp-block-heading\" id=\"Umwelt\">M\u00f4i tr\u01b0\u1eddng.<\/h2>\n\n\n\n<div class=\"wp-block-columns is-layout-flex wp-container-core-columns-is-layout-9d6595d7 wp-block-columns-is-layout-flex\">\n<div class=\"wp-block-column is-layout-flow wp-block-column-is-layout-flow\" style=\"flex-basis:50%\">\n<p>T\u00ednh b\u1ec1n v\u1eefng \u0111\u01b0\u1ee3c g\u1eafn li\u1ec1n v\u1edbi v\u0103n h\u00f3a c\u1ee7a EVER Pharma, ch\u00fang t\u00f4i \u00e1p d\u1ee5ng c\u00e1c ti\u00eau chu\u1ea9n cao nh\u1ea5t \u0111\u1ec3 gi\u1ea3m t\u00e1c \u0111\u1ed9ng \u0111\u1ebfn m\u00f4i tr\u01b0\u1eddng. Ch\u00fang t\u00f4i c\u0169ng \u0111\u1ea3m b\u1ea3o r\u1eb1ng c\u00e1c c\u01a1 s\u1edf s\u1ea3n xu\u1ea5t c\u1ee7a ch\u00fang t\u00f4i \u0111\u00e1p \u1ee9ng c\u00e1c y\u00eau c\u1ea7u c\u1ee7a c\u00e1c ti\u00eau chu\u1ea9n qu\u1ea3n l\u00fd m\u00f4i tr\u01b0\u1eddng hi\u1ec7n \u0111\u1ea1i.<\/p>\n<\/div>\n\n\n\n<div class=\"wp-block-column is-layout-flow wp-block-column-is-layout-flow\" style=\"flex-basis:50%\">\n<div class=\"wp-block-group alignwide\"><div class=\"wp-block-group__inner-container is-layout-flow wp-block-group-is-layout-flow\">\n<figure class=\"wp-block-image size-large is-style-default\"><img decoding=\"async\" src=\"https:\/\/www.everpharma.com\/wp-content\/uploads\/2021\/02\/EVER_09-1024x682.jpg\" alt=\"\" class=\"wp-image-105\" \/><\/figure>\n<\/div><\/div>\n<\/div>\n<\/div>\n\n\n\n<div style=\"height:100px\" aria-hidden=\"true\" class=\"wp-block-spacer\"><\/div>\n","protected":false},"excerpt":{"rendered":"<p>Tr\u00e1ch nhi\u1ec7m c\u1ee7a ch\u00fang t\u00f4i. Ch\u00fang t\u00f4i l\u00e0m vi\u1ec7c v\u00ec l\u1ee3i \u00edch l\u1edbn nh\u1ea5t c\u1ee7a con ng\u01b0\u1eddi &#8211; s\u1ee9c kh\u1ecfe c\u1ee7a b\u1ea1n! S\u1ee9c kh\u1ecfe c\u1ee7a b\u1ec7nh nh\u00e2n l\u00e0 tr\u1ecdng t\u00e2m c\u1ee7a m\u1ecdi vi\u1ec7c ch\u00fang t\u00f4i l\u00e0m. Th\u00f4ng qua \u0111\u1ed5i m\u1edbi, t\u1eadp trung v\u00e0 tinh th\u1ea7n kinh doanh, ch\u00fang t\u00f4i mang \u0111\u1ebfn th\u1ecb tr\u01b0\u1eddng c\u00e1c gi\u1ea3i &hellip; <a href=\"https:\/\/www.everpharma.com\/vnm\/54-2\/\">Continued<\/a><\/p>\n","protected":false},"author":2,"featured_media":0,"parent":0,"menu_order":6,"comment_status":"closed","ping_status":"closed","template":"","meta":{"footnotes":""},"class_list":["post-54","page","type-page","status-publish","hentry"],"yoast_head":"<!-- This site is optimized with the Yoast SEO plugin v27.4 - https:\/\/yoast.com\/product\/yoast-seo-wordpress\/ -->\n<title>Cam k\u1ebft - EVER Pharma Viet Nam<\/title>\n<meta name=\"robots\" content=\"index, follow, max-snippet:-1, max-image-preview:large, max-video-preview:-1\" \/>\n<link rel=\"canonical\" href=\"https:\/\/www.everpharma.com\/vnm\/54-2\/\" \/>\n<meta property=\"og:locale\" content=\"vi_VN\" \/>\n<meta property=\"og:type\" content=\"article\" \/>\n<meta property=\"og:title\" content=\"Cam k\u1ebft - EVER Pharma Viet Nam\" \/>\n<meta property=\"og:description\" content=\"Tr\u00e1ch nhi\u1ec7m c\u1ee7a ch\u00fang t\u00f4i. Ch\u00fang t\u00f4i l\u00e0m vi\u1ec7c v\u00ec l\u1ee3i \u00edch l\u1edbn nh\u1ea5t c\u1ee7a con ng\u01b0\u1eddi &#8211; s\u1ee9c kh\u1ecfe c\u1ee7a b\u1ea1n! S\u1ee9c kh\u1ecfe c\u1ee7a b\u1ec7nh nh\u00e2n l\u00e0 tr\u1ecdng t\u00e2m c\u1ee7a m\u1ecdi vi\u1ec7c ch\u00fang t\u00f4i l\u00e0m. Th\u00f4ng qua \u0111\u1ed5i m\u1edbi, t\u1eadp trung v\u00e0 tinh th\u1ea7n kinh doanh, ch\u00fang t\u00f4i mang \u0111\u1ebfn th\u1ecb tr\u01b0\u1eddng c\u00e1c gi\u1ea3i &hellip; Continued\" \/>\n<meta property=\"og:url\" content=\"https:\/\/www.everpharma.com\/vnm\/54-2\/\" \/>\n<meta property=\"og:site_name\" content=\"EVER Pharma Viet Nam\" \/>\n<meta property=\"article:modified_time\" content=\"2021-06-14T07:39:58+00:00\" \/>\n<meta property=\"og:image\" content=\"https:\/\/www.everpharma.com\/wp-content\/uploads\/2021\/02\/ET2B1567.jpg\" \/>\n<meta name=\"twitter:card\" content=\"summary_large_image\" \/>\n<meta name=\"twitter:label1\" content=\"Est. reading time\" \/>\n\t<meta name=\"twitter:data1\" content=\"4 minutes\" \/>\n<script type=\"application\/ld+json\" class=\"yoast-schema-graph\">{\"@context\":\"https:\\\/\\\/schema.org\",\"@graph\":[{\"@type\":\"WebPage\",\"@id\":\"https:\\\/\\\/www.everpharma.com\\\/vnm\\\/54-2\\\/\",\"url\":\"https:\\\/\\\/www.everpharma.com\\\/vnm\\\/54-2\\\/\",\"name\":\"Cam k\u1ebft - EVER Pharma Viet Nam\",\"isPartOf\":{\"@id\":\"https:\\\/\\\/www.everpharma.com\\\/vnm\\\/#website\"},\"primaryImageOfPage\":{\"@id\":\"https:\\\/\\\/www.everpharma.com\\\/vnm\\\/54-2\\\/#primaryimage\"},\"image\":{\"@id\":\"https:\\\/\\\/www.everpharma.com\\\/vnm\\\/54-2\\\/#primaryimage\"},\"thumbnailUrl\":\"https:\\\/\\\/www.everpharma.com\\\/wp-content\\\/uploads\\\/2021\\\/02\\\/ET2B1567.jpg\",\"datePublished\":\"2021-06-01T11:01:30+00:00\",\"dateModified\":\"2021-06-14T07:39:58+00:00\",\"breadcrumb\":{\"@id\":\"https:\\\/\\\/www.everpharma.com\\\/vnm\\\/54-2\\\/#breadcrumb\"},\"inLanguage\":\"vi-VN\",\"potentialAction\":[{\"@type\":\"ReadAction\",\"target\":[\"https:\\\/\\\/www.everpharma.com\\\/vnm\\\/54-2\\\/\"]}]},{\"@type\":\"ImageObject\",\"inLanguage\":\"vi-VN\",\"@id\":\"https:\\\/\\\/www.everpharma.com\\\/vnm\\\/54-2\\\/#primaryimage\",\"url\":\"https:\\\/\\\/www.everpharma.com\\\/wp-content\\\/uploads\\\/2021\\\/02\\\/ET2B1567.jpg\",\"contentUrl\":\"https:\\\/\\\/www.everpharma.com\\\/wp-content\\\/uploads\\\/2021\\\/02\\\/ET2B1567.jpg\"},{\"@type\":\"BreadcrumbList\",\"@id\":\"https:\\\/\\\/www.everpharma.com\\\/vnm\\\/54-2\\\/#breadcrumb\",\"itemListElement\":[{\"@type\":\"ListItem\",\"position\":1,\"name\":\"Startseite\",\"item\":\"https:\\\/\\\/www.everpharma.com\\\/vnm\\\/\"},{\"@type\":\"ListItem\",\"position\":2,\"name\":\"Cam k\u1ebft\"}]},{\"@type\":\"WebSite\",\"@id\":\"https:\\\/\\\/www.everpharma.com\\\/vnm\\\/#website\",\"url\":\"https:\\\/\\\/www.everpharma.com\\\/vnm\\\/\",\"name\":\"EVER Pharma Viet Nam\",\"description\":\"Dedicated to Health.\",\"potentialAction\":[{\"@type\":\"SearchAction\",\"target\":{\"@type\":\"EntryPoint\",\"urlTemplate\":\"https:\\\/\\\/www.everpharma.com\\\/vnm\\\/?s={search_term_string}\"},\"query-input\":{\"@type\":\"PropertyValueSpecification\",\"valueRequired\":true,\"valueName\":\"search_term_string\"}}],\"inLanguage\":\"vi-VN\"}]}<\/script>\n<!-- \/ Yoast SEO plugin. -->","yoast_head_json":{"title":"Cam k\u1ebft - EVER Pharma Viet Nam","robots":{"index":"index","follow":"follow","max-snippet":"max-snippet:-1","max-image-preview":"max-image-preview:large","max-video-preview":"max-video-preview:-1"},"canonical":"https:\/\/www.everpharma.com\/vnm\/54-2\/","og_locale":"vi_VN","og_type":"article","og_title":"Cam k\u1ebft - EVER Pharma Viet Nam","og_description":"Tr\u00e1ch nhi\u1ec7m c\u1ee7a ch\u00fang t\u00f4i. Ch\u00fang t\u00f4i l\u00e0m vi\u1ec7c v\u00ec l\u1ee3i \u00edch l\u1edbn nh\u1ea5t c\u1ee7a con ng\u01b0\u1eddi &#8211; s\u1ee9c kh\u1ecfe c\u1ee7a b\u1ea1n! S\u1ee9c kh\u1ecfe c\u1ee7a b\u1ec7nh nh\u00e2n l\u00e0 tr\u1ecdng t\u00e2m c\u1ee7a m\u1ecdi vi\u1ec7c ch\u00fang t\u00f4i l\u00e0m. Th\u00f4ng qua \u0111\u1ed5i m\u1edbi, t\u1eadp trung v\u00e0 tinh th\u1ea7n kinh doanh, ch\u00fang t\u00f4i mang \u0111\u1ebfn th\u1ecb tr\u01b0\u1eddng c\u00e1c gi\u1ea3i &hellip; Continued","og_url":"https:\/\/www.everpharma.com\/vnm\/54-2\/","og_site_name":"EVER Pharma Viet Nam","article_modified_time":"2021-06-14T07:39:58+00:00","og_image":[{"url":"https:\/\/www.everpharma.com\/wp-content\/uploads\/2021\/02\/ET2B1567.jpg","type":"","width":"","height":""}],"twitter_card":"summary_large_image","twitter_misc":{"Est. reading time":"4 minutes"},"schema":{"@context":"https:\/\/schema.org","@graph":[{"@type":"WebPage","@id":"https:\/\/www.everpharma.com\/vnm\/54-2\/","url":"https:\/\/www.everpharma.com\/vnm\/54-2\/","name":"Cam k\u1ebft - EVER Pharma Viet Nam","isPartOf":{"@id":"https:\/\/www.everpharma.com\/vnm\/#website"},"primaryImageOfPage":{"@id":"https:\/\/www.everpharma.com\/vnm\/54-2\/#primaryimage"},"image":{"@id":"https:\/\/www.everpharma.com\/vnm\/54-2\/#primaryimage"},"thumbnailUrl":"https:\/\/www.everpharma.com\/wp-content\/uploads\/2021\/02\/ET2B1567.jpg","datePublished":"2021-06-01T11:01:30+00:00","dateModified":"2021-06-14T07:39:58+00:00","breadcrumb":{"@id":"https:\/\/www.everpharma.com\/vnm\/54-2\/#breadcrumb"},"inLanguage":"vi-VN","potentialAction":[{"@type":"ReadAction","target":["https:\/\/www.everpharma.com\/vnm\/54-2\/"]}]},{"@type":"ImageObject","inLanguage":"vi-VN","@id":"https:\/\/www.everpharma.com\/vnm\/54-2\/#primaryimage","url":"https:\/\/www.everpharma.com\/wp-content\/uploads\/2021\/02\/ET2B1567.jpg","contentUrl":"https:\/\/www.everpharma.com\/wp-content\/uploads\/2021\/02\/ET2B1567.jpg"},{"@type":"BreadcrumbList","@id":"https:\/\/www.everpharma.com\/vnm\/54-2\/#breadcrumb","itemListElement":[{"@type":"ListItem","position":1,"name":"Startseite","item":"https:\/\/www.everpharma.com\/vnm\/"},{"@type":"ListItem","position":2,"name":"Cam k\u1ebft"}]},{"@type":"WebSite","@id":"https:\/\/www.everpharma.com\/vnm\/#website","url":"https:\/\/www.everpharma.com\/vnm\/","name":"EVER Pharma Viet Nam","description":"Dedicated to Health.","potentialAction":[{"@type":"SearchAction","target":{"@type":"EntryPoint","urlTemplate":"https:\/\/www.everpharma.com\/vnm\/?s={search_term_string}"},"query-input":{"@type":"PropertyValueSpecification","valueRequired":true,"valueName":"search_term_string"}}],"inLanguage":"vi-VN"}]}},"_links":{"self":[{"href":"https:\/\/www.everpharma.com\/vnm\/wp-json\/wp\/v2\/pages\/54","targetHints":{"allow":["GET"]}}],"collection":[{"href":"https:\/\/www.everpharma.com\/vnm\/wp-json\/wp\/v2\/pages"}],"about":[{"href":"https:\/\/www.everpharma.com\/vnm\/wp-json\/wp\/v2\/types\/page"}],"author":[{"embeddable":true,"href":"https:\/\/www.everpharma.com\/vnm\/wp-json\/wp\/v2\/users\/2"}],"replies":[{"embeddable":true,"href":"https:\/\/www.everpharma.com\/vnm\/wp-json\/wp\/v2\/comments?post=54"}],"version-history":[{"count":2,"href":"https:\/\/www.everpharma.com\/vnm\/wp-json\/wp\/v2\/pages\/54\/revisions"}],"predecessor-version":[{"id":57,"href":"https:\/\/www.everpharma.com\/vnm\/wp-json\/wp\/v2\/pages\/54\/revisions\/57"}],"wp:attachment":[{"href":"https:\/\/www.everpharma.com\/vnm\/wp-json\/wp\/v2\/media?parent=54"}],"curies":[{"name":"wp","href":"https:\/\/api.w.org\/{rel}","templated":true}]}}