{"id":297,"date":"2021-06-16T10:56:54","date_gmt":"2021-06-16T08:56:54","guid":{"rendered":"https:\/\/www.everpharma.com\/vnm\/?page_id=297"},"modified":"2021-09-05T22:54:47","modified_gmt":"2021-09-05T15:54:47","slug":"tiep-xuc","status":"publish","type":"page","link":"https:\/\/www.everpharma.com\/vnm\/tiep-xuc\/","title":{"rendered":"Ti\u1ebfp x\u00fac"},"content":{"rendered":"\n<h2 class=\"is-style-page-title wp-block-heading\">H\u00e3y li\u00ean l\u1ea1c.<\/h2>\n\n\n\n<div style=\"height:10px\" aria-hidden=\"true\" class=\"wp-block-spacer\"><\/div>\n\n\n\n<div class=\"wp-block-columns is-layout-flex wp-container-core-columns-is-layout-9d6595d7 wp-block-columns-is-layout-flex\">\n<div class=\"wp-block-column is-layout-flow wp-block-column-is-layout-flow\" style=\"flex-basis:50%\">\n<p>N\u1ebfu b\u1ea1n c\u00f3 b\u1ea5t k\u1ef3 c\u00e2u h\u1ecfi n\u00e0o v\u1ec1 kinh doanh, quan h\u1ec7 \u0111\u1ed1i t\u00e1c, s\u1ea3n ph\u1ea9m c\u1ee7a ch\u00fang t\u00f4i ho\u1eb7c y\u00eau c\u1ea7u chung, vui l\u00f2ng li\u00ean h\u1ec7 v\u1edbi ch\u00fang t\u00f4i.<\/p>\n<\/div>\n\n\n\n<div class=\"wp-block-column is-layout-flow wp-block-column-is-layout-flow\" style=\"flex-basis:50%\">\n<p>S\u1ef1 an to\u00e0n c\u1ee7a thu\u1ed1c l\u00e0 quan tr\u1ecdng \u0111\u1ed1i v\u1edbi ch\u00fang t\u00f4i! N\u1ebfu b\u1ea1n mu\u1ed1n b\u00e1o c\u00e1o ph\u1ea3n \u1ee9ng ph\u1ee5, vui l\u00f2ng li\u00ean h\u1ec7: drugafety@everpharma.com<\/p>\n<\/div>\n<\/div>\n\n\n\n<div style=\"height:10px\" aria-hidden=\"true\" class=\"wp-block-spacer\"><\/div>\n\n\n\n<div class=\"wp-block-columns is-layout-flex wp-container-core-columns-is-layout-9d6595d7 wp-block-columns-is-layout-flex\">\n<div class=\"wp-block-column is-layout-flow wp-block-column-is-layout-flow\">\n<div class=\"wp-block-group is-style-card has-theme-white-color has-theme-red-background-color has-text-color has-background\"><div class=\"wp-block-group__inner-container is-layout-flow wp-block-group-is-layout-flow\">\n<h4 class=\"wp-block-heading\">EVER Vietnam<\/h4>\n\n\n\n<p><em>Ph\u00e2n b\u1ed5<\/em><\/p>\n\n\n\n<p><strong><strong>Ever Neuro Pharma &#8211; VP\u0110D t\u1ea1i Vi\u1ec7t Nam<\/strong><br><\/strong>18 Tr\u1ea7n H\u01b0ng \u0110\u1ea1o, Ho\u00e0n Ki\u1ebfm, H\u00e0 N\u1ed9i<br>79 Quang Trung, H\u1ea3i Ch\u00e2u, \u0110\u00e0 N\u1eb5ng<br>201-203 CMT8, Qu\u1eadn 3, TP. H\u1ed3 Ch\u00ed Minh<br><\/p>\n\n\n\n<p>Tel.:&nbsp;04 38251243<br>Email:&nbsp;contact@everpharma.asia<\/p>\n<\/div><\/div>\n<\/div>\n\n\n\n<div class=\"wp-block-column is-layout-flow wp-block-column-is-layout-flow\"><\/div>\n<\/div>\n\n\n\n<div style=\"height:100px\" aria-hidden=\"true\" class=\"wp-block-spacer\"><\/div>\n","protected":false},"excerpt":{"rendered":"<p>H\u00e3y li\u00ean l\u1ea1c. N\u1ebfu b\u1ea1n c\u00f3 b\u1ea5t k\u1ef3 c\u00e2u h\u1ecfi n\u00e0o v\u1ec1 kinh doanh, quan h\u1ec7 \u0111\u1ed1i t\u00e1c, s\u1ea3n ph\u1ea9m c\u1ee7a ch\u00fang t\u00f4i ho\u1eb7c y\u00eau c\u1ea7u chung, vui l\u00f2ng li\u00ean h\u1ec7 v\u1edbi ch\u00fang t\u00f4i. S\u1ef1 an to\u00e0n c\u1ee7a thu\u1ed1c l\u00e0 quan tr\u1ecdng \u0111\u1ed1i v\u1edbi ch\u00fang t\u00f4i! N\u1ebfu b\u1ea1n mu\u1ed1n b\u00e1o c\u00e1o ph\u1ea3n \u1ee9ng ph\u1ee5, vui &hellip; <a href=\"https:\/\/www.everpharma.com\/vnm\/tiep-xuc\/\">Continued<\/a><\/p>\n","protected":false},"author":2,"featured_media":0,"parent":0,"menu_order":26,"comment_status":"closed","ping_status":"closed","template":"","meta":{"footnotes":""},"class_list":["post-297","page","type-page","status-publish","hentry"],"yoast_head":"<!-- This site is optimized with the Yoast SEO plugin v27.0 - https:\/\/yoast.com\/product\/yoast-seo-wordpress\/ -->\n<title>Ti\u1ebfp x\u00fac - EVER Pharma Viet Nam<\/title>\n<meta name=\"robots\" content=\"index, follow, max-snippet:-1, max-image-preview:large, max-video-preview:-1\" \/>\n<link rel=\"canonical\" href=\"https:\/\/www.everpharma.com\/vnm\/tiep-xuc\/\" \/>\n<meta property=\"og:locale\" content=\"vi_VN\" \/>\n<meta property=\"og:type\" content=\"article\" \/>\n<meta property=\"og:title\" content=\"Ti\u1ebfp x\u00fac - EVER Pharma Viet Nam\" \/>\n<meta property=\"og:description\" content=\"H\u00e3y li\u00ean l\u1ea1c. N\u1ebfu b\u1ea1n c\u00f3 b\u1ea5t k\u1ef3 c\u00e2u h\u1ecfi n\u00e0o v\u1ec1 kinh doanh, quan h\u1ec7 \u0111\u1ed1i t\u00e1c, s\u1ea3n ph\u1ea9m c\u1ee7a ch\u00fang t\u00f4i ho\u1eb7c y\u00eau c\u1ea7u chung, vui l\u00f2ng li\u00ean h\u1ec7 v\u1edbi ch\u00fang t\u00f4i. S\u1ef1 an to\u00e0n c\u1ee7a thu\u1ed1c l\u00e0 quan tr\u1ecdng \u0111\u1ed1i v\u1edbi ch\u00fang t\u00f4i! N\u1ebfu b\u1ea1n mu\u1ed1n b\u00e1o c\u00e1o ph\u1ea3n \u1ee9ng ph\u1ee5, vui &hellip; Continued\" \/>\n<meta property=\"og:url\" content=\"https:\/\/www.everpharma.com\/vnm\/tiep-xuc\/\" \/>\n<meta property=\"og:site_name\" content=\"EVER Pharma Viet Nam\" \/>\n<meta property=\"article:modified_time\" content=\"2021-09-05T15:54:47+00:00\" \/>\n<meta name=\"twitter:card\" content=\"summary_large_image\" \/>\n<meta name=\"twitter:label1\" content=\"Est. reading time\" \/>\n\t<meta name=\"twitter:data1\" content=\"1 minute\" \/>\n<script type=\"application\/ld+json\" class=\"yoast-schema-graph\">{\"@context\":\"https:\/\/schema.org\",\"@graph\":[{\"@type\":\"WebPage\",\"@id\":\"https:\/\/www.everpharma.com\/vnm\/tiep-xuc\/\",\"url\":\"https:\/\/www.everpharma.com\/vnm\/tiep-xuc\/\",\"name\":\"Ti\u1ebfp x\u00fac - EVER Pharma Viet Nam\",\"isPartOf\":{\"@id\":\"https:\/\/www.everpharma.com\/vnm\/#website\"},\"datePublished\":\"2021-06-16T08:56:54+00:00\",\"dateModified\":\"2021-09-05T15:54:47+00:00\",\"breadcrumb\":{\"@id\":\"https:\/\/www.everpharma.com\/vnm\/tiep-xuc\/#breadcrumb\"},\"inLanguage\":\"vi-VN\",\"potentialAction\":[{\"@type\":\"ReadAction\",\"target\":[\"https:\/\/www.everpharma.com\/vnm\/tiep-xuc\/\"]}]},{\"@type\":\"BreadcrumbList\",\"@id\":\"https:\/\/www.everpharma.com\/vnm\/tiep-xuc\/#breadcrumb\",\"itemListElement\":[{\"@type\":\"ListItem\",\"position\":1,\"name\":\"Startseite\",\"item\":\"https:\/\/www.everpharma.com\/vnm\/\"},{\"@type\":\"ListItem\",\"position\":2,\"name\":\"Ti\u1ebfp x\u00fac\"}]},{\"@type\":\"WebSite\",\"@id\":\"https:\/\/www.everpharma.com\/vnm\/#website\",\"url\":\"https:\/\/www.everpharma.com\/vnm\/\",\"name\":\"EVER Pharma Viet Nam\",\"description\":\"Dedicated to Health.\",\"potentialAction\":[{\"@type\":\"SearchAction\",\"target\":{\"@type\":\"EntryPoint\",\"urlTemplate\":\"https:\/\/www.everpharma.com\/vnm\/?s={search_term_string}\"},\"query-input\":{\"@type\":\"PropertyValueSpecification\",\"valueRequired\":true,\"valueName\":\"search_term_string\"}}],\"inLanguage\":\"vi-VN\"}]}<\/script>\n<!-- \/ Yoast SEO plugin. -->","yoast_head_json":{"title":"Ti\u1ebfp x\u00fac - EVER Pharma Viet Nam","robots":{"index":"index","follow":"follow","max-snippet":"max-snippet:-1","max-image-preview":"max-image-preview:large","max-video-preview":"max-video-preview:-1"},"canonical":"https:\/\/www.everpharma.com\/vnm\/tiep-xuc\/","og_locale":"vi_VN","og_type":"article","og_title":"Ti\u1ebfp x\u00fac - EVER Pharma Viet Nam","og_description":"H\u00e3y li\u00ean l\u1ea1c. N\u1ebfu b\u1ea1n c\u00f3 b\u1ea5t k\u1ef3 c\u00e2u h\u1ecfi n\u00e0o v\u1ec1 kinh doanh, quan h\u1ec7 \u0111\u1ed1i t\u00e1c, s\u1ea3n ph\u1ea9m c\u1ee7a ch\u00fang t\u00f4i ho\u1eb7c y\u00eau c\u1ea7u chung, vui l\u00f2ng li\u00ean h\u1ec7 v\u1edbi ch\u00fang t\u00f4i. S\u1ef1 an to\u00e0n c\u1ee7a thu\u1ed1c l\u00e0 quan tr\u1ecdng \u0111\u1ed1i v\u1edbi ch\u00fang t\u00f4i! N\u1ebfu b\u1ea1n mu\u1ed1n b\u00e1o c\u00e1o ph\u1ea3n \u1ee9ng ph\u1ee5, vui &hellip; Continued","og_url":"https:\/\/www.everpharma.com\/vnm\/tiep-xuc\/","og_site_name":"EVER Pharma Viet Nam","article_modified_time":"2021-09-05T15:54:47+00:00","twitter_card":"summary_large_image","twitter_misc":{"Est. reading time":"1 minute"},"schema":{"@context":"https:\/\/schema.org","@graph":[{"@type":"WebPage","@id":"https:\/\/www.everpharma.com\/vnm\/tiep-xuc\/","url":"https:\/\/www.everpharma.com\/vnm\/tiep-xuc\/","name":"Ti\u1ebfp x\u00fac - EVER Pharma Viet Nam","isPartOf":{"@id":"https:\/\/www.everpharma.com\/vnm\/#website"},"datePublished":"2021-06-16T08:56:54+00:00","dateModified":"2021-09-05T15:54:47+00:00","breadcrumb":{"@id":"https:\/\/www.everpharma.com\/vnm\/tiep-xuc\/#breadcrumb"},"inLanguage":"vi-VN","potentialAction":[{"@type":"ReadAction","target":["https:\/\/www.everpharma.com\/vnm\/tiep-xuc\/"]}]},{"@type":"BreadcrumbList","@id":"https:\/\/www.everpharma.com\/vnm\/tiep-xuc\/#breadcrumb","itemListElement":[{"@type":"ListItem","position":1,"name":"Startseite","item":"https:\/\/www.everpharma.com\/vnm\/"},{"@type":"ListItem","position":2,"name":"Ti\u1ebfp x\u00fac"}]},{"@type":"WebSite","@id":"https:\/\/www.everpharma.com\/vnm\/#website","url":"https:\/\/www.everpharma.com\/vnm\/","name":"EVER Pharma Viet Nam","description":"Dedicated to Health.","potentialAction":[{"@type":"SearchAction","target":{"@type":"EntryPoint","urlTemplate":"https:\/\/www.everpharma.com\/vnm\/?s={search_term_string}"},"query-input":{"@type":"PropertyValueSpecification","valueRequired":true,"valueName":"search_term_string"}}],"inLanguage":"vi-VN"}]}},"_links":{"self":[{"href":"https:\/\/www.everpharma.com\/vnm\/wp-json\/wp\/v2\/pages\/297","targetHints":{"allow":["GET"]}}],"collection":[{"href":"https:\/\/www.everpharma.com\/vnm\/wp-json\/wp\/v2\/pages"}],"about":[{"href":"https:\/\/www.everpharma.com\/vnm\/wp-json\/wp\/v2\/types\/page"}],"author":[{"embeddable":true,"href":"https:\/\/www.everpharma.com\/vnm\/wp-json\/wp\/v2\/users\/2"}],"replies":[{"embeddable":true,"href":"https:\/\/www.everpharma.com\/vnm\/wp-json\/wp\/v2\/comments?post=297"}],"version-history":[{"count":3,"href":"https:\/\/www.everpharma.com\/vnm\/wp-json\/wp\/v2\/pages\/297\/revisions"}],"predecessor-version":[{"id":329,"href":"https:\/\/www.everpharma.com\/vnm\/wp-json\/wp\/v2\/pages\/297\/revisions\/329"}],"wp:attachment":[{"href":"https:\/\/www.everpharma.com\/vnm\/wp-json\/wp\/v2\/media?parent=297"}],"curies":[{"name":"wp","href":"https:\/\/api.w.org\/{rel}","templated":true}]}}