{"id":172,"date":"2021-06-02T20:45:54","date_gmt":"2021-06-02T18:45:54","guid":{"rendered":"https:\/\/www.everpharma.com\/vnm\/?page_id=172"},"modified":"2021-06-02T20:45:54","modified_gmt":"2021-06-02T18:45:54","slug":"men-gao-do-vi-thuoc-thien-nhien-ki-dieu-cho-benh-mo-mau","status":"publish","type":"page","link":"https:\/\/www.everpharma.com\/vnm\/tin-tuc\/thong-tin-suc-khoe\/men-gao-do-vi-thuoc-thien-nhien-ki-dieu-cho-benh-mo-mau\/","title":{"rendered":"Men g\u1ea1o \u0111\u1ecf: V\u1ecb thu\u1ed1c thi\u00ean nhi\u00ean k\u00ec di\u1ec7u cho b\u1ec7nh m\u1ee1 m\u00e1u"},"content":{"rendered":"\n<h2 class=\"is-style-section-title wp-block-heading\">Men g\u1ea1o \u0111\u1ecf: V\u1ecb thu\u1ed1c thi\u00ean nhi\u00ean k\u00ec di\u1ec7u cho b\u1ec7nh m\u1ee1 m\u00e1u.<\/h2>\n\n\n\n<p>M\u00e1u nhi\u1ec5m m\u1ee1 hay r\u1ed1i lo\u1ea1n m\u1ee1 m\u00e1u l\u00e0 m\u1ed9t c\u0103n b\u1ec7nh ph\u1ed5 bi\u1ebfn t\u1ea1i Vi\u1ec7t Nam v\u00e0 \u0111ang c\u00f3 xu h\u01b0\u1edbng gia t\u0103ng. Ng\u00e0y nay, v\u1edbi s\u1ef1 ph\u00e1t tri\u1ec3n c\u1ee7a khoa h\u1ecdc, con ng\u01b0\u1eddi \u0111\u00e3 t\u00ecm ra nhi\u1ec1u v\u1ecb thu\u1ed1c ngu\u1ed3n g\u1ed1c thi\u00ean nhi\u00ean c\u00f3 t\u00e1c d\u1ee5ng h\u1ed7 tr\u1ee3 \u0111i\u1ec1u tr\u1ecb b\u1ec7nh m\u1ee1 m\u00e1u hi\u1ec7u qu\u1ea3. Trong s\u1ed1 \u0111\u00f3 ph\u1ea3i k\u1ec3 \u0111\u1ebfn men g\u1ea1o \u0111\u1ecf, lo\u1ea1i thu\u1ed1c c\u1ed5 truy\u1ec1n \u0111\u00e3 \u0111\u01b0\u1ee3c s\u1eed d\u1ee5ng \u0111\u1ec3 \u0111i\u1ec1u h\u00f2a m\u1ee1 m\u00e1u t\u1eeb th\u1eddi xa x\u01b0a.<\/p>\n\n\n\n<p>1. Men g\u1ea1o \u0111\u1ecf (Red Yeast Rice, t\u00ean khoa h\u1ecdc l\u00e0 Monascus Purpueus), ch\u00ednh l\u00e0 ch\u1ea5t \u0111\u01b0\u1ee3c chi\u1ebft xu\u1ea5t t\u1eeb g\u1ea1o l\u1ee9t \u0111\u1ecf l\u00ean men. T\u1eeb th\u1eddi xa x\u01b0a, v\u1ecb thu\u1ed1c c\u1ed5 truy\u1ec1n n\u00e0y \u0111\u00e3 \u0111\u01b0\u1ee3c nhi\u1ec1u qu\u1ed1c gia ch\u00e2u \u00c1 s\u1eed d\u1ee5ng \u0111\u1ec3 c\u1ea3i thi\u1ec7n tu\u1ea7n ho\u00e0n m\u00e1u v\u00e0 h\u1ed7 tr\u1ee3 ti\u00eau h\u00f3a. Ng\u00e0y nay, qua nhi\u1ec1u c\u00f4ng tr\u00ecnh nghi\u00ean c\u1ee9u, c\u00e1c nh\u00e0 khoa h\u1ecdc \u0111\u00e3 ch\u1ee9ng minh, ngo\u00e0i c\u00e1c c\u00f4ng d\u1ee5ng \u0111\u00e3 bi\u1ebft, men g\u1ea1o \u0111\u1ecf \u0111\u1eb7c bi\u1ec7t h\u1eefu \u00edch trong vi\u1ec7c \u0111i\u1ec1u h\u00f2a m\u1ee1 m\u00e1u v\u00e0 k\u00ecm h\u00e3m s\u1ef1 t\u1ed5ng h\u1ee3p cholesterol x\u1ea5u.<\/p>\n\n\n\n<div class=\"wp-block-image\"><figure class=\"aligncenter size-large is-resized\"><img loading=\"lazy\" decoding=\"async\" src=\"https:\/\/everpharma.vn\/upload\/images\/red-rice-500x500.jpg\" alt=\"\" width=\"309\" height=\"309\" \/><\/figure><\/div>\n\n\n\n<p>Theo m\u1ed9t cu\u1ed9c nghi\u00ean c\u1ee9u do \u0110\u1ea1i h\u1ecdc Y khoa UCLA (M\u1ef9) ti\u1ebfn h\u00e0nh tr\u00ean 83 ng\u01b0\u1eddi c\u00f3 m\u1ee9c cholesterol cao, u\u1ed1ng m\u1ed9t li\u1ec1u l\u01b0\u1ee3ng 2,4 gram men g\u1ea1o \u0111\u1ecf m\u1ed7i ng\u00e0y trong 12 tu\u1ea7n v\u00e0 tu\u00e2n th\u1ee7 m\u1ed9t ch\u1ebf \u0111\u1ed9 \u0103n v\u1edbi l\u01b0\u1ee3ng ch\u1ea5t b\u00e9o kh\u00f4ng qu\u00e1 30%. Qua theo d\u00f5i, \u1edf nh\u1eefng ng\u01b0\u1eddi tham gia nghi\u00ean c\u1ee9u \u0111\u00e3 gi\u1ea3m \u0111\u00e1ng k\u1ec3 t\u1ed5ng l\u01b0\u1ee3ng cholesterol c\u1ee7a c\u01a1 th\u1ec3 n\u00f3i chung, k\u1ec3 c\u1ea3 m\u1ee9c cholesterol x\u1ea5u LDL v\u00e0 triglyceride.<\/p>\n\n\n\n<p>2. C\u00e1c nh\u00e0 khoa h\u1ecdc \u0111\u00e3 ph\u00e1t hi\u1ec7n ra r\u1eb1ng, men g\u1ea1o \u0111\u1ecf c\u00f3 t\u00e1c d\u1ee5ng th\u1ea7n k\u00ec trong vi\u1ec7c l\u00e0m gi\u1ea3m l\u01b0\u1ee3ng cholesterol x\u1ea5u trong m\u00e1u. L\u00ed do l\u00e0 v\u00ec trong men g\u1ea1o \u0111\u1ecf c\u00f3 ch\u1ee9a c\u00e1c h\u1ee3p ch\u1ea5t monacolins t\u1ef1 nhi\u00ean, \u0111\u1eb7c bi\u1ec7t l\u00e0 monacolins nh\u00f3m K c\u00f3 t\u00e1c d\u1ee5ng ng\u0103n ch\u1eb7n s\u1ef1 s\u1ea3n sinh HMG-CoA, m\u1ed9t lo\u1ea1i enzyme l\u00e0m th\u00fac \u0111\u1ea9y qu\u00e1 tr\u00ecnh t\u1ea1o cholesterol.<\/p>\n\n\n\n<p>\u0110i\u1ec1u \u0111\u00e1ng n\u00f3i l\u00e0 d\u00f9ng men g\u1ea1o \u0111\u1ecf c\u00f3 th\u1ec3 tr\u00e1nh \u0111\u01b0\u1ee3c tri\u1ec7u ch\u1ee9ng ph\u1ed5 bi\u1ebfn c\u1ee7a c\u00e1c thu\u1ed1c \u0111i\u1ec1u tr\u1ecb m\u1ee1 m\u00e1u thu\u1ed9c nh\u00f3m statins, \u0111\u00f3 l\u00e0 ch\u1ee9ng nh\u01b0\u1ee3c c\u01a1. M\u1ed9t cu\u1ed9c nghi\u00ean c\u1ee9u do T\u1ea1p ch\u00ed Y khoa American Journal of Cardiology ti\u1ebfn h\u00e0nh ng\u1eabu nhi\u00ean tr\u00ean 60 b\u1ec7nh nh\u00e2n ng\u1eabu nhi\u00ean c\u00f3 m\u1ee9c cholesterol cao cho th\u1ea5y: sau 4 tu\u1ea7n, nh\u1eefng ng\u01b0\u1eddi ch\u1ec9 s\u1eed d\u1ee5ng \u0111\u01a1n thu\u1ea7n thu\u1ed1c statins c\u00f3 t\u1ec9 l\u1ec7 nh\u01b0\u1ee3c c\u01a1 cao h\u01a1n h\u1eb3n so v\u1edbi nh\u00f3m ch\u1ec9 u\u1ed1ng men g\u1ea1o \u0111\u1ecf ho\u1eb7c c\u00f3 k\u1ebft h\u1ee3p d\u00f9ng statins v\u00e0 men g\u1ea1o \u0111\u1ecf. Khi men g\u1ea1o \u0111\u1ecf \u0111\u01b0\u1ee3c k\u1ebft h\u1ee3p v\u1edbi Coenzyme Q10 nh\u01b0 trong ch\u1ebf ph\u1ea9m Armolipid PLUS th\u00ec hi\u1ec7u qu\u1ea3 ch\u1ed1ng nh\u01b0\u1ee3c c\u01a1, ch\u1ed1ng m\u1ecfi m\u1ec7t c\u00f2n t\u0103ng l\u00ean r\u00f5 r\u1ec7t.<\/p>\n\n\n\n<p>3. Men g\u1ea1o \u0111\u1ecf c\u00f2n c\u00f3 t\u00e1c d\u1ee5ng h\u1ed7 tr\u1ee3 t\u00edch c\u1ef1c trong vi\u1ec7c h\u1ea1n ch\u1ebf b\u00e9o ph\u00ec, m\u1ed9t t\u00ecnh tr\u1ea1ng ph\u1ed5 bi\u1ebfn \u1edf c\u00e1c b\u1ec7nh nh\u00e2n b\u1ecb m\u1ee1 m\u00e1u cao. Cu\u1ed9c nghi\u00ean c\u1ee9u n\u0103m 2015 do T\u1ea1p ch\u00ed Journal of Medicinal Food ti\u1ebfn h\u00e0nh tr\u00ean hai nh\u00f3m: nh\u00f3m c\u00f3 ch\u1ebf \u0111\u1ed9 \u0103n nhi\u1ec1u ch\u1ea5t b\u00e9o m\u00e0 kh\u00f4ng s\u1eed d\u1ee5ng bi\u1ec7n ph\u00e1p h\u1ed7 tr\u1ee3 n\u00e0o, nh\u00f3m \u0103n nhi\u1ec1u ch\u1ea5t b\u00e9o nh\u01b0ng s\u1eed d\u1ee5ng l\u01b0\u1ee3ng men g\u1ea1o \u0111\u1ecf v\u1edbi li\u1ec1u l\u01b0\u1ee3ng 1g trong 8 tu\u1ea7n. K\u1ebft qu\u1ea3 cho th\u1ea5y, nh\u00f3m s\u1eed d\u1ee5ng men g\u1ea1o \u0111\u1ecf kh\u00f4ng c\u00f3 bi\u1ec3u hi\u1ec7n t\u0103ng c\u00e2n nhi\u1ec1u nh\u01b0 hai nh\u00f3m c\u00f2n l\u1ea1i.<\/p>\n\n\n\n<p>4. Nghi\u00ean c\u1ee9u c\u1ee7a T\u1ea1p ch\u00ed World Journal of Cardiology n\u0103m 2012 ch\u1ec9 ra r\u1eb1ng, men g\u1ea1o \u0111\u1ecf c\u00f2n c\u00f3 c\u00f4ng d\u1ee5ng duy tr\u00ec l\u01b0\u1ee3ng \u0111\u01b0\u1eddng m\u00e1u \u1ed5n \u0111\u1ecbnh. Sau 18 tu\u1ea7n s\u1eed d\u1ee5ng men g\u1ea1o<\/p>\n\n\n\n<p>\u0111\u1ecf, c\u00e1c b\u1ec7nh nh\u00e2n ti\u1ec3u \u0111\u01b0\u1eddng tu\u00fdp 2 c\u00f3 d\u1ea5u hi\u1ec7u gi\u1ea3m t\u00ecnh tr\u1ea1ng kh\u00e1ng insulin c\u0169ng nh\u01b0 m\u1ee9c cholesterol to\u00e0n ph\u1ea7n v\u00e0 cholesterol x\u1ea5u LDL.<\/p>\n\n\n\n<p>B\u00ean c\u1ea1nh \u0111\u00f3, c\u00e1c nh\u00e0 khoa h\u1ecdc c\u0169ng c\u00f4ng nh\u1eadn, do c\u00f3 c\u00f4ng d\u1ee5ng h\u1ed7 tr\u1ee3 gi\u1ea3m m\u1ee1 m\u00e1u, men g\u1ea1o \u0111\u1ecf c\u00f2n c\u00f3 t\u00e1c d\u1ee5ng t\u00edch c\u1ef1c trong vi\u1ec7c \u1ed5n \u0111\u1ecbnh huy\u1ebft \u00e1p, gi\u00fap h\u1ec7 tim m\u1ea1ch kh\u1ecfe m\u1ea1nh, ng\u0103n ng\u1eeba \u0111\u1ed9t qu\u1ef5 v\u00e0 nh\u1ed3i m\u00e1u c\u01a1 tim\u2026<\/p>\n\n\n\n<p>5. V\u1edbi c\u00e1c b\u1ec7nh nh\u00e2n b\u1ecb r\u1ed1i lo\u1ea1n m\u1ee1 m\u00e1u, vi\u1ec7c thay \u0111\u1ed5i l\u1ed1i s\u1ed1ng v\u1edbi ch\u1ebf \u0111\u1ed9 \u0103n u\u1ed1ng gi\u1ea3m ch\u1ea5t b\u00e9o v\u00e0 v\u1eadn \u0111\u1ed9ng th\u01b0\u1eddng xuy\u00ean lu\u00f4n l\u00e0 y\u1ebfu t\u1ed1 quan tr\u1ecdng h\u00e0ng \u0111\u1ea7u. B\u00ean c\u1ea1nh \u0111\u00f3, d\u00f9ng k\u1ebft h\u1ee3p c\u00e1c ch\u1ebf ph\u1ea9m c\u00f3 ngu\u1ed3n g\u1ed1c thi\u00ean nhi\u00ean t\u1eeb men g\u1ea1o \u0111\u1ecf nh\u01b0 Armolipid PLUS c\u0169ng l\u00e0 m\u1ed9t trong nh\u1eefng li\u1ec7u ph\u00e1p h\u1eefu hi\u1ec7u, an to\u00e0n \u0111\u1ec3 d\u01b0a c\u00e1c ch\u1ec9 s\u1ed1 cholesterol tr\u1edf v\u1ec1 m\u1ee9c b\u00ecnh th\u01b0\u1eddng. Armolipid PLUS xu\u1ea5t x\u1ee9 t\u1eeb \u00dd c\u00f2n ch\u1ee9a nh\u1eefng th\u00e0nh ph\u1ea7n kh\u00e1c nh\u01b0 s\u00e1p m\u00eda, vi t\u1ea3o l\u1ee5c, c\u00e2y ho\u00e0ng li\u00ean gai \u1ea4n \u0110\u1ed9 v\u00e0 Coenzyme Q10\u2026 gi\u00fap gi\u1ea3m qu\u00e1 tr\u00ecnh oxy h\u00f3a, gi\u1ea3m cholesterol x\u1ea5u LDL-c, triglyceride v\u00e0 t\u0103ng th\u00e0nh ph\u1ea7n cholesterol t\u1ed1t HDL-c.<\/p>\n\n\n\n<div class=\"wp-block-image\"><figure class=\"aligncenter size-large is-resized\"><img loading=\"lazy\" decoding=\"async\" src=\"https:\/\/everpharma.vn\/upload\/images\/00018166-armolipid-plus-rottapharm-20v-8143-5b6b_large.JPG\" alt=\"\" width=\"341\" height=\"341\" \/><\/figure><\/div>\n\n\n\n<p>V\u1edbi li\u1ec1u d\u00f9ng 1 vi\u00ean\/ng\u00e0y k\u1ebft h\u1ee3p v\u1edbi ch\u1ebf \u0111\u1ed9 \u0103n u\u1ed1ng, sinh ho\u1ea1t \u0111i\u1ec1u \u0111\u1ed9, Armolipid PLUS cho th\u1ea5y hi\u1ec7u qu\u1ea3 \u0111i\u1ec1u tr\u1ecb \u0111\u1ed1i v\u1edbi r\u1ed1i lo\u1ea1n m\u1ee1 m\u00e1u, l\u00e0m gi\u1ea3m \u0111\u00e1ng k\u1ec3 nguy c\u01a1 \u0111\u1ed9t qu\u1ef5 b\u1ec7nh tim m\u1ea1ch sau 4 tu\u1ea7n s\u1eed d\u1ee5ng. Nghi\u00ean c\u1ee9u d\u00e0i h\u1ea1n m\u1ed9t n\u0103m cho th\u1ea5y ng\u01b0\u1eddi b\u1ec7nh kh\u00f4ng b\u1ecb \u1ea3nh h\u01b0\u1edfng men gan, men h\u1ee7y c\u01a1, kh\u00f4ng c\u00f3 t\u00e1c d\u1ee5ng ph\u1ee5.<\/p>\n\n\n\n<p><em>*B\u00e0i \u0111\u0103ng tr\u00ean T\u1ea1p ch\u00ed B\u00e1c s\u0129 gia \u0111\u00ecnh th\u00e1ng 12\/2017<\/em><\/p>\n","protected":false},"excerpt":{"rendered":"<p>Men g\u1ea1o \u0111\u1ecf: V\u1ecb thu\u1ed1c thi\u00ean nhi\u00ean k\u00ec di\u1ec7u cho b\u1ec7nh m\u1ee1 m\u00e1u. M\u00e1u nhi\u1ec5m m\u1ee1 hay r\u1ed1i lo\u1ea1n m\u1ee1 m\u00e1u l\u00e0 m\u1ed9t c\u0103n b\u1ec7nh ph\u1ed5 bi\u1ebfn t\u1ea1i Vi\u1ec7t Nam v\u00e0 \u0111ang c\u00f3 xu h\u01b0\u1edbng gia t\u0103ng. Ng\u00e0y nay, v\u1edbi s\u1ef1 ph\u00e1t tri\u1ec3n c\u1ee7a khoa h\u1ecdc, con ng\u01b0\u1eddi \u0111\u00e3 t\u00ecm ra nhi\u1ec1u v\u1ecb thu\u1ed1c ngu\u1ed3n &hellip; <a href=\"https:\/\/www.everpharma.com\/vnm\/tin-tuc\/thong-tin-suc-khoe\/men-gao-do-vi-thuoc-thien-nhien-ki-dieu-cho-benh-mo-mau\/\">Continued<\/a><\/p>\n","protected":false},"author":2,"featured_media":0,"parent":148,"menu_order":0,"comment_status":"closed","ping_status":"closed","template":"","meta":{"footnotes":""},"class_list":["post-172","page","type-page","status-publish","hentry"],"yoast_head":"<!-- This site is optimized with the Yoast SEO plugin v27.4 - https:\/\/yoast.com\/product\/yoast-seo-wordpress\/ -->\n<title>Men g\u1ea1o \u0111\u1ecf: V\u1ecb thu\u1ed1c thi\u00ean nhi\u00ean k\u00ec di\u1ec7u cho b\u1ec7nh m\u1ee1 m\u00e1u - EVER Pharma Viet Nam<\/title>\n<meta name=\"robots\" content=\"index, follow, max-snippet:-1, max-image-preview:large, max-video-preview:-1\" \/>\n<link rel=\"canonical\" href=\"https:\/\/www.everpharma.com\/vnm\/tin-tuc\/thong-tin-suc-khoe\/men-gao-do-vi-thuoc-thien-nhien-ki-dieu-cho-benh-mo-mau\/\" \/>\n<meta property=\"og:locale\" content=\"vi_VN\" \/>\n<meta property=\"og:type\" content=\"article\" \/>\n<meta property=\"og:title\" content=\"Men g\u1ea1o \u0111\u1ecf: V\u1ecb thu\u1ed1c thi\u00ean nhi\u00ean k\u00ec di\u1ec7u cho b\u1ec7nh m\u1ee1 m\u00e1u - EVER Pharma Viet Nam\" \/>\n<meta property=\"og:description\" content=\"Men g\u1ea1o \u0111\u1ecf: V\u1ecb thu\u1ed1c thi\u00ean nhi\u00ean k\u00ec di\u1ec7u cho b\u1ec7nh m\u1ee1 m\u00e1u. M\u00e1u nhi\u1ec5m m\u1ee1 hay r\u1ed1i lo\u1ea1n m\u1ee1 m\u00e1u l\u00e0 m\u1ed9t c\u0103n b\u1ec7nh ph\u1ed5 bi\u1ebfn t\u1ea1i Vi\u1ec7t Nam v\u00e0 \u0111ang c\u00f3 xu h\u01b0\u1edbng gia t\u0103ng. Ng\u00e0y nay, v\u1edbi s\u1ef1 ph\u00e1t tri\u1ec3n c\u1ee7a khoa h\u1ecdc, con ng\u01b0\u1eddi \u0111\u00e3 t\u00ecm ra nhi\u1ec1u v\u1ecb thu\u1ed1c ngu\u1ed3n &hellip; Continued\" \/>\n<meta property=\"og:url\" content=\"https:\/\/www.everpharma.com\/vnm\/tin-tuc\/thong-tin-suc-khoe\/men-gao-do-vi-thuoc-thien-nhien-ki-dieu-cho-benh-mo-mau\/\" \/>\n<meta property=\"og:site_name\" content=\"EVER Pharma Viet Nam\" \/>\n<meta property=\"og:image\" content=\"https:\/\/everpharma.vn\/upload\/images\/red-rice-500x500.jpg\" \/>\n<meta name=\"twitter:card\" content=\"summary_large_image\" \/>\n<meta name=\"twitter:label1\" content=\"Est. reading time\" \/>\n\t<meta name=\"twitter:data1\" content=\"7 minutes\" \/>\n<script type=\"application\/ld+json\" class=\"yoast-schema-graph\">{\"@context\":\"https:\\\/\\\/schema.org\",\"@graph\":[{\"@type\":\"WebPage\",\"@id\":\"https:\\\/\\\/www.everpharma.com\\\/vnm\\\/tin-tuc\\\/thong-tin-suc-khoe\\\/men-gao-do-vi-thuoc-thien-nhien-ki-dieu-cho-benh-mo-mau\\\/\",\"url\":\"https:\\\/\\\/www.everpharma.com\\\/vnm\\\/tin-tuc\\\/thong-tin-suc-khoe\\\/men-gao-do-vi-thuoc-thien-nhien-ki-dieu-cho-benh-mo-mau\\\/\",\"name\":\"Men g\u1ea1o \u0111\u1ecf: V\u1ecb thu\u1ed1c thi\u00ean nhi\u00ean k\u00ec di\u1ec7u cho b\u1ec7nh m\u1ee1 m\u00e1u - EVER Pharma Viet Nam\",\"isPartOf\":{\"@id\":\"https:\\\/\\\/www.everpharma.com\\\/vnm\\\/#website\"},\"primaryImageOfPage\":{\"@id\":\"https:\\\/\\\/www.everpharma.com\\\/vnm\\\/tin-tuc\\\/thong-tin-suc-khoe\\\/men-gao-do-vi-thuoc-thien-nhien-ki-dieu-cho-benh-mo-mau\\\/#primaryimage\"},\"image\":{\"@id\":\"https:\\\/\\\/www.everpharma.com\\\/vnm\\\/tin-tuc\\\/thong-tin-suc-khoe\\\/men-gao-do-vi-thuoc-thien-nhien-ki-dieu-cho-benh-mo-mau\\\/#primaryimage\"},\"thumbnailUrl\":\"https:\\\/\\\/everpharma.vn\\\/upload\\\/images\\\/red-rice-500x500.jpg\",\"datePublished\":\"2021-06-02T18:45:54+00:00\",\"breadcrumb\":{\"@id\":\"https:\\\/\\\/www.everpharma.com\\\/vnm\\\/tin-tuc\\\/thong-tin-suc-khoe\\\/men-gao-do-vi-thuoc-thien-nhien-ki-dieu-cho-benh-mo-mau\\\/#breadcrumb\"},\"inLanguage\":\"vi-VN\",\"potentialAction\":[{\"@type\":\"ReadAction\",\"target\":[\"https:\\\/\\\/www.everpharma.com\\\/vnm\\\/tin-tuc\\\/thong-tin-suc-khoe\\\/men-gao-do-vi-thuoc-thien-nhien-ki-dieu-cho-benh-mo-mau\\\/\"]}]},{\"@type\":\"ImageObject\",\"inLanguage\":\"vi-VN\",\"@id\":\"https:\\\/\\\/www.everpharma.com\\\/vnm\\\/tin-tuc\\\/thong-tin-suc-khoe\\\/men-gao-do-vi-thuoc-thien-nhien-ki-dieu-cho-benh-mo-mau\\\/#primaryimage\",\"url\":\"https:\\\/\\\/everpharma.vn\\\/upload\\\/images\\\/red-rice-500x500.jpg\",\"contentUrl\":\"https:\\\/\\\/everpharma.vn\\\/upload\\\/images\\\/red-rice-500x500.jpg\"},{\"@type\":\"BreadcrumbList\",\"@id\":\"https:\\\/\\\/www.everpharma.com\\\/vnm\\\/tin-tuc\\\/thong-tin-suc-khoe\\\/men-gao-do-vi-thuoc-thien-nhien-ki-dieu-cho-benh-mo-mau\\\/#breadcrumb\",\"itemListElement\":[{\"@type\":\"ListItem\",\"position\":1,\"name\":\"Startseite\",\"item\":\"https:\\\/\\\/www.everpharma.com\\\/vnm\\\/\"},{\"@type\":\"ListItem\",\"position\":2,\"name\":\"Tin t\u1ee9c\",\"item\":\"https:\\\/\\\/www.everpharma.com\\\/vnm\\\/tin-tuc\\\/\"},{\"@type\":\"ListItem\",\"position\":3,\"name\":\"Th\u00f4ng tin s\u1ee9c kho\u1ebb\",\"item\":\"https:\\\/\\\/www.everpharma.com\\\/vnm\\\/tin-tuc\\\/thong-tin-suc-khoe\\\/\"},{\"@type\":\"ListItem\",\"position\":4,\"name\":\"Men g\u1ea1o \u0111\u1ecf: V\u1ecb thu\u1ed1c thi\u00ean nhi\u00ean k\u00ec di\u1ec7u cho b\u1ec7nh m\u1ee1 m\u00e1u\"}]},{\"@type\":\"WebSite\",\"@id\":\"https:\\\/\\\/www.everpharma.com\\\/vnm\\\/#website\",\"url\":\"https:\\\/\\\/www.everpharma.com\\\/vnm\\\/\",\"name\":\"EVER Pharma Viet Nam\",\"description\":\"Dedicated to Health.\",\"potentialAction\":[{\"@type\":\"SearchAction\",\"target\":{\"@type\":\"EntryPoint\",\"urlTemplate\":\"https:\\\/\\\/www.everpharma.com\\\/vnm\\\/?s={search_term_string}\"},\"query-input\":{\"@type\":\"PropertyValueSpecification\",\"valueRequired\":true,\"valueName\":\"search_term_string\"}}],\"inLanguage\":\"vi-VN\"}]}<\/script>\n<!-- \/ Yoast SEO plugin. -->","yoast_head_json":{"title":"Men g\u1ea1o \u0111\u1ecf: V\u1ecb thu\u1ed1c thi\u00ean nhi\u00ean k\u00ec di\u1ec7u cho b\u1ec7nh m\u1ee1 m\u00e1u - EVER Pharma Viet Nam","robots":{"index":"index","follow":"follow","max-snippet":"max-snippet:-1","max-image-preview":"max-image-preview:large","max-video-preview":"max-video-preview:-1"},"canonical":"https:\/\/www.everpharma.com\/vnm\/tin-tuc\/thong-tin-suc-khoe\/men-gao-do-vi-thuoc-thien-nhien-ki-dieu-cho-benh-mo-mau\/","og_locale":"vi_VN","og_type":"article","og_title":"Men g\u1ea1o \u0111\u1ecf: V\u1ecb thu\u1ed1c thi\u00ean nhi\u00ean k\u00ec di\u1ec7u cho b\u1ec7nh m\u1ee1 m\u00e1u - EVER Pharma Viet Nam","og_description":"Men g\u1ea1o \u0111\u1ecf: V\u1ecb thu\u1ed1c thi\u00ean nhi\u00ean k\u00ec di\u1ec7u cho b\u1ec7nh m\u1ee1 m\u00e1u. M\u00e1u nhi\u1ec5m m\u1ee1 hay r\u1ed1i lo\u1ea1n m\u1ee1 m\u00e1u l\u00e0 m\u1ed9t c\u0103n b\u1ec7nh ph\u1ed5 bi\u1ebfn t\u1ea1i Vi\u1ec7t Nam v\u00e0 \u0111ang c\u00f3 xu h\u01b0\u1edbng gia t\u0103ng. Ng\u00e0y nay, v\u1edbi s\u1ef1 ph\u00e1t tri\u1ec3n c\u1ee7a khoa h\u1ecdc, con ng\u01b0\u1eddi \u0111\u00e3 t\u00ecm ra nhi\u1ec1u v\u1ecb thu\u1ed1c ngu\u1ed3n &hellip; Continued","og_url":"https:\/\/www.everpharma.com\/vnm\/tin-tuc\/thong-tin-suc-khoe\/men-gao-do-vi-thuoc-thien-nhien-ki-dieu-cho-benh-mo-mau\/","og_site_name":"EVER Pharma Viet Nam","og_image":[{"url":"https:\/\/everpharma.vn\/upload\/images\/red-rice-500x500.jpg","type":"","width":"","height":""}],"twitter_card":"summary_large_image","twitter_misc":{"Est. reading time":"7 minutes"},"schema":{"@context":"https:\/\/schema.org","@graph":[{"@type":"WebPage","@id":"https:\/\/www.everpharma.com\/vnm\/tin-tuc\/thong-tin-suc-khoe\/men-gao-do-vi-thuoc-thien-nhien-ki-dieu-cho-benh-mo-mau\/","url":"https:\/\/www.everpharma.com\/vnm\/tin-tuc\/thong-tin-suc-khoe\/men-gao-do-vi-thuoc-thien-nhien-ki-dieu-cho-benh-mo-mau\/","name":"Men g\u1ea1o \u0111\u1ecf: V\u1ecb thu\u1ed1c thi\u00ean nhi\u00ean k\u00ec di\u1ec7u cho b\u1ec7nh m\u1ee1 m\u00e1u - EVER Pharma Viet Nam","isPartOf":{"@id":"https:\/\/www.everpharma.com\/vnm\/#website"},"primaryImageOfPage":{"@id":"https:\/\/www.everpharma.com\/vnm\/tin-tuc\/thong-tin-suc-khoe\/men-gao-do-vi-thuoc-thien-nhien-ki-dieu-cho-benh-mo-mau\/#primaryimage"},"image":{"@id":"https:\/\/www.everpharma.com\/vnm\/tin-tuc\/thong-tin-suc-khoe\/men-gao-do-vi-thuoc-thien-nhien-ki-dieu-cho-benh-mo-mau\/#primaryimage"},"thumbnailUrl":"https:\/\/everpharma.vn\/upload\/images\/red-rice-500x500.jpg","datePublished":"2021-06-02T18:45:54+00:00","breadcrumb":{"@id":"https:\/\/www.everpharma.com\/vnm\/tin-tuc\/thong-tin-suc-khoe\/men-gao-do-vi-thuoc-thien-nhien-ki-dieu-cho-benh-mo-mau\/#breadcrumb"},"inLanguage":"vi-VN","potentialAction":[{"@type":"ReadAction","target":["https:\/\/www.everpharma.com\/vnm\/tin-tuc\/thong-tin-suc-khoe\/men-gao-do-vi-thuoc-thien-nhien-ki-dieu-cho-benh-mo-mau\/"]}]},{"@type":"ImageObject","inLanguage":"vi-VN","@id":"https:\/\/www.everpharma.com\/vnm\/tin-tuc\/thong-tin-suc-khoe\/men-gao-do-vi-thuoc-thien-nhien-ki-dieu-cho-benh-mo-mau\/#primaryimage","url":"https:\/\/everpharma.vn\/upload\/images\/red-rice-500x500.jpg","contentUrl":"https:\/\/everpharma.vn\/upload\/images\/red-rice-500x500.jpg"},{"@type":"BreadcrumbList","@id":"https:\/\/www.everpharma.com\/vnm\/tin-tuc\/thong-tin-suc-khoe\/men-gao-do-vi-thuoc-thien-nhien-ki-dieu-cho-benh-mo-mau\/#breadcrumb","itemListElement":[{"@type":"ListItem","position":1,"name":"Startseite","item":"https:\/\/www.everpharma.com\/vnm\/"},{"@type":"ListItem","position":2,"name":"Tin t\u1ee9c","item":"https:\/\/www.everpharma.com\/vnm\/tin-tuc\/"},{"@type":"ListItem","position":3,"name":"Th\u00f4ng tin s\u1ee9c kho\u1ebb","item":"https:\/\/www.everpharma.com\/vnm\/tin-tuc\/thong-tin-suc-khoe\/"},{"@type":"ListItem","position":4,"name":"Men g\u1ea1o \u0111\u1ecf: V\u1ecb thu\u1ed1c thi\u00ean nhi\u00ean k\u00ec di\u1ec7u cho b\u1ec7nh m\u1ee1 m\u00e1u"}]},{"@type":"WebSite","@id":"https:\/\/www.everpharma.com\/vnm\/#website","url":"https:\/\/www.everpharma.com\/vnm\/","name":"EVER Pharma Viet Nam","description":"Dedicated to Health.","potentialAction":[{"@type":"SearchAction","target":{"@type":"EntryPoint","urlTemplate":"https:\/\/www.everpharma.com\/vnm\/?s={search_term_string}"},"query-input":{"@type":"PropertyValueSpecification","valueRequired":true,"valueName":"search_term_string"}}],"inLanguage":"vi-VN"}]}},"_links":{"self":[{"href":"https:\/\/www.everpharma.com\/vnm\/wp-json\/wp\/v2\/pages\/172","targetHints":{"allow":["GET"]}}],"collection":[{"href":"https:\/\/www.everpharma.com\/vnm\/wp-json\/wp\/v2\/pages"}],"about":[{"href":"https:\/\/www.everpharma.com\/vnm\/wp-json\/wp\/v2\/types\/page"}],"author":[{"embeddable":true,"href":"https:\/\/www.everpharma.com\/vnm\/wp-json\/wp\/v2\/users\/2"}],"replies":[{"embeddable":true,"href":"https:\/\/www.everpharma.com\/vnm\/wp-json\/wp\/v2\/comments?post=172"}],"version-history":[{"count":1,"href":"https:\/\/www.everpharma.com\/vnm\/wp-json\/wp\/v2\/pages\/172\/revisions"}],"predecessor-version":[{"id":173,"href":"https:\/\/www.everpharma.com\/vnm\/wp-json\/wp\/v2\/pages\/172\/revisions\/173"}],"up":[{"embeddable":true,"href":"https:\/\/www.everpharma.com\/vnm\/wp-json\/wp\/v2\/pages\/148"}],"wp:attachment":[{"href":"https:\/\/www.everpharma.com\/vnm\/wp-json\/wp\/v2\/media?parent=172"}],"curies":[{"name":"wp","href":"https:\/\/api.w.org\/{rel}","templated":true}]}}