{"id":169,"date":"2021-06-02T20:43:54","date_gmt":"2021-06-02T18:43:54","guid":{"rendered":"https:\/\/www.everpharma.com\/vnm\/?page_id=169"},"modified":"2021-06-02T20:44:03","modified_gmt":"2021-06-02T18:44:03","slug":"nang-cao-suc-de-khang-giai-phap-giup-giam-nguy-co-khang-khang-sinh","status":"publish","type":"page","link":"https:\/\/www.everpharma.com\/vnm\/tin-tuc\/thong-tin-suc-khoe\/nang-cao-suc-de-khang-giai-phap-giup-giam-nguy-co-khang-khang-sinh\/","title":{"rendered":"N\u00e2ng cao s\u1ee9c \u0111\u1ec1 kh\u00e1ng &#8211; Gi\u1ea3i ph\u00e1p gi\u00fap gi\u1ea3m nguy c\u01a1 kh\u00e1ng kh\u00e1ng sinh"},"content":{"rendered":"\n<h2 class=\"is-style-section-title wp-block-heading\">N\u00e2ng cao s\u1ee9c \u0111\u1ec1 kh\u00e1ng &#8211; Gi\u1ea3i ph\u00e1p gi\u00fap gi\u1ea3m nguy c\u01a1 kh\u00e1ng kh\u00e1ng sinh.<\/h2>\n\n\n\n<p>M\u1ed9t th\u1ef1c tr\u1ea1ng \u0111\u00e1ng b\u00e1o \u0111\u1ed9ng hi\u1ec7n nay \u0111\u00f3 l\u00e0 T\u1ed5 ch\u1ee9c Y t\u1ebf Th\u1ebf gi\u1edbi \u0111\u00e3 x\u1ebfp Vi\u1ec7t Nam v\u00e0o nh\u00f3m n\u01b0\u1edbc c\u00f3 t\u1ec9 l\u1ec7 kh\u00e1ng thu\u1ed1c kh\u00e1ng sinh cao nh\u1ea5t th\u1ebf gi\u1edbi. Tuy v\u1eady, nhi\u1ec1u ng\u01b0\u1eddi c\u00f2n v\u1eabn ch\u01b0a th\u1ef1c s\u1ef1 hi\u1ec3u r\u00f5 nh\u1eefng h\u1eadu qu\u1ea3 kh\u00f4n l\u01b0\u1eddng c\u1ee7a t\u00ecnh tr\u1ea1ng kh\u00e1ng kh\u00e1ng sinh v\u00e0 li\u1ec7u r\u1eb1ng c\u00f3 bi\u1ec7n ph\u00e1p n\u00e0o c\u00f3 th\u1ec3 gi\u00fap ng\u0103n ng\u1eeba t\u1eadn g\u1ed1c r\u1ec5 hi\u1ec3m h\u1ecda n\u00e0y?<\/p>\n\n\n\n<h4 class=\"wp-block-heading\">\u0110\u1eebng ch\u1ebft v\u00ec thi\u1ebfu hi\u1ec3u bi\u1ebft<\/h4>\n\n\n\n<p>C\u00f2n nh\u1edb cu\u1ed1i n\u0103m 2016, Natalie Silva \u2013 m\u1ed9t ph\u1ee5 n\u1eef 23 tu\u1ed5i t\u1ea1i bang Texas (M\u1ef9) \u0111\u00e3 ch\u1ebft v\u00ec lo\u1ea1i si\u00eau vi khu\u1ea9n kh\u00e1ng kh\u00e1ng sinh mang t\u00ean MRSA (t\u1ee5 c\u1ea7u v\u00e0ng kh\u00e1ng Methicillin) sau khi sinh con trai \u0111\u1ea7u l\u00f2ng. B\u00e1o ch\u00ed th\u1ebf gi\u1edbi khi \u1ea5y \u0111\u00e3 \u0111\u1ed3ng lo\u1ea1t \u0111\u1ec1 c\u1eadp \u0111\u1ebfn t\u00ecnh tr\u1ea1ng kh\u00e1ng thu\u1ed1c kh\u00e1ng sinh v\u00e0 c\u1ea3nh b\u00e1o nh\u1eefng h\u1eadu qu\u1ea3 kh\u00f4n l\u01b0\u1eddng n\u1ebfu nh\u00e2n lo\u1ea1i ti\u1ebfp t\u1ee5c ch\u1ee7 quan.<\/p>\n\n\n\n<p>Cu\u1ed1i th\u00e1ng 12 v\u1eeba qua, t\u1edd Dailymail (Anh) \u0111\u00e3 \u0111\u01b0a ra b\u1ea3n b\u00e1o c\u00e1o c\u1ee7a T\u1ed5 ch\u1ee9c Y t\u1ebf th\u1ebf gi\u1edbi WHO v\u1edbi t\u00ean g\u1ecdi: \u201cKh\u00e1ng thu\u1ed1c kh\u00e1ng sinh l\u00e0 t\u00ecnh tr\u1ea1ng b\u00e1o \u0111\u1ed9ng to\u00e0n c\u1ea7u\u201d. Theo \u0111\u00f3, h\u1eb1ng n\u0103m, \u01b0\u1edbc t\u00ednh c\u00f3 kho\u1ea3ng 700 ng\u00e0n ng\u01b0\u1eddi tr\u00ean th\u1ebf gi\u1edbi ch\u1ebft v\u00ec nguy\u00ean nh\u00e2n kh\u00e1ng thu\u1ed1c kh\u00e1ng sinh, r\u1ea5t nhi\u1ec1u trong s\u1ed1 \u0111\u00f3 m\u1eafc c\u00e1c b\u1ec7nh l\u00ed vi\u00eam nhi\u1ec5m \u0111\u01b0\u1eddng h\u00f4 h\u1ea5p, \u0111\u1eb7c bi\u1ec7t l\u00e0 vi\u00eam ph\u1ed5i. WHO c\u1ea3nh b\u00e1o, n\u1ebfu c\u00e1c qu\u1ed1c gia kh\u00f4ng k\u1ecbp th\u1eddi h\u00e0nh \u0111\u1ed9ng, v\u1ea5n n\u1ea1n n\u00e0y s\u1ebd l\u1ea5y \u0111i t\u00ednh m\u1ea1ng c\u1ee7a kho\u1ea3ng 10 tri\u1ec7u ng\u01b0\u1eddi t\u1eeb nay \u0111\u1ebfn n\u0103m 2050. Kh\u00e1ng kh\u00e1ng sinh l\u00fac \u0111\u00f3 s\u1ebd tr\u1edf th\u00e0nh m\u1ed9t hi\u1ec3m h\u1ecda kinh kh\u1ee7ng h\u01a1n c\u1ea3 b\u1ec7nh ung th\u01b0.<\/p>\n\n\n\n<p>WHO c\u0169ng x\u1ebfp Vi\u1ec7t Nam v\u00e0o nh\u00f3m c\u00e1c n\u01b0\u1edbc c\u00f3 t\u1ec9 l\u1ec7 kh\u00e1ng kh\u00e1ng sinh cao nh\u1ea5t th\u1ebf gi\u1edbi. Nguy\u00ean nh\u00e2n ch\u00ednh l\u00e0 do vi\u1ec7c l\u1ea1m d\u1ee5ng kh\u00e1ng sinh, c\u00f3 t\u1edbi 88% kh\u00e1ng sinh t\u1ea1i th\u00e0nh th\u1ecb \u0111\u01b0\u1ee3c b\u00e1n ra m\u00e0 kh\u00f4ng c\u1ea7n k\u00ea \u0111\u01a1n, \u1edf n\u00f4ng th\u00f4n t\u1ec9 l\u1ec7 l\u00ean \u0111\u1ebfn 91%.T\u00ecnh tr\u1ea1ng kh\u00e1ng kh\u00e1ng sinh t\u1ea1i Vi\u1ec7t Nam ng\u00e0y c\u00e0ng gia t\u0103ng khi xu\u1ea5t hi\u1ec7n m\u1ed9t v\u00e0i lo\u1ea1i si\u00eau vi khu\u1ea9n kh\u00e1ng l\u1ea1i t\u1ea5t c\u1ea3 c\u00e1c lo\u1ea1i thu\u1ed1c.<\/p>\n\n\n\n<div class=\"wp-block-image\"><figure class=\"aligncenter size-large is-resized\"><img loading=\"lazy\" decoding=\"async\" src=\"https:\/\/everpharma.vn\/upload\/images\/105319_thuoc_khang_sinh.jpg\" alt=\"\" width=\"481\" height=\"361\" \/><\/figure><\/div>\n\n\n\n<p>Hi\u1ec7n nay, kh\u00f4ng \u00edt ng\u01b0\u1eddi ch\u1ec9 c\u1ea7n b\u1ecb h\u1eaft h\u01a1i, s\u1ed5 m\u0169i, ho\u2026 l\u00e0 ngay l\u1eadp t\u1ee9c ngh\u0129 ngay \u0111\u1ebfn vi\u1ec7c s\u1eed d\u1ee5ng kh\u00e1ng sinh. H\u1ecd kh\u00f4ng bi\u1ebft r\u1eb1ng, nhi\u1ec1u tr\u01b0\u1eddng h\u1ee3p vi\u00eam nhi\u1ec5m \u0111\u01b0\u1eddng h\u00f4 h\u1ea5p l\u00e0 do virus g\u00e2y n\u00ean, trong khi kh\u00e1ng sinh ch\u1ec9 c\u00f3 t\u00e1c d\u1ee5ng \u0111i\u1ec1u tr\u1ecb vi\u00eam nhi\u1ec5m do nhi\u1ec5m khu\u1ea9n m\u00e0 b\u1ea5t l\u1ef1c v\u1edbi virus. L\u1ea1m d\u1ee5ng kh\u00e1ng sinh, hay s\u1eed d\u1ee5ng kh\u00e1ng sinh sai m\u1ee5c \u0111\u00edch, li\u1ec1u l\u01b0\u1ee3ng b\u1ea5t h\u1ee3p l\u00fd d\u1ea7n d\u1ea7n s\u1ebd d\u1eabn \u0111\u1ebfn t\u00ecnh tr\u1ea1ng \u201cnh\u1eddn thu\u1ed1c\u201d, khi \u0111\u00f3 vi khu\u1ea9n trong c\u01a1 th\u1ec3 \u0111\u00e3 ph\u00e1t tri\u1ec3n \u0111\u1ebfn m\u1ee9c kh\u00f4ng \u0111\u00e1p \u1ee9ng \u0111i\u1ec1u tr\u1ecb v\u1edbi kh\u00e1ng sinh. \u0110\u00e1ng s\u1ee3 h\u01a1n, t\u1ed1c \u0111\u1ed9 t\u00ecm ra kh\u00e1ng sinh m\u1edbi tr\u00ean th\u1ebf gi\u1edbi kh\u00f4ng k\u1ecbp so v\u1edbi m\u1ee9c \u0111\u1ed9 gia t\u0103ng c\u1ee7a c\u00e1c vi khu\u1ea9n kh\u00e1ng kh\u00e1ng sinh.<\/p>\n\n\n\n<div class=\"wp-block-image\"><figure class=\"aligncenter size-large is-resized\"><img loading=\"lazy\" decoding=\"async\" src=\"https:\/\/everpharma.vn\/upload\/images\/dd-36-1508433391.jpg\" alt=\"\" width=\"403\" height=\"263\" \/><figcaption><em>L\u1ea1m d\u1ee5ng kh\u00e1ng sinh c\u00f3 th\u1ec3 mang \u0111\u1ebfn h\u1eadu qu\u1ea3 kh\u00f4n l\u01b0\u1eddng<\/em><br><\/figcaption><\/figure><\/div>\n\n\n\n<h4 class=\"wp-block-heading\">Ph\u00f2ng b\u1ec7nh t\u1eadn g\u1ed1c, t\u1ea1i sao kh\u00f4ng?<\/h4>\n\n\n\n<p>Trong s\u1ed1 c\u00e1c b\u1ec7nh nhi\u1ec5m khu\u1ea9n th\u00ec vi\u00eam nhi\u1ec5m \u0111\u01b0\u1eddng h\u00f4 h\u1ea5p tr\u00ean t\u00e1i \u0111i t\u00e1i l\u1ea1i v\u00e0 vi\u1ec5m ph\u1ed5i l\u00e0 nh\u1eefng b\u1ec7nh l\u00ed ph\u1ed5 bi\u1ebfn d\u1ec5 d\u1eabn \u0111\u1ebfn l\u1ea1m d\u1ee5ng thu\u1ed1c kh\u00e1ng sinh. C\u00e1c b\u00e1c s\u0129 khuy\u00ean r\u1eb1ng, khi b\u1ecb vi\u00eam \u0111\u01b0\u1eddng h\u00f4 h\u1ea5p, tr\u01b0\u1edbc ti\u00ean c\u1ea7n theo d\u00f5i di\u1ec5n bi\u1ebfn b\u1ec7nh t\u1ea1i nh\u00e0 v\u00e0 \u0111\u1ebfn b\u00e1c s\u0129 th\u0103m kh\u00e1m \u0111\u1ec3 \u0111\u01b0\u1ee3c \u0111i\u1ec1u tr\u1ecb k\u1ecbp th\u1eddi tr\u01b0\u1edbc khi tr\u1edf n\u1eb7ng, \u0111\u1eebng n\u00ean t\u1ef1 \u00fd mua kh\u00e1ng sinh u\u1ed1ng.<\/p>\n\n\n\n<p>B\u00ean c\u1ea1nh \u0111\u00f3, n\u00e2ng cao s\u1ee9c \u0111\u1ec1 kh\u00e1ng c\u1ee7a c\u01a1 th\u1ec3 lu\u00f4n l\u00e0 y\u1ebfu t\u1ed1 then ch\u1ed1t ng\u0103n ng\u1eeba b\u1ec7nh t\u1eeb g\u1ed1c r\u1ec5. Ch\u00fang ta c\u1ea7n sinh ho\u1ea1t \u0111i\u1ec1u \u0111\u1ed9, t\u1eadp luy\u1ec7n th\u1ec3 thao \u0111\u1ec3 t\u0103ng c\u01b0\u1eddng th\u1ec3 l\u1ef1c, t\u1eeb b\u1ecf nh\u1eefng th\u00f3i quen x\u1ea5u nh\u01b0 h\u00fat thu\u1ed1c l\u00e1, u\u1ed1ng r\u01b0\u1ee3u bia, th\u1ee9c khuya\u2026 C\u00e1c ch\u1ebf ph\u1ea9m t\u0103ng c\u01b0\u1eddng mi\u1ec5n d\u1ecbch \u0111\u01b0\u1eddng h\u00f4 h\u1ea5p nh\u01b0 Broncho Vaxom c\u0169ng th\u01b0\u1eddng \u0111\u01b0\u1ee3c d\u00f9ng \u0111\u1ec3 \u0111i\u1ec1u tr\u1ecb d\u1ef1 ph\u00f2ng vi\u00eam nhi\u1ec5m \u0111\u01b0\u1eddng h\u00f4 h\u1ea5p t\u00e1i ph\u00e1t v\u00e0 c\u00e1c \u0111\u1ee3t k\u1ecbch ph\u00e1t b\u1ec7nh ph\u1ed5i t\u1eafc ngh\u1ebdn m\u00e3n t\u00ednh COPD. Th\u00e1ng 10\/2017, Broncho Vaxom \u0111\u00e3 \u0111\u01b0\u1ee3c H\u1ed9i h\u00f4 h\u1ea5p Vi\u1ec7t Nam v\u00e0 H\u1ed9i Tai M\u0169i H\u1ecdng Vi\u1ec7t Nam \u0111\u01b0a ra khuy\u1ebfn c\u00e1o \u0111i\u1ec1u tr\u1ecb \u0111\u1ed1i v\u1edbi nhi\u1ec5m tr\u00f9ng h\u00f4 h\u1ea5p \u1edf tr\u1ebb em, gi\u00fap t\u0103ng c\u01b0\u1eddng h\u1ec7 th\u1ed1ng mi\u1ec5n d\u1ecbch, t\u1ea1o ra \u0111\u00e1p \u1ee9ng mi\u1ec5n d\u1ecbch \u1edf c\u1ea3 \u0111\u01b0\u1eddng th\u1edf l\u1eabn to\u00e0n b\u1ed9 h\u1ec7 th\u1ed1ng c\u01a1 th\u1ec3 gi\u00fap c\u01a1 th\u1ec3 ch\u1ed1ng l\u1ea1i nhi\u1ec5m tr\u00f9ng t\u1ed1t h\u01a1n.<\/p>\n\n\n\n<p>\u0110\u01b0\u1ee3c chi\u1ebft xu\u1ea5t t\u1eeb 8 lo\u1ea1i vi khu\u1ea9n \u0111\u00f4ng kh\u00f4 th\u01b0\u1eddng g\u00e2y n\u00ean c\u00e1c b\u1ec7nh vi\u00eam nhi\u1ec5m \u0111\u01b0\u1eddng h\u00f4 h\u1ea5p, ch\u1ebf ph\u1ea9m gi\u00fap ho\u1ea1t h\u00f3a h\u1ec7 mi\u1ec5n d\u1ecbch c\u1ee7a c\u01a1 th\u1ec3. M\u1ed9t c\u01a1 th\u1ec3 c\u00f3 s\u1ee9c \u0111\u1ec1 kh\u00e1ng t\u1ed1t s\u1ebd gi\u00fap gi\u1ea3m thi\u1ec3u s\u1ed1 l\u1ea7n m\u1eafc b\u1ec7nh \u0111\u01b0\u1eddng h\u00f4 h\u1ea5p v\u00e0 r\u00fat ng\u1eafn th\u1eddi gian tr\u1ecb b\u1ec7nh, \u0111\u1ed3ng ngh\u0129a v\u1edbi vi\u1ec7c \u00edt ph\u1ea3i s\u1eed d\u1ee5ng kh\u00e1ng sinh trong qu\u00e1 tr\u00ecnh \u0111i\u1ec1u tr\u1ecb, do \u0111\u00f3 h\u1ea1n ch\u1ebf \u0111\u01b0\u1ee3c t\u00ecnh tr\u1ea1ng \u0111\u1ec1 kh\u00e1ng kh\u00e1ng sinh.<\/p>\n\n\n\n<p>M\u1ef9 Quy<\/p>\n\n\n\n<p>*B\u00e0i \u0111\u0103ng tr\u00ean T\u1ea1p ch\u00ed truy\u1ec1n h\u00ecnh, m\u1ee5c S\u1ed1ng kho\u1ebb<\/p>\n","protected":false},"excerpt":{"rendered":"<p>N\u00e2ng cao s\u1ee9c \u0111\u1ec1 kh\u00e1ng &#8211; Gi\u1ea3i ph\u00e1p gi\u00fap gi\u1ea3m nguy c\u01a1 kh\u00e1ng kh\u00e1ng sinh. M\u1ed9t th\u1ef1c tr\u1ea1ng \u0111\u00e1ng b\u00e1o \u0111\u1ed9ng hi\u1ec7n nay \u0111\u00f3 l\u00e0 T\u1ed5 ch\u1ee9c Y t\u1ebf Th\u1ebf gi\u1edbi \u0111\u00e3 x\u1ebfp Vi\u1ec7t Nam v\u00e0o nh\u00f3m n\u01b0\u1edbc c\u00f3 t\u1ec9 l\u1ec7 kh\u00e1ng thu\u1ed1c kh\u00e1ng sinh cao nh\u1ea5t th\u1ebf gi\u1edbi. Tuy v\u1eady, nhi\u1ec1u ng\u01b0\u1eddi c\u00f2n v\u1eabn &hellip; <a href=\"https:\/\/www.everpharma.com\/vnm\/tin-tuc\/thong-tin-suc-khoe\/nang-cao-suc-de-khang-giai-phap-giup-giam-nguy-co-khang-khang-sinh\/\">Continued<\/a><\/p>\n","protected":false},"author":2,"featured_media":0,"parent":148,"menu_order":0,"comment_status":"closed","ping_status":"closed","template":"","meta":{"footnotes":""},"class_list":["post-169","page","type-page","status-publish","hentry"],"yoast_head":"<!-- This site is optimized with the Yoast SEO plugin v27.4 - https:\/\/yoast.com\/product\/yoast-seo-wordpress\/ -->\n<title>N\u00e2ng cao s\u1ee9c \u0111\u1ec1 kh\u00e1ng - Gi\u1ea3i ph\u00e1p gi\u00fap gi\u1ea3m nguy c\u01a1 kh\u00e1ng kh\u00e1ng sinh - EVER Pharma Viet Nam<\/title>\n<meta name=\"robots\" content=\"index, follow, max-snippet:-1, max-image-preview:large, max-video-preview:-1\" \/>\n<link rel=\"canonical\" href=\"https:\/\/www.everpharma.com\/vnm\/tin-tuc\/thong-tin-suc-khoe\/nang-cao-suc-de-khang-giai-phap-giup-giam-nguy-co-khang-khang-sinh\/\" \/>\n<meta property=\"og:locale\" content=\"vi_VN\" \/>\n<meta property=\"og:type\" content=\"article\" \/>\n<meta property=\"og:title\" content=\"N\u00e2ng cao s\u1ee9c \u0111\u1ec1 kh\u00e1ng - Gi\u1ea3i ph\u00e1p gi\u00fap gi\u1ea3m nguy c\u01a1 kh\u00e1ng kh\u00e1ng sinh - EVER Pharma Viet Nam\" \/>\n<meta property=\"og:description\" content=\"N\u00e2ng cao s\u1ee9c \u0111\u1ec1 kh\u00e1ng &#8211; Gi\u1ea3i ph\u00e1p gi\u00fap gi\u1ea3m nguy c\u01a1 kh\u00e1ng kh\u00e1ng sinh. M\u1ed9t th\u1ef1c tr\u1ea1ng \u0111\u00e1ng b\u00e1o \u0111\u1ed9ng hi\u1ec7n nay \u0111\u00f3 l\u00e0 T\u1ed5 ch\u1ee9c Y t\u1ebf Th\u1ebf gi\u1edbi \u0111\u00e3 x\u1ebfp Vi\u1ec7t Nam v\u00e0o nh\u00f3m n\u01b0\u1edbc c\u00f3 t\u1ec9 l\u1ec7 kh\u00e1ng thu\u1ed1c kh\u00e1ng sinh cao nh\u1ea5t th\u1ebf gi\u1edbi. Tuy v\u1eady, nhi\u1ec1u ng\u01b0\u1eddi c\u00f2n v\u1eabn &hellip; Continued\" \/>\n<meta property=\"og:url\" content=\"https:\/\/www.everpharma.com\/vnm\/tin-tuc\/thong-tin-suc-khoe\/nang-cao-suc-de-khang-giai-phap-giup-giam-nguy-co-khang-khang-sinh\/\" \/>\n<meta property=\"og:site_name\" content=\"EVER Pharma Viet Nam\" \/>\n<meta property=\"article:modified_time\" content=\"2021-06-02T18:44:03+00:00\" \/>\n<meta property=\"og:image\" content=\"https:\/\/everpharma.vn\/upload\/images\/105319_thuoc_khang_sinh.jpg\" \/>\n<meta name=\"twitter:card\" content=\"summary_large_image\" \/>\n<meta name=\"twitter:label1\" content=\"Est. reading time\" \/>\n\t<meta name=\"twitter:data1\" content=\"7 minutes\" \/>\n<script type=\"application\/ld+json\" class=\"yoast-schema-graph\">{\"@context\":\"https:\\\/\\\/schema.org\",\"@graph\":[{\"@type\":\"WebPage\",\"@id\":\"https:\\\/\\\/www.everpharma.com\\\/vnm\\\/tin-tuc\\\/thong-tin-suc-khoe\\\/nang-cao-suc-de-khang-giai-phap-giup-giam-nguy-co-khang-khang-sinh\\\/\",\"url\":\"https:\\\/\\\/www.everpharma.com\\\/vnm\\\/tin-tuc\\\/thong-tin-suc-khoe\\\/nang-cao-suc-de-khang-giai-phap-giup-giam-nguy-co-khang-khang-sinh\\\/\",\"name\":\"N\u00e2ng cao s\u1ee9c \u0111\u1ec1 kh\u00e1ng - Gi\u1ea3i ph\u00e1p gi\u00fap gi\u1ea3m nguy c\u01a1 kh\u00e1ng kh\u00e1ng sinh - EVER Pharma Viet Nam\",\"isPartOf\":{\"@id\":\"https:\\\/\\\/www.everpharma.com\\\/vnm\\\/#website\"},\"primaryImageOfPage\":{\"@id\":\"https:\\\/\\\/www.everpharma.com\\\/vnm\\\/tin-tuc\\\/thong-tin-suc-khoe\\\/nang-cao-suc-de-khang-giai-phap-giup-giam-nguy-co-khang-khang-sinh\\\/#primaryimage\"},\"image\":{\"@id\":\"https:\\\/\\\/www.everpharma.com\\\/vnm\\\/tin-tuc\\\/thong-tin-suc-khoe\\\/nang-cao-suc-de-khang-giai-phap-giup-giam-nguy-co-khang-khang-sinh\\\/#primaryimage\"},\"thumbnailUrl\":\"https:\\\/\\\/everpharma.vn\\\/upload\\\/images\\\/105319_thuoc_khang_sinh.jpg\",\"datePublished\":\"2021-06-02T18:43:54+00:00\",\"dateModified\":\"2021-06-02T18:44:03+00:00\",\"breadcrumb\":{\"@id\":\"https:\\\/\\\/www.everpharma.com\\\/vnm\\\/tin-tuc\\\/thong-tin-suc-khoe\\\/nang-cao-suc-de-khang-giai-phap-giup-giam-nguy-co-khang-khang-sinh\\\/#breadcrumb\"},\"inLanguage\":\"vi-VN\",\"potentialAction\":[{\"@type\":\"ReadAction\",\"target\":[\"https:\\\/\\\/www.everpharma.com\\\/vnm\\\/tin-tuc\\\/thong-tin-suc-khoe\\\/nang-cao-suc-de-khang-giai-phap-giup-giam-nguy-co-khang-khang-sinh\\\/\"]}]},{\"@type\":\"ImageObject\",\"inLanguage\":\"vi-VN\",\"@id\":\"https:\\\/\\\/www.everpharma.com\\\/vnm\\\/tin-tuc\\\/thong-tin-suc-khoe\\\/nang-cao-suc-de-khang-giai-phap-giup-giam-nguy-co-khang-khang-sinh\\\/#primaryimage\",\"url\":\"https:\\\/\\\/everpharma.vn\\\/upload\\\/images\\\/105319_thuoc_khang_sinh.jpg\",\"contentUrl\":\"https:\\\/\\\/everpharma.vn\\\/upload\\\/images\\\/105319_thuoc_khang_sinh.jpg\"},{\"@type\":\"BreadcrumbList\",\"@id\":\"https:\\\/\\\/www.everpharma.com\\\/vnm\\\/tin-tuc\\\/thong-tin-suc-khoe\\\/nang-cao-suc-de-khang-giai-phap-giup-giam-nguy-co-khang-khang-sinh\\\/#breadcrumb\",\"itemListElement\":[{\"@type\":\"ListItem\",\"position\":1,\"name\":\"Startseite\",\"item\":\"https:\\\/\\\/www.everpharma.com\\\/vnm\\\/\"},{\"@type\":\"ListItem\",\"position\":2,\"name\":\"Tin t\u1ee9c\",\"item\":\"https:\\\/\\\/www.everpharma.com\\\/vnm\\\/tin-tuc\\\/\"},{\"@type\":\"ListItem\",\"position\":3,\"name\":\"Th\u00f4ng tin s\u1ee9c kho\u1ebb\",\"item\":\"https:\\\/\\\/www.everpharma.com\\\/vnm\\\/tin-tuc\\\/thong-tin-suc-khoe\\\/\"},{\"@type\":\"ListItem\",\"position\":4,\"name\":\"N\u00e2ng cao s\u1ee9c \u0111\u1ec1 kh\u00e1ng &#8211; Gi\u1ea3i ph\u00e1p gi\u00fap gi\u1ea3m nguy c\u01a1 kh\u00e1ng kh\u00e1ng sinh\"}]},{\"@type\":\"WebSite\",\"@id\":\"https:\\\/\\\/www.everpharma.com\\\/vnm\\\/#website\",\"url\":\"https:\\\/\\\/www.everpharma.com\\\/vnm\\\/\",\"name\":\"EVER Pharma Viet Nam\",\"description\":\"Dedicated to Health.\",\"potentialAction\":[{\"@type\":\"SearchAction\",\"target\":{\"@type\":\"EntryPoint\",\"urlTemplate\":\"https:\\\/\\\/www.everpharma.com\\\/vnm\\\/?s={search_term_string}\"},\"query-input\":{\"@type\":\"PropertyValueSpecification\",\"valueRequired\":true,\"valueName\":\"search_term_string\"}}],\"inLanguage\":\"vi-VN\"}]}<\/script>\n<!-- \/ Yoast SEO plugin. -->","yoast_head_json":{"title":"N\u00e2ng cao s\u1ee9c \u0111\u1ec1 kh\u00e1ng - Gi\u1ea3i ph\u00e1p gi\u00fap gi\u1ea3m nguy c\u01a1 kh\u00e1ng kh\u00e1ng sinh - EVER Pharma Viet Nam","robots":{"index":"index","follow":"follow","max-snippet":"max-snippet:-1","max-image-preview":"max-image-preview:large","max-video-preview":"max-video-preview:-1"},"canonical":"https:\/\/www.everpharma.com\/vnm\/tin-tuc\/thong-tin-suc-khoe\/nang-cao-suc-de-khang-giai-phap-giup-giam-nguy-co-khang-khang-sinh\/","og_locale":"vi_VN","og_type":"article","og_title":"N\u00e2ng cao s\u1ee9c \u0111\u1ec1 kh\u00e1ng - Gi\u1ea3i ph\u00e1p gi\u00fap gi\u1ea3m nguy c\u01a1 kh\u00e1ng kh\u00e1ng sinh - EVER Pharma Viet Nam","og_description":"N\u00e2ng cao s\u1ee9c \u0111\u1ec1 kh\u00e1ng &#8211; Gi\u1ea3i ph\u00e1p gi\u00fap gi\u1ea3m nguy c\u01a1 kh\u00e1ng kh\u00e1ng sinh. M\u1ed9t th\u1ef1c tr\u1ea1ng \u0111\u00e1ng b\u00e1o \u0111\u1ed9ng hi\u1ec7n nay \u0111\u00f3 l\u00e0 T\u1ed5 ch\u1ee9c Y t\u1ebf Th\u1ebf gi\u1edbi \u0111\u00e3 x\u1ebfp Vi\u1ec7t Nam v\u00e0o nh\u00f3m n\u01b0\u1edbc c\u00f3 t\u1ec9 l\u1ec7 kh\u00e1ng thu\u1ed1c kh\u00e1ng sinh cao nh\u1ea5t th\u1ebf gi\u1edbi. Tuy v\u1eady, nhi\u1ec1u ng\u01b0\u1eddi c\u00f2n v\u1eabn &hellip; Continued","og_url":"https:\/\/www.everpharma.com\/vnm\/tin-tuc\/thong-tin-suc-khoe\/nang-cao-suc-de-khang-giai-phap-giup-giam-nguy-co-khang-khang-sinh\/","og_site_name":"EVER Pharma Viet Nam","article_modified_time":"2021-06-02T18:44:03+00:00","og_image":[{"url":"https:\/\/everpharma.vn\/upload\/images\/105319_thuoc_khang_sinh.jpg","type":"","width":"","height":""}],"twitter_card":"summary_large_image","twitter_misc":{"Est. reading time":"7 minutes"},"schema":{"@context":"https:\/\/schema.org","@graph":[{"@type":"WebPage","@id":"https:\/\/www.everpharma.com\/vnm\/tin-tuc\/thong-tin-suc-khoe\/nang-cao-suc-de-khang-giai-phap-giup-giam-nguy-co-khang-khang-sinh\/","url":"https:\/\/www.everpharma.com\/vnm\/tin-tuc\/thong-tin-suc-khoe\/nang-cao-suc-de-khang-giai-phap-giup-giam-nguy-co-khang-khang-sinh\/","name":"N\u00e2ng cao s\u1ee9c \u0111\u1ec1 kh\u00e1ng - Gi\u1ea3i ph\u00e1p gi\u00fap gi\u1ea3m nguy c\u01a1 kh\u00e1ng kh\u00e1ng sinh - EVER Pharma Viet Nam","isPartOf":{"@id":"https:\/\/www.everpharma.com\/vnm\/#website"},"primaryImageOfPage":{"@id":"https:\/\/www.everpharma.com\/vnm\/tin-tuc\/thong-tin-suc-khoe\/nang-cao-suc-de-khang-giai-phap-giup-giam-nguy-co-khang-khang-sinh\/#primaryimage"},"image":{"@id":"https:\/\/www.everpharma.com\/vnm\/tin-tuc\/thong-tin-suc-khoe\/nang-cao-suc-de-khang-giai-phap-giup-giam-nguy-co-khang-khang-sinh\/#primaryimage"},"thumbnailUrl":"https:\/\/everpharma.vn\/upload\/images\/105319_thuoc_khang_sinh.jpg","datePublished":"2021-06-02T18:43:54+00:00","dateModified":"2021-06-02T18:44:03+00:00","breadcrumb":{"@id":"https:\/\/www.everpharma.com\/vnm\/tin-tuc\/thong-tin-suc-khoe\/nang-cao-suc-de-khang-giai-phap-giup-giam-nguy-co-khang-khang-sinh\/#breadcrumb"},"inLanguage":"vi-VN","potentialAction":[{"@type":"ReadAction","target":["https:\/\/www.everpharma.com\/vnm\/tin-tuc\/thong-tin-suc-khoe\/nang-cao-suc-de-khang-giai-phap-giup-giam-nguy-co-khang-khang-sinh\/"]}]},{"@type":"ImageObject","inLanguage":"vi-VN","@id":"https:\/\/www.everpharma.com\/vnm\/tin-tuc\/thong-tin-suc-khoe\/nang-cao-suc-de-khang-giai-phap-giup-giam-nguy-co-khang-khang-sinh\/#primaryimage","url":"https:\/\/everpharma.vn\/upload\/images\/105319_thuoc_khang_sinh.jpg","contentUrl":"https:\/\/everpharma.vn\/upload\/images\/105319_thuoc_khang_sinh.jpg"},{"@type":"BreadcrumbList","@id":"https:\/\/www.everpharma.com\/vnm\/tin-tuc\/thong-tin-suc-khoe\/nang-cao-suc-de-khang-giai-phap-giup-giam-nguy-co-khang-khang-sinh\/#breadcrumb","itemListElement":[{"@type":"ListItem","position":1,"name":"Startseite","item":"https:\/\/www.everpharma.com\/vnm\/"},{"@type":"ListItem","position":2,"name":"Tin t\u1ee9c","item":"https:\/\/www.everpharma.com\/vnm\/tin-tuc\/"},{"@type":"ListItem","position":3,"name":"Th\u00f4ng tin s\u1ee9c kho\u1ebb","item":"https:\/\/www.everpharma.com\/vnm\/tin-tuc\/thong-tin-suc-khoe\/"},{"@type":"ListItem","position":4,"name":"N\u00e2ng cao s\u1ee9c \u0111\u1ec1 kh\u00e1ng &#8211; Gi\u1ea3i ph\u00e1p gi\u00fap gi\u1ea3m nguy c\u01a1 kh\u00e1ng kh\u00e1ng sinh"}]},{"@type":"WebSite","@id":"https:\/\/www.everpharma.com\/vnm\/#website","url":"https:\/\/www.everpharma.com\/vnm\/","name":"EVER Pharma Viet Nam","description":"Dedicated to Health.","potentialAction":[{"@type":"SearchAction","target":{"@type":"EntryPoint","urlTemplate":"https:\/\/www.everpharma.com\/vnm\/?s={search_term_string}"},"query-input":{"@type":"PropertyValueSpecification","valueRequired":true,"valueName":"search_term_string"}}],"inLanguage":"vi-VN"}]}},"_links":{"self":[{"href":"https:\/\/www.everpharma.com\/vnm\/wp-json\/wp\/v2\/pages\/169","targetHints":{"allow":["GET"]}}],"collection":[{"href":"https:\/\/www.everpharma.com\/vnm\/wp-json\/wp\/v2\/pages"}],"about":[{"href":"https:\/\/www.everpharma.com\/vnm\/wp-json\/wp\/v2\/types\/page"}],"author":[{"embeddable":true,"href":"https:\/\/www.everpharma.com\/vnm\/wp-json\/wp\/v2\/users\/2"}],"replies":[{"embeddable":true,"href":"https:\/\/www.everpharma.com\/vnm\/wp-json\/wp\/v2\/comments?post=169"}],"version-history":[{"count":1,"href":"https:\/\/www.everpharma.com\/vnm\/wp-json\/wp\/v2\/pages\/169\/revisions"}],"predecessor-version":[{"id":170,"href":"https:\/\/www.everpharma.com\/vnm\/wp-json\/wp\/v2\/pages\/169\/revisions\/170"}],"up":[{"embeddable":true,"href":"https:\/\/www.everpharma.com\/vnm\/wp-json\/wp\/v2\/pages\/148"}],"wp:attachment":[{"href":"https:\/\/www.everpharma.com\/vnm\/wp-json\/wp\/v2\/media?parent=169"}],"curies":[{"name":"wp","href":"https:\/\/api.w.org\/{rel}","templated":true}]}}