{"id":161,"date":"2021-06-02T20:38:34","date_gmt":"2021-06-02T18:38:34","guid":{"rendered":"https:\/\/www.everpharma.com\/vnm\/?page_id=161"},"modified":"2021-06-02T20:38:58","modified_gmt":"2021-06-02T18:38:58","slug":"5-loi-ich-tu-lieu-phap-estrogen-tu-nhien-cho-phu-nu-tuoi-tien-man","status":"publish","type":"page","link":"https:\/\/www.everpharma.com\/vnm\/tin-tuc\/thong-tin-suc-khoe\/5-loi-ich-tu-lieu-phap-estrogen-tu-nhien-cho-phu-nu-tuoi-tien-man\/","title":{"rendered":"5 L\u1ee2I \u00cdCH T\u1eea LI\u1ec6U PH\u00c1P ESTROGEN T\u1ef0 NHI\u00caN CHO PH\u1ee4 N\u1eee TU\u1ed4I TI\u1ec0N M\u00c3N"},"content":{"rendered":"\n<h2 class=\"is-style-section-title wp-block-heading\">5 L\u1ee2I \u00cdCH T\u1eea LI\u1ec6U PH\u00c1P ESTROGEN T\u1ef0 NHI\u00caN CHO PH\u1ee4 N\u1eee TU\u1ed4I TI\u1ec0N M\u00c3N<\/h2>\n\n\n\n<div class=\"wp-block-columns is-layout-flex wp-container-core-columns-is-layout-9d6595d7 wp-block-columns-is-layout-flex\">\n<div class=\"wp-block-column is-layout-flow wp-block-column-is-layout-flow\">\n<p>Estrogen l\u00e0 \u0111\u01b0\u1ee3c m\u1ec7nh danh l\u00e0 \u201csu\u1ed1i ngu\u1ed3n t\u01b0\u01a1i tr\u1ebb\u201d cho ch\u1ecb em ph\u1ee5 n\u1eef b\u1edfi lo\u1ea1i n\u1ed9i ti\u1ebft t\u1ed1 (hormone sinh d\u1ee5c n\u1eef) n\u00e0y \u0111\u00f3ng vai tr\u00f2 quy\u1ebft \u0111\u1ecbnh t\u00e2m sinh l\u00fd c\u1ee7a ph\u00e1i \u0111\u1eb9p. T\u1eeb giai \u0111o\u1ea1n d\u1eady th\u00ec \u0111\u1ebfn tu\u1ed5i trung ni\u00ean, estrogen n\u1ed9i sinh trong c\u01a1 th\u1ec3 ti\u1ebft ra d\u1ed3i d\u00e0o gi\u00fap ng\u01b0\u1eddi ph\u1ee5 n\u1eef c\u00f3 da d\u1ebb c\u0103ng m\u1ecbn, v\u00f3c d\u00e1ng g\u1ecdn g\u00e0ng, duy tr\u00ec ham mu\u1ed1n t\u00ecnh d\u1ee5c\u2026 Th\u1ebf nh\u01b0ng khi b\u01b0\u1edbc v\u00e0o giai \u0111o\u1ea1n ti\u1ec1n m\u00e3n kinh, l\u01b0\u1ee3ng estrogen t\u1ef1 sinh suy gi\u1ea3m khi\u1ebfn c\u01a1 th\u1ec3 ch\u1ecb em g\u1eb7p kh\u00f4ng \u00edt nh\u1eefng tri\u1ec7u ch\u1ee9ng phi\u1ec1n to\u00e1i.<\/p>\n\n\n\n<p>Trong thi\u00ean nhi\u00ean, c\u00f3 nh\u1eefng th\u00e0nh ph\u1ea7n d\u01b0\u1ee3c th\u1ea3o n\u1ebfu b\u00e0o ch\u1ebf \u0111\u00fang quy c\u00e1ch s\u1ebd c\u00f3 t\u00e1c d\u1ee5ng t\u01b0\u01a1ng t\u1ef1 nh\u01b0 estrogen trong c\u01a1 th\u1ec3 ph\u1ee5 n\u1eef, ng\u01b0\u1eddi ta th\u01b0\u1eddng g\u1ecdi l\u00e0 phytoestrogen (estrogen th\u1ef1c v\u1eadt). Ti\u00eau bi\u1ec3u c\u00f3 th\u1ec3 k\u1ec3 \u0111\u1ebfn l\u00e0 th\u00e0nh ph\u1ea7n isoflavon trong \u0111\u1eadu n\u00e0nh, n\u1ebfu k\u1ebft h\u1ee3p c\u00f9ng l\u1ee3i khu\u1ea9n lactobacillus theo t\u1ef7 l\u1ec7 chu\u1ea9n s\u1ebd ph\u00e1t huy t\u00e1c d\u1ee5ng nh\u01b0 estrogen n\u1ed9i ti\u1ebft t\u1ed1 n\u1eef. Isoflavon \u0111\u1eadu n\u00e0nh v\u00e0 l\u1ee3i khu\u1ea9n lactobacillus theo t\u1ef7 l\u1ec7 chu\u1ea9n \u0111\u01b0\u1ee3c t\u00ecm th\u1ea5y trong ch\u1ebf ph\u1ea9m Estromineral (xu\u1ea5t x\u1ee9 t\u1eeb \u00dd) gi\u00fap \u0111i\u1ec1u h\u00f2a n\u1ed9i ti\u1ebft t\u1ed1, n\u00e2ng cao ch\u1ea5t l\u01b0\u1ee3ng cu\u1ed9c s\u1ed1ng cho ph\u1ee5 n\u1eef ti\u1ec1n m\u00e3n kinh v\u00e0 m\u00e3n kinh.<\/p>\n\n\n\n<p>N\u1ebfu ch\u1ee7 \u0111\u1ed9ng b\u1ed5 sung \u0111\u00fang c\u00e1ch estrogen t\u1ef1 nhi\u00ean s\u1edbm, ph\u1ee5 n\u1eef trong \u0111\u1ed9 tu\u1ed5i nh\u1ea1y c\u1ea3m s\u1ebd v\u01b0\u1ee3t qua giai \u0111o\u1ea1n n\u00e0y m\u1ed9t c\u00e1ch nh\u1eb9 nh\u00e0ng, tr\u00e1nh \u0111\u01b0\u1ee3c bi\u1ebft bao phi\u1ec1n to\u00e1i. Sau \u0111\u00e2y l\u00e0 5 l\u1ee3i \u00edch khi b\u1ed5 sung estrogen th\u1ef1c v\u1eadt \u0111\u00e3 \u0111\u01b0\u1ee3c c\u00e1c ch\u1ecb em ph\u1ee5 n\u1eef c\u00f4ng nh\u1eadn:<\/p>\n\n\n\n<p><strong>1. \u0110\u1eb9p da, t\u01b0\u01a1i tr\u1ebb<\/strong><\/p>\n\n\n\n<p>B\u01b0\u1edbc v\u00e0o \u0111\u1ed9 tu\u1ed5i ti\u1ec1n m\u00e3n kinh (tr\u00ean 40 tu\u1ed5i), ch\u1ecb em d\u1ea7n nh\u1eadn ra s\u1ef1 xu\u1ed1ng c\u1ea5p c\u1ee7a l\u00e0n da, da m\u1ea5t d\u1ea7n \u0111\u1ed9 c\u0103ng m\u1ecbn, xu\u1ea5t hi\u1ec7n d\u1ea7n c\u00e1c \u201cv\u1ebft ch\u00e2n chim\u201d&#8230; B\u1ed5 sung estrogen t\u1ef1 nhi\u00ean m\u00e0 c\u1ee5 th\u1ec3 l\u00e0 isoflavon t\u1eeb \u0111\u1eadu n\u00e0nh gi\u00fap \u0111i\u1ec1u h\u00f2a n\u1ed9i ti\u1ebft t\u1ed1 gi\u00fap l\u00e0m ch\u1eadm qu\u00e1 tr\u00ecnh l\u00e3o h\u00f3a da, duy tr\u00ec n\u00e9t t\u01b0\u01a1i tr\u1ebb, gi\u00e0u s\u1ee9c s\u1ed1ng cho l\u00e0n da. B\u1eb1ng ch\u1ee9ng cho c\u00f4ng d\u1ee5ng c\u1ee7a isoflavon t\u1eeb \u0111\u1eadu n\u00e0nh l\u00e0 ph\u1ee5 n\u1eef Nh\u1eadt B\u1ea3n n\u1ed5i ti\u1ebfng tr\u1ebb l\u00e2u v\u00e0 c\u00f3 l\u00e0n da \u0111\u1eb9p nh\u1edd kh\u1ea9u ph\u1ea7n \u0103n gi\u00e0u \u0111\u1eadu n\u00e0nh c\u1ee7a h\u1ecd.<\/p>\n<\/div>\n<\/div>\n\n\n\n<div class=\"wp-block-image\"><figure class=\"aligncenter size-large is-resized\"><img loading=\"lazy\" decoding=\"async\" src=\"https:\/\/everpharma.vn\/upload\/images\/Photo-1-153052335291.jpg\" alt=\"\" width=\"437\" height=\"291\" \/><\/figure><\/div>\n\n\n\n<p><strong>2. C\u1ea3i thi\u1ec7n cu\u1ed9c s\u1ed1ng v\u1ee3 ch\u1ed3ng<\/strong><\/p>\n\n\n\n<p>S\u1ef1 suy gi\u1ea3m estrogen d\u1eabn \u0111\u1ebfn s\u1ef1 m\u1ea5t c\u00e2n b\u1eb1ng m\u00f4i tr\u01b0\u1eddng \u00e2m \u0111\u1ea1o, d\u1eabn \u0111\u1ebfn t\u00ecnh tr\u1ea1ng kh\u00f4 \u00e2m \u0111\u1ea1o v\u00e0 gi\u1ea3m ham mu\u1ed1ng t\u00ecnh d\u1ee5c. \u0110\u00e2y l\u00e0 m\u1ed9t trong nh\u1eefng \u0111i\u1ec1u kh\u00f3 n\u00f3i, n\u1ebfu kh\u00f4ng can thi\u1ec7p k\u1ecbp th\u1eddi v\u00e0 hi\u1ec7u qu\u1ea3 s\u1ebd g\u00e2y \u1ea3nh h\u01b0\u1edfng nghi\u00eam tr\u1ecdng \u0111\u1ebfn \u0111\u1eddi s\u1ed1ng v\u1ee3 ch\u1ed3ng v\u00e0 h\u1ea1nh ph\u00fac gia \u0111\u00ecnh c\u1ee7a ch\u1ecb em. Vi\u1ec7c b\u1ed5 sung l\u01b0\u1ee3ng estrogen thi\u1ebfu h\u1ee5t \u0111\u1ec3 c\u01a1 th\u1ec3 d\u1ea7n l\u1ea5y l\u1ea1i c\u00e2n b\u1eb1ng hormone s\u1ebd gi\u00fap c\u1ea3i thi\u1ec7n \u0111\u00e1ng k\u1ec3 t\u00ecnh tr\u1ea1ng kh\u00f4 h\u1ea1n v\u00e0 t\u00ecm l\u1ea1i ni\u1ec1m vui trong cu\u1ed9c s\u1ed1ng v\u1ee3 ch\u1ed3ng. C\u00e1c ch\u1ebf ph\u1ea9m c\u00f3 ngu\u1ed3n g\u1ed1c t\u1eeb thi\u00ean nhi\u00ean kh\u00f4ng c\u00f3 t\u00e1c d\u1ee5ng ph\u1ee5, an to\u00e0n cho c\u00e1c ch\u1ecb em s\u1eed d\u1ee5ng l\u00e2u d\u00e0i.<\/p>\n\n\n\n<p><strong>3. Gi\u1ea3m c\u00e1c tri\u1ec7u ch\u1ee9ng ti\u1ec1n m\u00e3n kinh nh\u01b0 b\u1ed1c h\u1ecfa, \u0111\u1ed5 m\u1ed3 h\u00f4i, h\u1ed3i h\u1ed9p, m\u1ea5t ng\u1ee7\u2026<\/strong><\/p>\n\n\n\n<p>C\u00e1c tri\u1ec7u ch\u1ee9ng kh\u00f3 ch\u1ecbu th\u01b0\u1eddng g\u1eb7p \u1edf l\u1ee9a tu\u1ed5i n\u00e0y g\u1ed3m c\u00e1c c\u01a1n b\u1ed1c h\u1ecfa, \u0111\u1ed5 m\u1ed3 h\u00f4i tr\u1ed9m, \u0111\u00e1nh tr\u1ed1ng ng\u1ef1c, tr\u1eb1n tr\u1ecdc m\u1ea5t ng\u1ee7 khi\u1ebfn ch\u1ea5t l\u01b0\u1ee3ng cu\u1ed9c s\u1ed1ng c\u1ee7a ch\u1ecb em b\u1ecb \u1ea3nh h\u01b0\u1edfng nghi\u00eam tr\u1ecdng. Kh\u00f4ng hi\u1ebfm g\u1eb7p t\u00ecnh tr\u1ea1ng c\u00e1c \u00f4ng ch\u1ed3ng b\u1ea5t ng\u1edd v\u00ec v\u1ee3 m\u00ecnh \u0111\u1ebfn tu\u1ed5i trung ni\u00ean l\u1ea1i thay \u0111\u1ed5i t\u00ednh t\u00ecnh, n\u00f3ng gi\u1eadn th\u1ea5t th\u01b0\u1eddng khi\u1ebfn h\u00f2a kh\u00ed gia \u0111\u00ecnh b\u1ecb \u1ea3nh h\u01b0\u1edfng \u0111\u00e1ng k\u1ec3. T\u00ecnh tr\u1ea1ng n\u00e0y ho\u00e0n to\u00e0n c\u00f3 th\u1ec3 ph\u00f2ng ng\u1eeba ho\u1eb7c kh\u1eafc ph\u1ee5c \u0111\u01b0\u1ee3c nh\u1edd li\u1ec7u ph\u00e1p b\u1ed5 sung estrogen t\u1ef1 nhi\u00ean, khi n\u1ed9i ti\u1ebft t\u1ed1 trong c\u01a1 th\u1ec3 \u0111\u01b0\u1ee3c \u0111i\u1ec1u h\u00f2a, c\u00e1c tri\u1ec7u ch\u1ee9ng \u0111\u00e1ng gh\u00e9t c\u0169ng d\u1ea7n \u0111\u01b0\u1ee3c c\u1ea3i thi\u1ec7n.<\/p>\n\n\n\n<p><strong>4. Ng\u0103n ng\u1eeba nguy c\u01a1 lo\u00e3ng x\u01b0\u01a1ng<\/strong><\/p>\n\n\n\n<p>Estrogen c\u00f3 t\u00e1c d\u1ee5ng \u1ee9c ch\u1ebf ho\u1ea1t \u0111\u1ed9ng c\u1ee7a t\u1ebf b\u00e0o h\u1ee7y x\u01b0\u01a1ng, \u0111\u01b0\u1ee3c coi l\u00e0 y\u1ebfu t\u1ed1 b\u1ea3o v\u1ec7 x\u01b0\u01a1ng cho ph\u1ee5 n\u1eef. Khi t\u00ecnh tr\u1ea1ng suy gi\u1ea3m n\u1ed9i ti\u1ebft t\u1ed1 x\u1ea3y ra nhanh v\u00e0 \u0111\u1ed9t ng\u1ed9t, c\u00e1c t\u1ebf b\u00e0o h\u1ee7y x\u01b0\u01a1ng s\u1ebd t\u0103ng c\u01b0\u1eddng ho\u1ea1t \u0111\u1ed9ng v\u00e0 lo\u00e3ng x\u01b0\u01a1ng th\u01b0\u1eddng x\u1ea3y ra v\u00e0i n\u0103m sau khi m\u00e3n kinh. V\u00ec v\u1eady vi\u1ec7c \u0111i\u1ec1u h\u00f2a estrogen l\u00e0m gi\u1ea3m nguy c\u01a1 b\u1ecb lo\u00e3ng x\u01b0\u01a1ng. B\u00ean c\u1ea1nh \u0111\u00f3, n\u1ebfu l\u1ef1a ch\u1ecdn c\u00e1c ch\u1ebf ph\u1ea9m c\u00f3 t\u00edch h\u1ee3p b\u1ed5 sung canxi v\u00e0 vitamin D nh\u01b0 Estromineral th\u00ec t\u00e1c d\u1ee5ng ng\u0103n ng\u1eeba lo\u00e3ng x\u01b0\u01a1ng, tho\u00e1i h\u00f3a x\u01b0\u01a1ng c\u00e0ng \u0111\u01b0\u1ee3c t\u0103ng c\u01b0\u1eddng.<\/p>\n\n\n\n<p><strong>5. Gi\u1ea3m c\u00e1c nguy c\u01a1 b\u1ec7nh tim m\u1ea1ch<\/strong><\/p>\n\n\n\n<p>B\u1ed5 dung isoflavon t\u1eeb \u0111\u1eadu n\u00e0nh \u0111\u01b0\u1ee3c ch\u1ee9ng minh gi\u00fap g\u00f3p ph\u1ea7n gi\u1ea3m nguy c\u01a1 c\u00e1c b\u1ec7nh tim m\u1ea1ch nh\u01b0 r\u1ed1i lo\u1ea1n m\u1ee1 m\u00e1u, x\u01a1 v\u1eefa \u0111\u1ed9ng m\u1ea1ch\u2026<\/p>\n\n\n\n<p>Giai \u0111o\u1ea1n ti\u1ec1n m\u00e3n kinh, m\u00e3n kinh kh\u00f4ng h\u1ec1 \u0111\u00e1ng s\u1ee3 n\u1ebfu ch\u1ecb em ph\u1ee5 n\u1eef ch\u1ee7 \u0111\u1ed9ng chu\u1ea9n b\u1ecb cho m\u00ecnh. B\u00ean c\u1ea1nh ch\u1ebf \u0111\u1ed9 dinh d\u01b0\u1ee1ng v\u00e0 sinh ho\u1ea1t l\u00e0nh m\u1ea1nh, b\u1ed5 sung estrogen t\u1ef1 nhi\u00ean gi\u00fap c\u00e2n b\u1eb1ng n\u1ed9i ti\u1ebft t\u1ed1 l\u00e0 m\u1ed9t trong nh\u1eefng gi\u1ea3i ph\u00e1p t\u1ed1i \u01b0u, kh\u00f4ng t\u00e1c d\u1ee5ng ph\u1ee5, gi\u00fap ch\u1ecb em t\u1eadn h\u01b0\u1edfng cu\u1ed9c s\u1ed1ng v\u00e0 k\u00e9o d\u00e0i th\u1eddi gian xu\u00e2n s\u1eafc.<\/p>\n\n\n\n<div style=\"height:100px\" aria-hidden=\"true\" class=\"wp-block-spacer\"><\/div>\n","protected":false},"excerpt":{"rendered":"<p>5 L\u1ee2I \u00cdCH T\u1eea LI\u1ec6U PH\u00c1P ESTROGEN T\u1ef0 NHI\u00caN CHO PH\u1ee4 N\u1eee TU\u1ed4I TI\u1ec0N M\u00c3N Estrogen l\u00e0 \u0111\u01b0\u1ee3c m\u1ec7nh danh l\u00e0 \u201csu\u1ed1i ngu\u1ed3n t\u01b0\u01a1i tr\u1ebb\u201d cho ch\u1ecb em ph\u1ee5 n\u1eef b\u1edfi lo\u1ea1i n\u1ed9i ti\u1ebft t\u1ed1 (hormone sinh d\u1ee5c n\u1eef) n\u00e0y \u0111\u00f3ng vai tr\u00f2 quy\u1ebft \u0111\u1ecbnh t\u00e2m sinh l\u00fd c\u1ee7a ph\u00e1i \u0111\u1eb9p. T\u1eeb giai \u0111o\u1ea1n d\u1eady &hellip; <a href=\"https:\/\/www.everpharma.com\/vnm\/tin-tuc\/thong-tin-suc-khoe\/5-loi-ich-tu-lieu-phap-estrogen-tu-nhien-cho-phu-nu-tuoi-tien-man\/\">Continued<\/a><\/p>\n","protected":false},"author":2,"featured_media":0,"parent":148,"menu_order":0,"comment_status":"closed","ping_status":"closed","template":"","meta":{"footnotes":""},"class_list":["post-161","page","type-page","status-publish","hentry"],"yoast_head":"<!-- This site is optimized with the Yoast SEO plugin v27.0 - https:\/\/yoast.com\/product\/yoast-seo-wordpress\/ -->\n<title>5 L\u1ee2I \u00cdCH T\u1eea LI\u1ec6U PH\u00c1P ESTROGEN T\u1ef0 NHI\u00caN CHO PH\u1ee4 N\u1eee TU\u1ed4I TI\u1ec0N M\u00c3N - EVER Pharma Viet Nam<\/title>\n<meta name=\"robots\" content=\"index, follow, max-snippet:-1, max-image-preview:large, max-video-preview:-1\" \/>\n<link rel=\"canonical\" href=\"https:\/\/www.everpharma.com\/vnm\/tin-tuc\/thong-tin-suc-khoe\/5-loi-ich-tu-lieu-phap-estrogen-tu-nhien-cho-phu-nu-tuoi-tien-man\/\" \/>\n<meta property=\"og:locale\" content=\"vi_VN\" \/>\n<meta property=\"og:type\" content=\"article\" \/>\n<meta property=\"og:title\" content=\"5 L\u1ee2I \u00cdCH T\u1eea LI\u1ec6U PH\u00c1P ESTROGEN T\u1ef0 NHI\u00caN CHO PH\u1ee4 N\u1eee TU\u1ed4I TI\u1ec0N M\u00c3N - EVER Pharma Viet Nam\" \/>\n<meta property=\"og:description\" content=\"5 L\u1ee2I \u00cdCH T\u1eea LI\u1ec6U PH\u00c1P ESTROGEN T\u1ef0 NHI\u00caN CHO PH\u1ee4 N\u1eee TU\u1ed4I TI\u1ec0N M\u00c3N Estrogen l\u00e0 \u0111\u01b0\u1ee3c m\u1ec7nh danh l\u00e0 \u201csu\u1ed1i ngu\u1ed3n t\u01b0\u01a1i tr\u1ebb\u201d cho ch\u1ecb em ph\u1ee5 n\u1eef b\u1edfi lo\u1ea1i n\u1ed9i ti\u1ebft t\u1ed1 (hormone sinh d\u1ee5c n\u1eef) n\u00e0y \u0111\u00f3ng vai tr\u00f2 quy\u1ebft \u0111\u1ecbnh t\u00e2m sinh l\u00fd c\u1ee7a ph\u00e1i \u0111\u1eb9p. T\u1eeb giai \u0111o\u1ea1n d\u1eady &hellip; Continued\" \/>\n<meta property=\"og:url\" content=\"https:\/\/www.everpharma.com\/vnm\/tin-tuc\/thong-tin-suc-khoe\/5-loi-ich-tu-lieu-phap-estrogen-tu-nhien-cho-phu-nu-tuoi-tien-man\/\" \/>\n<meta property=\"og:site_name\" content=\"EVER Pharma Viet Nam\" \/>\n<meta property=\"article:modified_time\" content=\"2021-06-02T18:38:58+00:00\" \/>\n<meta property=\"og:image\" content=\"https:\/\/everpharma.vn\/upload\/images\/Photo-1-153052335291.jpg\" \/>\n<meta name=\"twitter:card\" content=\"summary_large_image\" \/>\n<meta name=\"twitter:label1\" content=\"Est. reading time\" \/>\n\t<meta name=\"twitter:data1\" content=\"7 minutes\" \/>\n<script type=\"application\/ld+json\" class=\"yoast-schema-graph\">{\"@context\":\"https:\/\/schema.org\",\"@graph\":[{\"@type\":\"WebPage\",\"@id\":\"https:\/\/www.everpharma.com\/vnm\/tin-tuc\/thong-tin-suc-khoe\/5-loi-ich-tu-lieu-phap-estrogen-tu-nhien-cho-phu-nu-tuoi-tien-man\/\",\"url\":\"https:\/\/www.everpharma.com\/vnm\/tin-tuc\/thong-tin-suc-khoe\/5-loi-ich-tu-lieu-phap-estrogen-tu-nhien-cho-phu-nu-tuoi-tien-man\/\",\"name\":\"5 L\u1ee2I \u00cdCH T\u1eea LI\u1ec6U PH\u00c1P ESTROGEN T\u1ef0 NHI\u00caN CHO PH\u1ee4 N\u1eee TU\u1ed4I TI\u1ec0N M\u00c3N - EVER Pharma Viet Nam\",\"isPartOf\":{\"@id\":\"https:\/\/www.everpharma.com\/vnm\/#website\"},\"primaryImageOfPage\":{\"@id\":\"https:\/\/www.everpharma.com\/vnm\/tin-tuc\/thong-tin-suc-khoe\/5-loi-ich-tu-lieu-phap-estrogen-tu-nhien-cho-phu-nu-tuoi-tien-man\/#primaryimage\"},\"image\":{\"@id\":\"https:\/\/www.everpharma.com\/vnm\/tin-tuc\/thong-tin-suc-khoe\/5-loi-ich-tu-lieu-phap-estrogen-tu-nhien-cho-phu-nu-tuoi-tien-man\/#primaryimage\"},\"thumbnailUrl\":\"https:\/\/everpharma.vn\/upload\/images\/Photo-1-153052335291.jpg\",\"datePublished\":\"2021-06-02T18:38:34+00:00\",\"dateModified\":\"2021-06-02T18:38:58+00:00\",\"breadcrumb\":{\"@id\":\"https:\/\/www.everpharma.com\/vnm\/tin-tuc\/thong-tin-suc-khoe\/5-loi-ich-tu-lieu-phap-estrogen-tu-nhien-cho-phu-nu-tuoi-tien-man\/#breadcrumb\"},\"inLanguage\":\"vi-VN\",\"potentialAction\":[{\"@type\":\"ReadAction\",\"target\":[\"https:\/\/www.everpharma.com\/vnm\/tin-tuc\/thong-tin-suc-khoe\/5-loi-ich-tu-lieu-phap-estrogen-tu-nhien-cho-phu-nu-tuoi-tien-man\/\"]}]},{\"@type\":\"ImageObject\",\"inLanguage\":\"vi-VN\",\"@id\":\"https:\/\/www.everpharma.com\/vnm\/tin-tuc\/thong-tin-suc-khoe\/5-loi-ich-tu-lieu-phap-estrogen-tu-nhien-cho-phu-nu-tuoi-tien-man\/#primaryimage\",\"url\":\"https:\/\/everpharma.vn\/upload\/images\/Photo-1-153052335291.jpg\",\"contentUrl\":\"https:\/\/everpharma.vn\/upload\/images\/Photo-1-153052335291.jpg\"},{\"@type\":\"BreadcrumbList\",\"@id\":\"https:\/\/www.everpharma.com\/vnm\/tin-tuc\/thong-tin-suc-khoe\/5-loi-ich-tu-lieu-phap-estrogen-tu-nhien-cho-phu-nu-tuoi-tien-man\/#breadcrumb\",\"itemListElement\":[{\"@type\":\"ListItem\",\"position\":1,\"name\":\"Startseite\",\"item\":\"https:\/\/www.everpharma.com\/vnm\/\"},{\"@type\":\"ListItem\",\"position\":2,\"name\":\"Tin t\u1ee9c\",\"item\":\"https:\/\/www.everpharma.com\/vnm\/tin-tuc\/\"},{\"@type\":\"ListItem\",\"position\":3,\"name\":\"Th\u00f4ng tin s\u1ee9c kho\u1ebb\",\"item\":\"https:\/\/www.everpharma.com\/vnm\/tin-tuc\/thong-tin-suc-khoe\/\"},{\"@type\":\"ListItem\",\"position\":4,\"name\":\"5 L\u1ee2I \u00cdCH T\u1eea LI\u1ec6U PH\u00c1P ESTROGEN T\u1ef0 NHI\u00caN CHO PH\u1ee4 N\u1eee TU\u1ed4I TI\u1ec0N M\u00c3N\"}]},{\"@type\":\"WebSite\",\"@id\":\"https:\/\/www.everpharma.com\/vnm\/#website\",\"url\":\"https:\/\/www.everpharma.com\/vnm\/\",\"name\":\"EVER Pharma Viet Nam\",\"description\":\"Dedicated to Health.\",\"potentialAction\":[{\"@type\":\"SearchAction\",\"target\":{\"@type\":\"EntryPoint\",\"urlTemplate\":\"https:\/\/www.everpharma.com\/vnm\/?s={search_term_string}\"},\"query-input\":{\"@type\":\"PropertyValueSpecification\",\"valueRequired\":true,\"valueName\":\"search_term_string\"}}],\"inLanguage\":\"vi-VN\"}]}<\/script>\n<!-- \/ Yoast SEO plugin. -->","yoast_head_json":{"title":"5 L\u1ee2I \u00cdCH T\u1eea LI\u1ec6U PH\u00c1P ESTROGEN T\u1ef0 NHI\u00caN CHO PH\u1ee4 N\u1eee TU\u1ed4I TI\u1ec0N M\u00c3N - EVER Pharma Viet Nam","robots":{"index":"index","follow":"follow","max-snippet":"max-snippet:-1","max-image-preview":"max-image-preview:large","max-video-preview":"max-video-preview:-1"},"canonical":"https:\/\/www.everpharma.com\/vnm\/tin-tuc\/thong-tin-suc-khoe\/5-loi-ich-tu-lieu-phap-estrogen-tu-nhien-cho-phu-nu-tuoi-tien-man\/","og_locale":"vi_VN","og_type":"article","og_title":"5 L\u1ee2I \u00cdCH T\u1eea LI\u1ec6U PH\u00c1P ESTROGEN T\u1ef0 NHI\u00caN CHO PH\u1ee4 N\u1eee TU\u1ed4I TI\u1ec0N M\u00c3N - EVER Pharma Viet Nam","og_description":"5 L\u1ee2I \u00cdCH T\u1eea LI\u1ec6U PH\u00c1P ESTROGEN T\u1ef0 NHI\u00caN CHO PH\u1ee4 N\u1eee TU\u1ed4I TI\u1ec0N M\u00c3N Estrogen l\u00e0 \u0111\u01b0\u1ee3c m\u1ec7nh danh l\u00e0 \u201csu\u1ed1i ngu\u1ed3n t\u01b0\u01a1i tr\u1ebb\u201d cho ch\u1ecb em ph\u1ee5 n\u1eef b\u1edfi lo\u1ea1i n\u1ed9i ti\u1ebft t\u1ed1 (hormone sinh d\u1ee5c n\u1eef) n\u00e0y \u0111\u00f3ng vai tr\u00f2 quy\u1ebft \u0111\u1ecbnh t\u00e2m sinh l\u00fd c\u1ee7a ph\u00e1i \u0111\u1eb9p. T\u1eeb giai \u0111o\u1ea1n d\u1eady &hellip; Continued","og_url":"https:\/\/www.everpharma.com\/vnm\/tin-tuc\/thong-tin-suc-khoe\/5-loi-ich-tu-lieu-phap-estrogen-tu-nhien-cho-phu-nu-tuoi-tien-man\/","og_site_name":"EVER Pharma Viet Nam","article_modified_time":"2021-06-02T18:38:58+00:00","og_image":[{"url":"https:\/\/everpharma.vn\/upload\/images\/Photo-1-153052335291.jpg","type":"","width":"","height":""}],"twitter_card":"summary_large_image","twitter_misc":{"Est. reading time":"7 minutes"},"schema":{"@context":"https:\/\/schema.org","@graph":[{"@type":"WebPage","@id":"https:\/\/www.everpharma.com\/vnm\/tin-tuc\/thong-tin-suc-khoe\/5-loi-ich-tu-lieu-phap-estrogen-tu-nhien-cho-phu-nu-tuoi-tien-man\/","url":"https:\/\/www.everpharma.com\/vnm\/tin-tuc\/thong-tin-suc-khoe\/5-loi-ich-tu-lieu-phap-estrogen-tu-nhien-cho-phu-nu-tuoi-tien-man\/","name":"5 L\u1ee2I \u00cdCH T\u1eea LI\u1ec6U PH\u00c1P ESTROGEN T\u1ef0 NHI\u00caN CHO PH\u1ee4 N\u1eee TU\u1ed4I TI\u1ec0N M\u00c3N - EVER Pharma Viet Nam","isPartOf":{"@id":"https:\/\/www.everpharma.com\/vnm\/#website"},"primaryImageOfPage":{"@id":"https:\/\/www.everpharma.com\/vnm\/tin-tuc\/thong-tin-suc-khoe\/5-loi-ich-tu-lieu-phap-estrogen-tu-nhien-cho-phu-nu-tuoi-tien-man\/#primaryimage"},"image":{"@id":"https:\/\/www.everpharma.com\/vnm\/tin-tuc\/thong-tin-suc-khoe\/5-loi-ich-tu-lieu-phap-estrogen-tu-nhien-cho-phu-nu-tuoi-tien-man\/#primaryimage"},"thumbnailUrl":"https:\/\/everpharma.vn\/upload\/images\/Photo-1-153052335291.jpg","datePublished":"2021-06-02T18:38:34+00:00","dateModified":"2021-06-02T18:38:58+00:00","breadcrumb":{"@id":"https:\/\/www.everpharma.com\/vnm\/tin-tuc\/thong-tin-suc-khoe\/5-loi-ich-tu-lieu-phap-estrogen-tu-nhien-cho-phu-nu-tuoi-tien-man\/#breadcrumb"},"inLanguage":"vi-VN","potentialAction":[{"@type":"ReadAction","target":["https:\/\/www.everpharma.com\/vnm\/tin-tuc\/thong-tin-suc-khoe\/5-loi-ich-tu-lieu-phap-estrogen-tu-nhien-cho-phu-nu-tuoi-tien-man\/"]}]},{"@type":"ImageObject","inLanguage":"vi-VN","@id":"https:\/\/www.everpharma.com\/vnm\/tin-tuc\/thong-tin-suc-khoe\/5-loi-ich-tu-lieu-phap-estrogen-tu-nhien-cho-phu-nu-tuoi-tien-man\/#primaryimage","url":"https:\/\/everpharma.vn\/upload\/images\/Photo-1-153052335291.jpg","contentUrl":"https:\/\/everpharma.vn\/upload\/images\/Photo-1-153052335291.jpg"},{"@type":"BreadcrumbList","@id":"https:\/\/www.everpharma.com\/vnm\/tin-tuc\/thong-tin-suc-khoe\/5-loi-ich-tu-lieu-phap-estrogen-tu-nhien-cho-phu-nu-tuoi-tien-man\/#breadcrumb","itemListElement":[{"@type":"ListItem","position":1,"name":"Startseite","item":"https:\/\/www.everpharma.com\/vnm\/"},{"@type":"ListItem","position":2,"name":"Tin t\u1ee9c","item":"https:\/\/www.everpharma.com\/vnm\/tin-tuc\/"},{"@type":"ListItem","position":3,"name":"Th\u00f4ng tin s\u1ee9c kho\u1ebb","item":"https:\/\/www.everpharma.com\/vnm\/tin-tuc\/thong-tin-suc-khoe\/"},{"@type":"ListItem","position":4,"name":"5 L\u1ee2I \u00cdCH T\u1eea LI\u1ec6U PH\u00c1P ESTROGEN T\u1ef0 NHI\u00caN CHO PH\u1ee4 N\u1eee TU\u1ed4I TI\u1ec0N M\u00c3N"}]},{"@type":"WebSite","@id":"https:\/\/www.everpharma.com\/vnm\/#website","url":"https:\/\/www.everpharma.com\/vnm\/","name":"EVER Pharma Viet Nam","description":"Dedicated to Health.","potentialAction":[{"@type":"SearchAction","target":{"@type":"EntryPoint","urlTemplate":"https:\/\/www.everpharma.com\/vnm\/?s={search_term_string}"},"query-input":{"@type":"PropertyValueSpecification","valueRequired":true,"valueName":"search_term_string"}}],"inLanguage":"vi-VN"}]}},"_links":{"self":[{"href":"https:\/\/www.everpharma.com\/vnm\/wp-json\/wp\/v2\/pages\/161","targetHints":{"allow":["GET"]}}],"collection":[{"href":"https:\/\/www.everpharma.com\/vnm\/wp-json\/wp\/v2\/pages"}],"about":[{"href":"https:\/\/www.everpharma.com\/vnm\/wp-json\/wp\/v2\/types\/page"}],"author":[{"embeddable":true,"href":"https:\/\/www.everpharma.com\/vnm\/wp-json\/wp\/v2\/users\/2"}],"replies":[{"embeddable":true,"href":"https:\/\/www.everpharma.com\/vnm\/wp-json\/wp\/v2\/comments?post=161"}],"version-history":[{"count":1,"href":"https:\/\/www.everpharma.com\/vnm\/wp-json\/wp\/v2\/pages\/161\/revisions"}],"predecessor-version":[{"id":162,"href":"https:\/\/www.everpharma.com\/vnm\/wp-json\/wp\/v2\/pages\/161\/revisions\/162"}],"up":[{"embeddable":true,"href":"https:\/\/www.everpharma.com\/vnm\/wp-json\/wp\/v2\/pages\/148"}],"wp:attachment":[{"href":"https:\/\/www.everpharma.com\/vnm\/wp-json\/wp\/v2\/media?parent=161"}],"curies":[{"name":"wp","href":"https:\/\/api.w.org\/{rel}","templated":true}]}}