{"id":148,"date":"2021-06-02T20:32:29","date_gmt":"2021-06-02T18:32:29","guid":{"rendered":"https:\/\/www.everpharma.com\/vnm\/?page_id=148"},"modified":"2021-06-02T20:46:04","modified_gmt":"2021-06-02T18:46:04","slug":"thong-tin-suc-khoe","status":"publish","type":"page","link":"https:\/\/www.everpharma.com\/vnm\/tin-tuc\/thong-tin-suc-khoe\/","title":{"rendered":"Th\u00f4ng tin s\u1ee9c kho\u1ebb"},"content":{"rendered":"\n<h2 class=\"is-style-section-title wp-block-heading\">Th\u00f4ng tin s\u1ee9c kho\u1ebb.<\/h2>\n\n\n\n<p>Nh\u1eefng b\u00e0i vi\u1ebft h\u1eefu \u00edch v\u1ec1 b\u00ed quy\u1ebft ch\u0103m s\u00f3c s\u1ee9c kho\u1ebb cho b\u1ea1n v\u00e0 nh\u1eefng ng\u01b0\u1eddi th\u00e2n y\u00eau.<\/p>\n\n\n\n<div style=\"height:60px\" aria-hidden=\"true\" class=\"wp-block-spacer\"><\/div>\n\n\n\n<div class=\"wp-block-columns is-layout-flex wp-container-core-columns-is-layout-9d6595d7 wp-block-columns-is-layout-flex\">\n<div class=\"wp-block-column is-layout-flow wp-block-column-is-layout-flow\" style=\"flex-basis:33.34%\">\n<a class=\"wp-block-wpco-wrapper wp-block-link-wrapper has-theme-white-color has-theme-red-background-color\" href=\"https:\/\/www.everpharma.com\/vnm\/thong-tin-suc-khoe\/5-loi-ich-tu-lieu-phap-estrogen-tu-nhien-cho-phu-nu-tuoi-tien-man\/\" target=\"_self\" rel=\"noopener\"><div class=\"wp-block-link-wrapper__inner-container\">\n<p>5 L\u1ee2I \u00cdCH T\u1eea LI\u1ec6U PH\u00c1P ESTROGEN T\u1ef0 NHI\u00caN CHO PH\u1ee4 N\u1eee TU\u1ed4I TI\u1ec0N M\u00c3N<\/p>\n<span class=\"wp-block-link-wrapper__more\">T\u00ecm hi\u1ec3u th\u00eam<\/span><\/div><\/a>\n<\/div>\n\n\n\n<div class=\"wp-block-column is-layout-flow wp-block-column-is-layout-flow\" style=\"flex-basis:33.34%\">\n<a class=\"wp-block-wpco-wrapper wp-block-link-wrapper has-theme-white-color has-theme-red-dark-background-color\" href=\"https:\/\/www.everpharma.com\/vnm\/thong-tin-suc-khoe\/giai-ma-nhung-trieu-chung-tuoi-man-kinh\/\" target=\"_self\" rel=\"noopener\"><div class=\"wp-block-link-wrapper__inner-container\">\n<p>Gi\u1ea3i m\u00e3 nh\u1eefng tri\u1ec7u ch\u1ee9ng tu\u1ed5i m\u00e3n kinh<\/p>\n<span class=\"wp-block-link-wrapper__more\"><strong><em>T\u00ecm hi\u1ec3u th\u00eam<\/em><\/strong><\/span><\/div><\/a>\n<\/div>\n\n\n\n<div class=\"wp-block-column is-layout-flow wp-block-column-is-layout-flow\" style=\"flex-basis:33.33%\">\n<a class=\"wp-block-wpco-wrapper wp-block-link-wrapper has-theme-white-color has-theme-red-darker-background-color\" href=\"https:\/\/www.everpharma.com\/vnm\/thong-tin-suc-khoe\/nang-cao-suc-de-khang-giai-phap-giup-giam-nguy-co-khang-khang-sinh\/\" target=\"_self\" rel=\"noopener\"><div class=\"wp-block-link-wrapper__inner-container\">\n<p>N\u00e2ng cao s\u1ee9c \u0111\u1ec1 kh\u00e1ng &#8211; Gi\u1ea3i ph\u00e1p gi\u00fap gi\u1ea3m nguy c\u01a1 kh\u00e1ng kh\u00e1ng sinh<\/p>\n<span class=\"wp-block-link-wrapper__more\"><strong><em>T\u00ecm hi\u1ec3u th\u00eam<\/em><\/strong><\/span><\/div><\/a>\n<\/div>\n<\/div>\n\n\n\n<div class=\"wp-block-columns is-layout-flex wp-container-core-columns-is-layout-9d6595d7 wp-block-columns-is-layout-flex\">\n<div class=\"wp-block-column is-layout-flow wp-block-column-is-layout-flow\" style=\"flex-basis:33.34%\">\n<a class=\"wp-block-wpco-wrapper wp-block-link-wrapper has-theme-white-color has-theme-red-dark-background-color\" href=\"https:\/\/www.everpharma.com\/vnm\/thong-tin-suc-khoe\/men-gao-do-vi-thuoc-thien-nhien-ki-dieu-cho-benh-mo-mau\/\" target=\"_self\" rel=\"noopener\"><div class=\"wp-block-link-wrapper__inner-container\">\n<p>Men g\u1ea1o \u0111\u1ecf: V\u1ecb thu\u1ed1c thi\u00ean nhi\u00ean k\u00ec di\u1ec7u cho b\u1ec7nh m\u1ee1 m\u00e1u<\/p>\n<span class=\"wp-block-link-wrapper__more\">T\u00ecm hi\u1ec3u th\u00eam<\/span><\/div><\/a>\n<\/div>\n\n\n\n<div class=\"wp-block-column is-layout-flow wp-block-column-is-layout-flow\" style=\"flex-basis:33.34%\"><\/div>\n\n\n\n<div class=\"wp-block-column is-layout-flow wp-block-column-is-layout-flow\" style=\"flex-basis:33.33%\"><\/div>\n<\/div>\n\n\n\n<div style=\"height:100px\" aria-hidden=\"true\" class=\"wp-block-spacer\"><\/div>\n","protected":false},"excerpt":{"rendered":"<p>Th\u00f4ng tin s\u1ee9c kho\u1ebb. Nh\u1eefng b\u00e0i vi\u1ebft h\u1eefu \u00edch v\u1ec1 b\u00ed quy\u1ebft ch\u0103m s\u00f3c s\u1ee9c kho\u1ebb cho b\u1ea1n v\u00e0 nh\u1eefng ng\u01b0\u1eddi th\u00e2n y\u00eau.<\/p>\n","protected":false},"author":2,"featured_media":0,"parent":316,"menu_order":0,"comment_status":"closed","ping_status":"closed","template":"","meta":{"footnotes":""},"class_list":["post-148","page","type-page","status-publish","hentry"],"yoast_head":"<!-- This site is optimized with the Yoast SEO plugin v27.4 - https:\/\/yoast.com\/product\/yoast-seo-wordpress\/ -->\n<title>Th\u00f4ng tin s\u1ee9c kho\u1ebb - EVER Pharma Viet Nam<\/title>\n<meta name=\"robots\" content=\"index, follow, max-snippet:-1, max-image-preview:large, max-video-preview:-1\" \/>\n<link rel=\"canonical\" href=\"https:\/\/www.everpharma.com\/vnm\/tin-tuc\/thong-tin-suc-khoe\/\" \/>\n<meta property=\"og:locale\" content=\"vi_VN\" \/>\n<meta property=\"og:type\" content=\"article\" \/>\n<meta property=\"og:title\" content=\"Th\u00f4ng tin s\u1ee9c kho\u1ebb - EVER Pharma Viet Nam\" \/>\n<meta property=\"og:description\" content=\"Th\u00f4ng tin s\u1ee9c kho\u1ebb. Nh\u1eefng b\u00e0i vi\u1ebft h\u1eefu \u00edch v\u1ec1 b\u00ed quy\u1ebft ch\u0103m s\u00f3c s\u1ee9c kho\u1ebb cho b\u1ea1n v\u00e0 nh\u1eefng ng\u01b0\u1eddi th\u00e2n y\u00eau.\" \/>\n<meta property=\"og:url\" content=\"https:\/\/www.everpharma.com\/vnm\/tin-tuc\/thong-tin-suc-khoe\/\" \/>\n<meta property=\"og:site_name\" content=\"EVER Pharma Viet Nam\" \/>\n<meta property=\"article:modified_time\" content=\"2021-06-02T18:46:04+00:00\" \/>\n<meta name=\"twitter:card\" content=\"summary_large_image\" \/>\n<meta name=\"twitter:label1\" content=\"Est. reading time\" \/>\n\t<meta name=\"twitter:data1\" content=\"1 minute\" \/>\n<script type=\"application\/ld+json\" class=\"yoast-schema-graph\">{\"@context\":\"https:\\\/\\\/schema.org\",\"@graph\":[{\"@type\":\"WebPage\",\"@id\":\"https:\\\/\\\/www.everpharma.com\\\/vnm\\\/tin-tuc\\\/thong-tin-suc-khoe\\\/\",\"url\":\"https:\\\/\\\/www.everpharma.com\\\/vnm\\\/tin-tuc\\\/thong-tin-suc-khoe\\\/\",\"name\":\"Th\u00f4ng tin s\u1ee9c kho\u1ebb - EVER Pharma Viet Nam\",\"isPartOf\":{\"@id\":\"https:\\\/\\\/www.everpharma.com\\\/vnm\\\/#website\"},\"datePublished\":\"2021-06-02T18:32:29+00:00\",\"dateModified\":\"2021-06-02T18:46:04+00:00\",\"breadcrumb\":{\"@id\":\"https:\\\/\\\/www.everpharma.com\\\/vnm\\\/tin-tuc\\\/thong-tin-suc-khoe\\\/#breadcrumb\"},\"inLanguage\":\"vi-VN\",\"potentialAction\":[{\"@type\":\"ReadAction\",\"target\":[\"https:\\\/\\\/www.everpharma.com\\\/vnm\\\/tin-tuc\\\/thong-tin-suc-khoe\\\/\"]}]},{\"@type\":\"BreadcrumbList\",\"@id\":\"https:\\\/\\\/www.everpharma.com\\\/vnm\\\/tin-tuc\\\/thong-tin-suc-khoe\\\/#breadcrumb\",\"itemListElement\":[{\"@type\":\"ListItem\",\"position\":1,\"name\":\"Startseite\",\"item\":\"https:\\\/\\\/www.everpharma.com\\\/vnm\\\/\"},{\"@type\":\"ListItem\",\"position\":2,\"name\":\"Tin t\u1ee9c\",\"item\":\"https:\\\/\\\/www.everpharma.com\\\/vnm\\\/tin-tuc\\\/\"},{\"@type\":\"ListItem\",\"position\":3,\"name\":\"Th\u00f4ng tin s\u1ee9c kho\u1ebb\"}]},{\"@type\":\"WebSite\",\"@id\":\"https:\\\/\\\/www.everpharma.com\\\/vnm\\\/#website\",\"url\":\"https:\\\/\\\/www.everpharma.com\\\/vnm\\\/\",\"name\":\"EVER Pharma Viet Nam\",\"description\":\"Dedicated to Health.\",\"potentialAction\":[{\"@type\":\"SearchAction\",\"target\":{\"@type\":\"EntryPoint\",\"urlTemplate\":\"https:\\\/\\\/www.everpharma.com\\\/vnm\\\/?s={search_term_string}\"},\"query-input\":{\"@type\":\"PropertyValueSpecification\",\"valueRequired\":true,\"valueName\":\"search_term_string\"}}],\"inLanguage\":\"vi-VN\"}]}<\/script>\n<!-- \/ Yoast SEO plugin. -->","yoast_head_json":{"title":"Th\u00f4ng tin s\u1ee9c kho\u1ebb - EVER Pharma Viet Nam","robots":{"index":"index","follow":"follow","max-snippet":"max-snippet:-1","max-image-preview":"max-image-preview:large","max-video-preview":"max-video-preview:-1"},"canonical":"https:\/\/www.everpharma.com\/vnm\/tin-tuc\/thong-tin-suc-khoe\/","og_locale":"vi_VN","og_type":"article","og_title":"Th\u00f4ng tin s\u1ee9c kho\u1ebb - EVER Pharma Viet Nam","og_description":"Th\u00f4ng tin s\u1ee9c kho\u1ebb. Nh\u1eefng b\u00e0i vi\u1ebft h\u1eefu \u00edch v\u1ec1 b\u00ed quy\u1ebft ch\u0103m s\u00f3c s\u1ee9c kho\u1ebb cho b\u1ea1n v\u00e0 nh\u1eefng ng\u01b0\u1eddi th\u00e2n y\u00eau.","og_url":"https:\/\/www.everpharma.com\/vnm\/tin-tuc\/thong-tin-suc-khoe\/","og_site_name":"EVER Pharma Viet Nam","article_modified_time":"2021-06-02T18:46:04+00:00","twitter_card":"summary_large_image","twitter_misc":{"Est. reading time":"1 minute"},"schema":{"@context":"https:\/\/schema.org","@graph":[{"@type":"WebPage","@id":"https:\/\/www.everpharma.com\/vnm\/tin-tuc\/thong-tin-suc-khoe\/","url":"https:\/\/www.everpharma.com\/vnm\/tin-tuc\/thong-tin-suc-khoe\/","name":"Th\u00f4ng tin s\u1ee9c kho\u1ebb - EVER Pharma Viet Nam","isPartOf":{"@id":"https:\/\/www.everpharma.com\/vnm\/#website"},"datePublished":"2021-06-02T18:32:29+00:00","dateModified":"2021-06-02T18:46:04+00:00","breadcrumb":{"@id":"https:\/\/www.everpharma.com\/vnm\/tin-tuc\/thong-tin-suc-khoe\/#breadcrumb"},"inLanguage":"vi-VN","potentialAction":[{"@type":"ReadAction","target":["https:\/\/www.everpharma.com\/vnm\/tin-tuc\/thong-tin-suc-khoe\/"]}]},{"@type":"BreadcrumbList","@id":"https:\/\/www.everpharma.com\/vnm\/tin-tuc\/thong-tin-suc-khoe\/#breadcrumb","itemListElement":[{"@type":"ListItem","position":1,"name":"Startseite","item":"https:\/\/www.everpharma.com\/vnm\/"},{"@type":"ListItem","position":2,"name":"Tin t\u1ee9c","item":"https:\/\/www.everpharma.com\/vnm\/tin-tuc\/"},{"@type":"ListItem","position":3,"name":"Th\u00f4ng tin s\u1ee9c kho\u1ebb"}]},{"@type":"WebSite","@id":"https:\/\/www.everpharma.com\/vnm\/#website","url":"https:\/\/www.everpharma.com\/vnm\/","name":"EVER Pharma Viet Nam","description":"Dedicated to Health.","potentialAction":[{"@type":"SearchAction","target":{"@type":"EntryPoint","urlTemplate":"https:\/\/www.everpharma.com\/vnm\/?s={search_term_string}"},"query-input":{"@type":"PropertyValueSpecification","valueRequired":true,"valueName":"search_term_string"}}],"inLanguage":"vi-VN"}]}},"_links":{"self":[{"href":"https:\/\/www.everpharma.com\/vnm\/wp-json\/wp\/v2\/pages\/148","targetHints":{"allow":["GET"]}}],"collection":[{"href":"https:\/\/www.everpharma.com\/vnm\/wp-json\/wp\/v2\/pages"}],"about":[{"href":"https:\/\/www.everpharma.com\/vnm\/wp-json\/wp\/v2\/types\/page"}],"author":[{"embeddable":true,"href":"https:\/\/www.everpharma.com\/vnm\/wp-json\/wp\/v2\/users\/2"}],"replies":[{"embeddable":true,"href":"https:\/\/www.everpharma.com\/vnm\/wp-json\/wp\/v2\/comments?post=148"}],"version-history":[{"count":12,"href":"https:\/\/www.everpharma.com\/vnm\/wp-json\/wp\/v2\/pages\/148\/revisions"}],"predecessor-version":[{"id":175,"href":"https:\/\/www.everpharma.com\/vnm\/wp-json\/wp\/v2\/pages\/148\/revisions\/175"}],"up":[{"embeddable":true,"href":"https:\/\/www.everpharma.com\/vnm\/wp-json\/wp\/v2\/pages\/316"}],"wp:attachment":[{"href":"https:\/\/www.everpharma.com\/vnm\/wp-json\/wp\/v2\/media?parent=148"}],"curies":[{"name":"wp","href":"https:\/\/api.w.org\/{rel}","templated":true}]}}