{"id":400,"date":"2021-09-06T00:17:03","date_gmt":"2021-09-05T17:17:03","guid":{"rendered":"https:\/\/www.everpharma.com\/vnm\/?page_id=400"},"modified":"2021-11-16T12:23:55","modified_gmt":"2021-11-16T05:23:55","slug":"steering-committee","status":"publish","type":"page","link":"https:\/\/www.everpharma.com\/vnm\/en\/avant-programm\/steering-committee\/","title":{"rendered":"Steering Committee"},"content":{"rendered":"\n<h2 class=\"is-style-section-title wp-block-heading\">The steering committee of the AVANT program.<\/h2>\n\n\n\n<p>A steering committee including top leading professors, doctors and experts in the field of Neurology, Stroke and Rehbilitation from World Stroke Organization, Vietnam Ministry of Health, Vietnam Medical Association and their member associations, together with leading hospitals contributed to develop training scheme of AVANT Program.<\/p>\n\n\n\n<div style=\"height:20px\" aria-hidden=\"true\" class=\"wp-block-spacer\"><\/div>\n\n\n\n<h5 class=\"has-md-font-size wp-block-heading\">These are the members of the AVANT program&#8217;s steering committee:<\/h5>\n\n\n\n<div class=\"wp-block-columns is-layout-flex wp-container-core-columns-is-layout-9d6595d7 wp-block-columns-is-layout-flex\">\n<div class=\"wp-block-column is-layout-flow wp-block-column-is-layout-flow\">\n<div class=\"wp-block-columns is-layout-flex wp-container-core-columns-is-layout-9d6595d7 wp-block-columns-is-layout-flex\">\n<div class=\"wp-block-column is-layout-flow wp-block-column-is-layout-flow\">\n<p><strong>Prof.&nbsp;Michael Brainin<\/strong> <br><em>President, World Stroke Organization \u2013 WSO<\/em> <\/p>\n\n\n\n<p><strong><strong><strong>Prim. Dr. Andreas Winkler<\/strong> <\/strong><br><\/strong><em><em>President, Neurorehabilitation Clinical Research Association, Austria<\/em> <\/em>  <br><em>Medical Director, Neurorehabilitation Clinic Bad Pirawarth, Austria<\/em><\/p>\n\n\n\n<p><strong><strong>Prof. Bernhard Iglseder<\/strong> <\/strong> <br><em><em>Head of Gerontology Department, Christian Doppler Hospital, Austria<\/em> <\/em> <\/p>\n\n\n\n<p><strong><strong><strong>Prof. Nguy\u1ec5n Th\u1ecb Xuy\u00ean<\/strong> <\/strong> <\/strong> <br><em><em><em>President, Vietnam Medical Association<\/em> <\/em> <\/em> <\/p>\n\n\n\n<p><strong><strong><strong><strong>Prof. L\u01b0\u01a1ng Tu\u1ea5n Khanh<\/strong> <\/strong> <\/strong> <\/strong> <br><em><em><em><em>Director, Rehabilitation after stroke Center, Bach Mai Hospital&nbsp;<\/em> <\/em> <\/em> <\/em> <\/p>\n\n\n\n<p><strong><strong><strong><strong>Prof. Nguy\u1ec5n V\u0103n Th\u00f4ng<\/strong> <\/strong> <\/strong><br><\/strong><em><em><em>President, Vietnam Stroke Society<\/em> <\/em> <\/em>  <br><em>Former Director, Stroke Center, 108 Military Central Hospital&nbsp;<\/em> <\/p>\n\n\n\n<p><strong><strong><strong>Prof. L\u00ea V\u0103n Th\u00ednh<\/strong> <\/strong><\/strong> <br><em><em>President, Hanoi Neurology Association&nbsp; <\/em><\/em><\/p>\n\n\n\n<p><strong><strong><strong><strong><strong>Prof.&nbsp;Nguy\u1ec5n Tr\u1ecdng L\u01b0u<\/strong> <\/strong><\/strong> <\/strong><br><\/strong><em><em><em><em>President, Rehabilitation Center, 108 Military Central Hospital&nbsp;<\/em> <\/em> <\/em> <\/em>  <br><em><em>Vice President, Vietnam Rehabilitation Association<\/em> &nbsp;<\/em> <\/p>\n\n\n\n<p><strong><strong><strong><strong>Prof. L\u00ea \u0110\u1ee9c Hinh<\/strong> <\/strong> <\/strong><\/strong> <br><em><em><em>Former President, Vietnam Neurology Association<\/em> &nbsp; <\/em><\/em><\/p>\n<\/div>\n\n\n\n<div class=\"wp-block-column is-layout-flow wp-block-column-is-layout-flow\">\n<p><strong><strong><strong><strong><strong>Prof. Nguy\u1ec5n Minh Hi\u1ec7n<\/strong> <\/strong> <\/strong> <\/strong><\/strong> <br><em><em><em><em>Vice President, Vietnam Stroke Association<\/em> <\/em> &nbsp; <\/em><\/em><\/p>\n\n\n\n<p><strong><strong><strong><strong><strong><strong>Prof. Nguy\u1ec5n \u0110\u1ea1t Anh<\/strong> <\/strong> <\/strong> <\/strong> <\/strong><\/strong> <br><em><em><em><em>Former Head of ICU Department, Bach Mai Hospital <\/em> <\/em> &nbsp; <\/em><\/em><\/p>\n\n\n\n<p><strong><strong><strong><strong><strong><strong><strong>Prof. L\u01b0\u01a1ng Th\u00fay Hi\u1ec1n<\/strong> <\/strong><\/strong> <\/strong> <\/strong> <\/strong><\/strong> <br><em><em><em><em><em>Vice Head of Neurology Department, Bach Mai Hospital<\/em> <\/em> <\/em> &nbsp; <\/em><\/em><\/p>\n\n\n\n<p><strong><strong><strong><strong><strong><strong><strong><strong>PGS. TS. H\u00e0 Ho\u00e0ng Ki\u1ec7m<\/strong> <\/strong> <\/strong><\/strong> <\/strong> <\/strong> <\/strong><\/strong> <br><em><em><em><em><em><em>Former Head of Rehabilitation Department, 103 Military Hospital&nbsp;<\/em> <\/em> <\/em> <\/em> &nbsp; <\/em><\/em><\/p>\n\n\n\n<p><strong><strong><strong><strong><strong><strong><strong><strong><strong>PGS. TS. Nguy\u1ec5n Ho\u00e0ng Ng\u1ecdc<\/strong> <\/strong> <\/strong> <\/strong><\/strong> <\/strong> <\/strong> <\/strong><\/strong> <br><em><em><em><em><em><em><em>Vice Director, 108 Military Central Hospital&nbsp;<\/em> &nbsp;<\/em> <\/em> <\/em> <\/em> &nbsp; <\/em><\/em><\/p>\n\n\n\n<p><strong><strong><strong><strong><strong><strong><strong><strong><strong><strong>Prof. Ph\u1ea1m Th\u1eafng<\/strong> <\/strong><\/strong> <\/strong> <\/strong><\/strong> <\/strong> <\/strong> <\/strong><\/strong> <br><em><em><em><em><em><em><em><em>Former President, National Gerontology Hospital<\/em> &nbsp;<\/em> &nbsp;<\/em> <\/em> <\/em> <\/em> &nbsp; <\/em><\/em><\/p>\n\n\n\n<p><strong><strong><strong><strong><strong><strong><strong><strong><strong><strong><strong><strong><strong><strong>Dr.&nbsp;Tr\u1ea7n Vi\u1ebft L\u1ef1c, PhD<\/strong> <\/strong><\/strong><\/strong><\/strong><\/strong><\/strong><\/strong><\/strong><\/strong><\/strong> <\/strong> <\/strong><br><\/strong><em><em><em>Lecturer, Neurology Department, Hanoi Medical University<\/em> <\/em> <\/em>  <br><em><em>Head of Examination Department, National Gerontology Hospital<\/em> <\/em><\/p>\n\n\n\n<p><strong><strong><strong><strong><strong><strong><strong><strong><strong>D<strong>r. Nguy\u1ec5n \u0110\u00ecnh H\u01b0ng, PhD<\/strong> <\/strong> <\/strong> <\/strong> <\/strong><\/strong> <\/strong> <\/strong> <\/strong><\/strong> <br><em><em><em><em><em><em><em><em>Director, Saint Paul Hospital<\/em> &nbsp;<\/em> &nbsp;<\/em> <\/em> <\/em> <\/em> &nbsp; <\/em><\/em><\/p>\n\n\n\n<p><strong><strong><strong><strong><strong><strong><strong><strong><strong><strong>Dr. L\u00ea Th\u1ecb Ki\u1ec1u Hoa<\/strong>  <\/strong> <\/strong> <\/strong> <\/strong><\/strong> <\/strong> <\/strong> <\/strong><\/strong> <br><em><em><em><em><em><em><em><em><em>Head of Rehabilitation, 103 Military Hospital&nbsp;<\/em> <\/em> &nbsp;<\/em> &nbsp;<\/em> <\/em> <\/em> <\/em> &nbsp; <\/em><\/em><\/p>\n\n\n\n<p><strong><strong><strong><strong><strong><strong><strong><strong><strong><strong><strong>Prof. Tr\u1ea7n Tr\u1ecdng H\u1ea3i<\/strong> <\/strong>  <\/strong> <\/strong> <\/strong> <\/strong><\/strong> <\/strong> <\/strong> <\/strong><\/strong> <br><em><em><em><em><em><em><em><em><em><em>President, Vietnam Rehabilitation Association<\/em> &nbsp;<\/em> <\/em> &nbsp;<\/em> &nbsp;<\/em> <\/em> <\/em> <\/em> &nbsp; <\/em><\/em><\/p>\n<\/div>\n<\/div>\n<\/div>\n<\/div>\n\n\n\n<div style=\"height:40px\" aria-hidden=\"true\" class=\"wp-block-spacer\"><\/div>\n\n\n\n<div class=\"wp-block-columns is-layout-flex wp-container-core-columns-is-layout-9d6595d7 wp-block-columns-is-layout-flex\">\n<div class=\"wp-block-column is-layout-flow wp-block-column-is-layout-flow\">\n<figure class=\"wp-block-gallery columns-2 is-cropped wp-block-gallery-2 is-layout-flex wp-block-gallery-is-layout-flex\"><ul class=\"blocks-gallery-grid\"><li class=\"blocks-gallery-item\"><figure><img loading=\"lazy\" decoding=\"async\" width=\"960\" height=\"631\" src=\"https:\/\/www.everpharma.com\/vnm\/wp-content\/uploads\/sites\/9\/2021\/09\/Steering-Committee-1.jpg\" alt=\"\" data-id=\"422\" data-full-url=\"https:\/\/www.everpharma.com\/vnm\/wp-content\/uploads\/sites\/9\/2021\/09\/Steering-Committee-1.jpg\" data-link=\"https:\/\/www.everpharma.com\/vnm\/en\/avant-programm\/steering-committee\/steering-committee-1\/\" class=\"wp-image-422\" srcset=\"https:\/\/www.everpharma.com\/vnm\/wp-content\/uploads\/sites\/9\/2021\/09\/Steering-Committee-1.jpg 960w, https:\/\/www.everpharma.com\/vnm\/wp-content\/uploads\/sites\/9\/2021\/09\/Steering-Committee-1-300x197.jpg 300w, https:\/\/www.everpharma.com\/vnm\/wp-content\/uploads\/sites\/9\/2021\/09\/Steering-Committee-1-768x505.jpg 768w\" sizes=\"auto, (max-width: 960px) 100vw, 960px\" \/><\/figure><\/li><li class=\"blocks-gallery-item\"><figure><img loading=\"lazy\" decoding=\"async\" width=\"960\" height=\"720\" src=\"https:\/\/www.everpharma.com\/vnm\/wp-content\/uploads\/sites\/9\/2021\/09\/17883970_610384815818159_9019635865923430201_n1-1.jpg\" alt=\"\" data-id=\"420\" data-full-url=\"https:\/\/www.everpharma.com\/vnm\/wp-content\/uploads\/sites\/9\/2021\/09\/17883970_610384815818159_9019635865923430201_n1-1.jpg\" data-link=\"https:\/\/www.everpharma.com\/vnm\/en\/avant-programm\/steering-committee\/17883970_610384815818159_9019635865923430201_n1-1\/\" class=\"wp-image-420\" srcset=\"https:\/\/www.everpharma.com\/vnm\/wp-content\/uploads\/sites\/9\/2021\/09\/17883970_610384815818159_9019635865923430201_n1-1.jpg 960w, https:\/\/www.everpharma.com\/vnm\/wp-content\/uploads\/sites\/9\/2021\/09\/17883970_610384815818159_9019635865923430201_n1-1-300x225.jpg 300w, https:\/\/www.everpharma.com\/vnm\/wp-content\/uploads\/sites\/9\/2021\/09\/17883970_610384815818159_9019635865923430201_n1-1-768x576.jpg 768w\" sizes=\"auto, (max-width: 960px) 100vw, 960px\" \/><\/figure><\/li><\/ul><\/figure>\n<\/div>\n<\/div>\n\n\n\n<div style=\"height:100px\" aria-hidden=\"true\" class=\"wp-block-spacer\"><\/div>\n","protected":false},"excerpt":{"rendered":"<p>The steering committee of the AVANT program. A steering committee including top leading professors, doctors and experts in the field of Neurology, Stroke and Rehbilitation from World Stroke Organization, Vietnam Ministry of Health, Vietnam Medical Association and their member associations, together with leading hospitals contributed to develop training scheme of AVANT Program. These are the &hellip; <a href=\"https:\/\/www.everpharma.com\/vnm\/en\/avant-programm\/steering-committee\/\">Continued<\/a><\/p>\n","protected":false},"author":2,"featured_media":0,"parent":274,"menu_order":0,"comment_status":"closed","ping_status":"closed","template":"","meta":{"footnotes":""},"class_list":["post-400","page","type-page","status-publish","hentry"],"yoast_head":"<!-- This site is optimized with the Yoast SEO plugin v27.5 - https:\/\/yoast.com\/product\/yoast-seo-wordpress\/ -->\n<title>Steering Committee - EVER Pharma Viet Nam<\/title>\n<meta name=\"robots\" content=\"index, follow, max-snippet:-1, max-image-preview:large, max-video-preview:-1\" \/>\n<link rel=\"canonical\" href=\"https:\/\/www.everpharma.com\/vnm\/en\/avant-programm\/steering-committee\/\" \/>\n<meta property=\"og:locale\" content=\"en_US\" \/>\n<meta property=\"og:type\" content=\"article\" \/>\n<meta property=\"og:title\" content=\"Steering Committee - EVER Pharma Viet Nam\" \/>\n<meta property=\"og:description\" content=\"The steering committee of the AVANT program. A steering committee including top leading professors, doctors and experts in the field of Neurology, Stroke and Rehbilitation from World Stroke Organization, Vietnam Ministry of Health, Vietnam Medical Association and their member associations, together with leading hospitals contributed to develop training scheme of AVANT Program. These are the &hellip; Continued\" \/>\n<meta property=\"og:url\" content=\"https:\/\/www.everpharma.com\/vnm\/en\/avant-programm\/steering-committee\/\" \/>\n<meta property=\"og:site_name\" content=\"EVER Pharma Viet Nam\" \/>\n<meta property=\"article:modified_time\" content=\"2021-11-16T05:23:55+00:00\" \/>\n<meta property=\"og:image\" content=\"https:\/\/www.everpharma.com\/vnm\/wp-content\/uploads\/sites\/9\/2021\/09\/Steering-Committee-1.jpg\" \/>\n<meta name=\"twitter:card\" content=\"summary_large_image\" \/>\n<meta name=\"twitter:label1\" content=\"Est. reading time\" \/>\n\t<meta name=\"twitter:data1\" content=\"2 minutes\" \/>\n<script type=\"application\/ld+json\" class=\"yoast-schema-graph\">{\"@context\":\"https:\\\/\\\/schema.org\",\"@graph\":[{\"@type\":\"WebPage\",\"@id\":\"https:\\\/\\\/www.everpharma.com\\\/vnm\\\/en\\\/avant-programm\\\/steering-committee\\\/\",\"url\":\"https:\\\/\\\/www.everpharma.com\\\/vnm\\\/en\\\/avant-programm\\\/steering-committee\\\/\",\"name\":\"Steering Committee - EVER Pharma Viet Nam\",\"isPartOf\":{\"@id\":\"https:\\\/\\\/www.everpharma.com\\\/vnm\\\/en\\\/#website\"},\"primaryImageOfPage\":{\"@id\":\"https:\\\/\\\/www.everpharma.com\\\/vnm\\\/en\\\/avant-programm\\\/steering-committee\\\/#primaryimage\"},\"image\":{\"@id\":\"https:\\\/\\\/www.everpharma.com\\\/vnm\\\/en\\\/avant-programm\\\/steering-committee\\\/#primaryimage\"},\"thumbnailUrl\":\"https:\\\/\\\/www.everpharma.com\\\/vnm\\\/wp-content\\\/uploads\\\/sites\\\/9\\\/2021\\\/09\\\/Steering-Committee-1.jpg\",\"datePublished\":\"2021-09-05T17:17:03+00:00\",\"dateModified\":\"2021-11-16T05:23:55+00:00\",\"breadcrumb\":{\"@id\":\"https:\\\/\\\/www.everpharma.com\\\/vnm\\\/en\\\/avant-programm\\\/steering-committee\\\/#breadcrumb\"},\"inLanguage\":\"en-US\",\"potentialAction\":[{\"@type\":\"ReadAction\",\"target\":[\"https:\\\/\\\/www.everpharma.com\\\/vnm\\\/en\\\/avant-programm\\\/steering-committee\\\/\"]}]},{\"@type\":\"ImageObject\",\"inLanguage\":\"en-US\",\"@id\":\"https:\\\/\\\/www.everpharma.com\\\/vnm\\\/en\\\/avant-programm\\\/steering-committee\\\/#primaryimage\",\"url\":\"https:\\\/\\\/www.everpharma.com\\\/vnm\\\/wp-content\\\/uploads\\\/sites\\\/9\\\/2021\\\/09\\\/Steering-Committee-1.jpg\",\"contentUrl\":\"https:\\\/\\\/www.everpharma.com\\\/vnm\\\/wp-content\\\/uploads\\\/sites\\\/9\\\/2021\\\/09\\\/Steering-Committee-1.jpg\"},{\"@type\":\"BreadcrumbList\",\"@id\":\"https:\\\/\\\/www.everpharma.com\\\/vnm\\\/en\\\/avant-programm\\\/steering-committee\\\/#breadcrumb\",\"itemListElement\":[{\"@type\":\"ListItem\",\"position\":1,\"name\":\"Startseite\",\"item\":\"https:\\\/\\\/www.everpharma.com\\\/vnm\\\/en\\\/\"},{\"@type\":\"ListItem\",\"position\":2,\"name\":\"AVANT Programm\",\"item\":\"https:\\\/\\\/www.everpharma.com\\\/vnm\\\/en\\\/avant-programm\\\/\"},{\"@type\":\"ListItem\",\"position\":3,\"name\":\"Steering Committee\"}]},{\"@type\":\"WebSite\",\"@id\":\"https:\\\/\\\/www.everpharma.com\\\/vnm\\\/en\\\/#website\",\"url\":\"https:\\\/\\\/www.everpharma.com\\\/vnm\\\/en\\\/\",\"name\":\"EVER Pharma Viet Nam\",\"description\":\"Dedicated to Health.\",\"potentialAction\":[{\"@type\":\"SearchAction\",\"target\":{\"@type\":\"EntryPoint\",\"urlTemplate\":\"https:\\\/\\\/www.everpharma.com\\\/vnm\\\/en\\\/?s={search_term_string}\"},\"query-input\":{\"@type\":\"PropertyValueSpecification\",\"valueRequired\":true,\"valueName\":\"search_term_string\"}}],\"inLanguage\":\"en-US\"}]}<\/script>\n<!-- \/ Yoast SEO plugin. -->","yoast_head_json":{"title":"Steering Committee - EVER Pharma Viet Nam","robots":{"index":"index","follow":"follow","max-snippet":"max-snippet:-1","max-image-preview":"max-image-preview:large","max-video-preview":"max-video-preview:-1"},"canonical":"https:\/\/www.everpharma.com\/vnm\/en\/avant-programm\/steering-committee\/","og_locale":"en_US","og_type":"article","og_title":"Steering Committee - EVER Pharma Viet Nam","og_description":"The steering committee of the AVANT program. A steering committee including top leading professors, doctors and experts in the field of Neurology, Stroke and Rehbilitation from World Stroke Organization, Vietnam Ministry of Health, Vietnam Medical Association and their member associations, together with leading hospitals contributed to develop training scheme of AVANT Program. These are the &hellip; Continued","og_url":"https:\/\/www.everpharma.com\/vnm\/en\/avant-programm\/steering-committee\/","og_site_name":"EVER Pharma Viet Nam","article_modified_time":"2021-11-16T05:23:55+00:00","og_image":[{"url":"https:\/\/www.everpharma.com\/vnm\/wp-content\/uploads\/sites\/9\/2021\/09\/Steering-Committee-1.jpg","type":"","width":"","height":""}],"twitter_card":"summary_large_image","twitter_misc":{"Est. reading time":"2 minutes"},"schema":{"@context":"https:\/\/schema.org","@graph":[{"@type":"WebPage","@id":"https:\/\/www.everpharma.com\/vnm\/en\/avant-programm\/steering-committee\/","url":"https:\/\/www.everpharma.com\/vnm\/en\/avant-programm\/steering-committee\/","name":"Steering Committee - EVER Pharma Viet Nam","isPartOf":{"@id":"https:\/\/www.everpharma.com\/vnm\/en\/#website"},"primaryImageOfPage":{"@id":"https:\/\/www.everpharma.com\/vnm\/en\/avant-programm\/steering-committee\/#primaryimage"},"image":{"@id":"https:\/\/www.everpharma.com\/vnm\/en\/avant-programm\/steering-committee\/#primaryimage"},"thumbnailUrl":"https:\/\/www.everpharma.com\/vnm\/wp-content\/uploads\/sites\/9\/2021\/09\/Steering-Committee-1.jpg","datePublished":"2021-09-05T17:17:03+00:00","dateModified":"2021-11-16T05:23:55+00:00","breadcrumb":{"@id":"https:\/\/www.everpharma.com\/vnm\/en\/avant-programm\/steering-committee\/#breadcrumb"},"inLanguage":"en-US","potentialAction":[{"@type":"ReadAction","target":["https:\/\/www.everpharma.com\/vnm\/en\/avant-programm\/steering-committee\/"]}]},{"@type":"ImageObject","inLanguage":"en-US","@id":"https:\/\/www.everpharma.com\/vnm\/en\/avant-programm\/steering-committee\/#primaryimage","url":"https:\/\/www.everpharma.com\/vnm\/wp-content\/uploads\/sites\/9\/2021\/09\/Steering-Committee-1.jpg","contentUrl":"https:\/\/www.everpharma.com\/vnm\/wp-content\/uploads\/sites\/9\/2021\/09\/Steering-Committee-1.jpg"},{"@type":"BreadcrumbList","@id":"https:\/\/www.everpharma.com\/vnm\/en\/avant-programm\/steering-committee\/#breadcrumb","itemListElement":[{"@type":"ListItem","position":1,"name":"Startseite","item":"https:\/\/www.everpharma.com\/vnm\/en\/"},{"@type":"ListItem","position":2,"name":"AVANT Programm","item":"https:\/\/www.everpharma.com\/vnm\/en\/avant-programm\/"},{"@type":"ListItem","position":3,"name":"Steering Committee"}]},{"@type":"WebSite","@id":"https:\/\/www.everpharma.com\/vnm\/en\/#website","url":"https:\/\/www.everpharma.com\/vnm\/en\/","name":"EVER Pharma Viet Nam","description":"Dedicated to Health.","potentialAction":[{"@type":"SearchAction","target":{"@type":"EntryPoint","urlTemplate":"https:\/\/www.everpharma.com\/vnm\/en\/?s={search_term_string}"},"query-input":{"@type":"PropertyValueSpecification","valueRequired":true,"valueName":"search_term_string"}}],"inLanguage":"en-US"}]}},"_links":{"self":[{"href":"https:\/\/www.everpharma.com\/vnm\/en\/wp-json\/wp\/v2\/pages\/400","targetHints":{"allow":["GET"]}}],"collection":[{"href":"https:\/\/www.everpharma.com\/vnm\/en\/wp-json\/wp\/v2\/pages"}],"about":[{"href":"https:\/\/www.everpharma.com\/vnm\/en\/wp-json\/wp\/v2\/types\/page"}],"author":[{"embeddable":true,"href":"https:\/\/www.everpharma.com\/vnm\/en\/wp-json\/wp\/v2\/users\/2"}],"replies":[{"embeddable":true,"href":"https:\/\/www.everpharma.com\/vnm\/en\/wp-json\/wp\/v2\/comments?post=400"}],"version-history":[{"count":17,"href":"https:\/\/www.everpharma.com\/vnm\/en\/wp-json\/wp\/v2\/pages\/400\/revisions"}],"predecessor-version":[{"id":442,"href":"https:\/\/www.everpharma.com\/vnm\/en\/wp-json\/wp\/v2\/pages\/400\/revisions\/442"}],"up":[{"embeddable":true,"href":"https:\/\/www.everpharma.com\/vnm\/en\/wp-json\/wp\/v2\/pages\/274"}],"wp:attachment":[{"href":"https:\/\/www.everpharma.com\/vnm\/en\/wp-json\/wp\/v2\/media?parent=400"}],"curies":[{"name":"wp","href":"https:\/\/api.w.org\/{rel}","templated":true}]}}