{"id":16,"date":"2021-04-12T07:06:38","date_gmt":"2021-04-12T05:06:38","guid":{"rendered":"https:\/\/www.everpharma.com\/vnm\/contact\/"},"modified":"2021-09-05T22:49:36","modified_gmt":"2021-09-05T15:49:36","slug":"contact","status":"publish","type":"page","link":"https:\/\/www.everpharma.com\/vnm\/en\/contact\/","title":{"rendered":"Contact"},"content":{"rendered":"\n<h2 class=\"is-style-page-title wp-block-heading\">Get in touch. <\/h2>\n\n\n\n<div style=\"height:10px\" aria-hidden=\"true\" class=\"wp-block-spacer\"><\/div>\n\n\n\n<div class=\"wp-block-columns is-layout-flex wp-container-core-columns-is-layout-9d6595d7 wp-block-columns-is-layout-flex\">\n<div class=\"wp-block-column is-layout-flow wp-block-column-is-layout-flow\" style=\"flex-basis:50%\">\n<p>If you have any questions about our business, partnerships, our products or general inquiries, please do not hesitate to contact us.<\/p>\n<\/div>\n\n\n\n<div class=\"wp-block-column is-layout-flow wp-block-column-is-layout-flow\" style=\"flex-basis:50%\">\n<p>The safety of our medicines is important to us! If you would like to report an adverse reaction, please contact: <span class=\"has-inline-color has-theme-red-color\">drugafety@everpharma.com<\/span><\/p>\n<\/div>\n<\/div>\n\n\n\n<div style=\"height:10px\" aria-hidden=\"true\" class=\"wp-block-spacer\"><\/div>\n\n\n\n<div class=\"wp-block-columns is-layout-flex wp-container-core-columns-is-layout-9d6595d7 wp-block-columns-is-layout-flex\">\n<div class=\"wp-block-column is-layout-flow wp-block-column-is-layout-flow\">\n<div class=\"wp-block-group is-style-card has-theme-white-color has-theme-red-background-color has-text-color has-background\"><div class=\"wp-block-group__inner-container is-layout-flow wp-block-group-is-layout-flow\">\n<h4 class=\"wp-block-heading\">EVER Vietnam<\/h4>\n\n\n\n<p><em>Distribution<\/em><\/p>\n\n\n\n<p><strong><strong>Ever Neuro Pharma &#8211; VP\u0110D t\u1ea1i Vi\u1ec7t Nam<\/strong><br><\/strong>18 Tr\u1ea7n H\u01b0ng \u0110\u1ea1o, Ho\u00e0n Ki\u1ebfm, H\u00e0 N\u1ed9i<br>79 Quang Trung, H\u1ea3i Ch\u00e2u, \u0110\u00e0 N\u1eb5ng<br>201-203 CMT8, Qu\u1eadn 3, TP. H\u1ed3 Ch\u00ed Minh<br><\/p>\n\n\n\n<p>Tel.:\u00a004 38251243<br>Email:\u00a0contact@everpharma.asia<\/p>\n<\/div><\/div>\n<\/div>\n\n\n\n<div class=\"wp-block-column is-layout-flow wp-block-column-is-layout-flow\"><\/div>\n<\/div>\n\n\n\n<div style=\"height:100px\" aria-hidden=\"true\" class=\"wp-block-spacer\"><\/div>\n","protected":false},"excerpt":{"rendered":"<p>Get in touch. If you have any questions about our business, partnerships, our products or general inquiries, please do not hesitate to contact us. The safety of our medicines is important to us! If you would like to report an adverse reaction, please contact: drugafety@everpharma.com EVER Vietnam Distribution Ever Neuro Pharma &#8211; VP\u0110D t\u1ea1i Vi\u1ec7t &hellip; <a href=\"https:\/\/www.everpharma.com\/vnm\/en\/contact\/\">Continued<\/a><\/p>\n","protected":false},"author":1,"featured_media":0,"parent":0,"menu_order":26,"comment_status":"closed","ping_status":"closed","template":"","meta":{"footnotes":""},"class_list":["post-16","page","type-page","status-publish","hentry"],"yoast_head":"<!-- This site is optimized with the Yoast SEO plugin v27.0 - https:\/\/yoast.com\/product\/yoast-seo-wordpress\/ -->\n<title>Contact - EVER Pharma Viet Nam<\/title>\n<meta name=\"robots\" content=\"index, follow, max-snippet:-1, max-image-preview:large, max-video-preview:-1\" \/>\n<link rel=\"canonical\" href=\"https:\/\/www.everpharma.com\/vnm\/en\/contact\/\" \/>\n<meta property=\"og:locale\" content=\"en_US\" \/>\n<meta property=\"og:type\" content=\"article\" \/>\n<meta property=\"og:title\" content=\"Contact - EVER Pharma Viet Nam\" \/>\n<meta property=\"og:description\" content=\"Get in touch. If you have any questions about our business, partnerships, our products or general inquiries, please do not hesitate to contact us. The safety of our medicines is important to us! If you would like to report an adverse reaction, please contact: drugafety@everpharma.com EVER Vietnam Distribution Ever Neuro Pharma &#8211; VP\u0110D t\u1ea1i Vi\u1ec7t &hellip; Continued\" \/>\n<meta property=\"og:url\" content=\"https:\/\/www.everpharma.com\/vnm\/en\/contact\/\" \/>\n<meta property=\"og:site_name\" content=\"EVER Pharma Viet Nam\" \/>\n<meta property=\"article:modified_time\" content=\"2021-09-05T15:49:36+00:00\" \/>\n<meta name=\"twitter:card\" content=\"summary_large_image\" \/>\n<script type=\"application\/ld+json\" class=\"yoast-schema-graph\">{\"@context\":\"https:\/\/schema.org\",\"@graph\":[{\"@type\":\"WebPage\",\"@id\":\"https:\/\/www.everpharma.com\/vnm\/en\/contact\/\",\"url\":\"https:\/\/www.everpharma.com\/vnm\/en\/contact\/\",\"name\":\"Contact - EVER Pharma Viet Nam\",\"isPartOf\":{\"@id\":\"https:\/\/www.everpharma.com\/vnm\/en\/#website\"},\"datePublished\":\"2021-04-12T05:06:38+00:00\",\"dateModified\":\"2021-09-05T15:49:36+00:00\",\"breadcrumb\":{\"@id\":\"https:\/\/www.everpharma.com\/vnm\/en\/contact\/#breadcrumb\"},\"inLanguage\":\"en-US\",\"potentialAction\":[{\"@type\":\"ReadAction\",\"target\":[\"https:\/\/www.everpharma.com\/vnm\/en\/contact\/\"]}]},{\"@type\":\"BreadcrumbList\",\"@id\":\"https:\/\/www.everpharma.com\/vnm\/en\/contact\/#breadcrumb\",\"itemListElement\":[{\"@type\":\"ListItem\",\"position\":1,\"name\":\"Startseite\",\"item\":\"https:\/\/www.everpharma.com\/vnm\/en\/\"},{\"@type\":\"ListItem\",\"position\":2,\"name\":\"Contact\"}]},{\"@type\":\"WebSite\",\"@id\":\"https:\/\/www.everpharma.com\/vnm\/en\/#website\",\"url\":\"https:\/\/www.everpharma.com\/vnm\/en\/\",\"name\":\"EVER Pharma Viet Nam\",\"description\":\"Dedicated to Health.\",\"potentialAction\":[{\"@type\":\"SearchAction\",\"target\":{\"@type\":\"EntryPoint\",\"urlTemplate\":\"https:\/\/www.everpharma.com\/vnm\/en\/?s={search_term_string}\"},\"query-input\":{\"@type\":\"PropertyValueSpecification\",\"valueRequired\":true,\"valueName\":\"search_term_string\"}}],\"inLanguage\":\"en-US\"}]}<\/script>\n<!-- \/ Yoast SEO plugin. -->","yoast_head_json":{"title":"Contact - EVER Pharma Viet Nam","robots":{"index":"index","follow":"follow","max-snippet":"max-snippet:-1","max-image-preview":"max-image-preview:large","max-video-preview":"max-video-preview:-1"},"canonical":"https:\/\/www.everpharma.com\/vnm\/en\/contact\/","og_locale":"en_US","og_type":"article","og_title":"Contact - EVER Pharma Viet Nam","og_description":"Get in touch. If you have any questions about our business, partnerships, our products or general inquiries, please do not hesitate to contact us. The safety of our medicines is important to us! If you would like to report an adverse reaction, please contact: drugafety@everpharma.com EVER Vietnam Distribution Ever Neuro Pharma &#8211; VP\u0110D t\u1ea1i Vi\u1ec7t &hellip; Continued","og_url":"https:\/\/www.everpharma.com\/vnm\/en\/contact\/","og_site_name":"EVER Pharma Viet Nam","article_modified_time":"2021-09-05T15:49:36+00:00","twitter_card":"summary_large_image","schema":{"@context":"https:\/\/schema.org","@graph":[{"@type":"WebPage","@id":"https:\/\/www.everpharma.com\/vnm\/en\/contact\/","url":"https:\/\/www.everpharma.com\/vnm\/en\/contact\/","name":"Contact - EVER Pharma Viet Nam","isPartOf":{"@id":"https:\/\/www.everpharma.com\/vnm\/en\/#website"},"datePublished":"2021-04-12T05:06:38+00:00","dateModified":"2021-09-05T15:49:36+00:00","breadcrumb":{"@id":"https:\/\/www.everpharma.com\/vnm\/en\/contact\/#breadcrumb"},"inLanguage":"en-US","potentialAction":[{"@type":"ReadAction","target":["https:\/\/www.everpharma.com\/vnm\/en\/contact\/"]}]},{"@type":"BreadcrumbList","@id":"https:\/\/www.everpharma.com\/vnm\/en\/contact\/#breadcrumb","itemListElement":[{"@type":"ListItem","position":1,"name":"Startseite","item":"https:\/\/www.everpharma.com\/vnm\/en\/"},{"@type":"ListItem","position":2,"name":"Contact"}]},{"@type":"WebSite","@id":"https:\/\/www.everpharma.com\/vnm\/en\/#website","url":"https:\/\/www.everpharma.com\/vnm\/en\/","name":"EVER Pharma Viet Nam","description":"Dedicated to Health.","potentialAction":[{"@type":"SearchAction","target":{"@type":"EntryPoint","urlTemplate":"https:\/\/www.everpharma.com\/vnm\/en\/?s={search_term_string}"},"query-input":{"@type":"PropertyValueSpecification","valueRequired":true,"valueName":"search_term_string"}}],"inLanguage":"en-US"}]}},"_links":{"self":[{"href":"https:\/\/www.everpharma.com\/vnm\/en\/wp-json\/wp\/v2\/pages\/16","targetHints":{"allow":["GET"]}}],"collection":[{"href":"https:\/\/www.everpharma.com\/vnm\/en\/wp-json\/wp\/v2\/pages"}],"about":[{"href":"https:\/\/www.everpharma.com\/vnm\/en\/wp-json\/wp\/v2\/types\/page"}],"author":[{"embeddable":true,"href":"https:\/\/www.everpharma.com\/vnm\/en\/wp-json\/wp\/v2\/users\/1"}],"replies":[{"embeddable":true,"href":"https:\/\/www.everpharma.com\/vnm\/en\/wp-json\/wp\/v2\/comments?post=16"}],"version-history":[{"count":1,"href":"https:\/\/www.everpharma.com\/vnm\/en\/wp-json\/wp\/v2\/pages\/16\/revisions"}],"predecessor-version":[{"id":324,"href":"https:\/\/www.everpharma.com\/vnm\/en\/wp-json\/wp\/v2\/pages\/16\/revisions\/324"}],"wp:attachment":[{"href":"https:\/\/www.everpharma.com\/vnm\/en\/wp-json\/wp\/v2\/media?parent=16"}],"curies":[{"name":"wp","href":"https:\/\/api.w.org\/{rel}","templated":true}]}}