{"id":379,"date":"2024-11-08T12:29:56","date_gmt":"2024-11-08T12:29:56","guid":{"rendered":"https:\/\/www.everpharma.com\/pol\/?post_type=product&#038;p=379"},"modified":"2024-11-12T15:05:59","modified_gmt":"2024-11-12T15:05:59","slug":"testosterone-undecanoate-ever-pharma","status":"publish","type":"product","link":"https:\/\/www.everpharma.com\/pol\/products\/testosterone-undecanoate-ever-pharma\/","title":{"rendered":"Testosterone Undecanoate EVER Pharma"},"content":{"rendered":"\n<figure class=\"wp-block-table\"><table><tbody><tr><td><strong>Posta\u0107 farmaceutyczna<\/strong><\/td><td>Roztw\u00f3r do wstrzykiwa\u0144<\/td><\/tr><tr><td><strong>Dawka<\/strong><\/td><td>1000 mg\/4 ml<\/td><\/tr><tr><td><strong>Sk\u0142ad jako\u015bciowy i ilo\u015bciowy<\/strong><\/td><td>Ka\u017cdy mililitr roztworu do wstrzykiwa\u0144 zawiera 250 mg testosteronu undekanonianu, co odpowiada<br>157,9 mg testosteronu. Ka\u017cda ampu\u0142ka\/fiolka z 4 mL roztworu do wstrzykiwa\u0144 zawiera 1000 mg testosteronu undekanonianu, co odpowiada 631,5 mg testosteronu.<\/td><\/tr><tr><td><strong>Kod ATC<\/strong><\/td><td>G03B-A03<\/td><\/tr><tr><td><strong>Grupa farmakoterapeutyczna<\/strong><\/td><td>androgeny, pochodne 3-oksoandrostenu<\/td><\/tr><tr><td><strong>Wskazania<\/strong><\/td><td>Testosteronowa terapia zast\u0119pcza w hipogonadyzmie m\u0119skim, gdy niedob\u00f3r testosteronu jest<br>potwierdzony przez objawy kliniczne i badania biochemiczne (patrz punkt 4.4 ChPL).<\/td><\/tr><\/tbody><\/table><\/figure>\n\n\n\n<div style=\"height:50px\" aria-hidden=\"true\" class=\"wp-block-spacer\"><\/div>\n\n\n\n<div class=\"wp-block-columns is-layout-flex wp-container-core-columns-is-layout-9d6595d7 wp-block-columns-is-layout-flex\">\n<div class=\"wp-block-column is-layout-flow wp-block-column-is-layout-flow\">\n<h1 class=\"wp-block-heading is-style-section-title has-base-font-size\">Testosterone Undecanoate EVER Pharma, 1000 mg\/4 ml<\/h1>\n<\/div>\n<\/div>\n\n\n\n<div class=\"wp-block-columns is-layout-flex wp-container-core-columns-is-layout-9d6595d7 wp-block-columns-is-layout-flex\">\n<div class=\"wp-block-column is-layout-flow wp-block-column-is-layout-flow\">\n<div class=\"wp-block-buttons is-layout-flex wp-block-buttons-is-layout-flex\">\n<div class=\"wp-block-button has-custom-width wp-block-button__width-100\"><a class=\"wp-block-button__link wp-element-button\" href=\"https:\/\/www.everpharma.com\/pol\/wp-content\/uploads\/sites\/2\/2024\/11\/Testosterone-Undecanoate-EVER-Pharma-CHPL.pdf\" target=\"_blank\" rel=\"noreferrer noopener\">Charakterystyka Produktu Leczniczego<\/a><\/div>\n\n\n\n<div class=\"wp-block-button has-custom-width wp-block-button__width-100\"><a class=\"wp-block-button__link wp-element-button\" href=\"https:\/\/www.everpharma.com\/pol\/wp-content\/uploads\/sites\/2\/2024\/11\/PIL-Testosterone-Undecanoate-EVER-Pharma.pdf\" target=\"_blank\" rel=\"noreferrer noopener\">Informacja dla Pacjenta<\/a><\/div>\n<\/div>\n<\/div>\n\n\n\n<div class=\"wp-block-column is-layout-flow wp-block-column-is-layout-flow\"><\/div>\n\n\n\n<div class=\"wp-block-column is-layout-flow wp-block-column-is-layout-flow\"><\/div>\n<\/div>\n","protected":false},"excerpt":{"rendered":"<p>Posta\u0107 farmaceutyczna Roztw\u00f3r do wstrzykiwa\u0144 Dawka 1000 mg\/4 ml Sk\u0142ad jako\u015bciowy i ilo\u015bciowy Ka\u017cdy mililitr roztworu do wstrzykiwa\u0144 zawiera 250 mg testosteronu undekanonianu, co odpowiada157,9 mg testosteronu. Ka\u017cda ampu\u0142ka\/fiolka z 4 mL roztworu do wstrzykiwa\u0144 zawiera 1000 mg testosteronu undekanonianu, co odpowiada 631,5 mg testosteronu. Kod ATC G03B-A03 Grupa farmakoterapeutyczna androgeny, pochodne 3-oksoandrostenu Wskazania Testosteronowa &hellip; <a href=\"https:\/\/www.everpharma.com\/pol\/products\/testosterone-undecanoate-ever-pharma\/\">Continued<\/a><\/p>\n","protected":false},"featured_media":0,"template":"","class_list":["post-379","product","type-product","status-publish","hentry"],"yoast_head":"<!-- This site is optimized with the Yoast SEO plugin v27.4 - https:\/\/yoast.com\/product\/yoast-seo-wordpress\/ -->\n<title>Testosterone Undecanoate EVER Pharma - EVER Pharma Poland<\/title>\n<meta name=\"robots\" content=\"index, follow, max-snippet:-1, max-image-preview:large, max-video-preview:-1\" \/>\n<link rel=\"canonical\" href=\"https:\/\/www.everpharma.com\/pol\/products\/testosterone-undecanoate-ever-pharma\/\" \/>\n<meta property=\"og:locale\" content=\"pl_PL\" \/>\n<meta property=\"og:type\" content=\"article\" \/>\n<meta property=\"og:title\" content=\"Testosterone Undecanoate EVER Pharma - EVER Pharma Poland\" \/>\n<meta property=\"og:description\" content=\"Posta\u0107 farmaceutyczna Roztw\u00f3r do wstrzykiwa\u0144 Dawka 1000 mg\/4 ml Sk\u0142ad jako\u015bciowy i ilo\u015bciowy Ka\u017cdy mililitr roztworu do wstrzykiwa\u0144 zawiera 250 mg testosteronu undekanonianu, co odpowiada157,9 mg testosteronu. Ka\u017cda ampu\u0142ka\/fiolka z 4 mL roztworu do wstrzykiwa\u0144 zawiera 1000 mg testosteronu undekanonianu, co odpowiada 631,5 mg testosteronu. Kod ATC G03B-A03 Grupa farmakoterapeutyczna androgeny, pochodne 3-oksoandrostenu Wskazania Testosteronowa &hellip; Continued\" \/>\n<meta property=\"og:url\" content=\"https:\/\/www.everpharma.com\/pol\/products\/testosterone-undecanoate-ever-pharma\/\" \/>\n<meta property=\"og:site_name\" content=\"EVER Pharma Poland\" \/>\n<meta property=\"article:modified_time\" content=\"2024-11-12T15:05:59+00:00\" \/>\n<meta name=\"twitter:card\" content=\"summary_large_image\" \/>\n<script type=\"application\/ld+json\" class=\"yoast-schema-graph\">{\"@context\":\"https:\\\/\\\/schema.org\",\"@graph\":[{\"@type\":\"WebPage\",\"@id\":\"https:\\\/\\\/www.everpharma.com\\\/pol\\\/products\\\/testosterone-undecanoate-ever-pharma\\\/\",\"url\":\"https:\\\/\\\/www.everpharma.com\\\/pol\\\/products\\\/testosterone-undecanoate-ever-pharma\\\/\",\"name\":\"Testosterone Undecanoate EVER Pharma - EVER Pharma Poland\",\"isPartOf\":{\"@id\":\"https:\\\/\\\/www.everpharma.com\\\/pol\\\/#website\"},\"datePublished\":\"2024-11-08T12:29:56+00:00\",\"dateModified\":\"2024-11-12T15:05:59+00:00\",\"breadcrumb\":{\"@id\":\"https:\\\/\\\/www.everpharma.com\\\/pol\\\/products\\\/testosterone-undecanoate-ever-pharma\\\/#breadcrumb\"},\"inLanguage\":\"pl-PL\",\"potentialAction\":[{\"@type\":\"ReadAction\",\"target\":[\"https:\\\/\\\/www.everpharma.com\\\/pol\\\/products\\\/testosterone-undecanoate-ever-pharma\\\/\"]}]},{\"@type\":\"BreadcrumbList\",\"@id\":\"https:\\\/\\\/www.everpharma.com\\\/pol\\\/products\\\/testosterone-undecanoate-ever-pharma\\\/#breadcrumb\",\"itemListElement\":[{\"@type\":\"ListItem\",\"position\":1,\"name\":\"Startseite\",\"item\":\"https:\\\/\\\/www.everpharma.com\\\/pol\\\/\"},{\"@type\":\"ListItem\",\"position\":2,\"name\":\"Products\",\"item\":\"https:\\\/\\\/www.everpharma.com\\\/pol\\\/products\\\/\"},{\"@type\":\"ListItem\",\"position\":3,\"name\":\"Testosterone Undecanoate EVER Pharma\"}]},{\"@type\":\"WebSite\",\"@id\":\"https:\\\/\\\/www.everpharma.com\\\/pol\\\/#website\",\"url\":\"https:\\\/\\\/www.everpharma.com\\\/pol\\\/\",\"name\":\"EVER Pharma Poland\",\"description\":\"Dedicated to Health.\",\"potentialAction\":[{\"@type\":\"SearchAction\",\"target\":{\"@type\":\"EntryPoint\",\"urlTemplate\":\"https:\\\/\\\/www.everpharma.com\\\/pol\\\/?s={search_term_string}\"},\"query-input\":{\"@type\":\"PropertyValueSpecification\",\"valueRequired\":true,\"valueName\":\"search_term_string\"}}],\"inLanguage\":\"pl-PL\"}]}<\/script>\n<!-- \/ Yoast SEO plugin. -->","yoast_head_json":{"title":"Testosterone Undecanoate EVER Pharma - EVER Pharma Poland","robots":{"index":"index","follow":"follow","max-snippet":"max-snippet:-1","max-image-preview":"max-image-preview:large","max-video-preview":"max-video-preview:-1"},"canonical":"https:\/\/www.everpharma.com\/pol\/products\/testosterone-undecanoate-ever-pharma\/","og_locale":"pl_PL","og_type":"article","og_title":"Testosterone Undecanoate EVER Pharma - EVER Pharma Poland","og_description":"Posta\u0107 farmaceutyczna Roztw\u00f3r do wstrzykiwa\u0144 Dawka 1000 mg\/4 ml Sk\u0142ad jako\u015bciowy i ilo\u015bciowy Ka\u017cdy mililitr roztworu do wstrzykiwa\u0144 zawiera 250 mg testosteronu undekanonianu, co odpowiada157,9 mg testosteronu. Ka\u017cda ampu\u0142ka\/fiolka z 4 mL roztworu do wstrzykiwa\u0144 zawiera 1000 mg testosteronu undekanonianu, co odpowiada 631,5 mg testosteronu. Kod ATC G03B-A03 Grupa farmakoterapeutyczna androgeny, pochodne 3-oksoandrostenu Wskazania Testosteronowa &hellip; Continued","og_url":"https:\/\/www.everpharma.com\/pol\/products\/testosterone-undecanoate-ever-pharma\/","og_site_name":"EVER Pharma Poland","article_modified_time":"2024-11-12T15:05:59+00:00","twitter_card":"summary_large_image","schema":{"@context":"https:\/\/schema.org","@graph":[{"@type":"WebPage","@id":"https:\/\/www.everpharma.com\/pol\/products\/testosterone-undecanoate-ever-pharma\/","url":"https:\/\/www.everpharma.com\/pol\/products\/testosterone-undecanoate-ever-pharma\/","name":"Testosterone Undecanoate EVER Pharma - EVER Pharma Poland","isPartOf":{"@id":"https:\/\/www.everpharma.com\/pol\/#website"},"datePublished":"2024-11-08T12:29:56+00:00","dateModified":"2024-11-12T15:05:59+00:00","breadcrumb":{"@id":"https:\/\/www.everpharma.com\/pol\/products\/testosterone-undecanoate-ever-pharma\/#breadcrumb"},"inLanguage":"pl-PL","potentialAction":[{"@type":"ReadAction","target":["https:\/\/www.everpharma.com\/pol\/products\/testosterone-undecanoate-ever-pharma\/"]}]},{"@type":"BreadcrumbList","@id":"https:\/\/www.everpharma.com\/pol\/products\/testosterone-undecanoate-ever-pharma\/#breadcrumb","itemListElement":[{"@type":"ListItem","position":1,"name":"Startseite","item":"https:\/\/www.everpharma.com\/pol\/"},{"@type":"ListItem","position":2,"name":"Products","item":"https:\/\/www.everpharma.com\/pol\/products\/"},{"@type":"ListItem","position":3,"name":"Testosterone Undecanoate EVER Pharma"}]},{"@type":"WebSite","@id":"https:\/\/www.everpharma.com\/pol\/#website","url":"https:\/\/www.everpharma.com\/pol\/","name":"EVER Pharma Poland","description":"Dedicated to Health.","potentialAction":[{"@type":"SearchAction","target":{"@type":"EntryPoint","urlTemplate":"https:\/\/www.everpharma.com\/pol\/?s={search_term_string}"},"query-input":{"@type":"PropertyValueSpecification","valueRequired":true,"valueName":"search_term_string"}}],"inLanguage":"pl-PL"}]}},"acf":[],"_links":{"self":[{"href":"https:\/\/www.everpharma.com\/pol\/wp-json\/wp\/v2\/product\/379","targetHints":{"allow":["GET"]}}],"collection":[{"href":"https:\/\/www.everpharma.com\/pol\/wp-json\/wp\/v2\/product"}],"about":[{"href":"https:\/\/www.everpharma.com\/pol\/wp-json\/wp\/v2\/types\/product"}],"wp:attachment":[{"href":"https:\/\/www.everpharma.com\/pol\/wp-json\/wp\/v2\/media?parent=379"}],"curies":[{"name":"wp","href":"https:\/\/api.w.org\/{rel}","templated":true}]}}