{"id":370,"date":"2024-11-11T08:46:05","date_gmt":"2024-11-11T08:46:05","guid":{"rendered":"https:\/\/www.everpharma.com\/pol\/?post_type=product&#038;p=370"},"modified":"2024-11-12T15:05:48","modified_gmt":"2024-11-12T15:05:48","slug":"cabazitaxel-ever-pharma","status":"publish","type":"product","link":"https:\/\/www.everpharma.com\/pol\/products\/cabazitaxel-ever-pharma\/","title":{"rendered":"Cabazitaxel Ever Pharma"},"content":{"rendered":"\n<figure class=\"wp-block-table\"><table><tbody><tr><td><strong>Posta\u0107 farmaceutyczna<\/strong><\/td><td>Koncentrat do sporz\u0105dzania roztworu do infuzji<\/td><\/tr><tr><td><strong>Dawka<\/strong><\/td><td>10 mg\/ml<\/td><\/tr><tr><td><strong>Sk\u0142ad jako\u015bciowy i ilo\u015bciowy<\/strong><\/td><td>Jeden ml koncentratu do sporz\u0105dzania roztworu do infuzji zawiera kabazytaksel jednowodny lub<br>bezwodny, w ilo\u015bci odpowiadaj\u0105cej 10 mg kabazytakselu.<\/td><\/tr><tr><td><strong>Kod ATC<\/strong><\/td><td>L01CD04<\/td><\/tr><tr><td><strong>Grupa farmakoterapeutyczna<\/strong><\/td><td>Leki przeciwnowotworowe, taksany<\/td><\/tr><tr><td><strong>Wskazania<\/strong><\/td><td>Produkt leczniczy Cabazitaxel EVER Pharma w skojarzeniu z prednizonem lub prednizolonem jest<br>wskazany do leczenia pacjent\u00f3w doros\u0142ych z opornym na kastracj\u0119 rakiem gruczo\u0142u krokowego<br>z przerzutami, leczonych wcze\u015bniej schematem chemioterapii zawieraj\u0105cym docetaksel (patrz punkt 5.1 ChPL)<\/td><\/tr><\/tbody><\/table><\/figure>\n\n\n\n<div style=\"height:50px\" aria-hidden=\"true\" class=\"wp-block-spacer\"><\/div>\n\n\n\n<div class=\"wp-block-columns is-layout-flex wp-container-core-columns-is-layout-9d6595d7 wp-block-columns-is-layout-flex\">\n<div class=\"wp-block-column is-layout-flow wp-block-column-is-layout-flow\">\n<h1 class=\"wp-block-heading is-style-section-title has-base-font-size\">Cabazitaxel Ever Pharma, 10 mg\/ml<\/h1>\n<\/div>\n<\/div>\n\n\n\n<div class=\"wp-block-columns is-layout-flex wp-container-core-columns-is-layout-9d6595d7 wp-block-columns-is-layout-flex\">\n<div class=\"wp-block-column is-layout-flow wp-block-column-is-layout-flow\">\n<div class=\"wp-block-buttons is-layout-flex wp-block-buttons-is-layout-flex\">\n<div class=\"wp-block-button has-custom-width wp-block-button__width-100\"><a class=\"wp-block-button__link wp-element-button\" href=\"https:\/\/www.everpharma.com\/pol\/wp-content\/uploads\/sites\/2\/2024\/11\/Cabazitaxel-Ever-Pharma-ChPL.pdf\" target=\"_blank\" rel=\"noreferrer noopener\">Charakterystyka Produktu Leczniczego<\/a><\/div>\n\n\n\n<div class=\"wp-block-button has-custom-width wp-block-button__width-100\"><a class=\"wp-block-button__link wp-element-button\" href=\"https:\/\/www.everpharma.com\/pol\/wp-content\/uploads\/sites\/2\/2024\/11\/PIL-Cabazitaxel-Ever-Pharma.pdf\" target=\"_blank\" rel=\"noreferrer noopener\">Informacja dla Pacjenta<\/a><\/div>\n<\/div>\n<\/div>\n\n\n\n<div class=\"wp-block-column is-layout-flow wp-block-column-is-layout-flow\"><\/div>\n\n\n\n<div class=\"wp-block-column is-layout-flow wp-block-column-is-layout-flow\"><\/div>\n<\/div>\n\n\n\n<p><\/p>\n","protected":false},"excerpt":{"rendered":"<p>Posta\u0107 farmaceutyczna Koncentrat do sporz\u0105dzania roztworu do infuzji Dawka 10 mg\/ml Sk\u0142ad jako\u015bciowy i ilo\u015bciowy Jeden ml koncentratu do sporz\u0105dzania roztworu do infuzji zawiera kabazytaksel jednowodny lubbezwodny, w ilo\u015bci odpowiadaj\u0105cej 10 mg kabazytakselu. Kod ATC L01CD04 Grupa farmakoterapeutyczna Leki przeciwnowotworowe, taksany Wskazania Produkt leczniczy Cabazitaxel EVER Pharma w skojarzeniu z prednizonem lub prednizolonem jestwskazany do &hellip; <a href=\"https:\/\/www.everpharma.com\/pol\/products\/cabazitaxel-ever-pharma\/\">Continued<\/a><\/p>\n","protected":false},"featured_media":0,"template":"","class_list":["post-370","product","type-product","status-publish","hentry"],"yoast_head":"<!-- This site is optimized with the Yoast SEO plugin v27.0 - https:\/\/yoast.com\/product\/yoast-seo-wordpress\/ -->\n<title>Cabazitaxel Ever Pharma - EVER Pharma Poland<\/title>\n<meta name=\"robots\" content=\"index, follow, max-snippet:-1, max-image-preview:large, max-video-preview:-1\" \/>\n<link rel=\"canonical\" href=\"https:\/\/www.everpharma.com\/pol\/products\/cabazitaxel-ever-pharma\/\" \/>\n<meta property=\"og:locale\" content=\"pl_PL\" \/>\n<meta property=\"og:type\" content=\"article\" \/>\n<meta property=\"og:title\" content=\"Cabazitaxel Ever Pharma - EVER Pharma Poland\" \/>\n<meta property=\"og:description\" content=\"Posta\u0107 farmaceutyczna Koncentrat do sporz\u0105dzania roztworu do infuzji Dawka 10 mg\/ml Sk\u0142ad jako\u015bciowy i ilo\u015bciowy Jeden ml koncentratu do sporz\u0105dzania roztworu do infuzji zawiera kabazytaksel jednowodny lubbezwodny, w ilo\u015bci odpowiadaj\u0105cej 10 mg kabazytakselu. Kod ATC L01CD04 Grupa farmakoterapeutyczna Leki przeciwnowotworowe, taksany Wskazania Produkt leczniczy Cabazitaxel EVER Pharma w skojarzeniu z prednizonem lub prednizolonem jestwskazany do &hellip; Continued\" \/>\n<meta property=\"og:url\" content=\"https:\/\/www.everpharma.com\/pol\/products\/cabazitaxel-ever-pharma\/\" \/>\n<meta property=\"og:site_name\" content=\"EVER Pharma Poland\" \/>\n<meta property=\"article:modified_time\" content=\"2024-11-12T15:05:48+00:00\" \/>\n<meta name=\"twitter:card\" content=\"summary_large_image\" \/>\n<script type=\"application\/ld+json\" class=\"yoast-schema-graph\">{\"@context\":\"https:\/\/schema.org\",\"@graph\":[{\"@type\":\"WebPage\",\"@id\":\"https:\/\/www.everpharma.com\/pol\/products\/cabazitaxel-ever-pharma\/\",\"url\":\"https:\/\/www.everpharma.com\/pol\/products\/cabazitaxel-ever-pharma\/\",\"name\":\"Cabazitaxel Ever Pharma - EVER Pharma Poland\",\"isPartOf\":{\"@id\":\"https:\/\/www.everpharma.com\/pol\/#website\"},\"datePublished\":\"2024-11-11T08:46:05+00:00\",\"dateModified\":\"2024-11-12T15:05:48+00:00\",\"breadcrumb\":{\"@id\":\"https:\/\/www.everpharma.com\/pol\/products\/cabazitaxel-ever-pharma\/#breadcrumb\"},\"inLanguage\":\"pl-PL\",\"potentialAction\":[{\"@type\":\"ReadAction\",\"target\":[\"https:\/\/www.everpharma.com\/pol\/products\/cabazitaxel-ever-pharma\/\"]}]},{\"@type\":\"BreadcrumbList\",\"@id\":\"https:\/\/www.everpharma.com\/pol\/products\/cabazitaxel-ever-pharma\/#breadcrumb\",\"itemListElement\":[{\"@type\":\"ListItem\",\"position\":1,\"name\":\"Startseite\",\"item\":\"https:\/\/www.everpharma.com\/pol\/\"},{\"@type\":\"ListItem\",\"position\":2,\"name\":\"Products\",\"item\":\"https:\/\/www.everpharma.com\/pol\/products\/\"},{\"@type\":\"ListItem\",\"position\":3,\"name\":\"Cabazitaxel Ever Pharma\"}]},{\"@type\":\"WebSite\",\"@id\":\"https:\/\/www.everpharma.com\/pol\/#website\",\"url\":\"https:\/\/www.everpharma.com\/pol\/\",\"name\":\"EVER Pharma Poland\",\"description\":\"Dedicated to Health.\",\"potentialAction\":[{\"@type\":\"SearchAction\",\"target\":{\"@type\":\"EntryPoint\",\"urlTemplate\":\"https:\/\/www.everpharma.com\/pol\/?s={search_term_string}\"},\"query-input\":{\"@type\":\"PropertyValueSpecification\",\"valueRequired\":true,\"valueName\":\"search_term_string\"}}],\"inLanguage\":\"pl-PL\"}]}<\/script>\n<!-- \/ Yoast SEO plugin. -->","yoast_head_json":{"title":"Cabazitaxel Ever Pharma - EVER Pharma Poland","robots":{"index":"index","follow":"follow","max-snippet":"max-snippet:-1","max-image-preview":"max-image-preview:large","max-video-preview":"max-video-preview:-1"},"canonical":"https:\/\/www.everpharma.com\/pol\/products\/cabazitaxel-ever-pharma\/","og_locale":"pl_PL","og_type":"article","og_title":"Cabazitaxel Ever Pharma - EVER Pharma Poland","og_description":"Posta\u0107 farmaceutyczna Koncentrat do sporz\u0105dzania roztworu do infuzji Dawka 10 mg\/ml Sk\u0142ad jako\u015bciowy i ilo\u015bciowy Jeden ml koncentratu do sporz\u0105dzania roztworu do infuzji zawiera kabazytaksel jednowodny lubbezwodny, w ilo\u015bci odpowiadaj\u0105cej 10 mg kabazytakselu. Kod ATC L01CD04 Grupa farmakoterapeutyczna Leki przeciwnowotworowe, taksany Wskazania Produkt leczniczy Cabazitaxel EVER Pharma w skojarzeniu z prednizonem lub prednizolonem jestwskazany do &hellip; Continued","og_url":"https:\/\/www.everpharma.com\/pol\/products\/cabazitaxel-ever-pharma\/","og_site_name":"EVER Pharma Poland","article_modified_time":"2024-11-12T15:05:48+00:00","twitter_card":"summary_large_image","schema":{"@context":"https:\/\/schema.org","@graph":[{"@type":"WebPage","@id":"https:\/\/www.everpharma.com\/pol\/products\/cabazitaxel-ever-pharma\/","url":"https:\/\/www.everpharma.com\/pol\/products\/cabazitaxel-ever-pharma\/","name":"Cabazitaxel Ever Pharma - EVER Pharma Poland","isPartOf":{"@id":"https:\/\/www.everpharma.com\/pol\/#website"},"datePublished":"2024-11-11T08:46:05+00:00","dateModified":"2024-11-12T15:05:48+00:00","breadcrumb":{"@id":"https:\/\/www.everpharma.com\/pol\/products\/cabazitaxel-ever-pharma\/#breadcrumb"},"inLanguage":"pl-PL","potentialAction":[{"@type":"ReadAction","target":["https:\/\/www.everpharma.com\/pol\/products\/cabazitaxel-ever-pharma\/"]}]},{"@type":"BreadcrumbList","@id":"https:\/\/www.everpharma.com\/pol\/products\/cabazitaxel-ever-pharma\/#breadcrumb","itemListElement":[{"@type":"ListItem","position":1,"name":"Startseite","item":"https:\/\/www.everpharma.com\/pol\/"},{"@type":"ListItem","position":2,"name":"Products","item":"https:\/\/www.everpharma.com\/pol\/products\/"},{"@type":"ListItem","position":3,"name":"Cabazitaxel Ever Pharma"}]},{"@type":"WebSite","@id":"https:\/\/www.everpharma.com\/pol\/#website","url":"https:\/\/www.everpharma.com\/pol\/","name":"EVER Pharma Poland","description":"Dedicated to Health.","potentialAction":[{"@type":"SearchAction","target":{"@type":"EntryPoint","urlTemplate":"https:\/\/www.everpharma.com\/pol\/?s={search_term_string}"},"query-input":{"@type":"PropertyValueSpecification","valueRequired":true,"valueName":"search_term_string"}}],"inLanguage":"pl-PL"}]}},"_links":{"self":[{"href":"https:\/\/www.everpharma.com\/pol\/wp-json\/wp\/v2\/product\/370","targetHints":{"allow":["GET"]}}],"collection":[{"href":"https:\/\/www.everpharma.com\/pol\/wp-json\/wp\/v2\/product"}],"about":[{"href":"https:\/\/www.everpharma.com\/pol\/wp-json\/wp\/v2\/types\/product"}],"wp:attachment":[{"href":"https:\/\/www.everpharma.com\/pol\/wp-json\/wp\/v2\/media?parent=370"}],"curies":[{"name":"wp","href":"https:\/\/api.w.org\/{rel}","templated":true}]}}