{"id":320,"date":"2023-01-18T04:49:57","date_gmt":"2023-01-18T04:49:57","guid":{"rendered":"https:\/\/www.everpharma.com\/pol\/?post_type=product&#038;p=320"},"modified":"2023-01-26T17:48:39","modified_gmt":"2023-01-26T17:48:39","slug":"terlipressini-acetas","status":"publish","type":"product","link":"https:\/\/www.everpharma.com\/pol\/products\/terlipressini-acetas\/","title":{"rendered":"Terlipressini acetas EVER Pharma"},"content":{"rendered":"\n<div class=\"wp-block-group meta\"><div class=\"wp-block-group__inner-container is-layout-flow wp-block-group-is-layout-flow\">\n<div class=\"wp-block-columns is-layout-flex wp-container-core-columns-is-layout-9d6595d7 wp-block-columns-is-layout-flex\">\n<div class=\"wp-block-column is-layout-flow wp-block-column-is-layout-flow\">\n<figure class=\"wp-block-table\"><table><tbody><tr><td><strong>Posta\u0107 farmaceutyczna<\/strong><\/td><td>Roztw\u00f3r do wstrzykiwa\u0144<\/td><\/tr><tr><td><strong>Dawka<\/strong><\/td><td>0,2 mg\/ml<\/td><\/tr><tr><td><strong>Sk\u0142ad jako\u015bciowy i ilo\u015bciowy<\/strong><\/td><td>1 mg\/5 ml, 2 mg\/10 ml<\/td><\/tr><tr><td><strong>Kod ATC<\/strong><\/td><td>H01BA04<\/td><\/tr><tr><td><strong>Grupa farmakoterapeutyczna<\/strong><\/td><td>Og\u00f3lnoustrojowe preparaty hormonalne, hormony tylnego p\u0142ata przysadki m\u00f3zgowej, wazopresyna i jej analogi<\/td><\/tr><tr><td><strong>Wskazania<\/strong><\/td><td>Leczenie krwawienia z \u017cylak\u00f3w prze\u0142yku.<br>Leczenie nag\u0142ych przypadk\u00f3w zespo\u0142u w\u0105trobowo-nerkowego typu 1, zgodnie z kryteriami IAC (International Ascites Club).<\/td><\/tr><\/tbody><\/table><\/figure>\n<\/div>\n<\/div>\n<\/div><\/div>\n\n\n\n<div style=\"height:50px\" aria-hidden=\"true\" class=\"wp-block-spacer\"><\/div>\n\n\n\n<div class=\"wp-block-columns is-layout-flex wp-container-core-columns-is-layout-9d6595d7 wp-block-columns-is-layout-flex\">\n<div class=\"wp-block-column is-layout-flow wp-block-column-is-layout-flow\">\n<h1 class=\"is-style-section-title has-md-font-size wp-block-heading\">Terlipressini acetas EVER Pharma<\/h1>\n<\/div>\n\n\n\n<div class=\"wp-block-column is-layout-flow wp-block-column-is-layout-flow\"><\/div>\n\n\n\n<div class=\"wp-block-column is-layout-flow wp-block-column-is-layout-flow\"><\/div>\n<\/div>\n\n\n\n<div class=\"wp-block-columns is-layout-flex wp-container-core-columns-is-layout-9d6595d7 wp-block-columns-is-layout-flex\">\n<div class=\"wp-block-column is-layout-flow wp-block-column-is-layout-flow\">\n<div class=\"wp-block-buttons is-layout-flex wp-block-buttons-is-layout-flex\">\n<div class=\"wp-block-button has-custom-width wp-block-button__width-100\"><a class=\"wp-block-button__link\" href=\"https:\/\/www.everpharma.com\/pol\/wp-content\/uploads\/sites\/2\/2023\/01\/Terlipressini-acetas-EVER-Pharma-Charakterystyka-Produktu-Leczniczego-1.pdf\" target=\"_blank\" rel=\"noreferrer noopener\">Charakterystyka Produktu Leczniczego<\/a><\/div>\n\n\n\n<div class=\"wp-block-button has-custom-width wp-block-button__width-100\"><a class=\"wp-block-button__link\" href=\"https:\/\/www.everpharma.com\/pol\/wp-content\/uploads\/sites\/2\/2023\/01\/Terlipressini-acetas-EVER-Pharma-Informacja-dla-Pacjenta-1.pdf\" target=\"_blank\" rel=\"noreferrer noopener\">Informacja dla Pacjenta<\/a><\/div>\n<\/div>\n<\/div>\n\n\n\n<div class=\"wp-block-column is-layout-flow wp-block-column-is-layout-flow\"><\/div>\n\n\n\n<div class=\"wp-block-column is-layout-flow wp-block-column-is-layout-flow\"><\/div>\n<\/div>\n\n\n\n<div style=\"height:50px\" aria-hidden=\"true\" class=\"wp-block-spacer\"><\/div>\n\n\n\n<p class=\"has-base-font-size\"><em>Terlipressini acetas EVER Pharma jest lekiem na recept\u0119. Informacje przeznaczone wy\u0142\u0105cznie dla pracownik\u00f3w s\u0142u\u017cby zdrowia.<\/em><br><em>Pe\u0142ne informacje o leku znajduj\u0105 si\u0119 w Charakterystyce Produktu Leczniczego.<\/em><\/p>\n\n\n\n<div style=\"height:100px\" aria-hidden=\"true\" class=\"wp-block-spacer\"><\/div>\n","protected":false},"excerpt":{"rendered":"<p>Posta\u0107 farmaceutyczna Roztw\u00f3r do wstrzykiwa\u0144 Dawka 0,2 mg\/ml Sk\u0142ad jako\u015bciowy i ilo\u015bciowy 1 mg\/5 ml, 2 mg\/10 ml Kod ATC H01BA04 Grupa farmakoterapeutyczna Og\u00f3lnoustrojowe preparaty hormonalne, hormony tylnego p\u0142ata przysadki m\u00f3zgowej, wazopresyna i jej analogi Wskazania Leczenie krwawienia z \u017cylak\u00f3w prze\u0142yku.Leczenie nag\u0142ych przypadk\u00f3w zespo\u0142u w\u0105trobowo-nerkowego typu 1, zgodnie z kryteriami IAC (International Ascites Club). Terlipressini &hellip; <a href=\"https:\/\/www.everpharma.com\/pol\/products\/terlipressini-acetas\/\">Continued<\/a><\/p>\n","protected":false},"featured_media":0,"template":"","class_list":["post-320","product","type-product","status-publish","hentry"],"yoast_head":"<!-- This site is optimized with the Yoast SEO plugin v27.5 - https:\/\/yoast.com\/product\/yoast-seo-wordpress\/ -->\n<title>Terlipressini acetas EVER Pharma - EVER Pharma Poland<\/title>\n<meta name=\"robots\" content=\"index, follow, max-snippet:-1, max-image-preview:large, max-video-preview:-1\" \/>\n<link rel=\"canonical\" href=\"https:\/\/www.everpharma.com\/pol\/products\/terlipressini-acetas\/\" \/>\n<meta property=\"og:locale\" content=\"pl_PL\" \/>\n<meta property=\"og:type\" content=\"article\" \/>\n<meta property=\"og:title\" content=\"Terlipressini acetas EVER Pharma - EVER Pharma Poland\" \/>\n<meta property=\"og:description\" content=\"Posta\u0107 farmaceutyczna Roztw\u00f3r do wstrzykiwa\u0144 Dawka 0,2 mg\/ml Sk\u0142ad jako\u015bciowy i ilo\u015bciowy 1 mg\/5 ml, 2 mg\/10 ml Kod ATC H01BA04 Grupa farmakoterapeutyczna Og\u00f3lnoustrojowe preparaty hormonalne, hormony tylnego p\u0142ata przysadki m\u00f3zgowej, wazopresyna i jej analogi Wskazania Leczenie krwawienia z \u017cylak\u00f3w prze\u0142yku.Leczenie nag\u0142ych przypadk\u00f3w zespo\u0142u w\u0105trobowo-nerkowego typu 1, zgodnie z kryteriami IAC (International Ascites Club). Terlipressini &hellip; Continued\" \/>\n<meta property=\"og:url\" content=\"https:\/\/www.everpharma.com\/pol\/products\/terlipressini-acetas\/\" \/>\n<meta property=\"og:site_name\" content=\"EVER Pharma Poland\" \/>\n<meta property=\"article:modified_time\" content=\"2023-01-26T17:48:39+00:00\" \/>\n<meta name=\"twitter:card\" content=\"summary_large_image\" \/>\n<script type=\"application\/ld+json\" class=\"yoast-schema-graph\">{\"@context\":\"https:\\\/\\\/schema.org\",\"@graph\":[{\"@type\":\"WebPage\",\"@id\":\"https:\\\/\\\/www.everpharma.com\\\/pol\\\/products\\\/terlipressini-acetas\\\/\",\"url\":\"https:\\\/\\\/www.everpharma.com\\\/pol\\\/products\\\/terlipressini-acetas\\\/\",\"name\":\"Terlipressini acetas EVER Pharma - EVER Pharma Poland\",\"isPartOf\":{\"@id\":\"https:\\\/\\\/www.everpharma.com\\\/pol\\\/#website\"},\"datePublished\":\"2023-01-18T04:49:57+00:00\",\"dateModified\":\"2023-01-26T17:48:39+00:00\",\"breadcrumb\":{\"@id\":\"https:\\\/\\\/www.everpharma.com\\\/pol\\\/products\\\/terlipressini-acetas\\\/#breadcrumb\"},\"inLanguage\":\"pl-PL\",\"potentialAction\":[{\"@type\":\"ReadAction\",\"target\":[\"https:\\\/\\\/www.everpharma.com\\\/pol\\\/products\\\/terlipressini-acetas\\\/\"]}]},{\"@type\":\"BreadcrumbList\",\"@id\":\"https:\\\/\\\/www.everpharma.com\\\/pol\\\/products\\\/terlipressini-acetas\\\/#breadcrumb\",\"itemListElement\":[{\"@type\":\"ListItem\",\"position\":1,\"name\":\"Startseite\",\"item\":\"https:\\\/\\\/www.everpharma.com\\\/pol\\\/\"},{\"@type\":\"ListItem\",\"position\":2,\"name\":\"Products\",\"item\":\"https:\\\/\\\/www.everpharma.com\\\/pol\\\/products\\\/\"},{\"@type\":\"ListItem\",\"position\":3,\"name\":\"Terlipressini acetas EVER Pharma\"}]},{\"@type\":\"WebSite\",\"@id\":\"https:\\\/\\\/www.everpharma.com\\\/pol\\\/#website\",\"url\":\"https:\\\/\\\/www.everpharma.com\\\/pol\\\/\",\"name\":\"EVER Pharma Poland\",\"description\":\"Dedicated to Health.\",\"potentialAction\":[{\"@type\":\"SearchAction\",\"target\":{\"@type\":\"EntryPoint\",\"urlTemplate\":\"https:\\\/\\\/www.everpharma.com\\\/pol\\\/?s={search_term_string}\"},\"query-input\":{\"@type\":\"PropertyValueSpecification\",\"valueRequired\":true,\"valueName\":\"search_term_string\"}}],\"inLanguage\":\"pl-PL\"}]}<\/script>\n<!-- \/ Yoast SEO plugin. -->","yoast_head_json":{"title":"Terlipressini acetas EVER Pharma - EVER Pharma Poland","robots":{"index":"index","follow":"follow","max-snippet":"max-snippet:-1","max-image-preview":"max-image-preview:large","max-video-preview":"max-video-preview:-1"},"canonical":"https:\/\/www.everpharma.com\/pol\/products\/terlipressini-acetas\/","og_locale":"pl_PL","og_type":"article","og_title":"Terlipressini acetas EVER Pharma - EVER Pharma Poland","og_description":"Posta\u0107 farmaceutyczna Roztw\u00f3r do wstrzykiwa\u0144 Dawka 0,2 mg\/ml Sk\u0142ad jako\u015bciowy i ilo\u015bciowy 1 mg\/5 ml, 2 mg\/10 ml Kod ATC H01BA04 Grupa farmakoterapeutyczna Og\u00f3lnoustrojowe preparaty hormonalne, hormony tylnego p\u0142ata przysadki m\u00f3zgowej, wazopresyna i jej analogi Wskazania Leczenie krwawienia z \u017cylak\u00f3w prze\u0142yku.Leczenie nag\u0142ych przypadk\u00f3w zespo\u0142u w\u0105trobowo-nerkowego typu 1, zgodnie z kryteriami IAC (International Ascites Club). Terlipressini &hellip; Continued","og_url":"https:\/\/www.everpharma.com\/pol\/products\/terlipressini-acetas\/","og_site_name":"EVER Pharma Poland","article_modified_time":"2023-01-26T17:48:39+00:00","twitter_card":"summary_large_image","schema":{"@context":"https:\/\/schema.org","@graph":[{"@type":"WebPage","@id":"https:\/\/www.everpharma.com\/pol\/products\/terlipressini-acetas\/","url":"https:\/\/www.everpharma.com\/pol\/products\/terlipressini-acetas\/","name":"Terlipressini acetas EVER Pharma - EVER Pharma Poland","isPartOf":{"@id":"https:\/\/www.everpharma.com\/pol\/#website"},"datePublished":"2023-01-18T04:49:57+00:00","dateModified":"2023-01-26T17:48:39+00:00","breadcrumb":{"@id":"https:\/\/www.everpharma.com\/pol\/products\/terlipressini-acetas\/#breadcrumb"},"inLanguage":"pl-PL","potentialAction":[{"@type":"ReadAction","target":["https:\/\/www.everpharma.com\/pol\/products\/terlipressini-acetas\/"]}]},{"@type":"BreadcrumbList","@id":"https:\/\/www.everpharma.com\/pol\/products\/terlipressini-acetas\/#breadcrumb","itemListElement":[{"@type":"ListItem","position":1,"name":"Startseite","item":"https:\/\/www.everpharma.com\/pol\/"},{"@type":"ListItem","position":2,"name":"Products","item":"https:\/\/www.everpharma.com\/pol\/products\/"},{"@type":"ListItem","position":3,"name":"Terlipressini acetas EVER Pharma"}]},{"@type":"WebSite","@id":"https:\/\/www.everpharma.com\/pol\/#website","url":"https:\/\/www.everpharma.com\/pol\/","name":"EVER Pharma Poland","description":"Dedicated to Health.","potentialAction":[{"@type":"SearchAction","target":{"@type":"EntryPoint","urlTemplate":"https:\/\/www.everpharma.com\/pol\/?s={search_term_string}"},"query-input":{"@type":"PropertyValueSpecification","valueRequired":true,"valueName":"search_term_string"}}],"inLanguage":"pl-PL"}]}},"acf":[],"_links":{"self":[{"href":"https:\/\/www.everpharma.com\/pol\/wp-json\/wp\/v2\/product\/320","targetHints":{"allow":["GET"]}}],"collection":[{"href":"https:\/\/www.everpharma.com\/pol\/wp-json\/wp\/v2\/product"}],"about":[{"href":"https:\/\/www.everpharma.com\/pol\/wp-json\/wp\/v2\/types\/product"}],"wp:attachment":[{"href":"https:\/\/www.everpharma.com\/pol\/wp-json\/wp\/v2\/media?parent=320"}],"curies":[{"name":"wp","href":"https:\/\/api.w.org\/{rel}","templated":true}]}}