{"id":311,"date":"2023-01-18T04:36:23","date_gmt":"2023-01-18T04:36:23","guid":{"rendered":"https:\/\/www.everpharma.com\/pol\/?post_type=product&#038;p=311"},"modified":"2023-01-26T17:48:29","modified_gmt":"2023-01-26T17:48:29","slug":"tachyben","status":"publish","type":"product","link":"https:\/\/www.everpharma.com\/pol\/products\/tachyben\/","title":{"rendered":"Tachyben\u00ae"},"content":{"rendered":"\n<div class=\"wp-block-group meta\"><div class=\"wp-block-group__inner-container is-layout-flow wp-block-group-is-layout-flow\">\n<div class=\"wp-block-columns is-layout-flex wp-container-core-columns-is-layout-9d6595d7 wp-block-columns-is-layout-flex\">\n<div class=\"wp-block-column is-layout-flow wp-block-column-is-layout-flow\">\n<figure class=\"wp-block-table\"><table><tbody><tr><td><strong>Posta\u0107 farmaceutyczna<\/strong><\/td><td>Roztw\u00f3r do wstrzykiwa\u0144<\/td><\/tr><tr><td><strong>Dawka<\/strong><\/td><td>5 mg\/ml<\/td><\/tr><tr><td><strong>Sk\u0142ad jako\u015bciowy i ilo\u015bciowy<\/strong><\/td><td>25 mg\/5 ml, 50 mg\/10 ml, 100 mg\/20 ml<\/td><\/tr><tr><td><strong>Kod ATC<\/strong><\/td><td>C02CA06<\/td><\/tr><tr><td><strong>Grupa farmakoterapeutyczna<\/strong><\/td><td>Leki adrenergiczne dzia\u0142aj\u0105ce obwodowo, antagoni\u015bci receptora adrenergicznego alfa.<\/td><\/tr><tr><td><strong>Wskazania<\/strong><\/td><td>Stany nag\u0142e w przebiegu nadci\u015bnienia t\u0119tniczego (np. prze\u0142om nadci\u015bnieniowy), ci\u0119\u017ckie i bardzo ci\u0119\u017ckie postacie nadci\u015bnienia t\u0119tniczego, nadci\u015bnienie oporne na leczenie farmakologiczne.<br>Kontrolowane obni\u017canie ci\u015bnienia t\u0119tniczego w przypadku zwi\u0119kszenia ci\u015bnienia w trakcie i (lub) po zabiegu operacyjnym.<\/td><\/tr><\/tbody><\/table><\/figure>\n<\/div>\n<\/div>\n<\/div><\/div>\n\n\n\n<div style=\"height:50px\" aria-hidden=\"true\" class=\"wp-block-spacer\"><\/div>\n\n\n\n<div class=\"wp-block-columns is-layout-flex wp-container-core-columns-is-layout-9d6595d7 wp-block-columns-is-layout-flex\">\n<div class=\"wp-block-column is-layout-flow wp-block-column-is-layout-flow\">\n<figure class=\"wp-block-image size-full is-resized\"><img loading=\"lazy\" decoding=\"async\" src=\"https:\/\/www.everpharma.com\/pol\/wp-content\/uploads\/sites\/2\/2023\/01\/Tachyben-Ampoule-Shots-1.jpg\" alt=\"\" class=\"wp-image-319\" width=\"260\" height=\"262\" srcset=\"https:\/\/www.everpharma.com\/pol\/wp-content\/uploads\/sites\/2\/2023\/01\/Tachyben-Ampoule-Shots-1.jpg 510w, https:\/\/www.everpharma.com\/pol\/wp-content\/uploads\/sites\/2\/2023\/01\/Tachyben-Ampoule-Shots-1-297x300.jpg 297w, https:\/\/www.everpharma.com\/pol\/wp-content\/uploads\/sites\/2\/2023\/01\/Tachyben-Ampoule-Shots-1-150x150.jpg 150w\" sizes=\"auto, (max-width: 260px) 100vw, 260px\" \/><\/figure>\n<\/div>\n\n\n\n<div class=\"wp-block-column is-layout-flow wp-block-column-is-layout-flow\">\n<h1 class=\"is-style-section-title has-md-font-size wp-block-heading\">Tachyben, 25 mg, 50 mg<\/h1>\n\n\n\n<div class=\"wp-block-buttons is-layout-flex wp-block-buttons-is-layout-flex\">\n<div class=\"wp-block-button has-custom-width wp-block-button__width-100\"><a class=\"wp-block-button__link\" href=\"https:\/\/www.everpharma.com\/pol\/wp-content\/uploads\/sites\/2\/2023\/01\/Tachyben-25mg-50-mg-Charakterystyka-Produktu-Leczniczego-1.pdf\" target=\"_blank\" rel=\"noreferrer noopener\">Charakterystyka Produktu Leczniczego<\/a><\/div>\n\n\n\n<div class=\"wp-block-button has-custom-width wp-block-button__width-100\"><a class=\"wp-block-button__link\" href=\"https:\/\/www.everpharma.com\/pol\/wp-content\/uploads\/sites\/2\/2023\/01\/Tachyben-25-mg-50-mg-Informacja-dla-Pacjenta-1.pdf\" target=\"_blank\" rel=\"noreferrer noopener\">Informacja dla Pacjenta<\/a><\/div>\n<\/div>\n<\/div>\n\n\n\n<div class=\"wp-block-column is-layout-flow wp-block-column-is-layout-flow\">\n<h1 class=\"is-style-section-title has-md-font-size wp-block-heading\">Tachyben, 100 mg<\/h1>\n\n\n\n<div class=\"wp-block-buttons is-layout-flex wp-block-buttons-is-layout-flex\">\n<div class=\"wp-block-button has-custom-width wp-block-button__width-100\"><a class=\"wp-block-button__link\" href=\"https:\/\/www.everpharma.com\/pol\/wp-content\/uploads\/sites\/2\/2023\/01\/Tachyben-100-mg-Charakterystyka-Produktu-Leczniczego-1.pdf\" target=\"_blank\" rel=\"noreferrer noopener\">Charakterystyka Produktu Leczniczego<\/a><\/div>\n\n\n\n<div class=\"wp-block-button has-custom-width wp-block-button__width-100\"><a class=\"wp-block-button__link\" href=\"https:\/\/www.everpharma.com\/pol\/wp-content\/uploads\/sites\/2\/2023\/01\/Tachyben-100-mg-Informacja-dla-Pacjenta-1.pdf\" target=\"_blank\" rel=\"noreferrer noopener\">Informacja dla Pacjenta<\/a><\/div>\n<\/div>\n<\/div>\n<\/div>\n\n\n\n<div class=\"wp-block-columns is-layout-flex wp-container-core-columns-is-layout-9d6595d7 wp-block-columns-is-layout-flex\">\n<div class=\"wp-block-column is-layout-flow wp-block-column-is-layout-flow\" style=\"flex-basis:66.66%\"><\/div>\n\n\n\n<div class=\"wp-block-column is-layout-flow wp-block-column-is-layout-flow\" style=\"flex-basis:33.33%\"><\/div>\n<\/div>\n\n\n\n<div style=\"height:50px\" aria-hidden=\"true\" class=\"wp-block-spacer\"><\/div>\n\n\n\n<p class=\"has-base-font-size\"><em>Tachyben\u00ae jest lekiem na recept\u0119. Informacje przeznaczone wy\u0142\u0105cznie dla pracownik\u00f3w s\u0142u\u017cby zdrowia.<\/em><br><em>Pe\u0142ne informacje o leku znajduj\u0105 si\u0119 w Charakterystyce Produktu Leczniczego.<\/em><\/p>\n\n\n\n<div style=\"height:100px\" aria-hidden=\"true\" class=\"wp-block-spacer\"><\/div>\n","protected":false},"excerpt":{"rendered":"<p>Posta\u0107 farmaceutyczna Roztw\u00f3r do wstrzykiwa\u0144 Dawka 5 mg\/ml Sk\u0142ad jako\u015bciowy i ilo\u015bciowy 25 mg\/5 ml, 50 mg\/10 ml, 100 mg\/20 ml Kod ATC C02CA06 Grupa farmakoterapeutyczna Leki adrenergiczne dzia\u0142aj\u0105ce obwodowo, antagoni\u015bci receptora adrenergicznego alfa. Wskazania Stany nag\u0142e w przebiegu nadci\u015bnienia t\u0119tniczego (np. prze\u0142om nadci\u015bnieniowy), ci\u0119\u017ckie i bardzo ci\u0119\u017ckie postacie nadci\u015bnienia t\u0119tniczego, nadci\u015bnienie oporne na leczenie &hellip; <a href=\"https:\/\/www.everpharma.com\/pol\/products\/tachyben\/\">Continued<\/a><\/p>\n","protected":false},"featured_media":0,"template":"","class_list":["post-311","product","type-product","status-publish","hentry"],"yoast_head":"<!-- This site is optimized with the Yoast SEO plugin v27.0 - https:\/\/yoast.com\/product\/yoast-seo-wordpress\/ -->\n<title>Tachyben\u00ae - EVER Pharma Poland<\/title>\n<meta name=\"robots\" content=\"index, follow, max-snippet:-1, max-image-preview:large, max-video-preview:-1\" \/>\n<link rel=\"canonical\" href=\"https:\/\/www.everpharma.com\/pol\/products\/tachyben\/\" \/>\n<meta property=\"og:locale\" content=\"pl_PL\" \/>\n<meta property=\"og:type\" content=\"article\" \/>\n<meta property=\"og:title\" content=\"Tachyben\u00ae - EVER Pharma Poland\" \/>\n<meta property=\"og:description\" content=\"Posta\u0107 farmaceutyczna Roztw\u00f3r do wstrzykiwa\u0144 Dawka 5 mg\/ml Sk\u0142ad jako\u015bciowy i ilo\u015bciowy 25 mg\/5 ml, 50 mg\/10 ml, 100 mg\/20 ml Kod ATC C02CA06 Grupa farmakoterapeutyczna Leki adrenergiczne dzia\u0142aj\u0105ce obwodowo, antagoni\u015bci receptora adrenergicznego alfa. Wskazania Stany nag\u0142e w przebiegu nadci\u015bnienia t\u0119tniczego (np. prze\u0142om nadci\u015bnieniowy), ci\u0119\u017ckie i bardzo ci\u0119\u017ckie postacie nadci\u015bnienia t\u0119tniczego, nadci\u015bnienie oporne na leczenie &hellip; Continued\" \/>\n<meta property=\"og:url\" content=\"https:\/\/www.everpharma.com\/pol\/products\/tachyben\/\" \/>\n<meta property=\"og:site_name\" content=\"EVER Pharma Poland\" \/>\n<meta property=\"article:modified_time\" content=\"2023-01-26T17:48:29+00:00\" \/>\n<meta property=\"og:image\" content=\"https:\/\/www.everpharma.com\/pol\/wp-content\/uploads\/sites\/2\/2023\/01\/Tachyben-Ampoule-Shots-1.jpg\" \/>\n<meta name=\"twitter:card\" content=\"summary_large_image\" \/>\n<meta name=\"twitter:label1\" content=\"Est. reading time\" \/>\n\t<meta name=\"twitter:data1\" content=\"1 minute\" \/>\n<script type=\"application\/ld+json\" class=\"yoast-schema-graph\">{\"@context\":\"https:\/\/schema.org\",\"@graph\":[{\"@type\":\"WebPage\",\"@id\":\"https:\/\/www.everpharma.com\/pol\/products\/tachyben\/\",\"url\":\"https:\/\/www.everpharma.com\/pol\/products\/tachyben\/\",\"name\":\"Tachyben\u00ae - EVER Pharma Poland\",\"isPartOf\":{\"@id\":\"https:\/\/www.everpharma.com\/pol\/#website\"},\"primaryImageOfPage\":{\"@id\":\"https:\/\/www.everpharma.com\/pol\/products\/tachyben\/#primaryimage\"},\"image\":{\"@id\":\"https:\/\/www.everpharma.com\/pol\/products\/tachyben\/#primaryimage\"},\"thumbnailUrl\":\"https:\/\/www.everpharma.com\/pol\/wp-content\/uploads\/sites\/2\/2023\/01\/Tachyben-Ampoule-Shots-1.jpg\",\"datePublished\":\"2023-01-18T04:36:23+00:00\",\"dateModified\":\"2023-01-26T17:48:29+00:00\",\"breadcrumb\":{\"@id\":\"https:\/\/www.everpharma.com\/pol\/products\/tachyben\/#breadcrumb\"},\"inLanguage\":\"pl-PL\",\"potentialAction\":[{\"@type\":\"ReadAction\",\"target\":[\"https:\/\/www.everpharma.com\/pol\/products\/tachyben\/\"]}]},{\"@type\":\"ImageObject\",\"inLanguage\":\"pl-PL\",\"@id\":\"https:\/\/www.everpharma.com\/pol\/products\/tachyben\/#primaryimage\",\"url\":\"https:\/\/www.everpharma.com\/pol\/wp-content\/uploads\/sites\/2\/2023\/01\/Tachyben-Ampoule-Shots-1.jpg\",\"contentUrl\":\"https:\/\/www.everpharma.com\/pol\/wp-content\/uploads\/sites\/2\/2023\/01\/Tachyben-Ampoule-Shots-1.jpg\",\"width\":510,\"height\":515},{\"@type\":\"BreadcrumbList\",\"@id\":\"https:\/\/www.everpharma.com\/pol\/products\/tachyben\/#breadcrumb\",\"itemListElement\":[{\"@type\":\"ListItem\",\"position\":1,\"name\":\"Startseite\",\"item\":\"https:\/\/www.everpharma.com\/pol\/\"},{\"@type\":\"ListItem\",\"position\":2,\"name\":\"Products\",\"item\":\"https:\/\/www.everpharma.com\/pol\/products\/\"},{\"@type\":\"ListItem\",\"position\":3,\"name\":\"Tachyben\u00ae\"}]},{\"@type\":\"WebSite\",\"@id\":\"https:\/\/www.everpharma.com\/pol\/#website\",\"url\":\"https:\/\/www.everpharma.com\/pol\/\",\"name\":\"EVER Pharma Poland\",\"description\":\"Dedicated to Health.\",\"potentialAction\":[{\"@type\":\"SearchAction\",\"target\":{\"@type\":\"EntryPoint\",\"urlTemplate\":\"https:\/\/www.everpharma.com\/pol\/?s={search_term_string}\"},\"query-input\":{\"@type\":\"PropertyValueSpecification\",\"valueRequired\":true,\"valueName\":\"search_term_string\"}}],\"inLanguage\":\"pl-PL\"}]}<\/script>\n<!-- \/ Yoast SEO plugin. -->","yoast_head_json":{"title":"Tachyben\u00ae - EVER Pharma Poland","robots":{"index":"index","follow":"follow","max-snippet":"max-snippet:-1","max-image-preview":"max-image-preview:large","max-video-preview":"max-video-preview:-1"},"canonical":"https:\/\/www.everpharma.com\/pol\/products\/tachyben\/","og_locale":"pl_PL","og_type":"article","og_title":"Tachyben\u00ae - EVER Pharma Poland","og_description":"Posta\u0107 farmaceutyczna Roztw\u00f3r do wstrzykiwa\u0144 Dawka 5 mg\/ml Sk\u0142ad jako\u015bciowy i ilo\u015bciowy 25 mg\/5 ml, 50 mg\/10 ml, 100 mg\/20 ml Kod ATC C02CA06 Grupa farmakoterapeutyczna Leki adrenergiczne dzia\u0142aj\u0105ce obwodowo, antagoni\u015bci receptora adrenergicznego alfa. Wskazania Stany nag\u0142e w przebiegu nadci\u015bnienia t\u0119tniczego (np. prze\u0142om nadci\u015bnieniowy), ci\u0119\u017ckie i bardzo ci\u0119\u017ckie postacie nadci\u015bnienia t\u0119tniczego, nadci\u015bnienie oporne na leczenie &hellip; Continued","og_url":"https:\/\/www.everpharma.com\/pol\/products\/tachyben\/","og_site_name":"EVER Pharma Poland","article_modified_time":"2023-01-26T17:48:29+00:00","og_image":[{"url":"https:\/\/www.everpharma.com\/pol\/wp-content\/uploads\/sites\/2\/2023\/01\/Tachyben-Ampoule-Shots-1.jpg","type":"","width":"","height":""}],"twitter_card":"summary_large_image","twitter_misc":{"Est. reading time":"1 minute"},"schema":{"@context":"https:\/\/schema.org","@graph":[{"@type":"WebPage","@id":"https:\/\/www.everpharma.com\/pol\/products\/tachyben\/","url":"https:\/\/www.everpharma.com\/pol\/products\/tachyben\/","name":"Tachyben\u00ae - EVER Pharma Poland","isPartOf":{"@id":"https:\/\/www.everpharma.com\/pol\/#website"},"primaryImageOfPage":{"@id":"https:\/\/www.everpharma.com\/pol\/products\/tachyben\/#primaryimage"},"image":{"@id":"https:\/\/www.everpharma.com\/pol\/products\/tachyben\/#primaryimage"},"thumbnailUrl":"https:\/\/www.everpharma.com\/pol\/wp-content\/uploads\/sites\/2\/2023\/01\/Tachyben-Ampoule-Shots-1.jpg","datePublished":"2023-01-18T04:36:23+00:00","dateModified":"2023-01-26T17:48:29+00:00","breadcrumb":{"@id":"https:\/\/www.everpharma.com\/pol\/products\/tachyben\/#breadcrumb"},"inLanguage":"pl-PL","potentialAction":[{"@type":"ReadAction","target":["https:\/\/www.everpharma.com\/pol\/products\/tachyben\/"]}]},{"@type":"ImageObject","inLanguage":"pl-PL","@id":"https:\/\/www.everpharma.com\/pol\/products\/tachyben\/#primaryimage","url":"https:\/\/www.everpharma.com\/pol\/wp-content\/uploads\/sites\/2\/2023\/01\/Tachyben-Ampoule-Shots-1.jpg","contentUrl":"https:\/\/www.everpharma.com\/pol\/wp-content\/uploads\/sites\/2\/2023\/01\/Tachyben-Ampoule-Shots-1.jpg","width":510,"height":515},{"@type":"BreadcrumbList","@id":"https:\/\/www.everpharma.com\/pol\/products\/tachyben\/#breadcrumb","itemListElement":[{"@type":"ListItem","position":1,"name":"Startseite","item":"https:\/\/www.everpharma.com\/pol\/"},{"@type":"ListItem","position":2,"name":"Products","item":"https:\/\/www.everpharma.com\/pol\/products\/"},{"@type":"ListItem","position":3,"name":"Tachyben\u00ae"}]},{"@type":"WebSite","@id":"https:\/\/www.everpharma.com\/pol\/#website","url":"https:\/\/www.everpharma.com\/pol\/","name":"EVER Pharma Poland","description":"Dedicated to Health.","potentialAction":[{"@type":"SearchAction","target":{"@type":"EntryPoint","urlTemplate":"https:\/\/www.everpharma.com\/pol\/?s={search_term_string}"},"query-input":{"@type":"PropertyValueSpecification","valueRequired":true,"valueName":"search_term_string"}}],"inLanguage":"pl-PL"}]}},"_links":{"self":[{"href":"https:\/\/www.everpharma.com\/pol\/wp-json\/wp\/v2\/product\/311","targetHints":{"allow":["GET"]}}],"collection":[{"href":"https:\/\/www.everpharma.com\/pol\/wp-json\/wp\/v2\/product"}],"about":[{"href":"https:\/\/www.everpharma.com\/pol\/wp-json\/wp\/v2\/types\/product"}],"wp:attachment":[{"href":"https:\/\/www.everpharma.com\/pol\/wp-json\/wp\/v2\/media?parent=311"}],"curies":[{"name":"wp","href":"https:\/\/api.w.org\/{rel}","templated":true}]}}