{"id":297,"date":"2023-01-17T19:24:17","date_gmt":"2023-01-17T19:24:17","guid":{"rendered":"https:\/\/www.everpharma.com\/pol\/?post_type=product&#038;p=297"},"modified":"2023-01-26T17:47:48","modified_gmt":"2023-01-26T17:47:48","slug":"dacepton-10-mg-ml","status":"publish","type":"product","link":"https:\/\/www.everpharma.com\/pol\/products\/dacepton-10-mg-ml\/","title":{"rendered":"Dacepton 10 mg\/ml, roztw\u00f3r do wstrzykiwa\u0144 we wk\u0142adzie"},"content":{"rendered":"\n<div class=\"wp-block-group meta\"><div class=\"wp-block-group__inner-container is-layout-flow wp-block-group-is-layout-flow\">\n<div class=\"wp-block-columns is-layout-flex wp-container-core-columns-is-layout-9d6595d7 wp-block-columns-is-layout-flex\">\n<div class=\"wp-block-column is-layout-flow wp-block-column-is-layout-flow\">\n<figure class=\"wp-block-table\"><table><tbody><tr><td><strong>Posta\u0107 farmaceutyczna<\/strong><\/td><td>Roztw\u00f3r do wstrzykiwa\u0144 we wk\u0142adzie<\/td><\/tr><tr><td><strong>Dawka<\/strong><\/td><td>10 mg\/ml<\/td><\/tr><tr><td><strong>Sk\u0142ad jako\u015bciowy i ilo\u015bciowy<\/strong><\/td><td>30 mg\/3 ml <\/td><\/tr><tr><td><strong>Kod ATC<\/strong><\/td><td>N04BC07<\/td><\/tr><tr><td><strong>Grupa farmakoterapeutyczn<\/strong>a<\/td><td>Leki stosowane w chorobie Parkinsona<\/td><\/tr><tr><td><strong>Wskazania<\/strong><\/td><td>Leczenie obni\u017caj\u0105cych sprawno\u015b\u0107 fluktuacji ruchowych (zjawisk \u201eon-off\u201d) u pacjent\u00f3w z chorob\u0105 Parkinsona, kt\u00f3re utrzymuj\u0105 si\u0119 pomimo stosowania doustnych lek\u00f3w przeciw chorobie Parkinsona.<\/td><\/tr><\/tbody><\/table><\/figure>\n<\/div>\n<\/div>\n<\/div><\/div>\n\n\n\n<div style=\"height:50px\" aria-hidden=\"true\" class=\"wp-block-spacer\"><\/div>\n\n\n\n<div class=\"wp-block-columns is-layout-flex wp-container-core-columns-is-layout-9d6595d7 wp-block-columns-is-layout-flex\">\n<div class=\"wp-block-column is-layout-flow wp-block-column-is-layout-flow\">\n<h1 class=\"is-style-section-title has-md-font-size wp-block-heading\">Dacepton, 10 mg\/ml <\/h1>\n<\/div>\n\n\n\n<div class=\"wp-block-column is-layout-flow wp-block-column-is-layout-flow\"><\/div>\n\n\n\n<div class=\"wp-block-column is-layout-flow wp-block-column-is-layout-flow\"><\/div>\n<\/div>\n\n\n\n<div class=\"wp-block-columns is-layout-flex wp-container-core-columns-is-layout-9d6595d7 wp-block-columns-is-layout-flex\">\n<div class=\"wp-block-column is-layout-flow wp-block-column-is-layout-flow\" style=\"flex-basis:33.33%\">\n<div class=\"wp-block-buttons is-layout-flex wp-block-buttons-is-layout-flex\">\n<div class=\"wp-block-button has-custom-width wp-block-button__width-100\"><a class=\"wp-block-button__link\" href=\"https:\/\/www.everpharma.com\/pol\/wp-content\/uploads\/sites\/2\/2023\/01\/Dacepton-10-mgml-roztwor-do-wstrzykiwan-we-wkladzie-Charakterystyka-Produktu-Leczniczego-1.pdf\" target=\"_blank\" rel=\"noreferrer noopener\">Charakterystyka Produktu Leczniczego<\/a><\/div>\n\n\n\n<div class=\"wp-block-button has-custom-width wp-block-button__width-100\"><a class=\"wp-block-button__link\" href=\"https:\/\/www.everpharma.com\/pol\/wp-content\/uploads\/sites\/2\/2023\/01\/Dacepton-10-mgml-roztwor-do-wstrzykiwan-we-wkladzie-Informacja-dla-Pacjenta-1.pdf\" target=\"_blank\" rel=\"noreferrer noopener\">Informacja dla Pacjenta<\/a><\/div>\n<\/div>\n<\/div>\n<\/div>\n\n\n\n<div style=\"height:50px\" aria-hidden=\"true\" class=\"wp-block-spacer\"><\/div>\n\n\n\n<p class=\"has-base-font-size\"><em>Dacepton jest lekiem na recept\u0119. Informacje przeznaczone wy\u0142\u0105cznie dla pracownik\u00f3w s\u0142u\u017cby zdrowia.<\/em><br><em>Pe\u0142ne informacje o leku znajduj\u0105 si\u0119 w Charakterystyce Produktu Leczniczego.<\/em><\/p>\n\n\n\n<div style=\"height:100px\" aria-hidden=\"true\" class=\"wp-block-spacer\"><\/div>\n","protected":false},"excerpt":{"rendered":"<p>Posta\u0107 farmaceutyczna Roztw\u00f3r do wstrzykiwa\u0144 we wk\u0142adzie Dawka 10 mg\/ml Sk\u0142ad jako\u015bciowy i ilo\u015bciowy 30 mg\/3 ml Kod ATC N04BC07 Grupa farmakoterapeutyczna Leki stosowane w chorobie Parkinsona Wskazania Leczenie obni\u017caj\u0105cych sprawno\u015b\u0107 fluktuacji ruchowych (zjawisk \u201eon-off\u201d) u pacjent\u00f3w z chorob\u0105 Parkinsona, kt\u00f3re utrzymuj\u0105 si\u0119 pomimo stosowania doustnych lek\u00f3w przeciw chorobie Parkinsona. Dacepton, 10 mg\/ml Dacepton jest &hellip; <a href=\"https:\/\/www.everpharma.com\/pol\/products\/dacepton-10-mg-ml\/\">Continued<\/a><\/p>\n","protected":false},"featured_media":0,"template":"","class_list":["post-297","product","type-product","status-publish","hentry"],"yoast_head":"<!-- This site is optimized with the Yoast SEO plugin v27.5 - https:\/\/yoast.com\/product\/yoast-seo-wordpress\/ -->\n<title>Dacepton 10 mg\/ml, roztw\u00f3r do wstrzykiwa\u0144 we wk\u0142adzie - EVER Pharma Poland<\/title>\n<meta name=\"robots\" content=\"index, follow, max-snippet:-1, max-image-preview:large, max-video-preview:-1\" \/>\n<link rel=\"canonical\" href=\"https:\/\/www.everpharma.com\/pol\/products\/dacepton-10-mg-ml\/\" \/>\n<meta property=\"og:locale\" content=\"pl_PL\" \/>\n<meta property=\"og:type\" content=\"article\" \/>\n<meta property=\"og:title\" content=\"Dacepton 10 mg\/ml, roztw\u00f3r do wstrzykiwa\u0144 we wk\u0142adzie - EVER Pharma Poland\" \/>\n<meta property=\"og:description\" content=\"Posta\u0107 farmaceutyczna Roztw\u00f3r do wstrzykiwa\u0144 we wk\u0142adzie Dawka 10 mg\/ml Sk\u0142ad jako\u015bciowy i ilo\u015bciowy 30 mg\/3 ml Kod ATC N04BC07 Grupa farmakoterapeutyczna Leki stosowane w chorobie Parkinsona Wskazania Leczenie obni\u017caj\u0105cych sprawno\u015b\u0107 fluktuacji ruchowych (zjawisk \u201eon-off\u201d) u pacjent\u00f3w z chorob\u0105 Parkinsona, kt\u00f3re utrzymuj\u0105 si\u0119 pomimo stosowania doustnych lek\u00f3w przeciw chorobie Parkinsona. Dacepton, 10 mg\/ml Dacepton jest &hellip; Continued\" \/>\n<meta property=\"og:url\" content=\"https:\/\/www.everpharma.com\/pol\/products\/dacepton-10-mg-ml\/\" \/>\n<meta property=\"og:site_name\" content=\"EVER Pharma Poland\" \/>\n<meta property=\"article:modified_time\" content=\"2023-01-26T17:47:48+00:00\" \/>\n<meta name=\"twitter:card\" content=\"summary_large_image\" \/>\n<script type=\"application\/ld+json\" class=\"yoast-schema-graph\">{\"@context\":\"https:\\\/\\\/schema.org\",\"@graph\":[{\"@type\":\"WebPage\",\"@id\":\"https:\\\/\\\/www.everpharma.com\\\/pol\\\/products\\\/dacepton-10-mg-ml\\\/\",\"url\":\"https:\\\/\\\/www.everpharma.com\\\/pol\\\/products\\\/dacepton-10-mg-ml\\\/\",\"name\":\"Dacepton 10 mg\\\/ml, roztw\u00f3r do wstrzykiwa\u0144 we wk\u0142adzie - EVER Pharma Poland\",\"isPartOf\":{\"@id\":\"https:\\\/\\\/www.everpharma.com\\\/pol\\\/#website\"},\"datePublished\":\"2023-01-17T19:24:17+00:00\",\"dateModified\":\"2023-01-26T17:47:48+00:00\",\"breadcrumb\":{\"@id\":\"https:\\\/\\\/www.everpharma.com\\\/pol\\\/products\\\/dacepton-10-mg-ml\\\/#breadcrumb\"},\"inLanguage\":\"pl-PL\",\"potentialAction\":[{\"@type\":\"ReadAction\",\"target\":[\"https:\\\/\\\/www.everpharma.com\\\/pol\\\/products\\\/dacepton-10-mg-ml\\\/\"]}]},{\"@type\":\"BreadcrumbList\",\"@id\":\"https:\\\/\\\/www.everpharma.com\\\/pol\\\/products\\\/dacepton-10-mg-ml\\\/#breadcrumb\",\"itemListElement\":[{\"@type\":\"ListItem\",\"position\":1,\"name\":\"Startseite\",\"item\":\"https:\\\/\\\/www.everpharma.com\\\/pol\\\/\"},{\"@type\":\"ListItem\",\"position\":2,\"name\":\"Products\",\"item\":\"https:\\\/\\\/www.everpharma.com\\\/pol\\\/products\\\/\"},{\"@type\":\"ListItem\",\"position\":3,\"name\":\"Dacepton 10 mg\\\/ml, roztw\u00f3r do wstrzykiwa\u0144 we wk\u0142adzie\"}]},{\"@type\":\"WebSite\",\"@id\":\"https:\\\/\\\/www.everpharma.com\\\/pol\\\/#website\",\"url\":\"https:\\\/\\\/www.everpharma.com\\\/pol\\\/\",\"name\":\"EVER Pharma Poland\",\"description\":\"Dedicated to Health.\",\"potentialAction\":[{\"@type\":\"SearchAction\",\"target\":{\"@type\":\"EntryPoint\",\"urlTemplate\":\"https:\\\/\\\/www.everpharma.com\\\/pol\\\/?s={search_term_string}\"},\"query-input\":{\"@type\":\"PropertyValueSpecification\",\"valueRequired\":true,\"valueName\":\"search_term_string\"}}],\"inLanguage\":\"pl-PL\"}]}<\/script>\n<!-- \/ Yoast SEO plugin. -->","yoast_head_json":{"title":"Dacepton 10 mg\/ml, roztw\u00f3r do wstrzykiwa\u0144 we wk\u0142adzie - EVER Pharma Poland","robots":{"index":"index","follow":"follow","max-snippet":"max-snippet:-1","max-image-preview":"max-image-preview:large","max-video-preview":"max-video-preview:-1"},"canonical":"https:\/\/www.everpharma.com\/pol\/products\/dacepton-10-mg-ml\/","og_locale":"pl_PL","og_type":"article","og_title":"Dacepton 10 mg\/ml, roztw\u00f3r do wstrzykiwa\u0144 we wk\u0142adzie - EVER Pharma Poland","og_description":"Posta\u0107 farmaceutyczna Roztw\u00f3r do wstrzykiwa\u0144 we wk\u0142adzie Dawka 10 mg\/ml Sk\u0142ad jako\u015bciowy i ilo\u015bciowy 30 mg\/3 ml Kod ATC N04BC07 Grupa farmakoterapeutyczna Leki stosowane w chorobie Parkinsona Wskazania Leczenie obni\u017caj\u0105cych sprawno\u015b\u0107 fluktuacji ruchowych (zjawisk \u201eon-off\u201d) u pacjent\u00f3w z chorob\u0105 Parkinsona, kt\u00f3re utrzymuj\u0105 si\u0119 pomimo stosowania doustnych lek\u00f3w przeciw chorobie Parkinsona. Dacepton, 10 mg\/ml Dacepton jest &hellip; Continued","og_url":"https:\/\/www.everpharma.com\/pol\/products\/dacepton-10-mg-ml\/","og_site_name":"EVER Pharma Poland","article_modified_time":"2023-01-26T17:47:48+00:00","twitter_card":"summary_large_image","schema":{"@context":"https:\/\/schema.org","@graph":[{"@type":"WebPage","@id":"https:\/\/www.everpharma.com\/pol\/products\/dacepton-10-mg-ml\/","url":"https:\/\/www.everpharma.com\/pol\/products\/dacepton-10-mg-ml\/","name":"Dacepton 10 mg\/ml, roztw\u00f3r do wstrzykiwa\u0144 we wk\u0142adzie - EVER Pharma Poland","isPartOf":{"@id":"https:\/\/www.everpharma.com\/pol\/#website"},"datePublished":"2023-01-17T19:24:17+00:00","dateModified":"2023-01-26T17:47:48+00:00","breadcrumb":{"@id":"https:\/\/www.everpharma.com\/pol\/products\/dacepton-10-mg-ml\/#breadcrumb"},"inLanguage":"pl-PL","potentialAction":[{"@type":"ReadAction","target":["https:\/\/www.everpharma.com\/pol\/products\/dacepton-10-mg-ml\/"]}]},{"@type":"BreadcrumbList","@id":"https:\/\/www.everpharma.com\/pol\/products\/dacepton-10-mg-ml\/#breadcrumb","itemListElement":[{"@type":"ListItem","position":1,"name":"Startseite","item":"https:\/\/www.everpharma.com\/pol\/"},{"@type":"ListItem","position":2,"name":"Products","item":"https:\/\/www.everpharma.com\/pol\/products\/"},{"@type":"ListItem","position":3,"name":"Dacepton 10 mg\/ml, roztw\u00f3r do wstrzykiwa\u0144 we wk\u0142adzie"}]},{"@type":"WebSite","@id":"https:\/\/www.everpharma.com\/pol\/#website","url":"https:\/\/www.everpharma.com\/pol\/","name":"EVER Pharma Poland","description":"Dedicated to Health.","potentialAction":[{"@type":"SearchAction","target":{"@type":"EntryPoint","urlTemplate":"https:\/\/www.everpharma.com\/pol\/?s={search_term_string}"},"query-input":{"@type":"PropertyValueSpecification","valueRequired":true,"valueName":"search_term_string"}}],"inLanguage":"pl-PL"}]}},"acf":[],"_links":{"self":[{"href":"https:\/\/www.everpharma.com\/pol\/wp-json\/wp\/v2\/product\/297","targetHints":{"allow":["GET"]}}],"collection":[{"href":"https:\/\/www.everpharma.com\/pol\/wp-json\/wp\/v2\/product"}],"about":[{"href":"https:\/\/www.everpharma.com\/pol\/wp-json\/wp\/v2\/types\/product"}],"wp:attachment":[{"href":"https:\/\/www.everpharma.com\/pol\/wp-json\/wp\/v2\/media?parent=297"}],"curies":[{"name":"wp","href":"https:\/\/api.w.org\/{rel}","templated":true}]}}