{"id":292,"date":"2023-01-17T19:04:10","date_gmt":"2023-01-17T19:04:10","guid":{"rendered":"https:\/\/www.everpharma.com\/pol\/?post_type=product&#038;p=292"},"modified":"2023-01-26T17:47:38","modified_gmt":"2023-01-26T17:47:38","slug":"cerebrolysin","status":"publish","type":"product","link":"https:\/\/www.everpharma.com\/pol\/products\/cerebrolysin\/","title":{"rendered":"Cerebrolysin\u00ae"},"content":{"rendered":"\n<div class=\"wp-block-group meta\"><div class=\"wp-block-group__inner-container is-layout-flow wp-block-group-is-layout-flow\">\n<div class=\"wp-block-columns is-layout-flex wp-container-core-columns-is-layout-9d6595d7 wp-block-columns-is-layout-flex\">\n<div class=\"wp-block-column is-layout-flow wp-block-column-is-layout-flow\">\n<figure class=\"wp-block-table\"><table><tbody><tr><td><strong>Posta\u0107 farmaceutyczna<\/strong><\/td><td>Roztw\u00f3r do wstrzykiwa\u0144 i infuzji<\/td><\/tr><tr><td><strong>Dawka<\/strong><\/td><td>215,2 mg\/ml<\/td><\/tr><tr><td><strong>Grupa farmakoterapeutyczna<\/strong><\/td><td>Leki wp\u0142ywaj\u0105ce na uk\u0142ad nerwowy<\/td><\/tr><tr><td><strong>Wskazania<\/strong><\/td><td>Produkt leczniczy Cerebrolysin jest wskazany jako leczenie wspomagaj\u0105ce:<br>&#8211; w demencji starczej typu alzheimerowskiego i demencji pochodzenia naczyniowego<br>(powstaj\u0105cej na skutek zaburze\u0144 przep\u0142ywu krwi w m\u00f3zgu);<br>&#8211; w deficytach poudarowych (zaburzeniach, kt\u00f3re powstaj\u0105 po udarze m\u00f3zgu);<br>&#8211; w urazach czaszkowo-m\u00f3zgowych (wstrz\u0105\u015bnieniu i st\u0142uczeniu m\u00f3zgu).<\/td><\/tr><\/tbody><\/table><\/figure>\n<\/div>\n<\/div>\n<\/div><\/div>\n\n\n\n<div style=\"height:50px\" aria-hidden=\"true\" class=\"wp-block-spacer\"><\/div>\n\n\n\n<div class=\"wp-block-columns is-layout-flex wp-container-core-columns-is-layout-9d6595d7 wp-block-columns-is-layout-flex\">\n<div class=\"wp-block-column is-layout-flow wp-block-column-is-layout-flow\" style=\"flex-basis:66.66%\">\n<figure class=\"wp-block-image size-large is-resized\"><img loading=\"lazy\" decoding=\"async\" src=\"https:\/\/www.everpharma.com\/pol\/wp-content\/uploads\/sites\/2\/2023\/01\/Cerebrolysin-pudelko-fiolki-1024x721.jpg\" alt=\"\" class=\"wp-image-293\" width=\"580\" height=\"408\" srcset=\"https:\/\/www.everpharma.com\/pol\/wp-content\/uploads\/sites\/2\/2023\/01\/Cerebrolysin-pudelko-fiolki-1024x721.jpg 1024w, https:\/\/www.everpharma.com\/pol\/wp-content\/uploads\/sites\/2\/2023\/01\/Cerebrolysin-pudelko-fiolki-300x211.jpg 300w, https:\/\/www.everpharma.com\/pol\/wp-content\/uploads\/sites\/2\/2023\/01\/Cerebrolysin-pudelko-fiolki-768x541.jpg 768w, https:\/\/www.everpharma.com\/pol\/wp-content\/uploads\/sites\/2\/2023\/01\/Cerebrolysin-pudelko-fiolki-1536x1081.jpg 1536w, https:\/\/www.everpharma.com\/pol\/wp-content\/uploads\/sites\/2\/2023\/01\/Cerebrolysin-pudelko-fiolki.jpg 2000w\" sizes=\"auto, (max-width: 580px) 100vw, 580px\" \/><\/figure>\n<\/div>\n\n\n\n<div class=\"wp-block-column is-layout-flow wp-block-column-is-layout-flow\" style=\"flex-basis:33.33%\">\n<h1 class=\"is-style-section-title has-md-font-size wp-block-heading\">Cerebrolysin\u00ae<\/h1>\n\n\n\n<div class=\"wp-block-buttons is-layout-flex wp-block-buttons-is-layout-flex\">\n<div class=\"wp-block-button has-custom-width wp-block-button__width-100\"><a class=\"wp-block-button__link\" href=\"https:\/\/www.everpharma.com\/pol\/wp-content\/uploads\/sites\/2\/2023\/01\/Cerebrolysin-Charakterystyka-Produktu-Leczniczego.pdf\" target=\"_blank\" rel=\"noreferrer noopener\">Charakterystyka Produktu Leczniczego<\/a><\/div>\n\n\n\n<div class=\"wp-block-button has-custom-width wp-block-button__width-100\"><a class=\"wp-block-button__link\" href=\"https:\/\/www.everpharma.com\/pol\/wp-content\/uploads\/sites\/2\/2023\/01\/Cerebrolysin-Informacja-dla-Pacjenta.pdf\" target=\"_blank\" rel=\"noreferrer noopener\">Informacja dla Pacjenta<\/a><\/div>\n<\/div>\n<\/div>\n<\/div>\n\n\n\n<div style=\"height:50px\" aria-hidden=\"true\" class=\"wp-block-spacer\"><\/div>\n\n\n\n<p class=\"has-base-font-size\"><em>Cerebrolysin\u00ae jest lekiem na recept\u0119. Informacje przeznaczone wy\u0142\u0105cznie dla pracownik\u00f3w s\u0142u\u017cby zdrowia.<\/em><br><em>Pe\u0142ne informacje o leku znajduj\u0105 si\u0119 w Charakterystyce Produktu Leczniczego.<\/em><\/p>\n\n\n\n<div style=\"height:100px\" aria-hidden=\"true\" class=\"wp-block-spacer\"><\/div>\n","protected":false},"excerpt":{"rendered":"<p>Posta\u0107 farmaceutyczna Roztw\u00f3r do wstrzykiwa\u0144 i infuzji Dawka 215,2 mg\/ml Grupa farmakoterapeutyczna Leki wp\u0142ywaj\u0105ce na uk\u0142ad nerwowy Wskazania Produkt leczniczy Cerebrolysin jest wskazany jako leczenie wspomagaj\u0105ce:&#8211; w demencji starczej typu alzheimerowskiego i demencji pochodzenia naczyniowego(powstaj\u0105cej na skutek zaburze\u0144 przep\u0142ywu krwi w m\u00f3zgu);&#8211; w deficytach poudarowych (zaburzeniach, kt\u00f3re powstaj\u0105 po udarze m\u00f3zgu);&#8211; w urazach czaszkowo-m\u00f3zgowych (wstrz\u0105\u015bnieniu &hellip; <a href=\"https:\/\/www.everpharma.com\/pol\/products\/cerebrolysin\/\">Continued<\/a><\/p>\n","protected":false},"featured_media":0,"template":"","class_list":["post-292","product","type-product","status-publish","hentry"],"yoast_head":"<!-- This site is optimized with the Yoast SEO plugin v27.4 - https:\/\/yoast.com\/product\/yoast-seo-wordpress\/ -->\n<title>Cerebrolysin\u00ae - EVER Pharma Poland<\/title>\n<meta name=\"robots\" content=\"index, follow, max-snippet:-1, max-image-preview:large, max-video-preview:-1\" \/>\n<link rel=\"canonical\" href=\"https:\/\/www.everpharma.com\/pol\/products\/cerebrolysin\/\" \/>\n<meta property=\"og:locale\" content=\"pl_PL\" \/>\n<meta property=\"og:type\" content=\"article\" \/>\n<meta property=\"og:title\" content=\"Cerebrolysin\u00ae - EVER Pharma Poland\" \/>\n<meta property=\"og:description\" content=\"Posta\u0107 farmaceutyczna Roztw\u00f3r do wstrzykiwa\u0144 i infuzji Dawka 215,2 mg\/ml Grupa farmakoterapeutyczna Leki wp\u0142ywaj\u0105ce na uk\u0142ad nerwowy Wskazania Produkt leczniczy Cerebrolysin jest wskazany jako leczenie wspomagaj\u0105ce:&#8211; w demencji starczej typu alzheimerowskiego i demencji pochodzenia naczyniowego(powstaj\u0105cej na skutek zaburze\u0144 przep\u0142ywu krwi w m\u00f3zgu);&#8211; w deficytach poudarowych (zaburzeniach, kt\u00f3re powstaj\u0105 po udarze m\u00f3zgu);&#8211; w urazach czaszkowo-m\u00f3zgowych (wstrz\u0105\u015bnieniu &hellip; Continued\" \/>\n<meta property=\"og:url\" content=\"https:\/\/www.everpharma.com\/pol\/products\/cerebrolysin\/\" \/>\n<meta property=\"og:site_name\" content=\"EVER Pharma Poland\" \/>\n<meta property=\"article:modified_time\" content=\"2023-01-26T17:47:38+00:00\" \/>\n<meta property=\"og:image\" content=\"https:\/\/www.everpharma.com\/pol\/wp-content\/uploads\/sites\/2\/2023\/01\/Cerebrolysin-pudelko-fiolki-1024x721.jpg\" \/>\n<meta name=\"twitter:card\" content=\"summary_large_image\" \/>\n<meta name=\"twitter:label1\" content=\"Est. reading time\" \/>\n\t<meta name=\"twitter:data1\" content=\"1 minute\" \/>\n<script type=\"application\/ld+json\" class=\"yoast-schema-graph\">{\"@context\":\"https:\\\/\\\/schema.org\",\"@graph\":[{\"@type\":\"WebPage\",\"@id\":\"https:\\\/\\\/www.everpharma.com\\\/pol\\\/products\\\/cerebrolysin\\\/\",\"url\":\"https:\\\/\\\/www.everpharma.com\\\/pol\\\/products\\\/cerebrolysin\\\/\",\"name\":\"Cerebrolysin\u00ae - EVER Pharma Poland\",\"isPartOf\":{\"@id\":\"https:\\\/\\\/www.everpharma.com\\\/pol\\\/#website\"},\"primaryImageOfPage\":{\"@id\":\"https:\\\/\\\/www.everpharma.com\\\/pol\\\/products\\\/cerebrolysin\\\/#primaryimage\"},\"image\":{\"@id\":\"https:\\\/\\\/www.everpharma.com\\\/pol\\\/products\\\/cerebrolysin\\\/#primaryimage\"},\"thumbnailUrl\":\"https:\\\/\\\/www.everpharma.com\\\/pol\\\/wp-content\\\/uploads\\\/sites\\\/2\\\/2023\\\/01\\\/Cerebrolysin-pudelko-fiolki-1024x721.jpg\",\"datePublished\":\"2023-01-17T19:04:10+00:00\",\"dateModified\":\"2023-01-26T17:47:38+00:00\",\"breadcrumb\":{\"@id\":\"https:\\\/\\\/www.everpharma.com\\\/pol\\\/products\\\/cerebrolysin\\\/#breadcrumb\"},\"inLanguage\":\"pl-PL\",\"potentialAction\":[{\"@type\":\"ReadAction\",\"target\":[\"https:\\\/\\\/www.everpharma.com\\\/pol\\\/products\\\/cerebrolysin\\\/\"]}]},{\"@type\":\"ImageObject\",\"inLanguage\":\"pl-PL\",\"@id\":\"https:\\\/\\\/www.everpharma.com\\\/pol\\\/products\\\/cerebrolysin\\\/#primaryimage\",\"url\":\"https:\\\/\\\/www.everpharma.com\\\/pol\\\/wp-content\\\/uploads\\\/sites\\\/2\\\/2023\\\/01\\\/Cerebrolysin-pudelko-fiolki.jpg\",\"contentUrl\":\"https:\\\/\\\/www.everpharma.com\\\/pol\\\/wp-content\\\/uploads\\\/sites\\\/2\\\/2023\\\/01\\\/Cerebrolysin-pudelko-fiolki.jpg\",\"width\":2000,\"height\":1408},{\"@type\":\"BreadcrumbList\",\"@id\":\"https:\\\/\\\/www.everpharma.com\\\/pol\\\/products\\\/cerebrolysin\\\/#breadcrumb\",\"itemListElement\":[{\"@type\":\"ListItem\",\"position\":1,\"name\":\"Startseite\",\"item\":\"https:\\\/\\\/www.everpharma.com\\\/pol\\\/\"},{\"@type\":\"ListItem\",\"position\":2,\"name\":\"Products\",\"item\":\"https:\\\/\\\/www.everpharma.com\\\/pol\\\/products\\\/\"},{\"@type\":\"ListItem\",\"position\":3,\"name\":\"Cerebrolysin\u00ae\"}]},{\"@type\":\"WebSite\",\"@id\":\"https:\\\/\\\/www.everpharma.com\\\/pol\\\/#website\",\"url\":\"https:\\\/\\\/www.everpharma.com\\\/pol\\\/\",\"name\":\"EVER Pharma Poland\",\"description\":\"Dedicated to Health.\",\"potentialAction\":[{\"@type\":\"SearchAction\",\"target\":{\"@type\":\"EntryPoint\",\"urlTemplate\":\"https:\\\/\\\/www.everpharma.com\\\/pol\\\/?s={search_term_string}\"},\"query-input\":{\"@type\":\"PropertyValueSpecification\",\"valueRequired\":true,\"valueName\":\"search_term_string\"}}],\"inLanguage\":\"pl-PL\"}]}<\/script>\n<!-- \/ Yoast SEO plugin. -->","yoast_head_json":{"title":"Cerebrolysin\u00ae - EVER Pharma Poland","robots":{"index":"index","follow":"follow","max-snippet":"max-snippet:-1","max-image-preview":"max-image-preview:large","max-video-preview":"max-video-preview:-1"},"canonical":"https:\/\/www.everpharma.com\/pol\/products\/cerebrolysin\/","og_locale":"pl_PL","og_type":"article","og_title":"Cerebrolysin\u00ae - EVER Pharma Poland","og_description":"Posta\u0107 farmaceutyczna Roztw\u00f3r do wstrzykiwa\u0144 i infuzji Dawka 215,2 mg\/ml Grupa farmakoterapeutyczna Leki wp\u0142ywaj\u0105ce na uk\u0142ad nerwowy Wskazania Produkt leczniczy Cerebrolysin jest wskazany jako leczenie wspomagaj\u0105ce:&#8211; w demencji starczej typu alzheimerowskiego i demencji pochodzenia naczyniowego(powstaj\u0105cej na skutek zaburze\u0144 przep\u0142ywu krwi w m\u00f3zgu);&#8211; w deficytach poudarowych (zaburzeniach, kt\u00f3re powstaj\u0105 po udarze m\u00f3zgu);&#8211; w urazach czaszkowo-m\u00f3zgowych (wstrz\u0105\u015bnieniu &hellip; Continued","og_url":"https:\/\/www.everpharma.com\/pol\/products\/cerebrolysin\/","og_site_name":"EVER Pharma Poland","article_modified_time":"2023-01-26T17:47:38+00:00","og_image":[{"url":"https:\/\/www.everpharma.com\/pol\/wp-content\/uploads\/sites\/2\/2023\/01\/Cerebrolysin-pudelko-fiolki-1024x721.jpg","type":"","width":"","height":""}],"twitter_card":"summary_large_image","twitter_misc":{"Est. reading time":"1 minute"},"schema":{"@context":"https:\/\/schema.org","@graph":[{"@type":"WebPage","@id":"https:\/\/www.everpharma.com\/pol\/products\/cerebrolysin\/","url":"https:\/\/www.everpharma.com\/pol\/products\/cerebrolysin\/","name":"Cerebrolysin\u00ae - EVER Pharma Poland","isPartOf":{"@id":"https:\/\/www.everpharma.com\/pol\/#website"},"primaryImageOfPage":{"@id":"https:\/\/www.everpharma.com\/pol\/products\/cerebrolysin\/#primaryimage"},"image":{"@id":"https:\/\/www.everpharma.com\/pol\/products\/cerebrolysin\/#primaryimage"},"thumbnailUrl":"https:\/\/www.everpharma.com\/pol\/wp-content\/uploads\/sites\/2\/2023\/01\/Cerebrolysin-pudelko-fiolki-1024x721.jpg","datePublished":"2023-01-17T19:04:10+00:00","dateModified":"2023-01-26T17:47:38+00:00","breadcrumb":{"@id":"https:\/\/www.everpharma.com\/pol\/products\/cerebrolysin\/#breadcrumb"},"inLanguage":"pl-PL","potentialAction":[{"@type":"ReadAction","target":["https:\/\/www.everpharma.com\/pol\/products\/cerebrolysin\/"]}]},{"@type":"ImageObject","inLanguage":"pl-PL","@id":"https:\/\/www.everpharma.com\/pol\/products\/cerebrolysin\/#primaryimage","url":"https:\/\/www.everpharma.com\/pol\/wp-content\/uploads\/sites\/2\/2023\/01\/Cerebrolysin-pudelko-fiolki.jpg","contentUrl":"https:\/\/www.everpharma.com\/pol\/wp-content\/uploads\/sites\/2\/2023\/01\/Cerebrolysin-pudelko-fiolki.jpg","width":2000,"height":1408},{"@type":"BreadcrumbList","@id":"https:\/\/www.everpharma.com\/pol\/products\/cerebrolysin\/#breadcrumb","itemListElement":[{"@type":"ListItem","position":1,"name":"Startseite","item":"https:\/\/www.everpharma.com\/pol\/"},{"@type":"ListItem","position":2,"name":"Products","item":"https:\/\/www.everpharma.com\/pol\/products\/"},{"@type":"ListItem","position":3,"name":"Cerebrolysin\u00ae"}]},{"@type":"WebSite","@id":"https:\/\/www.everpharma.com\/pol\/#website","url":"https:\/\/www.everpharma.com\/pol\/","name":"EVER Pharma Poland","description":"Dedicated to Health.","potentialAction":[{"@type":"SearchAction","target":{"@type":"EntryPoint","urlTemplate":"https:\/\/www.everpharma.com\/pol\/?s={search_term_string}"},"query-input":{"@type":"PropertyValueSpecification","valueRequired":true,"valueName":"search_term_string"}}],"inLanguage":"pl-PL"}]}},"acf":[],"_links":{"self":[{"href":"https:\/\/www.everpharma.com\/pol\/wp-json\/wp\/v2\/product\/292","targetHints":{"allow":["GET"]}}],"collection":[{"href":"https:\/\/www.everpharma.com\/pol\/wp-json\/wp\/v2\/product"}],"about":[{"href":"https:\/\/www.everpharma.com\/pol\/wp-json\/wp\/v2\/types\/product"}],"wp:attachment":[{"href":"https:\/\/www.everpharma.com\/pol\/wp-json\/wp\/v2\/media?parent=292"}],"curies":[{"name":"wp","href":"https:\/\/api.w.org\/{rel}","templated":true}]}}