{"id":54,"date":"2021-05-12T08:45:53","date_gmt":"2021-05-12T08:45:53","guid":{"rendered":"https:\/\/www.everpharma.com\/poland\/?page_id=54"},"modified":"2026-04-24T11:10:56","modified_gmt":"2026-04-24T11:10:56","slug":"kontakt","status":"publish","type":"page","link":"https:\/\/www.everpharma.com\/pol\/kontakt\/","title":{"rendered":"Kontakt"},"content":{"rendered":"\n<h2 class=\"wp-block-heading is-style-page-title\" id=\"kontaktieren-sie-uns\">Kontakt z nami<\/h2>\n\n\n\n<div style=\"height:10px\" aria-hidden=\"true\" class=\"wp-block-spacer\"><\/div>\n\n\n\n<div class=\"wp-block-columns is-layout-flex wp-container-core-columns-is-layout-9d6595d7 wp-block-columns-is-layout-flex\">\n<div class=\"wp-block-column is-layout-flow wp-block-column-is-layout-flow\" style=\"flex-basis:50%\">\n<p>Je\u015bli masz jakiekolwiek pytania dotycz\u0105ce naszej dzia\u0142alno\u015bci, naszych produkt\u00f3w lub inne pytania, zapraszamy do kontaktu.<\/p>\n<\/div>\n\n\n\n<div class=\"wp-block-column is-layout-flow wp-block-column-is-layout-flow\" style=\"flex-basis:50%\">\n<div class=\"wp-block-group is-style-card has-theme-white-color has-theme-red-background-color has-text-color has-background\"><div class=\"wp-block-group__inner-container is-layout-flow wp-block-group-is-layout-flow\">\n<h4 class=\"wp-block-heading\" id=\"ever-pharma-gmbh\">EVER Pharma Poland Sp. z o.o.<\/h4>\n\n\n\n<p>ul. Hucisko 13<br>01-473 Warszawa, Polska<\/p>\n\n\n\n<p>BIURO:<br>Ma\u0142gorzata Brokman<br>Tel.: +48 721 242 484<br>E-Mail:&nbsp;<a href=\"mailto:office@everpharma.com\">office@everpharma.com<\/a><\/p>\n<\/div><\/div>\n<\/div>\n<\/div>\n\n\n\n<div style=\"height:30px\" aria-hidden=\"true\" class=\"wp-block-spacer\"><\/div>\n\n\n\n<h4 class=\"wp-block-heading\"><strong>Zdarzenia niepo\u017c\u0105dane<\/strong><\/h4>\n\n\n\n<p>Bezpiecze\u0144stwo naszych lek\u00f3w jest dla nas wa\u017cne!<br>Osoby nale\u017c\u0105ce do fachowego personelu medycznego powinny zg\u0142asza\u0107 wszelkie podejrzewane dzia\u0142ania niepo\u017c\u0105dane do podmiotu odpowiedzialnego: <\/p>\n\n\n\n<div class=\"wp-block-columns is-layout-flex wp-container-core-columns-is-layout-9d6595d7 wp-block-columns-is-layout-flex\">\n<div class=\"wp-block-column is-layout-flow wp-block-column-is-layout-flow\">\n<div class=\"wp-block-group is-style-card has-theme-gray-background-color has-background\"><div class=\"wp-block-group__inner-container is-layout-flow wp-block-group-is-layout-flow\">\n<p>EVER Pharma Poland Sp. z o.o.<br>ul. Hucisko 13<br>01-473 Warszawa, Polska<br>E-mail: <mark style=\"background-color:rgba(0, 0, 0, 0)\" class=\"has-inline-color has-theme-red-color\"><a href=\"mailto:office@everpharma.com\">office@everpharma.com<\/a><\/mark><br>Tel.: +48 721 242 484<\/p>\n<\/div><\/div>\n<\/div>\n\n\n\n<div class=\"wp-block-column is-layout-flow wp-block-column-is-layout-flow\">\n<div class=\"wp-block-group is-style-card has-theme-gray-background-color has-background\"><div class=\"wp-block-group__inner-container is-layout-flow wp-block-group-is-layout-flow\">\n<p>Za po\u015brednictwem Departamentu Monitorowania Niepo\u017c\u0105danych Dzia\u0142a\u0144 Produkt\u00f3w Leczniczych Urz\u0119du Rejestracji Produkt\u00f3w Leczniczych, Wyrob\u00f3w Medycznych i Produkt\u00f3w Biob\u00f3jczych: Al. Jerozolimskie 181C, 02-222 Warszawa, tel.: + 48 22 49-21-301, fax: +48 22 49-21-309, strona internetowa: <a href=\"https:\/\/smz.ezdrowie.gov.pl\">https:\/\/smz.ezdrowie.gov.pl<\/a><\/p>\n<\/div><\/div>\n<\/div>\n\n\n\n<div class=\"wp-block-column is-layout-flow wp-block-column-is-layout-flow\">\n<div class=\"wp-block-group is-style-card has-theme-gray-background-color has-background\"><div class=\"wp-block-group__inner-container is-layout-flow wp-block-group-is-layout-flow\">\n<p>Na adres mi\u0119dzynarodowy: <a href=\"mailto:drugsafety@everpharma.comub\">dr<\/a><a href=\"mailto:drugsafety@everpharma.com\">ugsafety@everpharma.com<\/a><\/p>\n<\/div><\/div>\n<\/div>\n<\/div>\n\n\n\n<div style=\"height:100px\" aria-hidden=\"true\" class=\"wp-block-spacer\"><\/div>\n","protected":false},"excerpt":{"rendered":"<p>Kontakt z nami Je\u015bli masz jakiekolwiek pytania dotycz\u0105ce naszej dzia\u0142alno\u015bci, naszych produkt\u00f3w lub inne pytania, zapraszamy do kontaktu. EVER Pharma Poland Sp. z o.o. ul. Hucisko 1301-473 Warszawa, Polska BIURO:Ma\u0142gorzata BrokmanTel.: +48 721 242 484E-Mail:&nbsp;office@everpharma.com Zdarzenia niepo\u017c\u0105dane Bezpiecze\u0144stwo naszych lek\u00f3w jest dla nas wa\u017cne!Osoby nale\u017c\u0105ce do fachowego personelu medycznego powinny zg\u0142asza\u0107 wszelkie podejrzewane dzia\u0142ania niepo\u017c\u0105dane &hellip; <a href=\"https:\/\/www.everpharma.com\/pol\/kontakt\/\">Continued<\/a><\/p>\n","protected":false},"author":1,"featured_media":0,"parent":0,"menu_order":0,"comment_status":"closed","ping_status":"closed","template":"","meta":{"_acf_changed":false,"footnotes":""},"class_list":["post-54","page","type-page","status-publish","hentry"],"yoast_head":"<!-- This site is optimized with the Yoast SEO plugin v27.4 - https:\/\/yoast.com\/product\/yoast-seo-wordpress\/ -->\n<title>Kontakt - EVER Pharma Poland<\/title>\n<meta name=\"robots\" content=\"index, follow, max-snippet:-1, max-image-preview:large, max-video-preview:-1\" \/>\n<link rel=\"canonical\" href=\"https:\/\/www.everpharma.com\/pol\/kontakt\/\" \/>\n<meta property=\"og:locale\" content=\"pl_PL\" \/>\n<meta property=\"og:type\" content=\"article\" \/>\n<meta property=\"og:title\" content=\"Kontakt - EVER Pharma Poland\" \/>\n<meta property=\"og:description\" content=\"Kontakt z nami Je\u015bli masz jakiekolwiek pytania dotycz\u0105ce naszej dzia\u0142alno\u015bci, naszych produkt\u00f3w lub inne pytania, zapraszamy do kontaktu. EVER Pharma Poland Sp. z o.o. ul. Hucisko 1301-473 Warszawa, Polska BIURO:Ma\u0142gorzata BrokmanTel.: +48 721 242 484E-Mail:&nbsp;office@everpharma.com Zdarzenia niepo\u017c\u0105dane Bezpiecze\u0144stwo naszych lek\u00f3w jest dla nas wa\u017cne!Osoby nale\u017c\u0105ce do fachowego personelu medycznego powinny zg\u0142asza\u0107 wszelkie podejrzewane dzia\u0142ania niepo\u017c\u0105dane &hellip; Continued\" \/>\n<meta property=\"og:url\" content=\"https:\/\/www.everpharma.com\/pol\/kontakt\/\" \/>\n<meta property=\"og:site_name\" content=\"EVER Pharma Poland\" \/>\n<meta property=\"article:modified_time\" content=\"2026-04-24T11:10:56+00:00\" \/>\n<meta name=\"twitter:card\" content=\"summary_large_image\" \/>\n<meta name=\"twitter:label1\" content=\"Est. reading time\" \/>\n\t<meta name=\"twitter:data1\" content=\"1 minute\" \/>\n<script type=\"application\/ld+json\" class=\"yoast-schema-graph\">{\"@context\":\"https:\\\/\\\/schema.org\",\"@graph\":[{\"@type\":\"WebPage\",\"@id\":\"https:\\\/\\\/www.everpharma.com\\\/pol\\\/kontakt\\\/\",\"url\":\"https:\\\/\\\/www.everpharma.com\\\/pol\\\/kontakt\\\/\",\"name\":\"Kontakt - EVER Pharma Poland\",\"isPartOf\":{\"@id\":\"https:\\\/\\\/www.everpharma.com\\\/pol\\\/#website\"},\"datePublished\":\"2021-05-12T08:45:53+00:00\",\"dateModified\":\"2026-04-24T11:10:56+00:00\",\"breadcrumb\":{\"@id\":\"https:\\\/\\\/www.everpharma.com\\\/pol\\\/kontakt\\\/#breadcrumb\"},\"inLanguage\":\"pl-PL\",\"potentialAction\":[{\"@type\":\"ReadAction\",\"target\":[\"https:\\\/\\\/www.everpharma.com\\\/pol\\\/kontakt\\\/\"]}]},{\"@type\":\"BreadcrumbList\",\"@id\":\"https:\\\/\\\/www.everpharma.com\\\/pol\\\/kontakt\\\/#breadcrumb\",\"itemListElement\":[{\"@type\":\"ListItem\",\"position\":1,\"name\":\"Startseite\",\"item\":\"https:\\\/\\\/www.everpharma.com\\\/pol\\\/\"},{\"@type\":\"ListItem\",\"position\":2,\"name\":\"Kontakt\"}]},{\"@type\":\"WebSite\",\"@id\":\"https:\\\/\\\/www.everpharma.com\\\/pol\\\/#website\",\"url\":\"https:\\\/\\\/www.everpharma.com\\\/pol\\\/\",\"name\":\"EVER Pharma Poland\",\"description\":\"Dedicated to Health.\",\"potentialAction\":[{\"@type\":\"SearchAction\",\"target\":{\"@type\":\"EntryPoint\",\"urlTemplate\":\"https:\\\/\\\/www.everpharma.com\\\/pol\\\/?s={search_term_string}\"},\"query-input\":{\"@type\":\"PropertyValueSpecification\",\"valueRequired\":true,\"valueName\":\"search_term_string\"}}],\"inLanguage\":\"pl-PL\"}]}<\/script>\n<!-- \/ Yoast SEO plugin. -->","yoast_head_json":{"title":"Kontakt - EVER Pharma Poland","robots":{"index":"index","follow":"follow","max-snippet":"max-snippet:-1","max-image-preview":"max-image-preview:large","max-video-preview":"max-video-preview:-1"},"canonical":"https:\/\/www.everpharma.com\/pol\/kontakt\/","og_locale":"pl_PL","og_type":"article","og_title":"Kontakt - EVER Pharma Poland","og_description":"Kontakt z nami Je\u015bli masz jakiekolwiek pytania dotycz\u0105ce naszej dzia\u0142alno\u015bci, naszych produkt\u00f3w lub inne pytania, zapraszamy do kontaktu. EVER Pharma Poland Sp. z o.o. ul. Hucisko 1301-473 Warszawa, Polska BIURO:Ma\u0142gorzata BrokmanTel.: +48 721 242 484E-Mail:&nbsp;office@everpharma.com Zdarzenia niepo\u017c\u0105dane Bezpiecze\u0144stwo naszych lek\u00f3w jest dla nas wa\u017cne!Osoby nale\u017c\u0105ce do fachowego personelu medycznego powinny zg\u0142asza\u0107 wszelkie podejrzewane dzia\u0142ania niepo\u017c\u0105dane &hellip; Continued","og_url":"https:\/\/www.everpharma.com\/pol\/kontakt\/","og_site_name":"EVER Pharma Poland","article_modified_time":"2026-04-24T11:10:56+00:00","twitter_card":"summary_large_image","twitter_misc":{"Est. reading time":"1 minute"},"schema":{"@context":"https:\/\/schema.org","@graph":[{"@type":"WebPage","@id":"https:\/\/www.everpharma.com\/pol\/kontakt\/","url":"https:\/\/www.everpharma.com\/pol\/kontakt\/","name":"Kontakt - EVER Pharma Poland","isPartOf":{"@id":"https:\/\/www.everpharma.com\/pol\/#website"},"datePublished":"2021-05-12T08:45:53+00:00","dateModified":"2026-04-24T11:10:56+00:00","breadcrumb":{"@id":"https:\/\/www.everpharma.com\/pol\/kontakt\/#breadcrumb"},"inLanguage":"pl-PL","potentialAction":[{"@type":"ReadAction","target":["https:\/\/www.everpharma.com\/pol\/kontakt\/"]}]},{"@type":"BreadcrumbList","@id":"https:\/\/www.everpharma.com\/pol\/kontakt\/#breadcrumb","itemListElement":[{"@type":"ListItem","position":1,"name":"Startseite","item":"https:\/\/www.everpharma.com\/pol\/"},{"@type":"ListItem","position":2,"name":"Kontakt"}]},{"@type":"WebSite","@id":"https:\/\/www.everpharma.com\/pol\/#website","url":"https:\/\/www.everpharma.com\/pol\/","name":"EVER Pharma Poland","description":"Dedicated to Health.","potentialAction":[{"@type":"SearchAction","target":{"@type":"EntryPoint","urlTemplate":"https:\/\/www.everpharma.com\/pol\/?s={search_term_string}"},"query-input":{"@type":"PropertyValueSpecification","valueRequired":true,"valueName":"search_term_string"}}],"inLanguage":"pl-PL"}]}},"acf":[],"_links":{"self":[{"href":"https:\/\/www.everpharma.com\/pol\/wp-json\/wp\/v2\/pages\/54","targetHints":{"allow":["GET"]}}],"collection":[{"href":"https:\/\/www.everpharma.com\/pol\/wp-json\/wp\/v2\/pages"}],"about":[{"href":"https:\/\/www.everpharma.com\/pol\/wp-json\/wp\/v2\/types\/page"}],"author":[{"embeddable":true,"href":"https:\/\/www.everpharma.com\/pol\/wp-json\/wp\/v2\/users\/1"}],"replies":[{"embeddable":true,"href":"https:\/\/www.everpharma.com\/pol\/wp-json\/wp\/v2\/comments?post=54"}],"version-history":[{"count":11,"href":"https:\/\/www.everpharma.com\/pol\/wp-json\/wp\/v2\/pages\/54\/revisions"}],"predecessor-version":[{"id":401,"href":"https:\/\/www.everpharma.com\/pol\/wp-json\/wp\/v2\/pages\/54\/revisions\/401"}],"wp:attachment":[{"href":"https:\/\/www.everpharma.com\/pol\/wp-json\/wp\/v2\/media?parent=54"}],"curies":[{"name":"wp","href":"https:\/\/api.w.org\/{rel}","templated":true}]}}