{"id":31,"date":"2021-05-12T08:42:18","date_gmt":"2021-05-12T08:42:18","guid":{"rendered":"https:\/\/www.everpharma.com\/poland\/?page_id=31"},"modified":"2023-01-20T05:28:09","modified_gmt":"2023-01-20T05:28:09","slug":"zarzadzanie","status":"publish","type":"page","link":"https:\/\/www.everpharma.com\/pol\/zarzadzanie\/","title":{"rendered":"Zesp\u00f3\u0142 zarz\u0105dzaj\u0105cy"},"content":{"rendered":"\n<h1 class=\"is-style-page-title wp-block-heading\">Zesp\u00f3\u0142 zarz\u0105dzaj\u0105cy<\/h1>\n\n\n\n<p>Poznajcie bli\u017cej zesp\u00f3\u0142 zarz\u0105dzaj\u0105cy EVER Pharma.<\/p>\n\n\n\n<div style=\"height:10px\" aria-hidden=\"true\" class=\"wp-block-spacer\"><\/div>\n\n\n\n<hr class=\"wp-block-separator is-style-default\"\/>\n\n\n\n<div style=\"height:117px\" aria-hidden=\"true\" class=\"wp-block-spacer\"><\/div>\n\n\n\n<div class=\"wp-block-columns are-vertically-aligned-center is-layout-flex wp-container-core-columns-is-layout-9d6595d7 wp-block-columns-is-layout-flex\">\n<div class=\"wp-block-column is-vertically-aligned-center is-layout-flow wp-block-column-is-layout-flow\" style=\"flex-basis:66.66%\">\n<h4 class=\"wp-block-heading\"><strong>Dr Friedrich Hillebrand<\/strong><\/h4>\n\n\n\n<p><em><strong>Prezes Grupy EVER i W\u0142a\u015bciciel<\/strong><\/em><\/p>\n\n\n\n<p>Jako Prezes Grupy EVER Pharma, Dr Friedrich Hillebrand wnosi ponad 40 lat do\u015bwiadczenia w przemy\u015ble farmaceutycznym w obszarach rozwoju, produkcji i marketingu. Do 2009 roku by\u0142 dyrektorem generalnym EBEWE Pharma, firmy specjalizuj\u0105cej si\u0119 w onkologii i neurologii, kt\u00f3r\u0105 zbudowa\u0142 i prowadzi\u0142 przez 30 lat do momentu sprzedania jej do firmy Novartis. Dr Hillebrand posiada tytu\u0142 doktora chemii technicznej Uniwersytetu Wiede\u0144skiego.<\/p>\n\n\n\n<div style=\"height:91px\" aria-hidden=\"true\" class=\"wp-block-spacer\"><\/div>\n<\/div>\n\n\n\n<div class=\"wp-block-column is-vertically-aligned-center is-layout-flow wp-block-column-is-layout-flow\" style=\"flex-basis:33.33%\">\n<figure class=\"wp-block-image size-medium\"><img decoding=\"async\" src=\"https:\/\/www.everpharma.com\/wp-content\/uploads\/2021\/04\/Friedrich-Hillebrand-225x300.jpg\" alt=\"\" class=\"wp-image-1250\"\/><\/figure>\n<\/div>\n<\/div>\n\n\n\n<div style=\"height:24px\" aria-hidden=\"true\" class=\"wp-block-spacer\"><\/div>\n\n\n\n<div class=\"wp-block-columns are-vertically-aligned-center is-layout-flex wp-container-core-columns-is-layout-9d6595d7 wp-block-columns-is-layout-flex\">\n<div class=\"wp-block-column is-vertically-aligned-center is-layout-flow wp-block-column-is-layout-flow\" style=\"flex-basis:66.66%\">\n<h4 class=\"wp-block-heading\"><strong><strong>Georges Kahwati<\/strong><\/strong><\/h4>\n\n\n\n<p><em><strong><em>Dyrektor Zarz\u0105dzaj\u0105cy<\/em><\/strong><\/em><\/p>\n\n\n\n<p>Georges Kahwati jest dyrektorem zarz\u0105dzaj\u0105cym EVER Neuro Pharma, EVER Valinject i EVER Pharma Jena. Do Grupy EVER Pharma do\u0142\u0105czy\u0142 z Sandoz International, gdzie zajmowa\u0142 stanowiska Global Head Commercial Operations (Oncology Injectables) oraz General Manager w siedzibie Sandoz w Unterach w obszarach Engineering, Quality i Development. Przed podj\u0119ciem pracy w Sandoz, Pan Kahwati by\u0142 wiceprezesem Speciality Injectables w EBEWE Pharma i znacz\u0105co rozwin\u0105\u0142 franczyz\u0119 onkologiczn\u0105, kt\u00f3ra sta\u0142a si\u0119 liderem rynku, zanim firma zosta\u0142a firmie Novartis w 2009 roku. Pan Kahwati posiada tytu\u0142 Bachelor of Commerce Uniwersytetu McGill w Quebecu w Kanadzie oraz MBA INSEAD.<\/p>\n\n\n\n<div style=\"height:15px\" aria-hidden=\"true\" class=\"wp-block-spacer\"><\/div>\n<\/div>\n\n\n\n<div class=\"wp-block-column is-vertically-aligned-center is-layout-flow wp-block-column-is-layout-flow\" style=\"flex-basis:33.33%\">\n<figure class=\"wp-block-image size-medium is-resized\"><img decoding=\"async\" src=\"https:\/\/www.everpharma.com\/wp-content\/uploads\/2021\/04\/Georges-Kahwati-212x300.jpg\" alt=\"\" class=\"wp-image-1252\" width=\"225\"\/><\/figure>\n<\/div>\n<\/div>\n\n\n\n<div style=\"height:24px\" aria-hidden=\"true\" class=\"wp-block-spacer\"><\/div>\n\n\n\n<div class=\"wp-block-columns are-vertically-aligned-center is-layout-flex wp-container-core-columns-is-layout-9d6595d7 wp-block-columns-is-layout-flex\">\n<div class=\"wp-block-column is-vertically-aligned-center is-layout-flow wp-block-column-is-layout-flow\" style=\"flex-basis:66.66%\">\n<h4 class=\"wp-block-heading\"><strong><strong>Dr Wolfgang Schmitzberger<\/strong><\/strong><\/h4>\n\n\n\n<p><em><strong><em>Dyrektor Zarz\u0105dzaj\u0105cy<\/em><\/strong><\/em><\/p>\n\n\n\n<p>Dr Wolfgang Schmitzberger jest dyrektorem zarz\u0105dzaj\u0105cym EVER Neuro Pharma i EVER Pharma Jena. Z grup\u0105 EBEWE\/EVER zwi\u0105zany jest od 1992 roku. Jako kierownik zak\u0142adu w austriackiej siedzibie EBEWE przez wiele lat by\u0142 odpowiedzialny za produkcj\u0119, jako\u015b\u0107, technologi\u0119, \u0142a\u0144cuch dostaw, produkcj\u0119 kontraktow\u0105 i sprawy regulacyjne\/licencje. Obecnie kieruje operacjami technicznymi EVER w Austrii i Niemczech, a tak\u017ce by\u0142 znacz\u0105co zaanga\u017cowany w modernizacj\u0119 technologiczn\u0105 i budow\u0119 nowego zak\u0142adu produkcyjnego dla EVER Pharma Jena. Dr Schmitzberger posiada tytu\u0142 doktora chemii technicznej i ekonomii Uniwersytetu w Linz.<\/p>\n\n\n\n<div style=\"height:134px\" aria-hidden=\"true\" class=\"wp-block-spacer\"><\/div>\n<\/div>\n\n\n\n<div class=\"wp-block-column is-vertically-aligned-center is-layout-flow wp-block-column-is-layout-flow\" style=\"flex-basis:33.33%\">\n<figure class=\"wp-block-image size-medium is-resized\"><img decoding=\"async\" src=\"https:\/\/www.everpharma.com\/wp-content\/uploads\/2021\/04\/Wolfgang-Schmitzberger-194x300.jpg\" alt=\"\" class=\"wp-image-1256\" width=\"225\"\/><\/figure>\n<\/div>\n<\/div>\n\n\n\n<div style=\"height:24px\" aria-hidden=\"true\" class=\"wp-block-spacer\"><\/div>\n\n\n\n<div class=\"wp-block-columns are-vertically-aligned-center is-layout-flex wp-container-core-columns-is-layout-9d6595d7 wp-block-columns-is-layout-flex\">\n<div class=\"wp-block-column is-vertically-aligned-center is-layout-flow wp-block-column-is-layout-flow\" style=\"flex-basis:66.66%\">\n<h4 class=\"wp-block-heading\"><strong><strong>Dr Julia Hillebrand<\/strong><\/strong><\/h4>\n\n\n\n<p><em><strong><em>Dyrektor Zarz\u0105dzaj\u0105cy i W\u0142a\u015bciciel<\/em><\/strong><\/em><\/p>\n\n\n\n<p>Dr Julia Hillebrand od 2013 roku pe\u0142ni funkcj\u0119 Head of Corporate Development w EVER Pharma, a od 2016 roku jest szefem jednostki biznesowej Neurology. Jest r\u00f3wnie\u017c cz\u0142onkiem zarz\u0105du EVER Pharma. Pani Hillebrand uzyska\u0142a tytu\u0142 doktora medycyny na Uniwersytecie Medycznym w Wiedniu.<\/p>\n\n\n\n<div style=\"height:125px\" aria-hidden=\"true\" class=\"wp-block-spacer\"><\/div>\n<\/div>\n\n\n\n<div class=\"wp-block-column is-vertically-aligned-center is-layout-flow wp-block-column-is-layout-flow\" style=\"flex-basis:33.33%\">\n<figure class=\"wp-block-image size-medium is-resized\"><img decoding=\"async\" src=\"https:\/\/www.everpharma.com\/wp-content\/uploads\/2021\/04\/Julia-Hillebrand-205x300.jpg\" alt=\"\" class=\"wp-image-1254\" width=\"225\"\/><\/figure>\n<\/div>\n<\/div>\n\n\n\n<div style=\"height:57px\" aria-hidden=\"true\" class=\"wp-block-spacer\"><\/div>\n","protected":false},"excerpt":{"rendered":"<p>Zesp\u00f3\u0142 zarz\u0105dzaj\u0105cy Poznajcie bli\u017cej zesp\u00f3\u0142 zarz\u0105dzaj\u0105cy EVER Pharma. Dr Friedrich Hillebrand Prezes Grupy EVER i W\u0142a\u015bciciel Jako Prezes Grupy EVER Pharma, Dr Friedrich Hillebrand wnosi ponad 40 lat do\u015bwiadczenia w przemy\u015ble farmaceutycznym w obszarach rozwoju, produkcji i marketingu. Do 2009 roku by\u0142 dyrektorem generalnym EBEWE Pharma, firmy specjalizuj\u0105cej si\u0119 w onkologii i neurologii, kt\u00f3r\u0105 zbudowa\u0142 &hellip; <a href=\"https:\/\/www.everpharma.com\/pol\/zarzadzanie\/\">Continued<\/a><\/p>\n","protected":false},"author":1,"featured_media":0,"parent":0,"menu_order":7,"comment_status":"closed","ping_status":"closed","template":"","meta":{"_acf_changed":false,"footnotes":""},"class_list":["post-31","page","type-page","status-publish","hentry"],"yoast_head":"<!-- This site is optimized with the Yoast SEO plugin v27.5 - https:\/\/yoast.com\/product\/yoast-seo-wordpress\/ -->\n<title>Zesp\u00f3\u0142 zarz\u0105dzaj\u0105cy - EVER Pharma Poland<\/title>\n<meta name=\"robots\" content=\"index, follow, max-snippet:-1, max-image-preview:large, max-video-preview:-1\" \/>\n<link rel=\"canonical\" href=\"https:\/\/www.everpharma.com\/pol\/zarzadzanie\/\" \/>\n<meta property=\"og:locale\" content=\"pl_PL\" \/>\n<meta property=\"og:type\" content=\"article\" \/>\n<meta property=\"og:title\" content=\"Zesp\u00f3\u0142 zarz\u0105dzaj\u0105cy - EVER Pharma Poland\" \/>\n<meta property=\"og:description\" content=\"Zesp\u00f3\u0142 zarz\u0105dzaj\u0105cy Poznajcie bli\u017cej zesp\u00f3\u0142 zarz\u0105dzaj\u0105cy EVER Pharma. Dr Friedrich Hillebrand Prezes Grupy EVER i W\u0142a\u015bciciel Jako Prezes Grupy EVER Pharma, Dr Friedrich Hillebrand wnosi ponad 40 lat do\u015bwiadczenia w przemy\u015ble farmaceutycznym w obszarach rozwoju, produkcji i marketingu. Do 2009 roku by\u0142 dyrektorem generalnym EBEWE Pharma, firmy specjalizuj\u0105cej si\u0119 w onkologii i neurologii, kt\u00f3r\u0105 zbudowa\u0142 &hellip; Continued\" \/>\n<meta property=\"og:url\" content=\"https:\/\/www.everpharma.com\/pol\/zarzadzanie\/\" \/>\n<meta property=\"og:site_name\" content=\"EVER Pharma Poland\" \/>\n<meta property=\"article:modified_time\" content=\"2023-01-20T05:28:09+00:00\" \/>\n<meta property=\"og:image\" content=\"https:\/\/www.everpharma.com\/wp-content\/uploads\/2021\/04\/Friedrich-Hillebrand-225x300.jpg\" \/>\n<meta name=\"twitter:card\" content=\"summary_large_image\" \/>\n<meta name=\"twitter:label1\" content=\"Est. reading time\" \/>\n\t<meta name=\"twitter:data1\" content=\"2 minutes\" \/>\n<script type=\"application\/ld+json\" class=\"yoast-schema-graph\">{\"@context\":\"https:\\\/\\\/schema.org\",\"@graph\":[{\"@type\":\"WebPage\",\"@id\":\"https:\\\/\\\/www.everpharma.com\\\/pol\\\/zarzadzanie\\\/\",\"url\":\"https:\\\/\\\/www.everpharma.com\\\/pol\\\/zarzadzanie\\\/\",\"name\":\"Zesp\u00f3\u0142 zarz\u0105dzaj\u0105cy - EVER Pharma Poland\",\"isPartOf\":{\"@id\":\"https:\\\/\\\/www.everpharma.com\\\/pol\\\/#website\"},\"primaryImageOfPage\":{\"@id\":\"https:\\\/\\\/www.everpharma.com\\\/pol\\\/zarzadzanie\\\/#primaryimage\"},\"image\":{\"@id\":\"https:\\\/\\\/www.everpharma.com\\\/pol\\\/zarzadzanie\\\/#primaryimage\"},\"thumbnailUrl\":\"https:\\\/\\\/www.everpharma.com\\\/wp-content\\\/uploads\\\/2021\\\/04\\\/Friedrich-Hillebrand-225x300.jpg\",\"datePublished\":\"2021-05-12T08:42:18+00:00\",\"dateModified\":\"2023-01-20T05:28:09+00:00\",\"breadcrumb\":{\"@id\":\"https:\\\/\\\/www.everpharma.com\\\/pol\\\/zarzadzanie\\\/#breadcrumb\"},\"inLanguage\":\"pl-PL\",\"potentialAction\":[{\"@type\":\"ReadAction\",\"target\":[\"https:\\\/\\\/www.everpharma.com\\\/pol\\\/zarzadzanie\\\/\"]}]},{\"@type\":\"ImageObject\",\"inLanguage\":\"pl-PL\",\"@id\":\"https:\\\/\\\/www.everpharma.com\\\/pol\\\/zarzadzanie\\\/#primaryimage\",\"url\":\"https:\\\/\\\/www.everpharma.com\\\/wp-content\\\/uploads\\\/2021\\\/04\\\/Friedrich-Hillebrand-225x300.jpg\",\"contentUrl\":\"https:\\\/\\\/www.everpharma.com\\\/wp-content\\\/uploads\\\/2021\\\/04\\\/Friedrich-Hillebrand-225x300.jpg\"},{\"@type\":\"BreadcrumbList\",\"@id\":\"https:\\\/\\\/www.everpharma.com\\\/pol\\\/zarzadzanie\\\/#breadcrumb\",\"itemListElement\":[{\"@type\":\"ListItem\",\"position\":1,\"name\":\"Startseite\",\"item\":\"https:\\\/\\\/www.everpharma.com\\\/pol\\\/\"},{\"@type\":\"ListItem\",\"position\":2,\"name\":\"Zesp\u00f3\u0142 zarz\u0105dzaj\u0105cy\"}]},{\"@type\":\"WebSite\",\"@id\":\"https:\\\/\\\/www.everpharma.com\\\/pol\\\/#website\",\"url\":\"https:\\\/\\\/www.everpharma.com\\\/pol\\\/\",\"name\":\"EVER Pharma Poland\",\"description\":\"Dedicated to Health.\",\"potentialAction\":[{\"@type\":\"SearchAction\",\"target\":{\"@type\":\"EntryPoint\",\"urlTemplate\":\"https:\\\/\\\/www.everpharma.com\\\/pol\\\/?s={search_term_string}\"},\"query-input\":{\"@type\":\"PropertyValueSpecification\",\"valueRequired\":true,\"valueName\":\"search_term_string\"}}],\"inLanguage\":\"pl-PL\"}]}<\/script>\n<!-- \/ Yoast SEO plugin. -->","yoast_head_json":{"title":"Zesp\u00f3\u0142 zarz\u0105dzaj\u0105cy - EVER Pharma Poland","robots":{"index":"index","follow":"follow","max-snippet":"max-snippet:-1","max-image-preview":"max-image-preview:large","max-video-preview":"max-video-preview:-1"},"canonical":"https:\/\/www.everpharma.com\/pol\/zarzadzanie\/","og_locale":"pl_PL","og_type":"article","og_title":"Zesp\u00f3\u0142 zarz\u0105dzaj\u0105cy - EVER Pharma Poland","og_description":"Zesp\u00f3\u0142 zarz\u0105dzaj\u0105cy Poznajcie bli\u017cej zesp\u00f3\u0142 zarz\u0105dzaj\u0105cy EVER Pharma. Dr Friedrich Hillebrand Prezes Grupy EVER i W\u0142a\u015bciciel Jako Prezes Grupy EVER Pharma, Dr Friedrich Hillebrand wnosi ponad 40 lat do\u015bwiadczenia w przemy\u015ble farmaceutycznym w obszarach rozwoju, produkcji i marketingu. Do 2009 roku by\u0142 dyrektorem generalnym EBEWE Pharma, firmy specjalizuj\u0105cej si\u0119 w onkologii i neurologii, kt\u00f3r\u0105 zbudowa\u0142 &hellip; Continued","og_url":"https:\/\/www.everpharma.com\/pol\/zarzadzanie\/","og_site_name":"EVER Pharma Poland","article_modified_time":"2023-01-20T05:28:09+00:00","og_image":[{"url":"https:\/\/www.everpharma.com\/wp-content\/uploads\/2021\/04\/Friedrich-Hillebrand-225x300.jpg","type":"","width":"","height":""}],"twitter_card":"summary_large_image","twitter_misc":{"Est. reading time":"2 minutes"},"schema":{"@context":"https:\/\/schema.org","@graph":[{"@type":"WebPage","@id":"https:\/\/www.everpharma.com\/pol\/zarzadzanie\/","url":"https:\/\/www.everpharma.com\/pol\/zarzadzanie\/","name":"Zesp\u00f3\u0142 zarz\u0105dzaj\u0105cy - EVER Pharma Poland","isPartOf":{"@id":"https:\/\/www.everpharma.com\/pol\/#website"},"primaryImageOfPage":{"@id":"https:\/\/www.everpharma.com\/pol\/zarzadzanie\/#primaryimage"},"image":{"@id":"https:\/\/www.everpharma.com\/pol\/zarzadzanie\/#primaryimage"},"thumbnailUrl":"https:\/\/www.everpharma.com\/wp-content\/uploads\/2021\/04\/Friedrich-Hillebrand-225x300.jpg","datePublished":"2021-05-12T08:42:18+00:00","dateModified":"2023-01-20T05:28:09+00:00","breadcrumb":{"@id":"https:\/\/www.everpharma.com\/pol\/zarzadzanie\/#breadcrumb"},"inLanguage":"pl-PL","potentialAction":[{"@type":"ReadAction","target":["https:\/\/www.everpharma.com\/pol\/zarzadzanie\/"]}]},{"@type":"ImageObject","inLanguage":"pl-PL","@id":"https:\/\/www.everpharma.com\/pol\/zarzadzanie\/#primaryimage","url":"https:\/\/www.everpharma.com\/wp-content\/uploads\/2021\/04\/Friedrich-Hillebrand-225x300.jpg","contentUrl":"https:\/\/www.everpharma.com\/wp-content\/uploads\/2021\/04\/Friedrich-Hillebrand-225x300.jpg"},{"@type":"BreadcrumbList","@id":"https:\/\/www.everpharma.com\/pol\/zarzadzanie\/#breadcrumb","itemListElement":[{"@type":"ListItem","position":1,"name":"Startseite","item":"https:\/\/www.everpharma.com\/pol\/"},{"@type":"ListItem","position":2,"name":"Zesp\u00f3\u0142 zarz\u0105dzaj\u0105cy"}]},{"@type":"WebSite","@id":"https:\/\/www.everpharma.com\/pol\/#website","url":"https:\/\/www.everpharma.com\/pol\/","name":"EVER Pharma Poland","description":"Dedicated to Health.","potentialAction":[{"@type":"SearchAction","target":{"@type":"EntryPoint","urlTemplate":"https:\/\/www.everpharma.com\/pol\/?s={search_term_string}"},"query-input":{"@type":"PropertyValueSpecification","valueRequired":true,"valueName":"search_term_string"}}],"inLanguage":"pl-PL"}]}},"acf":[],"_links":{"self":[{"href":"https:\/\/www.everpharma.com\/pol\/wp-json\/wp\/v2\/pages\/31","targetHints":{"allow":["GET"]}}],"collection":[{"href":"https:\/\/www.everpharma.com\/pol\/wp-json\/wp\/v2\/pages"}],"about":[{"href":"https:\/\/www.everpharma.com\/pol\/wp-json\/wp\/v2\/types\/page"}],"author":[{"embeddable":true,"href":"https:\/\/www.everpharma.com\/pol\/wp-json\/wp\/v2\/users\/1"}],"replies":[{"embeddable":true,"href":"https:\/\/www.everpharma.com\/pol\/wp-json\/wp\/v2\/comments?post=31"}],"version-history":[{"count":6,"href":"https:\/\/www.everpharma.com\/pol\/wp-json\/wp\/v2\/pages\/31\/revisions"}],"predecessor-version":[{"id":346,"href":"https:\/\/www.everpharma.com\/pol\/wp-json\/wp\/v2\/pages\/31\/revisions\/346"}],"wp:attachment":[{"href":"https:\/\/www.everpharma.com\/pol\/wp-json\/wp\/v2\/media?parent=31"}],"curies":[{"name":"wp","href":"https:\/\/api.w.org\/{rel}","templated":true}]}}