{"id":28,"date":"2021-05-12T08:41:55","date_gmt":"2021-05-12T08:41:55","guid":{"rendered":"https:\/\/www.everpharma.com\/poland\/?page_id=28"},"modified":"2023-01-23T02:41:40","modified_gmt":"2023-01-23T02:41:40","slug":"obowiazek","status":"publish","type":"page","link":"https:\/\/www.everpharma.com\/pol\/obowiazek\/","title":{"rendered":"Nasza odpowiedzialno\u015b\u0107 i nasze motto"},"content":{"rendered":"\n<div class=\"wp-block-cover is-style-aligned-overlay\"><span aria-hidden=\"true\" class=\"has-background-dim-0 wp-block-cover__gradient-background has-background-dim\"><\/span><img decoding=\"async\" class=\"wp-block-cover__image-background wp-image-100\" alt=\"\" src=\"https:\/\/www.everpharma.com\/wp-content\/uploads\/2021\/02\/ET2B1567.jpg\" data-object-fit=\"cover\"\/><div class=\"wp-block-cover__inner-container is-layout-flow wp-block-cover-is-layout-flow\">\n<p class=\"has-text-align-center has-large-font-size\"><\/p>\n<\/div><\/div>\n\n\n\n<div style=\"height:100px\" aria-hidden=\"true\" class=\"wp-block-spacer\"><\/div>\n\n\n\n<h1 class=\"is-style-page-title wp-block-heading\" id=\"Verantwortung\">Nasza odpowiedzialno\u015b\u0107 i nasze motto<\/h1>\n\n\n\n<p>Jeste\u015bmy Skoncentrowani na Zdrowiu &#8211; najwi\u0119kszego dobra ludzko\u015bci! Poprawa zdrowia i jako\u015bci \u017cycia pacjent\u00f3w le\u017cy u podstaw wszystkiego, co robimy. Dzi\u0119ki innowacyjno\u015bci, koncentracji i przedsi\u0119biorczo\u015bci wprowadzamy na rynek specjalistyczne rozwi\u0105zania terapeutyczne o warto\u015bci dodanej, kt\u00f3re wspieraj\u0105 systemy opieki zdrowotnej na ca\u0142ym \u015bwiecie. To nadaje sens naszej codziennej pracy i stanowi istot\u0119 naszego zaanga\u017cowania w zdrowie.<\/p>\n\n\n\n<hr class=\"wp-block-separator is-style-default\"\/>\n\n\n\n<div style=\"height:100px\" aria-hidden=\"true\" class=\"wp-block-spacer\"><\/div>\n\n\n\n<div class=\"wp-block-group alignfull has-theme-light-gray-background-color has-background\"><div class=\"wp-block-group__inner-container is-layout-flow wp-block-group-is-layout-flow\">\n<div style=\"height:50px\" aria-hidden=\"true\" class=\"wp-block-spacer\"><\/div>\n\n\n\n<div class=\"wp-block-columns are-vertically-aligned-center is-layout-flex wp-container-core-columns-is-layout-9d6595d7 wp-block-columns-is-layout-flex\">\n<div class=\"wp-block-column is-vertically-aligned-center is-layout-flow wp-block-column-is-layout-flow\" style=\"flex-basis:100%\">\n<h2 class=\"is-style-section-title wp-block-heading\" id=\"Unternehmenskultur\">Kultura organizacyjna<\/h2>\n\n\n\n<h6 class=\"wp-block-heading\"><strong>Klient w centrum naszych dzia\u0142a\u0144.<\/strong><\/h6>\n\n\n\n<div class=\"wp-block-columns is-layout-flex wp-container-core-columns-is-layout-9d6595d7 wp-block-columns-is-layout-flex\">\n<div class=\"wp-block-column is-layout-flow wp-block-column-is-layout-flow\" style=\"flex-basis:100%\">\n<p>Zrozumienie i zaspokojenie potrzeb naszych klient\u00f3w jest dla nas najwy\u017cszym priorytetem. Poprawa \u017cycia pacjent\u00f3w i wspieranie pracy pracownik\u00f3w s\u0142u\u017cby zdrowia to sedno naszej misji jako firmy badawczej, produkcyjnej i dostawczej.<\/p>\n<\/div>\n<\/div>\n\n\n\n<h6 class=\"wp-block-heading\"><strong>Pracownicy to filar naszego sukcesu<\/strong>.<\/h6>\n\n\n\n<p>Nasz zesp\u00f3\u0142 jest naszym najwi\u0119kszym atutem: badacze, naukowcy, technicy, pracownicy produkcji, przedstawiciele jako\u015bci, przedstawiciele handlowi, przedstawiciele medyczni, a tak\u017ce nasze funkcje administracyjne pracuj\u0105ce razem jako sprawny, oddany i szanuj\u0105cy si\u0119 zesp\u00f3\u0142 s\u0105 kluczem do naszego sukcesu.<\/p>\n\n\n\n<h6 class=\"wp-block-heading\"><strong>Innowacje motorem rozwoju<\/strong>.<\/h6>\n\n\n\n<p>Innowacyjno\u015b\u0107 jest istotnym elementem naszej kultury pracy. Niezale\u017cnie od tego, czy kwestionujemy ustalone paradygmaty, integrujemy funkcje o warto\u015bci dodanej dla naszych klient\u00f3w, czy te\u017c odkrywamy nowe terapie i zastosowania medyczne, nasz rozw\u00f3j i wzrost jest funkcj\u0105 naszej zdolno\u015bci do innowacji.<\/p>\n<\/div>\n<\/div>\n\n\n\n<div style=\"height:50px\" aria-hidden=\"true\" class=\"wp-block-spacer\"><\/div>\n<\/div><\/div>\n\n\n\n<div style=\"height:50px\" aria-hidden=\"true\" class=\"wp-block-spacer\"><\/div>\n\n\n\n<h2 class=\"is-style-section-title wp-block-heading\" id=\"Umwelt\">\u015arodowisko<\/h2>\n\n\n\n<div class=\"wp-block-columns is-layout-flex wp-container-core-columns-is-layout-9d6595d7 wp-block-columns-is-layout-flex\">\n<div class=\"wp-block-column is-layout-flow wp-block-column-is-layout-flow\" style=\"flex-basis:50%\">\n<p>Zr\u00f3wnowa\u017cony rozw\u00f3j jest wpisany w kultur\u0119 EVER Pharma; stosujemy najwy\u017csze standardy, aby zmniejszy\u0107 nasz wp\u0142yw na \u015brodowisko. Zapewniamy r\u00f3wnie\u017c, \u017ce nasze zak\u0142ady produkcyjne spe\u0142niaj\u0105 wymagania nowoczesnych standard\u00f3w zarz\u0105dzania \u015brodowiskiem.<\/p>\n<\/div>\n\n\n\n<div class=\"wp-block-column is-layout-flow wp-block-column-is-layout-flow\" style=\"flex-basis:50%\">\n<div class=\"wp-block-group alignwide\"><div class=\"wp-block-group__inner-container is-layout-flow wp-block-group-is-layout-flow\">\n<figure class=\"wp-block-image size-large is-style-default\"><img decoding=\"async\" src=\"https:\/\/www.everpharma.com\/wp-content\/uploads\/2021\/02\/EVER_09-1024x682.jpg\" alt=\"\" class=\"wp-image-104\"\/><\/figure>\n<\/div><\/div>\n<\/div>\n<\/div>\n\n\n\n<div style=\"height:100px\" aria-hidden=\"true\" class=\"wp-block-spacer\"><\/div>\n","protected":false},"excerpt":{"rendered":"<p>Nasza odpowiedzialno\u015b\u0107 i nasze motto Jeste\u015bmy Skoncentrowani na Zdrowiu &#8211; najwi\u0119kszego dobra ludzko\u015bci! Poprawa zdrowia i jako\u015bci \u017cycia pacjent\u00f3w le\u017cy u podstaw wszystkiego, co robimy. Dzi\u0119ki innowacyjno\u015bci, koncentracji i przedsi\u0119biorczo\u015bci wprowadzamy na rynek specjalistyczne rozwi\u0105zania terapeutyczne o warto\u015bci dodanej, kt\u00f3re wspieraj\u0105 systemy opieki zdrowotnej na ca\u0142ym \u015bwiecie. To nadaje sens naszej codziennej pracy i stanowi &hellip; <a href=\"https:\/\/www.everpharma.com\/pol\/obowiazek\/\">Continued<\/a><\/p>\n","protected":false},"author":1,"featured_media":0,"parent":0,"menu_order":2,"comment_status":"closed","ping_status":"closed","template":"","meta":{"_acf_changed":false,"footnotes":""},"class_list":["post-28","page","type-page","status-publish","hentry"],"yoast_head":"<!-- This site is optimized with the Yoast SEO plugin v27.4 - https:\/\/yoast.com\/product\/yoast-seo-wordpress\/ -->\n<title>Nasza odpowiedzialno\u015b\u0107 i nasze motto - EVER Pharma Poland<\/title>\n<meta name=\"robots\" content=\"index, follow, max-snippet:-1, max-image-preview:large, max-video-preview:-1\" \/>\n<link rel=\"canonical\" href=\"https:\/\/www.everpharma.com\/pol\/obowiazek\/\" \/>\n<meta property=\"og:locale\" content=\"pl_PL\" \/>\n<meta property=\"og:type\" content=\"article\" \/>\n<meta property=\"og:title\" content=\"Nasza odpowiedzialno\u015b\u0107 i nasze motto - EVER Pharma Poland\" \/>\n<meta property=\"og:description\" content=\"Nasza odpowiedzialno\u015b\u0107 i nasze motto Jeste\u015bmy Skoncentrowani na Zdrowiu &#8211; najwi\u0119kszego dobra ludzko\u015bci! Poprawa zdrowia i jako\u015bci \u017cycia pacjent\u00f3w le\u017cy u podstaw wszystkiego, co robimy. Dzi\u0119ki innowacyjno\u015bci, koncentracji i przedsi\u0119biorczo\u015bci wprowadzamy na rynek specjalistyczne rozwi\u0105zania terapeutyczne o warto\u015bci dodanej, kt\u00f3re wspieraj\u0105 systemy opieki zdrowotnej na ca\u0142ym \u015bwiecie. To nadaje sens naszej codziennej pracy i stanowi &hellip; Continued\" \/>\n<meta property=\"og:url\" content=\"https:\/\/www.everpharma.com\/pol\/obowiazek\/\" \/>\n<meta property=\"og:site_name\" content=\"EVER Pharma Poland\" \/>\n<meta property=\"article:modified_time\" content=\"2023-01-23T02:41:40+00:00\" \/>\n<meta property=\"og:image\" content=\"https:\/\/www.everpharma.com\/wp-content\/uploads\/2021\/02\/ET2B1567.jpg\" \/>\n<meta name=\"twitter:card\" content=\"summary_large_image\" \/>\n<meta name=\"twitter:label1\" content=\"Est. reading time\" \/>\n\t<meta name=\"twitter:data1\" content=\"1 minute\" \/>\n<script type=\"application\/ld+json\" class=\"yoast-schema-graph\">{\"@context\":\"https:\\\/\\\/schema.org\",\"@graph\":[{\"@type\":\"WebPage\",\"@id\":\"https:\\\/\\\/www.everpharma.com\\\/pol\\\/obowiazek\\\/\",\"url\":\"https:\\\/\\\/www.everpharma.com\\\/pol\\\/obowiazek\\\/\",\"name\":\"Nasza odpowiedzialno\u015b\u0107 i nasze motto - EVER Pharma Poland\",\"isPartOf\":{\"@id\":\"https:\\\/\\\/www.everpharma.com\\\/pol\\\/#website\"},\"primaryImageOfPage\":{\"@id\":\"https:\\\/\\\/www.everpharma.com\\\/pol\\\/obowiazek\\\/#primaryimage\"},\"image\":{\"@id\":\"https:\\\/\\\/www.everpharma.com\\\/pol\\\/obowiazek\\\/#primaryimage\"},\"thumbnailUrl\":\"https:\\\/\\\/www.everpharma.com\\\/wp-content\\\/uploads\\\/2021\\\/02\\\/ET2B1567.jpg\",\"datePublished\":\"2021-05-12T08:41:55+00:00\",\"dateModified\":\"2023-01-23T02:41:40+00:00\",\"breadcrumb\":{\"@id\":\"https:\\\/\\\/www.everpharma.com\\\/pol\\\/obowiazek\\\/#breadcrumb\"},\"inLanguage\":\"pl-PL\",\"potentialAction\":[{\"@type\":\"ReadAction\",\"target\":[\"https:\\\/\\\/www.everpharma.com\\\/pol\\\/obowiazek\\\/\"]}]},{\"@type\":\"ImageObject\",\"inLanguage\":\"pl-PL\",\"@id\":\"https:\\\/\\\/www.everpharma.com\\\/pol\\\/obowiazek\\\/#primaryimage\",\"url\":\"https:\\\/\\\/www.everpharma.com\\\/wp-content\\\/uploads\\\/2021\\\/02\\\/ET2B1567.jpg\",\"contentUrl\":\"https:\\\/\\\/www.everpharma.com\\\/wp-content\\\/uploads\\\/2021\\\/02\\\/ET2B1567.jpg\"},{\"@type\":\"BreadcrumbList\",\"@id\":\"https:\\\/\\\/www.everpharma.com\\\/pol\\\/obowiazek\\\/#breadcrumb\",\"itemListElement\":[{\"@type\":\"ListItem\",\"position\":1,\"name\":\"Startseite\",\"item\":\"https:\\\/\\\/www.everpharma.com\\\/pol\\\/\"},{\"@type\":\"ListItem\",\"position\":2,\"name\":\"Nasza odpowiedzialno\u015b\u0107 i nasze motto\"}]},{\"@type\":\"WebSite\",\"@id\":\"https:\\\/\\\/www.everpharma.com\\\/pol\\\/#website\",\"url\":\"https:\\\/\\\/www.everpharma.com\\\/pol\\\/\",\"name\":\"EVER Pharma Poland\",\"description\":\"Dedicated to Health.\",\"potentialAction\":[{\"@type\":\"SearchAction\",\"target\":{\"@type\":\"EntryPoint\",\"urlTemplate\":\"https:\\\/\\\/www.everpharma.com\\\/pol\\\/?s={search_term_string}\"},\"query-input\":{\"@type\":\"PropertyValueSpecification\",\"valueRequired\":true,\"valueName\":\"search_term_string\"}}],\"inLanguage\":\"pl-PL\"}]}<\/script>\n<!-- \/ Yoast SEO plugin. -->","yoast_head_json":{"title":"Nasza odpowiedzialno\u015b\u0107 i nasze motto - EVER Pharma Poland","robots":{"index":"index","follow":"follow","max-snippet":"max-snippet:-1","max-image-preview":"max-image-preview:large","max-video-preview":"max-video-preview:-1"},"canonical":"https:\/\/www.everpharma.com\/pol\/obowiazek\/","og_locale":"pl_PL","og_type":"article","og_title":"Nasza odpowiedzialno\u015b\u0107 i nasze motto - EVER Pharma Poland","og_description":"Nasza odpowiedzialno\u015b\u0107 i nasze motto Jeste\u015bmy Skoncentrowani na Zdrowiu &#8211; najwi\u0119kszego dobra ludzko\u015bci! Poprawa zdrowia i jako\u015bci \u017cycia pacjent\u00f3w le\u017cy u podstaw wszystkiego, co robimy. Dzi\u0119ki innowacyjno\u015bci, koncentracji i przedsi\u0119biorczo\u015bci wprowadzamy na rynek specjalistyczne rozwi\u0105zania terapeutyczne o warto\u015bci dodanej, kt\u00f3re wspieraj\u0105 systemy opieki zdrowotnej na ca\u0142ym \u015bwiecie. To nadaje sens naszej codziennej pracy i stanowi &hellip; Continued","og_url":"https:\/\/www.everpharma.com\/pol\/obowiazek\/","og_site_name":"EVER Pharma Poland","article_modified_time":"2023-01-23T02:41:40+00:00","og_image":[{"url":"https:\/\/www.everpharma.com\/wp-content\/uploads\/2021\/02\/ET2B1567.jpg","type":"","width":"","height":""}],"twitter_card":"summary_large_image","twitter_misc":{"Est. reading time":"1 minute"},"schema":{"@context":"https:\/\/schema.org","@graph":[{"@type":"WebPage","@id":"https:\/\/www.everpharma.com\/pol\/obowiazek\/","url":"https:\/\/www.everpharma.com\/pol\/obowiazek\/","name":"Nasza odpowiedzialno\u015b\u0107 i nasze motto - EVER Pharma Poland","isPartOf":{"@id":"https:\/\/www.everpharma.com\/pol\/#website"},"primaryImageOfPage":{"@id":"https:\/\/www.everpharma.com\/pol\/obowiazek\/#primaryimage"},"image":{"@id":"https:\/\/www.everpharma.com\/pol\/obowiazek\/#primaryimage"},"thumbnailUrl":"https:\/\/www.everpharma.com\/wp-content\/uploads\/2021\/02\/ET2B1567.jpg","datePublished":"2021-05-12T08:41:55+00:00","dateModified":"2023-01-23T02:41:40+00:00","breadcrumb":{"@id":"https:\/\/www.everpharma.com\/pol\/obowiazek\/#breadcrumb"},"inLanguage":"pl-PL","potentialAction":[{"@type":"ReadAction","target":["https:\/\/www.everpharma.com\/pol\/obowiazek\/"]}]},{"@type":"ImageObject","inLanguage":"pl-PL","@id":"https:\/\/www.everpharma.com\/pol\/obowiazek\/#primaryimage","url":"https:\/\/www.everpharma.com\/wp-content\/uploads\/2021\/02\/ET2B1567.jpg","contentUrl":"https:\/\/www.everpharma.com\/wp-content\/uploads\/2021\/02\/ET2B1567.jpg"},{"@type":"BreadcrumbList","@id":"https:\/\/www.everpharma.com\/pol\/obowiazek\/#breadcrumb","itemListElement":[{"@type":"ListItem","position":1,"name":"Startseite","item":"https:\/\/www.everpharma.com\/pol\/"},{"@type":"ListItem","position":2,"name":"Nasza odpowiedzialno\u015b\u0107 i nasze motto"}]},{"@type":"WebSite","@id":"https:\/\/www.everpharma.com\/pol\/#website","url":"https:\/\/www.everpharma.com\/pol\/","name":"EVER Pharma Poland","description":"Dedicated to Health.","potentialAction":[{"@type":"SearchAction","target":{"@type":"EntryPoint","urlTemplate":"https:\/\/www.everpharma.com\/pol\/?s={search_term_string}"},"query-input":{"@type":"PropertyValueSpecification","valueRequired":true,"valueName":"search_term_string"}}],"inLanguage":"pl-PL"}]}},"acf":[],"_links":{"self":[{"href":"https:\/\/www.everpharma.com\/pol\/wp-json\/wp\/v2\/pages\/28","targetHints":{"allow":["GET"]}}],"collection":[{"href":"https:\/\/www.everpharma.com\/pol\/wp-json\/wp\/v2\/pages"}],"about":[{"href":"https:\/\/www.everpharma.com\/pol\/wp-json\/wp\/v2\/types\/page"}],"author":[{"embeddable":true,"href":"https:\/\/www.everpharma.com\/pol\/wp-json\/wp\/v2\/users\/1"}],"replies":[{"embeddable":true,"href":"https:\/\/www.everpharma.com\/pol\/wp-json\/wp\/v2\/comments?post=28"}],"version-history":[{"count":5,"href":"https:\/\/www.everpharma.com\/pol\/wp-json\/wp\/v2\/pages\/28\/revisions"}],"predecessor-version":[{"id":351,"href":"https:\/\/www.everpharma.com\/pol\/wp-json\/wp\/v2\/pages\/28\/revisions\/351"}],"wp:attachment":[{"href":"https:\/\/www.everpharma.com\/pol\/wp-json\/wp\/v2\/media?parent=28"}],"curies":[{"name":"wp","href":"https:\/\/api.w.org\/{rel}","templated":true}]}}