{"id":221,"date":"2022-08-27T07:50:15","date_gmt":"2022-08-27T07:50:15","guid":{"rendered":"https:\/\/www.everpharma.com\/pol\/?page_id=221"},"modified":"2022-10-13T11:55:57","modified_gmt":"2022-10-13T11:55:57","slug":"oswiadczenie","status":"publish","type":"page","link":"https:\/\/www.everpharma.com\/pol\/oswiadczenie\/","title":{"rendered":"O\u015bwiadczenie"},"content":{"rendered":"\n<h2 class=\"wp-block-heading\">O\u015bwiadczenie<\/h2>\n\n\n\n<p>EVER Pharma Poland dok\u0142ada wszelkich stara\u0144, aby zapewni\u0107 dok\u0142adne i kompletne informacje na tej stronie, ale nie sk\u0142ada \u017cadnych o\u015bwiadcze\u0144, zapewnie\u0144 ani gwarancji, \u017ce informacje udost\u0119pnione za po\u015brednictwem tej strony, w tym wszelkie wpisy w bazie danych, s\u0105 dok\u0142adne, kompletne lub aktualne.<\/p>\n\n\n\n<p>EVER Neuro Pharma zastrzega sobie prawo do zmiany informacji zawartych na tej stronie internetowej w dowolnym czasie i bez wcze\u015bniejszego powiadomienia i nie zobowi\u0105zuje si\u0119 do aktualizacji informacji w niej zawartych. EVER Pharma Poland nie ponosi odpowiedzialno\u015bci za dok\u0142adno\u015b\u0107 lub aktualno\u015b\u0107 tre\u015bci stron internetowych, do kt\u00f3rych prowadz\u0105 linki z tych stron.<\/p>\n\n\n\n<p>W \u017cadnym wypadku EVER Pharma Poland nie ponosi odpowiedzialno\u015bci za jakiekolwiek szkody powsta\u0142e w wyniku korzystania z tej strony internetowej, jej zawarto\u015bci lub dost\u0119pno\u015bci, a tak\u017ce dokument\u00f3w, us\u0142ug i informacji znajduj\u0105cych si\u0119 na tej stronie. Nie ma znaczenia, czy szkoda ma charakter bezpo\u015bredni, po\u015bredni lub finansowy, czy jest szkod\u0105 nast\u0119pcz\u0105 lub inn\u0105, kt\u00f3ra mo\u017ce wynika\u0107 z utraty danych, utraty mo\u017cliwo\u015bci korzystania z nich lub innych przyczyn dowolnego rodzaju.<\/p>\n\n\n\n<div style=\"height:100px\" aria-hidden=\"true\" class=\"wp-block-spacer\"><\/div>\n","protected":false},"excerpt":{"rendered":"<p>O\u015bwiadczenie EVER Pharma Poland dok\u0142ada wszelkich stara\u0144, aby zapewni\u0107 dok\u0142adne i kompletne informacje na tej stronie, ale nie sk\u0142ada \u017cadnych o\u015bwiadcze\u0144, zapewnie\u0144 ani gwarancji, \u017ce informacje udost\u0119pnione za po\u015brednictwem tej strony, w tym wszelkie wpisy w bazie danych, s\u0105 dok\u0142adne, kompletne lub aktualne. EVER Neuro Pharma zastrzega sobie prawo do zmiany informacji zawartych na tej &hellip; <a href=\"https:\/\/www.everpharma.com\/pol\/oswiadczenie\/\">Continued<\/a><\/p>\n","protected":false},"author":2,"featured_media":0,"parent":0,"menu_order":0,"comment_status":"closed","ping_status":"closed","template":"","meta":{"_acf_changed":false,"footnotes":""},"class_list":["post-221","page","type-page","status-publish","hentry"],"yoast_head":"<!-- This site is optimized with the Yoast SEO plugin v27.5 - https:\/\/yoast.com\/product\/yoast-seo-wordpress\/ -->\n<title>O\u015bwiadczenie - EVER Pharma Poland<\/title>\n<meta name=\"robots\" content=\"index, follow, max-snippet:-1, max-image-preview:large, max-video-preview:-1\" \/>\n<link rel=\"canonical\" href=\"https:\/\/www.everpharma.com\/pol\/oswiadczenie\/\" \/>\n<meta property=\"og:locale\" content=\"pl_PL\" \/>\n<meta property=\"og:type\" content=\"article\" \/>\n<meta property=\"og:title\" content=\"O\u015bwiadczenie - EVER Pharma Poland\" \/>\n<meta property=\"og:description\" content=\"O\u015bwiadczenie EVER Pharma Poland dok\u0142ada wszelkich stara\u0144, aby zapewni\u0107 dok\u0142adne i kompletne informacje na tej stronie, ale nie sk\u0142ada \u017cadnych o\u015bwiadcze\u0144, zapewnie\u0144 ani gwarancji, \u017ce informacje udost\u0119pnione za po\u015brednictwem tej strony, w tym wszelkie wpisy w bazie danych, s\u0105 dok\u0142adne, kompletne lub aktualne. EVER Neuro Pharma zastrzega sobie prawo do zmiany informacji zawartych na tej &hellip; Continued\" \/>\n<meta property=\"og:url\" content=\"https:\/\/www.everpharma.com\/pol\/oswiadczenie\/\" \/>\n<meta property=\"og:site_name\" content=\"EVER Pharma Poland\" \/>\n<meta property=\"article:modified_time\" content=\"2022-10-13T11:55:57+00:00\" \/>\n<meta name=\"twitter:card\" content=\"summary_large_image\" \/>\n<meta name=\"twitter:label1\" content=\"Est. reading time\" \/>\n\t<meta name=\"twitter:data1\" content=\"1 minute\" \/>\n<script type=\"application\/ld+json\" class=\"yoast-schema-graph\">{\"@context\":\"https:\\\/\\\/schema.org\",\"@graph\":[{\"@type\":\"WebPage\",\"@id\":\"https:\\\/\\\/www.everpharma.com\\\/pol\\\/oswiadczenie\\\/\",\"url\":\"https:\\\/\\\/www.everpharma.com\\\/pol\\\/oswiadczenie\\\/\",\"name\":\"O\u015bwiadczenie - EVER Pharma Poland\",\"isPartOf\":{\"@id\":\"https:\\\/\\\/www.everpharma.com\\\/pol\\\/#website\"},\"datePublished\":\"2022-08-27T07:50:15+00:00\",\"dateModified\":\"2022-10-13T11:55:57+00:00\",\"breadcrumb\":{\"@id\":\"https:\\\/\\\/www.everpharma.com\\\/pol\\\/oswiadczenie\\\/#breadcrumb\"},\"inLanguage\":\"pl-PL\",\"potentialAction\":[{\"@type\":\"ReadAction\",\"target\":[\"https:\\\/\\\/www.everpharma.com\\\/pol\\\/oswiadczenie\\\/\"]}]},{\"@type\":\"BreadcrumbList\",\"@id\":\"https:\\\/\\\/www.everpharma.com\\\/pol\\\/oswiadczenie\\\/#breadcrumb\",\"itemListElement\":[{\"@type\":\"ListItem\",\"position\":1,\"name\":\"Startseite\",\"item\":\"https:\\\/\\\/www.everpharma.com\\\/pol\\\/\"},{\"@type\":\"ListItem\",\"position\":2,\"name\":\"O\u015bwiadczenie\"}]},{\"@type\":\"WebSite\",\"@id\":\"https:\\\/\\\/www.everpharma.com\\\/pol\\\/#website\",\"url\":\"https:\\\/\\\/www.everpharma.com\\\/pol\\\/\",\"name\":\"EVER Pharma Poland\",\"description\":\"Dedicated to Health.\",\"potentialAction\":[{\"@type\":\"SearchAction\",\"target\":{\"@type\":\"EntryPoint\",\"urlTemplate\":\"https:\\\/\\\/www.everpharma.com\\\/pol\\\/?s={search_term_string}\"},\"query-input\":{\"@type\":\"PropertyValueSpecification\",\"valueRequired\":true,\"valueName\":\"search_term_string\"}}],\"inLanguage\":\"pl-PL\"}]}<\/script>\n<!-- \/ Yoast SEO plugin. -->","yoast_head_json":{"title":"O\u015bwiadczenie - EVER Pharma Poland","robots":{"index":"index","follow":"follow","max-snippet":"max-snippet:-1","max-image-preview":"max-image-preview:large","max-video-preview":"max-video-preview:-1"},"canonical":"https:\/\/www.everpharma.com\/pol\/oswiadczenie\/","og_locale":"pl_PL","og_type":"article","og_title":"O\u015bwiadczenie - EVER Pharma Poland","og_description":"O\u015bwiadczenie EVER Pharma Poland dok\u0142ada wszelkich stara\u0144, aby zapewni\u0107 dok\u0142adne i kompletne informacje na tej stronie, ale nie sk\u0142ada \u017cadnych o\u015bwiadcze\u0144, zapewnie\u0144 ani gwarancji, \u017ce informacje udost\u0119pnione za po\u015brednictwem tej strony, w tym wszelkie wpisy w bazie danych, s\u0105 dok\u0142adne, kompletne lub aktualne. EVER Neuro Pharma zastrzega sobie prawo do zmiany informacji zawartych na tej &hellip; Continued","og_url":"https:\/\/www.everpharma.com\/pol\/oswiadczenie\/","og_site_name":"EVER Pharma Poland","article_modified_time":"2022-10-13T11:55:57+00:00","twitter_card":"summary_large_image","twitter_misc":{"Est. reading time":"1 minute"},"schema":{"@context":"https:\/\/schema.org","@graph":[{"@type":"WebPage","@id":"https:\/\/www.everpharma.com\/pol\/oswiadczenie\/","url":"https:\/\/www.everpharma.com\/pol\/oswiadczenie\/","name":"O\u015bwiadczenie - EVER Pharma Poland","isPartOf":{"@id":"https:\/\/www.everpharma.com\/pol\/#website"},"datePublished":"2022-08-27T07:50:15+00:00","dateModified":"2022-10-13T11:55:57+00:00","breadcrumb":{"@id":"https:\/\/www.everpharma.com\/pol\/oswiadczenie\/#breadcrumb"},"inLanguage":"pl-PL","potentialAction":[{"@type":"ReadAction","target":["https:\/\/www.everpharma.com\/pol\/oswiadczenie\/"]}]},{"@type":"BreadcrumbList","@id":"https:\/\/www.everpharma.com\/pol\/oswiadczenie\/#breadcrumb","itemListElement":[{"@type":"ListItem","position":1,"name":"Startseite","item":"https:\/\/www.everpharma.com\/pol\/"},{"@type":"ListItem","position":2,"name":"O\u015bwiadczenie"}]},{"@type":"WebSite","@id":"https:\/\/www.everpharma.com\/pol\/#website","url":"https:\/\/www.everpharma.com\/pol\/","name":"EVER Pharma Poland","description":"Dedicated to Health.","potentialAction":[{"@type":"SearchAction","target":{"@type":"EntryPoint","urlTemplate":"https:\/\/www.everpharma.com\/pol\/?s={search_term_string}"},"query-input":{"@type":"PropertyValueSpecification","valueRequired":true,"valueName":"search_term_string"}}],"inLanguage":"pl-PL"}]}},"acf":[],"_links":{"self":[{"href":"https:\/\/www.everpharma.com\/pol\/wp-json\/wp\/v2\/pages\/221","targetHints":{"allow":["GET"]}}],"collection":[{"href":"https:\/\/www.everpharma.com\/pol\/wp-json\/wp\/v2\/pages"}],"about":[{"href":"https:\/\/www.everpharma.com\/pol\/wp-json\/wp\/v2\/types\/page"}],"author":[{"embeddable":true,"href":"https:\/\/www.everpharma.com\/pol\/wp-json\/wp\/v2\/users\/2"}],"replies":[{"embeddable":true,"href":"https:\/\/www.everpharma.com\/pol\/wp-json\/wp\/v2\/comments?post=221"}],"version-history":[{"count":3,"href":"https:\/\/www.everpharma.com\/pol\/wp-json\/wp\/v2\/pages\/221\/revisions"}],"predecessor-version":[{"id":259,"href":"https:\/\/www.everpharma.com\/pol\/wp-json\/wp\/v2\/pages\/221\/revisions\/259"}],"wp:attachment":[{"href":"https:\/\/www.everpharma.com\/pol\/wp-json\/wp\/v2\/media?parent=221"}],"curies":[{"name":"wp","href":"https:\/\/api.w.org\/{rel}","templated":true}]}}