{"id":219,"date":"2022-08-27T07:47:35","date_gmt":"2022-08-27T07:47:35","guid":{"rendered":"https:\/\/www.everpharma.com\/pol\/?page_id=219"},"modified":"2022-10-13T11:54:11","modified_gmt":"2022-10-13T11:54:11","slug":"ochrona-danych","status":"publish","type":"page","link":"https:\/\/www.everpharma.com\/pol\/ochrona-danych\/","title":{"rendered":"Ochrona danych osobowych"},"content":{"rendered":"\n<h1 class=\"is-style-section-title wp-block-heading\">Ochrona danych osobowych<\/h1>\n\n\n\n<h6 class=\"wp-block-heading\">Wymagania informacyjne zgodnie z art. 13 EU General Data Protection Regulation (GDPR)<\/h6>\n\n\n\n<p>W momencie wej\u015bcia na nasz\u0105 stron\u0119 internetow\u0105, informacje o dost\u0119pie (data, godzina, ogl\u0105dana strona, obj\u0119to\u015b\u0107 danych, pobieraj\u0105cy adres IP (zanonimizowany)) s\u0105 przechowywane jako pliki dziennika na naszym serwerze. Odbywa si\u0119 to na podstawie prawnie uzasadnionego interesu polegaj\u0105cego na zapewnieniu sprawnego dzia\u0142ania naszej oferty informacyjnej i optymalizacji tej oferty. Dane te s\u0105 przez nas analizowane w formie anonimowej wy\u0142\u0105cznie do w\u0142asnych cel\u00f3w statystycznych.<\/p>\n\n\n\n<p>Przetwarzanie odbywa si\u0119 w imieniu EVER Pharma we wsp\u00f3\u0142odpowiedzialno\u015bci z innymi sp\u00f3\u0142kami z grupy EVER. Nasze dane kontaktowe mo\u017cna znale\u017a\u0107 tutaj. Z naszym inspektorem ochrony danych mo\u017cna skontaktowa\u0107 si\u0119 pod adresem <a href=\"mailto:dpo@everpharma.com\">dpo@everpharma.com<\/a>.<\/p>\n\n\n\n<p>Z zasady Pa\u0144stwa dane nie b\u0119d\u0105 przekazywane osobom trzecim. Wyj\u0105tek stanowi przekazywanie danych podmiotom przetwarzaj\u0105cym zlecenia, kt\u00f3re pracuj\u0105 wy\u0142\u0105cznie na zlecenie EVER, nie wykorzystuj\u0105 danych do w\u0142asnych cel\u00f3w i s\u0105 zwi\u0105zane w\u0142asnymi umowami z obowi\u0105zkami ochrony danych wynikaj\u0105cymi z og\u00f3lnego rozporz\u0105dzenia o ochronie danych.<\/p>\n\n\n\n<p>Posiadaj\u0105 Pa\u0144stwo prawo do informacji, poprawienia i usuni\u0119cia danych, prawo do ograniczenia przetwarzania, prawo do wniesienia sprzeciwu wobec przetwarzania oraz prawo do wniesienia skargi do organu nadzorczego.<\/p>\n\n\n\n<p><\/p>\n\n\n\n<p><strong>Uwaga dotycz\u0105ca wykorzystania plik\u00f3w cookies i analizy strony internetowej:<\/strong><br>Ta strona internetowa wykorzystuje oprogramowanie do analizy korzystania ze strony internetowej. <br>Dzi\u0119ki analizie tych danych mo\u017cna uzyska\u0107 cenny wgl\u0105d w potrzeby u\u017cytkownik\u00f3w. Wnioski te pomagaj\u0105 w dalszej poprawie jako\u015bci oferty.<br>W tym kontek\u015bcie wykorzystywane s\u0105 r\u00f3wnie\u017c tzw. pliki cookies. Cookies to pliki tekstowe, kt\u00f3re s\u0105 przechowywane na komputerze osoby odwiedzaj\u0105cej stron\u0119 internetow\u0105 i w ten spos\u00f3b umo\u017cliwiaj\u0105 anonimowe rozpoznanie osoby odwiedzaj\u0105cej. Pliki cookie mo\u017cna zasadniczo odrzuci\u0107 lub usun\u0105\u0107 poprzez odpowiednie ustawienia przegl\u0105darki.<\/p>\n\n\n\n<p><\/p>\n\n\n\n<p><strong>Pliki cookies niezb\u0119dne dla funkcjonalno\u015bci strony internetowej:<\/strong><br>Podczas odwiedzania tej strony internetowej, pliki cookie s\u0105 ustawiane, aby umo\u017cliwi\u0107 funkcjonowanie strony:<br>fe_typo_user: plik cookie do identyfikacji sesji przegl\u0105dania (usuwany po zamkni\u0119ciu okna przegl\u0105darki).<br>fe_cookies_accepted: Informacja o tym, czy zosta\u0142a wyra\u017cona zgoda na przechowywanie dodatkowych analitycznych plik\u00f3w cookies (okres przechowywania 1 rok).<\/p>\n\n\n\n<p><\/p>\n\n\n\n<p><strong>Analiza u\u017cytkowania z Matomo:<\/strong><br>Firma EVER Pharma u\u017cywa Matomo do bardziej precyzyjnej analizy korzystania z naszej strony internetowej. Technicznie niezb\u0119dne pliki cookies s\u0105 przechowywane na Pa\u0144stwa urz\u0105dzeniu. Dane te nie s\u0105 przekazywane osobom trzecim ani wykorzystywane do innych cel\u00f3w. Przetwarzanie odbywa si\u0119 w naszym uzasadnionym interesie polegaj\u0105cym na ulepszaniu naszej strony internetowej.<\/p>\n\n\n\n<p><\/p>\n\n\n\n<p><strong>Ustawiane s\u0105 nast\u0119puj\u0105ce pliki cookies:<\/strong><br>_pk_id: Aby rozpozna\u0107 Pa\u0144stwa urz\u0105dzenie, gdy ponownie odwiedz\u0105 Pa\u0144stwo stron\u0119 internetow\u0105 (okres przechowywania 13 miesi\u0119cy).<br>_pk_sess: Aby rozpozna\u0107 Pa\u0144stwa urz\u0105dzenie podczas bie\u017c\u0105cej wizyty na naszej stronie internetowej (okres przechowywania 30 minut).<\/p>\n\n\n\n<p><\/p>\n\n\n\n<p>Matomo zosta\u0142o skonfigurowane w taki spos\u00f3b, \u017ce wszystkie informacje, kt\u00f3re pozwoli\u0142yby na odniesienie si\u0119 do osoby i s\u0105 przekazywane z przyczyn technicznych (adres IP) s\u0105 natychmiast usuwane. Przetwarzanie odbywa si\u0119 ze wzgl\u0119du na nasz uzasadniony interes w optymalizacji naszej strony internetowej. Mog\u0105 Pa\u0144stwo zg\u0142osi\u0107 sprzeciw wobec przetwarzania danych, klikaj\u0105c tutaj. Dane o Pa\u0144stwa odwiedzinach na stronie internetowej zostan\u0105 usuni\u0119te po 24 miesi\u0105cach.<\/p>\n\n\n\n<div class=\"wp-block-group\"><div class=\"wp-block-group__inner-container is-layout-flow wp-block-group-is-layout-flow\">\n<iframe style=\"border: 0; height: 200px; width: 600px;\" src=\"https:\/\/everpharma.matomo.cloud\/index.php?module=CoreAdminHome&amp;action=optOut&amp;language=de&amp;backgroundColor=&amp;fontColor=&amp;fontSize=&amp;fontFamily=\"><\/iframe>\n<\/div><\/div>\n\n\n\n<p>Pa\u0144stwa dane nie b\u0119d\u0105 przekazywane osobom trzecim. Przetwarzanie odbywa si\u0119 jednak w naszym imieniu u us\u0142ugodawcy (Innocraft Ltd.). Wi\u0105\u017ce si\u0119 to r\u00f3wnie\u017c z przekazywaniem danych poza Uni\u0119 Europejsk\u0105. Innocraft Ltd. jest firm\u0105 zarejestrowan\u0105 w Nowej Zelandii. Komisja UE ustali\u0142a w decyzji, \u017ce przetwarzanie danych w Nowej Zelandii podlega poziomowi ochrony danych por\u00f3wnywalnemu z poziomem ochrony w UE (dokument C(2012) 9557). Oznacza to, \u017ce eksport danych do Nowej Zelandii nie wymaga dodatkowego zezwolenia zgodnie z art. 45 GDPR. Innocraft zobowi\u0105za\u0142 si\u0119 w umowie na podstawie art. 28 GDPR do niewykorzystywania danych do w\u0142asnych cel\u00f3w, a tak\u017ce do przestrzegania innych przepis\u00f3w GDPR.<\/p>\n\n\n\n<div style=\"height:100px\" aria-hidden=\"true\" class=\"wp-block-spacer\"><\/div>\n","protected":false},"excerpt":{"rendered":"<p>Ochrona danych osobowych Wymagania informacyjne zgodnie z art. 13 EU General Data Protection Regulation (GDPR) W momencie wej\u015bcia na nasz\u0105 stron\u0119 internetow\u0105, informacje o dost\u0119pie (data, godzina, ogl\u0105dana strona, obj\u0119to\u015b\u0107 danych, pobieraj\u0105cy adres IP (zanonimizowany)) s\u0105 przechowywane jako pliki dziennika na naszym serwerze. Odbywa si\u0119 to na podstawie prawnie uzasadnionego interesu polegaj\u0105cego na zapewnieniu sprawnego &hellip; <a href=\"https:\/\/www.everpharma.com\/pol\/ochrona-danych\/\">Continued<\/a><\/p>\n","protected":false},"author":2,"featured_media":0,"parent":0,"menu_order":0,"comment_status":"closed","ping_status":"closed","template":"","meta":{"_acf_changed":false,"footnotes":""},"class_list":["post-219","page","type-page","status-publish","hentry"],"yoast_head":"<!-- This site is optimized with the Yoast SEO plugin v27.5 - https:\/\/yoast.com\/product\/yoast-seo-wordpress\/ -->\n<title>Ochrona danych osobowych - EVER Pharma Poland<\/title>\n<meta name=\"robots\" content=\"index, follow, max-snippet:-1, max-image-preview:large, max-video-preview:-1\" \/>\n<link rel=\"canonical\" href=\"https:\/\/www.everpharma.com\/pol\/ochrona-danych\/\" \/>\n<meta property=\"og:locale\" content=\"pl_PL\" \/>\n<meta property=\"og:type\" content=\"article\" \/>\n<meta property=\"og:title\" content=\"Ochrona danych osobowych - EVER Pharma Poland\" \/>\n<meta property=\"og:description\" content=\"Ochrona danych osobowych Wymagania informacyjne zgodnie z art. 13 EU General Data Protection Regulation (GDPR) W momencie wej\u015bcia na nasz\u0105 stron\u0119 internetow\u0105, informacje o dost\u0119pie (data, godzina, ogl\u0105dana strona, obj\u0119to\u015b\u0107 danych, pobieraj\u0105cy adres IP (zanonimizowany)) s\u0105 przechowywane jako pliki dziennika na naszym serwerze. Odbywa si\u0119 to na podstawie prawnie uzasadnionego interesu polegaj\u0105cego na zapewnieniu sprawnego &hellip; Continued\" \/>\n<meta property=\"og:url\" content=\"https:\/\/www.everpharma.com\/pol\/ochrona-danych\/\" \/>\n<meta property=\"og:site_name\" content=\"EVER Pharma Poland\" \/>\n<meta property=\"article:modified_time\" content=\"2022-10-13T11:54:11+00:00\" \/>\n<meta name=\"twitter:card\" content=\"summary_large_image\" \/>\n<meta name=\"twitter:label1\" content=\"Est. reading time\" \/>\n\t<meta name=\"twitter:data1\" content=\"3 minutes\" \/>\n<script type=\"application\/ld+json\" class=\"yoast-schema-graph\">{\"@context\":\"https:\\\/\\\/schema.org\",\"@graph\":[{\"@type\":\"WebPage\",\"@id\":\"https:\\\/\\\/www.everpharma.com\\\/pol\\\/ochrona-danych\\\/\",\"url\":\"https:\\\/\\\/www.everpharma.com\\\/pol\\\/ochrona-danych\\\/\",\"name\":\"Ochrona danych osobowych - EVER Pharma Poland\",\"isPartOf\":{\"@id\":\"https:\\\/\\\/www.everpharma.com\\\/pol\\\/#website\"},\"datePublished\":\"2022-08-27T07:47:35+00:00\",\"dateModified\":\"2022-10-13T11:54:11+00:00\",\"breadcrumb\":{\"@id\":\"https:\\\/\\\/www.everpharma.com\\\/pol\\\/ochrona-danych\\\/#breadcrumb\"},\"inLanguage\":\"pl-PL\",\"potentialAction\":[{\"@type\":\"ReadAction\",\"target\":[\"https:\\\/\\\/www.everpharma.com\\\/pol\\\/ochrona-danych\\\/\"]}]},{\"@type\":\"BreadcrumbList\",\"@id\":\"https:\\\/\\\/www.everpharma.com\\\/pol\\\/ochrona-danych\\\/#breadcrumb\",\"itemListElement\":[{\"@type\":\"ListItem\",\"position\":1,\"name\":\"Startseite\",\"item\":\"https:\\\/\\\/www.everpharma.com\\\/pol\\\/\"},{\"@type\":\"ListItem\",\"position\":2,\"name\":\"Ochrona danych osobowych\"}]},{\"@type\":\"WebSite\",\"@id\":\"https:\\\/\\\/www.everpharma.com\\\/pol\\\/#website\",\"url\":\"https:\\\/\\\/www.everpharma.com\\\/pol\\\/\",\"name\":\"EVER Pharma Poland\",\"description\":\"Dedicated to Health.\",\"potentialAction\":[{\"@type\":\"SearchAction\",\"target\":{\"@type\":\"EntryPoint\",\"urlTemplate\":\"https:\\\/\\\/www.everpharma.com\\\/pol\\\/?s={search_term_string}\"},\"query-input\":{\"@type\":\"PropertyValueSpecification\",\"valueRequired\":true,\"valueName\":\"search_term_string\"}}],\"inLanguage\":\"pl-PL\"}]}<\/script>\n<!-- \/ Yoast SEO plugin. -->","yoast_head_json":{"title":"Ochrona danych osobowych - EVER Pharma Poland","robots":{"index":"index","follow":"follow","max-snippet":"max-snippet:-1","max-image-preview":"max-image-preview:large","max-video-preview":"max-video-preview:-1"},"canonical":"https:\/\/www.everpharma.com\/pol\/ochrona-danych\/","og_locale":"pl_PL","og_type":"article","og_title":"Ochrona danych osobowych - EVER Pharma Poland","og_description":"Ochrona danych osobowych Wymagania informacyjne zgodnie z art. 13 EU General Data Protection Regulation (GDPR) W momencie wej\u015bcia na nasz\u0105 stron\u0119 internetow\u0105, informacje o dost\u0119pie (data, godzina, ogl\u0105dana strona, obj\u0119to\u015b\u0107 danych, pobieraj\u0105cy adres IP (zanonimizowany)) s\u0105 przechowywane jako pliki dziennika na naszym serwerze. Odbywa si\u0119 to na podstawie prawnie uzasadnionego interesu polegaj\u0105cego na zapewnieniu sprawnego &hellip; Continued","og_url":"https:\/\/www.everpharma.com\/pol\/ochrona-danych\/","og_site_name":"EVER Pharma Poland","article_modified_time":"2022-10-13T11:54:11+00:00","twitter_card":"summary_large_image","twitter_misc":{"Est. reading time":"3 minutes"},"schema":{"@context":"https:\/\/schema.org","@graph":[{"@type":"WebPage","@id":"https:\/\/www.everpharma.com\/pol\/ochrona-danych\/","url":"https:\/\/www.everpharma.com\/pol\/ochrona-danych\/","name":"Ochrona danych osobowych - EVER Pharma Poland","isPartOf":{"@id":"https:\/\/www.everpharma.com\/pol\/#website"},"datePublished":"2022-08-27T07:47:35+00:00","dateModified":"2022-10-13T11:54:11+00:00","breadcrumb":{"@id":"https:\/\/www.everpharma.com\/pol\/ochrona-danych\/#breadcrumb"},"inLanguage":"pl-PL","potentialAction":[{"@type":"ReadAction","target":["https:\/\/www.everpharma.com\/pol\/ochrona-danych\/"]}]},{"@type":"BreadcrumbList","@id":"https:\/\/www.everpharma.com\/pol\/ochrona-danych\/#breadcrumb","itemListElement":[{"@type":"ListItem","position":1,"name":"Startseite","item":"https:\/\/www.everpharma.com\/pol\/"},{"@type":"ListItem","position":2,"name":"Ochrona danych osobowych"}]},{"@type":"WebSite","@id":"https:\/\/www.everpharma.com\/pol\/#website","url":"https:\/\/www.everpharma.com\/pol\/","name":"EVER Pharma Poland","description":"Dedicated to Health.","potentialAction":[{"@type":"SearchAction","target":{"@type":"EntryPoint","urlTemplate":"https:\/\/www.everpharma.com\/pol\/?s={search_term_string}"},"query-input":{"@type":"PropertyValueSpecification","valueRequired":true,"valueName":"search_term_string"}}],"inLanguage":"pl-PL"}]}},"acf":[],"_links":{"self":[{"href":"https:\/\/www.everpharma.com\/pol\/wp-json\/wp\/v2\/pages\/219","targetHints":{"allow":["GET"]}}],"collection":[{"href":"https:\/\/www.everpharma.com\/pol\/wp-json\/wp\/v2\/pages"}],"about":[{"href":"https:\/\/www.everpharma.com\/pol\/wp-json\/wp\/v2\/types\/page"}],"author":[{"embeddable":true,"href":"https:\/\/www.everpharma.com\/pol\/wp-json\/wp\/v2\/users\/2"}],"replies":[{"embeddable":true,"href":"https:\/\/www.everpharma.com\/pol\/wp-json\/wp\/v2\/comments?post=219"}],"version-history":[{"count":3,"href":"https:\/\/www.everpharma.com\/pol\/wp-json\/wp\/v2\/pages\/219\/revisions"}],"predecessor-version":[{"id":257,"href":"https:\/\/www.everpharma.com\/pol\/wp-json\/wp\/v2\/pages\/219\/revisions\/257"}],"wp:attachment":[{"href":"https:\/\/www.everpharma.com\/pol\/wp-json\/wp\/v2\/media?parent=219"}],"curies":[{"name":"wp","href":"https:\/\/api.w.org\/{rel}","templated":true}]}}