{"id":96,"date":"2021-03-09T06:34:15","date_gmt":"2021-03-09T04:34:15","guid":{"rendered":"https:\/\/www.everpharma.com\/italy\/?page_id=96"},"modified":"2025-07-21T09:38:16","modified_gmt":"2025-07-21T07:38:16","slug":"impegni","status":"publish","type":"page","link":"https:\/\/www.everpharma.com\/ita\/impegni\/","title":{"rendered":"Corporate Responsibilities"},"content":{"rendered":"\n<div class=\"wp-block-cover is-style-floating-overlay\"><img decoding=\"async\" class=\"wp-block-cover__image-background wp-image-100\" alt=\"\" src=\"https:\/\/www.everpharma.com\/wp-content\/uploads\/2021\/02\/ET2B1567.jpg\" data-object-fit=\"cover\" \/><span aria-hidden=\"true\" class=\"wp-block-cover__background has-background-dim-0 has-background-dim\"><\/span><div class=\"wp-block-cover__inner-container is-layout-flow wp-block-cover-is-layout-flow\">\n<p class=\"has-text-align-center has-large-font-size\"><\/p>\n<\/div><\/div>\n\n\n\n<div style=\"height:100px\" aria-hidden=\"true\" class=\"wp-block-spacer\"><\/div>\n\n\n\n<h1 class=\"wp-block-heading is-style-page-title\" id=\"Verantwortung\">Dedicati alla salute.<\/h1>\n\n\n\n<div class=\"wp-block-columns is-layout-flex wp-container-core-columns-is-layout-9d6595d7 wp-block-columns-is-layout-flex\">\n<div class=\"wp-block-column is-layout-flow wp-block-column-is-layout-flow\" style=\"flex-basis:50%\">\n<p>Il benessere del paziente \u00e8 al centro di tutto ci\u00f2 che facciamo. Attraverso l&#8217;innovazione, la visione e lo spirito imprenditoriale, portiamo sul mercato mondiale soluzioni terapeutiche a valore aggiunto a supporto dei sistemi sanitari nazionali. E&#8217; questo il senso del nostro lavoro quotidiano e del nostro costante impegno per la salute.<\/p>\n<\/div>\n\n\n\n<div class=\"wp-block-column is-layout-flow wp-block-column-is-layout-flow\" style=\"flex-basis:50%\"><\/div>\n<\/div>\n\n\n\n<hr class=\"wp-block-separator has-css-opacity is-style-default\" \/>\n\n\n\n<div style=\"height:100px\" aria-hidden=\"true\" class=\"wp-block-spacer\"><\/div>\n\n\n\n<div class=\"wp-block-group alignfull has-theme-light-gray-background-color has-background\"><div class=\"wp-block-group__inner-container is-layout-flow wp-block-group-is-layout-flow\">\n<div style=\"height:50px\" aria-hidden=\"true\" class=\"wp-block-spacer\"><\/div>\n\n\n\n<div class=\"wp-block-columns are-vertically-aligned-center is-layout-flex wp-container-core-columns-is-layout-9d6595d7 wp-block-columns-is-layout-flex\">\n<div class=\"wp-block-column is-vertically-aligned-center is-layout-flow wp-block-column-is-layout-flow\" style=\"flex-basis:100%\">\n<h2 class=\"wp-block-heading is-style-section-title\" id=\"Unternehmenskultur\">La nostra cultura aziendale.<\/h2>\n\n\n\n<h6 class=\"wp-block-heading\"><strong>Il paziente al centro del nostro lavoro.<\/strong><\/h6>\n\n\n\n<div class=\"wp-block-columns is-layout-flex wp-container-core-columns-is-layout-9d6595d7 wp-block-columns-is-layout-flex\">\n<div class=\"wp-block-column is-layout-flow wp-block-column-is-layout-flow\" style=\"flex-basis:100%\">\n<p>Comprendere e soddisfare le esigenze dei pazienti \u00e8 la nostra massima priorit\u00e0. Migliorare la loro vita e sostenere il lavoro degli operatori sanitari \u00e8 al centro della nostra missione di ricerca e produzione.<\/p>\n<\/div>\n<\/div>\n\n\n\n<h6 class=\"wp-block-heading\"><strong><strong>Il nostro team \u00e8 il pilastro del nostro successo.<\/strong><\/strong><\/h6>\n\n\n\n<p>I nostri collaboratori sono la nostra pi\u00f9 grande risorsa e la chiave del nostro successo: ricercatori, scienziati, tecnici, lavoratori della linea di produzione, rappresentanti della qualit\u00e0, informatori scientifici del farmaco e il nostro team di sede, tutti impegnati all&#8217;unisono come una grande squadra<\/p>\n\n\n\n<h6 class=\"wp-block-heading\"><strong><strong>L&#8217;innovazione come motore del nostro sviluppo.<\/strong><\/strong><\/h6>\n\n\n\n<p>L&#8217;innovazione \u00e8 un elemento essenziale della nostra cultura aziendale. Che si tratti di sfidare paradigmi consolidati, di portare soluzioni a &#8220;valore aggiunto&#8221; ai nostri clienti o di scoprire nuove terapie e applicazioni di farmaci, il nostro sviluppo e la nostra crescita sono sempre funzionali alla nostra capacit\u00e0 di innovare.<\/p>\n<\/div>\n<\/div>\n\n\n\n<div style=\"height:50px\" aria-hidden=\"true\" class=\"wp-block-spacer\"><\/div>\n<\/div><\/div>\n\n\n\n<div style=\"height:50px\" aria-hidden=\"true\" class=\"wp-block-spacer\"><\/div>\n\n\n\n<h2 class=\"wp-block-heading is-style-section-title\" id=\"Umwelt\">Ambiente.<\/h2>\n\n\n\n<div class=\"wp-block-columns is-layout-flex wp-container-core-columns-is-layout-9d6595d7 wp-block-columns-is-layout-flex\">\n<div class=\"wp-block-column is-layout-flow wp-block-column-is-layout-flow\" style=\"flex-basis:50%\">\n<p>La sostenibilit\u00e0 \u00e8 parte integrante della cultura di EVER Pharma: applichiamo i pi\u00f9 alti standard per ridurre l&#8217;impatto ambientale assicurandoci che i nostri impianti di produzione soddisfino i requisiti dei moderni standard di gestione ambientale.<\/p>\n<\/div>\n\n\n\n<div class=\"wp-block-column is-layout-flow wp-block-column-is-layout-flow\" style=\"flex-basis:50%\">\n<div class=\"wp-block-group alignwide\"><div class=\"wp-block-group__inner-container is-layout-flow wp-block-group-is-layout-flow\">\n<figure class=\"wp-block-image size-large is-style-default\"><img decoding=\"async\" src=\"https:\/\/www.everpharma.com\/wp-content\/uploads\/2021\/02\/EVER_09-1024x682.jpg\" alt=\"\" class=\"wp-image-105\" \/><\/figure>\n<\/div><\/div>\n<\/div>\n<\/div>\n\n\n\n<div style=\"height:100px\" aria-hidden=\"true\" class=\"wp-block-spacer\"><\/div>\n\n\n\n<p><strong><em><img decoding=\"async\" class=\"wp-image-612\" style=\"width: NaNpx\" src=\"https:\/\/www.everpharma.com\/ita\/wp-content\/uploads\/sites\/7\/2025\/06\/Contributi-Associazioni-Pazienti-2024-1.pdf\" alt=\"\">DONAZIONI E CONTRIBUTI<\/em><\/strong> <strong><em>AD ASSOCIAZIONI DI PAZIENTI ITALIANE, AI SENSI DELL&#8217;ART. 7, COMMA 7.20 DEL CODICE DEONTOLOGICO EGUALIA.<\/em><\/strong><\/p>\n\n\n\n<div class=\"wp-block-file\"><a id=\"wp-block-file--media-f97fefc7-107a-4f8b-8105-7d5d2adf0849\" href=\"https:\/\/www.everpharma.com\/ita\/wp-content\/uploads\/sites\/7\/2025\/06\/Contributi-Associazioni-Pazienti-2023.pdf\"><strong>Contributi Associazioni Pazienti 2023<\/strong><\/a><\/div>\n\n\n\n<div class=\"wp-block-file\"><a id=\"wp-block-file--media-e259eca4-9b00-479c-85e7-9c0f03f8378c\" href=\"https:\/\/www.everpharma.com\/ita\/wp-content\/uploads\/sites\/7\/2025\/06\/Contributi-Associazioni-Pazienti-2024.pdf\"><strong>Contributi Associazioni Pazienti 2024<\/strong><\/a><\/div>\n\n\n\n<p><strong><em>TRASFERIMENTI DI VALORE A OPERATORI SANITARI E ORGANIZZAZIONI SANITARIE AI SENSI DELL\u2019ART. 8, DEL CODICE DEONTOLOGICO EGUALIA<\/em><\/strong><\/p>\n\n\n\n<div class=\"wp-block-file\"><a id=\"wp-block-file--media-48e77c0a-f5c5-4c13-be4a-24abde239526\" href=\"https:\/\/www.everpharma.com\/ita\/wp-content\/uploads\/sites\/7\/2025\/07\/TRASFERIMENTI-DI-VALORE-2024_EVER-PHARMA-ITALIA-SRL.pdf\">TRASFERIMENTI DI VALORE 2024_EVER PHARMA ITALIA SRL<\/a><\/div>\n","protected":false},"excerpt":{"rendered":"<p>Dedicati alla salute. Il benessere del paziente \u00e8 al centro di tutto ci\u00f2 che facciamo. Attraverso l&#8217;innovazione, la visione e lo spirito imprenditoriale, portiamo sul mercato mondiale soluzioni terapeutiche a valore aggiunto a supporto dei sistemi sanitari nazionali. E&#8217; questo il senso del nostro lavoro quotidiano e del nostro costante impegno per la salute. La &hellip; <a href=\"https:\/\/www.everpharma.com\/ita\/impegni\/\">Continued<\/a><\/p>\n","protected":false},"author":48,"featured_media":0,"parent":0,"menu_order":13,"comment_status":"closed","ping_status":"closed","template":"","meta":{"_acf_changed":false,"footnotes":""},"class_list":["post-96","page","type-page","status-publish","hentry"],"yoast_head":"<!-- This site is optimized with the Yoast SEO plugin v27.5 - https:\/\/yoast.com\/product\/yoast-seo-wordpress\/ -->\n<title>Corporate Responsibilities - EVER Pharma Italy<\/title>\n<meta name=\"robots\" content=\"index, follow, max-snippet:-1, max-image-preview:large, max-video-preview:-1\" \/>\n<link rel=\"canonical\" href=\"https:\/\/www.everpharma.com\/ita\/impegni\/\" \/>\n<meta property=\"og:locale\" content=\"it_IT\" \/>\n<meta property=\"og:type\" content=\"article\" \/>\n<meta property=\"og:title\" content=\"Corporate Responsibilities - EVER Pharma Italy\" \/>\n<meta property=\"og:description\" content=\"Dedicati alla salute. Il benessere del paziente \u00e8 al centro di tutto ci\u00f2 che facciamo. Attraverso l&#8217;innovazione, la visione e lo spirito imprenditoriale, portiamo sul mercato mondiale soluzioni terapeutiche a valore aggiunto a supporto dei sistemi sanitari nazionali. E&#8217; questo il senso del nostro lavoro quotidiano e del nostro costante impegno per la salute. La &hellip; Continued\" \/>\n<meta property=\"og:url\" content=\"https:\/\/www.everpharma.com\/ita\/impegni\/\" \/>\n<meta property=\"og:site_name\" content=\"EVER Pharma Italy\" \/>\n<meta property=\"article:modified_time\" content=\"2025-07-21T07:38:16+00:00\" \/>\n<meta name=\"twitter:card\" content=\"summary_large_image\" \/>\n<meta name=\"twitter:label1\" content=\"Est. reading time\" \/>\n\t<meta name=\"twitter:data1\" content=\"1 minute\" \/>\n<script type=\"application\/ld+json\" class=\"yoast-schema-graph\">{\"@context\":\"https:\\\/\\\/schema.org\",\"@graph\":[{\"@type\":\"WebPage\",\"@id\":\"https:\\\/\\\/www.everpharma.com\\\/ita\\\/impegni\\\/\",\"url\":\"https:\\\/\\\/www.everpharma.com\\\/ita\\\/impegni\\\/\",\"name\":\"Corporate Responsibilities - EVER Pharma Italy\",\"isPartOf\":{\"@id\":\"https:\\\/\\\/www.everpharma.com\\\/ita\\\/#website\"},\"primaryImageOfPage\":{\"@id\":\"https:\\\/\\\/www.everpharma.com\\\/ita\\\/impegni\\\/#primaryimage\"},\"image\":{\"@id\":\"https:\\\/\\\/www.everpharma.com\\\/ita\\\/impegni\\\/#primaryimage\"},\"thumbnailUrl\":\"https:\\\/\\\/www.everpharma.com\\\/wp-content\\\/uploads\\\/2021\\\/02\\\/ET2B1567.jpg\",\"datePublished\":\"2021-03-09T04:34:15+00:00\",\"dateModified\":\"2025-07-21T07:38:16+00:00\",\"breadcrumb\":{\"@id\":\"https:\\\/\\\/www.everpharma.com\\\/ita\\\/impegni\\\/#breadcrumb\"},\"inLanguage\":\"it-IT\",\"potentialAction\":[{\"@type\":\"ReadAction\",\"target\":[\"https:\\\/\\\/www.everpharma.com\\\/ita\\\/impegni\\\/\"]}]},{\"@type\":\"ImageObject\",\"inLanguage\":\"it-IT\",\"@id\":\"https:\\\/\\\/www.everpharma.com\\\/ita\\\/impegni\\\/#primaryimage\",\"url\":\"https:\\\/\\\/www.everpharma.com\\\/wp-content\\\/uploads\\\/2021\\\/02\\\/ET2B1567.jpg\",\"contentUrl\":\"https:\\\/\\\/www.everpharma.com\\\/wp-content\\\/uploads\\\/2021\\\/02\\\/ET2B1567.jpg\"},{\"@type\":\"BreadcrumbList\",\"@id\":\"https:\\\/\\\/www.everpharma.com\\\/ita\\\/impegni\\\/#breadcrumb\",\"itemListElement\":[{\"@type\":\"ListItem\",\"position\":1,\"name\":\"Startseite\",\"item\":\"https:\\\/\\\/www.everpharma.com\\\/ita\\\/\"},{\"@type\":\"ListItem\",\"position\":2,\"name\":\"Corporate Responsibilities\"}]},{\"@type\":\"WebSite\",\"@id\":\"https:\\\/\\\/www.everpharma.com\\\/ita\\\/#website\",\"url\":\"https:\\\/\\\/www.everpharma.com\\\/ita\\\/\",\"name\":\"EVER Pharma Italy\",\"description\":\"Dedicated to Health.\",\"potentialAction\":[{\"@type\":\"SearchAction\",\"target\":{\"@type\":\"EntryPoint\",\"urlTemplate\":\"https:\\\/\\\/www.everpharma.com\\\/ita\\\/?s={search_term_string}\"},\"query-input\":{\"@type\":\"PropertyValueSpecification\",\"valueRequired\":true,\"valueName\":\"search_term_string\"}}],\"inLanguage\":\"it-IT\"}]}<\/script>\n<!-- \/ Yoast SEO plugin. -->","yoast_head_json":{"title":"Corporate Responsibilities - EVER Pharma Italy","robots":{"index":"index","follow":"follow","max-snippet":"max-snippet:-1","max-image-preview":"max-image-preview:large","max-video-preview":"max-video-preview:-1"},"canonical":"https:\/\/www.everpharma.com\/ita\/impegni\/","og_locale":"it_IT","og_type":"article","og_title":"Corporate Responsibilities - EVER Pharma Italy","og_description":"Dedicati alla salute. Il benessere del paziente \u00e8 al centro di tutto ci\u00f2 che facciamo. Attraverso l&#8217;innovazione, la visione e lo spirito imprenditoriale, portiamo sul mercato mondiale soluzioni terapeutiche a valore aggiunto a supporto dei sistemi sanitari nazionali. E&#8217; questo il senso del nostro lavoro quotidiano e del nostro costante impegno per la salute. La &hellip; Continued","og_url":"https:\/\/www.everpharma.com\/ita\/impegni\/","og_site_name":"EVER Pharma Italy","article_modified_time":"2025-07-21T07:38:16+00:00","twitter_card":"summary_large_image","twitter_misc":{"Est. reading time":"1 minute"},"schema":{"@context":"https:\/\/schema.org","@graph":[{"@type":"WebPage","@id":"https:\/\/www.everpharma.com\/ita\/impegni\/","url":"https:\/\/www.everpharma.com\/ita\/impegni\/","name":"Corporate Responsibilities - EVER Pharma Italy","isPartOf":{"@id":"https:\/\/www.everpharma.com\/ita\/#website"},"primaryImageOfPage":{"@id":"https:\/\/www.everpharma.com\/ita\/impegni\/#primaryimage"},"image":{"@id":"https:\/\/www.everpharma.com\/ita\/impegni\/#primaryimage"},"thumbnailUrl":"https:\/\/www.everpharma.com\/wp-content\/uploads\/2021\/02\/ET2B1567.jpg","datePublished":"2021-03-09T04:34:15+00:00","dateModified":"2025-07-21T07:38:16+00:00","breadcrumb":{"@id":"https:\/\/www.everpharma.com\/ita\/impegni\/#breadcrumb"},"inLanguage":"it-IT","potentialAction":[{"@type":"ReadAction","target":["https:\/\/www.everpharma.com\/ita\/impegni\/"]}]},{"@type":"ImageObject","inLanguage":"it-IT","@id":"https:\/\/www.everpharma.com\/ita\/impegni\/#primaryimage","url":"https:\/\/www.everpharma.com\/wp-content\/uploads\/2021\/02\/ET2B1567.jpg","contentUrl":"https:\/\/www.everpharma.com\/wp-content\/uploads\/2021\/02\/ET2B1567.jpg"},{"@type":"BreadcrumbList","@id":"https:\/\/www.everpharma.com\/ita\/impegni\/#breadcrumb","itemListElement":[{"@type":"ListItem","position":1,"name":"Startseite","item":"https:\/\/www.everpharma.com\/ita\/"},{"@type":"ListItem","position":2,"name":"Corporate Responsibilities"}]},{"@type":"WebSite","@id":"https:\/\/www.everpharma.com\/ita\/#website","url":"https:\/\/www.everpharma.com\/ita\/","name":"EVER Pharma Italy","description":"Dedicated to Health.","potentialAction":[{"@type":"SearchAction","target":{"@type":"EntryPoint","urlTemplate":"https:\/\/www.everpharma.com\/ita\/?s={search_term_string}"},"query-input":{"@type":"PropertyValueSpecification","valueRequired":true,"valueName":"search_term_string"}}],"inLanguage":"it-IT"}]}},"acf":[],"_links":{"self":[{"href":"https:\/\/www.everpharma.com\/ita\/wp-json\/wp\/v2\/pages\/96","targetHints":{"allow":["GET"]}}],"collection":[{"href":"https:\/\/www.everpharma.com\/ita\/wp-json\/wp\/v2\/pages"}],"about":[{"href":"https:\/\/www.everpharma.com\/ita\/wp-json\/wp\/v2\/types\/page"}],"author":[{"embeddable":true,"href":"https:\/\/www.everpharma.com\/ita\/wp-json\/wp\/v2\/users\/48"}],"replies":[{"embeddable":true,"href":"https:\/\/www.everpharma.com\/ita\/wp-json\/wp\/v2\/comments?post=96"}],"version-history":[{"count":18,"href":"https:\/\/www.everpharma.com\/ita\/wp-json\/wp\/v2\/pages\/96\/revisions"}],"predecessor-version":[{"id":636,"href":"https:\/\/www.everpharma.com\/ita\/wp-json\/wp\/v2\/pages\/96\/revisions\/636"}],"wp:attachment":[{"href":"https:\/\/www.everpharma.com\/ita\/wp-json\/wp\/v2\/media?parent=96"}],"curies":[{"name":"wp","href":"https:\/\/api.w.org\/{rel}","templated":true}]}}