{"id":206,"date":"2021-04-29T09:37:15","date_gmt":"2021-04-29T07:37:15","guid":{"rendered":"https:\/\/www.everpharma.com\/ita\/?page_id=206"},"modified":"2025-06-03T12:01:56","modified_gmt":"2025-06-03T10:01:56","slug":"disclaimer","status":"publish","type":"page","link":"https:\/\/www.everpharma.com\/ita\/disclaimer\/","title":{"rendered":"Disclaimer"},"content":{"rendered":"\n<p><strong>EVER Pharma Holding<\/strong> si impegna con ogni sforzo appropriato a rendere disponibili su questo sito web informazioni corrette e complete, ma non si assume alcuna responsabilit\u00e0, garanzia o obbligo relativamente all\u2019accuratezza, completezza o aggiornamento delle informazioni messe a disposizione tramite questo sito, inclusi eventuali dati presenti nei database.<\/p>\n\n\n\n<p><strong>EVER Pharma Holding<\/strong> si riserva il diritto, in qualsiasi momento e senza preavviso, di modificare le informazioni presenti su questo sito web, e non \u00e8 altres\u00ec obbligata ad aggiornare le informazioni contenute. <strong>EVER Pharma Holding<\/strong> non \u00e8 responsabile della correttezza o dell\u2019attualit\u00e0 dei contenuti di eventuali siti web collegati tramite link.<\/p>\n\n\n\n<p>In nessun caso <strong>EVER Pharma Holding<\/strong> potr\u00e0 essere ritenuta responsabile per danni derivanti dall\u2019uso, dal contenuto o dalla disponibilit\u00e0 di questo sito web, n\u00e9 della documentazione, dei servizi o delle informazioni in esso contenuti. Ci\u00f2 vale indipendentemente dal fatto che si tratti di danni diretti, indiretti, patrimoniali, consequenziali o di altro tipo, inclusi, a titolo esemplificativo, danni da perdita di dati, impossibilit\u00e0 d\u2019uso o qualsiasi altra causa di qualsivoglia natura.<\/p>\n\n\n\n<p><\/p>\n","protected":false},"excerpt":{"rendered":"<p>EVER Pharma Holding si impegna con ogni sforzo appropriato a rendere disponibili su questo sito web informazioni corrette e complete, ma non si assume alcuna responsabilit\u00e0, garanzia o obbligo relativamente all\u2019accuratezza, completezza o aggiornamento delle informazioni messe a disposizione tramite questo sito, inclusi eventuali dati presenti nei database. EVER Pharma Holding si riserva il diritto, &hellip; <a href=\"https:\/\/www.everpharma.com\/ita\/disclaimer\/\">Continued<\/a><\/p>\n","protected":false},"author":77,"featured_media":0,"parent":0,"menu_order":30,"comment_status":"closed","ping_status":"closed","template":"","meta":{"_acf_changed":false,"footnotes":""},"class_list":["post-206","page","type-page","status-publish","hentry"],"yoast_head":"<!-- This site is optimized with the Yoast SEO plugin v27.5 - https:\/\/yoast.com\/product\/yoast-seo-wordpress\/ -->\n<title>Disclaimer - EVER Pharma Italy<\/title>\n<meta name=\"robots\" content=\"index, follow, max-snippet:-1, max-image-preview:large, max-video-preview:-1\" \/>\n<link rel=\"canonical\" href=\"https:\/\/www.everpharma.com\/ita\/disclaimer\/\" \/>\n<meta property=\"og:locale\" content=\"it_IT\" \/>\n<meta property=\"og:type\" content=\"article\" \/>\n<meta property=\"og:title\" content=\"Disclaimer - EVER Pharma Italy\" \/>\n<meta property=\"og:description\" content=\"EVER Pharma Holding si impegna con ogni sforzo appropriato a rendere disponibili su questo sito web informazioni corrette e complete, ma non si assume alcuna responsabilit\u00e0, garanzia o obbligo relativamente all\u2019accuratezza, completezza o aggiornamento delle informazioni messe a disposizione tramite questo sito, inclusi eventuali dati presenti nei database. EVER Pharma Holding si riserva il diritto, &hellip; Continued\" \/>\n<meta property=\"og:url\" content=\"https:\/\/www.everpharma.com\/ita\/disclaimer\/\" \/>\n<meta property=\"og:site_name\" content=\"EVER Pharma Italy\" \/>\n<meta property=\"article:modified_time\" content=\"2025-06-03T10:01:56+00:00\" \/>\n<meta name=\"twitter:card\" content=\"summary_large_image\" \/>\n<meta name=\"twitter:label1\" content=\"Est. reading time\" \/>\n\t<meta name=\"twitter:data1\" content=\"1 minute\" \/>\n<script type=\"application\/ld+json\" class=\"yoast-schema-graph\">{\"@context\":\"https:\\\/\\\/schema.org\",\"@graph\":[{\"@type\":\"WebPage\",\"@id\":\"https:\\\/\\\/www.everpharma.com\\\/ita\\\/disclaimer\\\/\",\"url\":\"https:\\\/\\\/www.everpharma.com\\\/ita\\\/disclaimer\\\/\",\"name\":\"Disclaimer - EVER Pharma Italy\",\"isPartOf\":{\"@id\":\"https:\\\/\\\/www.everpharma.com\\\/ita\\\/#website\"},\"datePublished\":\"2021-04-29T07:37:15+00:00\",\"dateModified\":\"2025-06-03T10:01:56+00:00\",\"breadcrumb\":{\"@id\":\"https:\\\/\\\/www.everpharma.com\\\/ita\\\/disclaimer\\\/#breadcrumb\"},\"inLanguage\":\"it-IT\",\"potentialAction\":[{\"@type\":\"ReadAction\",\"target\":[\"https:\\\/\\\/www.everpharma.com\\\/ita\\\/disclaimer\\\/\"]}]},{\"@type\":\"BreadcrumbList\",\"@id\":\"https:\\\/\\\/www.everpharma.com\\\/ita\\\/disclaimer\\\/#breadcrumb\",\"itemListElement\":[{\"@type\":\"ListItem\",\"position\":1,\"name\":\"Startseite\",\"item\":\"https:\\\/\\\/www.everpharma.com\\\/ita\\\/\"},{\"@type\":\"ListItem\",\"position\":2,\"name\":\"Disclaimer\"}]},{\"@type\":\"WebSite\",\"@id\":\"https:\\\/\\\/www.everpharma.com\\\/ita\\\/#website\",\"url\":\"https:\\\/\\\/www.everpharma.com\\\/ita\\\/\",\"name\":\"EVER Pharma Italy\",\"description\":\"Dedicated to Health.\",\"potentialAction\":[{\"@type\":\"SearchAction\",\"target\":{\"@type\":\"EntryPoint\",\"urlTemplate\":\"https:\\\/\\\/www.everpharma.com\\\/ita\\\/?s={search_term_string}\"},\"query-input\":{\"@type\":\"PropertyValueSpecification\",\"valueRequired\":true,\"valueName\":\"search_term_string\"}}],\"inLanguage\":\"it-IT\"}]}<\/script>\n<!-- \/ Yoast SEO plugin. -->","yoast_head_json":{"title":"Disclaimer - EVER Pharma Italy","robots":{"index":"index","follow":"follow","max-snippet":"max-snippet:-1","max-image-preview":"max-image-preview:large","max-video-preview":"max-video-preview:-1"},"canonical":"https:\/\/www.everpharma.com\/ita\/disclaimer\/","og_locale":"it_IT","og_type":"article","og_title":"Disclaimer - EVER Pharma Italy","og_description":"EVER Pharma Holding si impegna con ogni sforzo appropriato a rendere disponibili su questo sito web informazioni corrette e complete, ma non si assume alcuna responsabilit\u00e0, garanzia o obbligo relativamente all\u2019accuratezza, completezza o aggiornamento delle informazioni messe a disposizione tramite questo sito, inclusi eventuali dati presenti nei database. EVER Pharma Holding si riserva il diritto, &hellip; Continued","og_url":"https:\/\/www.everpharma.com\/ita\/disclaimer\/","og_site_name":"EVER Pharma Italy","article_modified_time":"2025-06-03T10:01:56+00:00","twitter_card":"summary_large_image","twitter_misc":{"Est. reading time":"1 minute"},"schema":{"@context":"https:\/\/schema.org","@graph":[{"@type":"WebPage","@id":"https:\/\/www.everpharma.com\/ita\/disclaimer\/","url":"https:\/\/www.everpharma.com\/ita\/disclaimer\/","name":"Disclaimer - EVER Pharma Italy","isPartOf":{"@id":"https:\/\/www.everpharma.com\/ita\/#website"},"datePublished":"2021-04-29T07:37:15+00:00","dateModified":"2025-06-03T10:01:56+00:00","breadcrumb":{"@id":"https:\/\/www.everpharma.com\/ita\/disclaimer\/#breadcrumb"},"inLanguage":"it-IT","potentialAction":[{"@type":"ReadAction","target":["https:\/\/www.everpharma.com\/ita\/disclaimer\/"]}]},{"@type":"BreadcrumbList","@id":"https:\/\/www.everpharma.com\/ita\/disclaimer\/#breadcrumb","itemListElement":[{"@type":"ListItem","position":1,"name":"Startseite","item":"https:\/\/www.everpharma.com\/ita\/"},{"@type":"ListItem","position":2,"name":"Disclaimer"}]},{"@type":"WebSite","@id":"https:\/\/www.everpharma.com\/ita\/#website","url":"https:\/\/www.everpharma.com\/ita\/","name":"EVER Pharma Italy","description":"Dedicated to Health.","potentialAction":[{"@type":"SearchAction","target":{"@type":"EntryPoint","urlTemplate":"https:\/\/www.everpharma.com\/ita\/?s={search_term_string}"},"query-input":{"@type":"PropertyValueSpecification","valueRequired":true,"valueName":"search_term_string"}}],"inLanguage":"it-IT"}]}},"acf":[],"_links":{"self":[{"href":"https:\/\/www.everpharma.com\/ita\/wp-json\/wp\/v2\/pages\/206","targetHints":{"allow":["GET"]}}],"collection":[{"href":"https:\/\/www.everpharma.com\/ita\/wp-json\/wp\/v2\/pages"}],"about":[{"href":"https:\/\/www.everpharma.com\/ita\/wp-json\/wp\/v2\/types\/page"}],"author":[{"embeddable":true,"href":"https:\/\/www.everpharma.com\/ita\/wp-json\/wp\/v2\/users\/77"}],"replies":[{"embeddable":true,"href":"https:\/\/www.everpharma.com\/ita\/wp-json\/wp\/v2\/comments?post=206"}],"version-history":[{"count":3,"href":"https:\/\/www.everpharma.com\/ita\/wp-json\/wp\/v2\/pages\/206\/revisions"}],"predecessor-version":[{"id":455,"href":"https:\/\/www.everpharma.com\/ita\/wp-json\/wp\/v2\/pages\/206\/revisions\/455"}],"wp:attachment":[{"href":"https:\/\/www.everpharma.com\/ita\/wp-json\/wp\/v2\/media?parent=206"}],"curies":[{"name":"wp","href":"https:\/\/api.w.org\/{rel}","templated":true}]}}