{"id":180,"date":"2021-06-16T17:07:00","date_gmt":"2021-06-16T17:07:00","guid":{"rendered":"https:\/\/www.everpharma.com\/ger\/?page_id=180"},"modified":"2022-09-15T06:06:15","modified_gmt":"2022-09-15T04:06:15","slug":"geschaeftsfelder","status":"publish","type":"page","link":"https:\/\/www.everpharma.com\/ger\/geschaeftsfelder\/","title":{"rendered":"Gesch\u00e4ftsfelder"},"content":{"rendered":"\n<h2 class=\"wp-block-heading\">Unsere Gesch\u00e4ftsfelder<\/h2>\n\n\n\n<div class=\"wp-block-group\"><div class=\"wp-block-group__inner-container is-layout-flow wp-block-group-is-layout-flow\">\n<div class=\"wp-block-columns is-layout-flex wp-container-core-columns-is-layout-9d6595d7 wp-block-columns-is-layout-flex\">\n<div class=\"wp-block-column is-layout-flow wp-block-column-is-layout-flow\">\n<h2 class=\"is-style-section-title wp-block-heading\">Neurologie<\/h2>\n\n\n\n<p>Das Gesch\u00e4ftsfeld Neurologie konzentriert sich auf Behandlungsm\u00f6glichkeiten f\u00fcr Schlaganfall, traumatische Sch\u00e4del-Hirn-Verletzungen, vaskul\u00e4re Demenz, Alzheimer-Krankheit und Parkinson-Krankheit. Wir sind bestrebt, in diesem Bereich kontinuierlich sicherere und einfacher zu handhabende Produkte zu entwickeln. Unser Portfolio umfasst eigene Verabreichungsger\u00e4te wie Pens und Pumpen sowie Arzneimittel.<\/p>\n<\/div>\n\n\n\n<div class=\"wp-block-column is-layout-flow wp-block-column-is-layout-flow\">\n<h2 class=\"is-style-section-title wp-block-heading\">Specialties<\/h2>\n\n\n\n<p>Das Gesch\u00e4ftsfeld Specialties fokussiert sich auf die Entwicklung, Herstellung und Vermarktung von komplexen und hochwertigen Formulierungen, mit denen Adh\u00e4renz, Komfort und Sicherheit f\u00fcr Patienten und medizinisches Fachpersonal unterst\u00fctzt werden. Der Schwerpunkt unseres F&amp;E-Teams liegt in der Entwicklung eines breiten Produktportfolios solcher Produkte in den Bereichen Onkologie, Intensivmedizin und Hormone Therapeutika.<\/p>\n<\/div>\n<\/div>\n\n\n\n<div style=\"height:50px\" aria-hidden=\"true\" class=\"wp-block-spacer\"><\/div>\n\n\n\n<div class=\"wp-block-group\"><div class=\"wp-block-group__inner-container is-layout-flow wp-block-group-is-layout-flow\">\n<div class=\"wp-block-columns is-layout-flex wp-container-core-columns-is-layout-9d6595d7 wp-block-columns-is-layout-flex\">\n<div class=\"wp-block-column is-layout-flow wp-block-column-is-layout-flow\">\n<h2 class=\"is-style-section-title wp-block-heading\">Lohnherstellung<\/h2>\n\n\n\n<p>Unseren Kunden bieten wir ein breites Spektrum an Dienstleistungen: von der Entwicklung, bis hin zur kommerziellen Auftragsfertigung. Mit unserer jahrzehntelangen Erfahrung und unserem weitreichenden Know-how produzieren wir an unserem Standort in Jena neben hochwertigen Sterilprodukten in Vials, Fertigspritzen, Karpulen und Ampullen auch Implantate f\u00fcr Drittkunden. Dar\u00fcber hinaus bieten wir umfassende Full-Service-Leistungen rund um die Entwicklung, Herstellung und Pr\u00fcfung steriler Arzneiformen sowie Unterst\u00fctzung bei der Entwicklung und Dossier-Erstellung. <\/p>\n\n\n\n<p>F\u00fcr weitere Informationen kontaktieren Sie: <a href=\"mailto:partnerships@everpharma.com\">partnerships@everpharma.com<\/a><\/p>\n<\/div>\n\n\n\n<div class=\"wp-block-column is-layout-flow wp-block-column-is-layout-flow\">\n<h2 class=\"is-style-section-title wp-block-heading\">Partnerschaften<\/h2>\n\n\n\n<p>Zus\u00e4tzlich zu unserer internen Entwicklungspipeline wollen wir unser Produktportfolio durch Einlizenzierungen, Akquisitionen und Partnerschaften erweitern.<\/p>\n\n\n\n<p>F\u00fcr weitere Informationen kontaktieren Sie: <span class=\"has-inline-color has-theme-red-color\"><a href=\"mailto:newbusiness@everpharma.com\"><\/a><a href=\"mailto:partnerships@everpharma.com\">partnerships@everpharma.com<\/a><\/span><\/p>\n<\/div>\n<\/div>\n<\/div><\/div>\n\n\n\n<div style=\"height:50px\" aria-hidden=\"true\" class=\"wp-block-spacer\"><\/div>\n\n\n\n<figure class=\"wp-block-gallery aligncenter has-nested-images columns-default is-cropped wp-block-gallery-1 is-layout-flex wp-block-gallery-is-layout-flex\">\n<figure class=\"wp-block-image size-large\"><img decoding=\"async\" data-id=\"1357\" src=\"https:\/\/www.everpharma.com\/wp-content\/uploads\/2021\/04\/IO_EVER_1120_010-3-1024x683.jpg\" alt=\"\" class=\"wp-image-1357\"\/><\/figure>\n\n\n\n<figure class=\"wp-block-image size-large\"><img decoding=\"async\" data-id=\"1346\" src=\"https:\/\/www.everpharma.com\/wp-content\/uploads\/2021\/04\/IO_EVER_1120_086-2-1024x683.jpg\" alt=\"\" class=\"wp-image-1346\"\/><\/figure>\n\n\n\n<figure class=\"wp-block-image size-large\"><img decoding=\"async\" data-id=\"1375\" src=\"https:\/\/www.everpharma.com\/wp-content\/uploads\/2021\/04\/IO_EVER_1120_092-2-1024x683.jpg\" alt=\"\" class=\"wp-image-1375\"\/><\/figure>\n<\/figure>\n<\/div><\/div>\n\n\n\n<div style=\"height:100px\" aria-hidden=\"true\" class=\"wp-block-spacer\"><\/div>\n\n\n\n<p><\/p>\n","protected":false},"excerpt":{"rendered":"<p>Unsere Gesch\u00e4ftsfelder Neurologie Das Gesch\u00e4ftsfeld Neurologie konzentriert sich auf Behandlungsm\u00f6glichkeiten f\u00fcr Schlaganfall, traumatische Sch\u00e4del-Hirn-Verletzungen, vaskul\u00e4re Demenz, Alzheimer-Krankheit und Parkinson-Krankheit. Wir sind bestrebt, in diesem Bereich kontinuierlich sicherere und einfacher zu handhabende Produkte zu entwickeln. Unser Portfolio umfasst eigene Verabreichungsger\u00e4te wie Pens und Pumpen sowie Arzneimittel. Specialties Das Gesch\u00e4ftsfeld Specialties fokussiert sich auf die Entwicklung, Herstellung &hellip; <a href=\"https:\/\/www.everpharma.com\/ger\/geschaeftsfelder\/\">Continued<\/a><\/p>\n","protected":false},"author":2,"featured_media":0,"parent":0,"menu_order":8,"comment_status":"closed","ping_status":"closed","template":"","meta":{"_acf_changed":false,"footnotes":""},"class_list":["post-180","page","type-page","status-publish","hentry"],"yoast_head":"<!-- This site is optimized with the Yoast SEO plugin v27.0 - https:\/\/yoast.com\/product\/yoast-seo-wordpress\/ -->\n<title>Gesch\u00e4ftsfelder - EVER Pharma Germany<\/title>\n<meta name=\"robots\" content=\"index, follow, max-snippet:-1, max-image-preview:large, max-video-preview:-1\" \/>\n<link rel=\"canonical\" href=\"https:\/\/www.everpharma.com\/ger\/geschaeftsfelder\/\" \/>\n<meta property=\"og:locale\" content=\"de_DE\" \/>\n<meta property=\"og:type\" content=\"article\" \/>\n<meta property=\"og:title\" content=\"Gesch\u00e4ftsfelder - EVER Pharma Germany\" \/>\n<meta property=\"og:description\" content=\"Unsere Gesch\u00e4ftsfelder Neurologie Das Gesch\u00e4ftsfeld Neurologie konzentriert sich auf Behandlungsm\u00f6glichkeiten f\u00fcr Schlaganfall, traumatische Sch\u00e4del-Hirn-Verletzungen, vaskul\u00e4re Demenz, Alzheimer-Krankheit und Parkinson-Krankheit. Wir sind bestrebt, in diesem Bereich kontinuierlich sicherere und einfacher zu handhabende Produkte zu entwickeln. Unser Portfolio umfasst eigene Verabreichungsger\u00e4te wie Pens und Pumpen sowie Arzneimittel. Specialties Das Gesch\u00e4ftsfeld Specialties fokussiert sich auf die Entwicklung, Herstellung &hellip; Continued\" \/>\n<meta property=\"og:url\" content=\"https:\/\/www.everpharma.com\/ger\/geschaeftsfelder\/\" \/>\n<meta property=\"og:site_name\" content=\"EVER Pharma Germany\" \/>\n<meta property=\"article:modified_time\" content=\"2022-09-15T04:06:15+00:00\" \/>\n<meta property=\"og:image\" content=\"https:\/\/www.everpharma.com\/wp-content\/uploads\/2021\/04\/IO_EVER_1120_010-3-1024x683.jpg\" \/>\n<meta name=\"twitter:card\" content=\"summary_large_image\" \/>\n<meta name=\"twitter:label1\" content=\"Gesch\u00e4tzte Lesezeit\" \/>\n\t<meta name=\"twitter:data1\" content=\"1\u00a0Minute\" \/>\n<script type=\"application\/ld+json\" class=\"yoast-schema-graph\">{\"@context\":\"https:\/\/schema.org\",\"@graph\":[{\"@type\":\"WebPage\",\"@id\":\"https:\/\/www.everpharma.com\/ger\/geschaeftsfelder\/\",\"url\":\"https:\/\/www.everpharma.com\/ger\/geschaeftsfelder\/\",\"name\":\"Gesch\u00e4ftsfelder - EVER Pharma Germany\",\"isPartOf\":{\"@id\":\"https:\/\/www.everpharma.com\/ger\/#website\"},\"primaryImageOfPage\":{\"@id\":\"https:\/\/www.everpharma.com\/ger\/geschaeftsfelder\/#primaryimage\"},\"image\":{\"@id\":\"https:\/\/www.everpharma.com\/ger\/geschaeftsfelder\/#primaryimage\"},\"thumbnailUrl\":\"https:\/\/www.everpharma.com\/wp-content\/uploads\/2021\/04\/IO_EVER_1120_010-3-1024x683.jpg\",\"datePublished\":\"2021-06-16T17:07:00+00:00\",\"dateModified\":\"2022-09-15T04:06:15+00:00\",\"breadcrumb\":{\"@id\":\"https:\/\/www.everpharma.com\/ger\/geschaeftsfelder\/#breadcrumb\"},\"inLanguage\":\"de\",\"potentialAction\":[{\"@type\":\"ReadAction\",\"target\":[\"https:\/\/www.everpharma.com\/ger\/geschaeftsfelder\/\"]}]},{\"@type\":\"ImageObject\",\"inLanguage\":\"de\",\"@id\":\"https:\/\/www.everpharma.com\/ger\/geschaeftsfelder\/#primaryimage\",\"url\":\"https:\/\/www.everpharma.com\/wp-content\/uploads\/2021\/04\/IO_EVER_1120_010-3-1024x683.jpg\",\"contentUrl\":\"https:\/\/www.everpharma.com\/wp-content\/uploads\/2021\/04\/IO_EVER_1120_010-3-1024x683.jpg\"},{\"@type\":\"BreadcrumbList\",\"@id\":\"https:\/\/www.everpharma.com\/ger\/geschaeftsfelder\/#breadcrumb\",\"itemListElement\":[{\"@type\":\"ListItem\",\"position\":1,\"name\":\"Startseite\",\"item\":\"https:\/\/www.everpharma.com\/ger\/\"},{\"@type\":\"ListItem\",\"position\":2,\"name\":\"Gesch\u00e4ftsfelder\"}]},{\"@type\":\"WebSite\",\"@id\":\"https:\/\/www.everpharma.com\/ger\/#website\",\"url\":\"https:\/\/www.everpharma.com\/ger\/\",\"name\":\"EVER Pharma Germany\",\"description\":\"Der Gesundheit verpflichtet.\",\"potentialAction\":[{\"@type\":\"SearchAction\",\"target\":{\"@type\":\"EntryPoint\",\"urlTemplate\":\"https:\/\/www.everpharma.com\/ger\/?s={search_term_string}\"},\"query-input\":{\"@type\":\"PropertyValueSpecification\",\"valueRequired\":true,\"valueName\":\"search_term_string\"}}],\"inLanguage\":\"de\"}]}<\/script>\n<!-- \/ Yoast SEO plugin. -->","yoast_head_json":{"title":"Gesch\u00e4ftsfelder - EVER Pharma Germany","robots":{"index":"index","follow":"follow","max-snippet":"max-snippet:-1","max-image-preview":"max-image-preview:large","max-video-preview":"max-video-preview:-1"},"canonical":"https:\/\/www.everpharma.com\/ger\/geschaeftsfelder\/","og_locale":"de_DE","og_type":"article","og_title":"Gesch\u00e4ftsfelder - EVER Pharma Germany","og_description":"Unsere Gesch\u00e4ftsfelder Neurologie Das Gesch\u00e4ftsfeld Neurologie konzentriert sich auf Behandlungsm\u00f6glichkeiten f\u00fcr Schlaganfall, traumatische Sch\u00e4del-Hirn-Verletzungen, vaskul\u00e4re Demenz, Alzheimer-Krankheit und Parkinson-Krankheit. Wir sind bestrebt, in diesem Bereich kontinuierlich sicherere und einfacher zu handhabende Produkte zu entwickeln. Unser Portfolio umfasst eigene Verabreichungsger\u00e4te wie Pens und Pumpen sowie Arzneimittel. Specialties Das Gesch\u00e4ftsfeld Specialties fokussiert sich auf die Entwicklung, Herstellung &hellip; Continued","og_url":"https:\/\/www.everpharma.com\/ger\/geschaeftsfelder\/","og_site_name":"EVER Pharma Germany","article_modified_time":"2022-09-15T04:06:15+00:00","og_image":[{"url":"https:\/\/www.everpharma.com\/wp-content\/uploads\/2021\/04\/IO_EVER_1120_010-3-1024x683.jpg","type":"","width":"","height":""}],"twitter_card":"summary_large_image","twitter_misc":{"Gesch\u00e4tzte Lesezeit":"1\u00a0Minute"},"schema":{"@context":"https:\/\/schema.org","@graph":[{"@type":"WebPage","@id":"https:\/\/www.everpharma.com\/ger\/geschaeftsfelder\/","url":"https:\/\/www.everpharma.com\/ger\/geschaeftsfelder\/","name":"Gesch\u00e4ftsfelder - EVER Pharma Germany","isPartOf":{"@id":"https:\/\/www.everpharma.com\/ger\/#website"},"primaryImageOfPage":{"@id":"https:\/\/www.everpharma.com\/ger\/geschaeftsfelder\/#primaryimage"},"image":{"@id":"https:\/\/www.everpharma.com\/ger\/geschaeftsfelder\/#primaryimage"},"thumbnailUrl":"https:\/\/www.everpharma.com\/wp-content\/uploads\/2021\/04\/IO_EVER_1120_010-3-1024x683.jpg","datePublished":"2021-06-16T17:07:00+00:00","dateModified":"2022-09-15T04:06:15+00:00","breadcrumb":{"@id":"https:\/\/www.everpharma.com\/ger\/geschaeftsfelder\/#breadcrumb"},"inLanguage":"de","potentialAction":[{"@type":"ReadAction","target":["https:\/\/www.everpharma.com\/ger\/geschaeftsfelder\/"]}]},{"@type":"ImageObject","inLanguage":"de","@id":"https:\/\/www.everpharma.com\/ger\/geschaeftsfelder\/#primaryimage","url":"https:\/\/www.everpharma.com\/wp-content\/uploads\/2021\/04\/IO_EVER_1120_010-3-1024x683.jpg","contentUrl":"https:\/\/www.everpharma.com\/wp-content\/uploads\/2021\/04\/IO_EVER_1120_010-3-1024x683.jpg"},{"@type":"BreadcrumbList","@id":"https:\/\/www.everpharma.com\/ger\/geschaeftsfelder\/#breadcrumb","itemListElement":[{"@type":"ListItem","position":1,"name":"Startseite","item":"https:\/\/www.everpharma.com\/ger\/"},{"@type":"ListItem","position":2,"name":"Gesch\u00e4ftsfelder"}]},{"@type":"WebSite","@id":"https:\/\/www.everpharma.com\/ger\/#website","url":"https:\/\/www.everpharma.com\/ger\/","name":"EVER Pharma Germany","description":"Der Gesundheit verpflichtet.","potentialAction":[{"@type":"SearchAction","target":{"@type":"EntryPoint","urlTemplate":"https:\/\/www.everpharma.com\/ger\/?s={search_term_string}"},"query-input":{"@type":"PropertyValueSpecification","valueRequired":true,"valueName":"search_term_string"}}],"inLanguage":"de"}]}},"acf":[],"_links":{"self":[{"href":"https:\/\/www.everpharma.com\/ger\/wp-json\/wp\/v2\/pages\/180","targetHints":{"allow":["GET"]}}],"collection":[{"href":"https:\/\/www.everpharma.com\/ger\/wp-json\/wp\/v2\/pages"}],"about":[{"href":"https:\/\/www.everpharma.com\/ger\/wp-json\/wp\/v2\/types\/page"}],"author":[{"embeddable":true,"href":"https:\/\/www.everpharma.com\/ger\/wp-json\/wp\/v2\/users\/2"}],"replies":[{"embeddable":true,"href":"https:\/\/www.everpharma.com\/ger\/wp-json\/wp\/v2\/comments?post=180"}],"version-history":[{"count":5,"href":"https:\/\/www.everpharma.com\/ger\/wp-json\/wp\/v2\/pages\/180\/revisions"}],"predecessor-version":[{"id":1874,"href":"https:\/\/www.everpharma.com\/ger\/wp-json\/wp\/v2\/pages\/180\/revisions\/1874"}],"wp:attachment":[{"href":"https:\/\/www.everpharma.com\/ger\/wp-json\/wp\/v2\/media?parent=180"}],"curies":[{"name":"wp","href":"https:\/\/api.w.org\/{rel}","templated":true}]}}