{"id":171,"date":"2021-06-16T16:52:15","date_gmt":"2021-06-16T14:52:15","guid":{"rendered":"https:\/\/www.everpharma.com\/ger\/?page_id=171"},"modified":"2022-10-06T07:32:06","modified_gmt":"2022-10-06T05:32:06","slug":"unser-team","status":"publish","type":"page","link":"https:\/\/www.everpharma.com\/ger\/unser-team\/","title":{"rendered":"Unser Team"},"content":{"rendered":"\n<h4 class=\"wp-block-heading\">Echte Menschen<\/h4>\n\n\n\n<p>Jeder in unserem Team tr\u00e4gt Verantwortung, daher stellen wir Ihnen an dieser Stelle alle EVER-Mitarbeiter vor.<\/p>\n\n\n\n<p>Wir sind echte Menschen, die mit realen Personen zusammenarbeiten und wir sind fest davon \u00fcberzeugt, dass es wichtig ist, dass Sie jeden von uns direkt ansprechen k\u00f6nnen.<\/p>\n\n\n\n<p>Sie haben eine Frage, ben\u00f6tigen Unterst\u00fctzung oder haben Anmerkungen zu unseren Produkten und Dienstleistungen? Dann sind wir gerne f\u00fcr Sie da.<\/p>\n\n\n\n<div style=\"height:10px\" aria-hidden=\"true\" class=\"wp-block-spacer\"><\/div>\n\n\n\n<hr class=\"wp-block-separator is-style-default\" \/>\n\n\n\n<div style=\"height:50px\" aria-hidden=\"true\" class=\"wp-block-spacer\"><\/div>\n","protected":false},"excerpt":{"rendered":"<p>Echte Menschen Jeder in unserem Team tr\u00e4gt Verantwortung, daher stellen wir Ihnen an dieser Stelle alle EVER-Mitarbeiter vor. Wir sind echte Menschen, die mit realen Personen zusammenarbeiten und wir sind fest davon \u00fcberzeugt, dass es wichtig ist, dass Sie jeden von uns direkt ansprechen k\u00f6nnen. Sie haben eine Frage, ben\u00f6tigen Unterst\u00fctzung oder haben Anmerkungen zu &hellip; <a href=\"https:\/\/www.everpharma.com\/ger\/unser-team\/\">Continued<\/a><\/p>\n","protected":false},"author":2,"featured_media":0,"parent":0,"menu_order":4,"comment_status":"closed","ping_status":"closed","template":"template-employees.blade.php","meta":{"_acf_changed":false,"footnotes":""},"class_list":["post-171","page","type-page","status-publish","hentry"],"yoast_head":"<!-- This site is optimized with the Yoast SEO plugin v27.4 - https:\/\/yoast.com\/product\/yoast-seo-wordpress\/ -->\n<title>Unser Team - EVER Pharma Germany<\/title>\n<meta name=\"robots\" content=\"index, follow, max-snippet:-1, max-image-preview:large, max-video-preview:-1\" \/>\n<link rel=\"canonical\" href=\"https:\/\/www.everpharma.com\/ger\/unser-team\/\" \/>\n<meta property=\"og:locale\" content=\"de_DE\" \/>\n<meta property=\"og:type\" content=\"article\" \/>\n<meta property=\"og:title\" content=\"Unser Team - EVER Pharma Germany\" \/>\n<meta property=\"og:description\" content=\"Echte Menschen Jeder in unserem Team tr\u00e4gt Verantwortung, daher stellen wir Ihnen an dieser Stelle alle EVER-Mitarbeiter vor. Wir sind echte Menschen, die mit realen Personen zusammenarbeiten und wir sind fest davon \u00fcberzeugt, dass es wichtig ist, dass Sie jeden von uns direkt ansprechen k\u00f6nnen. Sie haben eine Frage, ben\u00f6tigen Unterst\u00fctzung oder haben Anmerkungen zu &hellip; Continued\" \/>\n<meta property=\"og:url\" content=\"https:\/\/www.everpharma.com\/ger\/unser-team\/\" \/>\n<meta property=\"og:site_name\" content=\"EVER Pharma Germany\" \/>\n<meta property=\"article:modified_time\" content=\"2022-10-06T05:32:06+00:00\" \/>\n<meta name=\"twitter:card\" content=\"summary_large_image\" \/>\n<script type=\"application\/ld+json\" class=\"yoast-schema-graph\">{\"@context\":\"https:\\\/\\\/schema.org\",\"@graph\":[{\"@type\":\"WebPage\",\"@id\":\"https:\\\/\\\/www.everpharma.com\\\/ger\\\/unser-team\\\/\",\"url\":\"https:\\\/\\\/www.everpharma.com\\\/ger\\\/unser-team\\\/\",\"name\":\"Unser Team - EVER Pharma Germany\",\"isPartOf\":{\"@id\":\"https:\\\/\\\/www.everpharma.com\\\/ger\\\/#website\"},\"datePublished\":\"2021-06-16T14:52:15+00:00\",\"dateModified\":\"2022-10-06T05:32:06+00:00\",\"breadcrumb\":{\"@id\":\"https:\\\/\\\/www.everpharma.com\\\/ger\\\/unser-team\\\/#breadcrumb\"},\"inLanguage\":\"de\",\"potentialAction\":[{\"@type\":\"ReadAction\",\"target\":[\"https:\\\/\\\/www.everpharma.com\\\/ger\\\/unser-team\\\/\"]}]},{\"@type\":\"BreadcrumbList\",\"@id\":\"https:\\\/\\\/www.everpharma.com\\\/ger\\\/unser-team\\\/#breadcrumb\",\"itemListElement\":[{\"@type\":\"ListItem\",\"position\":1,\"name\":\"Startseite\",\"item\":\"https:\\\/\\\/www.everpharma.com\\\/ger\\\/\"},{\"@type\":\"ListItem\",\"position\":2,\"name\":\"Unser Team\"}]},{\"@type\":\"WebSite\",\"@id\":\"https:\\\/\\\/www.everpharma.com\\\/ger\\\/#website\",\"url\":\"https:\\\/\\\/www.everpharma.com\\\/ger\\\/\",\"name\":\"EVER Pharma Germany\",\"description\":\"Der Gesundheit verpflichtet.\",\"potentialAction\":[{\"@type\":\"SearchAction\",\"target\":{\"@type\":\"EntryPoint\",\"urlTemplate\":\"https:\\\/\\\/www.everpharma.com\\\/ger\\\/?s={search_term_string}\"},\"query-input\":{\"@type\":\"PropertyValueSpecification\",\"valueRequired\":true,\"valueName\":\"search_term_string\"}}],\"inLanguage\":\"de\"}]}<\/script>\n<!-- \/ Yoast SEO plugin. -->","yoast_head_json":{"title":"Unser Team - EVER Pharma Germany","robots":{"index":"index","follow":"follow","max-snippet":"max-snippet:-1","max-image-preview":"max-image-preview:large","max-video-preview":"max-video-preview:-1"},"canonical":"https:\/\/www.everpharma.com\/ger\/unser-team\/","og_locale":"de_DE","og_type":"article","og_title":"Unser Team - EVER Pharma Germany","og_description":"Echte Menschen Jeder in unserem Team tr\u00e4gt Verantwortung, daher stellen wir Ihnen an dieser Stelle alle EVER-Mitarbeiter vor. Wir sind echte Menschen, die mit realen Personen zusammenarbeiten und wir sind fest davon \u00fcberzeugt, dass es wichtig ist, dass Sie jeden von uns direkt ansprechen k\u00f6nnen. Sie haben eine Frage, ben\u00f6tigen Unterst\u00fctzung oder haben Anmerkungen zu &hellip; Continued","og_url":"https:\/\/www.everpharma.com\/ger\/unser-team\/","og_site_name":"EVER Pharma Germany","article_modified_time":"2022-10-06T05:32:06+00:00","twitter_card":"summary_large_image","schema":{"@context":"https:\/\/schema.org","@graph":[{"@type":"WebPage","@id":"https:\/\/www.everpharma.com\/ger\/unser-team\/","url":"https:\/\/www.everpharma.com\/ger\/unser-team\/","name":"Unser Team - EVER Pharma Germany","isPartOf":{"@id":"https:\/\/www.everpharma.com\/ger\/#website"},"datePublished":"2021-06-16T14:52:15+00:00","dateModified":"2022-10-06T05:32:06+00:00","breadcrumb":{"@id":"https:\/\/www.everpharma.com\/ger\/unser-team\/#breadcrumb"},"inLanguage":"de","potentialAction":[{"@type":"ReadAction","target":["https:\/\/www.everpharma.com\/ger\/unser-team\/"]}]},{"@type":"BreadcrumbList","@id":"https:\/\/www.everpharma.com\/ger\/unser-team\/#breadcrumb","itemListElement":[{"@type":"ListItem","position":1,"name":"Startseite","item":"https:\/\/www.everpharma.com\/ger\/"},{"@type":"ListItem","position":2,"name":"Unser Team"}]},{"@type":"WebSite","@id":"https:\/\/www.everpharma.com\/ger\/#website","url":"https:\/\/www.everpharma.com\/ger\/","name":"EVER Pharma Germany","description":"Der Gesundheit verpflichtet.","potentialAction":[{"@type":"SearchAction","target":{"@type":"EntryPoint","urlTemplate":"https:\/\/www.everpharma.com\/ger\/?s={search_term_string}"},"query-input":{"@type":"PropertyValueSpecification","valueRequired":true,"valueName":"search_term_string"}}],"inLanguage":"de"}]}},"acf":[],"_links":{"self":[{"href":"https:\/\/www.everpharma.com\/ger\/wp-json\/wp\/v2\/pages\/171","targetHints":{"allow":["GET"]}}],"collection":[{"href":"https:\/\/www.everpharma.com\/ger\/wp-json\/wp\/v2\/pages"}],"about":[{"href":"https:\/\/www.everpharma.com\/ger\/wp-json\/wp\/v2\/types\/page"}],"author":[{"embeddable":true,"href":"https:\/\/www.everpharma.com\/ger\/wp-json\/wp\/v2\/users\/2"}],"replies":[{"embeddable":true,"href":"https:\/\/www.everpharma.com\/ger\/wp-json\/wp\/v2\/comments?post=171"}],"version-history":[{"count":11,"href":"https:\/\/www.everpharma.com\/ger\/wp-json\/wp\/v2\/pages\/171\/revisions"}],"predecessor-version":[{"id":2465,"href":"https:\/\/www.everpharma.com\/ger\/wp-json\/wp\/v2\/pages\/171\/revisions\/2465"}],"wp:attachment":[{"href":"https:\/\/www.everpharma.com\/ger\/wp-json\/wp\/v2\/media?parent=171"}],"curies":[{"name":"wp","href":"https:\/\/api.w.org\/{rel}","templated":true}]}}