{"id":1573,"date":"2022-03-20T18:54:28","date_gmt":"2022-03-20T16:54:28","guid":{"rendered":"https:\/\/www.everpharma.com\/ger\/?page_id=1573"},"modified":"2025-10-16T08:44:18","modified_gmt":"2025-10-16T06:44:18","slug":"impressum","status":"publish","type":"page","link":"https:\/\/www.everpharma.com\/ger\/impressum\/","title":{"rendered":"Impressum"},"content":{"rendered":"\n<h2 class=\"wp-block-heading is-style-section-title\">Impressum<\/h2>\n\n\n\n<div style=\"height:30px\" aria-hidden=\"true\" class=\"wp-block-spacer\"><\/div>\n\n\n\n<h6 class=\"wp-block-heading\"><strong>EVER Pharma GmbH<\/strong><\/h6>\n\n\n\n<div class=\"wp-block-columns is-layout-flex wp-container-core-columns-is-layout-9d6595d7 wp-block-columns-is-layout-flex\">\n<div class=\"wp-block-column is-layout-flow wp-block-column-is-layout-flow\" style=\"flex-basis:50%\">\n<p>Oppelner Stra\u00dfe 5<br>82194 Gr\u00f6benzell<br>Telefon: 08142 4222 50<br>Telefax: 08142 4222 529<br>E-Mail: info.de@everpharma.com<\/p>\n<\/div>\n\n\n\n<div class=\"wp-block-column is-layout-flow wp-block-column-is-layout-flow\" style=\"flex-basis:50%\"><\/div>\n<\/div>\n\n\n\n<p>Website:&nbsp;<a href=\"http:\/\/www.everpharma.de\/\">www.everpharma.com\/ger<\/a><br>Internationale Website:&nbsp;<a href=\"http:\/\/www.everpharma.com\/\">www.everpharma.com<\/a><\/p>\n\n\n\n<p>Gesch\u00e4ftsf\u00fchrer: Mario Breidtscheidel, Georges Kahwati<\/p>\n\n\n\n<div class=\"wp-block-buttons is-layout-flex wp-block-buttons-is-layout-flex\">\n<div class=\"wp-block-button is-style-outline is-style-outline--2\"><a class=\"wp-block-button__link wp-element-button\" href=\"https:\/\/whistleblowersoftware.com\/secure\/14536dd2-1923-44f2-bc93-c2db2f147aef\" target=\"_blank\" rel=\"noreferrer noopener\">Vertrauliches Hinweisgebersystem<\/a><\/div>\n<\/div>\n\n\n\n<div style=\"height:10px\" aria-hidden=\"true\" class=\"wp-block-spacer\"><\/div>\n\n\n\n<h6 class=\"wp-block-heading has-theme-red-color has-text-color\">Registereintrag<\/h6>\n\n\n\n<p>Eintragung im Handelsregister<br>Registergericht: M\u00fcnchen<br>Registernummer: HRB215470<\/p>\n\n\n\n<div style=\"height:10px\" aria-hidden=\"true\" class=\"wp-block-spacer\"><\/div>\n\n\n\n<h6 class=\"wp-block-heading has-theme-red-color has-text-color\">Umsatzsteuer-ID<\/h6>\n\n\n\n<p>Umsatzsteuer-Identifikationsnummer gem\u00e4\u00df \u00a727 a UStG:<br>DE294228701<\/p>\n\n\n\n<div style=\"height:10px\" aria-hidden=\"true\" class=\"wp-block-spacer\"><\/div>\n\n\n\n<h6 class=\"wp-block-heading has-theme-red-color has-text-color\">Aufsichtsbeh\u00f6rde<\/h6>\n\n\n\n<p>Regierung von Oberbayern<br>Maximilianstra\u00dfe 39<br>80538 M\u00fcnchen<\/p>\n\n\n\n<div style=\"height:10px\" aria-hidden=\"true\" class=\"wp-block-spacer\"><\/div>\n\n\n\n<h6 class=\"wp-block-heading has-theme-red-color has-text-color\">Verantwortlich f\u00fcr redaktionelle Inhalte gem. \u00a7 55 Abs. 2 Rundfunkstaatsvertrag<\/h6>\n\n\n\n<p>EVER Pharma GmbH<br>Oppelner Stra\u00dfe 5<br>82194 Gr\u00f6benzell<\/p>\n\n\n\n<div style=\"height:10px\" aria-hidden=\"true\" class=\"wp-block-spacer\"><\/div>\n\n\n\n<h6 class=\"wp-block-heading has-theme-red-color has-text-color\">Programmierung<\/h6>\n\n\n\n<p>WERBEZIRKUS Kreativkollektiv e.U.<br><a href=\"http:\/\/diejungenwilden.at\/\" target=\"_blank\" rel=\"noreferrer noopener\"><\/a><a href=\"https:\/\/www.werbezirkus.at\/?cli_action=1624510329.42\">werbezirkus.at<\/a><\/p>\n\n\n\n<div style=\"height:100px\" aria-hidden=\"true\" class=\"wp-block-spacer\"><\/div>\n","protected":false},"excerpt":{"rendered":"<p>Impressum EVER Pharma GmbH Oppelner Stra\u00dfe 582194 Gr\u00f6benzellTelefon: 08142 4222 50Telefax: 08142 4222 529E-Mail: info.de@everpharma.com Website:&nbsp;www.everpharma.com\/gerInternationale Website:&nbsp;www.everpharma.com Gesch\u00e4ftsf\u00fchrer: Mario Breidtscheidel, Georges Kahwati Registereintrag Eintragung im HandelsregisterRegistergericht: M\u00fcnchenRegisternummer: HRB215470 Umsatzsteuer-ID Umsatzsteuer-Identifikationsnummer gem\u00e4\u00df \u00a727 a UStG:DE294228701 Aufsichtsbeh\u00f6rde Regierung von OberbayernMaximilianstra\u00dfe 3980538 M\u00fcnchen Verantwortlich f\u00fcr redaktionelle Inhalte gem. \u00a7 55 Abs. 2 Rundfunkstaatsvertrag EVER Pharma GmbHOppelner Stra\u00dfe 582194 &hellip; <a href=\"https:\/\/www.everpharma.com\/ger\/impressum\/\">Continued<\/a><\/p>\n","protected":false},"author":2,"featured_media":0,"parent":0,"menu_order":1,"comment_status":"closed","ping_status":"closed","template":"","meta":{"_acf_changed":false,"footnotes":""},"class_list":["post-1573","page","type-page","status-publish","hentry"],"yoast_head":"<!-- This site is optimized with the Yoast SEO plugin v27.5 - https:\/\/yoast.com\/product\/yoast-seo-wordpress\/ -->\n<title>Impressum - EVER Pharma Germany<\/title>\n<meta name=\"robots\" content=\"index, follow, max-snippet:-1, max-image-preview:large, max-video-preview:-1\" \/>\n<link rel=\"canonical\" href=\"https:\/\/www.everpharma.com\/ger\/impressum\/\" \/>\n<meta property=\"og:locale\" content=\"de_DE\" \/>\n<meta property=\"og:type\" content=\"article\" \/>\n<meta property=\"og:title\" content=\"Impressum - EVER Pharma Germany\" \/>\n<meta property=\"og:description\" content=\"Impressum EVER Pharma GmbH Oppelner Stra\u00dfe 582194 Gr\u00f6benzellTelefon: 08142 4222 50Telefax: 08142 4222 529E-Mail: info.de@everpharma.com Website:&nbsp;www.everpharma.com\/gerInternationale Website:&nbsp;www.everpharma.com Gesch\u00e4ftsf\u00fchrer: Mario Breidtscheidel, Georges Kahwati Registereintrag Eintragung im HandelsregisterRegistergericht: M\u00fcnchenRegisternummer: HRB215470 Umsatzsteuer-ID Umsatzsteuer-Identifikationsnummer gem\u00e4\u00df \u00a727 a UStG:DE294228701 Aufsichtsbeh\u00f6rde Regierung von OberbayernMaximilianstra\u00dfe 3980538 M\u00fcnchen Verantwortlich f\u00fcr redaktionelle Inhalte gem. \u00a7 55 Abs. 2 Rundfunkstaatsvertrag EVER Pharma GmbHOppelner Stra\u00dfe 582194 &hellip; Continued\" \/>\n<meta property=\"og:url\" content=\"https:\/\/www.everpharma.com\/ger\/impressum\/\" \/>\n<meta property=\"og:site_name\" content=\"EVER Pharma Germany\" \/>\n<meta property=\"article:modified_time\" content=\"2025-10-16T06:44:18+00:00\" \/>\n<meta name=\"twitter:card\" content=\"summary_large_image\" \/>\n<script type=\"application\/ld+json\" class=\"yoast-schema-graph\">{\"@context\":\"https:\\\/\\\/schema.org\",\"@graph\":[{\"@type\":\"WebPage\",\"@id\":\"https:\\\/\\\/www.everpharma.com\\\/ger\\\/impressum\\\/\",\"url\":\"https:\\\/\\\/www.everpharma.com\\\/ger\\\/impressum\\\/\",\"name\":\"Impressum - EVER Pharma Germany\",\"isPartOf\":{\"@id\":\"https:\\\/\\\/www.everpharma.com\\\/ger\\\/#website\"},\"datePublished\":\"2022-03-20T16:54:28+00:00\",\"dateModified\":\"2025-10-16T06:44:18+00:00\",\"breadcrumb\":{\"@id\":\"https:\\\/\\\/www.everpharma.com\\\/ger\\\/impressum\\\/#breadcrumb\"},\"inLanguage\":\"de\",\"potentialAction\":[{\"@type\":\"ReadAction\",\"target\":[\"https:\\\/\\\/www.everpharma.com\\\/ger\\\/impressum\\\/\"]}]},{\"@type\":\"BreadcrumbList\",\"@id\":\"https:\\\/\\\/www.everpharma.com\\\/ger\\\/impressum\\\/#breadcrumb\",\"itemListElement\":[{\"@type\":\"ListItem\",\"position\":1,\"name\":\"Startseite\",\"item\":\"https:\\\/\\\/www.everpharma.com\\\/ger\\\/\"},{\"@type\":\"ListItem\",\"position\":2,\"name\":\"Impressum\"}]},{\"@type\":\"WebSite\",\"@id\":\"https:\\\/\\\/www.everpharma.com\\\/ger\\\/#website\",\"url\":\"https:\\\/\\\/www.everpharma.com\\\/ger\\\/\",\"name\":\"EVER Pharma Germany\",\"description\":\"Der Gesundheit verpflichtet.\",\"potentialAction\":[{\"@type\":\"SearchAction\",\"target\":{\"@type\":\"EntryPoint\",\"urlTemplate\":\"https:\\\/\\\/www.everpharma.com\\\/ger\\\/?s={search_term_string}\"},\"query-input\":{\"@type\":\"PropertyValueSpecification\",\"valueRequired\":true,\"valueName\":\"search_term_string\"}}],\"inLanguage\":\"de\"}]}<\/script>\n<!-- \/ Yoast SEO plugin. -->","yoast_head_json":{"title":"Impressum - EVER Pharma Germany","robots":{"index":"index","follow":"follow","max-snippet":"max-snippet:-1","max-image-preview":"max-image-preview:large","max-video-preview":"max-video-preview:-1"},"canonical":"https:\/\/www.everpharma.com\/ger\/impressum\/","og_locale":"de_DE","og_type":"article","og_title":"Impressum - EVER Pharma Germany","og_description":"Impressum EVER Pharma GmbH Oppelner Stra\u00dfe 582194 Gr\u00f6benzellTelefon: 08142 4222 50Telefax: 08142 4222 529E-Mail: info.de@everpharma.com Website:&nbsp;www.everpharma.com\/gerInternationale Website:&nbsp;www.everpharma.com Gesch\u00e4ftsf\u00fchrer: Mario Breidtscheidel, Georges Kahwati Registereintrag Eintragung im HandelsregisterRegistergericht: M\u00fcnchenRegisternummer: HRB215470 Umsatzsteuer-ID Umsatzsteuer-Identifikationsnummer gem\u00e4\u00df \u00a727 a UStG:DE294228701 Aufsichtsbeh\u00f6rde Regierung von OberbayernMaximilianstra\u00dfe 3980538 M\u00fcnchen Verantwortlich f\u00fcr redaktionelle Inhalte gem. \u00a7 55 Abs. 2 Rundfunkstaatsvertrag EVER Pharma GmbHOppelner Stra\u00dfe 582194 &hellip; Continued","og_url":"https:\/\/www.everpharma.com\/ger\/impressum\/","og_site_name":"EVER Pharma Germany","article_modified_time":"2025-10-16T06:44:18+00:00","twitter_card":"summary_large_image","schema":{"@context":"https:\/\/schema.org","@graph":[{"@type":"WebPage","@id":"https:\/\/www.everpharma.com\/ger\/impressum\/","url":"https:\/\/www.everpharma.com\/ger\/impressum\/","name":"Impressum - EVER Pharma Germany","isPartOf":{"@id":"https:\/\/www.everpharma.com\/ger\/#website"},"datePublished":"2022-03-20T16:54:28+00:00","dateModified":"2025-10-16T06:44:18+00:00","breadcrumb":{"@id":"https:\/\/www.everpharma.com\/ger\/impressum\/#breadcrumb"},"inLanguage":"de","potentialAction":[{"@type":"ReadAction","target":["https:\/\/www.everpharma.com\/ger\/impressum\/"]}]},{"@type":"BreadcrumbList","@id":"https:\/\/www.everpharma.com\/ger\/impressum\/#breadcrumb","itemListElement":[{"@type":"ListItem","position":1,"name":"Startseite","item":"https:\/\/www.everpharma.com\/ger\/"},{"@type":"ListItem","position":2,"name":"Impressum"}]},{"@type":"WebSite","@id":"https:\/\/www.everpharma.com\/ger\/#website","url":"https:\/\/www.everpharma.com\/ger\/","name":"EVER Pharma Germany","description":"Der Gesundheit verpflichtet.","potentialAction":[{"@type":"SearchAction","target":{"@type":"EntryPoint","urlTemplate":"https:\/\/www.everpharma.com\/ger\/?s={search_term_string}"},"query-input":{"@type":"PropertyValueSpecification","valueRequired":true,"valueName":"search_term_string"}}],"inLanguage":"de"}]}},"acf":[],"_links":{"self":[{"href":"https:\/\/www.everpharma.com\/ger\/wp-json\/wp\/v2\/pages\/1573","targetHints":{"allow":["GET"]}}],"collection":[{"href":"https:\/\/www.everpharma.com\/ger\/wp-json\/wp\/v2\/pages"}],"about":[{"href":"https:\/\/www.everpharma.com\/ger\/wp-json\/wp\/v2\/types\/page"}],"author":[{"embeddable":true,"href":"https:\/\/www.everpharma.com\/ger\/wp-json\/wp\/v2\/users\/2"}],"replies":[{"embeddable":true,"href":"https:\/\/www.everpharma.com\/ger\/wp-json\/wp\/v2\/comments?post=1573"}],"version-history":[{"count":11,"href":"https:\/\/www.everpharma.com\/ger\/wp-json\/wp\/v2\/pages\/1573\/revisions"}],"predecessor-version":[{"id":2647,"href":"https:\/\/www.everpharma.com\/ger\/wp-json\/wp\/v2\/pages\/1573\/revisions\/2647"}],"wp:attachment":[{"href":"https:\/\/www.everpharma.com\/ger\/wp-json\/wp\/v2\/media?parent=1573"}],"curies":[{"name":"wp","href":"https:\/\/api.w.org\/{rel}","templated":true}]}}