{"id":1041,"date":"2021-06-23T19:21:03","date_gmt":"2021-06-23T19:21:03","guid":{"rendered":"https:\/\/www.everpharma.com\/ger\/?page_id=1041"},"modified":"2024-08-26T14:10:49","modified_gmt":"2024-08-26T12:10:49","slug":"haftungsausschluss","status":"publish","type":"page","link":"https:\/\/www.everpharma.com\/ger\/haftungsausschluss\/","title":{"rendered":"Haftungsausschluss"},"content":{"rendered":"\n<h2 class=\"wp-block-heading is-style-section-title\">Haftungsausschluss<\/h2>\n\n\n\n<div style=\"height:50px\" aria-hidden=\"true\" class=\"wp-block-spacer\"><\/div>\n\n\n\n<p><strong>Copyright &amp; Haftungsausschluss<\/strong><\/p>\n\n\n\n<p><strong>1. Allgemeine Nutzungsbedingungen <\/strong><\/p>\n\n\n\n<p>Bitte \u00fcberpr\u00fcfen Sie die nachstehenden Nutzungsbedingungen sorgf\u00e4ltig (\u201cAllgemeine Gesch\u00e4ftsbedingungen), welche f\u00fcr jeden gelten, der diese EVER Pharma GmbH (\u201cEVER\u201d) Website besucht. Dadurch, dass Sie auf diese Website zugreifen und diese nutzen, erkl\u00e4ren Sie sich damit einverstanden, die nachstehenden Allgemeinen Gesch\u00e4ftsbedingungen einzuhalten und als rechtsverbindlich anzuerkennen, ebenso jegliche \u00c4nderungen, die w\u00e4hrend der Dauer Ihres Besuches G\u00fcltigkeit haben. Die EVER kann diese Allgemeinen Gesch\u00e4ftsbedingungen jederzeit ohne vorherige Ank\u00fcndigung ab\u00e4ndern, indem sie diese rechtlichen Hinweise aktualisiert und wir fordern Sie auf, die Allgemeinen Gesch\u00e4ftsbedingungen zu \u00fcberpr\u00fcfen, weil jegliche derartige Ab\u00e4nderungen f\u00fcr Sie bindend sind.<\/p>\n\n\n\n<p>Durch das Hochladen jedweden Inhalts auf diese Website, gew\u00e4hren Sie der EVER und ihren verbundenen Unternehmen das uneingeschr\u00e4nkte Recht, den Inhalt zu nutzen, \u2013 dabei unterliegt die EVER lediglich den Verpflichtungen, die sich aus ihren Datenschutzbestimmungen ergeben. Sofern nicht im Voraus ausdr\u00fccklich vereinbart, wird von keinem Nutzer dieser Website ein Vertrauensverh\u00e4ltnis dadurch begr\u00fcndet, dass er mit EVER kommuniziert (z.B. durch einen Kommentar, eine Anregung, einen Vorschlag, eine Idee, etc.)<\/p>\n\n\n\n<p><strong>2. Marken und Urheberrechte<\/strong><\/p>\n\n\n\n<p>Der Datenschutzbeauftragte des Verantwortlichen ist:<\/p>\n\n\n\n<p>Warenzeichen und Dienstleistungsmarken auf dieser EVER Website sind eingetragene und nicht eingetragene Marken von EVER, LLC und anderen. Die Inhalte dieser EVER Website (insbesondere die Gestaltung und das Layout der Websites; Namen und Logos; sowie Text, Illustrationen und Druckvorlagen) sind das urheberrechtlich gesch\u00fctzte und\/oder als Warenzeichen eingetragene Eigentum von EVER Pharma GmbH (oder des urspr\u00fcnglichen Erstellers des Materials) und sind nach geltendem Urheberrecht und Markenrecht gesch\u00fctzt. Keine Inhalte der Websites sollten dahingehend ausgelegt werden, dass sie eine Lizenz oder ein Recht gew\u00e4hren, solche Marken oder urheberrechtlich gesch\u00fctztes Material ohne die schriftliche Einwilligung von EVER oder einer anderen Partei zu nutzen, der solche Marke(n) oder solches durch Copyright gesch\u00fctztes Material geh\u00f6ren kann.<\/p>\n\n\n\n<p><strong>3. Produktliste<\/strong><\/p>\n\n\n\n<p>Die Produktliste auf der EVER Website wurde als Kurz\u00fcbersicht von generischen Arzneimitteln und deren entsprechenden Markennamen konzipiert. Einige Produkte sind m\u00f6glicherweise auf dem Markt nicht mehr erh\u00e4ltlich, weil sie aus dem Sortiment genommen wurden. Wegen zus\u00e4tzlicher Produkteinf\u00fchrungen oder Produkteinstellungen kann diese Produktliste nicht unser vollst\u00e4ndiges Produktportfolio abbilden. Die Produkte, die auf dieser Website abgebildet werden, sind lediglich als Referenzquelle gedacht und nicht zu Verschreibungs- und Abgabezwecken.<\/p>\n\n\n\n<p>Patienten sollten stets vollst\u00e4ndige medizinische Informationen zu ihren verschreibungspflichtigen Medikamenten erhalten (sinnvolle medizinische Anwendungsbereiche und m\u00f6gliche gesundheitssch\u00e4digende Wirkungen), entweder durch den Beipackzettel des Produktes und\/oder dadurch, dass sie die bestimmungsgem\u00e4\u00dfe Einnahme eines\/aller Arzneimittel direkt mit dem verschreibenden Arzt durchsprechen. Endverbraucher sollten keine der hierin enthaltenen Informationen als \u00e4rztliche Beratung ansehen. EVER und die ihr angegliederten Unternehmen sind nicht verantwortlich daf\u00fcr, dass sich jemand in irgendeiner Weise auf die hierin enthaltenen Informationen verl\u00e4sst oder diese nutzt.<\/p>\n\n\n\n<p><strong>4. Keine Beratung<\/strong><\/p>\n\n\n\n<p>Keinerlei Inhalte der EVER Website d\u00fcrfen als medizinische Beratung, Rechtsberatung, als Anlage-, Finanz- oder sonstige Beratung angesehen werden. Ohne jede Einschr\u00e4nkung gilt, dass keinerlei Inhalte dieser Website eine medizinische Beratung, einen Arztbesuch oder Empfehlungen von Gesundheitsdienstleistern ersetzen sollten. Patienten sollten zur medizinischen Beratung stets einen Arzt oder einen anderen Gesundheitsdienstleister konsultieren.<\/p>\n\n\n\n<p><strong>5. Haftungsausschluss<\/strong><\/p>\n\n\n\n<p>Obwohl EVER sich mit der angemessenen Sorgfalt darum bem\u00fcht, aktuelle und pr\u00e4zise Informationen auf ihrer Website zu ver\u00f6ffentlichen, lehnt sie es ausdr\u00fccklich ab, Zusicherungen zu machen oder Gew\u00e4hrleistungen irgendeiner Art zu \u00fcbernehmen, sei es ausdr\u00fccklich oder stillschweigend (insbesondere jedwede stillschweigenden Garantien der allgemeine Gebrauchstauglichkeit, der Eignung f\u00fcr einen bestimmten Zweck oder die Nichtverletzung von Rechten) in Bezug auf jedwede derartigen Informationen, deren Genauigkeit oder Vollst\u00e4ndigkeit oder die H\u00e4ufigkeit, mit der sie aktualisiert werden. Alles auf der EVER Website wird \u201cso wie es ist\u201d bereitgestellt. EVER \u00fcbernimmt keinerlei Haftung oder Verantwortung f\u00fcr Fehler oder Auslassungen in den Inhalten ihrer Webseiten.<\/p>\n\n\n\n<p>Insbesondere k\u00f6nnen EVER oder dritte Parteien, die an der Gestaltung, Umsetzung oder Zurverf\u00fcgungstellung dieser Seite beteiligt sind, nicht haftbar gemacht werden f\u00fcr irgendeinen mittelbaren oder unmittelbaren, zuf\u00e4llligen oder urs\u00e4chlichen Schaden, der durch den Zugang zur Internetseite, ihre Nutzung, der Unm\u00f6glichkeit ihrer Nutzung oder durch irgendwelche Fehler oder Auslassungen im Seiteninhalt entstanden ist. Einige Rechtsordnungen erlauben den Ausschluss gesetzlicher Gew\u00e4hrleistung nicht, deshalb gelten die genannten Ausschl\u00fcsse m\u00f6glicherweise nicht \u00fcberall. Au\u00dferdem \u00fcbernimmt EVER keine Verantwortung und kann nicht haftbar gemacht werden f\u00fcr irgendwelche Sch\u00e4den (inkl. Viren) der Computerausr\u00fcstung oder anderen Eigentums, die mit dem Zugang oder dem Gebrauch der Seite zusammenh\u00e4ngen oder weil irgendwelches Material, Daten, Texte, Bilder, Videos, oder Musik von der Seite heruntergeladen wurde. EVER beh\u00e4lt sich das Recht vor, den Betrieb oder die Funktionalit\u00e4t der Seite teilweise oder vollst\u00e4ndig zu unterbrechen oder zu beenden, ohne dies vorher bekannt zu geben und ohne daf\u00fcr Haftung zu \u00fcbernehmen.<\/p>\n\n\n\n<p><strong>6. <strong>Anwendbares Recht<\/strong><\/strong><\/p>\n\n\n\n<p>Jegliche in Verbindung mit der Website oder deren Benutzung auftretenden Rechtsanspr\u00fcche oder Prozesse unterliegen der Auslegung der Gesetze der Bundesrepublik Deutschland, mit Ausnahme der Regelung des Internationalen Privatrechts. Die Website wird von der EVER Pharma GmbH betrieben, jegliche Rechte an der Website stehen der EVER Pharma GmbH zu.<\/p>\n\n\n\n<div style=\"height:100px\" aria-hidden=\"true\" class=\"wp-block-spacer\"><\/div>\n","protected":false},"excerpt":{"rendered":"<p>Haftungsausschluss Copyright &amp; Haftungsausschluss 1. Allgemeine Nutzungsbedingungen Bitte \u00fcberpr\u00fcfen Sie die nachstehenden Nutzungsbedingungen sorgf\u00e4ltig (\u201cAllgemeine Gesch\u00e4ftsbedingungen), welche f\u00fcr jeden gelten, der diese EVER Pharma GmbH (\u201cEVER\u201d) Website besucht. Dadurch, dass Sie auf diese Website zugreifen und diese nutzen, erkl\u00e4ren Sie sich damit einverstanden, die nachstehenden Allgemeinen Gesch\u00e4ftsbedingungen einzuhalten und als rechtsverbindlich anzuerkennen, ebenso jegliche \u00c4nderungen, &hellip; <a href=\"https:\/\/www.everpharma.com\/ger\/haftungsausschluss\/\">Continued<\/a><\/p>\n","protected":false},"author":2,"featured_media":0,"parent":0,"menu_order":17,"comment_status":"closed","ping_status":"closed","template":"","meta":{"_acf_changed":false,"footnotes":""},"class_list":["post-1041","page","type-page","status-publish","hentry"],"yoast_head":"<!-- This site is optimized with the Yoast SEO plugin v27.5 - https:\/\/yoast.com\/product\/yoast-seo-wordpress\/ -->\n<title>Haftungsausschluss - EVER Pharma Germany<\/title>\n<meta name=\"robots\" content=\"index, follow, max-snippet:-1, max-image-preview:large, max-video-preview:-1\" \/>\n<link rel=\"canonical\" href=\"https:\/\/www.everpharma.com\/ger\/haftungsausschluss\/\" \/>\n<meta property=\"og:locale\" content=\"de_DE\" \/>\n<meta property=\"og:type\" content=\"article\" \/>\n<meta property=\"og:title\" content=\"Haftungsausschluss - EVER Pharma Germany\" \/>\n<meta property=\"og:description\" content=\"Haftungsausschluss Copyright &amp; Haftungsausschluss 1. Allgemeine Nutzungsbedingungen Bitte \u00fcberpr\u00fcfen Sie die nachstehenden Nutzungsbedingungen sorgf\u00e4ltig (\u201cAllgemeine Gesch\u00e4ftsbedingungen), welche f\u00fcr jeden gelten, der diese EVER Pharma GmbH (\u201cEVER\u201d) Website besucht. Dadurch, dass Sie auf diese Website zugreifen und diese nutzen, erkl\u00e4ren Sie sich damit einverstanden, die nachstehenden Allgemeinen Gesch\u00e4ftsbedingungen einzuhalten und als rechtsverbindlich anzuerkennen, ebenso jegliche \u00c4nderungen, &hellip; Continued\" \/>\n<meta property=\"og:url\" content=\"https:\/\/www.everpharma.com\/ger\/haftungsausschluss\/\" \/>\n<meta property=\"og:site_name\" content=\"EVER Pharma Germany\" \/>\n<meta property=\"article:modified_time\" content=\"2024-08-26T12:10:49+00:00\" \/>\n<meta name=\"twitter:card\" content=\"summary_large_image\" \/>\n<meta name=\"twitter:label1\" content=\"Gesch\u00e4tzte Lesezeit\" \/>\n\t<meta name=\"twitter:data1\" content=\"4\u00a0Minuten\" \/>\n<script type=\"application\/ld+json\" class=\"yoast-schema-graph\">{\"@context\":\"https:\\\/\\\/schema.org\",\"@graph\":[{\"@type\":\"WebPage\",\"@id\":\"https:\\\/\\\/www.everpharma.com\\\/ger\\\/haftungsausschluss\\\/\",\"url\":\"https:\\\/\\\/www.everpharma.com\\\/ger\\\/haftungsausschluss\\\/\",\"name\":\"Haftungsausschluss - EVER Pharma Germany\",\"isPartOf\":{\"@id\":\"https:\\\/\\\/www.everpharma.com\\\/ger\\\/#website\"},\"datePublished\":\"2021-06-23T19:21:03+00:00\",\"dateModified\":\"2024-08-26T12:10:49+00:00\",\"breadcrumb\":{\"@id\":\"https:\\\/\\\/www.everpharma.com\\\/ger\\\/haftungsausschluss\\\/#breadcrumb\"},\"inLanguage\":\"de\",\"potentialAction\":[{\"@type\":\"ReadAction\",\"target\":[\"https:\\\/\\\/www.everpharma.com\\\/ger\\\/haftungsausschluss\\\/\"]}]},{\"@type\":\"BreadcrumbList\",\"@id\":\"https:\\\/\\\/www.everpharma.com\\\/ger\\\/haftungsausschluss\\\/#breadcrumb\",\"itemListElement\":[{\"@type\":\"ListItem\",\"position\":1,\"name\":\"Startseite\",\"item\":\"https:\\\/\\\/www.everpharma.com\\\/ger\\\/\"},{\"@type\":\"ListItem\",\"position\":2,\"name\":\"Haftungsausschluss\"}]},{\"@type\":\"WebSite\",\"@id\":\"https:\\\/\\\/www.everpharma.com\\\/ger\\\/#website\",\"url\":\"https:\\\/\\\/www.everpharma.com\\\/ger\\\/\",\"name\":\"EVER Pharma Germany\",\"description\":\"Der Gesundheit verpflichtet.\",\"potentialAction\":[{\"@type\":\"SearchAction\",\"target\":{\"@type\":\"EntryPoint\",\"urlTemplate\":\"https:\\\/\\\/www.everpharma.com\\\/ger\\\/?s={search_term_string}\"},\"query-input\":{\"@type\":\"PropertyValueSpecification\",\"valueRequired\":true,\"valueName\":\"search_term_string\"}}],\"inLanguage\":\"de\"}]}<\/script>\n<!-- \/ Yoast SEO plugin. -->","yoast_head_json":{"title":"Haftungsausschluss - EVER Pharma Germany","robots":{"index":"index","follow":"follow","max-snippet":"max-snippet:-1","max-image-preview":"max-image-preview:large","max-video-preview":"max-video-preview:-1"},"canonical":"https:\/\/www.everpharma.com\/ger\/haftungsausschluss\/","og_locale":"de_DE","og_type":"article","og_title":"Haftungsausschluss - EVER Pharma Germany","og_description":"Haftungsausschluss Copyright &amp; Haftungsausschluss 1. Allgemeine Nutzungsbedingungen Bitte \u00fcberpr\u00fcfen Sie die nachstehenden Nutzungsbedingungen sorgf\u00e4ltig (\u201cAllgemeine Gesch\u00e4ftsbedingungen), welche f\u00fcr jeden gelten, der diese EVER Pharma GmbH (\u201cEVER\u201d) Website besucht. Dadurch, dass Sie auf diese Website zugreifen und diese nutzen, erkl\u00e4ren Sie sich damit einverstanden, die nachstehenden Allgemeinen Gesch\u00e4ftsbedingungen einzuhalten und als rechtsverbindlich anzuerkennen, ebenso jegliche \u00c4nderungen, &hellip; Continued","og_url":"https:\/\/www.everpharma.com\/ger\/haftungsausschluss\/","og_site_name":"EVER Pharma Germany","article_modified_time":"2024-08-26T12:10:49+00:00","twitter_card":"summary_large_image","twitter_misc":{"Gesch\u00e4tzte Lesezeit":"4\u00a0Minuten"},"schema":{"@context":"https:\/\/schema.org","@graph":[{"@type":"WebPage","@id":"https:\/\/www.everpharma.com\/ger\/haftungsausschluss\/","url":"https:\/\/www.everpharma.com\/ger\/haftungsausschluss\/","name":"Haftungsausschluss - EVER Pharma Germany","isPartOf":{"@id":"https:\/\/www.everpharma.com\/ger\/#website"},"datePublished":"2021-06-23T19:21:03+00:00","dateModified":"2024-08-26T12:10:49+00:00","breadcrumb":{"@id":"https:\/\/www.everpharma.com\/ger\/haftungsausschluss\/#breadcrumb"},"inLanguage":"de","potentialAction":[{"@type":"ReadAction","target":["https:\/\/www.everpharma.com\/ger\/haftungsausschluss\/"]}]},{"@type":"BreadcrumbList","@id":"https:\/\/www.everpharma.com\/ger\/haftungsausschluss\/#breadcrumb","itemListElement":[{"@type":"ListItem","position":1,"name":"Startseite","item":"https:\/\/www.everpharma.com\/ger\/"},{"@type":"ListItem","position":2,"name":"Haftungsausschluss"}]},{"@type":"WebSite","@id":"https:\/\/www.everpharma.com\/ger\/#website","url":"https:\/\/www.everpharma.com\/ger\/","name":"EVER Pharma Germany","description":"Der Gesundheit verpflichtet.","potentialAction":[{"@type":"SearchAction","target":{"@type":"EntryPoint","urlTemplate":"https:\/\/www.everpharma.com\/ger\/?s={search_term_string}"},"query-input":{"@type":"PropertyValueSpecification","valueRequired":true,"valueName":"search_term_string"}}],"inLanguage":"de"}]}},"acf":[],"_links":{"self":[{"href":"https:\/\/www.everpharma.com\/ger\/wp-json\/wp\/v2\/pages\/1041","targetHints":{"allow":["GET"]}}],"collection":[{"href":"https:\/\/www.everpharma.com\/ger\/wp-json\/wp\/v2\/pages"}],"about":[{"href":"https:\/\/www.everpharma.com\/ger\/wp-json\/wp\/v2\/types\/page"}],"author":[{"embeddable":true,"href":"https:\/\/www.everpharma.com\/ger\/wp-json\/wp\/v2\/users\/2"}],"replies":[{"embeddable":true,"href":"https:\/\/www.everpharma.com\/ger\/wp-json\/wp\/v2\/comments?post=1041"}],"version-history":[{"count":8,"href":"https:\/\/www.everpharma.com\/ger\/wp-json\/wp\/v2\/pages\/1041\/revisions"}],"predecessor-version":[{"id":2449,"href":"https:\/\/www.everpharma.com\/ger\/wp-json\/wp\/v2\/pages\/1041\/revisions\/2449"}],"wp:attachment":[{"href":"https:\/\/www.everpharma.com\/ger\/wp-json\/wp\/v2\/media?parent=1041"}],"curies":[{"name":"wp","href":"https:\/\/api.w.org\/{rel}","templated":true}]}}