{"id":819,"date":"2023-05-12T15:31:01","date_gmt":"2023-05-12T13:31:01","guid":{"rendered":"https:\/\/www.everpharma.com\/fra\/?post_type=product&#038;p=819"},"modified":"2024-04-08T13:59:25","modified_gmt":"2024-04-08T11:59:25","slug":"atosiban-ever-pharma-2","status":"publish","type":"product","link":"https:\/\/www.everpharma.com\/fra\/produits\/atosiban-ever-pharma-2\/","title":{"rendered":"Atosiban EVER Pharma"},"content":{"rendered":"\n<div class=\"wp-block-group meta\"><div class=\"wp-block-group__inner-container is-layout-flow wp-block-group-is-layout-flow\">\n<p class=\"has-theme-red-light-color has-text-color\"><em>Aire th\u00e9rapeutique : gyn\u00e9cologie-obst\u00e9trique<\/em><\/p>\n\n\n\n<div style=\"height:15px\" aria-hidden=\"true\" class=\"wp-block-spacer\"><\/div>\n\n\n\n<hr class=\"wp-block-separator has-css-opacity is-style-wide\" \/>\n\n\n\n<figure class=\"wp-block-table is-style-stripes has-base-font-size\"><table class=\"has-theme-gray-dark-color has-text-color\"><tbody><tr><td><strong>DCI<\/strong><\/td><td>Ac\u00e9tate d&rsquo;atosiban<\/td><\/tr><tr><td><strong>Dosages<\/strong><\/td><td>6,75 mg\/0,9 ml, solution injectable<br>37,5 mg\/5 ml, solution \u00e0 diluer pour perfusion<br>75 mg\/10 ml, solution \u00e0 diluer pour perfusion<\/td><\/tr><tr><td><strong>Pr\u00e9sentations<\/strong><\/td><td>Bo\u00eete de 1 flacon de 0,9 ml <br>Bo\u00eete de 1 flacon de 5 ml <br>Bo\u00eete de 1 flacon de 10 ml<\/td><\/tr><\/tbody><\/table><\/figure>\n\n\n\n<div class=\"wp-block-buttons is-content-justification-center is-layout-flex wp-container-core-buttons-is-layout-16018d1d wp-block-buttons-is-layout-flex\">\n<div class=\"wp-block-button\"><a class=\"wp-block-button__link wp-element-button\" href=\"https:\/\/base-donnees-publique.medicaments.gouv.fr\/index.php?page=1&amp;choixRecherche=medicament&amp;txtCaracteres=Atosiban%20Ever\" target=\"_blank\" rel=\"noreferrer noopener\">RCP<\/a><\/div>\n<\/div>\n<\/div><\/div>\n\n\n\n<div style=\"height:100px\" aria-hidden=\"true\" class=\"wp-block-spacer\"><\/div>\n","protected":false},"excerpt":{"rendered":"<p>Aire th\u00e9rapeutique : gyn\u00e9cologie-obst\u00e9trique DCI Ac\u00e9tate d&rsquo;atosiban Dosages 6,75 mg\/0,9 ml, solution injectable37,5 mg\/5 ml, solution \u00e0 diluer pour perfusion75 mg\/10 ml, solution \u00e0 diluer pour perfusion Pr\u00e9sentations Bo\u00eete de 1 flacon de 0,9 ml Bo\u00eete de 1 flacon de 5 ml Bo\u00eete de 1 flacon de 10 ml<\/p>\n","protected":false},"featured_media":0,"template":"","class_list":["post-819","product","type-product","status-publish","hentry"],"yoast_head":"<!-- This site is optimized with the Yoast SEO plugin v27.5 - https:\/\/yoast.com\/product\/yoast-seo-wordpress\/ -->\n<title>Atosiban EVER Pharma - EVER Pharma France<\/title>\n<meta name=\"robots\" content=\"index, follow, max-snippet:-1, max-image-preview:large, max-video-preview:-1\" \/>\n<link rel=\"canonical\" href=\"https:\/\/www.everpharma.com\/fra\/produits\/atosiban-ever-pharma-2\/\" \/>\n<meta property=\"og:locale\" content=\"fr_FR\" \/>\n<meta property=\"og:type\" content=\"article\" \/>\n<meta property=\"og:title\" content=\"Atosiban EVER Pharma - EVER Pharma France\" \/>\n<meta property=\"og:description\" content=\"Aire th\u00e9rapeutique : gyn\u00e9cologie-obst\u00e9trique DCI Ac\u00e9tate d&rsquo;atosiban Dosages 6,75 mg\/0,9 ml, solution injectable37,5 mg\/5 ml, solution \u00e0 diluer pour perfusion75 mg\/10 ml, solution \u00e0 diluer pour perfusion Pr\u00e9sentations Bo\u00eete de 1 flacon de 0,9 ml Bo\u00eete de 1 flacon de 5 ml Bo\u00eete de 1 flacon de 10 ml\" \/>\n<meta property=\"og:url\" content=\"https:\/\/www.everpharma.com\/fra\/produits\/atosiban-ever-pharma-2\/\" \/>\n<meta property=\"og:site_name\" content=\"EVER Pharma France\" \/>\n<meta property=\"article:modified_time\" content=\"2024-04-08T11:59:25+00:00\" \/>\n<meta name=\"twitter:card\" content=\"summary_large_image\" \/>\n<script type=\"application\/ld+json\" class=\"yoast-schema-graph\">{\"@context\":\"https:\\\/\\\/schema.org\",\"@graph\":[{\"@type\":\"WebPage\",\"@id\":\"https:\\\/\\\/www.everpharma.com\\\/fra\\\/produits\\\/atosiban-ever-pharma-2\\\/\",\"url\":\"https:\\\/\\\/www.everpharma.com\\\/fra\\\/produits\\\/atosiban-ever-pharma-2\\\/\",\"name\":\"Atosiban EVER Pharma - EVER Pharma France\",\"isPartOf\":{\"@id\":\"https:\\\/\\\/www.everpharma.com\\\/fra\\\/en\\\/#website\"},\"datePublished\":\"2023-05-12T13:31:01+00:00\",\"dateModified\":\"2024-04-08T11:59:25+00:00\",\"breadcrumb\":{\"@id\":\"https:\\\/\\\/www.everpharma.com\\\/fra\\\/produits\\\/atosiban-ever-pharma-2\\\/#breadcrumb\"},\"inLanguage\":\"fr-FR\",\"potentialAction\":[{\"@type\":\"ReadAction\",\"target\":[\"https:\\\/\\\/www.everpharma.com\\\/fra\\\/produits\\\/atosiban-ever-pharma-2\\\/\"]}]},{\"@type\":\"BreadcrumbList\",\"@id\":\"https:\\\/\\\/www.everpharma.com\\\/fra\\\/produits\\\/atosiban-ever-pharma-2\\\/#breadcrumb\",\"itemListElement\":[{\"@type\":\"ListItem\",\"position\":1,\"name\":\"Startseite\",\"item\":\"https:\\\/\\\/www.everpharma.com\\\/fra\\\/\"},{\"@type\":\"ListItem\",\"position\":2,\"name\":\"Produits\",\"item\":\"https:\\\/\\\/www.everpharma.com\\\/fra\\\/produits\\\/\"},{\"@type\":\"ListItem\",\"position\":3,\"name\":\"Atosiban EVER Pharma\"}]},{\"@type\":\"WebSite\",\"@id\":\"https:\\\/\\\/www.everpharma.com\\\/fra\\\/en\\\/#website\",\"url\":\"https:\\\/\\\/www.everpharma.com\\\/fra\\\/en\\\/\",\"name\":\"EVER Pharma France\",\"description\":\"Eine weitere EVER Pharma Network Website\",\"potentialAction\":[{\"@type\":\"SearchAction\",\"target\":{\"@type\":\"EntryPoint\",\"urlTemplate\":\"https:\\\/\\\/www.everpharma.com\\\/fra\\\/en\\\/?s={search_term_string}\"},\"query-input\":{\"@type\":\"PropertyValueSpecification\",\"valueRequired\":true,\"valueName\":\"search_term_string\"}}],\"inLanguage\":\"fr-FR\"}]}<\/script>\n<!-- \/ Yoast SEO plugin. -->","yoast_head_json":{"title":"Atosiban EVER Pharma - EVER Pharma France","robots":{"index":"index","follow":"follow","max-snippet":"max-snippet:-1","max-image-preview":"max-image-preview:large","max-video-preview":"max-video-preview:-1"},"canonical":"https:\/\/www.everpharma.com\/fra\/produits\/atosiban-ever-pharma-2\/","og_locale":"fr_FR","og_type":"article","og_title":"Atosiban EVER Pharma - EVER Pharma France","og_description":"Aire th\u00e9rapeutique : gyn\u00e9cologie-obst\u00e9trique DCI Ac\u00e9tate d&rsquo;atosiban Dosages 6,75 mg\/0,9 ml, solution injectable37,5 mg\/5 ml, solution \u00e0 diluer pour perfusion75 mg\/10 ml, solution \u00e0 diluer pour perfusion Pr\u00e9sentations Bo\u00eete de 1 flacon de 0,9 ml Bo\u00eete de 1 flacon de 5 ml Bo\u00eete de 1 flacon de 10 ml","og_url":"https:\/\/www.everpharma.com\/fra\/produits\/atosiban-ever-pharma-2\/","og_site_name":"EVER Pharma France","article_modified_time":"2024-04-08T11:59:25+00:00","twitter_card":"summary_large_image","schema":{"@context":"https:\/\/schema.org","@graph":[{"@type":"WebPage","@id":"https:\/\/www.everpharma.com\/fra\/produits\/atosiban-ever-pharma-2\/","url":"https:\/\/www.everpharma.com\/fra\/produits\/atosiban-ever-pharma-2\/","name":"Atosiban EVER Pharma - EVER Pharma France","isPartOf":{"@id":"https:\/\/www.everpharma.com\/fra\/en\/#website"},"datePublished":"2023-05-12T13:31:01+00:00","dateModified":"2024-04-08T11:59:25+00:00","breadcrumb":{"@id":"https:\/\/www.everpharma.com\/fra\/produits\/atosiban-ever-pharma-2\/#breadcrumb"},"inLanguage":"fr-FR","potentialAction":[{"@type":"ReadAction","target":["https:\/\/www.everpharma.com\/fra\/produits\/atosiban-ever-pharma-2\/"]}]},{"@type":"BreadcrumbList","@id":"https:\/\/www.everpharma.com\/fra\/produits\/atosiban-ever-pharma-2\/#breadcrumb","itemListElement":[{"@type":"ListItem","position":1,"name":"Startseite","item":"https:\/\/www.everpharma.com\/fra\/"},{"@type":"ListItem","position":2,"name":"Produits","item":"https:\/\/www.everpharma.com\/fra\/produits\/"},{"@type":"ListItem","position":3,"name":"Atosiban EVER Pharma"}]},{"@type":"WebSite","@id":"https:\/\/www.everpharma.com\/fra\/en\/#website","url":"https:\/\/www.everpharma.com\/fra\/en\/","name":"EVER Pharma France","description":"Eine weitere EVER Pharma Network Website","potentialAction":[{"@type":"SearchAction","target":{"@type":"EntryPoint","urlTemplate":"https:\/\/www.everpharma.com\/fra\/en\/?s={search_term_string}"},"query-input":{"@type":"PropertyValueSpecification","valueRequired":true,"valueName":"search_term_string"}}],"inLanguage":"fr-FR"}]}},"acf":[],"_links":{"self":[{"href":"https:\/\/www.everpharma.com\/fra\/wp-json\/wp\/v2\/product\/819","targetHints":{"allow":["GET"]}}],"collection":[{"href":"https:\/\/www.everpharma.com\/fra\/wp-json\/wp\/v2\/product"}],"about":[{"href":"https:\/\/www.everpharma.com\/fra\/wp-json\/wp\/v2\/types\/product"}],"wp:attachment":[{"href":"https:\/\/www.everpharma.com\/fra\/wp-json\/wp\/v2\/media?parent=819"}],"curies":[{"name":"wp","href":"https:\/\/api.w.org\/{rel}","templated":true}]}}