{"id":71,"date":"2021-03-30T14:02:53","date_gmt":"2021-03-30T14:02:53","guid":{"rendered":"https:\/\/www.everpharma.com\/fra\/?p=71"},"modified":"2025-02-03T16:56:18","modified_gmt":"2025-02-03T15:56:18","slug":"cabazitaxel-ever-pharma","status":"publish","type":"product","link":"https:\/\/www.everpharma.com\/fra\/produits\/cabazitaxel-ever-pharma\/","title":{"rendered":"Cabazitaxel EVER Pharma 10 mg\/ml, solution \u00e0 diluer pour perfusion\u00a0"},"content":{"rendered":"\n<div class=\"wp-block-group meta\"><div class=\"wp-block-group__inner-container is-layout-flow wp-block-group-is-layout-flow\">\n<p class=\"has-theme-red-light-color has-text-color\"><em>Aire th\u00e9rapeutique : oncologie<\/em><\/p>\n\n\n\n<hr class=\"wp-block-separator has-css-opacity is-style-wide\" \/>\n\n\n\n<figure class=\"wp-block-table is-style-stripes has-base-font-size\"><table class=\"has-theme-gray-dark-color has-text-color\"><tbody><tr><td><strong>DCI<\/strong><\/td><td>Cabazitaxel monohydrat\u00e9 ou anhydre<\/td><\/tr><tr><td><strong>Dosages<\/strong><\/td><td>45 mg\/4,5 ml<br>50 mg\/5 ml<br>60 mg\/6 ml<\/td><\/tr><tr><td><strong>Pr\u00e9sentations<\/strong><\/td><td>Bo\u00eete de 1 flacon de 4,5 ml <br>Bo\u00eete de 1 flacon de 5 ml <br>Bo\u00eete de 1 flacon de 6 ml <\/td><\/tr><\/tbody><\/table><\/figure>\n\n\n\n<div class=\"wp-block-buttons is-content-justification-center is-layout-flex wp-container-core-buttons-is-layout-16018d1d wp-block-buttons-is-layout-flex\">\n<div class=\"wp-block-button\"><a class=\"wp-block-button__link wp-element-button\" href=\"https:\/\/base-donnees-publique.medicaments.gouv.fr\/index.php?page=1&amp;choixRecherche=medicament&amp;txtCaracteres=Cabazitaxel%20Ever\" target=\"_blank\" rel=\"noreferrer noopener\">RCP<\/a><\/div>\n\n\n\n<div class=\"wp-block-button\"><a class=\"wp-block-button__link wp-element-button\" href=\"https:\/\/www.has-sante.fr\/jcms\/p_3203283\/fr\/cabazitaxel-ever-pharma-cabazitaxel\" target=\"_blank\" rel=\"noreferrer noopener\">Avis de la Commission de la Transparence<\/a><\/div>\n<\/div>\n<\/div><\/div>\n\n\n\n<div style=\"height:100px\" aria-hidden=\"true\" class=\"wp-block-spacer\"><\/div>\n","protected":false},"excerpt":{"rendered":"<p>Aire th\u00e9rapeutique : oncologie DCI Cabazitaxel monohydrat\u00e9 ou anhydre Dosages 45 mg\/4,5 ml50 mg\/5 ml60 mg\/6 ml Pr\u00e9sentations Bo\u00eete de 1 flacon de 4,5 ml Bo\u00eete de 1 flacon de 5 ml Bo\u00eete de 1 flacon de 6 ml<\/p>\n","protected":false},"featured_media":0,"template":"","class_list":["post-71","product","type-product","status-publish","hentry"],"yoast_head":"<!-- This site is optimized with the Yoast SEO plugin v27.5 - https:\/\/yoast.com\/product\/yoast-seo-wordpress\/ -->\n<title>Cabazitaxel EVER Pharma 10 mg\/ml, solution \u00e0 diluer pour perfusion\u00a0 - EVER Pharma France<\/title>\n<meta name=\"robots\" content=\"index, follow, max-snippet:-1, max-image-preview:large, max-video-preview:-1\" \/>\n<link rel=\"canonical\" href=\"https:\/\/www.everpharma.com\/fra\/produits\/cabazitaxel-ever-pharma\/\" \/>\n<meta property=\"og:locale\" content=\"fr_FR\" \/>\n<meta property=\"og:type\" content=\"article\" \/>\n<meta property=\"og:title\" content=\"Cabazitaxel EVER Pharma 10 mg\/ml, solution \u00e0 diluer pour perfusion\u00a0 - EVER Pharma France\" \/>\n<meta property=\"og:description\" content=\"Aire th\u00e9rapeutique : oncologie DCI Cabazitaxel monohydrat\u00e9 ou anhydre Dosages 45 mg\/4,5 ml50 mg\/5 ml60 mg\/6 ml Pr\u00e9sentations Bo\u00eete de 1 flacon de 4,5 ml Bo\u00eete de 1 flacon de 5 ml Bo\u00eete de 1 flacon de 6 ml\" \/>\n<meta property=\"og:url\" content=\"https:\/\/www.everpharma.com\/fra\/produits\/cabazitaxel-ever-pharma\/\" \/>\n<meta property=\"og:site_name\" content=\"EVER Pharma France\" \/>\n<meta property=\"article:modified_time\" content=\"2025-02-03T15:56:18+00:00\" \/>\n<meta name=\"twitter:card\" content=\"summary_large_image\" \/>\n<script type=\"application\/ld+json\" class=\"yoast-schema-graph\">{\"@context\":\"https:\\\/\\\/schema.org\",\"@graph\":[{\"@type\":\"WebPage\",\"@id\":\"https:\\\/\\\/www.everpharma.com\\\/fra\\\/produits\\\/cabazitaxel-ever-pharma\\\/\",\"url\":\"https:\\\/\\\/www.everpharma.com\\\/fra\\\/produits\\\/cabazitaxel-ever-pharma\\\/\",\"name\":\"Cabazitaxel EVER Pharma 10 mg\\\/ml, solution \u00e0 diluer pour perfusion\u00a0 - EVER Pharma France\",\"isPartOf\":{\"@id\":\"https:\\\/\\\/www.everpharma.com\\\/fra\\\/en\\\/#website\"},\"datePublished\":\"2021-03-30T14:02:53+00:00\",\"dateModified\":\"2025-02-03T15:56:18+00:00\",\"breadcrumb\":{\"@id\":\"https:\\\/\\\/www.everpharma.com\\\/fra\\\/produits\\\/cabazitaxel-ever-pharma\\\/#breadcrumb\"},\"inLanguage\":\"fr-FR\",\"potentialAction\":[{\"@type\":\"ReadAction\",\"target\":[\"https:\\\/\\\/www.everpharma.com\\\/fra\\\/produits\\\/cabazitaxel-ever-pharma\\\/\"]}]},{\"@type\":\"BreadcrumbList\",\"@id\":\"https:\\\/\\\/www.everpharma.com\\\/fra\\\/produits\\\/cabazitaxel-ever-pharma\\\/#breadcrumb\",\"itemListElement\":[{\"@type\":\"ListItem\",\"position\":1,\"name\":\"Startseite\",\"item\":\"https:\\\/\\\/www.everpharma.com\\\/fra\\\/\"},{\"@type\":\"ListItem\",\"position\":2,\"name\":\"Produits\",\"item\":\"https:\\\/\\\/www.everpharma.com\\\/fra\\\/produits\\\/\"},{\"@type\":\"ListItem\",\"position\":3,\"name\":\"Cabazitaxel EVER Pharma 10 mg\\\/ml, solution \u00e0 diluer pour perfusion\u00a0\"}]},{\"@type\":\"WebSite\",\"@id\":\"https:\\\/\\\/www.everpharma.com\\\/fra\\\/en\\\/#website\",\"url\":\"https:\\\/\\\/www.everpharma.com\\\/fra\\\/en\\\/\",\"name\":\"EVER Pharma France\",\"description\":\"Eine weitere EVER Pharma Network Website\",\"potentialAction\":[{\"@type\":\"SearchAction\",\"target\":{\"@type\":\"EntryPoint\",\"urlTemplate\":\"https:\\\/\\\/www.everpharma.com\\\/fra\\\/en\\\/?s={search_term_string}\"},\"query-input\":{\"@type\":\"PropertyValueSpecification\",\"valueRequired\":true,\"valueName\":\"search_term_string\"}}],\"inLanguage\":\"fr-FR\"}]}<\/script>\n<!-- \/ Yoast SEO plugin. -->","yoast_head_json":{"title":"Cabazitaxel EVER Pharma 10 mg\/ml, solution \u00e0 diluer pour perfusion\u00a0 - EVER Pharma France","robots":{"index":"index","follow":"follow","max-snippet":"max-snippet:-1","max-image-preview":"max-image-preview:large","max-video-preview":"max-video-preview:-1"},"canonical":"https:\/\/www.everpharma.com\/fra\/produits\/cabazitaxel-ever-pharma\/","og_locale":"fr_FR","og_type":"article","og_title":"Cabazitaxel EVER Pharma 10 mg\/ml, solution \u00e0 diluer pour perfusion\u00a0 - EVER Pharma France","og_description":"Aire th\u00e9rapeutique : oncologie DCI Cabazitaxel monohydrat\u00e9 ou anhydre Dosages 45 mg\/4,5 ml50 mg\/5 ml60 mg\/6 ml Pr\u00e9sentations Bo\u00eete de 1 flacon de 4,5 ml Bo\u00eete de 1 flacon de 5 ml Bo\u00eete de 1 flacon de 6 ml","og_url":"https:\/\/www.everpharma.com\/fra\/produits\/cabazitaxel-ever-pharma\/","og_site_name":"EVER Pharma France","article_modified_time":"2025-02-03T15:56:18+00:00","twitter_card":"summary_large_image","schema":{"@context":"https:\/\/schema.org","@graph":[{"@type":"WebPage","@id":"https:\/\/www.everpharma.com\/fra\/produits\/cabazitaxel-ever-pharma\/","url":"https:\/\/www.everpharma.com\/fra\/produits\/cabazitaxel-ever-pharma\/","name":"Cabazitaxel EVER Pharma 10 mg\/ml, solution \u00e0 diluer pour perfusion\u00a0 - EVER Pharma France","isPartOf":{"@id":"https:\/\/www.everpharma.com\/fra\/en\/#website"},"datePublished":"2021-03-30T14:02:53+00:00","dateModified":"2025-02-03T15:56:18+00:00","breadcrumb":{"@id":"https:\/\/www.everpharma.com\/fra\/produits\/cabazitaxel-ever-pharma\/#breadcrumb"},"inLanguage":"fr-FR","potentialAction":[{"@type":"ReadAction","target":["https:\/\/www.everpharma.com\/fra\/produits\/cabazitaxel-ever-pharma\/"]}]},{"@type":"BreadcrumbList","@id":"https:\/\/www.everpharma.com\/fra\/produits\/cabazitaxel-ever-pharma\/#breadcrumb","itemListElement":[{"@type":"ListItem","position":1,"name":"Startseite","item":"https:\/\/www.everpharma.com\/fra\/"},{"@type":"ListItem","position":2,"name":"Produits","item":"https:\/\/www.everpharma.com\/fra\/produits\/"},{"@type":"ListItem","position":3,"name":"Cabazitaxel EVER Pharma 10 mg\/ml, solution \u00e0 diluer pour perfusion\u00a0"}]},{"@type":"WebSite","@id":"https:\/\/www.everpharma.com\/fra\/en\/#website","url":"https:\/\/www.everpharma.com\/fra\/en\/","name":"EVER Pharma France","description":"Eine weitere EVER Pharma Network Website","potentialAction":[{"@type":"SearchAction","target":{"@type":"EntryPoint","urlTemplate":"https:\/\/www.everpharma.com\/fra\/en\/?s={search_term_string}"},"query-input":{"@type":"PropertyValueSpecification","valueRequired":true,"valueName":"search_term_string"}}],"inLanguage":"fr-FR"}]}},"acf":[],"_links":{"self":[{"href":"https:\/\/www.everpharma.com\/fra\/wp-json\/wp\/v2\/product\/71","targetHints":{"allow":["GET"]}}],"collection":[{"href":"https:\/\/www.everpharma.com\/fra\/wp-json\/wp\/v2\/product"}],"about":[{"href":"https:\/\/www.everpharma.com\/fra\/wp-json\/wp\/v2\/types\/product"}],"wp:attachment":[{"href":"https:\/\/www.everpharma.com\/fra\/wp-json\/wp\/v2\/media?parent=71"}],"curies":[{"name":"wp","href":"https:\/\/api.w.org\/{rel}","templated":true}]}}