{"id":360,"date":"2022-07-20T11:31:07","date_gmt":"2022-07-20T09:31:07","guid":{"rendered":"https:\/\/www.everpharma.com\/fra\/?post_type=product&#038;p=360"},"modified":"2024-04-08T14:33:39","modified_gmt":"2024-04-08T12:33:39","slug":"pompe-d-mine-ever-pharma","status":"publish","type":"product","link":"https:\/\/www.everpharma.com\/fra\/produits\/pompe-d-mine-ever-pharma\/","title":{"rendered":"Pompe D-mine\u00ae"},"content":{"rendered":"\n<figure class=\"wp-block-image size-medium is-resized\"><img loading=\"lazy\" decoding=\"async\" width=\"300\" height=\"166\" src=\"https:\/\/www.everpharma.com\/fra\/wp-content\/uploads\/sites\/10\/2022\/09\/DPUMP-icone-FT-300x166.png\" alt=\"\" class=\"wp-image-657\" style=\"width:75px;height:42px\" srcset=\"https:\/\/www.everpharma.com\/fra\/wp-content\/uploads\/sites\/10\/2022\/09\/DPUMP-icone-FT-300x166.png 300w, https:\/\/www.everpharma.com\/fra\/wp-content\/uploads\/sites\/10\/2022\/09\/DPUMP-icone-FT.png 552w\" sizes=\"auto, (max-width: 300px) 100vw, 300px\" \/><\/figure>\n\n\n\n<div class=\"wp-block-group\"><div class=\"wp-block-group__inner-container is-layout-flow wp-block-group-is-layout-flow\">\n<p class=\"has-theme-red-light-color has-text-color\"><em>Aire th\u00e9rapeutique : neurologie<\/em><\/p>\n\n\n\n<div class=\"wp-block-columns is-layout-flex wp-container-core-columns-is-layout-9d6595d7 wp-block-columns-is-layout-flex\">\n<div class=\"wp-block-column is-layout-flow wp-block-column-is-layout-flow\">\n<div class=\"wp-block-group is-style-default is-content-justification-center is-layout-flex wp-container-core-group-is-layout-deaebb22 wp-block-group-is-layout-flex\"><div class=\"wp-block-image\">\n<figure class=\"aligncenter size-medium\"><img loading=\"lazy\" decoding=\"async\" width=\"292\" height=\"300\" src=\"https:\/\/www.everpharma.com\/fra\/wp-content\/uploads\/sites\/10\/2022\/09\/kit-pompe-et-ecran-292x300.png\" alt=\"\" class=\"wp-image-655\" srcset=\"https:\/\/www.everpharma.com\/fra\/wp-content\/uploads\/sites\/10\/2022\/09\/kit-pompe-et-ecran-292x300.png 292w, https:\/\/www.everpharma.com\/fra\/wp-content\/uploads\/sites\/10\/2022\/09\/kit-pompe-et-ecran-997x1024.png 997w, https:\/\/www.everpharma.com\/fra\/wp-content\/uploads\/sites\/10\/2022\/09\/kit-pompe-et-ecran-768x789.png 768w, https:\/\/www.everpharma.com\/fra\/wp-content\/uploads\/sites\/10\/2022\/09\/kit-pompe-et-ecran-1495x1536.png 1495w, https:\/\/www.everpharma.com\/fra\/wp-content\/uploads\/sites\/10\/2022\/09\/kit-pompe-et-ecran.png 1968w\" sizes=\"auto, (max-width: 292px) 100vw, 292px\" \/><\/figure>\n<\/div>\n\n\n<p class=\"has-text-align-right\"><a href=\"https:\/\/www.d-minecare.com\/fra\/gamme-d-mine\/perfusion-continue\/\" target=\"_blank\" rel=\"noreferrer noopener\">Pompe D-<em>mine<\/em><sup>\u00ae<\/sup><\/a><\/p>\n<\/div>\n<\/div>\n\n\n\n<div class=\"wp-block-column is-layout-flow wp-block-column-is-layout-flow\"><div class=\"wp-block-image\">\n<figure class=\"aligncenter size-medium is-resized\"><img loading=\"lazy\" decoding=\"async\" width=\"175\" height=\"300\" src=\"https:\/\/www.everpharma.com\/fra\/wp-content\/uploads\/sites\/10\/2022\/09\/reservoir-175x300.jpg\" alt=\"\" class=\"wp-image-659\" style=\"width:131px;height:225px\" srcset=\"https:\/\/www.everpharma.com\/fra\/wp-content\/uploads\/sites\/10\/2022\/09\/reservoir-175x300.jpg 175w, https:\/\/www.everpharma.com\/fra\/wp-content\/uploads\/sites\/10\/2022\/09\/reservoir-597x1024.jpg 597w, https:\/\/www.everpharma.com\/fra\/wp-content\/uploads\/sites\/10\/2022\/09\/reservoir-768x1318.jpg 768w, https:\/\/www.everpharma.com\/fra\/wp-content\/uploads\/sites\/10\/2022\/09\/reservoir.jpg 851w\" sizes=\"auto, (max-width: 175px) 100vw, 175px\" \/><figcaption class=\"wp-element-caption\">R\u00e9servoir<br>Pompe D-<em>mine<\/em><sup>\u00ae<\/sup><\/figcaption><\/figure>\n<\/div><\/div>\n<\/div>\n\n\n\n<hr class=\"wp-block-separator has-css-opacity is-style-wide\" \/>\n\n\n\n<div class=\"wp-block-wpco-accordion accordion is-style-default\" id=\"accordion-360-1\">\n<div class=\"wp-block-wpco-accordion-body accordion-item\"><div class=\"accordion-header\" id=\"accordion-360-1-item-1-heading\"><button class=\"accordion-button has-theme-white-background-color\" data-bs-toggle=\"collapse\" data-bs-target=\"#accordion-360-1-item-1-body\"><strong>Pompe D-<em>mine<\/em><sup>\u00ae<\/sup><\/strong><\/button><\/div><div class=\"accordion-collapse collapse\" id=\"accordion-360-1-item-1-body\" aria-labelledby=\"accordion-360-1-item-1-heading\" data-bs-parent=\"#accordion-360-1\"><div class=\"accordion-body has-theme-white-background-color\">\n<figure class=\"wp-block-table is-style-stripes has-base-font-size\"><table class=\"has-theme-gray-dark-color has-text-color\"><tbody><tr><td><strong>Classe DM<\/strong><\/td><td>IIb<\/td><td><\/td><td><\/td><td><\/td><td><\/td><td><\/td><td><\/td><td><\/td><td><\/td><td><\/td><\/tr><tr><td><strong>Conditionnement<\/strong><\/td><td>1 bo\u00eete contenant 1 pompe et accessoires*<\/td><td><\/td><td><\/td><td><\/td><td><\/td><td><\/td><td><\/td><td><\/td><td><\/td><td><\/td><\/tr><tr><td><strong>Code article<\/strong><\/td><td>64014FR-01<\/td><td><\/td><td><\/td><td><\/td><td><\/td><td><\/td><td><\/td><td><\/td><td><\/td><td><\/td><\/tr><tr><td><strong>Code GMDN<\/strong><\/td><td>61514<\/td><td><\/td><td><\/td><td><\/td><td><\/td><td><\/td><td><\/td><td><\/td><td><\/td><td><\/td><\/tr><tr><td><strong>Code EAN<\/strong><\/td><td>9120039162119<\/td><td><\/td><td><\/td><td><\/td><td><\/td><td><\/td><td><\/td><td><\/td><td><\/td><td><\/td><\/tr><tr><td><strong>Fabricant<\/strong><\/td><td>EVER Neuro Pharma GmbH<\/td><td><\/td><td><\/td><td><\/td><td><\/td><td><\/td><td><\/td><td><\/td><td><\/td><td><\/td><\/tr><tr><td><small>*<em>r\u00e9servoirs non inclus<\/em><\/small><\/td><td><\/td><td><\/td><td><\/td><td><\/td><td><\/td><td><\/td><td><\/td><td><\/td><td><\/td><td><\/td><\/tr><\/tbody><\/table><\/figure>\n<\/div><\/div><\/div>\n\n\n\n<div class=\"wp-block-wpco-accordion-body accordion-item\"><div class=\"accordion-header\" id=\"accordion-360-1-item-2-heading\"><button class=\"accordion-button has-theme-white-background-color\" data-bs-toggle=\"collapse\" data-bs-target=\"#accordion-360-1-item-2-body\"><strong>R\u00e9servoir Pompe D-<em>mine<\/em><sup>\u00ae<\/sup><\/strong> <\/button><\/div><div class=\"accordion-collapse collapse\" id=\"accordion-360-1-item-2-body\" aria-labelledby=\"accordion-360-1-item-2-heading\" data-bs-parent=\"#accordion-360-1\"><div class=\"accordion-body has-theme-white-background-color\">\n<figure class=\"wp-block-table is-style-stripes has-base-font-size\"><table class=\"has-theme-gray-dark-color has-text-color\"><tbody><tr><td><strong>Conditionnement<\/strong><\/td><td>1 bo\u00eete contenant 10 r\u00e9servoirs emball\u00e9s individuellement<\/td><td><\/td><td><\/td><td><\/td><\/tr><tr><td><strong>Code article<\/strong><\/td><td>64600-01<\/td><td><\/td><td><\/td><td><\/td><\/tr><tr><td><strong>Fabricant<\/strong><\/td><td>EVER Neuro Pharma GmbH<\/td><td><\/td><td><\/td><td><\/td><\/tr><tr><td><\/td><td><\/td><td><\/td><td><\/td><td><\/td><\/tr><\/tbody><\/table><\/figure>\n<\/div><\/div><\/div>\n<\/div>\n<\/div><\/div>\n\n\n\n<div style=\"height:100px\" aria-hidden=\"true\" class=\"wp-block-spacer\"><\/div>\n","protected":false},"excerpt":{"rendered":"<p>Aire th\u00e9rapeutique : neurologie Pompe D-mine\u00ae<\/p>\n","protected":false},"featured_media":0,"template":"","class_list":["post-360","product","type-product","status-publish","hentry"],"yoast_head":"<!-- This site is optimized with the Yoast SEO plugin v27.5 - https:\/\/yoast.com\/product\/yoast-seo-wordpress\/ -->\n<title>Pompe D-mine\u00ae - EVER Pharma France<\/title>\n<meta name=\"robots\" content=\"index, follow, max-snippet:-1, max-image-preview:large, max-video-preview:-1\" \/>\n<link rel=\"canonical\" href=\"https:\/\/www.everpharma.com\/fra\/produits\/pompe-d-mine-ever-pharma\/\" \/>\n<meta property=\"og:locale\" content=\"fr_FR\" \/>\n<meta property=\"og:type\" content=\"article\" \/>\n<meta property=\"og:title\" content=\"Pompe D-mine\u00ae - EVER Pharma France\" \/>\n<meta property=\"og:description\" content=\"Aire th\u00e9rapeutique : neurologie Pompe D-mine\u00ae\" \/>\n<meta property=\"og:url\" content=\"https:\/\/www.everpharma.com\/fra\/produits\/pompe-d-mine-ever-pharma\/\" \/>\n<meta property=\"og:site_name\" content=\"EVER Pharma France\" \/>\n<meta property=\"article:modified_time\" content=\"2024-04-08T12:33:39+00:00\" \/>\n<meta property=\"og:image\" content=\"https:\/\/www.everpharma.com\/fra\/wp-content\/uploads\/sites\/10\/2022\/09\/DPUMP-icone-FT-300x166.png\" \/>\n<meta name=\"twitter:card\" content=\"summary_large_image\" \/>\n<script type=\"application\/ld+json\" class=\"yoast-schema-graph\">{\"@context\":\"https:\\\/\\\/schema.org\",\"@graph\":[{\"@type\":\"WebPage\",\"@id\":\"https:\\\/\\\/www.everpharma.com\\\/fra\\\/produits\\\/pompe-d-mine-ever-pharma\\\/\",\"url\":\"https:\\\/\\\/www.everpharma.com\\\/fra\\\/produits\\\/pompe-d-mine-ever-pharma\\\/\",\"name\":\"Pompe D-mine\u00ae - EVER Pharma France\",\"isPartOf\":{\"@id\":\"https:\\\/\\\/www.everpharma.com\\\/fra\\\/en\\\/#website\"},\"primaryImageOfPage\":{\"@id\":\"https:\\\/\\\/www.everpharma.com\\\/fra\\\/produits\\\/pompe-d-mine-ever-pharma\\\/#primaryimage\"},\"image\":{\"@id\":\"https:\\\/\\\/www.everpharma.com\\\/fra\\\/produits\\\/pompe-d-mine-ever-pharma\\\/#primaryimage\"},\"thumbnailUrl\":\"https:\\\/\\\/www.everpharma.com\\\/fra\\\/wp-content\\\/uploads\\\/sites\\\/10\\\/2022\\\/09\\\/DPUMP-icone-FT-300x166.png\",\"datePublished\":\"2022-07-20T09:31:07+00:00\",\"dateModified\":\"2024-04-08T12:33:39+00:00\",\"breadcrumb\":{\"@id\":\"https:\\\/\\\/www.everpharma.com\\\/fra\\\/produits\\\/pompe-d-mine-ever-pharma\\\/#breadcrumb\"},\"inLanguage\":\"fr-FR\",\"potentialAction\":[{\"@type\":\"ReadAction\",\"target\":[\"https:\\\/\\\/www.everpharma.com\\\/fra\\\/produits\\\/pompe-d-mine-ever-pharma\\\/\"]}]},{\"@type\":\"ImageObject\",\"inLanguage\":\"fr-FR\",\"@id\":\"https:\\\/\\\/www.everpharma.com\\\/fra\\\/produits\\\/pompe-d-mine-ever-pharma\\\/#primaryimage\",\"url\":\"https:\\\/\\\/www.everpharma.com\\\/fra\\\/wp-content\\\/uploads\\\/sites\\\/10\\\/2022\\\/09\\\/DPUMP-icone-FT.png\",\"contentUrl\":\"https:\\\/\\\/www.everpharma.com\\\/fra\\\/wp-content\\\/uploads\\\/sites\\\/10\\\/2022\\\/09\\\/DPUMP-icone-FT.png\",\"width\":552,\"height\":305},{\"@type\":\"BreadcrumbList\",\"@id\":\"https:\\\/\\\/www.everpharma.com\\\/fra\\\/produits\\\/pompe-d-mine-ever-pharma\\\/#breadcrumb\",\"itemListElement\":[{\"@type\":\"ListItem\",\"position\":1,\"name\":\"Startseite\",\"item\":\"https:\\\/\\\/www.everpharma.com\\\/fra\\\/\"},{\"@type\":\"ListItem\",\"position\":2,\"name\":\"Produits\",\"item\":\"https:\\\/\\\/www.everpharma.com\\\/fra\\\/produits\\\/\"},{\"@type\":\"ListItem\",\"position\":3,\"name\":\"Pompe D-mine\u00ae\"}]},{\"@type\":\"WebSite\",\"@id\":\"https:\\\/\\\/www.everpharma.com\\\/fra\\\/en\\\/#website\",\"url\":\"https:\\\/\\\/www.everpharma.com\\\/fra\\\/en\\\/\",\"name\":\"EVER Pharma France\",\"description\":\"Eine weitere EVER Pharma Network Website\",\"potentialAction\":[{\"@type\":\"SearchAction\",\"target\":{\"@type\":\"EntryPoint\",\"urlTemplate\":\"https:\\\/\\\/www.everpharma.com\\\/fra\\\/en\\\/?s={search_term_string}\"},\"query-input\":{\"@type\":\"PropertyValueSpecification\",\"valueRequired\":true,\"valueName\":\"search_term_string\"}}],\"inLanguage\":\"fr-FR\"}]}<\/script>\n<!-- \/ Yoast SEO plugin. -->","yoast_head_json":{"title":"Pompe D-mine\u00ae - EVER Pharma France","robots":{"index":"index","follow":"follow","max-snippet":"max-snippet:-1","max-image-preview":"max-image-preview:large","max-video-preview":"max-video-preview:-1"},"canonical":"https:\/\/www.everpharma.com\/fra\/produits\/pompe-d-mine-ever-pharma\/","og_locale":"fr_FR","og_type":"article","og_title":"Pompe D-mine\u00ae - EVER Pharma France","og_description":"Aire th\u00e9rapeutique : neurologie Pompe D-mine\u00ae","og_url":"https:\/\/www.everpharma.com\/fra\/produits\/pompe-d-mine-ever-pharma\/","og_site_name":"EVER Pharma France","article_modified_time":"2024-04-08T12:33:39+00:00","og_image":[{"url":"https:\/\/www.everpharma.com\/fra\/wp-content\/uploads\/sites\/10\/2022\/09\/DPUMP-icone-FT-300x166.png","type":"","width":"","height":""}],"twitter_card":"summary_large_image","schema":{"@context":"https:\/\/schema.org","@graph":[{"@type":"WebPage","@id":"https:\/\/www.everpharma.com\/fra\/produits\/pompe-d-mine-ever-pharma\/","url":"https:\/\/www.everpharma.com\/fra\/produits\/pompe-d-mine-ever-pharma\/","name":"Pompe D-mine\u00ae - EVER Pharma France","isPartOf":{"@id":"https:\/\/www.everpharma.com\/fra\/en\/#website"},"primaryImageOfPage":{"@id":"https:\/\/www.everpharma.com\/fra\/produits\/pompe-d-mine-ever-pharma\/#primaryimage"},"image":{"@id":"https:\/\/www.everpharma.com\/fra\/produits\/pompe-d-mine-ever-pharma\/#primaryimage"},"thumbnailUrl":"https:\/\/www.everpharma.com\/fra\/wp-content\/uploads\/sites\/10\/2022\/09\/DPUMP-icone-FT-300x166.png","datePublished":"2022-07-20T09:31:07+00:00","dateModified":"2024-04-08T12:33:39+00:00","breadcrumb":{"@id":"https:\/\/www.everpharma.com\/fra\/produits\/pompe-d-mine-ever-pharma\/#breadcrumb"},"inLanguage":"fr-FR","potentialAction":[{"@type":"ReadAction","target":["https:\/\/www.everpharma.com\/fra\/produits\/pompe-d-mine-ever-pharma\/"]}]},{"@type":"ImageObject","inLanguage":"fr-FR","@id":"https:\/\/www.everpharma.com\/fra\/produits\/pompe-d-mine-ever-pharma\/#primaryimage","url":"https:\/\/www.everpharma.com\/fra\/wp-content\/uploads\/sites\/10\/2022\/09\/DPUMP-icone-FT.png","contentUrl":"https:\/\/www.everpharma.com\/fra\/wp-content\/uploads\/sites\/10\/2022\/09\/DPUMP-icone-FT.png","width":552,"height":305},{"@type":"BreadcrumbList","@id":"https:\/\/www.everpharma.com\/fra\/produits\/pompe-d-mine-ever-pharma\/#breadcrumb","itemListElement":[{"@type":"ListItem","position":1,"name":"Startseite","item":"https:\/\/www.everpharma.com\/fra\/"},{"@type":"ListItem","position":2,"name":"Produits","item":"https:\/\/www.everpharma.com\/fra\/produits\/"},{"@type":"ListItem","position":3,"name":"Pompe D-mine\u00ae"}]},{"@type":"WebSite","@id":"https:\/\/www.everpharma.com\/fra\/en\/#website","url":"https:\/\/www.everpharma.com\/fra\/en\/","name":"EVER Pharma France","description":"Eine weitere EVER Pharma Network Website","potentialAction":[{"@type":"SearchAction","target":{"@type":"EntryPoint","urlTemplate":"https:\/\/www.everpharma.com\/fra\/en\/?s={search_term_string}"},"query-input":{"@type":"PropertyValueSpecification","valueRequired":true,"valueName":"search_term_string"}}],"inLanguage":"fr-FR"}]}},"acf":[],"_links":{"self":[{"href":"https:\/\/www.everpharma.com\/fra\/wp-json\/wp\/v2\/product\/360","targetHints":{"allow":["GET"]}}],"collection":[{"href":"https:\/\/www.everpharma.com\/fra\/wp-json\/wp\/v2\/product"}],"about":[{"href":"https:\/\/www.everpharma.com\/fra\/wp-json\/wp\/v2\/types\/product"}],"wp:attachment":[{"href":"https:\/\/www.everpharma.com\/fra\/wp-json\/wp\/v2\/media?parent=360"}],"curies":[{"name":"wp","href":"https:\/\/api.w.org\/{rel}","templated":true}]}}