{"id":458,"date":"2023-05-12T16:17:21","date_gmt":"2023-05-12T14:17:21","guid":{"rendered":"https:\/\/www.everpharma.com\/fra\/?page_id=458"},"modified":"2023-07-25T11:02:34","modified_gmt":"2023-07-25T09:02:34","slug":"savoir-faire-industriel-ever-pharma-europe","status":"publish","type":"page","link":"https:\/\/www.everpharma.com\/fra\/identite-ever-pharma\/savoir-faire-industriel-ever-pharma-europe\/","title":{"rendered":"Savoir-faire industriel"},"content":{"rendered":"\n<h1 class=\"is-style-section-title wp-block-heading\">Savoir-faire industriel<\/h1>\n\n\n\n<div class=\"wp-block-columns is-layout-flex wp-container-core-columns-is-layout-9d6595d7 wp-block-columns-is-layout-flex\">\n<div class=\"wp-block-column is-layout-flow wp-block-column-is-layout-flow\">\n<div class=\"wp-block-columns is-layout-flex wp-container-core-columns-is-layout-9d6595d7 wp-block-columns-is-layout-flex\">\n<div class=\"wp-block-column is-layout-flow wp-block-column-is-layout-flow\" style=\"flex-basis:100%\">\n<div class=\"wp-block-columns is-layout-flex wp-container-core-columns-is-layout-9d6595d7 wp-block-columns-is-layout-flex\">\n<div class=\"wp-block-column is-layout-flow wp-block-column-is-layout-flow\">\n<p>EVER Pharma combine plus de <strong>60 ans d\u2019exp\u00e9rience<\/strong> de production st\u00e9rile avec un <strong>savoir-faire innovant <\/strong>et une <strong>technologie de fabrication de pointe<\/strong>.<br><strong>Nos usines produisent plus de 400 m\u00e9dicaments diff\u00e9rents<\/strong>.<\/p>\n\n\n\n<p>Nous fabriquons des<strong> solutions injectables \u00e9labor\u00e9es incluant des principes actifs complexes<\/strong> (ex. narcotiques, hormones, cytotoxiques), des suspensions cristallines, des solutions huileuses, des formulations \u00e0 faible teneur en oxyg\u00e8ne.<br>Nos sp\u00e9cialit\u00e9s sont disponibles en flacons, seringues pr\u00e9remplies, cartouches, implants et ampoules.<\/p>\n<\/div>\n<\/div>\n<\/div>\n<\/div>\n<\/div>\n<\/div>\n\n\n\n<div style=\"height:50px\" aria-hidden=\"true\" class=\"wp-block-spacer\"><\/div>\n\n\n\n<h2 class=\"is-style-section-title wp-block-heading\">Sites d&rsquo;EVER Pharma GmbH<\/h2>\n\n\n\n<div class=\"wp-block-group is-style-overlay-cover\"><div class=\"wp-block-group__inner-container is-layout-flow wp-block-group-is-layout-flow\">\n<div class=\"wp-block-cover has-custom-content-position is-position-bottom-left\"><span aria-hidden=\"true\" class=\"has-background-dim-0 wp-block-cover__gradient-background has-background-dim\"><\/span><img decoding=\"async\" class=\"wp-block-cover__image-background wp-image-354\" alt=\"\" src=\"https:\/\/www.everpharma.com\/wp-content\/uploads\/2021\/03\/EVER_09-edited.jpg\" style=\"object-position:64% 35%\" data-object-fit=\"cover\" data-object-position=\"64% 35%\" \/><div class=\"wp-block-cover__inner-container is-layout-flow wp-block-cover-is-layout-flow\">\n<h3 class=\"has-theme-white-color has-text-color wp-block-heading\"><\/h3>\n\n\n\n<p><em><em>Si\u00e8ge social, R&amp;D et Production &#8211; Unterach, Autriche<\/em><\/em><\/p>\n<\/div><\/div>\n\n\n\n<div class=\"wp-block-cover has-custom-content-position is-position-bottom-left\" style=\"min-height:243px;aspect-ratio:unset;\"><span aria-hidden=\"true\" class=\"has-theme-red-background-color has-background-dim-100 wp-block-cover__gradient-background has-background-dim\"><\/span><div class=\"wp-block-cover__inner-container is-layout-flow wp-block-cover-is-layout-flow\">\n<h3 class=\"has-theme-white-color has-text-color wp-block-heading\"><strong>EVER Pharma<\/strong><\/h3>\n\n\n\n<p><em>Si\u00e8ge social, R&amp;D et Production &#8211; Unterach, Autriche<\/em><\/p>\n\n\n\n<p style=\"text-align: justify\">Le si\u00e8ge social d&rsquo;EVER Pharma est situ\u00e9 \u00e0 Unterach, pr\u00e8s de Salzbourg. Nos collaborateurs travaillent \u00e0 la R&amp;D et \u00e0 la production de th\u00e9rapies innovantes et de formulations pharmaceutiques de haute qualit\u00e9 pour une distribution mondiale. EVER Pharma produit \u00e9galement des principes actifs sur le site.<\/p>\n<\/div><\/div>\n<\/div><\/div>\n\n\n\n<div style=\"height:20px\" aria-hidden=\"true\" class=\"wp-block-spacer\"><\/div>\n\n\n\n<div class=\"wp-block-group is-style-overlay-cover\"><div class=\"wp-block-group__inner-container is-layout-flow wp-block-group-is-layout-flow\">\n<div class=\"wp-block-cover is-light has-custom-content-position is-position-bottom-left is-style-default\"><span aria-hidden=\"true\" class=\"has-background-dim-0 wp-block-cover__gradient-background has-background-dim\"><\/span><img decoding=\"async\" class=\"wp-block-cover__image-background wp-image-1211\" alt=\"\" src=\"https:\/\/www.everpharma.com\/wp-content\/uploads\/2021\/04\/EPJ_Neu_2021.png\" style=\"object-position:49% 79%\" data-object-fit=\"cover\" data-object-position=\"49% 79%\" \/><div class=\"wp-block-cover__inner-container is-layout-flow wp-block-cover-is-layout-flow\">\n<h3 class=\"is-style-page-title has-theme-red-color has-text-color has-lg-font-size wp-block-heading\"><\/h3>\n\n\n\n<p class=\"has-theme-white-color has-text-color\"><em>Production &#8211; Jena, Allemagne<\/em><\/p>\n<\/div><\/div>\n\n\n\n<div class=\"wp-block-cover has-custom-content-position is-position-bottom-left\"><span aria-hidden=\"true\" class=\"has-theme-red-dark-background-color has-background-dim-100 wp-block-cover__gradient-background has-background-dim\"><\/span><div class=\"wp-block-cover__inner-container is-layout-flow wp-block-cover-is-layout-flow\">\n<h3 class=\"has-theme-white-color has-text-color wp-block-heading\"><strong>EVER Pharma Jena<\/strong><\/h3>\n\n\n\n<p><em>Production &#8211; Jena, Allemagne<\/em><\/p>\n\n\n\n<p style=\"text-align: justify\">EVER Pharma allie l&rsquo;exp\u00e9rience de plus de 60 ans de production st\u00e9rile avec un savoir-faire innovant et une technologie de fabrication de haute qualit\u00e9. Des injectables complexes, y compris des substances tr\u00e8s puissantes et contr\u00f4l\u00e9es, suspensions cristallines, solutions huileuses en flacons, seringues pr\u00e9remplies, cartouches, implants et ampoules, sont produits pour l&rsquo;approvisionnement des produits d&rsquo;EVER Pharma dans le monde entier ainsi que pour des clients tiers.<\/p>\n\n\n\n<p style=\"text-align: justify\">Fond\u00e9 sous le nom de Jenapharm en 1950, le site a fait l&rsquo;objet d&rsquo;importants investissements, notamment une modernisation technologique et la construction d&rsquo;un nouveau site de production. En 2011, EVER Pharma a fait l&rsquo;acquisition du site et cr\u00e9\u00e9 EVER Pharma Jena GmbH.<\/p>\n\n\n\n<p style=\"text-align: justify\">Dans le cadre de l&rsquo;expansion de l&rsquo;entreprise, EVER Pharma a investi plus de 200 millions d&rsquo;euros dans des installations de fabrication ultramodernes mises en service en 2021.<\/p>\n<\/div><\/div>\n<\/div><\/div>\n\n\n\n<div style=\"height:30px\" aria-hidden=\"true\" class=\"wp-block-spacer\"><\/div>\n\n\n\n<div style=\"height:100px\" aria-hidden=\"true\" class=\"wp-block-spacer\"><\/div>\n","protected":false},"excerpt":{"rendered":"<p>Savoir-faire industriel EVER Pharma combine plus de 60 ans d\u2019exp\u00e9rience de production st\u00e9rile avec un savoir-faire innovant et une technologie de fabrication de pointe.Nos usines produisent plus de 400 m\u00e9dicaments diff\u00e9rents. Nous fabriquons des solutions injectables \u00e9labor\u00e9es incluant des principes actifs complexes (ex. narcotiques, hormones, cytotoxiques), des suspensions cristallines, des solutions huileuses, des formulations \u00e0 &hellip; <a href=\"https:\/\/www.everpharma.com\/fra\/identite-ever-pharma\/savoir-faire-industriel-ever-pharma-europe\/\">Continued<\/a><\/p>\n","protected":false},"author":13,"featured_media":0,"parent":452,"menu_order":2,"comment_status":"closed","ping_status":"closed","template":"","meta":{"_acf_changed":false,"footnotes":""},"class_list":["post-458","page","type-page","status-publish","hentry"],"yoast_head":"<!-- This site is optimized with the Yoast SEO plugin v27.4 - https:\/\/yoast.com\/product\/yoast-seo-wordpress\/ -->\n<title>Savoir-faire industriel - EVER Pharma France<\/title>\n<meta name=\"description\" content=\"EVER Pharma combine plus de 60 ans d\u2019exp\u00e9rience de production st\u00e9rile avec un savoir-faire innovant et une technologie de fabrication de pointe.\" \/>\n<meta name=\"robots\" content=\"index, follow, max-snippet:-1, max-image-preview:large, max-video-preview:-1\" \/>\n<link rel=\"canonical\" href=\"https:\/\/www.everpharma.com\/fra\/identite-ever-pharma\/savoir-faire-industriel-ever-pharma-europe\/\" \/>\n<meta property=\"og:locale\" content=\"fr_FR\" \/>\n<meta property=\"og:type\" content=\"article\" \/>\n<meta property=\"og:title\" content=\"Savoir-faire industriel - EVER Pharma France\" \/>\n<meta property=\"og:description\" content=\"EVER Pharma combine plus de 60 ans d\u2019exp\u00e9rience de production st\u00e9rile avec un savoir-faire innovant et une technologie de fabrication de pointe.\" \/>\n<meta property=\"og:url\" content=\"https:\/\/www.everpharma.com\/fra\/identite-ever-pharma\/savoir-faire-industriel-ever-pharma-europe\/\" \/>\n<meta property=\"og:site_name\" content=\"EVER Pharma France\" \/>\n<meta property=\"article:modified_time\" content=\"2023-07-25T09:02:34+00:00\" \/>\n<meta property=\"og:image\" content=\"https:\/\/www.everpharma.com\/wp-content\/uploads\/2021\/03\/EVER_09-edited.jpg\" \/>\n<meta name=\"twitter:card\" content=\"summary_large_image\" \/>\n<meta name=\"twitter:label1\" content=\"Dur\u00e9e de lecture estim\u00e9e\" \/>\n\t<meta name=\"twitter:data1\" content=\"2 minutes\" \/>\n<script type=\"application\/ld+json\" class=\"yoast-schema-graph\">{\"@context\":\"https:\\\/\\\/schema.org\",\"@graph\":[{\"@type\":\"WebPage\",\"@id\":\"https:\\\/\\\/www.everpharma.com\\\/fra\\\/identite-ever-pharma\\\/savoir-faire-industriel-ever-pharma-europe\\\/\",\"url\":\"https:\\\/\\\/www.everpharma.com\\\/fra\\\/identite-ever-pharma\\\/savoir-faire-industriel-ever-pharma-europe\\\/\",\"name\":\"Savoir-faire industriel - EVER Pharma France\",\"isPartOf\":{\"@id\":\"https:\\\/\\\/www.everpharma.com\\\/fra\\\/en\\\/#website\"},\"primaryImageOfPage\":{\"@id\":\"https:\\\/\\\/www.everpharma.com\\\/fra\\\/identite-ever-pharma\\\/savoir-faire-industriel-ever-pharma-europe\\\/#primaryimage\"},\"image\":{\"@id\":\"https:\\\/\\\/www.everpharma.com\\\/fra\\\/identite-ever-pharma\\\/savoir-faire-industriel-ever-pharma-europe\\\/#primaryimage\"},\"thumbnailUrl\":\"https:\\\/\\\/www.everpharma.com\\\/wp-content\\\/uploads\\\/2021\\\/03\\\/EVER_09-edited.jpg\",\"datePublished\":\"2023-05-12T14:17:21+00:00\",\"dateModified\":\"2023-07-25T09:02:34+00:00\",\"description\":\"EVER Pharma combine plus de 60 ans d\u2019exp\u00e9rience de production st\u00e9rile avec un savoir-faire innovant et une technologie de fabrication de pointe.\",\"breadcrumb\":{\"@id\":\"https:\\\/\\\/www.everpharma.com\\\/fra\\\/identite-ever-pharma\\\/savoir-faire-industriel-ever-pharma-europe\\\/#breadcrumb\"},\"inLanguage\":\"fr-FR\",\"potentialAction\":[{\"@type\":\"ReadAction\",\"target\":[\"https:\\\/\\\/www.everpharma.com\\\/fra\\\/identite-ever-pharma\\\/savoir-faire-industriel-ever-pharma-europe\\\/\"]}]},{\"@type\":\"ImageObject\",\"inLanguage\":\"fr-FR\",\"@id\":\"https:\\\/\\\/www.everpharma.com\\\/fra\\\/identite-ever-pharma\\\/savoir-faire-industriel-ever-pharma-europe\\\/#primaryimage\",\"url\":\"https:\\\/\\\/www.everpharma.com\\\/wp-content\\\/uploads\\\/2021\\\/03\\\/EVER_09-edited.jpg\",\"contentUrl\":\"https:\\\/\\\/www.everpharma.com\\\/wp-content\\\/uploads\\\/2021\\\/03\\\/EVER_09-edited.jpg\"},{\"@type\":\"BreadcrumbList\",\"@id\":\"https:\\\/\\\/www.everpharma.com\\\/fra\\\/identite-ever-pharma\\\/savoir-faire-industriel-ever-pharma-europe\\\/#breadcrumb\",\"itemListElement\":[{\"@type\":\"ListItem\",\"position\":1,\"name\":\"Startseite\",\"item\":\"https:\\\/\\\/www.everpharma.com\\\/fra\\\/\"},{\"@type\":\"ListItem\",\"position\":2,\"name\":\"EVER Pharma\",\"item\":\"https:\\\/\\\/www.everpharma.com\\\/fra\\\/identite-ever-pharma\\\/\"},{\"@type\":\"ListItem\",\"position\":3,\"name\":\"Savoir-faire industriel\"}]},{\"@type\":\"WebSite\",\"@id\":\"https:\\\/\\\/www.everpharma.com\\\/fra\\\/en\\\/#website\",\"url\":\"https:\\\/\\\/www.everpharma.com\\\/fra\\\/en\\\/\",\"name\":\"EVER Pharma France\",\"description\":\"Eine weitere EVER Pharma Network Website\",\"potentialAction\":[{\"@type\":\"SearchAction\",\"target\":{\"@type\":\"EntryPoint\",\"urlTemplate\":\"https:\\\/\\\/www.everpharma.com\\\/fra\\\/en\\\/?s={search_term_string}\"},\"query-input\":{\"@type\":\"PropertyValueSpecification\",\"valueRequired\":true,\"valueName\":\"search_term_string\"}}],\"inLanguage\":\"fr-FR\"}]}<\/script>\n<!-- \/ Yoast SEO plugin. -->","yoast_head_json":{"title":"Savoir-faire industriel - EVER Pharma France","description":"EVER Pharma combine plus de 60 ans d\u2019exp\u00e9rience de production st\u00e9rile avec un savoir-faire innovant et une technologie de fabrication de pointe.","robots":{"index":"index","follow":"follow","max-snippet":"max-snippet:-1","max-image-preview":"max-image-preview:large","max-video-preview":"max-video-preview:-1"},"canonical":"https:\/\/www.everpharma.com\/fra\/identite-ever-pharma\/savoir-faire-industriel-ever-pharma-europe\/","og_locale":"fr_FR","og_type":"article","og_title":"Savoir-faire industriel - EVER Pharma France","og_description":"EVER Pharma combine plus de 60 ans d\u2019exp\u00e9rience de production st\u00e9rile avec un savoir-faire innovant et une technologie de fabrication de pointe.","og_url":"https:\/\/www.everpharma.com\/fra\/identite-ever-pharma\/savoir-faire-industriel-ever-pharma-europe\/","og_site_name":"EVER Pharma France","article_modified_time":"2023-07-25T09:02:34+00:00","og_image":[{"url":"https:\/\/www.everpharma.com\/wp-content\/uploads\/2021\/03\/EVER_09-edited.jpg","type":"","width":"","height":""}],"twitter_card":"summary_large_image","twitter_misc":{"Dur\u00e9e de lecture estim\u00e9e":"2 minutes"},"schema":{"@context":"https:\/\/schema.org","@graph":[{"@type":"WebPage","@id":"https:\/\/www.everpharma.com\/fra\/identite-ever-pharma\/savoir-faire-industriel-ever-pharma-europe\/","url":"https:\/\/www.everpharma.com\/fra\/identite-ever-pharma\/savoir-faire-industriel-ever-pharma-europe\/","name":"Savoir-faire industriel - EVER Pharma France","isPartOf":{"@id":"https:\/\/www.everpharma.com\/fra\/en\/#website"},"primaryImageOfPage":{"@id":"https:\/\/www.everpharma.com\/fra\/identite-ever-pharma\/savoir-faire-industriel-ever-pharma-europe\/#primaryimage"},"image":{"@id":"https:\/\/www.everpharma.com\/fra\/identite-ever-pharma\/savoir-faire-industriel-ever-pharma-europe\/#primaryimage"},"thumbnailUrl":"https:\/\/www.everpharma.com\/wp-content\/uploads\/2021\/03\/EVER_09-edited.jpg","datePublished":"2023-05-12T14:17:21+00:00","dateModified":"2023-07-25T09:02:34+00:00","description":"EVER Pharma combine plus de 60 ans d\u2019exp\u00e9rience de production st\u00e9rile avec un savoir-faire innovant et une technologie de fabrication de pointe.","breadcrumb":{"@id":"https:\/\/www.everpharma.com\/fra\/identite-ever-pharma\/savoir-faire-industriel-ever-pharma-europe\/#breadcrumb"},"inLanguage":"fr-FR","potentialAction":[{"@type":"ReadAction","target":["https:\/\/www.everpharma.com\/fra\/identite-ever-pharma\/savoir-faire-industriel-ever-pharma-europe\/"]}]},{"@type":"ImageObject","inLanguage":"fr-FR","@id":"https:\/\/www.everpharma.com\/fra\/identite-ever-pharma\/savoir-faire-industriel-ever-pharma-europe\/#primaryimage","url":"https:\/\/www.everpharma.com\/wp-content\/uploads\/2021\/03\/EVER_09-edited.jpg","contentUrl":"https:\/\/www.everpharma.com\/wp-content\/uploads\/2021\/03\/EVER_09-edited.jpg"},{"@type":"BreadcrumbList","@id":"https:\/\/www.everpharma.com\/fra\/identite-ever-pharma\/savoir-faire-industriel-ever-pharma-europe\/#breadcrumb","itemListElement":[{"@type":"ListItem","position":1,"name":"Startseite","item":"https:\/\/www.everpharma.com\/fra\/"},{"@type":"ListItem","position":2,"name":"EVER Pharma","item":"https:\/\/www.everpharma.com\/fra\/identite-ever-pharma\/"},{"@type":"ListItem","position":3,"name":"Savoir-faire industriel"}]},{"@type":"WebSite","@id":"https:\/\/www.everpharma.com\/fra\/en\/#website","url":"https:\/\/www.everpharma.com\/fra\/en\/","name":"EVER Pharma France","description":"Eine weitere EVER Pharma Network Website","potentialAction":[{"@type":"SearchAction","target":{"@type":"EntryPoint","urlTemplate":"https:\/\/www.everpharma.com\/fra\/en\/?s={search_term_string}"},"query-input":{"@type":"PropertyValueSpecification","valueRequired":true,"valueName":"search_term_string"}}],"inLanguage":"fr-FR"}]}},"acf":[],"_links":{"self":[{"href":"https:\/\/www.everpharma.com\/fra\/wp-json\/wp\/v2\/pages\/458","targetHints":{"allow":["GET"]}}],"collection":[{"href":"https:\/\/www.everpharma.com\/fra\/wp-json\/wp\/v2\/pages"}],"about":[{"href":"https:\/\/www.everpharma.com\/fra\/wp-json\/wp\/v2\/types\/page"}],"author":[{"embeddable":true,"href":"https:\/\/www.everpharma.com\/fra\/wp-json\/wp\/v2\/users\/13"}],"replies":[{"embeddable":true,"href":"https:\/\/www.everpharma.com\/fra\/wp-json\/wp\/v2\/comments?post=458"}],"version-history":[{"count":29,"href":"https:\/\/www.everpharma.com\/fra\/wp-json\/wp\/v2\/pages\/458\/revisions"}],"predecessor-version":[{"id":1929,"href":"https:\/\/www.everpharma.com\/fra\/wp-json\/wp\/v2\/pages\/458\/revisions\/1929"}],"up":[{"embeddable":true,"href":"https:\/\/www.everpharma.com\/fra\/wp-json\/wp\/v2\/pages\/452"}],"wp:attachment":[{"href":"https:\/\/www.everpharma.com\/fra\/wp-json\/wp\/v2\/media?parent=458"}],"curies":[{"name":"wp","href":"https:\/\/api.w.org\/{rel}","templated":true}]}}