{"id":454,"date":"2022-09-02T17:21:22","date_gmt":"2022-09-02T15:21:22","guid":{"rendered":"https:\/\/www.everpharma.com\/fra\/?page_id=454"},"modified":"2026-02-25T15:58:58","modified_gmt":"2026-02-25T14:58:58","slug":"contacts","status":"publish","type":"page","link":"https:\/\/www.everpharma.com\/fra\/contacts\/","title":{"rendered":"Contacts"},"content":{"rendered":"\n<div style=\"height:10px\" aria-hidden=\"true\" class=\"wp-block-spacer\"><\/div>\n\n\n\n<p>Notre \u00e9quipe si\u00e8ge est \u00e0 votre \u00e9coute<\/p>\n\n\n\n<hr class=\"wp-block-separator has-css-opacity is-style-default\" \/>\n\n\n\n<div style=\"height:27px\" aria-hidden=\"true\" class=\"wp-block-spacer\"><\/div>\n\n\n\n<div class=\"wp-block-columns is-layout-flex wp-container-core-columns-is-layout-9d6595d7 wp-block-columns-is-layout-flex\">\n<div class=\"wp-block-column is-layout-flow wp-block-column-is-layout-flow\">\n<div class=\"wp-block-group is-style-card has-theme-white-color has-theme-red-background-color has-text-color has-background\"><div class=\"wp-block-group__inner-container is-layout-flow wp-block-group-is-layout-flow\">\n<h4 class=\"wp-block-heading has-text-align-center\">RELATIONS HOSPITALI\u00c8RES &amp; ADV<\/h4>\n\n\n\n<p class=\"has-text-align-center has-md-font-size\"><a href=\"mailto:marches.fr@everpharma.com\">marches.fr@everpharma.com<\/a> <\/p>\n\n\n\n<p class=\"has-text-align-center has-md-font-size\">09 72 64 31 00<\/p>\n<\/div><\/div>\n<\/div>\n\n\n\n<div class=\"wp-block-column is-layout-flow wp-block-column-is-layout-flow\">\n<div class=\"wp-block-group is-style-card has-theme-white-color has-theme-red-light-background-color has-text-color has-background\"><div class=\"wp-block-group__inner-container is-layout-flow wp-block-group-is-layout-flow\">\n<h4 class=\"wp-block-heading has-text-align-center\">INFORMATION M\u00c9DICALE <\/h4>\n\n\n\n<p class=\"has-text-align-center has-md-font-size\"><a href=\"mailto:marches.fr@everpharma.com\">infomed.fr@everpharma.com<\/a><\/p>\n<p class=\"has-text-align-center has-md-font-size\">01 80 83 52 73<\/p>\n<\/div><\/div>\n<\/div>\n<\/div>\n\n\n\n<div class=\"wp-block-columns is-layout-flex wp-container-core-columns-is-layout-9d6595d7 wp-block-columns-is-layout-flex\">\n<div class=\"wp-block-column is-layout-flow wp-block-column-is-layout-flow\">\n<div class=\"wp-block-group is-style-card has-theme-white-color has-theme-red-light-background-color has-text-color has-background\"><div class=\"wp-block-group__inner-container is-layout-flow wp-block-group-is-layout-flow\">\n<h4 class=\"wp-block-heading has-text-align-center\">PHARMACOVIGILANCE<\/h4>\n\n\n\n<p class=\"has-text-align-center has-md-font-size\"><a href=\"mailto:pv-everpharma@atessia.fr\">pv-everpharma@atessia.fr<\/a><\/p>\n<p class=\"has-text-align-center has-md-font-size\">01 80 83 52 73<\/p>\n<\/div><\/div>\n<\/div>\n\n\n\n<div class=\"wp-block-column is-layout-flow wp-block-column-is-layout-flow\">\n<div class=\"wp-block-group is-style-card has-theme-white-color has-theme-red-background-color has-text-color has-background\"><div class=\"wp-block-group__inner-container is-layout-flow wp-block-group-is-layout-flow\">\n<h4 class=\"wp-block-heading has-text-align-center\">MAT\u00c9RIOVIGILANCE<\/h4>\n\n\n\n<p class=\"has-text-align-center has-md-font-size\"><a href=\"mailto:materiovigilance.fr@everpharma.com\">materiovigilance.fr@everpharma.com<\/a> <\/p>\n\n\n\n<p class=\"has-text-align-center has-md-font-size\">09 72 14 26 76<\/p>\n<\/div><\/div>\n<\/div>\n<\/div>\n\n\n\n<div style=\"height:50px\" aria-hidden=\"true\" class=\"wp-block-spacer\"><\/div>\n\n\n\n<div class=\"wp-block-buttons is-content-justification-center is-layout-flex wp-container-core-buttons-is-layout-16018d1d wp-block-buttons-is-layout-flex\">\n<div class=\"wp-block-button\"><a class=\"wp-block-button__link wp-element-button\" href=\"https:\/\/www.everpharma.com\/fra\/ever-pharma-france-html\/notre-presence-sur-le-territoire\/\/\">Pr\u00e9sence sur le territoire<\/a><\/div>\n<\/div>\n\n\n\n<div style=\"height:27px\" aria-hidden=\"true\" class=\"wp-block-spacer\"><\/div>\n\n\n\n<p><br><\/p>\n","protected":false},"excerpt":{"rendered":"<p>Notre \u00e9quipe si\u00e8ge est \u00e0 votre \u00e9coute RELATIONS HOSPITALI\u00c8RES &amp; ADV marches.fr@everpharma.com 09 72 64 31 00 INFORMATION M\u00c9DICALE infomed.fr@everpharma.com 01 80 83 52 73 PHARMACOVIGILANCE pv-everpharma@atessia.fr 01 80 83 52 73 MAT\u00c9RIOVIGILANCE materiovigilance.fr@everpharma.com 09 72 14 26 76<\/p>\n","protected":false},"author":13,"featured_media":0,"parent":0,"menu_order":4,"comment_status":"closed","ping_status":"closed","template":"","meta":{"_acf_changed":false,"footnotes":""},"class_list":["post-454","page","type-page","status-publish","hentry"],"yoast_head":"<!-- This site is optimized with the Yoast SEO plugin v27.0 - https:\/\/yoast.com\/product\/yoast-seo-wordpress\/ -->\n<title>Contacts - EVER Pharma France<\/title>\n<meta name=\"description\" content=\"Notre \u00e9quipe si\u00e8ge est \u00e0 votre \u00e9coute.\" \/>\n<meta name=\"robots\" content=\"index, follow, max-snippet:-1, max-image-preview:large, max-video-preview:-1\" \/>\n<link rel=\"canonical\" href=\"https:\/\/www.everpharma.com\/fra\/contacts\/\" \/>\n<meta property=\"og:locale\" content=\"fr_FR\" \/>\n<meta property=\"og:type\" content=\"article\" \/>\n<meta property=\"og:title\" content=\"Contacts - EVER Pharma France\" \/>\n<meta property=\"og:description\" content=\"Notre \u00e9quipe si\u00e8ge est \u00e0 votre \u00e9coute.\" \/>\n<meta property=\"og:url\" content=\"https:\/\/www.everpharma.com\/fra\/contacts\/\" \/>\n<meta property=\"og:site_name\" content=\"EVER Pharma France\" \/>\n<meta property=\"article:modified_time\" content=\"2026-02-25T14:58:58+00:00\" \/>\n<meta name=\"twitter:card\" content=\"summary_large_image\" \/>\n<script type=\"application\/ld+json\" class=\"yoast-schema-graph\">{\"@context\":\"https:\/\/schema.org\",\"@graph\":[{\"@type\":\"WebPage\",\"@id\":\"https:\/\/www.everpharma.com\/fra\/contacts\/\",\"url\":\"https:\/\/www.everpharma.com\/fra\/contacts\/\",\"name\":\"Contacts - EVER Pharma France\",\"isPartOf\":{\"@id\":\"https:\/\/www.everpharma.com\/fra\/en\/#website\"},\"datePublished\":\"2022-09-02T15:21:22+00:00\",\"dateModified\":\"2026-02-25T14:58:58+00:00\",\"description\":\"Notre \u00e9quipe si\u00e8ge est \u00e0 votre \u00e9coute.\",\"breadcrumb\":{\"@id\":\"https:\/\/www.everpharma.com\/fra\/contacts\/#breadcrumb\"},\"inLanguage\":\"fr-FR\",\"potentialAction\":[{\"@type\":\"ReadAction\",\"target\":[\"https:\/\/www.everpharma.com\/fra\/contacts\/\"]}]},{\"@type\":\"BreadcrumbList\",\"@id\":\"https:\/\/www.everpharma.com\/fra\/contacts\/#breadcrumb\",\"itemListElement\":[{\"@type\":\"ListItem\",\"position\":1,\"name\":\"Startseite\",\"item\":\"https:\/\/www.everpharma.com\/fra\/\"},{\"@type\":\"ListItem\",\"position\":2,\"name\":\"Contacts\"}]},{\"@type\":\"WebSite\",\"@id\":\"https:\/\/www.everpharma.com\/fra\/en\/#website\",\"url\":\"https:\/\/www.everpharma.com\/fra\/en\/\",\"name\":\"EVER Pharma France\",\"description\":\"Eine weitere EVER Pharma Network Website\",\"potentialAction\":[{\"@type\":\"SearchAction\",\"target\":{\"@type\":\"EntryPoint\",\"urlTemplate\":\"https:\/\/www.everpharma.com\/fra\/en\/?s={search_term_string}\"},\"query-input\":{\"@type\":\"PropertyValueSpecification\",\"valueRequired\":true,\"valueName\":\"search_term_string\"}}],\"inLanguage\":\"fr-FR\"}]}<\/script>\n<!-- \/ Yoast SEO plugin. -->","yoast_head_json":{"title":"Contacts - EVER Pharma France","description":"Notre \u00e9quipe si\u00e8ge est \u00e0 votre \u00e9coute.","robots":{"index":"index","follow":"follow","max-snippet":"max-snippet:-1","max-image-preview":"max-image-preview:large","max-video-preview":"max-video-preview:-1"},"canonical":"https:\/\/www.everpharma.com\/fra\/contacts\/","og_locale":"fr_FR","og_type":"article","og_title":"Contacts - EVER Pharma France","og_description":"Notre \u00e9quipe si\u00e8ge est \u00e0 votre \u00e9coute.","og_url":"https:\/\/www.everpharma.com\/fra\/contacts\/","og_site_name":"EVER Pharma France","article_modified_time":"2026-02-25T14:58:58+00:00","twitter_card":"summary_large_image","schema":{"@context":"https:\/\/schema.org","@graph":[{"@type":"WebPage","@id":"https:\/\/www.everpharma.com\/fra\/contacts\/","url":"https:\/\/www.everpharma.com\/fra\/contacts\/","name":"Contacts - EVER Pharma France","isPartOf":{"@id":"https:\/\/www.everpharma.com\/fra\/en\/#website"},"datePublished":"2022-09-02T15:21:22+00:00","dateModified":"2026-02-25T14:58:58+00:00","description":"Notre \u00e9quipe si\u00e8ge est \u00e0 votre \u00e9coute.","breadcrumb":{"@id":"https:\/\/www.everpharma.com\/fra\/contacts\/#breadcrumb"},"inLanguage":"fr-FR","potentialAction":[{"@type":"ReadAction","target":["https:\/\/www.everpharma.com\/fra\/contacts\/"]}]},{"@type":"BreadcrumbList","@id":"https:\/\/www.everpharma.com\/fra\/contacts\/#breadcrumb","itemListElement":[{"@type":"ListItem","position":1,"name":"Startseite","item":"https:\/\/www.everpharma.com\/fra\/"},{"@type":"ListItem","position":2,"name":"Contacts"}]},{"@type":"WebSite","@id":"https:\/\/www.everpharma.com\/fra\/en\/#website","url":"https:\/\/www.everpharma.com\/fra\/en\/","name":"EVER Pharma France","description":"Eine weitere EVER Pharma Network Website","potentialAction":[{"@type":"SearchAction","target":{"@type":"EntryPoint","urlTemplate":"https:\/\/www.everpharma.com\/fra\/en\/?s={search_term_string}"},"query-input":{"@type":"PropertyValueSpecification","valueRequired":true,"valueName":"search_term_string"}}],"inLanguage":"fr-FR"}]}},"acf":[],"_links":{"self":[{"href":"https:\/\/www.everpharma.com\/fra\/wp-json\/wp\/v2\/pages\/454","targetHints":{"allow":["GET"]}}],"collection":[{"href":"https:\/\/www.everpharma.com\/fra\/wp-json\/wp\/v2\/pages"}],"about":[{"href":"https:\/\/www.everpharma.com\/fra\/wp-json\/wp\/v2\/types\/page"}],"author":[{"embeddable":true,"href":"https:\/\/www.everpharma.com\/fra\/wp-json\/wp\/v2\/users\/13"}],"replies":[{"embeddable":true,"href":"https:\/\/www.everpharma.com\/fra\/wp-json\/wp\/v2\/comments?post=454"}],"version-history":[{"count":13,"href":"https:\/\/www.everpharma.com\/fra\/wp-json\/wp\/v2\/pages\/454\/revisions"}],"predecessor-version":[{"id":2224,"href":"https:\/\/www.everpharma.com\/fra\/wp-json\/wp\/v2\/pages\/454\/revisions\/2224"}],"wp:attachment":[{"href":"https:\/\/www.everpharma.com\/fra\/wp-json\/wp\/v2\/media?parent=454"}],"curies":[{"name":"wp","href":"https:\/\/api.w.org\/{rel}","templated":true}]}}