{"id":447,"date":"2022-12-19T09:09:06","date_gmt":"2022-12-19T08:09:06","guid":{"rendered":"https:\/\/www.everpharma.com\/fra\/?page_id=447"},"modified":"2023-07-25T11:06:10","modified_gmt":"2023-07-25T09:06:10","slug":"engagements-ever-pharma","status":"publish","type":"page","link":"https:\/\/www.everpharma.com\/fra\/engagements-ever-pharma\/","title":{"rendered":"Engagements"},"content":{"rendered":"\n<h1 class=\"is-style-page-title wp-block-heading\">Nos engagements<\/h1>\n\n\n\n<div class=\"wp-block-cover is-light is-style-floating-overlay\"><span aria-hidden=\"true\" class=\"has-background-dim-0 wp-block-cover__gradient-background has-background-dim\"><\/span><img loading=\"lazy\" decoding=\"async\" width=\"910\" height=\"437\" class=\"wp-block-cover__image-background wp-image-846\" alt=\"\" src=\"https:\/\/www.everpharma.com\/fra\/wp-content\/uploads\/sites\/10\/2023\/05\/lyon.png\" data-object-fit=\"cover\" srcset=\"https:\/\/www.everpharma.com\/fra\/wp-content\/uploads\/sites\/10\/2023\/05\/lyon.png 910w, https:\/\/www.everpharma.com\/fra\/wp-content\/uploads\/sites\/10\/2023\/05\/lyon-300x144.png 300w, https:\/\/www.everpharma.com\/fra\/wp-content\/uploads\/sites\/10\/2023\/05\/lyon-768x369.png 768w\" sizes=\"auto, (max-width: 910px) 100vw, 910px\" \/><div class=\"wp-block-cover__inner-container is-layout-flow wp-block-cover-is-layout-flow\">\n<p class=\"has-text-align-center has-large-font-size\"><\/p>\n<\/div><\/div>\n\n\n\n<h2 class=\"is-style-section-title wp-block-heading\">\u00c9thique<\/h2>\n\n\n\n<div class=\"wp-block-columns is-layout-flex wp-container-core-columns-is-layout-9d6595d7 wp-block-columns-is-layout-flex\">\n<div class=\"wp-block-column is-layout-flow wp-block-column-is-layout-flow\" style=\"flex-basis:50%\">\n<p class=\"has-theme-gray-dark-color has-text-color\" style=\"text-align: justify\"><a href=\"https:\/\/www.everpharma.com\/fra\/wp-content\/uploads\/sites\/10\/2023\/07\/charte.pdf\"><u>La Charte de l\u2019information par d\u00e9marchage ou prospection visant \u00e0 la promotion des m\u00e9dicaments sign\u00e9e en octobre 2014<\/u><\/a> rappelle les missions et la n\u00e9cessaire d\u00e9ontologie de l\u2019ensemble des collaborateurs qui assurent de mani\u00e8re permanente ou non la promotion des m\u00e9dicaments aupr\u00e8s des professionnels de sant\u00e9. Cette charte met \u00e9galement l\u2019accent sur l\u2019aptitude de l\u2019organisation interne \u00e0 garantir la qualit\u00e9 et la conformit\u00e9 de l\u2019information d\u00e9livr\u00e9e, qu\u2019elle soit promotionnelle ou non-promotionnelle, mais aussi l\u2019ad\u00e9quation des moyens allou\u00e9s aux t\u00e2ches \u00e0 accomplir dans cet objectif et la communication entre l\u2019entreprise et les \u00e9tablissements de soins, notamment sur l\u2019organisation et la mise en \u0153uvre de la visite m\u00e9dicale au regard des attentes des \u00e9tablissements et des professionnels de sant\u00e9 visit\u00e9s.<\/p>\n\n\n\n<p class=\"has-theme-gray-dark-color has-text-color\"><p class=\"has-theme-gray-dark-color has-text-color\" style=\"text-align: justify\">La HAS a publi\u00e9 un r\u00e9f\u00e9rentiel de certification de l\u2019information par d\u00e9marchage ou prospection visant \u00e0 la promotion des m\u00e9dicaments en mars 2017 \u00e0 l\u2019attention des \u00e9tablissements pharmaceutiques exploitants et de leurs sous-traitants qui assurent la promotion des m\u00e9dicaments aupr\u00e8s des professionnels de sant\u00e9.<\/p><\/p>\n<\/div>\n\n\n\n<div class=\"wp-block-column is-layout-flow wp-block-column-is-layout-flow\" style=\"flex-basis:5%\"><\/div>\n\n\n\n<div class=\"wp-block-column is-layout-flow wp-block-column-is-layout-flow\" style=\"flex-basis:50%\">\n<p class=\"has-theme-red-color has-text-color\" style=\"text-align: justify\"><strong>EVER <mark class=\"has-inline-color has-theme-copy-color\" style=\"background-color: #ffffff\">Pharma France SAS<\/mark><\/strong><mark class=\"has-inline-color has-theme-copy-color\" style=\"background-color: #ffffff\">d\u00e9ploie les modalit\u00e9s de r\u00e9ponse aux exigences de ce r\u00e9f\u00e9rentiel dans son organisation afin d\u2019\u00eatre en mesure de d\u00e9montrer la r\u00e9alit\u00e9 de son engagement et son application pratique sur le terrain.<\/mark><\/p>\n\n\n\n<div style=\"height:10px\" aria-hidden=\"true\" class=\"wp-block-spacer\"><\/div>\n\n\n\n<p style=\"text-align: justify\"><mark class=\"has-inline-color has-theme-copy-color\" style=\"background-color: #ffffff\">\u00c0 ce titre,<\/mark><strong><mark class=\"has-inline-color has-theme-red-color\" style=\"background-color: #ffffff\">EVER<\/mark>Pharma France SAS<\/strong><mark class=\"has-inline-color has-theme-copy-color\" style=\"background-color: #ffffff\"> est donc certifi\u00e9 par un organisme ind\u00e9pendant sur la base dudit r\u00e9f\u00e9rentiel et dispose d\u2019une politique qualit\u00e9 en mati\u00e8re d\u2019information promotionnelle.<br>Au regard de la charte, \u00eatre conformes et \u00e9thiques, c\u2019est ma\u00eetriser l\u2019ensemble des processus qui concourent \u00e0 la r\u00e9alisation des missions de l\u2019entreprise dans une logique d\u2019am\u00e9lioration continue \u00e0 forte valeur ajout\u00e9e pour les professionnels de sant\u00e9 et les patients.<\/mark><\/p>\n\n\n\n<div style=\"height:5px\" aria-hidden=\"true\" class=\"wp-block-spacer\"><\/div>\n\n\n\n<p><p style=\"text-align: justify\">Cette d\u00e9marche s\u2019inscrit dans la mission et les valeurs du groupe<strong><mark style=\"background-color:#ffffff\" class=\"has-inline-color has-theme-red-color\">EVER<\/mark> Pharma<\/strong>. <mark style=\"background-color:#ffffff\" class=\"has-inline-color has-theme-copy-color\"><\/mark><\/p><\/p>\n\n\n\n<div class=\"wp-block-columns is-layout-flex wp-container-core-columns-is-layout-9d6595d7 wp-block-columns-is-layout-flex\">\n<div class=\"wp-block-column is-layout-flow wp-block-column-is-layout-flow\" style=\"flex-basis:25%\"><\/div>\n\n\n\n<div class=\"wp-block-column is-layout-flow wp-block-column-is-layout-flow\" style=\"flex-basis:50%\">\n<figure class=\"wp-block-image alignwide size-full\"><img loading=\"lazy\" decoding=\"async\" width=\"780\" height=\"520\" src=\"https:\/\/www.everpharma.com\/fra\/wp-content\/uploads\/sites\/10\/2023\/07\/VM2799-1.png\" alt=\"\" class=\"wp-image-2072\" srcset=\"https:\/\/www.everpharma.com\/fra\/wp-content\/uploads\/sites\/10\/2023\/07\/VM2799-1.png 780w, https:\/\/www.everpharma.com\/fra\/wp-content\/uploads\/sites\/10\/2023\/07\/VM2799-1-300x200.png 300w, https:\/\/www.everpharma.com\/fra\/wp-content\/uploads\/sites\/10\/2023\/07\/VM2799-1-768x512.png 768w\" sizes=\"auto, (max-width: 780px) 100vw, 780px\" \/><\/figure>\n<\/div>\n\n\n\n<div class=\"wp-block-column is-vertically-aligned-top is-vertically rotate is-layout-flow wp-block-column-is-layout-flow\" style=\"flex-basis:25%\"><\/div>\n<\/div>\n<\/div>\n<\/div>\n\n\n\n<h2 class=\"is-style-section-title wp-block-heading\">D\u00e9claration de responsabilit\u00e9 sociale d&rsquo;entreprise                                          Groupe EVER Pharma<\/h2>\n\n\n\n<p class=\"has-theme-gray-dark-color has-text-color\"><p class=\"has-theme-gray-dark-color has-text-color\" style=\"text-align: justify\">Nous assumons nos responsabilit\u00e9s envers nos employ\u00e9s, les g\u00e9n\u00e9rations futures et l\u2019environnement, c\u2019est pourquoi nous prenons en compte les aspects \u00e9cologiques, sociaux et \u00e9conomiques dans notre \u00e9thique quotidienne.<\/p><\/p>\n\n\n\n<div style=\"height:20px\" aria-hidden=\"true\" class=\"wp-block-spacer\"><\/div>\n\n\n\n<div class=\"wp-block-columns is-layout-flex wp-container-core-columns-is-layout-9d6595d7 wp-block-columns-is-layout-flex\">\n<div class=\"wp-block-column is-layout-flow wp-block-column-is-layout-flow\" style=\"flex-basis:50%\">\n<p><strong>Actions fiables et conformes<\/strong><\/p>\n\n\n\n<p><p style=\"text-align: justify\">Une croissance d\u2019entreprise durable et r\u00e9ussie exige une adh\u00e9sion en nos valeurs en agissant avec int\u00e9grit\u00e9, respect et \u00e9quit\u00e9.<br>Nous nous engageons \u00e0 respecter les exigences r\u00e9glementaires et accordons une grande importance au respect de nos proc\u00e9dures et politiques internes.<br>Nous exploitons et entretenons nos installations et nos \u00e9quipements de mani\u00e8re \u00e0 r\u00e9duire notre impact sur l\u2019environnement et \u00e0 minimiser les risques potentiels sur la sant\u00e9 et la s\u00e9curit\u00e9.<\/p><\/p>\n\n\n\n<p><\/p>\n\n\n\n<p><strong>R\u00e9duction de l&#8217;emploi pr\u00e9caire<\/strong><\/p>\n\n\n\n<p class=\"has-theme-red-color has-text-color\" style=\"text-align: justify\"><strong>EVER <\/strong><mark style=\"background-color:#ffffff\" class=\"has-inline-color has-theme-gray-dark-color\"><strong>Pharma<\/strong> <strong>France<\/strong> cherche \u00e0 d\u00e9velopper le processus d&rsquo;insertion professionnelle au travers d&rsquo;un syst\u00e8me de recrutement proposant prioritairement des contrats \u00e0 dur\u00e9e ind\u00e9termin\u00e9e \u00e0 temps plein et des stages en alternance pour accompagner les collaborateurs de demain.<\/mark><\/p>\n<\/div>\n\n\n\n<div class=\"wp-block-column is-layout-flow wp-block-column-is-layout-flow\" style=\"flex-basis:5%\"><\/div>\n\n\n\n<div class=\"wp-block-column has-theme-gray-dark-color has-text-color is-layout-flow wp-block-column-is-layout-flow\" style=\"flex-basis:50%\">\n<p><strong>Gestion de l\u2019environnement et protection des ressources<\/strong><\/p>\n\n\n\n<p><p style=\"text-align: justify\">Nous prenons les mesures appropri\u00e9es pour r\u00e9duire notre impact sur l\u2019environnement notamment via nos installations de production r\u00e9pondant aux exigences des normes actuelles de gestion de l\u2019environnement.<br>En collaboration avec nos fournisseurs, nous nous effor\u00e7ons de r\u00e9duire les \u00e9missions polluantes dans les domaines des achats, du transport et de la logistique.<br><\/p><\/p>\n\n\n\n<div style=\"height:22px\" aria-hidden=\"true\" class=\"wp-block-spacer\"><\/div>\n\n\n\n<p style=\"text-align: justify\"><strong>L\u2019ensemble de nos proc\u00e9dures en mati\u00e8re de RSE est rassembl\u00e9e dans notre charte \u00ab Corporate Environmental Policy \u00bb.<\/strong><\/p>\n<\/div>\n<\/div>\n\n\n\n<div style=\"height:100px\" aria-hidden=\"true\" class=\"wp-block-spacer\"><\/div>\n","protected":false},"excerpt":{"rendered":"<p>Nos engagements \u00c9thique La Charte de l\u2019information par d\u00e9marchage ou prospection visant \u00e0 la promotion des m\u00e9dicaments sign\u00e9e en octobre 2014 rappelle les missions et la n\u00e9cessaire d\u00e9ontologie de l\u2019ensemble des collaborateurs qui assurent de mani\u00e8re permanente ou non la promotion des m\u00e9dicaments aupr\u00e8s des professionnels de sant\u00e9. Cette charte met \u00e9galement l\u2019accent sur l\u2019aptitude &hellip; <a href=\"https:\/\/www.everpharma.com\/fra\/engagements-ever-pharma\/\">Continued<\/a><\/p>\n","protected":false},"author":13,"featured_media":0,"parent":0,"menu_order":1,"comment_status":"closed","ping_status":"closed","template":"","meta":{"_acf_changed":false,"footnotes":""},"class_list":["post-447","page","type-page","status-publish","hentry"],"yoast_head":"<!-- This site is optimized with the Yoast SEO plugin v27.0 - https:\/\/yoast.com\/product\/yoast-seo-wordpress\/ -->\n<title>Engagements - EVER Pharma France<\/title>\n<meta name=\"robots\" content=\"index, follow, max-snippet:-1, max-image-preview:large, max-video-preview:-1\" \/>\n<link rel=\"canonical\" href=\"https:\/\/www.everpharma.com\/fra\/engagements-ever-pharma\/\" \/>\n<meta property=\"og:locale\" content=\"fr_FR\" \/>\n<meta property=\"og:type\" content=\"article\" \/>\n<meta property=\"og:title\" content=\"Engagements - EVER Pharma France\" \/>\n<meta property=\"og:description\" content=\"Nos engagements \u00c9thique La Charte de l\u2019information par d\u00e9marchage ou prospection visant \u00e0 la promotion des m\u00e9dicaments sign\u00e9e en octobre 2014 rappelle les missions et la n\u00e9cessaire d\u00e9ontologie de l\u2019ensemble des collaborateurs qui assurent de mani\u00e8re permanente ou non la promotion des m\u00e9dicaments aupr\u00e8s des professionnels de sant\u00e9. Cette charte met \u00e9galement l\u2019accent sur l\u2019aptitude &hellip; Continued\" \/>\n<meta property=\"og:url\" content=\"https:\/\/www.everpharma.com\/fra\/engagements-ever-pharma\/\" \/>\n<meta property=\"og:site_name\" content=\"EVER Pharma France\" \/>\n<meta property=\"article:modified_time\" content=\"2023-07-25T09:06:10+00:00\" \/>\n<meta property=\"og:image\" content=\"https:\/\/www.everpharma.com\/fra\/wp-content\/uploads\/sites\/10\/2023\/05\/lyon.png\" \/>\n<meta name=\"twitter:card\" content=\"summary_large_image\" \/>\n<meta name=\"twitter:label1\" content=\"Dur\u00e9e de lecture estim\u00e9e\" \/>\n\t<meta name=\"twitter:data1\" content=\"3 minutes\" \/>\n<script type=\"application\/ld+json\" class=\"yoast-schema-graph\">{\"@context\":\"https:\/\/schema.org\",\"@graph\":[{\"@type\":\"WebPage\",\"@id\":\"https:\/\/www.everpharma.com\/fra\/engagements-ever-pharma\/\",\"url\":\"https:\/\/www.everpharma.com\/fra\/engagements-ever-pharma\/\",\"name\":\"Engagements - EVER Pharma France\",\"isPartOf\":{\"@id\":\"https:\/\/www.everpharma.com\/fra\/en\/#website\"},\"primaryImageOfPage\":{\"@id\":\"https:\/\/www.everpharma.com\/fra\/engagements-ever-pharma\/#primaryimage\"},\"image\":{\"@id\":\"https:\/\/www.everpharma.com\/fra\/engagements-ever-pharma\/#primaryimage\"},\"thumbnailUrl\":\"https:\/\/www.everpharma.com\/fra\/wp-content\/uploads\/sites\/10\/2023\/05\/lyon.png\",\"datePublished\":\"2022-12-19T08:09:06+00:00\",\"dateModified\":\"2023-07-25T09:06:10+00:00\",\"breadcrumb\":{\"@id\":\"https:\/\/www.everpharma.com\/fra\/engagements-ever-pharma\/#breadcrumb\"},\"inLanguage\":\"fr-FR\",\"potentialAction\":[{\"@type\":\"ReadAction\",\"target\":[\"https:\/\/www.everpharma.com\/fra\/engagements-ever-pharma\/\"]}]},{\"@type\":\"ImageObject\",\"inLanguage\":\"fr-FR\",\"@id\":\"https:\/\/www.everpharma.com\/fra\/engagements-ever-pharma\/#primaryimage\",\"url\":\"https:\/\/www.everpharma.com\/fra\/wp-content\/uploads\/sites\/10\/2023\/05\/lyon.png\",\"contentUrl\":\"https:\/\/www.everpharma.com\/fra\/wp-content\/uploads\/sites\/10\/2023\/05\/lyon.png\",\"width\":910,\"height\":437},{\"@type\":\"BreadcrumbList\",\"@id\":\"https:\/\/www.everpharma.com\/fra\/engagements-ever-pharma\/#breadcrumb\",\"itemListElement\":[{\"@type\":\"ListItem\",\"position\":1,\"name\":\"Startseite\",\"item\":\"https:\/\/www.everpharma.com\/fra\/\"},{\"@type\":\"ListItem\",\"position\":2,\"name\":\"Engagements\"}]},{\"@type\":\"WebSite\",\"@id\":\"https:\/\/www.everpharma.com\/fra\/en\/#website\",\"url\":\"https:\/\/www.everpharma.com\/fra\/en\/\",\"name\":\"EVER Pharma France\",\"description\":\"Eine weitere EVER Pharma Network Website\",\"potentialAction\":[{\"@type\":\"SearchAction\",\"target\":{\"@type\":\"EntryPoint\",\"urlTemplate\":\"https:\/\/www.everpharma.com\/fra\/en\/?s={search_term_string}\"},\"query-input\":{\"@type\":\"PropertyValueSpecification\",\"valueRequired\":true,\"valueName\":\"search_term_string\"}}],\"inLanguage\":\"fr-FR\"}]}<\/script>\n<!-- \/ Yoast SEO plugin. -->","yoast_head_json":{"title":"Engagements - EVER Pharma France","robots":{"index":"index","follow":"follow","max-snippet":"max-snippet:-1","max-image-preview":"max-image-preview:large","max-video-preview":"max-video-preview:-1"},"canonical":"https:\/\/www.everpharma.com\/fra\/engagements-ever-pharma\/","og_locale":"fr_FR","og_type":"article","og_title":"Engagements - EVER Pharma France","og_description":"Nos engagements \u00c9thique La Charte de l\u2019information par d\u00e9marchage ou prospection visant \u00e0 la promotion des m\u00e9dicaments sign\u00e9e en octobre 2014 rappelle les missions et la n\u00e9cessaire d\u00e9ontologie de l\u2019ensemble des collaborateurs qui assurent de mani\u00e8re permanente ou non la promotion des m\u00e9dicaments aupr\u00e8s des professionnels de sant\u00e9. Cette charte met \u00e9galement l\u2019accent sur l\u2019aptitude &hellip; Continued","og_url":"https:\/\/www.everpharma.com\/fra\/engagements-ever-pharma\/","og_site_name":"EVER Pharma France","article_modified_time":"2023-07-25T09:06:10+00:00","og_image":[{"url":"https:\/\/www.everpharma.com\/fra\/wp-content\/uploads\/sites\/10\/2023\/05\/lyon.png","type":"","width":"","height":""}],"twitter_card":"summary_large_image","twitter_misc":{"Dur\u00e9e de lecture estim\u00e9e":"3 minutes"},"schema":{"@context":"https:\/\/schema.org","@graph":[{"@type":"WebPage","@id":"https:\/\/www.everpharma.com\/fra\/engagements-ever-pharma\/","url":"https:\/\/www.everpharma.com\/fra\/engagements-ever-pharma\/","name":"Engagements - EVER Pharma France","isPartOf":{"@id":"https:\/\/www.everpharma.com\/fra\/en\/#website"},"primaryImageOfPage":{"@id":"https:\/\/www.everpharma.com\/fra\/engagements-ever-pharma\/#primaryimage"},"image":{"@id":"https:\/\/www.everpharma.com\/fra\/engagements-ever-pharma\/#primaryimage"},"thumbnailUrl":"https:\/\/www.everpharma.com\/fra\/wp-content\/uploads\/sites\/10\/2023\/05\/lyon.png","datePublished":"2022-12-19T08:09:06+00:00","dateModified":"2023-07-25T09:06:10+00:00","breadcrumb":{"@id":"https:\/\/www.everpharma.com\/fra\/engagements-ever-pharma\/#breadcrumb"},"inLanguage":"fr-FR","potentialAction":[{"@type":"ReadAction","target":["https:\/\/www.everpharma.com\/fra\/engagements-ever-pharma\/"]}]},{"@type":"ImageObject","inLanguage":"fr-FR","@id":"https:\/\/www.everpharma.com\/fra\/engagements-ever-pharma\/#primaryimage","url":"https:\/\/www.everpharma.com\/fra\/wp-content\/uploads\/sites\/10\/2023\/05\/lyon.png","contentUrl":"https:\/\/www.everpharma.com\/fra\/wp-content\/uploads\/sites\/10\/2023\/05\/lyon.png","width":910,"height":437},{"@type":"BreadcrumbList","@id":"https:\/\/www.everpharma.com\/fra\/engagements-ever-pharma\/#breadcrumb","itemListElement":[{"@type":"ListItem","position":1,"name":"Startseite","item":"https:\/\/www.everpharma.com\/fra\/"},{"@type":"ListItem","position":2,"name":"Engagements"}]},{"@type":"WebSite","@id":"https:\/\/www.everpharma.com\/fra\/en\/#website","url":"https:\/\/www.everpharma.com\/fra\/en\/","name":"EVER Pharma France","description":"Eine weitere EVER Pharma Network Website","potentialAction":[{"@type":"SearchAction","target":{"@type":"EntryPoint","urlTemplate":"https:\/\/www.everpharma.com\/fra\/en\/?s={search_term_string}"},"query-input":{"@type":"PropertyValueSpecification","valueRequired":true,"valueName":"search_term_string"}}],"inLanguage":"fr-FR"}]}},"acf":[],"_links":{"self":[{"href":"https:\/\/www.everpharma.com\/fra\/wp-json\/wp\/v2\/pages\/447","targetHints":{"allow":["GET"]}}],"collection":[{"href":"https:\/\/www.everpharma.com\/fra\/wp-json\/wp\/v2\/pages"}],"about":[{"href":"https:\/\/www.everpharma.com\/fra\/wp-json\/wp\/v2\/types\/page"}],"author":[{"embeddable":true,"href":"https:\/\/www.everpharma.com\/fra\/wp-json\/wp\/v2\/users\/13"}],"replies":[{"embeddable":true,"href":"https:\/\/www.everpharma.com\/fra\/wp-json\/wp\/v2\/comments?post=447"}],"version-history":[{"count":156,"href":"https:\/\/www.everpharma.com\/fra\/wp-json\/wp\/v2\/pages\/447\/revisions"}],"predecessor-version":[{"id":2081,"href":"https:\/\/www.everpharma.com\/fra\/wp-json\/wp\/v2\/pages\/447\/revisions\/2081"}],"wp:attachment":[{"href":"https:\/\/www.everpharma.com\/fra\/wp-json\/wp\/v2\/media?parent=447"}],"curies":[{"name":"wp","href":"https:\/\/api.w.org\/{rel}","templated":true}]}}