{"id":2213,"date":"2026-02-24T12:06:03","date_gmt":"2026-02-24T11:06:03","guid":{"rendered":"https:\/\/www.everpharma.com\/fra\/?page_id=2213"},"modified":"2026-04-27T12:04:12","modified_gmt":"2026-04-27T10:04:12","slug":"accueil-2","status":"publish","type":"page","link":"https:\/\/www.everpharma.com\/fra\/","title":{"rendered":"Accueil"},"content":{"rendered":"\n<div class=\"wp-block-cover alignfull is-light has-custom-content-position is-position-center-left is-style-aligned-overlay\" style=\"min-height:661px;aspect-ratio:unset;\"><video class=\"wp-block-cover__video-background intrinsic-ignore\" autoplay muted loop playsinline src=\"https:\/\/www.everpharma.com\/fra\/wp-content\/uploads\/sites\/10\/2023\/06\/EPFvideoinstit.mp4\" style=\"object-position:48% 25%\" data-object-fit=\"cover\" data-object-position=\"48% 25%\"><\/video><span aria-hidden=\"true\" class=\"wp-block-cover__background has-theme-white-background-color has-background-dim-80 has-background-dim\"><\/span><div class=\"wp-block-cover__inner-container is-layout-flow wp-block-cover-is-layout-flow\">\n<h2 class=\"wp-block-heading has-theme-red-color has-text-color\"><strong>Bienvenue chez EVER Pharma France<\/strong><\/h2>\n\n\n\n<p class=\"has-theme-red-color has-text-color has-md-font-size\">Cr\u00e9ateur de solutions d\u00e9di\u00e9es \u00e0 la sant\u00e9.<\/p>\n\n\n\n<a class=\"wp-block-wpco-wrapper wp-block-link-wrapper\" href=\"https:\/\/www.everpharma.com\/fra\/identite-ever-pharma\/\" target=\"_self\" rel=\"noopener\"><div class=\"wp-block-link-wrapper__inner-container\"><span class=\"wp-block-link-wrapper__more\"><strong><em>Lire la suite<\/em><\/strong><\/span><\/div><\/a>\n<\/div><\/div>\n\n\n\n<div class=\"wp-block-group alignfull has-theme-white-color has-theme-red-background-color has-text-color has-background\"><div class=\"wp-block-group__inner-container is-layout-flow wp-block-group-is-layout-flow\">\n<div class=\"wp-block-columns alignwide is-style-tight is-layout-flex wp-container-core-columns-is-layout-9d6595d7 wp-block-columns-is-layout-flex\">\n<div class=\"wp-block-column is-layout-flow wp-block-column-is-layout-flow\">\n<a class=\"wp-block-wpco-wrapper wp-block-link-wrapper has-theme-white-color has-theme-red-dark-background-color\" href=\"https:\/\/www.everpharma.com\/fra\/ever-pharma-france\/\" target=\"_self\" rel=\"noopener\"><div class=\"wp-block-link-wrapper__inner-container\">\n<p>Notre laboratoire<\/p>\n\n\n\n<h4 class=\"wp-block-heading has-font-size-lg-font-size\"><strong>EVER Pharma France<\/strong> <\/h4>\n\n\n\n<p><\/p>\n<span class=\"wp-block-link-wrapper__more\"><strong>Lire la suite<\/strong><\/span><\/div><\/a>\n<\/div>\n\n\n\n<div class=\"wp-block-column is-layout-flow wp-block-column-is-layout-flow\">\n<a class=\"wp-block-wpco-wrapper wp-block-link-wrapper has-theme-white-color has-theme-red-background-color\" href=\"https:\/\/www.everpharma.com\/fra\/produits\/\" target=\"_self\" rel=\"noopener\"><div class=\"wp-block-link-wrapper__inner-container\">\n\n<p>Portefeuille des produits<\/p>\n\n\n<h4 class=\"has-font-size-lg-font-size wp-block-heading\"><strong><strong>Nos Produits<\/strong><\/strong><\/h4>\n\n<span class=\"wp-block-link-wrapper__more\"><strong><em>Lire la suite<\/em><\/strong><\/span><\/div><\/a>\n<\/div>\n\n\n\n<div class=\"wp-block-column is-layout-flow wp-block-column-is-layout-flow\">\n<a class=\"wp-block-wpco-wrapper wp-block-link-wrapper has-theme-white-color has-theme-red-light-background-color\" href=\"https:\/\/www.everpharma.com\/fra\/contacts\/\" target=\"_self\" rel=\"noopener\"><div class=\"wp-block-link-wrapper__inner-container\">\n\n<p>Notre \u00e9quipe<\/p>\n\n\n<h4 class=\"has-font-size-lg-font-size wp-block-heading\">Contactez-nous<\/h4>\n\n<span class=\"wp-block-link-wrapper__more\"><strong><em>Lire la suite<\/em><\/strong><\/span><\/div><\/a>\n<\/div>\n<\/div>\n<\/div><\/div>\n\n\n\n<div style=\"height:100px\" aria-hidden=\"true\" class=\"wp-block-spacer\"><\/div>\n\n\n\n<h2 class=\"wp-block-heading is-style-section-title\">\u00c0 propos d&rsquo;EVER Pharma France<\/h2>\n\n\n\n<div class=\"wp-block-group is-style-overlay-cover\"><div class=\"wp-block-group__inner-container is-layout-flow wp-block-group-is-layout-flow\">\n<div class=\"wp-block-cover is-light has-custom-content-position is-position-bottom-left is-style-default\"><img loading=\"lazy\" decoding=\"async\" width=\"910\" height=\"437\" class=\"wp-block-cover__image-background wp-image-846\" alt=\"\" src=\"https:\/\/www.everpharma.com\/fra\/wp-content\/uploads\/sites\/10\/2023\/05\/lyon.png\" style=\"object-position:49% 79%\" data-object-fit=\"cover\" data-object-position=\"49% 79%\" srcset=\"https:\/\/www.everpharma.com\/fra\/wp-content\/uploads\/sites\/10\/2023\/05\/lyon.png 910w, https:\/\/www.everpharma.com\/fra\/wp-content\/uploads\/sites\/10\/2023\/05\/lyon-300x144.png 300w, https:\/\/www.everpharma.com\/fra\/wp-content\/uploads\/sites\/10\/2023\/05\/lyon-768x369.png 768w\" sizes=\"auto, (max-width: 910px) 100vw, 910px\" \/><span aria-hidden=\"true\" class=\"wp-block-cover__background has-background-dim-0 has-background-dim\"><\/span><div class=\"wp-block-cover__inner-container is-layout-flow wp-block-cover-is-layout-flow\">\n<h3 class=\"wp-block-heading is-style-page-title has-theme-red-color has-text-color has-lg-font-size\"><\/h3>\n\n\n\n<p class=\"has-theme-white-color has-text-color\"><em>Lyon, France<\/em><\/p>\n<\/div><\/div>\n\n\n\n<div class=\"wp-block-cover has-custom-content-position is-position-bottom-left\"><span aria-hidden=\"true\" class=\"wp-block-cover__background has-theme-red-light-background-color has-background-dim-100 has-background-dim\"><\/span><div class=\"wp-block-cover__inner-container is-layout-flow wp-block-cover-is-layout-flow\">\n<h3 class=\"wp-block-heading has-theme-white-color has-text-color\"><strong>EVER Pharma France<\/strong><\/h3>\n\n\n\n<p><em>Si\u00e8ge lyonnais<\/em><\/p>\n\n\n\n<p style=\"text-align: justify\">Le laboratoire EVER Pharma France est une filiale du groupe EVER Pharma. Nous commercialisons une large gamme de m\u00e9dicaments et dispositifs m\u00e9dicaux associ\u00e9s \u00e0 nos sp\u00e9cialit\u00e9s, avec une expertise en neurologie, oncologie, urologie et soins intensifs. Nos produits sont d\u00e9velopp\u00e9s et fabriqu\u00e9s dans nos usines certifi\u00e9es BPF de l\u2019UE en Autriche et en Allemagne.<\/p>\n<\/div><\/div>\n<\/div><\/div>\n\n\n\n<div style=\"height:100px\" aria-hidden=\"true\" class=\"wp-block-spacer\"><\/div>\n","protected":false},"excerpt":{"rendered":"<p>\u00c0 propos d&rsquo;EVER Pharma France<\/p>\n","protected":false},"author":13,"featured_media":0,"parent":0,"menu_order":0,"comment_status":"closed","ping_status":"closed","template":"","meta":{"_acf_changed":false,"footnotes":""},"class_list":["post-2213","page","type-page","status-publish","hentry"],"yoast_head":"<!-- This site is optimized with the Yoast SEO plugin v27.4 - https:\/\/yoast.com\/product\/yoast-seo-wordpress\/ -->\n<title>Accueil - EVER Pharma France<\/title>\n<meta name=\"robots\" content=\"index, follow, max-snippet:-1, max-image-preview:large, max-video-preview:-1\" \/>\n<link rel=\"canonical\" href=\"https:\/\/www.everpharma.com\/fra\/\" \/>\n<meta property=\"og:locale\" content=\"fr_FR\" \/>\n<meta property=\"og:type\" content=\"article\" \/>\n<meta property=\"og:title\" content=\"Accueil - EVER Pharma France\" \/>\n<meta property=\"og:description\" content=\"\u00c0 propos d&rsquo;EVER Pharma France\" \/>\n<meta property=\"og:url\" content=\"https:\/\/www.everpharma.com\/fra\/\" \/>\n<meta property=\"og:site_name\" content=\"EVER Pharma France\" \/>\n<meta property=\"article:modified_time\" content=\"2026-04-27T10:04:12+00:00\" \/>\n<meta property=\"og:image\" content=\"https:\/\/www.everpharma.com\/fra\/wp-content\/uploads\/sites\/10\/2023\/05\/lyon.png\" \/>\n\t<meta property=\"og:image:width\" content=\"910\" \/>\n\t<meta property=\"og:image:height\" content=\"437\" \/>\n\t<meta property=\"og:image:type\" content=\"image\/png\" \/>\n<meta name=\"twitter:card\" content=\"summary_large_image\" \/>\n<meta name=\"twitter:label1\" content=\"Dur\u00e9e de lecture estim\u00e9e\" \/>\n\t<meta name=\"twitter:data1\" content=\"1 minute\" \/>\n<script type=\"application\/ld+json\" class=\"yoast-schema-graph\">{\"@context\":\"https:\\\/\\\/schema.org\",\"@graph\":[{\"@type\":\"WebPage\",\"@id\":\"https:\\\/\\\/www.everpharma.com\\\/fra\\\/\",\"url\":\"https:\\\/\\\/www.everpharma.com\\\/fra\\\/\",\"name\":\"Accueil - EVER Pharma France\",\"isPartOf\":{\"@id\":\"https:\\\/\\\/www.everpharma.com\\\/fra\\\/en\\\/#website\"},\"primaryImageOfPage\":{\"@id\":\"https:\\\/\\\/www.everpharma.com\\\/fra\\\/#primaryimage\"},\"image\":{\"@id\":\"https:\\\/\\\/www.everpharma.com\\\/fra\\\/#primaryimage\"},\"thumbnailUrl\":\"https:\\\/\\\/www.everpharma.com\\\/fra\\\/wp-content\\\/uploads\\\/sites\\\/10\\\/2023\\\/05\\\/lyon.png\",\"datePublished\":\"2026-02-24T11:06:03+00:00\",\"dateModified\":\"2026-04-27T10:04:12+00:00\",\"breadcrumb\":{\"@id\":\"https:\\\/\\\/www.everpharma.com\\\/fra\\\/#breadcrumb\"},\"inLanguage\":\"fr-FR\",\"potentialAction\":[{\"@type\":\"ReadAction\",\"target\":[\"https:\\\/\\\/www.everpharma.com\\\/fra\\\/\"]}]},{\"@type\":\"ImageObject\",\"inLanguage\":\"fr-FR\",\"@id\":\"https:\\\/\\\/www.everpharma.com\\\/fra\\\/#primaryimage\",\"url\":\"https:\\\/\\\/www.everpharma.com\\\/fra\\\/wp-content\\\/uploads\\\/sites\\\/10\\\/2023\\\/05\\\/lyon.png\",\"contentUrl\":\"https:\\\/\\\/www.everpharma.com\\\/fra\\\/wp-content\\\/uploads\\\/sites\\\/10\\\/2023\\\/05\\\/lyon.png\",\"width\":910,\"height\":437},{\"@type\":\"BreadcrumbList\",\"@id\":\"https:\\\/\\\/www.everpharma.com\\\/fra\\\/#breadcrumb\",\"itemListElement\":[{\"@type\":\"ListItem\",\"position\":1,\"name\":\"Startseite\",\"item\":\"https:\\\/\\\/www.everpharma.com\\\/fra\\\/\"},{\"@type\":\"ListItem\",\"position\":2,\"name\":\"Accueil\"}]},{\"@type\":\"WebSite\",\"@id\":\"https:\\\/\\\/www.everpharma.com\\\/fra\\\/en\\\/#website\",\"url\":\"https:\\\/\\\/www.everpharma.com\\\/fra\\\/en\\\/\",\"name\":\"EVER Pharma France\",\"description\":\"Eine weitere EVER Pharma Network Website\",\"potentialAction\":[{\"@type\":\"SearchAction\",\"target\":{\"@type\":\"EntryPoint\",\"urlTemplate\":\"https:\\\/\\\/www.everpharma.com\\\/fra\\\/en\\\/?s={search_term_string}\"},\"query-input\":{\"@type\":\"PropertyValueSpecification\",\"valueRequired\":true,\"valueName\":\"search_term_string\"}}],\"inLanguage\":\"fr-FR\"}]}<\/script>\n<!-- \/ Yoast SEO plugin. -->","yoast_head_json":{"title":"Accueil - EVER Pharma France","robots":{"index":"index","follow":"follow","max-snippet":"max-snippet:-1","max-image-preview":"max-image-preview:large","max-video-preview":"max-video-preview:-1"},"canonical":"https:\/\/www.everpharma.com\/fra\/","og_locale":"fr_FR","og_type":"article","og_title":"Accueil - EVER Pharma France","og_description":"\u00c0 propos d&rsquo;EVER Pharma France","og_url":"https:\/\/www.everpharma.com\/fra\/","og_site_name":"EVER Pharma France","article_modified_time":"2026-04-27T10:04:12+00:00","og_image":[{"width":910,"height":437,"url":"https:\/\/www.everpharma.com\/fra\/wp-content\/uploads\/sites\/10\/2023\/05\/lyon.png","type":"image\/png"}],"twitter_card":"summary_large_image","twitter_misc":{"Dur\u00e9e de lecture estim\u00e9e":"1 minute"},"schema":{"@context":"https:\/\/schema.org","@graph":[{"@type":"WebPage","@id":"https:\/\/www.everpharma.com\/fra\/","url":"https:\/\/www.everpharma.com\/fra\/","name":"Accueil - EVER Pharma France","isPartOf":{"@id":"https:\/\/www.everpharma.com\/fra\/en\/#website"},"primaryImageOfPage":{"@id":"https:\/\/www.everpharma.com\/fra\/#primaryimage"},"image":{"@id":"https:\/\/www.everpharma.com\/fra\/#primaryimage"},"thumbnailUrl":"https:\/\/www.everpharma.com\/fra\/wp-content\/uploads\/sites\/10\/2023\/05\/lyon.png","datePublished":"2026-02-24T11:06:03+00:00","dateModified":"2026-04-27T10:04:12+00:00","breadcrumb":{"@id":"https:\/\/www.everpharma.com\/fra\/#breadcrumb"},"inLanguage":"fr-FR","potentialAction":[{"@type":"ReadAction","target":["https:\/\/www.everpharma.com\/fra\/"]}]},{"@type":"ImageObject","inLanguage":"fr-FR","@id":"https:\/\/www.everpharma.com\/fra\/#primaryimage","url":"https:\/\/www.everpharma.com\/fra\/wp-content\/uploads\/sites\/10\/2023\/05\/lyon.png","contentUrl":"https:\/\/www.everpharma.com\/fra\/wp-content\/uploads\/sites\/10\/2023\/05\/lyon.png","width":910,"height":437},{"@type":"BreadcrumbList","@id":"https:\/\/www.everpharma.com\/fra\/#breadcrumb","itemListElement":[{"@type":"ListItem","position":1,"name":"Startseite","item":"https:\/\/www.everpharma.com\/fra\/"},{"@type":"ListItem","position":2,"name":"Accueil"}]},{"@type":"WebSite","@id":"https:\/\/www.everpharma.com\/fra\/en\/#website","url":"https:\/\/www.everpharma.com\/fra\/en\/","name":"EVER Pharma France","description":"Eine weitere EVER Pharma Network Website","potentialAction":[{"@type":"SearchAction","target":{"@type":"EntryPoint","urlTemplate":"https:\/\/www.everpharma.com\/fra\/en\/?s={search_term_string}"},"query-input":{"@type":"PropertyValueSpecification","valueRequired":true,"valueName":"search_term_string"}}],"inLanguage":"fr-FR"}]}},"acf":[],"_links":{"self":[{"href":"https:\/\/www.everpharma.com\/fra\/wp-json\/wp\/v2\/pages\/2213","targetHints":{"allow":["GET"]}}],"collection":[{"href":"https:\/\/www.everpharma.com\/fra\/wp-json\/wp\/v2\/pages"}],"about":[{"href":"https:\/\/www.everpharma.com\/fra\/wp-json\/wp\/v2\/types\/page"}],"author":[{"embeddable":true,"href":"https:\/\/www.everpharma.com\/fra\/wp-json\/wp\/v2\/users\/13"}],"replies":[{"embeddable":true,"href":"https:\/\/www.everpharma.com\/fra\/wp-json\/wp\/v2\/comments?post=2213"}],"version-history":[{"count":4,"href":"https:\/\/www.everpharma.com\/fra\/wp-json\/wp\/v2\/pages\/2213\/revisions"}],"predecessor-version":[{"id":2240,"href":"https:\/\/www.everpharma.com\/fra\/wp-json\/wp\/v2\/pages\/2213\/revisions\/2240"}],"wp:attachment":[{"href":"https:\/\/www.everpharma.com\/fra\/wp-json\/wp\/v2\/media?parent=2213"}],"curies":[{"name":"wp","href":"https:\/\/api.w.org\/{rel}","templated":true}]}}