{"id":2201,"date":"2026-02-03T16:09:29","date_gmt":"2026-02-03T15:09:29","guid":{"rendered":"https:\/\/www.everpharma.com\/fra\/?page_id=2201"},"modified":"2026-02-24T12:08:33","modified_gmt":"2026-02-24T11:08:33","slug":"notre-presence-sur-le-territoire","status":"publish","type":"page","link":"https:\/\/www.everpharma.com\/fra\/notre-presence-sur-le-territoire\/","title":{"rendered":"Notre pr\u00e9sence sur le territoire"},"content":{"rendered":"\n<h1 class=\"wp-block-heading is-style-section-title\" id=\"Umwelt\">R\u00e9seaux de proximit\u00e9<\/h1>\n\n\n\n<p>Notre \u00e9quipe terrain, r\u00e9partie en deux r\u00e9seaux, couvre l\u2019ensemble du territoire national.<\/p>\n\n\n\n<div class=\"wp-block-columns is-layout-flex wp-container-core-columns-is-layout-9d6595d7 wp-block-columns-is-layout-flex\">\n<div class=\"wp-block-column is-vertically-aligned-center is-layout-flow wp-block-column-is-layout-flow\">\n<p class=\"has-text-align-center has-theme-red-color has-theme-white-background-color has-text-color has-background has-md-font-size\"><strong>R\u00e9seau Sp\u00e9cialit\u00e9s Neurologie et Urologie<\/strong><\/p>\n<\/div>\n\n\n\n<div class=\"wp-block-column is-layout-flow wp-block-column-is-layout-flow\">\n<p class=\"has-text-align-center has-theme-red-color has-theme-white-background-color has-text-color has-background has-link-color has-md-font-size wp-elements-5aec0edddf21392bf1f8e18e48f6f570\"><strong>R\u00e9seau Sp\u00e9cialit\u00e9s Injectables<\/strong><\/p>\n<\/div>\n<\/div>\n\n\n\n<div class=\"wp-block-columns is-style-tight is-layout-flex wp-container-core-columns-is-layout-9d6595d7 wp-block-columns-is-layout-flex\">\n<div class=\"wp-block-column is-layout-flow wp-block-column-is-layout-flow\" style=\"flex-basis:100%\">\n<div class=\"wp-block-columns is-layout-flex wp-container-core-columns-is-layout-9d6595d7 wp-block-columns-is-layout-flex\">\n<div class=\"wp-block-column is-layout-flow wp-block-column-is-layout-flow\"><div class=\"wp-block-image\">\n<figure class=\"alignleft size-large is-resized\"><img loading=\"lazy\" decoding=\"async\" width=\"847\" height=\"1024\" src=\"https:\/\/www.everpharma.com\/fra\/wp-content\/uploads\/sites\/10\/2026\/01\/Spe-NU-1-847x1024.png\" alt=\"\" class=\"wp-image-2203\" style=\"aspect-ratio:0.8271568913529812;width:493px;height:auto\" srcset=\"https:\/\/www.everpharma.com\/fra\/wp-content\/uploads\/sites\/10\/2026\/01\/Spe-NU-1-847x1024.png 847w, https:\/\/www.everpharma.com\/fra\/wp-content\/uploads\/sites\/10\/2026\/01\/Spe-NU-1-248x300.png 248w, https:\/\/www.everpharma.com\/fra\/wp-content\/uploads\/sites\/10\/2026\/01\/Spe-NU-1-768x928.png 768w, https:\/\/www.everpharma.com\/fra\/wp-content\/uploads\/sites\/10\/2026\/01\/Spe-NU-1.png 1017w\" sizes=\"auto, (max-width: 847px) 100vw, 847px\" \/><\/figure>\n<\/div><\/div>\n\n\n\n<div class=\"wp-block-column is-layout-flow wp-block-column-is-layout-flow\"><div class=\"wp-block-image\">\n<figure class=\"alignright size-large\"><img loading=\"lazy\" decoding=\"async\" width=\"911\" height=\"1024\" src=\"https:\/\/www.everpharma.com\/fra\/wp-content\/uploads\/sites\/10\/2026\/01\/Spe-SI-911x1024.png\" alt=\"\" class=\"wp-image-2204\" srcset=\"https:\/\/www.everpharma.com\/fra\/wp-content\/uploads\/sites\/10\/2026\/01\/Spe-SI-911x1024.png 911w, https:\/\/www.everpharma.com\/fra\/wp-content\/uploads\/sites\/10\/2026\/01\/Spe-SI-267x300.png 267w, https:\/\/www.everpharma.com\/fra\/wp-content\/uploads\/sites\/10\/2026\/01\/Spe-SI-768x863.png 768w, https:\/\/www.everpharma.com\/fra\/wp-content\/uploads\/sites\/10\/2026\/01\/Spe-SI.png 1024w\" sizes=\"auto, (max-width: 911px) 100vw, 911px\" \/><\/figure>\n<\/div><\/div>\n<\/div>\n<\/div>\n<\/div>\n\n\n\n<div class=\"wp-block-group\"><div class=\"wp-block-group__inner-container is-layout-flow wp-block-group-is-layout-flow\">\n<h2 class=\"wp-block-heading is-style-section-title\">Relations Hospitali\u00e8res et Administration des Ventes<br>si\u00e8ge lyonnais<\/h2>\n\n\n\n<p>T\u00e9l. 09 72 64 31 00<br>marches.fr@everpharma.com<br>info.fr@everpharma.com<\/p>\n<\/div><\/div>\n","protected":false},"excerpt":{"rendered":"<p>R\u00e9seaux de proximit\u00e9 Notre \u00e9quipe terrain, r\u00e9partie en deux r\u00e9seaux, couvre l\u2019ensemble du territoire national. R\u00e9seau Sp\u00e9cialit\u00e9s Neurologie et Urologie R\u00e9seau Sp\u00e9cialit\u00e9s Injectables Relations Hospitali\u00e8res et Administration des Ventessi\u00e8ge lyonnais T\u00e9l. 09 72 64 31 00marches.fr@everpharma.cominfo.fr@everpharma.com<\/p>\n","protected":false},"author":13,"featured_media":0,"parent":0,"menu_order":2,"comment_status":"closed","ping_status":"closed","template":"","meta":{"_acf_changed":false,"footnotes":""},"class_list":["post-2201","page","type-page","status-publish","hentry"],"yoast_head":"<!-- This site is optimized with the Yoast SEO plugin v27.4 - https:\/\/yoast.com\/product\/yoast-seo-wordpress\/ -->\n<title>Notre pr\u00e9sence sur le territoire - EVER Pharma France<\/title>\n<meta name=\"description\" content=\"Notre \u00e9quipe terrain, r\u00e9partie en deux r\u00e9seaux, couvre l\u2019ensemble du territoire national.\" \/>\n<meta name=\"robots\" content=\"index, follow, max-snippet:-1, max-image-preview:large, max-video-preview:-1\" \/>\n<link rel=\"canonical\" href=\"https:\/\/www.everpharma.com\/fra\/notre-presence-sur-le-territoire\/\" \/>\n<meta property=\"og:locale\" content=\"fr_FR\" \/>\n<meta property=\"og:type\" content=\"article\" \/>\n<meta property=\"og:title\" content=\"Notre pr\u00e9sence sur le territoire - EVER Pharma France\" \/>\n<meta property=\"og:description\" content=\"Notre \u00e9quipe terrain, r\u00e9partie en deux r\u00e9seaux, couvre l\u2019ensemble du territoire national.\" \/>\n<meta property=\"og:url\" content=\"https:\/\/www.everpharma.com\/fra\/notre-presence-sur-le-territoire\/\" \/>\n<meta property=\"og:site_name\" content=\"EVER Pharma France\" \/>\n<meta property=\"article:modified_time\" content=\"2026-02-24T11:08:33+00:00\" \/>\n<meta property=\"og:image\" content=\"https:\/\/www.everpharma.com\/fra\/wp-content\/uploads\/sites\/10\/2026\/01\/Spe-NU-1.png\" \/>\n\t<meta property=\"og:image:width\" content=\"1017\" \/>\n\t<meta property=\"og:image:height\" content=\"1229\" \/>\n\t<meta property=\"og:image:type\" content=\"image\/png\" \/>\n<meta name=\"twitter:card\" content=\"summary_large_image\" \/>\n<script type=\"application\/ld+json\" class=\"yoast-schema-graph\">{\"@context\":\"https:\\\/\\\/schema.org\",\"@graph\":[{\"@type\":\"WebPage\",\"@id\":\"https:\\\/\\\/www.everpharma.com\\\/fra\\\/notre-presence-sur-le-territoire\\\/\",\"url\":\"https:\\\/\\\/www.everpharma.com\\\/fra\\\/notre-presence-sur-le-territoire\\\/\",\"name\":\"Notre pr\u00e9sence sur le territoire - EVER Pharma France\",\"isPartOf\":{\"@id\":\"https:\\\/\\\/www.everpharma.com\\\/fra\\\/en\\\/#website\"},\"primaryImageOfPage\":{\"@id\":\"https:\\\/\\\/www.everpharma.com\\\/fra\\\/notre-presence-sur-le-territoire\\\/#primaryimage\"},\"image\":{\"@id\":\"https:\\\/\\\/www.everpharma.com\\\/fra\\\/notre-presence-sur-le-territoire\\\/#primaryimage\"},\"thumbnailUrl\":\"https:\\\/\\\/www.everpharma.com\\\/fra\\\/wp-content\\\/uploads\\\/sites\\\/10\\\/2026\\\/01\\\/Spe-NU-1-847x1024.png\",\"datePublished\":\"2026-02-03T15:09:29+00:00\",\"dateModified\":\"2026-02-24T11:08:33+00:00\",\"description\":\"Notre \u00e9quipe terrain, r\u00e9partie en deux r\u00e9seaux, couvre l\u2019ensemble du territoire national.\",\"breadcrumb\":{\"@id\":\"https:\\\/\\\/www.everpharma.com\\\/fra\\\/notre-presence-sur-le-territoire\\\/#breadcrumb\"},\"inLanguage\":\"fr-FR\",\"potentialAction\":[{\"@type\":\"ReadAction\",\"target\":[\"https:\\\/\\\/www.everpharma.com\\\/fra\\\/notre-presence-sur-le-territoire\\\/\"]}]},{\"@type\":\"ImageObject\",\"inLanguage\":\"fr-FR\",\"@id\":\"https:\\\/\\\/www.everpharma.com\\\/fra\\\/notre-presence-sur-le-territoire\\\/#primaryimage\",\"url\":\"https:\\\/\\\/www.everpharma.com\\\/fra\\\/wp-content\\\/uploads\\\/sites\\\/10\\\/2026\\\/01\\\/Spe-NU-1.png\",\"contentUrl\":\"https:\\\/\\\/www.everpharma.com\\\/fra\\\/wp-content\\\/uploads\\\/sites\\\/10\\\/2026\\\/01\\\/Spe-NU-1.png\",\"width\":1017,\"height\":1229},{\"@type\":\"BreadcrumbList\",\"@id\":\"https:\\\/\\\/www.everpharma.com\\\/fra\\\/notre-presence-sur-le-territoire\\\/#breadcrumb\",\"itemListElement\":[{\"@type\":\"ListItem\",\"position\":1,\"name\":\"Startseite\",\"item\":\"https:\\\/\\\/www.everpharma.com\\\/fra\\\/\"},{\"@type\":\"ListItem\",\"position\":2,\"name\":\"Notre pr\u00e9sence sur le territoire\"}]},{\"@type\":\"WebSite\",\"@id\":\"https:\\\/\\\/www.everpharma.com\\\/fra\\\/en\\\/#website\",\"url\":\"https:\\\/\\\/www.everpharma.com\\\/fra\\\/en\\\/\",\"name\":\"EVER Pharma France\",\"description\":\"Eine weitere EVER Pharma Network Website\",\"potentialAction\":[{\"@type\":\"SearchAction\",\"target\":{\"@type\":\"EntryPoint\",\"urlTemplate\":\"https:\\\/\\\/www.everpharma.com\\\/fra\\\/en\\\/?s={search_term_string}\"},\"query-input\":{\"@type\":\"PropertyValueSpecification\",\"valueRequired\":true,\"valueName\":\"search_term_string\"}}],\"inLanguage\":\"fr-FR\"}]}<\/script>\n<!-- \/ Yoast SEO plugin. -->","yoast_head_json":{"title":"Notre pr\u00e9sence sur le territoire - EVER Pharma France","description":"Notre \u00e9quipe terrain, r\u00e9partie en deux r\u00e9seaux, couvre l\u2019ensemble du territoire national.","robots":{"index":"index","follow":"follow","max-snippet":"max-snippet:-1","max-image-preview":"max-image-preview:large","max-video-preview":"max-video-preview:-1"},"canonical":"https:\/\/www.everpharma.com\/fra\/notre-presence-sur-le-territoire\/","og_locale":"fr_FR","og_type":"article","og_title":"Notre pr\u00e9sence sur le territoire - EVER Pharma France","og_description":"Notre \u00e9quipe terrain, r\u00e9partie en deux r\u00e9seaux, couvre l\u2019ensemble du territoire national.","og_url":"https:\/\/www.everpharma.com\/fra\/notre-presence-sur-le-territoire\/","og_site_name":"EVER Pharma France","article_modified_time":"2026-02-24T11:08:33+00:00","og_image":[{"width":1017,"height":1229,"url":"https:\/\/www.everpharma.com\/fra\/wp-content\/uploads\/sites\/10\/2026\/01\/Spe-NU-1.png","type":"image\/png"}],"twitter_card":"summary_large_image","schema":{"@context":"https:\/\/schema.org","@graph":[{"@type":"WebPage","@id":"https:\/\/www.everpharma.com\/fra\/notre-presence-sur-le-territoire\/","url":"https:\/\/www.everpharma.com\/fra\/notre-presence-sur-le-territoire\/","name":"Notre pr\u00e9sence sur le territoire - EVER Pharma France","isPartOf":{"@id":"https:\/\/www.everpharma.com\/fra\/en\/#website"},"primaryImageOfPage":{"@id":"https:\/\/www.everpharma.com\/fra\/notre-presence-sur-le-territoire\/#primaryimage"},"image":{"@id":"https:\/\/www.everpharma.com\/fra\/notre-presence-sur-le-territoire\/#primaryimage"},"thumbnailUrl":"https:\/\/www.everpharma.com\/fra\/wp-content\/uploads\/sites\/10\/2026\/01\/Spe-NU-1-847x1024.png","datePublished":"2026-02-03T15:09:29+00:00","dateModified":"2026-02-24T11:08:33+00:00","description":"Notre \u00e9quipe terrain, r\u00e9partie en deux r\u00e9seaux, couvre l\u2019ensemble du territoire national.","breadcrumb":{"@id":"https:\/\/www.everpharma.com\/fra\/notre-presence-sur-le-territoire\/#breadcrumb"},"inLanguage":"fr-FR","potentialAction":[{"@type":"ReadAction","target":["https:\/\/www.everpharma.com\/fra\/notre-presence-sur-le-territoire\/"]}]},{"@type":"ImageObject","inLanguage":"fr-FR","@id":"https:\/\/www.everpharma.com\/fra\/notre-presence-sur-le-territoire\/#primaryimage","url":"https:\/\/www.everpharma.com\/fra\/wp-content\/uploads\/sites\/10\/2026\/01\/Spe-NU-1.png","contentUrl":"https:\/\/www.everpharma.com\/fra\/wp-content\/uploads\/sites\/10\/2026\/01\/Spe-NU-1.png","width":1017,"height":1229},{"@type":"BreadcrumbList","@id":"https:\/\/www.everpharma.com\/fra\/notre-presence-sur-le-territoire\/#breadcrumb","itemListElement":[{"@type":"ListItem","position":1,"name":"Startseite","item":"https:\/\/www.everpharma.com\/fra\/"},{"@type":"ListItem","position":2,"name":"Notre pr\u00e9sence sur le territoire"}]},{"@type":"WebSite","@id":"https:\/\/www.everpharma.com\/fra\/en\/#website","url":"https:\/\/www.everpharma.com\/fra\/en\/","name":"EVER Pharma France","description":"Eine weitere EVER Pharma Network Website","potentialAction":[{"@type":"SearchAction","target":{"@type":"EntryPoint","urlTemplate":"https:\/\/www.everpharma.com\/fra\/en\/?s={search_term_string}"},"query-input":{"@type":"PropertyValueSpecification","valueRequired":true,"valueName":"search_term_string"}}],"inLanguage":"fr-FR"}]}},"acf":[],"_links":{"self":[{"href":"https:\/\/www.everpharma.com\/fra\/wp-json\/wp\/v2\/pages\/2201","targetHints":{"allow":["GET"]}}],"collection":[{"href":"https:\/\/www.everpharma.com\/fra\/wp-json\/wp\/v2\/pages"}],"about":[{"href":"https:\/\/www.everpharma.com\/fra\/wp-json\/wp\/v2\/types\/page"}],"author":[{"embeddable":true,"href":"https:\/\/www.everpharma.com\/fra\/wp-json\/wp\/v2\/users\/13"}],"replies":[{"embeddable":true,"href":"https:\/\/www.everpharma.com\/fra\/wp-json\/wp\/v2\/comments?post=2201"}],"version-history":[{"count":1,"href":"https:\/\/www.everpharma.com\/fra\/wp-json\/wp\/v2\/pages\/2201\/revisions"}],"predecessor-version":[{"id":2205,"href":"https:\/\/www.everpharma.com\/fra\/wp-json\/wp\/v2\/pages\/2201\/revisions\/2205"}],"wp:attachment":[{"href":"https:\/\/www.everpharma.com\/fra\/wp-json\/wp\/v2\/media?parent=2201"}],"curies":[{"name":"wp","href":"https:\/\/api.w.org\/{rel}","templated":true}]}}