{"id":1003,"date":"2023-06-01T10:45:19","date_gmt":"2023-06-01T08:45:19","guid":{"rendered":"https:\/\/www.everpharma.com\/fra\/?page_id=1003"},"modified":"2025-02-19T14:17:31","modified_gmt":"2025-02-19T13:17:31","slug":"mentions-legales","status":"publish","type":"page","link":"https:\/\/www.everpharma.com\/fra\/mentions-legales\/","title":{"rendered":"Mentions l\u00e9gales"},"content":{"rendered":"\n<p><strong>Identit\u00e9<\/strong><br>&#8211; Nom et adresse du site : EVER Pharma France &#8211; https:\/\/www.everpharma.fr<br>&#8211; Propri\u00e9taire du domaine : EVER Pharma GmbH<br>&#8211; Responsable de publication : EVER Pharma France &#8211; Conception &amp; r\u00e9alisation : EVER Pharma France &#8211; info.fr@everpharma.com<br>&#8211; H\u00e9bergeur de ce site : OVH &#8211; 2 rue Kellermann &#8211; 59100 Roubaix &#8211; France<\/p>\n\n\n\n<p><strong>Personne morale<\/strong><br>&#8211; EVER Pharma France SAS &#8211; 84 Quai Joseph Gillet &#8211; 69004 Lyon<br>&#8211; T\u00e9l. 09 72 64 30 60 &#8211; Mail. info.fr@everpharma.com &#8211; Capital social : 100 000\u20ac &#8211; Siret : 822 867 735 00026, RCS de Lyon<br>&#8211; TVA intracommunautaire : FR68 822 867 735<\/p>\n\n\n\n<p><strong>Conditions d\u2019utilisation<\/strong><br>L\u2019utilisation du pr\u00e9sent site implique l\u2019acceptation pleine et enti\u00e8re des conditions g\u00e9n\u00e9rales d\u2019utilisation d\u00e9crites ci-apr\u00e8s. Ces conditions d\u2019utilisation sont susceptibles d\u2019\u00eatre modifi\u00e9es ou compl\u00e9t\u00e9es \u00e0 tout moment.<\/p>\n\n\n\n<p><strong>Informations<\/strong><br>Les informations et documents du site sont pr\u00e9sent\u00e9s \u00e0 titre indicatif, ne rev\u00eatent pas un caract\u00e8re exhaustif, et ne peuvent engager la responsabilit\u00e9 du propri\u00e9taire du site.<br>Le propri\u00e9taire du site ne peut \u00eatre tenu responsable des dommages directs et indirects cons\u00e9cutifs \u00e0 l\u2019acc\u00e8s au site.<\/p>\n\n\n\n<p><strong>Propri\u00e9t\u00e9 intellectuelle<\/strong><br>Sauf mention contraire, tous les \u00e9l\u00e9ments accessibles sur le site (textes, images, graphismes, logo, ic\u00f4nes, sons, logiciels, etc.) restent la propri\u00e9t\u00e9 exclusive de leurs auteurs, en ce qui concerne les droits de propri\u00e9t\u00e9 intellectuelle ou les droits d\u2019usage <sup>1<\/sup>.<br>Toute reproduction, repr\u00e9sentation, modification, publication, adaptation de tout ou partie des \u00e9l\u00e9ments du site, quel que soit le moyen ou le proc\u00e9d\u00e9 utilis\u00e9, est interdite, sauf autorisation \u00e9crite pr\u00e9alable de l\u2019auteur <sup>2,3<\/sup>.<br>Toute exploitation non autoris\u00e9e du site ou de l\u2019un quelconque des \u00e9l\u00e9ments qu\u2019il contient est consid\u00e9r\u00e9e comme constitutive d\u2019une contrefa\u00e7on et peut \u00eatre poursuivie en justice <sup>4<\/sup>.<br>Les marques et logos reproduits sur le site sont d\u00e9pos\u00e9s par les soci\u00e9t\u00e9s qui en sont propri\u00e9taires.<\/p>\n\n\n\n<p><strong>Liens<\/strong><\/p>\n\n\n\n<p><em>Liens sortants<\/em><br>Le propri\u00e9taire du site d\u00e9cline toute responsabilit\u00e9 et n\u2019est pas engag\u00e9 par le r\u00e9f\u00e9rencement via des liens hypertextes, de ressources tierces pr\u00e9sentes sur le r\u00e9seau Internet, tant en ce qui concerne leur contenu que leur pertinence.<\/p>\n\n\n\n<p><em>Liens entrants<\/em><br>Le propri\u00e9taire du site n&rsquo;autorise pas les liens hypertextes vers l\u2019une des pages de ce site.<\/p>\n\n\n\n<p><strong>Confidentialit\u00e9<\/strong><br>Ce site ne recueille pas d\u2019informations personnelles, et n\u2019est pas assujetti au RGPD.<\/p>\n\n\n\n<p><strong>Cr\u00e9dits<\/strong><br>&#8211; photos : 123RF<br>&#8211; vid\u00e9o : EVER Pharma GmbH<br>&#8211; dessins, icones, gif : EVER Pharma France SAS<sup>1<\/sup> Articles L111-1 et suivants du Code de la Propri\u00e9t\u00e9 Intellectuelle du 1er juillet 1992<br><sup>2<\/sup> Article 41 de la loi du 11 mars 1957<br><sup>3<\/sup> Article L. 226-13 du Code p\u00e9nal et la Directive Europ\u00e9enne du 24 octobre 1995<br><sup>4<\/sup> Articles L.335-2 et suivants du Code de Propri\u00e9t\u00e9 Intellectuelle<br><sup>5<\/sup> Loi n\u00b0 78-87 du 6 janvier 1978, modifi\u00e9e par la loi n\u00b0 2004-801 du 6 ao\u00fbt 2004, relative \u00e0 l\u2019informatique, aux fichiers et aux libert\u00e9s<br><sup>6<\/sup> Articles 38 et suivants de la loi 78-17 du 6 janvier 1978 relative \u00e0 l\u2019informatique, aux fichiers et aux libert\u00e9s<br><sup>7<\/sup> Loi du 1er juillet 1998 transposant la directive 96\/9 du 11 mars 1996 relative \u00e0 la protection juridique des bases de donn\u00e9es<br><sup>8<\/sup> Loi n\u00b0 2004-801 du 6 ao\u00fbt 2004<br><sup>9<\/sup> Article 6 de la loi n\u00b0 2004-575 du 21 juin 2004 pour la confiance dans l\u2019\u00e9conomie num\u00e9rique<\/p>\n","protected":false},"excerpt":{"rendered":"<p>Identit\u00e9&#8211; Nom et adresse du site : EVER Pharma France &#8211; https:\/\/www.everpharma.fr&#8211; Propri\u00e9taire du domaine : EVER Pharma GmbH&#8211; Responsable de publication : EVER Pharma France &#8211; Conception &amp; r\u00e9alisation : EVER Pharma France &#8211; info.fr@everpharma.com&#8211; H\u00e9bergeur de ce site : OVH &#8211; 2 rue Kellermann &#8211; 59100 Roubaix &#8211; France Personne morale&#8211; EVER Pharma &hellip; <a href=\"https:\/\/www.everpharma.com\/fra\/mentions-legales\/\">Continued<\/a><\/p>\n","protected":false},"author":13,"featured_media":0,"parent":0,"menu_order":5,"comment_status":"closed","ping_status":"closed","template":"","meta":{"_acf_changed":false,"footnotes":""},"class_list":["post-1003","page","type-page","status-publish","hentry"],"yoast_head":"<!-- This site is optimized with the Yoast SEO plugin v27.4 - https:\/\/yoast.com\/product\/yoast-seo-wordpress\/ -->\n<title>Mentions l\u00e9gales - EVER Pharma France<\/title>\n<meta name=\"robots\" content=\"index, follow, max-snippet:-1, max-image-preview:large, max-video-preview:-1\" \/>\n<link rel=\"canonical\" href=\"https:\/\/www.everpharma.com\/fra\/mentions-legales\/\" \/>\n<meta property=\"og:locale\" content=\"fr_FR\" \/>\n<meta property=\"og:type\" content=\"article\" \/>\n<meta property=\"og:title\" content=\"Mentions l\u00e9gales - EVER Pharma France\" \/>\n<meta property=\"og:description\" content=\"Identit\u00e9&#8211; Nom et adresse du site : EVER Pharma France &#8211; https:\/\/www.everpharma.fr&#8211; Propri\u00e9taire du domaine : EVER Pharma GmbH&#8211; Responsable de publication : EVER Pharma France &#8211; Conception &amp; r\u00e9alisation : EVER Pharma France &#8211; info.fr@everpharma.com&#8211; H\u00e9bergeur de ce site : OVH &#8211; 2 rue Kellermann &#8211; 59100 Roubaix &#8211; France Personne morale&#8211; EVER Pharma &hellip; Continued\" \/>\n<meta property=\"og:url\" content=\"https:\/\/www.everpharma.com\/fra\/mentions-legales\/\" \/>\n<meta property=\"og:site_name\" content=\"EVER Pharma France\" \/>\n<meta property=\"article:modified_time\" content=\"2025-02-19T13:17:31+00:00\" \/>\n<meta name=\"twitter:card\" content=\"summary_large_image\" \/>\n<meta name=\"twitter:label1\" content=\"Dur\u00e9e de lecture estim\u00e9e\" \/>\n\t<meta name=\"twitter:data1\" content=\"3 minutes\" \/>\n<script type=\"application\/ld+json\" class=\"yoast-schema-graph\">{\"@context\":\"https:\\\/\\\/schema.org\",\"@graph\":[{\"@type\":\"WebPage\",\"@id\":\"https:\\\/\\\/www.everpharma.com\\\/fra\\\/mentions-legales\\\/\",\"url\":\"https:\\\/\\\/www.everpharma.com\\\/fra\\\/mentions-legales\\\/\",\"name\":\"Mentions l\u00e9gales - EVER Pharma France\",\"isPartOf\":{\"@id\":\"https:\\\/\\\/www.everpharma.com\\\/fra\\\/en\\\/#website\"},\"datePublished\":\"2023-06-01T08:45:19+00:00\",\"dateModified\":\"2025-02-19T13:17:31+00:00\",\"breadcrumb\":{\"@id\":\"https:\\\/\\\/www.everpharma.com\\\/fra\\\/mentions-legales\\\/#breadcrumb\"},\"inLanguage\":\"fr-FR\",\"potentialAction\":[{\"@type\":\"ReadAction\",\"target\":[\"https:\\\/\\\/www.everpharma.com\\\/fra\\\/mentions-legales\\\/\"]}]},{\"@type\":\"BreadcrumbList\",\"@id\":\"https:\\\/\\\/www.everpharma.com\\\/fra\\\/mentions-legales\\\/#breadcrumb\",\"itemListElement\":[{\"@type\":\"ListItem\",\"position\":1,\"name\":\"Startseite\",\"item\":\"https:\\\/\\\/www.everpharma.com\\\/fra\\\/\"},{\"@type\":\"ListItem\",\"position\":2,\"name\":\"Mentions l\u00e9gales\"}]},{\"@type\":\"WebSite\",\"@id\":\"https:\\\/\\\/www.everpharma.com\\\/fra\\\/en\\\/#website\",\"url\":\"https:\\\/\\\/www.everpharma.com\\\/fra\\\/en\\\/\",\"name\":\"EVER Pharma France\",\"description\":\"Eine weitere EVER Pharma Network Website\",\"potentialAction\":[{\"@type\":\"SearchAction\",\"target\":{\"@type\":\"EntryPoint\",\"urlTemplate\":\"https:\\\/\\\/www.everpharma.com\\\/fra\\\/en\\\/?s={search_term_string}\"},\"query-input\":{\"@type\":\"PropertyValueSpecification\",\"valueRequired\":true,\"valueName\":\"search_term_string\"}}],\"inLanguage\":\"fr-FR\"}]}<\/script>\n<!-- \/ Yoast SEO plugin. -->","yoast_head_json":{"title":"Mentions l\u00e9gales - EVER Pharma France","robots":{"index":"index","follow":"follow","max-snippet":"max-snippet:-1","max-image-preview":"max-image-preview:large","max-video-preview":"max-video-preview:-1"},"canonical":"https:\/\/www.everpharma.com\/fra\/mentions-legales\/","og_locale":"fr_FR","og_type":"article","og_title":"Mentions l\u00e9gales - EVER Pharma France","og_description":"Identit\u00e9&#8211; Nom et adresse du site : EVER Pharma France &#8211; https:\/\/www.everpharma.fr&#8211; Propri\u00e9taire du domaine : EVER Pharma GmbH&#8211; Responsable de publication : EVER Pharma France &#8211; Conception &amp; r\u00e9alisation : EVER Pharma France &#8211; info.fr@everpharma.com&#8211; H\u00e9bergeur de ce site : OVH &#8211; 2 rue Kellermann &#8211; 59100 Roubaix &#8211; France Personne morale&#8211; EVER Pharma &hellip; Continued","og_url":"https:\/\/www.everpharma.com\/fra\/mentions-legales\/","og_site_name":"EVER Pharma France","article_modified_time":"2025-02-19T13:17:31+00:00","twitter_card":"summary_large_image","twitter_misc":{"Dur\u00e9e de lecture estim\u00e9e":"3 minutes"},"schema":{"@context":"https:\/\/schema.org","@graph":[{"@type":"WebPage","@id":"https:\/\/www.everpharma.com\/fra\/mentions-legales\/","url":"https:\/\/www.everpharma.com\/fra\/mentions-legales\/","name":"Mentions l\u00e9gales - EVER Pharma France","isPartOf":{"@id":"https:\/\/www.everpharma.com\/fra\/en\/#website"},"datePublished":"2023-06-01T08:45:19+00:00","dateModified":"2025-02-19T13:17:31+00:00","breadcrumb":{"@id":"https:\/\/www.everpharma.com\/fra\/mentions-legales\/#breadcrumb"},"inLanguage":"fr-FR","potentialAction":[{"@type":"ReadAction","target":["https:\/\/www.everpharma.com\/fra\/mentions-legales\/"]}]},{"@type":"BreadcrumbList","@id":"https:\/\/www.everpharma.com\/fra\/mentions-legales\/#breadcrumb","itemListElement":[{"@type":"ListItem","position":1,"name":"Startseite","item":"https:\/\/www.everpharma.com\/fra\/"},{"@type":"ListItem","position":2,"name":"Mentions l\u00e9gales"}]},{"@type":"WebSite","@id":"https:\/\/www.everpharma.com\/fra\/en\/#website","url":"https:\/\/www.everpharma.com\/fra\/en\/","name":"EVER Pharma France","description":"Eine weitere EVER Pharma Network Website","potentialAction":[{"@type":"SearchAction","target":{"@type":"EntryPoint","urlTemplate":"https:\/\/www.everpharma.com\/fra\/en\/?s={search_term_string}"},"query-input":{"@type":"PropertyValueSpecification","valueRequired":true,"valueName":"search_term_string"}}],"inLanguage":"fr-FR"}]}},"acf":[],"_links":{"self":[{"href":"https:\/\/www.everpharma.com\/fra\/wp-json\/wp\/v2\/pages\/1003","targetHints":{"allow":["GET"]}}],"collection":[{"href":"https:\/\/www.everpharma.com\/fra\/wp-json\/wp\/v2\/pages"}],"about":[{"href":"https:\/\/www.everpharma.com\/fra\/wp-json\/wp\/v2\/types\/page"}],"author":[{"embeddable":true,"href":"https:\/\/www.everpharma.com\/fra\/wp-json\/wp\/v2\/users\/13"}],"replies":[{"embeddable":true,"href":"https:\/\/www.everpharma.com\/fra\/wp-json\/wp\/v2\/comments?post=1003"}],"version-history":[{"count":2,"href":"https:\/\/www.everpharma.com\/fra\/wp-json\/wp\/v2\/pages\/1003\/revisions"}],"predecessor-version":[{"id":2174,"href":"https:\/\/www.everpharma.com\/fra\/wp-json\/wp\/v2\/pages\/1003\/revisions\/2174"}],"wp:attachment":[{"href":"https:\/\/www.everpharma.com\/fra\/wp-json\/wp\/v2\/media?parent=1003"}],"curies":[{"name":"wp","href":"https:\/\/api.w.org\/{rel}","templated":true}]}}