{"id":705,"date":"2024-07-18T11:32:19","date_gmt":"2024-07-18T09:32:19","guid":{"rendered":"https:\/\/www.everpharma.com\/esp\/?post_type=product&#038;p=705"},"modified":"2024-11-25T11:32:01","modified_gmt":"2024-11-25T10:32:01","slug":"lazulymph","status":"publish","type":"product","link":"https:\/\/www.everpharma.com\/esp\/products\/lazulymph\/","title":{"rendered":"Lazulymph"},"content":{"rendered":"\n<div class=\"wp-block-group meta\"><div class=\"wp-block-group__inner-container is-layout-flow wp-block-group-is-layout-flow\">\n<div class=\"wp-block-columns is-layout-flex wp-container-core-columns-is-layout-9d6595d7 wp-block-columns-is-layout-flex\">\n<div class=\"wp-block-column is-layout-flow wp-block-column-is-layout-flow\">\n<figure class=\"wp-block-table\"><table><tbody><tr><td><strong>Forma farmac\u00e9utica<\/strong><\/td><td>Azul Patentado V 2,5% marcador para cirug\u00eda.<br>Soluci\u00f3n est\u00e9ril apir\u00f3gena de Clase IIa en jeringa precargada.<\/td><\/tr><tr><td><strong>D\u00f3sis<\/strong><\/td><td>2,5 g<\/td><\/tr><tr><td><strong>Concentraci\u00f3n<\/strong><\/td><td>2,5 g \/ 100 ml<\/td><\/tr><tr><td><strong>Indicaci\u00f3n<\/strong><\/td><td>El Azul Patentado V 2,5% es un colorante vital indicado para el marcado del ganglio linf\u00e1tico centinela en el c\u00e1ncer de mama y en la investigaci\u00f3n intraoperatoria del ganglio linf\u00e1tico centinela en el paciente con c\u00e1ncer de colon. Tambi\u00e9n se utiliza en la linfoescintigraf\u00eda preoperatoria para la biopsia del ganglio linf\u00e1tico centinela en el melanoma.<br><\/td><\/tr><\/tbody><\/table><\/figure>\n<\/div>\n<\/div>\n<\/div><\/div>\n\n\n\n<figure class=\"wp-block-gallery has-nested-images columns-default is-cropped wp-block-gallery-2 is-layout-flex wp-block-gallery-is-layout-flex\">\n<figure class=\"wp-block-image size-large\"><img loading=\"lazy\" decoding=\"async\" width=\"1024\" height=\"1024\" data-id=\"707\" src=\"https:\/\/www.everpharma.com\/esp\/wp-content\/uploads\/sites\/6\/2024\/07\/01.-Pack-v1-1024x1024.png\" alt=\"\" class=\"wp-image-707\" srcset=\"https:\/\/www.everpharma.com\/esp\/wp-content\/uploads\/sites\/6\/2024\/07\/01.-Pack-v1-1024x1024.png 1024w, https:\/\/www.everpharma.com\/esp\/wp-content\/uploads\/sites\/6\/2024\/07\/01.-Pack-v1-300x300.png 300w, https:\/\/www.everpharma.com\/esp\/wp-content\/uploads\/sites\/6\/2024\/07\/01.-Pack-v1-150x150.png 150w, https:\/\/www.everpharma.com\/esp\/wp-content\/uploads\/sites\/6\/2024\/07\/01.-Pack-v1-768x768.png 768w, https:\/\/www.everpharma.com\/esp\/wp-content\/uploads\/sites\/6\/2024\/07\/01.-Pack-v1.png 1200w\" sizes=\"auto, (max-width: 1024px) 100vw, 1024px\" \/><\/figure>\n<\/figure>\n\n\n\n<div style=\"height:50px\" aria-hidden=\"true\" class=\"wp-block-spacer\"><\/div>\n\n\n\n<p><\/p>\n\n\n\n<p><\/p>\n\n\n\n<p class=\"has-base-font-size\"><\/p>\n\n\n\n<div style=\"height:100px\" aria-hidden=\"true\" class=\"wp-block-spacer\"><\/div>\n","protected":false},"excerpt":{"rendered":"<p>Forma farmac\u00e9utica Azul Patentado V 2,5% marcador para cirug\u00eda.Soluci\u00f3n est\u00e9ril apir\u00f3gena de Clase IIa en jeringa precargada. D\u00f3sis 2,5 g Concentraci\u00f3n 2,5 g \/ 100 ml Indicaci\u00f3n El Azul Patentado V 2,5% es un colorante vital indicado para el marcado del ganglio linf\u00e1tico centinela en el c\u00e1ncer de mama y en la investigaci\u00f3n intraoperatoria del &hellip; <a href=\"https:\/\/www.everpharma.com\/esp\/products\/lazulymph\/\">Continued<\/a><\/p>\n","protected":false},"featured_media":0,"template":"","class_list":["post-705","product","type-product","status-publish","hentry"],"yoast_head":"<!-- This site is optimized with the Yoast SEO plugin v27.4 - https:\/\/yoast.com\/product\/yoast-seo-wordpress\/ -->\n<title>Lazulymph - EVER Pharma Spain<\/title>\n<meta name=\"robots\" content=\"index, follow, max-snippet:-1, max-image-preview:large, max-video-preview:-1\" \/>\n<link rel=\"canonical\" href=\"https:\/\/www.everpharma.com\/esp\/products\/lazulymph\/\" \/>\n<meta property=\"og:locale\" content=\"es_ES\" \/>\n<meta property=\"og:type\" content=\"article\" \/>\n<meta property=\"og:title\" content=\"Lazulymph - EVER Pharma Spain\" \/>\n<meta property=\"og:description\" content=\"Forma farmac\u00e9utica Azul Patentado V 2,5% marcador para cirug\u00eda.Soluci\u00f3n est\u00e9ril apir\u00f3gena de Clase IIa en jeringa precargada. D\u00f3sis 2,5 g Concentraci\u00f3n 2,5 g \/ 100 ml Indicaci\u00f3n El Azul Patentado V 2,5% es un colorante vital indicado para el marcado del ganglio linf\u00e1tico centinela en el c\u00e1ncer de mama y en la investigaci\u00f3n intraoperatoria del &hellip; Continued\" \/>\n<meta property=\"og:url\" content=\"https:\/\/www.everpharma.com\/esp\/products\/lazulymph\/\" \/>\n<meta property=\"og:site_name\" content=\"EVER Pharma Spain\" \/>\n<meta property=\"article:modified_time\" content=\"2024-11-25T10:32:01+00:00\" \/>\n<meta property=\"og:image\" content=\"https:\/\/www.everpharma.com\/esp\/wp-content\/uploads\/sites\/6\/2024\/07\/01.-Pack-v1.png\" \/>\n\t<meta property=\"og:image:width\" content=\"1200\" \/>\n\t<meta property=\"og:image:height\" content=\"1200\" \/>\n\t<meta property=\"og:image:type\" content=\"image\/png\" \/>\n<meta name=\"twitter:card\" content=\"summary_large_image\" \/>\n<script type=\"application\/ld+json\" class=\"yoast-schema-graph\">{\"@context\":\"https:\\\/\\\/schema.org\",\"@graph\":[{\"@type\":\"WebPage\",\"@id\":\"https:\\\/\\\/www.everpharma.com\\\/esp\\\/products\\\/lazulymph\\\/\",\"url\":\"https:\\\/\\\/www.everpharma.com\\\/esp\\\/products\\\/lazulymph\\\/\",\"name\":\"Lazulymph - EVER Pharma Spain\",\"isPartOf\":{\"@id\":\"https:\\\/\\\/www.everpharma.com\\\/esp\\\/#website\"},\"primaryImageOfPage\":{\"@id\":\"https:\\\/\\\/www.everpharma.com\\\/esp\\\/products\\\/lazulymph\\\/#primaryimage\"},\"image\":{\"@id\":\"https:\\\/\\\/www.everpharma.com\\\/esp\\\/products\\\/lazulymph\\\/#primaryimage\"},\"thumbnailUrl\":\"https:\\\/\\\/www.everpharma.com\\\/esp\\\/wp-content\\\/uploads\\\/sites\\\/6\\\/2024\\\/07\\\/01.-Pack-v1-1024x1024.png\",\"datePublished\":\"2024-07-18T09:32:19+00:00\",\"dateModified\":\"2024-11-25T10:32:01+00:00\",\"breadcrumb\":{\"@id\":\"https:\\\/\\\/www.everpharma.com\\\/esp\\\/products\\\/lazulymph\\\/#breadcrumb\"},\"inLanguage\":\"es-ES\",\"potentialAction\":[{\"@type\":\"ReadAction\",\"target\":[\"https:\\\/\\\/www.everpharma.com\\\/esp\\\/products\\\/lazulymph\\\/\"]}]},{\"@type\":\"ImageObject\",\"inLanguage\":\"es-ES\",\"@id\":\"https:\\\/\\\/www.everpharma.com\\\/esp\\\/products\\\/lazulymph\\\/#primaryimage\",\"url\":\"https:\\\/\\\/www.everpharma.com\\\/esp\\\/wp-content\\\/uploads\\\/sites\\\/6\\\/2024\\\/07\\\/01.-Pack-v1.png\",\"contentUrl\":\"https:\\\/\\\/www.everpharma.com\\\/esp\\\/wp-content\\\/uploads\\\/sites\\\/6\\\/2024\\\/07\\\/01.-Pack-v1.png\",\"width\":1200,\"height\":1200},{\"@type\":\"BreadcrumbList\",\"@id\":\"https:\\\/\\\/www.everpharma.com\\\/esp\\\/products\\\/lazulymph\\\/#breadcrumb\",\"itemListElement\":[{\"@type\":\"ListItem\",\"position\":1,\"name\":\"Startseite\",\"item\":\"https:\\\/\\\/www.everpharma.com\\\/esp\\\/\"},{\"@type\":\"ListItem\",\"position\":2,\"name\":\"Products\",\"item\":\"https:\\\/\\\/www.everpharma.com\\\/esp\\\/products\\\/\"},{\"@type\":\"ListItem\",\"position\":3,\"name\":\"Lazulymph\"}]},{\"@type\":\"WebSite\",\"@id\":\"https:\\\/\\\/www.everpharma.com\\\/esp\\\/#website\",\"url\":\"https:\\\/\\\/www.everpharma.com\\\/esp\\\/\",\"name\":\"EVER Pharma Spain\",\"description\":\"Dedicated to Health.\",\"potentialAction\":[{\"@type\":\"SearchAction\",\"target\":{\"@type\":\"EntryPoint\",\"urlTemplate\":\"https:\\\/\\\/www.everpharma.com\\\/esp\\\/?s={search_term_string}\"},\"query-input\":{\"@type\":\"PropertyValueSpecification\",\"valueRequired\":true,\"valueName\":\"search_term_string\"}}],\"inLanguage\":\"es-ES\"}]}<\/script>\n<!-- \/ Yoast SEO plugin. -->","yoast_head_json":{"title":"Lazulymph - EVER Pharma Spain","robots":{"index":"index","follow":"follow","max-snippet":"max-snippet:-1","max-image-preview":"max-image-preview:large","max-video-preview":"max-video-preview:-1"},"canonical":"https:\/\/www.everpharma.com\/esp\/products\/lazulymph\/","og_locale":"es_ES","og_type":"article","og_title":"Lazulymph - EVER Pharma Spain","og_description":"Forma farmac\u00e9utica Azul Patentado V 2,5% marcador para cirug\u00eda.Soluci\u00f3n est\u00e9ril apir\u00f3gena de Clase IIa en jeringa precargada. D\u00f3sis 2,5 g Concentraci\u00f3n 2,5 g \/ 100 ml Indicaci\u00f3n El Azul Patentado V 2,5% es un colorante vital indicado para el marcado del ganglio linf\u00e1tico centinela en el c\u00e1ncer de mama y en la investigaci\u00f3n intraoperatoria del &hellip; Continued","og_url":"https:\/\/www.everpharma.com\/esp\/products\/lazulymph\/","og_site_name":"EVER Pharma Spain","article_modified_time":"2024-11-25T10:32:01+00:00","og_image":[{"width":1200,"height":1200,"url":"https:\/\/www.everpharma.com\/esp\/wp-content\/uploads\/sites\/6\/2024\/07\/01.-Pack-v1.png","type":"image\/png"}],"twitter_card":"summary_large_image","schema":{"@context":"https:\/\/schema.org","@graph":[{"@type":"WebPage","@id":"https:\/\/www.everpharma.com\/esp\/products\/lazulymph\/","url":"https:\/\/www.everpharma.com\/esp\/products\/lazulymph\/","name":"Lazulymph - EVER Pharma Spain","isPartOf":{"@id":"https:\/\/www.everpharma.com\/esp\/#website"},"primaryImageOfPage":{"@id":"https:\/\/www.everpharma.com\/esp\/products\/lazulymph\/#primaryimage"},"image":{"@id":"https:\/\/www.everpharma.com\/esp\/products\/lazulymph\/#primaryimage"},"thumbnailUrl":"https:\/\/www.everpharma.com\/esp\/wp-content\/uploads\/sites\/6\/2024\/07\/01.-Pack-v1-1024x1024.png","datePublished":"2024-07-18T09:32:19+00:00","dateModified":"2024-11-25T10:32:01+00:00","breadcrumb":{"@id":"https:\/\/www.everpharma.com\/esp\/products\/lazulymph\/#breadcrumb"},"inLanguage":"es-ES","potentialAction":[{"@type":"ReadAction","target":["https:\/\/www.everpharma.com\/esp\/products\/lazulymph\/"]}]},{"@type":"ImageObject","inLanguage":"es-ES","@id":"https:\/\/www.everpharma.com\/esp\/products\/lazulymph\/#primaryimage","url":"https:\/\/www.everpharma.com\/esp\/wp-content\/uploads\/sites\/6\/2024\/07\/01.-Pack-v1.png","contentUrl":"https:\/\/www.everpharma.com\/esp\/wp-content\/uploads\/sites\/6\/2024\/07\/01.-Pack-v1.png","width":1200,"height":1200},{"@type":"BreadcrumbList","@id":"https:\/\/www.everpharma.com\/esp\/products\/lazulymph\/#breadcrumb","itemListElement":[{"@type":"ListItem","position":1,"name":"Startseite","item":"https:\/\/www.everpharma.com\/esp\/"},{"@type":"ListItem","position":2,"name":"Products","item":"https:\/\/www.everpharma.com\/esp\/products\/"},{"@type":"ListItem","position":3,"name":"Lazulymph"}]},{"@type":"WebSite","@id":"https:\/\/www.everpharma.com\/esp\/#website","url":"https:\/\/www.everpharma.com\/esp\/","name":"EVER Pharma Spain","description":"Dedicated to Health.","potentialAction":[{"@type":"SearchAction","target":{"@type":"EntryPoint","urlTemplate":"https:\/\/www.everpharma.com\/esp\/?s={search_term_string}"},"query-input":{"@type":"PropertyValueSpecification","valueRequired":true,"valueName":"search_term_string"}}],"inLanguage":"es-ES"}]}},"_links":{"self":[{"href":"https:\/\/www.everpharma.com\/esp\/wp-json\/wp\/v2\/product\/705","targetHints":{"allow":["GET"]}}],"collection":[{"href":"https:\/\/www.everpharma.com\/esp\/wp-json\/wp\/v2\/product"}],"about":[{"href":"https:\/\/www.everpharma.com\/esp\/wp-json\/wp\/v2\/types\/product"}],"wp:attachment":[{"href":"https:\/\/www.everpharma.com\/esp\/wp-json\/wp\/v2\/media?parent=705"}],"curies":[{"name":"wp","href":"https:\/\/api.w.org\/{rel}","templated":true}]}}