{"id":630,"date":"2024-07-01T12:10:09","date_gmt":"2024-07-01T10:10:09","guid":{"rendered":"https:\/\/www.everpharma.com\/esp\/?post_type=product&#038;p=630"},"modified":"2024-07-01T12:10:10","modified_gmt":"2024-07-01T10:10:10","slug":"leptoprol","status":"publish","type":"product","link":"https:\/\/www.everpharma.com\/esp\/products\/leptoprol\/","title":{"rendered":"Leptoprol"},"content":{"rendered":"\n<div class=\"wp-block-group meta\"><div class=\"wp-block-group__inner-container is-layout-flow wp-block-group-is-layout-flow\">\n<div class=\"wp-block-columns is-layout-flex wp-container-core-columns-is-layout-9d6595d7 wp-block-columns-is-layout-flex\">\n<div class=\"wp-block-column is-layout-flow wp-block-column-is-layout-flow\">\n<figure class=\"wp-block-table\"><table><tbody><tr><td><strong>Forma farmac\u00e9utica<\/strong><\/td><td>Implante en jeringa precargada<\/td><\/tr><tr><td><strong>D\u00f3sis<\/strong><\/td><td>5 mg<\/td><\/tr><tr><td><strong>D\u00f3sis por unidad<\/strong><\/td><td>5 mg<\/td><\/tr><tr><td><strong>C\u00f3digo ATC<\/strong><\/td><td>L02AE02\u00a0<\/td><\/tr><tr><td><strong>Clase Medicamento<\/strong><\/td><td>Hormonas y agentes relacionados y an\u00e1logos de la hormona liberadora de gonadotrofinas<\/td><\/tr><tr><td><strong>Indicaci\u00f3n<\/strong><\/td><td>&#8211; Tratamiento paliativo en pacientes con carcinoma de pr\u00f3stata avanzado hormonodependiente.<br>&#8211; Tratamiento de c\u00e1ncer de pr\u00f3stata localmente avanzado hormonodependiente en combinaci\u00f3n con radioterapia.<br>&#8211; Tratamiento de c\u00e1ncer de pr\u00f3stata localizado de moderado y alto riesgo en combinaci\u00f3n con radioterapia<\/td><\/tr><\/tbody><\/table><\/figure>\n<\/div>\n<\/div>\n<\/div><\/div>\n\n\n\n<figure class=\"wp-block-gallery has-nested-images columns-default is-cropped wp-block-gallery-1 is-layout-flex wp-block-gallery-is-layout-flex\">\n<figure class=\"wp-block-image size-large\"><img loading=\"lazy\" decoding=\"async\" width=\"1024\" height=\"1024\" data-id=\"634\" src=\"https:\/\/www.everpharma.com\/esp\/wp-content\/uploads\/sites\/6\/2024\/03\/20-LEPTOPROL-1024x1024.jpg\" alt=\"\" class=\"wp-image-634\" srcset=\"https:\/\/www.everpharma.com\/esp\/wp-content\/uploads\/sites\/6\/2024\/03\/20-LEPTOPROL-1024x1024.jpg 1024w, https:\/\/www.everpharma.com\/esp\/wp-content\/uploads\/sites\/6\/2024\/03\/20-LEPTOPROL-300x300.jpg 300w, https:\/\/www.everpharma.com\/esp\/wp-content\/uploads\/sites\/6\/2024\/03\/20-LEPTOPROL-150x150.jpg 150w, https:\/\/www.everpharma.com\/esp\/wp-content\/uploads\/sites\/6\/2024\/03\/20-LEPTOPROL-768x768.jpg 768w, https:\/\/www.everpharma.com\/esp\/wp-content\/uploads\/sites\/6\/2024\/03\/20-LEPTOPROL.jpg 1200w\" sizes=\"auto, (max-width: 1024px) 100vw, 1024px\" \/><\/figure>\n<\/figure>\n\n\n\n<div style=\"height:50px\" aria-hidden=\"true\" class=\"wp-block-spacer\"><\/div>\n\n\n\n<p><em>La informaci\u00f3n detallada y actualizada de este medicamento est\u00e1 disponible en la p\u00e1gina Web de la Agencia Espa\u00f1ola de Medicamentos y Productos Sanitarios (AEMPS) http:\/\/www.aemps.gob.es\/<\/em><\/p>\n\n\n\n<p><\/p>\n\n\n\n<p class=\"has-base-font-size\"><\/p>\n\n\n\n<div style=\"height:100px\" aria-hidden=\"true\" class=\"wp-block-spacer\"><\/div>\n","protected":false},"excerpt":{"rendered":"<p>Forma farmac\u00e9utica Implante en jeringa precargada D\u00f3sis 5 mg D\u00f3sis por unidad 5 mg C\u00f3digo ATC L02AE02\u00a0 Clase Medicamento Hormonas y agentes relacionados y an\u00e1logos de la hormona liberadora de gonadotrofinas Indicaci\u00f3n &#8211; Tratamiento paliativo en pacientes con carcinoma de pr\u00f3stata avanzado hormonodependiente.&#8211; Tratamiento de c\u00e1ncer de pr\u00f3stata localmente avanzado hormonodependiente en combinaci\u00f3n con radioterapia.&#8211; &hellip; <a href=\"https:\/\/www.everpharma.com\/esp\/products\/leptoprol\/\">Continued<\/a><\/p>\n","protected":false},"featured_media":0,"template":"","class_list":["post-630","product","type-product","status-publish","hentry"],"yoast_head":"<!-- This site is optimized with the Yoast SEO plugin v27.0 - https:\/\/yoast.com\/product\/yoast-seo-wordpress\/ -->\n<title>Leptoprol - EVER Pharma Spain<\/title>\n<meta name=\"robots\" content=\"index, follow, max-snippet:-1, max-image-preview:large, max-video-preview:-1\" \/>\n<link rel=\"canonical\" href=\"https:\/\/www.everpharma.com\/esp\/products\/leptoprol\/\" \/>\n<meta property=\"og:locale\" content=\"es_ES\" \/>\n<meta property=\"og:type\" content=\"article\" \/>\n<meta property=\"og:title\" content=\"Leptoprol - EVER Pharma Spain\" \/>\n<meta property=\"og:description\" content=\"Forma farmac\u00e9utica Implante en jeringa precargada D\u00f3sis 5 mg D\u00f3sis por unidad 5 mg C\u00f3digo ATC L02AE02\u00a0 Clase Medicamento Hormonas y agentes relacionados y an\u00e1logos de la hormona liberadora de gonadotrofinas Indicaci\u00f3n &#8211; Tratamiento paliativo en pacientes con carcinoma de pr\u00f3stata avanzado hormonodependiente.&#8211; Tratamiento de c\u00e1ncer de pr\u00f3stata localmente avanzado hormonodependiente en combinaci\u00f3n con radioterapia.&#8211; &hellip; Continued\" \/>\n<meta property=\"og:url\" content=\"https:\/\/www.everpharma.com\/esp\/products\/leptoprol\/\" \/>\n<meta property=\"og:site_name\" content=\"EVER Pharma Spain\" \/>\n<meta property=\"article:modified_time\" content=\"2024-07-01T10:10:10+00:00\" \/>\n<meta property=\"og:image\" content=\"https:\/\/www.everpharma.com\/esp\/wp-content\/uploads\/sites\/6\/2024\/03\/20-LEPTOPROL-1024x1024.jpg\" \/>\n<meta name=\"twitter:card\" content=\"summary_large_image\" \/>\n<meta name=\"twitter:label1\" content=\"Est. reading time\" \/>\n\t<meta name=\"twitter:data1\" content=\"1 minute\" \/>\n<script type=\"application\/ld+json\" class=\"yoast-schema-graph\">{\"@context\":\"https:\/\/schema.org\",\"@graph\":[{\"@type\":\"WebPage\",\"@id\":\"https:\/\/www.everpharma.com\/esp\/products\/leptoprol\/\",\"url\":\"https:\/\/www.everpharma.com\/esp\/products\/leptoprol\/\",\"name\":\"Leptoprol - EVER Pharma Spain\",\"isPartOf\":{\"@id\":\"https:\/\/www.everpharma.com\/esp\/#website\"},\"primaryImageOfPage\":{\"@id\":\"https:\/\/www.everpharma.com\/esp\/products\/leptoprol\/#primaryimage\"},\"image\":{\"@id\":\"https:\/\/www.everpharma.com\/esp\/products\/leptoprol\/#primaryimage\"},\"thumbnailUrl\":\"https:\/\/www.everpharma.com\/esp\/wp-content\/uploads\/sites\/6\/2024\/03\/20-LEPTOPROL-1024x1024.jpg\",\"datePublished\":\"2024-07-01T10:10:09+00:00\",\"dateModified\":\"2024-07-01T10:10:10+00:00\",\"breadcrumb\":{\"@id\":\"https:\/\/www.everpharma.com\/esp\/products\/leptoprol\/#breadcrumb\"},\"inLanguage\":\"es-ES\",\"potentialAction\":[{\"@type\":\"ReadAction\",\"target\":[\"https:\/\/www.everpharma.com\/esp\/products\/leptoprol\/\"]}]},{\"@type\":\"ImageObject\",\"inLanguage\":\"es-ES\",\"@id\":\"https:\/\/www.everpharma.com\/esp\/products\/leptoprol\/#primaryimage\",\"url\":\"https:\/\/www.everpharma.com\/esp\/wp-content\/uploads\/sites\/6\/2024\/03\/20-LEPTOPROL.jpg\",\"contentUrl\":\"https:\/\/www.everpharma.com\/esp\/wp-content\/uploads\/sites\/6\/2024\/03\/20-LEPTOPROL.jpg\",\"width\":1200,\"height\":1200},{\"@type\":\"BreadcrumbList\",\"@id\":\"https:\/\/www.everpharma.com\/esp\/products\/leptoprol\/#breadcrumb\",\"itemListElement\":[{\"@type\":\"ListItem\",\"position\":1,\"name\":\"Startseite\",\"item\":\"https:\/\/www.everpharma.com\/esp\/\"},{\"@type\":\"ListItem\",\"position\":2,\"name\":\"Products\",\"item\":\"https:\/\/www.everpharma.com\/esp\/products\/\"},{\"@type\":\"ListItem\",\"position\":3,\"name\":\"Leptoprol\"}]},{\"@type\":\"WebSite\",\"@id\":\"https:\/\/www.everpharma.com\/esp\/#website\",\"url\":\"https:\/\/www.everpharma.com\/esp\/\",\"name\":\"EVER Pharma Spain\",\"description\":\"Dedicated to Health.\",\"potentialAction\":[{\"@type\":\"SearchAction\",\"target\":{\"@type\":\"EntryPoint\",\"urlTemplate\":\"https:\/\/www.everpharma.com\/esp\/?s={search_term_string}\"},\"query-input\":{\"@type\":\"PropertyValueSpecification\",\"valueRequired\":true,\"valueName\":\"search_term_string\"}}],\"inLanguage\":\"es-ES\"}]}<\/script>\n<!-- \/ Yoast SEO plugin. -->","yoast_head_json":{"title":"Leptoprol - EVER Pharma Spain","robots":{"index":"index","follow":"follow","max-snippet":"max-snippet:-1","max-image-preview":"max-image-preview:large","max-video-preview":"max-video-preview:-1"},"canonical":"https:\/\/www.everpharma.com\/esp\/products\/leptoprol\/","og_locale":"es_ES","og_type":"article","og_title":"Leptoprol - EVER Pharma Spain","og_description":"Forma farmac\u00e9utica Implante en jeringa precargada D\u00f3sis 5 mg D\u00f3sis por unidad 5 mg C\u00f3digo ATC L02AE02\u00a0 Clase Medicamento Hormonas y agentes relacionados y an\u00e1logos de la hormona liberadora de gonadotrofinas Indicaci\u00f3n &#8211; Tratamiento paliativo en pacientes con carcinoma de pr\u00f3stata avanzado hormonodependiente.&#8211; Tratamiento de c\u00e1ncer de pr\u00f3stata localmente avanzado hormonodependiente en combinaci\u00f3n con radioterapia.&#8211; &hellip; Continued","og_url":"https:\/\/www.everpharma.com\/esp\/products\/leptoprol\/","og_site_name":"EVER Pharma Spain","article_modified_time":"2024-07-01T10:10:10+00:00","og_image":[{"url":"https:\/\/www.everpharma.com\/esp\/wp-content\/uploads\/sites\/6\/2024\/03\/20-LEPTOPROL-1024x1024.jpg","type":"","width":"","height":""}],"twitter_card":"summary_large_image","twitter_misc":{"Est. reading time":"1 minute"},"schema":{"@context":"https:\/\/schema.org","@graph":[{"@type":"WebPage","@id":"https:\/\/www.everpharma.com\/esp\/products\/leptoprol\/","url":"https:\/\/www.everpharma.com\/esp\/products\/leptoprol\/","name":"Leptoprol - EVER Pharma Spain","isPartOf":{"@id":"https:\/\/www.everpharma.com\/esp\/#website"},"primaryImageOfPage":{"@id":"https:\/\/www.everpharma.com\/esp\/products\/leptoprol\/#primaryimage"},"image":{"@id":"https:\/\/www.everpharma.com\/esp\/products\/leptoprol\/#primaryimage"},"thumbnailUrl":"https:\/\/www.everpharma.com\/esp\/wp-content\/uploads\/sites\/6\/2024\/03\/20-LEPTOPROL-1024x1024.jpg","datePublished":"2024-07-01T10:10:09+00:00","dateModified":"2024-07-01T10:10:10+00:00","breadcrumb":{"@id":"https:\/\/www.everpharma.com\/esp\/products\/leptoprol\/#breadcrumb"},"inLanguage":"es-ES","potentialAction":[{"@type":"ReadAction","target":["https:\/\/www.everpharma.com\/esp\/products\/leptoprol\/"]}]},{"@type":"ImageObject","inLanguage":"es-ES","@id":"https:\/\/www.everpharma.com\/esp\/products\/leptoprol\/#primaryimage","url":"https:\/\/www.everpharma.com\/esp\/wp-content\/uploads\/sites\/6\/2024\/03\/20-LEPTOPROL.jpg","contentUrl":"https:\/\/www.everpharma.com\/esp\/wp-content\/uploads\/sites\/6\/2024\/03\/20-LEPTOPROL.jpg","width":1200,"height":1200},{"@type":"BreadcrumbList","@id":"https:\/\/www.everpharma.com\/esp\/products\/leptoprol\/#breadcrumb","itemListElement":[{"@type":"ListItem","position":1,"name":"Startseite","item":"https:\/\/www.everpharma.com\/esp\/"},{"@type":"ListItem","position":2,"name":"Products","item":"https:\/\/www.everpharma.com\/esp\/products\/"},{"@type":"ListItem","position":3,"name":"Leptoprol"}]},{"@type":"WebSite","@id":"https:\/\/www.everpharma.com\/esp\/#website","url":"https:\/\/www.everpharma.com\/esp\/","name":"EVER Pharma Spain","description":"Dedicated to Health.","potentialAction":[{"@type":"SearchAction","target":{"@type":"EntryPoint","urlTemplate":"https:\/\/www.everpharma.com\/esp\/?s={search_term_string}"},"query-input":{"@type":"PropertyValueSpecification","valueRequired":true,"valueName":"search_term_string"}}],"inLanguage":"es-ES"}]}},"_links":{"self":[{"href":"https:\/\/www.everpharma.com\/esp\/wp-json\/wp\/v2\/product\/630","targetHints":{"allow":["GET"]}}],"collection":[{"href":"https:\/\/www.everpharma.com\/esp\/wp-json\/wp\/v2\/product"}],"about":[{"href":"https:\/\/www.everpharma.com\/esp\/wp-json\/wp\/v2\/types\/product"}],"wp:attachment":[{"href":"https:\/\/www.everpharma.com\/esp\/wp-json\/wp\/v2\/media?parent=630"}],"curies":[{"name":"wp","href":"https:\/\/api.w.org\/{rel}","templated":true}]}}