{"id":600,"date":"2024-07-01T11:58:08","date_gmt":"2024-07-01T09:58:08","guid":{"rendered":"https:\/\/www.everpharma.com\/esp\/?post_type=product&#038;p=600"},"modified":"2024-07-01T12:09:26","modified_gmt":"2024-07-01T10:09:26","slug":"atosiban","status":"publish","type":"product","link":"https:\/\/www.everpharma.com\/esp\/products\/atosiban\/","title":{"rendered":"Atosiban"},"content":{"rendered":"\n<div class=\"wp-block-group meta\"><div class=\"wp-block-group__inner-container is-layout-flow wp-block-group-is-layout-flow\">\n<div class=\"wp-block-columns is-layout-flex wp-container-core-columns-is-layout-9d6595d7 wp-block-columns-is-layout-flex\">\n<div class=\"wp-block-column is-layout-flow wp-block-column-is-layout-flow\">\n<figure class=\"wp-block-table\"><table><tbody><tr><td><strong>Forma farmac\u00e9utica<\/strong><\/td><td>Inyectable intravenoso<\/td><\/tr><tr><td><strong>D\u00f3sis<\/strong><\/td><td>6.75 mg, 37.5 mg, 75 mg<\/td><\/tr><tr><td><strong>D\u00f3sis por unidad<\/strong><\/td><td>6.75 mg\/0.9 ml, 37.5 mg\/5 ml, 75 mg\/10 ml<\/td><\/tr><tr><td><strong>C\u00f3digo ATC<\/strong><\/td><td>G02CX01<\/td><\/tr><tr><td><strong>Clase Medicamento<\/strong><\/td><td>Otros productos Ginelocol\u00f3gicos<\/td><\/tr><tr><td><strong>Indicaci\u00f3n<\/strong><\/td><td>Atosiban EVER Pharma est\u00e1 indicado para retrasar el parto prematuro inminente, en mujeres adultas<br>embarazadas que presenten:<br>&#8211; Contracciones uterinas regulares de al menos 30 segundos de duraci\u00f3n y con una frecuencia \u2265 4<br>&#8211; Contracciones cada 30 minutos.<br>&#8211; Dilataci\u00f3n del cuello uterino de 1 a 3 cm (0 a 3 para las nul\u00edparas) y borrado en \u226550 %<br>&#8211; Edad gestacional de 24 a 33 semanas completas.<br>&#8211; Frecuencia card\u00edaca fetal normal.<\/td><\/tr><\/tbody><\/table><\/figure>\n<\/div>\n<\/div>\n<\/div><\/div>\n\n\n\n<figure class=\"wp-block-gallery has-nested-images columns-default is-cropped wp-block-gallery-2 is-layout-flex wp-block-gallery-is-layout-flex\">\n<figure class=\"wp-block-image size-large\"><img decoding=\"async\" data-id=\"2580\" src=\"https:\/\/www.everpharma.com\/wp-content\/uploads\/2021\/05\/Atosiban-EVER_Pack_6_75mg_0_9ml_front_EN.jpg\" alt=\"\" class=\"wp-image-2580\" \/><\/figure>\n\n\n\n<figure class=\"wp-block-image size-large\"><img decoding=\"async\" data-id=\"2582\" src=\"https:\/\/www.everpharma.com\/wp-content\/uploads\/2021\/05\/Atosiban-EVER_Pack_37_5mg_5ml_front_EN.jpg\" alt=\"\" class=\"wp-image-2582\" \/><\/figure>\n\n\n\n<figure class=\"wp-block-image size-large\"><img decoding=\"async\" data-id=\"2584\" src=\"https:\/\/www.everpharma.com\/wp-content\/uploads\/2021\/05\/Atosiban-EVER_Pack_75mg_10ml_front_EN.jpg\" alt=\"\" class=\"wp-image-2584\" \/><\/figure>\n<\/figure>\n\n\n\n<div style=\"height:50px\" aria-hidden=\"true\" class=\"wp-block-spacer\"><\/div>\n\n\n\n<p><em>La informaci\u00f3n detallada y actualizada de este medicamento est\u00e1 disponible en la p\u00e1gina Web de la Agencia Espa\u00f1ola de Medicamentos y Productos Sanitarios (AEMPS) http:\/\/www.aemps.gob.es\/<\/em><\/p>\n\n\n\n<p><\/p>\n\n\n\n<p class=\"has-base-font-size\"><\/p>\n\n\n\n<div style=\"height:100px\" aria-hidden=\"true\" class=\"wp-block-spacer\"><\/div>\n","protected":false},"excerpt":{"rendered":"<p>Forma farmac\u00e9utica Inyectable intravenoso D\u00f3sis 6.75 mg, 37.5 mg, 75 mg D\u00f3sis por unidad 6.75 mg\/0.9 ml, 37.5 mg\/5 ml, 75 mg\/10 ml C\u00f3digo ATC G02CX01 Clase Medicamento Otros productos Ginelocol\u00f3gicos Indicaci\u00f3n Atosiban EVER Pharma est\u00e1 indicado para retrasar el parto prematuro inminente, en mujeres adultasembarazadas que presenten:&#8211; Contracciones uterinas regulares de al menos 30 &hellip; <a href=\"https:\/\/www.everpharma.com\/esp\/products\/atosiban\/\">Continued<\/a><\/p>\n","protected":false},"featured_media":0,"template":"","class_list":["post-600","product","type-product","status-publish","hentry"],"yoast_head":"<!-- This site is optimized with the Yoast SEO plugin v27.5 - https:\/\/yoast.com\/product\/yoast-seo-wordpress\/ -->\n<title>Atosiban - EVER Pharma Spain<\/title>\n<meta name=\"robots\" content=\"index, follow, max-snippet:-1, max-image-preview:large, max-video-preview:-1\" \/>\n<link rel=\"canonical\" href=\"https:\/\/www.everpharma.com\/esp\/products\/atosiban\/\" \/>\n<meta property=\"og:locale\" content=\"es_ES\" \/>\n<meta property=\"og:type\" content=\"article\" \/>\n<meta property=\"og:title\" content=\"Atosiban - EVER Pharma Spain\" \/>\n<meta property=\"og:description\" content=\"Forma farmac\u00e9utica Inyectable intravenoso D\u00f3sis 6.75 mg, 37.5 mg, 75 mg D\u00f3sis por unidad 6.75 mg\/0.9 ml, 37.5 mg\/5 ml, 75 mg\/10 ml C\u00f3digo ATC G02CX01 Clase Medicamento Otros productos Ginelocol\u00f3gicos Indicaci\u00f3n Atosiban EVER Pharma est\u00e1 indicado para retrasar el parto prematuro inminente, en mujeres adultasembarazadas que presenten:&#8211; Contracciones uterinas regulares de al menos 30 &hellip; Continued\" \/>\n<meta property=\"og:url\" content=\"https:\/\/www.everpharma.com\/esp\/products\/atosiban\/\" \/>\n<meta property=\"og:site_name\" content=\"EVER Pharma Spain\" \/>\n<meta property=\"article:modified_time\" content=\"2024-07-01T10:09:26+00:00\" \/>\n<meta property=\"og:image\" content=\"https:\/\/www.everpharma.com\/wp-content\/uploads\/2021\/05\/Atosiban-EVER_Pack_6_75mg_0_9ml_front_EN.jpg\" \/>\n<meta name=\"twitter:card\" content=\"summary_large_image\" \/>\n<meta name=\"twitter:label1\" content=\"Est. reading time\" \/>\n\t<meta name=\"twitter:data1\" content=\"1 minute\" \/>\n<script type=\"application\/ld+json\" class=\"yoast-schema-graph\">{\"@context\":\"https:\\\/\\\/schema.org\",\"@graph\":[{\"@type\":\"WebPage\",\"@id\":\"https:\\\/\\\/www.everpharma.com\\\/esp\\\/products\\\/atosiban\\\/\",\"url\":\"https:\\\/\\\/www.everpharma.com\\\/esp\\\/products\\\/atosiban\\\/\",\"name\":\"Atosiban - EVER Pharma Spain\",\"isPartOf\":{\"@id\":\"https:\\\/\\\/www.everpharma.com\\\/esp\\\/#website\"},\"primaryImageOfPage\":{\"@id\":\"https:\\\/\\\/www.everpharma.com\\\/esp\\\/products\\\/atosiban\\\/#primaryimage\"},\"image\":{\"@id\":\"https:\\\/\\\/www.everpharma.com\\\/esp\\\/products\\\/atosiban\\\/#primaryimage\"},\"thumbnailUrl\":\"https:\\\/\\\/www.everpharma.com\\\/wp-content\\\/uploads\\\/2021\\\/05\\\/Atosiban-EVER_Pack_6_75mg_0_9ml_front_EN.jpg\",\"datePublished\":\"2024-07-01T09:58:08+00:00\",\"dateModified\":\"2024-07-01T10:09:26+00:00\",\"breadcrumb\":{\"@id\":\"https:\\\/\\\/www.everpharma.com\\\/esp\\\/products\\\/atosiban\\\/#breadcrumb\"},\"inLanguage\":\"es-ES\",\"potentialAction\":[{\"@type\":\"ReadAction\",\"target\":[\"https:\\\/\\\/www.everpharma.com\\\/esp\\\/products\\\/atosiban\\\/\"]}]},{\"@type\":\"ImageObject\",\"inLanguage\":\"es-ES\",\"@id\":\"https:\\\/\\\/www.everpharma.com\\\/esp\\\/products\\\/atosiban\\\/#primaryimage\",\"url\":\"https:\\\/\\\/www.everpharma.com\\\/wp-content\\\/uploads\\\/2021\\\/05\\\/Atosiban-EVER_Pack_6_75mg_0_9ml_front_EN.jpg\",\"contentUrl\":\"https:\\\/\\\/www.everpharma.com\\\/wp-content\\\/uploads\\\/2021\\\/05\\\/Atosiban-EVER_Pack_6_75mg_0_9ml_front_EN.jpg\"},{\"@type\":\"BreadcrumbList\",\"@id\":\"https:\\\/\\\/www.everpharma.com\\\/esp\\\/products\\\/atosiban\\\/#breadcrumb\",\"itemListElement\":[{\"@type\":\"ListItem\",\"position\":1,\"name\":\"Startseite\",\"item\":\"https:\\\/\\\/www.everpharma.com\\\/esp\\\/\"},{\"@type\":\"ListItem\",\"position\":2,\"name\":\"Products\",\"item\":\"https:\\\/\\\/www.everpharma.com\\\/esp\\\/products\\\/\"},{\"@type\":\"ListItem\",\"position\":3,\"name\":\"Atosiban\"}]},{\"@type\":\"WebSite\",\"@id\":\"https:\\\/\\\/www.everpharma.com\\\/esp\\\/#website\",\"url\":\"https:\\\/\\\/www.everpharma.com\\\/esp\\\/\",\"name\":\"EVER Pharma Spain\",\"description\":\"Dedicated to Health.\",\"potentialAction\":[{\"@type\":\"SearchAction\",\"target\":{\"@type\":\"EntryPoint\",\"urlTemplate\":\"https:\\\/\\\/www.everpharma.com\\\/esp\\\/?s={search_term_string}\"},\"query-input\":{\"@type\":\"PropertyValueSpecification\",\"valueRequired\":true,\"valueName\":\"search_term_string\"}}],\"inLanguage\":\"es-ES\"}]}<\/script>\n<!-- \/ Yoast SEO plugin. -->","yoast_head_json":{"title":"Atosiban - EVER Pharma Spain","robots":{"index":"index","follow":"follow","max-snippet":"max-snippet:-1","max-image-preview":"max-image-preview:large","max-video-preview":"max-video-preview:-1"},"canonical":"https:\/\/www.everpharma.com\/esp\/products\/atosiban\/","og_locale":"es_ES","og_type":"article","og_title":"Atosiban - EVER Pharma Spain","og_description":"Forma farmac\u00e9utica Inyectable intravenoso D\u00f3sis 6.75 mg, 37.5 mg, 75 mg D\u00f3sis por unidad 6.75 mg\/0.9 ml, 37.5 mg\/5 ml, 75 mg\/10 ml C\u00f3digo ATC G02CX01 Clase Medicamento Otros productos Ginelocol\u00f3gicos Indicaci\u00f3n Atosiban EVER Pharma est\u00e1 indicado para retrasar el parto prematuro inminente, en mujeres adultasembarazadas que presenten:&#8211; Contracciones uterinas regulares de al menos 30 &hellip; Continued","og_url":"https:\/\/www.everpharma.com\/esp\/products\/atosiban\/","og_site_name":"EVER Pharma Spain","article_modified_time":"2024-07-01T10:09:26+00:00","og_image":[{"url":"https:\/\/www.everpharma.com\/wp-content\/uploads\/2021\/05\/Atosiban-EVER_Pack_6_75mg_0_9ml_front_EN.jpg","type":"","width":"","height":""}],"twitter_card":"summary_large_image","twitter_misc":{"Est. reading time":"1 minute"},"schema":{"@context":"https:\/\/schema.org","@graph":[{"@type":"WebPage","@id":"https:\/\/www.everpharma.com\/esp\/products\/atosiban\/","url":"https:\/\/www.everpharma.com\/esp\/products\/atosiban\/","name":"Atosiban - EVER Pharma Spain","isPartOf":{"@id":"https:\/\/www.everpharma.com\/esp\/#website"},"primaryImageOfPage":{"@id":"https:\/\/www.everpharma.com\/esp\/products\/atosiban\/#primaryimage"},"image":{"@id":"https:\/\/www.everpharma.com\/esp\/products\/atosiban\/#primaryimage"},"thumbnailUrl":"https:\/\/www.everpharma.com\/wp-content\/uploads\/2021\/05\/Atosiban-EVER_Pack_6_75mg_0_9ml_front_EN.jpg","datePublished":"2024-07-01T09:58:08+00:00","dateModified":"2024-07-01T10:09:26+00:00","breadcrumb":{"@id":"https:\/\/www.everpharma.com\/esp\/products\/atosiban\/#breadcrumb"},"inLanguage":"es-ES","potentialAction":[{"@type":"ReadAction","target":["https:\/\/www.everpharma.com\/esp\/products\/atosiban\/"]}]},{"@type":"ImageObject","inLanguage":"es-ES","@id":"https:\/\/www.everpharma.com\/esp\/products\/atosiban\/#primaryimage","url":"https:\/\/www.everpharma.com\/wp-content\/uploads\/2021\/05\/Atosiban-EVER_Pack_6_75mg_0_9ml_front_EN.jpg","contentUrl":"https:\/\/www.everpharma.com\/wp-content\/uploads\/2021\/05\/Atosiban-EVER_Pack_6_75mg_0_9ml_front_EN.jpg"},{"@type":"BreadcrumbList","@id":"https:\/\/www.everpharma.com\/esp\/products\/atosiban\/#breadcrumb","itemListElement":[{"@type":"ListItem","position":1,"name":"Startseite","item":"https:\/\/www.everpharma.com\/esp\/"},{"@type":"ListItem","position":2,"name":"Products","item":"https:\/\/www.everpharma.com\/esp\/products\/"},{"@type":"ListItem","position":3,"name":"Atosiban"}]},{"@type":"WebSite","@id":"https:\/\/www.everpharma.com\/esp\/#website","url":"https:\/\/www.everpharma.com\/esp\/","name":"EVER Pharma Spain","description":"Dedicated to Health.","potentialAction":[{"@type":"SearchAction","target":{"@type":"EntryPoint","urlTemplate":"https:\/\/www.everpharma.com\/esp\/?s={search_term_string}"},"query-input":{"@type":"PropertyValueSpecification","valueRequired":true,"valueName":"search_term_string"}}],"inLanguage":"es-ES"}]}},"_links":{"self":[{"href":"https:\/\/www.everpharma.com\/esp\/wp-json\/wp\/v2\/product\/600","targetHints":{"allow":["GET"]}}],"collection":[{"href":"https:\/\/www.everpharma.com\/esp\/wp-json\/wp\/v2\/product"}],"about":[{"href":"https:\/\/www.everpharma.com\/esp\/wp-json\/wp\/v2\/types\/product"}],"wp:attachment":[{"href":"https:\/\/www.everpharma.com\/esp\/wp-json\/wp\/v2\/media?parent=600"}],"curies":[{"name":"wp","href":"https:\/\/api.w.org\/{rel}","templated":true}]}}