{"id":597,"date":"2024-07-01T12:09:48","date_gmt":"2024-07-01T10:09:48","guid":{"rendered":"https:\/\/www.everpharma.com\/esp\/?post_type=product&#038;p=597"},"modified":"2024-07-01T12:09:49","modified_gmt":"2024-07-01T10:09:49","slug":"cabazitaxel","status":"publish","type":"product","link":"https:\/\/www.everpharma.com\/esp\/products\/cabazitaxel\/","title":{"rendered":"Cabazitaxel"},"content":{"rendered":"\n<div class=\"wp-block-group meta\"><div class=\"wp-block-group__inner-container is-layout-flow wp-block-group-is-layout-flow\">\n<div class=\"wp-block-columns is-layout-flex wp-container-core-columns-is-layout-9d6595d7 wp-block-columns-is-layout-flex\">\n<div class=\"wp-block-column is-layout-flow wp-block-column-is-layout-flow\">\n<figure class=\"wp-block-table\"><table><tbody><tr><td><strong>Forma farmac\u00e9utica<\/strong><\/td><td>Concentrado para soluci\u00f3n para perfusi\u00f3n&nbsp;<\/td><\/tr><tr><td><strong>D\u00f3sis<\/strong><\/td><td>10 mg\/ml<\/td><\/tr><tr><td><strong>D\u00f3sis por unidad<\/strong><\/td><td>60 mg\/6 ml<\/td><\/tr><tr><td><strong>C\u00f3digo ATC<\/strong><\/td><td>L01CD04<\/td><\/tr><tr><td><strong>Clase Medicamento<\/strong><\/td><td>Alcaloides de plantas y otros productos naturales. Taxanos<\/td><\/tr><tr><td><strong>Indicaci\u00f3n<\/strong><\/td><td>Cabazitaxel en&nbsp;combinaci\u00f3n con prednisona o prednisolona est\u00e1 indicado para el tratamiento de pacientes adultos con c\u00e1ncer de pr\u00f3stata metast\u00e1tico resistente a la castraci\u00f3n, tratados anteriormente con una pauta terap\u00e9utica conteniendo docetaxel (ver secci\u00f3n 5.1).<\/td><\/tr><\/tbody><\/table><\/figure>\n<\/div>\n<\/div>\n<\/div><\/div>\n\n\n\n<figure class=\"wp-block-gallery has-nested-images columns-default is-cropped wp-block-gallery-1 is-layout-flex wp-block-gallery-is-layout-flex\">\n<figure class=\"wp-block-image size-large\"><img loading=\"lazy\" decoding=\"async\" width=\"1024\" height=\"1024\" data-id=\"598\" src=\"https:\/\/www.everpharma.com\/esp\/wp-content\/uploads\/sites\/6\/2024\/03\/13-Cabazitaxel-1024x1024.jpg\" alt=\"\" class=\"wp-image-598\" srcset=\"https:\/\/www.everpharma.com\/esp\/wp-content\/uploads\/sites\/6\/2024\/03\/13-Cabazitaxel-1024x1024.jpg 1024w, https:\/\/www.everpharma.com\/esp\/wp-content\/uploads\/sites\/6\/2024\/03\/13-Cabazitaxel-300x300.jpg 300w, https:\/\/www.everpharma.com\/esp\/wp-content\/uploads\/sites\/6\/2024\/03\/13-Cabazitaxel-150x150.jpg 150w, https:\/\/www.everpharma.com\/esp\/wp-content\/uploads\/sites\/6\/2024\/03\/13-Cabazitaxel-768x768.jpg 768w, https:\/\/www.everpharma.com\/esp\/wp-content\/uploads\/sites\/6\/2024\/03\/13-Cabazitaxel.jpg 1200w\" sizes=\"auto, (max-width: 1024px) 100vw, 1024px\" \/><\/figure>\n<\/figure>\n\n\n\n<div style=\"height:50px\" aria-hidden=\"true\" class=\"wp-block-spacer\"><\/div>\n\n\n\n<p><em>La informaci\u00f3n detallada y actualizada de este medicamento est\u00e1 disponible en la p\u00e1gina Web de la Agencia Espa\u00f1ola de Medicamentos y Productos Sanitarios (AEMPS) http:\/\/www.aemps.gob.es\/<\/em><\/p>\n\n\n\n<p><\/p>\n\n\n\n<p class=\"has-base-font-size\"><\/p>\n\n\n\n<div style=\"height:100px\" aria-hidden=\"true\" class=\"wp-block-spacer\"><\/div>\n","protected":false},"excerpt":{"rendered":"<p>Forma farmac\u00e9utica Concentrado para soluci\u00f3n para perfusi\u00f3n&nbsp; D\u00f3sis 10 mg\/ml D\u00f3sis por unidad 60 mg\/6 ml C\u00f3digo ATC L01CD04 Clase Medicamento Alcaloides de plantas y otros productos naturales. Taxanos Indicaci\u00f3n Cabazitaxel en&nbsp;combinaci\u00f3n con prednisona o prednisolona est\u00e1 indicado para el tratamiento de pacientes adultos con c\u00e1ncer de pr\u00f3stata metast\u00e1tico resistente a la castraci\u00f3n, tratados anteriormente &hellip; <a href=\"https:\/\/www.everpharma.com\/esp\/products\/cabazitaxel\/\">Continued<\/a><\/p>\n","protected":false},"featured_media":0,"template":"","class_list":["post-597","product","type-product","status-publish","hentry"],"yoast_head":"<!-- This site is optimized with the Yoast SEO plugin v27.0 - https:\/\/yoast.com\/product\/yoast-seo-wordpress\/ -->\n<title>Cabazitaxel - EVER Pharma Spain<\/title>\n<meta name=\"robots\" content=\"index, follow, max-snippet:-1, max-image-preview:large, max-video-preview:-1\" \/>\n<link rel=\"canonical\" href=\"https:\/\/www.everpharma.com\/esp\/products\/cabazitaxel\/\" \/>\n<meta property=\"og:locale\" content=\"es_ES\" \/>\n<meta property=\"og:type\" content=\"article\" \/>\n<meta property=\"og:title\" content=\"Cabazitaxel - EVER Pharma Spain\" \/>\n<meta property=\"og:description\" content=\"Forma farmac\u00e9utica Concentrado para soluci\u00f3n para perfusi\u00f3n&nbsp; D\u00f3sis 10 mg\/ml D\u00f3sis por unidad 60 mg\/6 ml C\u00f3digo ATC L01CD04 Clase Medicamento Alcaloides de plantas y otros productos naturales. Taxanos Indicaci\u00f3n Cabazitaxel en&nbsp;combinaci\u00f3n con prednisona o prednisolona est\u00e1 indicado para el tratamiento de pacientes adultos con c\u00e1ncer de pr\u00f3stata metast\u00e1tico resistente a la castraci\u00f3n, tratados anteriormente &hellip; Continued\" \/>\n<meta property=\"og:url\" content=\"https:\/\/www.everpharma.com\/esp\/products\/cabazitaxel\/\" \/>\n<meta property=\"og:site_name\" content=\"EVER Pharma Spain\" \/>\n<meta property=\"article:modified_time\" content=\"2024-07-01T10:09:49+00:00\" \/>\n<meta property=\"og:image\" content=\"https:\/\/www.everpharma.com\/esp\/wp-content\/uploads\/sites\/6\/2024\/03\/13-Cabazitaxel-1024x1024.jpg\" \/>\n<meta name=\"twitter:card\" content=\"summary_large_image\" \/>\n<meta name=\"twitter:label1\" content=\"Est. reading time\" \/>\n\t<meta name=\"twitter:data1\" content=\"1 minute\" \/>\n<script type=\"application\/ld+json\" class=\"yoast-schema-graph\">{\"@context\":\"https:\/\/schema.org\",\"@graph\":[{\"@type\":\"WebPage\",\"@id\":\"https:\/\/www.everpharma.com\/esp\/products\/cabazitaxel\/\",\"url\":\"https:\/\/www.everpharma.com\/esp\/products\/cabazitaxel\/\",\"name\":\"Cabazitaxel - EVER Pharma Spain\",\"isPartOf\":{\"@id\":\"https:\/\/www.everpharma.com\/esp\/#website\"},\"primaryImageOfPage\":{\"@id\":\"https:\/\/www.everpharma.com\/esp\/products\/cabazitaxel\/#primaryimage\"},\"image\":{\"@id\":\"https:\/\/www.everpharma.com\/esp\/products\/cabazitaxel\/#primaryimage\"},\"thumbnailUrl\":\"https:\/\/www.everpharma.com\/esp\/wp-content\/uploads\/sites\/6\/2024\/03\/13-Cabazitaxel-1024x1024.jpg\",\"datePublished\":\"2024-07-01T10:09:48+00:00\",\"dateModified\":\"2024-07-01T10:09:49+00:00\",\"breadcrumb\":{\"@id\":\"https:\/\/www.everpharma.com\/esp\/products\/cabazitaxel\/#breadcrumb\"},\"inLanguage\":\"es-ES\",\"potentialAction\":[{\"@type\":\"ReadAction\",\"target\":[\"https:\/\/www.everpharma.com\/esp\/products\/cabazitaxel\/\"]}]},{\"@type\":\"ImageObject\",\"inLanguage\":\"es-ES\",\"@id\":\"https:\/\/www.everpharma.com\/esp\/products\/cabazitaxel\/#primaryimage\",\"url\":\"https:\/\/www.everpharma.com\/esp\/wp-content\/uploads\/sites\/6\/2024\/03\/13-Cabazitaxel.jpg\",\"contentUrl\":\"https:\/\/www.everpharma.com\/esp\/wp-content\/uploads\/sites\/6\/2024\/03\/13-Cabazitaxel.jpg\",\"width\":1200,\"height\":1200},{\"@type\":\"BreadcrumbList\",\"@id\":\"https:\/\/www.everpharma.com\/esp\/products\/cabazitaxel\/#breadcrumb\",\"itemListElement\":[{\"@type\":\"ListItem\",\"position\":1,\"name\":\"Startseite\",\"item\":\"https:\/\/www.everpharma.com\/esp\/\"},{\"@type\":\"ListItem\",\"position\":2,\"name\":\"Products\",\"item\":\"https:\/\/www.everpharma.com\/esp\/products\/\"},{\"@type\":\"ListItem\",\"position\":3,\"name\":\"Cabazitaxel\"}]},{\"@type\":\"WebSite\",\"@id\":\"https:\/\/www.everpharma.com\/esp\/#website\",\"url\":\"https:\/\/www.everpharma.com\/esp\/\",\"name\":\"EVER Pharma Spain\",\"description\":\"Dedicated to Health.\",\"potentialAction\":[{\"@type\":\"SearchAction\",\"target\":{\"@type\":\"EntryPoint\",\"urlTemplate\":\"https:\/\/www.everpharma.com\/esp\/?s={search_term_string}\"},\"query-input\":{\"@type\":\"PropertyValueSpecification\",\"valueRequired\":true,\"valueName\":\"search_term_string\"}}],\"inLanguage\":\"es-ES\"}]}<\/script>\n<!-- \/ Yoast SEO plugin. -->","yoast_head_json":{"title":"Cabazitaxel - EVER Pharma Spain","robots":{"index":"index","follow":"follow","max-snippet":"max-snippet:-1","max-image-preview":"max-image-preview:large","max-video-preview":"max-video-preview:-1"},"canonical":"https:\/\/www.everpharma.com\/esp\/products\/cabazitaxel\/","og_locale":"es_ES","og_type":"article","og_title":"Cabazitaxel - EVER Pharma Spain","og_description":"Forma farmac\u00e9utica Concentrado para soluci\u00f3n para perfusi\u00f3n&nbsp; D\u00f3sis 10 mg\/ml D\u00f3sis por unidad 60 mg\/6 ml C\u00f3digo ATC L01CD04 Clase Medicamento Alcaloides de plantas y otros productos naturales. Taxanos Indicaci\u00f3n Cabazitaxel en&nbsp;combinaci\u00f3n con prednisona o prednisolona est\u00e1 indicado para el tratamiento de pacientes adultos con c\u00e1ncer de pr\u00f3stata metast\u00e1tico resistente a la castraci\u00f3n, tratados anteriormente &hellip; Continued","og_url":"https:\/\/www.everpharma.com\/esp\/products\/cabazitaxel\/","og_site_name":"EVER Pharma Spain","article_modified_time":"2024-07-01T10:09:49+00:00","og_image":[{"url":"https:\/\/www.everpharma.com\/esp\/wp-content\/uploads\/sites\/6\/2024\/03\/13-Cabazitaxel-1024x1024.jpg","type":"","width":"","height":""}],"twitter_card":"summary_large_image","twitter_misc":{"Est. reading time":"1 minute"},"schema":{"@context":"https:\/\/schema.org","@graph":[{"@type":"WebPage","@id":"https:\/\/www.everpharma.com\/esp\/products\/cabazitaxel\/","url":"https:\/\/www.everpharma.com\/esp\/products\/cabazitaxel\/","name":"Cabazitaxel - EVER Pharma Spain","isPartOf":{"@id":"https:\/\/www.everpharma.com\/esp\/#website"},"primaryImageOfPage":{"@id":"https:\/\/www.everpharma.com\/esp\/products\/cabazitaxel\/#primaryimage"},"image":{"@id":"https:\/\/www.everpharma.com\/esp\/products\/cabazitaxel\/#primaryimage"},"thumbnailUrl":"https:\/\/www.everpharma.com\/esp\/wp-content\/uploads\/sites\/6\/2024\/03\/13-Cabazitaxel-1024x1024.jpg","datePublished":"2024-07-01T10:09:48+00:00","dateModified":"2024-07-01T10:09:49+00:00","breadcrumb":{"@id":"https:\/\/www.everpharma.com\/esp\/products\/cabazitaxel\/#breadcrumb"},"inLanguage":"es-ES","potentialAction":[{"@type":"ReadAction","target":["https:\/\/www.everpharma.com\/esp\/products\/cabazitaxel\/"]}]},{"@type":"ImageObject","inLanguage":"es-ES","@id":"https:\/\/www.everpharma.com\/esp\/products\/cabazitaxel\/#primaryimage","url":"https:\/\/www.everpharma.com\/esp\/wp-content\/uploads\/sites\/6\/2024\/03\/13-Cabazitaxel.jpg","contentUrl":"https:\/\/www.everpharma.com\/esp\/wp-content\/uploads\/sites\/6\/2024\/03\/13-Cabazitaxel.jpg","width":1200,"height":1200},{"@type":"BreadcrumbList","@id":"https:\/\/www.everpharma.com\/esp\/products\/cabazitaxel\/#breadcrumb","itemListElement":[{"@type":"ListItem","position":1,"name":"Startseite","item":"https:\/\/www.everpharma.com\/esp\/"},{"@type":"ListItem","position":2,"name":"Products","item":"https:\/\/www.everpharma.com\/esp\/products\/"},{"@type":"ListItem","position":3,"name":"Cabazitaxel"}]},{"@type":"WebSite","@id":"https:\/\/www.everpharma.com\/esp\/#website","url":"https:\/\/www.everpharma.com\/esp\/","name":"EVER Pharma Spain","description":"Dedicated to Health.","potentialAction":[{"@type":"SearchAction","target":{"@type":"EntryPoint","urlTemplate":"https:\/\/www.everpharma.com\/esp\/?s={search_term_string}"},"query-input":{"@type":"PropertyValueSpecification","valueRequired":true,"valueName":"search_term_string"}}],"inLanguage":"es-ES"}]}},"_links":{"self":[{"href":"https:\/\/www.everpharma.com\/esp\/wp-json\/wp\/v2\/product\/597","targetHints":{"allow":["GET"]}}],"collection":[{"href":"https:\/\/www.everpharma.com\/esp\/wp-json\/wp\/v2\/product"}],"about":[{"href":"https:\/\/www.everpharma.com\/esp\/wp-json\/wp\/v2\/types\/product"}],"wp:attachment":[{"href":"https:\/\/www.everpharma.com\/esp\/wp-json\/wp\/v2\/media?parent=597"}],"curies":[{"name":"wp","href":"https:\/\/api.w.org\/{rel}","templated":true}]}}