{"id":794,"date":"2026-04-14T00:09:13","date_gmt":"2026-04-13T22:09:13","guid":{"rendered":"https:\/\/www.everpharma.com\/esp\/?page_id=794"},"modified":"2026-04-14T23:17:32","modified_gmt":"2026-04-14T21:17:32","slug":"trasplantes","status":"publish","type":"page","link":"https:\/\/www.everpharma.com\/esp\/artforever\/trasplantes\/","title":{"rendered":"Trasplantes"},"content":{"rendered":"\n<div class=\"wp-block-media-text is-stacked-on-mobile\" style=\"grid-template-columns:40% auto\"><figure class=\"wp-block-media-text__media\"><img loading=\"lazy\" decoding=\"async\" width=\"422\" height=\"300\" src=\"https:\/\/www.everpharma.com\/esp\/wp-content\/uploads\/sites\/6\/2026\/04\/transplante.jpg\" alt=\"\" class=\"wp-image-796 size-full\" srcset=\"https:\/\/www.everpharma.com\/esp\/wp-content\/uploads\/sites\/6\/2026\/04\/transplante.jpg 422w, https:\/\/www.everpharma.com\/esp\/wp-content\/uploads\/sites\/6\/2026\/04\/transplante-300x213.jpg 300w\" sizes=\"auto, (max-width: 422px) 100vw, 422px\" \/><\/figure><div class=\"wp-block-media-text__content\">\n<p><em>Artista: Mariana Maroto<\/em><br><em>T\u00e9cnica: Dise\u00f1o digital<\/em><\/p>\n\n\n\n<p>En <strong>EVER Pharma<\/strong> celebramos la generosidad que hay detr\u00e1s de cada trasplante. Para conmemorar este d\u00eda <strong>Mundial del Trasplante de \u00d3rganos y Tejidos 2026<\/strong>, presentamos esta&nbsp;obra que representa:<\/p>\n\n\n\n<p>&nbsp;un <strong>coraz\u00f3n en las manos<\/strong>, s\u00edmbolo de esperanza y vida.<\/p>\n\n\n\n<p>Gracias a todos los donantes, familias y profesionales que hacen posible que la esperanza siga latiendo.<\/p>\n\n\n\n<p><\/p>\n<\/div><\/div>\n\n\n\n<p><\/p>\n","protected":false},"excerpt":{"rendered":"<p>Artista: Mariana MarotoT\u00e9cnica: Dise\u00f1o digital En EVER Pharma celebramos la generosidad que hay detr\u00e1s de cada trasplante. Para conmemorar este d\u00eda Mundial del Trasplante de \u00d3rganos y Tejidos 2026, presentamos esta&nbsp;obra que representa: &nbsp;un coraz\u00f3n en las manos, s\u00edmbolo de esperanza y vida. Gracias a todos los donantes, familias y profesionales que hacen posible que &hellip; <a href=\"https:\/\/www.everpharma.com\/esp\/artforever\/trasplantes\/\">Continued<\/a><\/p>\n","protected":false},"author":68,"featured_media":0,"parent":748,"menu_order":5,"comment_status":"closed","ping_status":"closed","template":"","meta":{"footnotes":""},"class_list":["post-794","page","type-page","status-publish","hentry"],"yoast_head":"<!-- This site is optimized with the Yoast SEO plugin v27.0 - https:\/\/yoast.com\/product\/yoast-seo-wordpress\/ -->\n<title>Trasplantes - EVER Pharma Spain<\/title>\n<meta name=\"robots\" content=\"index, follow, max-snippet:-1, max-image-preview:large, max-video-preview:-1\" \/>\n<link rel=\"canonical\" href=\"https:\/\/www.everpharma.com\/esp\/artforever\/trasplantes\/\" \/>\n<meta property=\"og:locale\" content=\"es_ES\" \/>\n<meta property=\"og:type\" content=\"article\" \/>\n<meta property=\"og:title\" content=\"Trasplantes - EVER Pharma Spain\" \/>\n<meta property=\"og:description\" content=\"Artista: Mariana MarotoT\u00e9cnica: Dise\u00f1o digital En EVER Pharma celebramos la generosidad que hay detr\u00e1s de cada trasplante. Para conmemorar este d\u00eda Mundial del Trasplante de \u00d3rganos y Tejidos 2026, presentamos esta&nbsp;obra que representa: &nbsp;un coraz\u00f3n en las manos, s\u00edmbolo de esperanza y vida. Gracias a todos los donantes, familias y profesionales que hacen posible que &hellip; Continued\" \/>\n<meta property=\"og:url\" content=\"https:\/\/www.everpharma.com\/esp\/artforever\/trasplantes\/\" \/>\n<meta property=\"og:site_name\" content=\"EVER Pharma Spain\" \/>\n<meta property=\"article:modified_time\" content=\"2026-04-14T21:17:32+00:00\" \/>\n<meta property=\"og:image\" content=\"https:\/\/www.everpharma.com\/esp\/wp-content\/uploads\/sites\/6\/2026\/04\/transplante.jpg\" \/>\n\t<meta property=\"og:image:width\" content=\"422\" \/>\n\t<meta property=\"og:image:height\" content=\"300\" \/>\n\t<meta property=\"og:image:type\" content=\"image\/jpeg\" \/>\n<meta name=\"twitter:card\" content=\"summary_large_image\" \/>\n<script type=\"application\/ld+json\" class=\"yoast-schema-graph\">{\"@context\":\"https:\/\/schema.org\",\"@graph\":[{\"@type\":\"WebPage\",\"@id\":\"https:\/\/www.everpharma.com\/esp\/artforever\/trasplantes\/\",\"url\":\"https:\/\/www.everpharma.com\/esp\/artforever\/trasplantes\/\",\"name\":\"Trasplantes - EVER Pharma Spain\",\"isPartOf\":{\"@id\":\"https:\/\/www.everpharma.com\/esp\/#website\"},\"primaryImageOfPage\":{\"@id\":\"https:\/\/www.everpharma.com\/esp\/artforever\/trasplantes\/#primaryimage\"},\"image\":{\"@id\":\"https:\/\/www.everpharma.com\/esp\/artforever\/trasplantes\/#primaryimage\"},\"thumbnailUrl\":\"https:\/\/www.everpharma.com\/esp\/wp-content\/uploads\/sites\/6\/2026\/04\/transplante.jpg\",\"datePublished\":\"2026-04-13T22:09:13+00:00\",\"dateModified\":\"2026-04-14T21:17:32+00:00\",\"breadcrumb\":{\"@id\":\"https:\/\/www.everpharma.com\/esp\/artforever\/trasplantes\/#breadcrumb\"},\"inLanguage\":\"es-ES\",\"potentialAction\":[{\"@type\":\"ReadAction\",\"target\":[\"https:\/\/www.everpharma.com\/esp\/artforever\/trasplantes\/\"]}]},{\"@type\":\"ImageObject\",\"inLanguage\":\"es-ES\",\"@id\":\"https:\/\/www.everpharma.com\/esp\/artforever\/trasplantes\/#primaryimage\",\"url\":\"https:\/\/www.everpharma.com\/esp\/wp-content\/uploads\/sites\/6\/2026\/04\/transplante.jpg\",\"contentUrl\":\"https:\/\/www.everpharma.com\/esp\/wp-content\/uploads\/sites\/6\/2026\/04\/transplante.jpg\",\"width\":422,\"height\":300},{\"@type\":\"BreadcrumbList\",\"@id\":\"https:\/\/www.everpharma.com\/esp\/artforever\/trasplantes\/#breadcrumb\",\"itemListElement\":[{\"@type\":\"ListItem\",\"position\":1,\"name\":\"Startseite\",\"item\":\"https:\/\/www.everpharma.com\/esp\/\"},{\"@type\":\"ListItem\",\"position\":2,\"name\":\"Art forEVER\",\"item\":\"https:\/\/www.everpharma.com\/esp\/artforever\/\"},{\"@type\":\"ListItem\",\"position\":3,\"name\":\"Trasplantes\"}]},{\"@type\":\"WebSite\",\"@id\":\"https:\/\/www.everpharma.com\/esp\/#website\",\"url\":\"https:\/\/www.everpharma.com\/esp\/\",\"name\":\"EVER Pharma Spain\",\"description\":\"Dedicated to Health.\",\"potentialAction\":[{\"@type\":\"SearchAction\",\"target\":{\"@type\":\"EntryPoint\",\"urlTemplate\":\"https:\/\/www.everpharma.com\/esp\/?s={search_term_string}\"},\"query-input\":{\"@type\":\"PropertyValueSpecification\",\"valueRequired\":true,\"valueName\":\"search_term_string\"}}],\"inLanguage\":\"es-ES\"}]}<\/script>\n<!-- \/ Yoast SEO plugin. -->","yoast_head_json":{"title":"Trasplantes - EVER Pharma Spain","robots":{"index":"index","follow":"follow","max-snippet":"max-snippet:-1","max-image-preview":"max-image-preview:large","max-video-preview":"max-video-preview:-1"},"canonical":"https:\/\/www.everpharma.com\/esp\/artforever\/trasplantes\/","og_locale":"es_ES","og_type":"article","og_title":"Trasplantes - EVER Pharma Spain","og_description":"Artista: Mariana MarotoT\u00e9cnica: Dise\u00f1o digital En EVER Pharma celebramos la generosidad que hay detr\u00e1s de cada trasplante. Para conmemorar este d\u00eda Mundial del Trasplante de \u00d3rganos y Tejidos 2026, presentamos esta&nbsp;obra que representa: &nbsp;un coraz\u00f3n en las manos, s\u00edmbolo de esperanza y vida. Gracias a todos los donantes, familias y profesionales que hacen posible que &hellip; Continued","og_url":"https:\/\/www.everpharma.com\/esp\/artforever\/trasplantes\/","og_site_name":"EVER Pharma Spain","article_modified_time":"2026-04-14T21:17:32+00:00","og_image":[{"width":422,"height":300,"url":"https:\/\/www.everpharma.com\/esp\/wp-content\/uploads\/sites\/6\/2026\/04\/transplante.jpg","type":"image\/jpeg"}],"twitter_card":"summary_large_image","schema":{"@context":"https:\/\/schema.org","@graph":[{"@type":"WebPage","@id":"https:\/\/www.everpharma.com\/esp\/artforever\/trasplantes\/","url":"https:\/\/www.everpharma.com\/esp\/artforever\/trasplantes\/","name":"Trasplantes - EVER Pharma Spain","isPartOf":{"@id":"https:\/\/www.everpharma.com\/esp\/#website"},"primaryImageOfPage":{"@id":"https:\/\/www.everpharma.com\/esp\/artforever\/trasplantes\/#primaryimage"},"image":{"@id":"https:\/\/www.everpharma.com\/esp\/artforever\/trasplantes\/#primaryimage"},"thumbnailUrl":"https:\/\/www.everpharma.com\/esp\/wp-content\/uploads\/sites\/6\/2026\/04\/transplante.jpg","datePublished":"2026-04-13T22:09:13+00:00","dateModified":"2026-04-14T21:17:32+00:00","breadcrumb":{"@id":"https:\/\/www.everpharma.com\/esp\/artforever\/trasplantes\/#breadcrumb"},"inLanguage":"es-ES","potentialAction":[{"@type":"ReadAction","target":["https:\/\/www.everpharma.com\/esp\/artforever\/trasplantes\/"]}]},{"@type":"ImageObject","inLanguage":"es-ES","@id":"https:\/\/www.everpharma.com\/esp\/artforever\/trasplantes\/#primaryimage","url":"https:\/\/www.everpharma.com\/esp\/wp-content\/uploads\/sites\/6\/2026\/04\/transplante.jpg","contentUrl":"https:\/\/www.everpharma.com\/esp\/wp-content\/uploads\/sites\/6\/2026\/04\/transplante.jpg","width":422,"height":300},{"@type":"BreadcrumbList","@id":"https:\/\/www.everpharma.com\/esp\/artforever\/trasplantes\/#breadcrumb","itemListElement":[{"@type":"ListItem","position":1,"name":"Startseite","item":"https:\/\/www.everpharma.com\/esp\/"},{"@type":"ListItem","position":2,"name":"Art forEVER","item":"https:\/\/www.everpharma.com\/esp\/artforever\/"},{"@type":"ListItem","position":3,"name":"Trasplantes"}]},{"@type":"WebSite","@id":"https:\/\/www.everpharma.com\/esp\/#website","url":"https:\/\/www.everpharma.com\/esp\/","name":"EVER Pharma Spain","description":"Dedicated to Health.","potentialAction":[{"@type":"SearchAction","target":{"@type":"EntryPoint","urlTemplate":"https:\/\/www.everpharma.com\/esp\/?s={search_term_string}"},"query-input":{"@type":"PropertyValueSpecification","valueRequired":true,"valueName":"search_term_string"}}],"inLanguage":"es-ES"}]}},"_links":{"self":[{"href":"https:\/\/www.everpharma.com\/esp\/wp-json\/wp\/v2\/pages\/794","targetHints":{"allow":["GET"]}}],"collection":[{"href":"https:\/\/www.everpharma.com\/esp\/wp-json\/wp\/v2\/pages"}],"about":[{"href":"https:\/\/www.everpharma.com\/esp\/wp-json\/wp\/v2\/types\/page"}],"author":[{"embeddable":true,"href":"https:\/\/www.everpharma.com\/esp\/wp-json\/wp\/v2\/users\/68"}],"replies":[{"embeddable":true,"href":"https:\/\/www.everpharma.com\/esp\/wp-json\/wp\/v2\/comments?post=794"}],"version-history":[{"count":5,"href":"https:\/\/www.everpharma.com\/esp\/wp-json\/wp\/v2\/pages\/794\/revisions"}],"predecessor-version":[{"id":846,"href":"https:\/\/www.everpharma.com\/esp\/wp-json\/wp\/v2\/pages\/794\/revisions\/846"}],"up":[{"embeddable":true,"href":"https:\/\/www.everpharma.com\/esp\/wp-json\/wp\/v2\/pages\/748"}],"wp:attachment":[{"href":"https:\/\/www.everpharma.com\/esp\/wp-json\/wp\/v2\/media?parent=794"}],"curies":[{"name":"wp","href":"https:\/\/api.w.org\/{rel}","templated":true}]}}