{"id":789,"date":"2026-04-14T00:04:32","date_gmt":"2026-04-13T22:04:32","guid":{"rendered":"https:\/\/www.everpharma.com\/esp\/?page_id=789"},"modified":"2026-04-15T09:37:56","modified_gmt":"2026-04-15T07:37:56","slug":"neurologia","status":"publish","type":"page","link":"https:\/\/www.everpharma.com\/esp\/artforever\/neurologia\/","title":{"rendered":"Neurolog\u00eda"},"content":{"rendered":"\n<div class=\"wp-block-media-text is-stacked-on-mobile is-vertically-aligned-center\" style=\"grid-template-columns:30% auto\"><figure class=\"wp-block-media-text__media\"><img loading=\"lazy\" decoding=\"async\" width=\"223\" height=\"209\" src=\"https:\/\/www.everpharma.com\/esp\/wp-content\/uploads\/sites\/6\/2026\/04\/neurologia_small.jpg\" alt=\"\" class=\"wp-image-759 size-full\"\/><\/figure><div class=\"wp-block-media-text__content\">\n<p><em>Artista:<\/em> <em>Mariana Maroto<\/em><br><em>T\u00e9cnica: Guanche l\u00e1piz y ceras sobre papel basik<\/em><\/p>\n\n\n\n<p>En <strong>EVER Pharma<\/strong> por el <strong>d\u00eda Mundial del Parkinson 2025<\/strong> creamos una obra \u00fanica:<\/p>\n\n\n\n<p>90 pinturas que unidas forman una red, c\u00f3mo las neuronas del sistema nervioso.<\/p>\n\n\n\n<p>Esta imagen poderosa nos recuerda la uni\u00f3n de los profesionales de las <strong>unidades de Trastornos del Movimiento<\/strong>, cada esfuerzo, cada avance, es una conexi\u00f3n m\u00e1s en esta red de esperanza, dedicada a mejorar la calidad de vida de los pacientes con Parkinson.<\/p>\n\n\n\n<p>En este d\u00eda celebramos la fuerza de la colaboraci\u00f3n y el arte como veh\u00edculo para visibilizar esta causa<\/p>\n<\/div><\/div>\n\n\n\n<div style=\"height:100px\" aria-hidden=\"true\" class=\"wp-block-spacer\"><\/div>\n\n\n\n<div class=\"wp-block-media-text is-stacked-on-mobile is-vertically-aligned-center\" style=\"grid-template-columns:30% auto\"><figure class=\"wp-block-media-text__media\"><img loading=\"lazy\" decoding=\"async\" width=\"730\" height=\"719\" src=\"https:\/\/www.everpharma.com\/esp\/wp-content\/uploads\/sites\/6\/2026\/04\/minedalas.jpg\" alt=\"\" class=\"wp-image-800 size-full\" srcset=\"https:\/\/www.everpharma.com\/esp\/wp-content\/uploads\/sites\/6\/2026\/04\/minedalas.jpg 730w, https:\/\/www.everpharma.com\/esp\/wp-content\/uploads\/sites\/6\/2026\/04\/minedalas-300x295.jpg 300w\" sizes=\"auto, (max-width: 730px) 100vw, 730px\" \/><\/figure><div class=\"wp-block-media-text__content\">\n<p>En <strong>EVER Pharma<\/strong> reafirmamos nuestro compromiso con las personas que conviven con el Parkinson y con sus cuidadores.<\/p>\n\n\n\n<p>Con este prop\u00f3sito, hemos creado <strong><span style=\"color:orange;\">mine<\/span><span style=\"color:gray\">Dalas<\/span><\/strong>, una colecci\u00f3n de mandalas dise\u00f1ados bajo el concepto <em>\u201c<strong style=\"color:red\">colorear para reconectar<\/strong>\u201d<\/em>.<\/p>\n\n\n\n<p>Una iniciativa que combina&nbsp; bienestar y apoyo emocional, ofreciendo a pacientes y cuidadores una herramienta sencilla pero valiosa para favorecer la calma, la concentraci\u00f3n y la reconexi\u00f3n personal.<\/p>\n\n\n\n<p>Han sido creados para el <strong>d\u00eda Mundial del Parkinson 2026<\/strong>, seguimos avanzando en soluciones que integran ciencia, innovaci\u00f3n y humanidad.<\/p>\n\n\n\n<p>Gracias a todos los que lo hac\u00e9is posible<\/p>\n<\/div><\/div>\n\n\n\n<div style=\"height:100px\" aria-hidden=\"true\" class=\"wp-block-spacer\"><\/div>\n\n\n\n<div class=\"wp-block-media-text is-stacked-on-mobile\" style=\"grid-template-columns:30% auto\"><figure class=\"wp-block-media-text__media\"><\/figure><div class=\"wp-block-media-text__content\">\n<div class=\"wp-block-cover is-light is-style-default\"><img loading=\"lazy\" decoding=\"async\" width=\"1215\" height=\"677\" class=\"wp-block-cover__image-background wp-image-874 size-full\" alt=\"\" src=\"https:\/\/www.everpharma.com\/esp\/wp-content\/uploads\/sites\/6\/2026\/04\/fondo-1.jpg\" style=\"object-position:100% 100%\" data-object-fit=\"cover\" data-object-position=\"100% 100%\" srcset=\"https:\/\/www.everpharma.com\/esp\/wp-content\/uploads\/sites\/6\/2026\/04\/fondo-1.jpg 1215w, https:\/\/www.everpharma.com\/esp\/wp-content\/uploads\/sites\/6\/2026\/04\/fondo-1-300x167.jpg 300w, https:\/\/www.everpharma.com\/esp\/wp-content\/uploads\/sites\/6\/2026\/04\/fondo-1-1024x571.jpg 1024w, https:\/\/www.everpharma.com\/esp\/wp-content\/uploads\/sites\/6\/2026\/04\/fondo-1-768x428.jpg 768w\" sizes=\"auto, (max-width: 1215px) 100vw, 1215px\" \/><span aria-hidden=\"true\" class=\"wp-block-cover__background has-background-dim-80 has-background-dim\" style=\"background-color:#fdfcfb\"><\/span><div class=\"wp-block-cover__inner-container is-layout-flow wp-block-cover-is-layout-flow\">\n<p>Poema por Mar\u00eda Izquierdo<\/p>\n\n\n\n<p><\/p>\n\n\n\n<p><strong>TU AMOR NO TIEMBLA<\/strong><br>Padre, tu mano tiembla, pero gu\u00eda,<br>C\u00f3mo un faro encendido entre la niebla.<br>La vida te golpea cada d\u00eda,<br>Pero tu amor resiste y nunca quiebra.<br><br>A veces el silencio pesa tanto<br>Que duele m\u00e1s que el miedo o la tristeza,<br>M\u00e1s sigo viendo luz en tu mirada<br>igual que cuando yo era una cr\u00eda.<br><br>Si el tiempo hoy te roba movimientos,<br>Jam\u00e1s podr\u00e1 robar lo que me diste:<br>Tu voz, tu ejemplo, tu manera firme<br>de ense\u00f1arme a luchar cuando es dif\u00edcil.<br><br>Y aunque el temblor te cruce como viento,<br>Tu coraz\u00f3n a\u00fan late c\u00f3mo siempre.<\/p>\n\n\n\n<div style=\"height:25px\" aria-hidden=\"true\" class=\"wp-block-spacer\"><\/div>\n<\/div><\/div>\n<\/div><\/div>\n","protected":false},"excerpt":{"rendered":"<p>Artista: Mariana MarotoT\u00e9cnica: Guanche l\u00e1piz y ceras sobre papel basik En EVER Pharma por el d\u00eda Mundial del Parkinson 2025 creamos una obra \u00fanica: 90 pinturas que unidas forman una red, c\u00f3mo las neuronas del sistema nervioso. Esta imagen poderosa nos recuerda la uni\u00f3n de los profesionales de las unidades de Trastornos del Movimiento, cada &hellip; <a href=\"https:\/\/www.everpharma.com\/esp\/artforever\/neurologia\/\">Continued<\/a><\/p>\n","protected":false},"author":68,"featured_media":0,"parent":748,"menu_order":2,"comment_status":"closed","ping_status":"closed","template":"","meta":{"footnotes":""},"class_list":["post-789","page","type-page","status-publish","hentry"],"yoast_head":"<!-- This site is optimized with the Yoast SEO plugin v27.0 - https:\/\/yoast.com\/product\/yoast-seo-wordpress\/ -->\n<title>Neurolog\u00eda - EVER Pharma Spain<\/title>\n<meta name=\"robots\" content=\"index, follow, max-snippet:-1, max-image-preview:large, max-video-preview:-1\" \/>\n<link rel=\"canonical\" href=\"https:\/\/www.everpharma.com\/esp\/artforever\/neurologia\/\" \/>\n<meta property=\"og:locale\" content=\"es_ES\" \/>\n<meta property=\"og:type\" content=\"article\" \/>\n<meta property=\"og:title\" content=\"Neurolog\u00eda - EVER Pharma Spain\" \/>\n<meta property=\"og:description\" content=\"Artista: Mariana MarotoT\u00e9cnica: Guanche l\u00e1piz y ceras sobre papel basik En EVER Pharma por el d\u00eda Mundial del Parkinson 2025 creamos una obra \u00fanica: 90 pinturas que unidas forman una red, c\u00f3mo las neuronas del sistema nervioso. Esta imagen poderosa nos recuerda la uni\u00f3n de los profesionales de las unidades de Trastornos del Movimiento, cada &hellip; Continued\" \/>\n<meta property=\"og:url\" content=\"https:\/\/www.everpharma.com\/esp\/artforever\/neurologia\/\" \/>\n<meta property=\"og:site_name\" content=\"EVER Pharma Spain\" \/>\n<meta property=\"article:modified_time\" content=\"2026-04-15T07:37:56+00:00\" \/>\n<meta property=\"og:image\" content=\"https:\/\/www.everpharma.com\/esp\/wp-content\/uploads\/sites\/6\/2026\/04\/neurologia_small.jpg\" \/>\n\t<meta property=\"og:image:width\" content=\"223\" \/>\n\t<meta property=\"og:image:height\" content=\"209\" \/>\n\t<meta property=\"og:image:type\" content=\"image\/jpeg\" \/>\n<meta name=\"twitter:card\" content=\"summary_large_image\" \/>\n<meta name=\"twitter:label1\" content=\"Est. reading time\" \/>\n\t<meta name=\"twitter:data1\" content=\"2 minutes\" \/>\n<script type=\"application\/ld+json\" class=\"yoast-schema-graph\">{\"@context\":\"https:\/\/schema.org\",\"@graph\":[{\"@type\":\"WebPage\",\"@id\":\"https:\/\/www.everpharma.com\/esp\/artforever\/neurologia\/\",\"url\":\"https:\/\/www.everpharma.com\/esp\/artforever\/neurologia\/\",\"name\":\"Neurolog\u00eda - EVER Pharma Spain\",\"isPartOf\":{\"@id\":\"https:\/\/www.everpharma.com\/esp\/#website\"},\"primaryImageOfPage\":{\"@id\":\"https:\/\/www.everpharma.com\/esp\/artforever\/neurologia\/#primaryimage\"},\"image\":{\"@id\":\"https:\/\/www.everpharma.com\/esp\/artforever\/neurologia\/#primaryimage\"},\"thumbnailUrl\":\"https:\/\/www.everpharma.com\/esp\/wp-content\/uploads\/sites\/6\/2026\/04\/neurologia_small.jpg\",\"datePublished\":\"2026-04-13T22:04:32+00:00\",\"dateModified\":\"2026-04-15T07:37:56+00:00\",\"breadcrumb\":{\"@id\":\"https:\/\/www.everpharma.com\/esp\/artforever\/neurologia\/#breadcrumb\"},\"inLanguage\":\"es-ES\",\"potentialAction\":[{\"@type\":\"ReadAction\",\"target\":[\"https:\/\/www.everpharma.com\/esp\/artforever\/neurologia\/\"]}]},{\"@type\":\"ImageObject\",\"inLanguage\":\"es-ES\",\"@id\":\"https:\/\/www.everpharma.com\/esp\/artforever\/neurologia\/#primaryimage\",\"url\":\"https:\/\/www.everpharma.com\/esp\/wp-content\/uploads\/sites\/6\/2026\/04\/neurologia_small.jpg\",\"contentUrl\":\"https:\/\/www.everpharma.com\/esp\/wp-content\/uploads\/sites\/6\/2026\/04\/neurologia_small.jpg\",\"width\":223,\"height\":209,\"caption\":\"muy lindo\"},{\"@type\":\"BreadcrumbList\",\"@id\":\"https:\/\/www.everpharma.com\/esp\/artforever\/neurologia\/#breadcrumb\",\"itemListElement\":[{\"@type\":\"ListItem\",\"position\":1,\"name\":\"Startseite\",\"item\":\"https:\/\/www.everpharma.com\/esp\/\"},{\"@type\":\"ListItem\",\"position\":2,\"name\":\"Art forEVER\",\"item\":\"https:\/\/www.everpharma.com\/esp\/artforever\/\"},{\"@type\":\"ListItem\",\"position\":3,\"name\":\"Neurolog\u00eda\"}]},{\"@type\":\"WebSite\",\"@id\":\"https:\/\/www.everpharma.com\/esp\/#website\",\"url\":\"https:\/\/www.everpharma.com\/esp\/\",\"name\":\"EVER Pharma Spain\",\"description\":\"Dedicated to Health.\",\"potentialAction\":[{\"@type\":\"SearchAction\",\"target\":{\"@type\":\"EntryPoint\",\"urlTemplate\":\"https:\/\/www.everpharma.com\/esp\/?s={search_term_string}\"},\"query-input\":{\"@type\":\"PropertyValueSpecification\",\"valueRequired\":true,\"valueName\":\"search_term_string\"}}],\"inLanguage\":\"es-ES\"}]}<\/script>\n<!-- \/ Yoast SEO plugin. -->","yoast_head_json":{"title":"Neurolog\u00eda - EVER Pharma Spain","robots":{"index":"index","follow":"follow","max-snippet":"max-snippet:-1","max-image-preview":"max-image-preview:large","max-video-preview":"max-video-preview:-1"},"canonical":"https:\/\/www.everpharma.com\/esp\/artforever\/neurologia\/","og_locale":"es_ES","og_type":"article","og_title":"Neurolog\u00eda - EVER Pharma Spain","og_description":"Artista: Mariana MarotoT\u00e9cnica: Guanche l\u00e1piz y ceras sobre papel basik En EVER Pharma por el d\u00eda Mundial del Parkinson 2025 creamos una obra \u00fanica: 90 pinturas que unidas forman una red, c\u00f3mo las neuronas del sistema nervioso. Esta imagen poderosa nos recuerda la uni\u00f3n de los profesionales de las unidades de Trastornos del Movimiento, cada &hellip; Continued","og_url":"https:\/\/www.everpharma.com\/esp\/artforever\/neurologia\/","og_site_name":"EVER Pharma Spain","article_modified_time":"2026-04-15T07:37:56+00:00","og_image":[{"width":223,"height":209,"url":"https:\/\/www.everpharma.com\/esp\/wp-content\/uploads\/sites\/6\/2026\/04\/neurologia_small.jpg","type":"image\/jpeg"}],"twitter_card":"summary_large_image","twitter_misc":{"Est. reading time":"2 minutes"},"schema":{"@context":"https:\/\/schema.org","@graph":[{"@type":"WebPage","@id":"https:\/\/www.everpharma.com\/esp\/artforever\/neurologia\/","url":"https:\/\/www.everpharma.com\/esp\/artforever\/neurologia\/","name":"Neurolog\u00eda - EVER Pharma Spain","isPartOf":{"@id":"https:\/\/www.everpharma.com\/esp\/#website"},"primaryImageOfPage":{"@id":"https:\/\/www.everpharma.com\/esp\/artforever\/neurologia\/#primaryimage"},"image":{"@id":"https:\/\/www.everpharma.com\/esp\/artforever\/neurologia\/#primaryimage"},"thumbnailUrl":"https:\/\/www.everpharma.com\/esp\/wp-content\/uploads\/sites\/6\/2026\/04\/neurologia_small.jpg","datePublished":"2026-04-13T22:04:32+00:00","dateModified":"2026-04-15T07:37:56+00:00","breadcrumb":{"@id":"https:\/\/www.everpharma.com\/esp\/artforever\/neurologia\/#breadcrumb"},"inLanguage":"es-ES","potentialAction":[{"@type":"ReadAction","target":["https:\/\/www.everpharma.com\/esp\/artforever\/neurologia\/"]}]},{"@type":"ImageObject","inLanguage":"es-ES","@id":"https:\/\/www.everpharma.com\/esp\/artforever\/neurologia\/#primaryimage","url":"https:\/\/www.everpharma.com\/esp\/wp-content\/uploads\/sites\/6\/2026\/04\/neurologia_small.jpg","contentUrl":"https:\/\/www.everpharma.com\/esp\/wp-content\/uploads\/sites\/6\/2026\/04\/neurologia_small.jpg","width":223,"height":209,"caption":"muy lindo"},{"@type":"BreadcrumbList","@id":"https:\/\/www.everpharma.com\/esp\/artforever\/neurologia\/#breadcrumb","itemListElement":[{"@type":"ListItem","position":1,"name":"Startseite","item":"https:\/\/www.everpharma.com\/esp\/"},{"@type":"ListItem","position":2,"name":"Art forEVER","item":"https:\/\/www.everpharma.com\/esp\/artforever\/"},{"@type":"ListItem","position":3,"name":"Neurolog\u00eda"}]},{"@type":"WebSite","@id":"https:\/\/www.everpharma.com\/esp\/#website","url":"https:\/\/www.everpharma.com\/esp\/","name":"EVER Pharma Spain","description":"Dedicated to Health.","potentialAction":[{"@type":"SearchAction","target":{"@type":"EntryPoint","urlTemplate":"https:\/\/www.everpharma.com\/esp\/?s={search_term_string}"},"query-input":{"@type":"PropertyValueSpecification","valueRequired":true,"valueName":"search_term_string"}}],"inLanguage":"es-ES"}]}},"_links":{"self":[{"href":"https:\/\/www.everpharma.com\/esp\/wp-json\/wp\/v2\/pages\/789","targetHints":{"allow":["GET"]}}],"collection":[{"href":"https:\/\/www.everpharma.com\/esp\/wp-json\/wp\/v2\/pages"}],"about":[{"href":"https:\/\/www.everpharma.com\/esp\/wp-json\/wp\/v2\/types\/page"}],"author":[{"embeddable":true,"href":"https:\/\/www.everpharma.com\/esp\/wp-json\/wp\/v2\/users\/68"}],"replies":[{"embeddable":true,"href":"https:\/\/www.everpharma.com\/esp\/wp-json\/wp\/v2\/comments?post=789"}],"version-history":[{"count":24,"href":"https:\/\/www.everpharma.com\/esp\/wp-json\/wp\/v2\/pages\/789\/revisions"}],"predecessor-version":[{"id":908,"href":"https:\/\/www.everpharma.com\/esp\/wp-json\/wp\/v2\/pages\/789\/revisions\/908"}],"up":[{"embeddable":true,"href":"https:\/\/www.everpharma.com\/esp\/wp-json\/wp\/v2\/pages\/748"}],"wp:attachment":[{"href":"https:\/\/www.everpharma.com\/esp\/wp-json\/wp\/v2\/media?parent=789"}],"curies":[{"name":"wp","href":"https:\/\/api.w.org\/{rel}","templated":true}]}}