{"id":765,"date":"2026-04-11T09:43:57","date_gmt":"2026-04-11T07:43:57","guid":{"rendered":"https:\/\/www.everpharma.com\/esp\/?page_id=765"},"modified":"2026-04-14T23:49:22","modified_gmt":"2026-04-14T21:49:22","slug":"oncologia","status":"publish","type":"page","link":"https:\/\/www.everpharma.com\/esp\/artforever\/oncologia\/","title":{"rendered":"Oncolog\u00eda"},"content":{"rendered":"\n<div class=\"wp-block-media-text is-stacked-on-mobile\" style=\"grid-template-columns:30% auto\"><figure class=\"wp-block-media-text__media\"><img loading=\"lazy\" decoding=\"async\" width=\"369\" height=\"526\" src=\"https:\/\/www.everpharma.com\/esp\/wp-content\/uploads\/sites\/6\/2026\/04\/oncologia-1.jpg\" alt=\"\" class=\"wp-image-791 size-full\" srcset=\"https:\/\/www.everpharma.com\/esp\/wp-content\/uploads\/sites\/6\/2026\/04\/oncologia-1.jpg 369w, https:\/\/www.everpharma.com\/esp\/wp-content\/uploads\/sites\/6\/2026\/04\/oncologia-1-210x300.jpg 210w\" sizes=\"auto, (max-width: 369px) 100vw, 369px\" \/><\/figure><div class=\"wp-block-media-text__content\">\n<p><em>Artista: Mariana Maroto<\/em><br><em>T\u00e9cnica: Colorante Lazulymph dilu\u00eddo<\/em>. C<em>era sobre papel basik<\/em><\/p>\n\n\n\n<p>Obra realizada para el&nbsp;d\u00eda<strong> Mundial del C\u00e1ncer de Mama&nbsp;2025<\/strong>.<\/p>\n\n\n\n<p>Desde EVER Pharma quisimos apoyar a esta enfermedad<\/p>\n\n\n\n<p>desde el <strong>color responsable de marcar el ganglio linf\u00e1tico&nbsp; centinela<\/strong> <strong>en el c\u00e1ncer de mama (azul patente<\/strong>), un colorante vital de gran relevancia &nbsp;en todo el proceso.<\/p>\n\n\n\n<p><\/p>\n<\/div><\/div>\n\n\n\n<p><\/p>\n","protected":false},"excerpt":{"rendered":"<p>Artista: Mariana MarotoT\u00e9cnica: Colorante Lazulymph dilu\u00eddo. Cera sobre papel basik Obra realizada para el&nbsp;d\u00eda Mundial del C\u00e1ncer de Mama&nbsp;2025. Desde EVER Pharma quisimos apoyar a esta enfermedad desde el color responsable de marcar el ganglio linf\u00e1tico&nbsp; centinela en el c\u00e1ncer de mama (azul patente), un colorante vital de gran relevancia &nbsp;en todo el proceso.<\/p>\n","protected":false},"author":68,"featured_media":0,"parent":748,"menu_order":3,"comment_status":"closed","ping_status":"closed","template":"","meta":{"footnotes":""},"class_list":["post-765","page","type-page","status-publish","hentry"],"yoast_head":"<!-- This site is optimized with the Yoast SEO plugin v27.0 - https:\/\/yoast.com\/product\/yoast-seo-wordpress\/ -->\n<title>Oncolog\u00eda - EVER Pharma Spain<\/title>\n<meta name=\"robots\" content=\"index, follow, max-snippet:-1, max-image-preview:large, max-video-preview:-1\" \/>\n<link rel=\"canonical\" href=\"https:\/\/www.everpharma.com\/esp\/artforever\/oncologia\/\" \/>\n<meta property=\"og:locale\" content=\"es_ES\" \/>\n<meta property=\"og:type\" content=\"article\" \/>\n<meta property=\"og:title\" content=\"Oncolog\u00eda - EVER Pharma Spain\" \/>\n<meta property=\"og:description\" content=\"Artista: Mariana MarotoT\u00e9cnica: Colorante Lazulymph dilu\u00eddo. Cera sobre papel basik Obra realizada para el&nbsp;d\u00eda Mundial del C\u00e1ncer de Mama&nbsp;2025. Desde EVER Pharma quisimos apoyar a esta enfermedad desde el color responsable de marcar el ganglio linf\u00e1tico&nbsp; centinela en el c\u00e1ncer de mama (azul patente), un colorante vital de gran relevancia &nbsp;en todo el proceso.\" \/>\n<meta property=\"og:url\" content=\"https:\/\/www.everpharma.com\/esp\/artforever\/oncologia\/\" \/>\n<meta property=\"og:site_name\" content=\"EVER Pharma Spain\" \/>\n<meta property=\"article:modified_time\" content=\"2026-04-14T21:49:22+00:00\" \/>\n<meta property=\"og:image\" content=\"https:\/\/www.everpharma.com\/esp\/wp-content\/uploads\/sites\/6\/2026\/04\/oncologia-1.jpg\" \/>\n\t<meta property=\"og:image:width\" content=\"369\" \/>\n\t<meta property=\"og:image:height\" content=\"526\" \/>\n\t<meta property=\"og:image:type\" content=\"image\/jpeg\" \/>\n<meta name=\"twitter:card\" content=\"summary_large_image\" \/>\n<script type=\"application\/ld+json\" class=\"yoast-schema-graph\">{\"@context\":\"https:\/\/schema.org\",\"@graph\":[{\"@type\":\"WebPage\",\"@id\":\"https:\/\/www.everpharma.com\/esp\/artforever\/oncologia\/\",\"url\":\"https:\/\/www.everpharma.com\/esp\/artforever\/oncologia\/\",\"name\":\"Oncolog\u00eda - EVER Pharma Spain\",\"isPartOf\":{\"@id\":\"https:\/\/www.everpharma.com\/esp\/#website\"},\"primaryImageOfPage\":{\"@id\":\"https:\/\/www.everpharma.com\/esp\/artforever\/oncologia\/#primaryimage\"},\"image\":{\"@id\":\"https:\/\/www.everpharma.com\/esp\/artforever\/oncologia\/#primaryimage\"},\"thumbnailUrl\":\"https:\/\/www.everpharma.com\/esp\/wp-content\/uploads\/sites\/6\/2026\/04\/oncologia-1.jpg\",\"datePublished\":\"2026-04-11T07:43:57+00:00\",\"dateModified\":\"2026-04-14T21:49:22+00:00\",\"breadcrumb\":{\"@id\":\"https:\/\/www.everpharma.com\/esp\/artforever\/oncologia\/#breadcrumb\"},\"inLanguage\":\"es-ES\",\"potentialAction\":[{\"@type\":\"ReadAction\",\"target\":[\"https:\/\/www.everpharma.com\/esp\/artforever\/oncologia\/\"]}]},{\"@type\":\"ImageObject\",\"inLanguage\":\"es-ES\",\"@id\":\"https:\/\/www.everpharma.com\/esp\/artforever\/oncologia\/#primaryimage\",\"url\":\"https:\/\/www.everpharma.com\/esp\/wp-content\/uploads\/sites\/6\/2026\/04\/oncologia-1.jpg\",\"contentUrl\":\"https:\/\/www.everpharma.com\/esp\/wp-content\/uploads\/sites\/6\/2026\/04\/oncologia-1.jpg\",\"width\":369,\"height\":526,\"caption\":\"arte\"},{\"@type\":\"BreadcrumbList\",\"@id\":\"https:\/\/www.everpharma.com\/esp\/artforever\/oncologia\/#breadcrumb\",\"itemListElement\":[{\"@type\":\"ListItem\",\"position\":1,\"name\":\"Startseite\",\"item\":\"https:\/\/www.everpharma.com\/esp\/\"},{\"@type\":\"ListItem\",\"position\":2,\"name\":\"Art forEVER\",\"item\":\"https:\/\/www.everpharma.com\/esp\/artforever\/\"},{\"@type\":\"ListItem\",\"position\":3,\"name\":\"Oncolog\u00eda\"}]},{\"@type\":\"WebSite\",\"@id\":\"https:\/\/www.everpharma.com\/esp\/#website\",\"url\":\"https:\/\/www.everpharma.com\/esp\/\",\"name\":\"EVER Pharma Spain\",\"description\":\"Dedicated to Health.\",\"potentialAction\":[{\"@type\":\"SearchAction\",\"target\":{\"@type\":\"EntryPoint\",\"urlTemplate\":\"https:\/\/www.everpharma.com\/esp\/?s={search_term_string}\"},\"query-input\":{\"@type\":\"PropertyValueSpecification\",\"valueRequired\":true,\"valueName\":\"search_term_string\"}}],\"inLanguage\":\"es-ES\"}]}<\/script>\n<!-- \/ Yoast SEO plugin. -->","yoast_head_json":{"title":"Oncolog\u00eda - EVER Pharma Spain","robots":{"index":"index","follow":"follow","max-snippet":"max-snippet:-1","max-image-preview":"max-image-preview:large","max-video-preview":"max-video-preview:-1"},"canonical":"https:\/\/www.everpharma.com\/esp\/artforever\/oncologia\/","og_locale":"es_ES","og_type":"article","og_title":"Oncolog\u00eda - EVER Pharma Spain","og_description":"Artista: Mariana MarotoT\u00e9cnica: Colorante Lazulymph dilu\u00eddo. Cera sobre papel basik Obra realizada para el&nbsp;d\u00eda Mundial del C\u00e1ncer de Mama&nbsp;2025. Desde EVER Pharma quisimos apoyar a esta enfermedad desde el color responsable de marcar el ganglio linf\u00e1tico&nbsp; centinela en el c\u00e1ncer de mama (azul patente), un colorante vital de gran relevancia &nbsp;en todo el proceso.","og_url":"https:\/\/www.everpharma.com\/esp\/artforever\/oncologia\/","og_site_name":"EVER Pharma Spain","article_modified_time":"2026-04-14T21:49:22+00:00","og_image":[{"width":369,"height":526,"url":"https:\/\/www.everpharma.com\/esp\/wp-content\/uploads\/sites\/6\/2026\/04\/oncologia-1.jpg","type":"image\/jpeg"}],"twitter_card":"summary_large_image","schema":{"@context":"https:\/\/schema.org","@graph":[{"@type":"WebPage","@id":"https:\/\/www.everpharma.com\/esp\/artforever\/oncologia\/","url":"https:\/\/www.everpharma.com\/esp\/artforever\/oncologia\/","name":"Oncolog\u00eda - EVER Pharma Spain","isPartOf":{"@id":"https:\/\/www.everpharma.com\/esp\/#website"},"primaryImageOfPage":{"@id":"https:\/\/www.everpharma.com\/esp\/artforever\/oncologia\/#primaryimage"},"image":{"@id":"https:\/\/www.everpharma.com\/esp\/artforever\/oncologia\/#primaryimage"},"thumbnailUrl":"https:\/\/www.everpharma.com\/esp\/wp-content\/uploads\/sites\/6\/2026\/04\/oncologia-1.jpg","datePublished":"2026-04-11T07:43:57+00:00","dateModified":"2026-04-14T21:49:22+00:00","breadcrumb":{"@id":"https:\/\/www.everpharma.com\/esp\/artforever\/oncologia\/#breadcrumb"},"inLanguage":"es-ES","potentialAction":[{"@type":"ReadAction","target":["https:\/\/www.everpharma.com\/esp\/artforever\/oncologia\/"]}]},{"@type":"ImageObject","inLanguage":"es-ES","@id":"https:\/\/www.everpharma.com\/esp\/artforever\/oncologia\/#primaryimage","url":"https:\/\/www.everpharma.com\/esp\/wp-content\/uploads\/sites\/6\/2026\/04\/oncologia-1.jpg","contentUrl":"https:\/\/www.everpharma.com\/esp\/wp-content\/uploads\/sites\/6\/2026\/04\/oncologia-1.jpg","width":369,"height":526,"caption":"arte"},{"@type":"BreadcrumbList","@id":"https:\/\/www.everpharma.com\/esp\/artforever\/oncologia\/#breadcrumb","itemListElement":[{"@type":"ListItem","position":1,"name":"Startseite","item":"https:\/\/www.everpharma.com\/esp\/"},{"@type":"ListItem","position":2,"name":"Art forEVER","item":"https:\/\/www.everpharma.com\/esp\/artforever\/"},{"@type":"ListItem","position":3,"name":"Oncolog\u00eda"}]},{"@type":"WebSite","@id":"https:\/\/www.everpharma.com\/esp\/#website","url":"https:\/\/www.everpharma.com\/esp\/","name":"EVER Pharma Spain","description":"Dedicated to Health.","potentialAction":[{"@type":"SearchAction","target":{"@type":"EntryPoint","urlTemplate":"https:\/\/www.everpharma.com\/esp\/?s={search_term_string}"},"query-input":{"@type":"PropertyValueSpecification","valueRequired":true,"valueName":"search_term_string"}}],"inLanguage":"es-ES"}]}},"_links":{"self":[{"href":"https:\/\/www.everpharma.com\/esp\/wp-json\/wp\/v2\/pages\/765","targetHints":{"allow":["GET"]}}],"collection":[{"href":"https:\/\/www.everpharma.com\/esp\/wp-json\/wp\/v2\/pages"}],"about":[{"href":"https:\/\/www.everpharma.com\/esp\/wp-json\/wp\/v2\/types\/page"}],"author":[{"embeddable":true,"href":"https:\/\/www.everpharma.com\/esp\/wp-json\/wp\/v2\/users\/68"}],"replies":[{"embeddable":true,"href":"https:\/\/www.everpharma.com\/esp\/wp-json\/wp\/v2\/comments?post=765"}],"version-history":[{"count":7,"href":"https:\/\/www.everpharma.com\/esp\/wp-json\/wp\/v2\/pages\/765\/revisions"}],"predecessor-version":[{"id":873,"href":"https:\/\/www.everpharma.com\/esp\/wp-json\/wp\/v2\/pages\/765\/revisions\/873"}],"up":[{"embeddable":true,"href":"https:\/\/www.everpharma.com\/esp\/wp-json\/wp\/v2\/pages\/748"}],"wp:attachment":[{"href":"https:\/\/www.everpharma.com\/esp\/wp-json\/wp\/v2\/media?parent=765"}],"curies":[{"name":"wp","href":"https:\/\/api.w.org\/{rel}","templated":true}]}}