{"id":748,"date":"2026-04-11T09:28:51","date_gmt":"2026-04-11T07:28:51","guid":{"rendered":"https:\/\/www.everpharma.com\/esp\/?page_id=748"},"modified":"2026-04-16T19:43:26","modified_gmt":"2026-04-16T17:43:26","slug":"artforever","status":"publish","type":"page","link":"https:\/\/www.everpharma.com\/esp\/artforever\/","title":{"rendered":"Art forEVER"},"content":{"rendered":"\n<h2 class=\"wp-block-heading\">Art forEVER<\/h2>\n\n\n\n<div class=\"wp-block-media-text is-stacked-on-mobile\" style=\"grid-template-columns:29% auto\"><figure class=\"wp-block-media-text__media\"><img loading=\"lazy\" decoding=\"async\" width=\"1024\" height=\"758\" src=\"https:\/\/www.everpharma.com\/esp\/wp-content\/uploads\/sites\/6\/2026\/04\/Logo_ARTforEVER-1024x758.jpg\" alt=\"\" class=\"wp-image-753 size-full\" srcset=\"https:\/\/www.everpharma.com\/esp\/wp-content\/uploads\/sites\/6\/2026\/04\/Logo_ARTforEVER-1024x758.jpg 1024w, https:\/\/www.everpharma.com\/esp\/wp-content\/uploads\/sites\/6\/2026\/04\/Logo_ARTforEVER-300x222.jpg 300w, https:\/\/www.everpharma.com\/esp\/wp-content\/uploads\/sites\/6\/2026\/04\/Logo_ARTforEVER-768x569.jpg 768w, https:\/\/www.everpharma.com\/esp\/wp-content\/uploads\/sites\/6\/2026\/04\/Logo_ARTforEVER-1536x1137.jpg 1536w, https:\/\/www.everpharma.com\/esp\/wp-content\/uploads\/sites\/6\/2026\/04\/Logo_ARTforEVER-2048x1516.jpg 2048w\" sizes=\"auto, (max-width: 1024px) 100vw, 1024px\" \/><\/figure><div class=\"wp-block-media-text__content\">\n<p>En <strong>EVER Pharma<\/strong> damos un paso m\u00e1s y presentamos nuestro <strong><em>nuevo Espacio de Arte, un lugar donde la creatividad y la salud se encuentran.<\/em><\/strong><\/p>\n\n\n\n<p>Creemos que el arte es una forma universal de expresi\u00f3n, inspiraci\u00f3n, bienestar y tambi\u00e9n puede tener un efecto terapeutico.<\/p>\n\n\n\n<p>El concepto <strong>Art ForEVER<\/strong> nace de una convicci\u00f3n profunda: \u201c<strong>el arte es para siempre<\/strong>, <strong>al igual que nuestra dedicaci\u00f3n continua al cuidado y al bienestar de las personas\u201d.<\/strong><\/p>\n\n\n\n<p>Este espacio refleja nuestra manera de entender la salud desde una mirada m\u00e1s humana, donde la innovaci\u00f3n cient\u00edfica convive con la sensibilidad, la cultura y la emoci\u00f3n. Porque cuidar de las personas tambi\u00e9n significa inspirar, acompa\u00f1ar y crear entornos que generen bienestar.<\/p>\n\n\n\n<p>Si eres artista y quiere contribuir con tu arte en alguno de estos temas, puedes ponerte en contacto con nosotros a trav\u00e9s de ese email: <a href=\"mailto:ArtforEVER@everpharma.com\">ArtforEVER.ES@everpharma.com<\/a><\/p>\n<\/div><\/div>\n\n\n\n<div class=\"wp-block-group is-style-card\"><div class=\"wp-block-group__inner-container is-layout-constrained wp-block-group-is-layout-constrained\">\n<div class=\"wp-block-columns is-style-tight is-layout-flex wp-container-core-columns-is-layout-9d6595d7 wp-block-columns-is-layout-flex\">\n<div class=\"wp-block-column has-theme-white-background-color has-background is-layout-flow wp-block-column-is-layout-flow\">\n<div class=\"wp-block-cover is-style-aspect-card\"><a href=\"https:\/\/www.everpharma.com\/esp\/artforever\/neurologia\/\" type=\"page\" id=\"765\"><img loading=\"lazy\" decoding=\"async\" width=\"223\" height=\"209\" class=\"wp-block-cover__image-background wp-image-759\" alt=\"\" src=\"https:\/\/www.everpharma.com\/esp\/wp-content\/uploads\/sites\/6\/2026\/04\/neurologia_small.jpg\" data-object-fit=\"cover\"\/><span aria-hidden=\"true\" class=\"wp-block-cover__background has-theme-red-background-color has-background-dim-80 has-background-dim\"><\/span><div class=\"wp-block-cover__inner-container is-layout-flow wp-block-cover-is-layout-flow\">\n<h2 class=\"wp-block-heading has-text-align-center is-style-default has-theme-white-color has-text-color has-link-color has-large-font-size wp-elements-388d3513c803c4079357fe2b114ad4ef\"><a href=\"https:\/\/www.everpharma.com\/esp\/artforever\/neurologia\/\" type=\"page\" id=\"765\">Neurolog\u00eda<\/a><\/h2>\n<\/div><\/div>\n<\/a><\/div>\n\n\n\n<div class=\"wp-block-column is-vertically-aligned-stretch is-layout-flow wp-block-column-is-layout-flow\">\n<div class=\"wp-block-cover is-style-aspect-card\"><a href=\"https:\/\/www.everpharma.com\/esp\/artforever\/oncologia\/\" type=\"page\" id=\"765\"><img loading=\"lazy\" decoding=\"async\" width=\"223\" height=\"209\" class=\"wp-block-cover__image-background wp-image-772 size-full\" alt=\"\" src=\"https:\/\/www.everpharma.com\/esp\/wp-content\/uploads\/sites\/6\/2026\/04\/oncologia_small.jpg\" data-object-fit=\"cover\"\/><span aria-hidden=\"true\" class=\"wp-block-cover__background has-theme-red-light-background-color has-background-dim-80 has-background-dim\"><\/span><div class=\"wp-block-cover__inner-container is-layout-flow wp-block-cover-is-layout-flow\">\n<h2 class=\"wp-block-heading has-text-align-center has-theme-white-color has-text-color has-link-color has-large-font-size wp-elements-7ff6dc96f883de9ac502014830df655a\"><a href=\"https:\/\/www.everpharma.com\/esp\/artforever\/oncologia\/\" type=\"page\" id=\"765\">Oncolog\u00eda<\/a><\/h2>\n<\/div><\/div>\n<\/a><\/div>\n\n\n\n<div class=\"wp-block-column is-layout-flow wp-block-column-is-layout-flow\">\n<div class=\"wp-block-cover is-style-aspect-card wp-duotone-unset-1\"><a href=\"https:\/\/www.everpharma.com\/esp\/artforever\/trasplantes\/\" type=\"page\" id=\"794\"><img loading=\"lazy\" decoding=\"async\" width=\"223\" height=\"209\" class=\"wp-block-cover__image-background wp-image-774 size-full\" alt=\"\" src=\"https:\/\/www.everpharma.com\/esp\/wp-content\/uploads\/sites\/6\/2026\/04\/transplantes_small.jpg\" data-object-fit=\"cover\"\/><span aria-hidden=\"true\" class=\"wp-block-cover__background has-theme-red-background-color has-background-dim-80 has-background-dim\"><\/span><div class=\"wp-block-cover__inner-container is-layout-flow wp-block-cover-is-layout-flow\">\n<h2 class=\"wp-block-heading has-text-align-center has-theme-white-color has-text-color has-link-color has-large-font-size wp-elements-a908de2496c1c890835b3efb14388914\"><a href=\"https:\/\/www.everpharma.com\/esp\/artforever\/trasplantes\/\" type=\"page\" id=\"794\">Trasplantes<\/a><\/h2>\n<\/div><\/div>\n<\/a><\/div>\n<\/div>\n<\/div><\/div>\n\n\n\n<figure class=\"wp-block-image alignfull size-full\"><img loading=\"lazy\" decoding=\"async\" width=\"1106\" height=\"309\" src=\"https:\/\/www.everpharma.com\/esp\/wp-content\/uploads\/sites\/6\/2026\/04\/cuadro_ARTforEVER_v2.jpg\" alt=\"\" class=\"wp-image-841\" srcset=\"https:\/\/www.everpharma.com\/esp\/wp-content\/uploads\/sites\/6\/2026\/04\/cuadro_ARTforEVER_v2.jpg 1106w, https:\/\/www.everpharma.com\/esp\/wp-content\/uploads\/sites\/6\/2026\/04\/cuadro_ARTforEVER_v2-300x84.jpg 300w, https:\/\/www.everpharma.com\/esp\/wp-content\/uploads\/sites\/6\/2026\/04\/cuadro_ARTforEVER_v2-1024x286.jpg 1024w, https:\/\/www.everpharma.com\/esp\/wp-content\/uploads\/sites\/6\/2026\/04\/cuadro_ARTforEVER_v2-768x215.jpg 768w\" sizes=\"auto, (max-width: 1106px) 100vw, 1106px\" \/><\/figure>\n\n\n\n<p><\/p>\n","protected":false},"excerpt":{"rendered":"<p>Art forEVER En EVER Pharma damos un paso m\u00e1s y presentamos nuestro nuevo Espacio de Arte, un lugar donde la creatividad y la salud se encuentran. Creemos que el arte es una forma universal de expresi\u00f3n, inspiraci\u00f3n, bienestar y tambi\u00e9n puede tener un efecto terapeutico. El concepto Art ForEVER nace de una convicci\u00f3n profunda: \u201cel &hellip; <a href=\"https:\/\/www.everpharma.com\/esp\/artforever\/\">Continued<\/a><\/p>\n","protected":false},"author":68,"featured_media":0,"parent":0,"menu_order":6,"comment_status":"closed","ping_status":"closed","template":"","meta":{"footnotes":""},"class_list":["post-748","page","type-page","status-publish","hentry"],"yoast_head":"<!-- This site is optimized with the Yoast SEO plugin v27.0 - https:\/\/yoast.com\/product\/yoast-seo-wordpress\/ -->\n<title>Art forEVER - EVER Pharma Spain<\/title>\n<meta name=\"robots\" content=\"index, follow, max-snippet:-1, max-image-preview:large, max-video-preview:-1\" \/>\n<link rel=\"canonical\" href=\"https:\/\/www.everpharma.com\/esp\/artforever\/\" \/>\n<meta property=\"og:locale\" content=\"es_ES\" \/>\n<meta property=\"og:type\" content=\"article\" \/>\n<meta property=\"og:title\" content=\"Art forEVER - EVER Pharma Spain\" \/>\n<meta property=\"og:description\" content=\"Art forEVER En EVER Pharma damos un paso m\u00e1s y presentamos nuestro nuevo Espacio de Arte, un lugar donde la creatividad y la salud se encuentran. Creemos que el arte es una forma universal de expresi\u00f3n, inspiraci\u00f3n, bienestar y tambi\u00e9n puede tener un efecto terapeutico. El concepto Art ForEVER nace de una convicci\u00f3n profunda: \u201cel &hellip; Continued\" \/>\n<meta property=\"og:url\" content=\"https:\/\/www.everpharma.com\/esp\/artforever\/\" \/>\n<meta property=\"og:site_name\" content=\"EVER Pharma Spain\" \/>\n<meta property=\"article:modified_time\" content=\"2026-04-16T17:43:26+00:00\" \/>\n<meta property=\"og:image\" content=\"https:\/\/www.everpharma.com\/esp\/wp-content\/uploads\/sites\/6\/2026\/04\/Logo_ARTforEVER.jpg\" \/>\n\t<meta property=\"og:image:width\" content=\"2165\" \/>\n\t<meta property=\"og:image:height\" content=\"1603\" \/>\n\t<meta property=\"og:image:type\" content=\"image\/jpeg\" \/>\n<meta name=\"twitter:card\" content=\"summary_large_image\" \/>\n<meta name=\"twitter:label1\" content=\"Est. reading time\" \/>\n\t<meta name=\"twitter:data1\" content=\"1 minute\" \/>\n<script type=\"application\/ld+json\" class=\"yoast-schema-graph\">{\"@context\":\"https:\/\/schema.org\",\"@graph\":[{\"@type\":\"WebPage\",\"@id\":\"https:\/\/www.everpharma.com\/esp\/artforever\/\",\"url\":\"https:\/\/www.everpharma.com\/esp\/artforever\/\",\"name\":\"Art forEVER - EVER Pharma Spain\",\"isPartOf\":{\"@id\":\"https:\/\/www.everpharma.com\/esp\/#website\"},\"primaryImageOfPage\":{\"@id\":\"https:\/\/www.everpharma.com\/esp\/artforever\/#primaryimage\"},\"image\":{\"@id\":\"https:\/\/www.everpharma.com\/esp\/artforever\/#primaryimage\"},\"thumbnailUrl\":\"https:\/\/www.everpharma.com\/esp\/wp-content\/uploads\/sites\/6\/2026\/04\/Logo_ARTforEVER-1024x758.jpg\",\"datePublished\":\"2026-04-11T07:28:51+00:00\",\"dateModified\":\"2026-04-16T17:43:26+00:00\",\"breadcrumb\":{\"@id\":\"https:\/\/www.everpharma.com\/esp\/artforever\/#breadcrumb\"},\"inLanguage\":\"es-ES\",\"potentialAction\":[{\"@type\":\"ReadAction\",\"target\":[\"https:\/\/www.everpharma.com\/esp\/artforever\/\"]}]},{\"@type\":\"ImageObject\",\"inLanguage\":\"es-ES\",\"@id\":\"https:\/\/www.everpharma.com\/esp\/artforever\/#primaryimage\",\"url\":\"https:\/\/www.everpharma.com\/esp\/wp-content\/uploads\/sites\/6\/2026\/04\/Logo_ARTforEVER.jpg\",\"contentUrl\":\"https:\/\/www.everpharma.com\/esp\/wp-content\/uploads\/sites\/6\/2026\/04\/Logo_ARTforEVER.jpg\",\"width\":2165,\"height\":1603},{\"@type\":\"BreadcrumbList\",\"@id\":\"https:\/\/www.everpharma.com\/esp\/artforever\/#breadcrumb\",\"itemListElement\":[{\"@type\":\"ListItem\",\"position\":1,\"name\":\"Startseite\",\"item\":\"https:\/\/www.everpharma.com\/esp\/\"},{\"@type\":\"ListItem\",\"position\":2,\"name\":\"Art forEVER\"}]},{\"@type\":\"WebSite\",\"@id\":\"https:\/\/www.everpharma.com\/esp\/#website\",\"url\":\"https:\/\/www.everpharma.com\/esp\/\",\"name\":\"EVER Pharma Spain\",\"description\":\"Dedicated to Health.\",\"potentialAction\":[{\"@type\":\"SearchAction\",\"target\":{\"@type\":\"EntryPoint\",\"urlTemplate\":\"https:\/\/www.everpharma.com\/esp\/?s={search_term_string}\"},\"query-input\":{\"@type\":\"PropertyValueSpecification\",\"valueRequired\":true,\"valueName\":\"search_term_string\"}}],\"inLanguage\":\"es-ES\"}]}<\/script>\n<!-- \/ Yoast SEO plugin. -->","yoast_head_json":{"title":"Art forEVER - EVER Pharma Spain","robots":{"index":"index","follow":"follow","max-snippet":"max-snippet:-1","max-image-preview":"max-image-preview:large","max-video-preview":"max-video-preview:-1"},"canonical":"https:\/\/www.everpharma.com\/esp\/artforever\/","og_locale":"es_ES","og_type":"article","og_title":"Art forEVER - EVER Pharma Spain","og_description":"Art forEVER En EVER Pharma damos un paso m\u00e1s y presentamos nuestro nuevo Espacio de Arte, un lugar donde la creatividad y la salud se encuentran. Creemos que el arte es una forma universal de expresi\u00f3n, inspiraci\u00f3n, bienestar y tambi\u00e9n puede tener un efecto terapeutico. El concepto Art ForEVER nace de una convicci\u00f3n profunda: \u201cel &hellip; Continued","og_url":"https:\/\/www.everpharma.com\/esp\/artforever\/","og_site_name":"EVER Pharma Spain","article_modified_time":"2026-04-16T17:43:26+00:00","og_image":[{"width":2165,"height":1603,"url":"https:\/\/www.everpharma.com\/esp\/wp-content\/uploads\/sites\/6\/2026\/04\/Logo_ARTforEVER.jpg","type":"image\/jpeg"}],"twitter_card":"summary_large_image","twitter_misc":{"Est. reading time":"1 minute"},"schema":{"@context":"https:\/\/schema.org","@graph":[{"@type":"WebPage","@id":"https:\/\/www.everpharma.com\/esp\/artforever\/","url":"https:\/\/www.everpharma.com\/esp\/artforever\/","name":"Art forEVER - EVER Pharma Spain","isPartOf":{"@id":"https:\/\/www.everpharma.com\/esp\/#website"},"primaryImageOfPage":{"@id":"https:\/\/www.everpharma.com\/esp\/artforever\/#primaryimage"},"image":{"@id":"https:\/\/www.everpharma.com\/esp\/artforever\/#primaryimage"},"thumbnailUrl":"https:\/\/www.everpharma.com\/esp\/wp-content\/uploads\/sites\/6\/2026\/04\/Logo_ARTforEVER-1024x758.jpg","datePublished":"2026-04-11T07:28:51+00:00","dateModified":"2026-04-16T17:43:26+00:00","breadcrumb":{"@id":"https:\/\/www.everpharma.com\/esp\/artforever\/#breadcrumb"},"inLanguage":"es-ES","potentialAction":[{"@type":"ReadAction","target":["https:\/\/www.everpharma.com\/esp\/artforever\/"]}]},{"@type":"ImageObject","inLanguage":"es-ES","@id":"https:\/\/www.everpharma.com\/esp\/artforever\/#primaryimage","url":"https:\/\/www.everpharma.com\/esp\/wp-content\/uploads\/sites\/6\/2026\/04\/Logo_ARTforEVER.jpg","contentUrl":"https:\/\/www.everpharma.com\/esp\/wp-content\/uploads\/sites\/6\/2026\/04\/Logo_ARTforEVER.jpg","width":2165,"height":1603},{"@type":"BreadcrumbList","@id":"https:\/\/www.everpharma.com\/esp\/artforever\/#breadcrumb","itemListElement":[{"@type":"ListItem","position":1,"name":"Startseite","item":"https:\/\/www.everpharma.com\/esp\/"},{"@type":"ListItem","position":2,"name":"Art forEVER"}]},{"@type":"WebSite","@id":"https:\/\/www.everpharma.com\/esp\/#website","url":"https:\/\/www.everpharma.com\/esp\/","name":"EVER Pharma Spain","description":"Dedicated to Health.","potentialAction":[{"@type":"SearchAction","target":{"@type":"EntryPoint","urlTemplate":"https:\/\/www.everpharma.com\/esp\/?s={search_term_string}"},"query-input":{"@type":"PropertyValueSpecification","valueRequired":true,"valueName":"search_term_string"}}],"inLanguage":"es-ES"}]}},"_links":{"self":[{"href":"https:\/\/www.everpharma.com\/esp\/wp-json\/wp\/v2\/pages\/748","targetHints":{"allow":["GET"]}}],"collection":[{"href":"https:\/\/www.everpharma.com\/esp\/wp-json\/wp\/v2\/pages"}],"about":[{"href":"https:\/\/www.everpharma.com\/esp\/wp-json\/wp\/v2\/types\/page"}],"author":[{"embeddable":true,"href":"https:\/\/www.everpharma.com\/esp\/wp-json\/wp\/v2\/users\/68"}],"replies":[{"embeddable":true,"href":"https:\/\/www.everpharma.com\/esp\/wp-json\/wp\/v2\/comments?post=748"}],"version-history":[{"count":35,"href":"https:\/\/www.everpharma.com\/esp\/wp-json\/wp\/v2\/pages\/748\/revisions"}],"predecessor-version":[{"id":919,"href":"https:\/\/www.everpharma.com\/esp\/wp-json\/wp\/v2\/pages\/748\/revisions\/919"}],"wp:attachment":[{"href":"https:\/\/www.everpharma.com\/esp\/wp-json\/wp\/v2\/media?parent=748"}],"curies":[{"name":"wp","href":"https:\/\/api.w.org\/{rel}","templated":true}]}}