{"id":51,"date":"2021-05-12T08:54:09","date_gmt":"2021-05-12T08:54:09","guid":{"rendered":"https:\/\/www.everpharma.com\/spain\/?page_id=51"},"modified":"2024-05-30T13:02:43","modified_gmt":"2024-05-30T11:02:43","slug":"quienes-somos","status":"publish","type":"page","link":"https:\/\/www.everpharma.com\/esp\/quienes-somos\/","title":{"rendered":"\u00c1reas de negocio"},"content":{"rendered":"\n<h2 class=\"wp-block-heading\"><\/h2>\n\n\n\n<div class=\"wp-block-group\"><div class=\"wp-block-group__inner-container is-layout-flow wp-block-group-is-layout-flow\">\n<div class=\"wp-block-columns is-layout-flex wp-container-core-columns-is-layout-9d6595d7 wp-block-columns-is-layout-flex\">\n<div class=\"wp-block-column is-layout-flow wp-block-column-is-layout-flow\">\n<h2 class=\"wp-block-heading is-style-section-title\">Neurolog\u00eda<\/h2>\n\n\n\n<p>La unidad de negocio de Neurolog\u00eda se centra en tratamientos para el ictus, las lesiones cerebrales traum\u00e1ticas, la demencia vascular, la enfermedad de Alzheimer y la enfermedad de Parkinson. Nuestro objetivo es desarrollar continuamente productos m\u00e1s seguros y f\u00e1ciles de usar en este campo y nuestra cartera abarca dispositivos de administraci\u00f3n propios, como bombas, as\u00ed como productos farmacol\u00f3gicos.<\/p>\n<\/div>\n\n\n\n<div class=\"wp-block-column is-layout-flow wp-block-column-is-layout-flow\">\n<h2 class=\"wp-block-heading is-style-section-title\">Especialidades<\/h2>\n\n\n\n<p>El negocio de Especialidades se centra en el desarrollo, la producci\u00f3n y la comercializaci\u00f3n de formulaciones inyectables complejas y de valor a\u00f1adido que favorecen el cumplimiento, la comodidad y la seguridad para los pacientes y los profesionales sanitarios. Nuestro equipo de I+D est\u00e1 muy comprometido con el desarrollo de una amplia cartera de productos en oncolog\u00eda, cuidados intensivos y terapia hormonal.<\/p>\n<\/div>\n<\/div>\n\n\n\n<div style=\"height:100px\" aria-hidden=\"true\" class=\"wp-block-spacer\"><\/div>\n\n\n\n<div class=\"wp-block-group\"><div class=\"wp-block-group__inner-container is-layout-flow wp-block-group-is-layout-flow\">\n<div class=\"wp-block-columns is-layout-flex wp-container-core-columns-is-layout-9d6595d7 wp-block-columns-is-layout-flex\">\n<div class=\"wp-block-column is-layout-flow wp-block-column-is-layout-flow\">\n<h2 class=\"wp-block-heading is-style-section-title\">Hospitales<\/h2>\n\n\n\n<p>Ofrecemos a nuestros clientes una amplia gama de servicios: desde el desarrollo hasta la fabricaci\u00f3n por contrato. Aprovechando d\u00e9cadas de experiencia y conocimientos t\u00e9cnicos globales, fabricamos productos est\u00e9riles de alta calidad en viales, jeringas precargadas, cartuchos y ampollas, as\u00ed como implantes para clientes externos en nuestra sede de Jena. Adem\u00e1s, ofrecemos un servicio completo para la fabricaci\u00f3n, las pruebas y el apoyo al desarrollo de expedientes de formas farmac\u00e9uticas est\u00e9riles. Nuestra \u00e1rea de fabricaci\u00f3n independiente para el llenado de hormonas est\u00e9riles completa nuestra amplia gama de servicios.<\/p>\n\n\n\n<p>Para m\u00e1s informaci\u00f3n, p\u00f3ngase en contacto con: <span class=\"has-inline-color has-theme-red-color\"><a href=\"mailto:newbusiness@everpharma.com\">newbusiness@everpharma.com<\/a><\/span><\/p>\n\n\n\n<div style=\"height:20px\" aria-hidden=\"true\" class=\"wp-block-spacer\"><\/div>\n<\/div>\n\n\n\n<div class=\"wp-block-column is-layout-flow wp-block-column-is-layout-flow\">\n<h2 class=\"wp-block-heading is-style-section-title\">Partnering<\/h2>\n\n\n\n<p>Adem\u00e1s de nuestro proyecto de desarrollo interno, tambi\u00e9n estamos tratando de ampliar nuestra cartera a trav\u00e9s de licencias, adquisiciones y asociaciones.<\/p>\n\n\n\n<p>Para m\u00e1s informaci\u00f3n, p\u00f3ngase en contacto con: <span class=\"has-inline-color has-theme-red-color\"><a href=\"mailto:newbusiness@everpharma.com\">newbusiness@everpharma.com<\/a><\/span><\/p>\n<\/div>\n<\/div>\n<\/div><\/div>\n\n\n\n<div style=\"height:60px\" aria-hidden=\"true\" class=\"wp-block-spacer\"><\/div>\n\n\n\n<figure class=\"wp-block-gallery aligncenter has-nested-images columns-default is-cropped wp-block-gallery-1 is-layout-flex wp-block-gallery-is-layout-flex\">\n<figure class=\"wp-block-image size-large\"><img decoding=\"async\" data-id=\"1357\" src=\"https:\/\/www.everpharma.com\/wp-content\/uploads\/2021\/04\/IO_EVER_1120_010-3-1024x683.jpg\" alt=\"\" class=\"wp-image-1357\" \/><\/figure>\n\n\n\n<figure class=\"wp-block-image size-large\"><img decoding=\"async\" data-id=\"1346\" src=\"https:\/\/www.everpharma.com\/wp-content\/uploads\/2021\/04\/IO_EVER_1120_086-2-1024x683.jpg\" alt=\"\" class=\"wp-image-1346\" \/><\/figure>\n\n\n\n<figure class=\"wp-block-image size-large\"><img decoding=\"async\" data-id=\"1375\" src=\"https:\/\/www.everpharma.com\/wp-content\/uploads\/2021\/04\/IO_EVER_1120_092-2-1024x683.jpg\" alt=\"\" class=\"wp-image-1375\" \/><\/figure>\n<\/figure>\n<\/div><\/div>\n\n\n\n<div style=\"height:100px\" aria-hidden=\"true\" class=\"wp-block-spacer\"><\/div>\n","protected":false},"excerpt":{"rendered":"<p>Neurolog\u00eda La unidad de negocio de Neurolog\u00eda se centra en tratamientos para el ictus, las lesiones cerebrales traum\u00e1ticas, la demencia vascular, la enfermedad de Alzheimer y la enfermedad de Parkinson. Nuestro objetivo es desarrollar continuamente productos m\u00e1s seguros y f\u00e1ciles de usar en este campo y nuestra cartera abarca dispositivos de administraci\u00f3n propios, como bombas, &hellip; <a href=\"https:\/\/www.everpharma.com\/esp\/quienes-somos\/\">Continued<\/a><\/p>\n","protected":false},"author":1,"featured_media":0,"parent":0,"menu_order":22,"comment_status":"closed","ping_status":"closed","template":"","meta":{"footnotes":""},"class_list":["post-51","page","type-page","status-publish","hentry"],"yoast_head":"<!-- This site is optimized with the Yoast SEO plugin v27.0 - https:\/\/yoast.com\/product\/yoast-seo-wordpress\/ -->\n<title>\u00c1reas de negocio - EVER Pharma Spain<\/title>\n<meta name=\"robots\" content=\"index, follow, max-snippet:-1, max-image-preview:large, max-video-preview:-1\" \/>\n<link rel=\"canonical\" href=\"https:\/\/www.everpharma.com\/esp\/quienes-somos\/\" \/>\n<meta property=\"og:locale\" content=\"es_ES\" \/>\n<meta property=\"og:type\" content=\"article\" \/>\n<meta property=\"og:title\" content=\"\u00c1reas de negocio - EVER Pharma Spain\" \/>\n<meta property=\"og:description\" content=\"Neurolog\u00eda La unidad de negocio de Neurolog\u00eda se centra en tratamientos para el ictus, las lesiones cerebrales traum\u00e1ticas, la demencia vascular, la enfermedad de Alzheimer y la enfermedad de Parkinson. Nuestro objetivo es desarrollar continuamente productos m\u00e1s seguros y f\u00e1ciles de usar en este campo y nuestra cartera abarca dispositivos de administraci\u00f3n propios, como bombas, &hellip; Continued\" \/>\n<meta property=\"og:url\" content=\"https:\/\/www.everpharma.com\/esp\/quienes-somos\/\" \/>\n<meta property=\"og:site_name\" content=\"EVER Pharma Spain\" \/>\n<meta property=\"article:modified_time\" content=\"2024-05-30T11:02:43+00:00\" \/>\n<meta property=\"og:image\" content=\"https:\/\/www.everpharma.com\/wp-content\/uploads\/2021\/04\/IO_EVER_1120_010-3-1024x683.jpg\" \/>\n<meta name=\"twitter:card\" content=\"summary_large_image\" \/>\n<meta name=\"twitter:label1\" content=\"Est. reading time\" \/>\n\t<meta name=\"twitter:data1\" content=\"1 minute\" \/>\n<script type=\"application\/ld+json\" class=\"yoast-schema-graph\">{\"@context\":\"https:\/\/schema.org\",\"@graph\":[{\"@type\":\"WebPage\",\"@id\":\"https:\/\/www.everpharma.com\/esp\/quienes-somos\/\",\"url\":\"https:\/\/www.everpharma.com\/esp\/quienes-somos\/\",\"name\":\"\u00c1reas de negocio - EVER Pharma Spain\",\"isPartOf\":{\"@id\":\"https:\/\/www.everpharma.com\/esp\/#website\"},\"primaryImageOfPage\":{\"@id\":\"https:\/\/www.everpharma.com\/esp\/quienes-somos\/#primaryimage\"},\"image\":{\"@id\":\"https:\/\/www.everpharma.com\/esp\/quienes-somos\/#primaryimage\"},\"thumbnailUrl\":\"https:\/\/www.everpharma.com\/wp-content\/uploads\/2021\/04\/IO_EVER_1120_010-3-1024x683.jpg\",\"datePublished\":\"2021-05-12T08:54:09+00:00\",\"dateModified\":\"2024-05-30T11:02:43+00:00\",\"breadcrumb\":{\"@id\":\"https:\/\/www.everpharma.com\/esp\/quienes-somos\/#breadcrumb\"},\"inLanguage\":\"es-ES\",\"potentialAction\":[{\"@type\":\"ReadAction\",\"target\":[\"https:\/\/www.everpharma.com\/esp\/quienes-somos\/\"]}]},{\"@type\":\"ImageObject\",\"inLanguage\":\"es-ES\",\"@id\":\"https:\/\/www.everpharma.com\/esp\/quienes-somos\/#primaryimage\",\"url\":\"https:\/\/www.everpharma.com\/wp-content\/uploads\/2021\/04\/IO_EVER_1120_010-3-1024x683.jpg\",\"contentUrl\":\"https:\/\/www.everpharma.com\/wp-content\/uploads\/2021\/04\/IO_EVER_1120_010-3-1024x683.jpg\"},{\"@type\":\"BreadcrumbList\",\"@id\":\"https:\/\/www.everpharma.com\/esp\/quienes-somos\/#breadcrumb\",\"itemListElement\":[{\"@type\":\"ListItem\",\"position\":1,\"name\":\"Startseite\",\"item\":\"https:\/\/www.everpharma.com\/esp\/\"},{\"@type\":\"ListItem\",\"position\":2,\"name\":\"\u00c1reas de negocio\"}]},{\"@type\":\"WebSite\",\"@id\":\"https:\/\/www.everpharma.com\/esp\/#website\",\"url\":\"https:\/\/www.everpharma.com\/esp\/\",\"name\":\"EVER Pharma Spain\",\"description\":\"Dedicated to Health.\",\"potentialAction\":[{\"@type\":\"SearchAction\",\"target\":{\"@type\":\"EntryPoint\",\"urlTemplate\":\"https:\/\/www.everpharma.com\/esp\/?s={search_term_string}\"},\"query-input\":{\"@type\":\"PropertyValueSpecification\",\"valueRequired\":true,\"valueName\":\"search_term_string\"}}],\"inLanguage\":\"es-ES\"}]}<\/script>\n<!-- \/ Yoast SEO plugin. -->","yoast_head_json":{"title":"\u00c1reas de negocio - EVER Pharma Spain","robots":{"index":"index","follow":"follow","max-snippet":"max-snippet:-1","max-image-preview":"max-image-preview:large","max-video-preview":"max-video-preview:-1"},"canonical":"https:\/\/www.everpharma.com\/esp\/quienes-somos\/","og_locale":"es_ES","og_type":"article","og_title":"\u00c1reas de negocio - EVER Pharma Spain","og_description":"Neurolog\u00eda La unidad de negocio de Neurolog\u00eda se centra en tratamientos para el ictus, las lesiones cerebrales traum\u00e1ticas, la demencia vascular, la enfermedad de Alzheimer y la enfermedad de Parkinson. Nuestro objetivo es desarrollar continuamente productos m\u00e1s seguros y f\u00e1ciles de usar en este campo y nuestra cartera abarca dispositivos de administraci\u00f3n propios, como bombas, &hellip; Continued","og_url":"https:\/\/www.everpharma.com\/esp\/quienes-somos\/","og_site_name":"EVER Pharma Spain","article_modified_time":"2024-05-30T11:02:43+00:00","og_image":[{"url":"https:\/\/www.everpharma.com\/wp-content\/uploads\/2021\/04\/IO_EVER_1120_010-3-1024x683.jpg","type":"","width":"","height":""}],"twitter_card":"summary_large_image","twitter_misc":{"Est. reading time":"1 minute"},"schema":{"@context":"https:\/\/schema.org","@graph":[{"@type":"WebPage","@id":"https:\/\/www.everpharma.com\/esp\/quienes-somos\/","url":"https:\/\/www.everpharma.com\/esp\/quienes-somos\/","name":"\u00c1reas de negocio - EVER Pharma Spain","isPartOf":{"@id":"https:\/\/www.everpharma.com\/esp\/#website"},"primaryImageOfPage":{"@id":"https:\/\/www.everpharma.com\/esp\/quienes-somos\/#primaryimage"},"image":{"@id":"https:\/\/www.everpharma.com\/esp\/quienes-somos\/#primaryimage"},"thumbnailUrl":"https:\/\/www.everpharma.com\/wp-content\/uploads\/2021\/04\/IO_EVER_1120_010-3-1024x683.jpg","datePublished":"2021-05-12T08:54:09+00:00","dateModified":"2024-05-30T11:02:43+00:00","breadcrumb":{"@id":"https:\/\/www.everpharma.com\/esp\/quienes-somos\/#breadcrumb"},"inLanguage":"es-ES","potentialAction":[{"@type":"ReadAction","target":["https:\/\/www.everpharma.com\/esp\/quienes-somos\/"]}]},{"@type":"ImageObject","inLanguage":"es-ES","@id":"https:\/\/www.everpharma.com\/esp\/quienes-somos\/#primaryimage","url":"https:\/\/www.everpharma.com\/wp-content\/uploads\/2021\/04\/IO_EVER_1120_010-3-1024x683.jpg","contentUrl":"https:\/\/www.everpharma.com\/wp-content\/uploads\/2021\/04\/IO_EVER_1120_010-3-1024x683.jpg"},{"@type":"BreadcrumbList","@id":"https:\/\/www.everpharma.com\/esp\/quienes-somos\/#breadcrumb","itemListElement":[{"@type":"ListItem","position":1,"name":"Startseite","item":"https:\/\/www.everpharma.com\/esp\/"},{"@type":"ListItem","position":2,"name":"\u00c1reas de negocio"}]},{"@type":"WebSite","@id":"https:\/\/www.everpharma.com\/esp\/#website","url":"https:\/\/www.everpharma.com\/esp\/","name":"EVER Pharma Spain","description":"Dedicated to Health.","potentialAction":[{"@type":"SearchAction","target":{"@type":"EntryPoint","urlTemplate":"https:\/\/www.everpharma.com\/esp\/?s={search_term_string}"},"query-input":{"@type":"PropertyValueSpecification","valueRequired":true,"valueName":"search_term_string"}}],"inLanguage":"es-ES"}]}},"_links":{"self":[{"href":"https:\/\/www.everpharma.com\/esp\/wp-json\/wp\/v2\/pages\/51","targetHints":{"allow":["GET"]}}],"collection":[{"href":"https:\/\/www.everpharma.com\/esp\/wp-json\/wp\/v2\/pages"}],"about":[{"href":"https:\/\/www.everpharma.com\/esp\/wp-json\/wp\/v2\/types\/page"}],"author":[{"embeddable":true,"href":"https:\/\/www.everpharma.com\/esp\/wp-json\/wp\/v2\/users\/1"}],"replies":[{"embeddable":true,"href":"https:\/\/www.everpharma.com\/esp\/wp-json\/wp\/v2\/comments?post=51"}],"version-history":[{"count":15,"href":"https:\/\/www.everpharma.com\/esp\/wp-json\/wp\/v2\/pages\/51\/revisions"}],"predecessor-version":[{"id":700,"href":"https:\/\/www.everpharma.com\/esp\/wp-json\/wp\/v2\/pages\/51\/revisions\/700"}],"wp:attachment":[{"href":"https:\/\/www.everpharma.com\/esp\/wp-json\/wp\/v2\/media?parent=51"}],"curies":[{"name":"wp","href":"https:\/\/api.w.org\/{rel}","templated":true}]}}