{"id":230,"date":"2021-06-03T16:34:49","date_gmt":"2021-06-03T16:34:49","guid":{"rendered":"https:\/\/www.everpharma.com\/spain\/?page_id=230"},"modified":"2024-03-13T17:05:16","modified_gmt":"2024-03-13T16:05:16","slug":"ever-pharma","status":"publish","type":"page","link":"https:\/\/www.everpharma.com\/esp\/ever-pharma\/","title":{"rendered":"EVER Pharma"},"content":{"rendered":"\n<div class=\"wp-block-cover is-style-floating-overlay\"><span aria-hidden=\"true\" class=\"has-background-dim-0 wp-block-cover__gradient-background has-background-dim\"><\/span><img loading=\"lazy\" decoding=\"async\" width=\"2000\" height=\"1488\" class=\"wp-block-cover__image-background wp-image-278\" alt=\"\" src=\"https:\/\/www.everpharma.com\/esp\/wp-content\/uploads\/sites\/6\/2021\/06\/sts_proeckl_1509_EVERPHARMA_03-2.jpg\" style=\"object-position:82% 67%\" data-object-fit=\"cover\" data-object-position=\"82% 67%\" srcset=\"https:\/\/www.everpharma.com\/esp\/wp-content\/uploads\/sites\/6\/2021\/06\/sts_proeckl_1509_EVERPHARMA_03-2.jpg 2000w, https:\/\/www.everpharma.com\/esp\/wp-content\/uploads\/sites\/6\/2021\/06\/sts_proeckl_1509_EVERPHARMA_03-2-300x223.jpg 300w, https:\/\/www.everpharma.com\/esp\/wp-content\/uploads\/sites\/6\/2021\/06\/sts_proeckl_1509_EVERPHARMA_03-2-1024x762.jpg 1024w, https:\/\/www.everpharma.com\/esp\/wp-content\/uploads\/sites\/6\/2021\/06\/sts_proeckl_1509_EVERPHARMA_03-2-768x571.jpg 768w, https:\/\/www.everpharma.com\/esp\/wp-content\/uploads\/sites\/6\/2021\/06\/sts_proeckl_1509_EVERPHARMA_03-2-1536x1143.jpg 1536w\" sizes=\"auto, (max-width: 2000px) 100vw, 2000px\" \/><div class=\"wp-block-cover__inner-container is-layout-flow wp-block-cover-is-layout-flow\">\n<p class=\"has-text-align-center has-large-font-size\"><\/p>\n<\/div><\/div>\n\n\n\n<div class=\"wp-block-columns is-layout-flex wp-container-core-columns-is-layout-9d6595d7 wp-block-columns-is-layout-flex\">\n<div class=\"wp-block-column is-layout-flow wp-block-column-is-layout-flow\">\n<h1 class=\"is-style-page-title wp-block-heading\">EVER Pharma<\/h1>\n\n\n\n<p>EVER Pharma es una empresa farmac\u00e9utica especializada totalmente integrada, centrada en la investigaci\u00f3n, el desarrollo, la producci\u00f3n y la comercializaci\u00f3n de productos en las \u00e1reas de neurolog\u00eda e inyectables especializados, que abarcan la oncolog\u00eda, cuidados intensivos y terapia hormonal.<\/p>\n\n\n\n<p>Desde nuestra sede en Austria, dirigimos un funcionamiento din\u00e1mico que proporciona productos innovadores y formulaciones de valor a\u00f1adido destinados a mejorar la vida de los pacientes y a apoyar el trabajo de los profesionales sanitarios mediante una mayor accesibilidad y seguridad.<\/p>\n<\/div>\n\n\n\n<div class=\"wp-block-column is-layout-flow wp-block-column-is-layout-flow\">\n<div style=\"height:112px\" aria-hidden=\"true\" class=\"wp-block-spacer\"><\/div>\n\n\n\n<p>Nuestros productos se desarrollan y fabrican en nuestras instalaciones con certificaci\u00f3n GMP de la UE en Austria y Alemania. \u00c9stas est\u00e1n altamente especializadas en la producci\u00f3n de inyectables complejos (&#8220;inyectables especializados&#8221;), incluyendo sustancias controladas y de alta potencia, suspensiones cristalinas, as\u00ed como soluciones oleosas en viales, jeringas precargadas, cartuchos, implantes y ampollas.<\/p>\n\n\n\n<p>Comercializamos nuestros productos en m\u00e1s de 70 pa\u00edses de todo el mundo a trav\u00e9s de nuestras propias filiales internacionales y socios estrat\u00e9gicos.<\/p>\n<\/div>\n<\/div>\n\n\n\n<hr class=\"wp-block-separator is-style-default\" \/>\n\n\n\n<div style=\"height:100px\" aria-hidden=\"true\" class=\"wp-block-spacer\"><\/div>\n\n\n\n<h2 class=\"is-style-section-title wp-block-heading\">Competencia a trav\u00e9s de la experiencia.<\/h2>\n\n\n\n<div class=\"wp-block-columns is-layout-flex wp-container-core-columns-is-layout-9d6595d7 wp-block-columns-is-layout-flex\">\n<div class=\"wp-block-column is-layout-flow wp-block-column-is-layout-flow\">\n<div class=\"wp-block-columns is-layout-flex wp-container-core-columns-is-layout-9d6595d7 wp-block-columns-is-layout-flex\">\n<div class=\"wp-block-column is-layout-flow wp-block-column-is-layout-flow\" style=\"flex-basis:50%\">\n<p>Gracias a la dedicaci\u00f3n a la investigaci\u00f3n, la concentraci\u00f3n en \u00e1reas terap\u00e9uticas altamente especializadas y una perspectiva internacional, hemos establecido una s\u00f3lida plataforma que nos permite hacer una considerable contribuci\u00f3n a los sistemas sanitarios de todo el mundo.<\/p>\n<\/div>\n\n\n\n<div class=\"wp-block-column is-layout-flow wp-block-column-is-layout-flow\" style=\"flex-basis:50%\"><\/div>\n<\/div>\n<\/div>\n<\/div>\n\n\n\n<div style=\"height:50px\" aria-hidden=\"true\" class=\"wp-block-spacer\"><\/div>\n\n\n\n<div class=\"wp-block-wpco-timeline alignfull swiper\" id=\"swiper--1205\" data-swiper=\"{&quot;direction&quot;:&quot;horizontal&quot;,&quot;loop&quot;:false,&quot;speed&quot;:300,&quot;spaceBetween&quot;:0,&quot;autoHeight&quot;:false,&quot;centeredSlides&quot;:false,&quot;centerInsufficientSlides&quot;:false,&quot;slidesPerView&quot;:3,&quot;navigation&quot;:{&quot;nextEl&quot;:&quot;#swiper--1205 &gt; .swiper-button-next&quot;,&quot;prevEl&quot;:&quot;#swiper--1205 &gt; .swiper-button-prev&quot;},&quot;freeMode&quot;:true}\"><div class=\"swiper-container\"><div class=\"swiper-wrapper\">\n<div class=\"wp-block-wpco-timeline-item wp-block-timeline-item swiper-slide\" data-label=\"2021\"><label class=\"wp-block-timeline-item-label\">2021<\/label><div class=\"wp-block-timeline-item-content\">\n<p>Apertura de un nuevo centro de producci\u00f3n e investigaci\u00f3n en Jena, Lobeda.<\/p>\n<\/div><\/div>\n\n\n\n<div class=\"wp-block-wpco-timeline-item wp-block-timeline-item swiper-slide\" data-label=\"2015-2021\"><label class=\"wp-block-timeline-item-label\">2015-2021<\/label><div class=\"wp-block-timeline-item-content\">\n<p>EVER Pharma invierte m\u00e1s de 200 millones de euros en instalaciones de fabricaci\u00f3n de inyectables de \u00faltima generaci\u00f3n en Lobeda, Jena.<\/p>\n<\/div><\/div>\n\n\n\n<div class=\"wp-block-wpco-timeline-item wp-block-timeline-item swiper-slide\" data-label=\"2011\"><label class=\"wp-block-timeline-item-label\">2011<\/label><div class=\"wp-block-timeline-item-content\">\n<p>EVER Pharma GmbH adquiere la planta de fabricaci\u00f3n de inyectables de Novartis en Jena, Alemania, y crea EVER Pharma Jena GmbH.<\/p>\n<\/div><\/div>\n\n\n\n<div class=\"wp-block-wpco-timeline-item wp-block-timeline-item swiper-slide\" data-label=\"2008\/2009\"><label class=\"wp-block-timeline-item-label\">2008\/2009<\/label><div class=\"wp-block-timeline-item-content\">\n<p>EBEWE Pharma se divide en dos negocios separados: neurolog\u00eda y oncolog\u00eda. El negocio de oncolog\u00eda se vende a Novartis y el de neurolog\u00eda se traspasa y pasa a llamarse EVER Pharma GmbH.<\/p>\n<\/div><\/div>\n\n\n\n<div class=\"wp-block-wpco-timeline-item wp-block-timeline-item swiper-slide\" data-label=\"2001\"><label class=\"wp-block-timeline-item-label\">2001<\/label><div class=\"wp-block-timeline-item-content\">\n<p>EBEWE Pharma se convierte en una empresa farmac\u00e9utica independiente mediante una adquisici\u00f3n por parte de la direcci\u00f3n.<\/p>\n<\/div><\/div>\n\n\n\n<div class=\"wp-block-wpco-timeline-item wp-block-timeline-item swiper-slide\" data-label=\"1956-2001\"><label class=\"wp-block-timeline-item-label\">1956-2001<\/label><div class=\"wp-block-timeline-item-content\">\n<p>EBEWE Pharma pasa a formar parte del grupo de empresas BASF y luego brevemente de ABBOTT (EEUU).<\/p>\n<\/div><\/div>\n\n\n\n<div class=\"wp-block-wpco-timeline-item wp-block-timeline-item swiper-slide\" data-label=\"1945\"><label class=\"wp-block-timeline-item-label\">1945<\/label><div class=\"wp-block-timeline-item-content\">\n<p>EBEWE Pharma se traslada a Unterach, Austria.<\/p>\n<\/div><\/div>\n\n\n\n<div class=\"wp-block-wpco-timeline-item wp-block-timeline-item swiper-slide\" data-label=\"1934\"><label class=\"wp-block-timeline-item-label\">1934<\/label><div class=\"wp-block-timeline-item-content\">\n<p>EVER Pharma se funda con el nombre de &#8220;EBEWE Pharma&#8221; en Viena, Austria.<\/p>\n<\/div><\/div>\n<\/div><div class=\"swiper-button-prev\"><\/div><div class=\"swiper-button-next\"><\/div><\/div><\/div>\n\n\n\n<div style=\"height:92px\" aria-hidden=\"true\" class=\"wp-block-spacer\"><\/div>\n\n\n\n<div class=\"wp-block-group alignfull has-theme-light-gray-background-color has-background\"><div class=\"wp-block-group__inner-container is-layout-flow wp-block-group-is-layout-flow\">\n<div style=\"height:50px\" aria-hidden=\"true\" class=\"wp-block-spacer\"><\/div>\n\n\n\n<h2 class=\"is-style-section-title wp-block-heading\"> Hechos y cifras. <\/h2>\n\n\n\n<div style=\"height:30px\" aria-hidden=\"true\" class=\"wp-block-spacer\"><\/div>\n\n\n\n<div class=\"wp-block-columns is-layout-flex wp-container-core-columns-is-layout-9d6595d7 wp-block-columns-is-layout-flex\">\n<div class=\"wp-block-column is-layout-flow wp-block-column-is-layout-flow\">\n<div class=\"wp-block-columns are-vertically-aligned-center is-layout-flex wp-container-core-columns-is-layout-9d6595d7 wp-block-columns-is-layout-flex\">\n<div class=\"wp-block-column is-vertically-aligned-center is-layout-flow wp-block-column-is-layout-flow\" style=\"flex-basis:100px\">\n<div class=\"wp-block-wpco-svg-icon wp-block-svg-icon has-theme-red-color\"><\/div>\n<\/div>\n\n\n\n<div class=\"wp-block-column is-vertically-aligned-center is-layout-flow wp-block-column-is-layout-flow\" style=\"flex-basis:66.66%\">\n<p><strong><strong><strong> <strong><strong><strong>Fundaci\u00f3n<\/strong><\/strong><\/strong> <\/strong><\/strong><\/strong><\/p>\n\n\n\n<p> El Grupo EVER se fund\u00f3 en Austria en 1934. <\/p>\n<\/div>\n<\/div>\n\n\n\n<div class=\"wp-block-columns are-vertically-aligned-center is-layout-flex wp-container-core-columns-is-layout-9d6595d7 wp-block-columns-is-layout-flex\">\n<div class=\"wp-block-column is-vertically-aligned-center is-layout-flow wp-block-column-is-layout-flow\" style=\"flex-basis:100px\">\n<div class=\"wp-block-wpco-svg-icon wp-block-svg-icon has-theme-red-color\"><\/div>\n<\/div>\n\n\n\n<div class=\"wp-block-column is-vertically-aligned-center is-layout-flow wp-block-column-is-layout-flow\" style=\"flex-basis:66.66%\">\n<p><strong><strong><strong><strong>Sede y centros de producci\u00f3n<\/strong><\/strong> <\/strong><\/strong><\/p>\n\n\n\n<p>EVER Pharma tiene su sede en Unterach (Austria) y cuenta con instalaciones de producci\u00f3n e investigaci\u00f3n en Austria, Alemania y Estados Unidos. <\/p>\n<\/div>\n<\/div>\n\n\n\n<div class=\"wp-block-columns are-vertically-aligned-center is-layout-flex wp-container-core-columns-is-layout-9d6595d7 wp-block-columns-is-layout-flex\">\n<div class=\"wp-block-column is-vertically-aligned-center is-layout-flow wp-block-column-is-layout-flow\" style=\"flex-basis:100px\">\n<div class=\"wp-block-wpco-svg-icon wp-block-svg-icon has-theme-red-color\"><!-- Generator: Adobe Illustrator 25.3.1, SVG Export Plug-In . SVG Version: 6.00 Build 0)  --><\/div>\n<\/div>\n\n\n\n<div class=\"wp-block-column is-vertically-aligned-center is-layout-flow wp-block-column-is-layout-flow\" style=\"flex-basis:66.66%\">\n<p><strong><strong><strong><strong>Gama de productos<\/strong><\/strong> <\/strong><\/strong><\/p>\n\n\n\n<p>EVER Pharma comercializa productos de alta calidad en m\u00e1s de 70 pa\u00edses de todo el mundo a trav\u00e9s de sus propias oficinas de representaci\u00f3n y socios comerciales. <\/p>\n<\/div>\n<\/div>\n<\/div>\n\n\n\n<div class=\"wp-block-column is-layout-flow wp-block-column-is-layout-flow\">\n<div class=\"wp-block-columns are-vertically-aligned-center is-layout-flex wp-container-core-columns-is-layout-9d6595d7 wp-block-columns-is-layout-flex\">\n<div class=\"wp-block-column is-vertically-aligned-center is-layout-flow wp-block-column-is-layout-flow\" style=\"flex-basis:100px\">\n<div class=\"wp-block-wpco-svg-icon wp-block-svg-icon has-theme-red-color\"><!-- Generator: Adobe Illustrator 25.3.1, SVG Export Plug-In . SVG Version: 6.00 Build 0)  --><\/div>\n<\/div>\n\n\n\n<div class=\"wp-block-column is-vertically-aligned-center is-layout-flow wp-block-column-is-layout-flow\" style=\"flex-basis:66.66%\">\n<p><strong><strong> <strong><strong>N\u00famero de empleados<\/strong><\/strong> <\/strong><\/strong><\/p>\n\n\n\n<p> M\u00e1s de 1.000 empleados en todo el mundo. <\/p>\n<\/div>\n<\/div>\n\n\n\n<div class=\"wp-block-columns are-vertically-aligned-center is-layout-flex wp-container-core-columns-is-layout-9d6595d7 wp-block-columns-is-layout-flex\">\n<div class=\"wp-block-column is-vertically-aligned-center is-layout-flow wp-block-column-is-layout-flow\" style=\"flex-basis:100px\">\n<div class=\"wp-block-wpco-svg-icon wp-block-svg-icon has-theme-red-color\"><\/div>\n<\/div>\n\n\n\n<div class=\"wp-block-column is-vertically-aligned-center is-layout-flow wp-block-column-is-layout-flow\" style=\"flex-basis:66.66%\">\n<p><strong><strong><strong><strong>Investigaci\u00f3n y desarrollo<\/strong><\/strong> <\/strong><\/strong><\/p>\n\n\n\n<p>EVER Pharma invierte unos 25 millones de euros anuales en I+D. <\/p>\n<\/div>\n<\/div>\n\n\n\n<div class=\"wp-block-columns are-vertically-aligned-center is-layout-flex wp-container-core-columns-is-layout-9d6595d7 wp-block-columns-is-layout-flex\">\n<div class=\"wp-block-column is-vertically-aligned-center is-layout-flow wp-block-column-is-layout-flow\" style=\"flex-basis:100px\">\n<div class=\"wp-block-wpco-svg-icon wp-block-svg-icon has-theme-red-color\"><!-- Generator: Adobe Illustrator 25.3.1, SVG Export Plug-In . SVG Version: 6.00 Build 0)  --><\/div>\n<\/div>\n\n\n\n<div class=\"wp-block-column is-vertically-aligned-center is-layout-flow wp-block-column-is-layout-flow\" style=\"flex-basis:66.66%\">\n<p><strong><strong><strong><strong>\u00c1reas de indicaci\u00f3n<\/strong><\/strong> <\/strong><\/strong><\/p>\n\n\n\n<p>EVER Pharma se especializa en las \u00e1reas de neurolog\u00eda e inyectables de especialidad, incluyendo oncolog\u00eda, cuidados intensivos y terap\u00e9utica hormonal. <\/p>\n<\/div>\n<\/div>\n\n\n\n<div class=\"wp-block-columns are-vertically-aligned-center is-layout-flex wp-container-core-columns-is-layout-9d6595d7 wp-block-columns-is-layout-flex\">\n<div class=\"wp-block-column is-vertically-aligned-center is-layout-flow wp-block-column-is-layout-flow\" style=\"flex-basis:100px\">\n<div class=\"wp-block-wpco-svg-icon wp-block-svg-icon has-theme-red-color\"><\/div>\n<\/div>\n\n\n\n<div class=\"wp-block-column is-vertically-aligned-center is-layout-flow wp-block-column-is-layout-flow\" style=\"flex-basis:66.66%\">\n<p><strong><strong> <strong><strong>Auditor\u00edas \/ certificaciones de las autoridades<\/strong><\/strong> <\/strong><\/strong><\/p>\n\n\n\n<p> ISO 13485, ISO 16247, ISO 14001, EU-GMP, GCC (MENA), CFDA (China), ANVISA (Brasil), RU-GMP, PDMA (Jap\u00f3n) <\/p>\n<\/div>\n<\/div>\n<\/div>\n<\/div>\n\n\n\n<div style=\"height:80px\" aria-hidden=\"true\" class=\"wp-block-spacer\"><\/div>\n<\/div><\/div>\n\n\n\n<div style=\"height:100px\" aria-hidden=\"true\" class=\"wp-block-spacer\"><\/div>\n","protected":false},"excerpt":{"rendered":"<p>EVER Pharma EVER Pharma es una empresa farmac\u00e9utica especializada totalmente integrada, centrada en la investigaci\u00f3n, el desarrollo, la producci\u00f3n y la comercializaci\u00f3n de productos en las \u00e1reas de neurolog\u00eda e inyectables especializados, que abarcan la oncolog\u00eda, cuidados intensivos y terapia hormonal. Desde nuestra sede en Austria, dirigimos un funcionamiento din\u00e1mico que proporciona productos innovadores y &hellip; <a href=\"https:\/\/www.everpharma.com\/esp\/ever-pharma\/\">Continued<\/a><\/p>\n","protected":false},"author":2,"featured_media":0,"parent":0,"menu_order":9,"comment_status":"closed","ping_status":"closed","template":"","meta":{"footnotes":""},"class_list":["post-230","page","type-page","status-publish","hentry"],"yoast_head":"<!-- This site is optimized with the Yoast SEO plugin v27.0 - https:\/\/yoast.com\/product\/yoast-seo-wordpress\/ -->\n<title>EVER Pharma - EVER Pharma Spain<\/title>\n<meta name=\"robots\" content=\"index, follow, max-snippet:-1, max-image-preview:large, max-video-preview:-1\" \/>\n<link rel=\"canonical\" href=\"https:\/\/www.everpharma.com\/esp\/ever-pharma\/\" \/>\n<meta property=\"og:locale\" content=\"es_ES\" \/>\n<meta property=\"og:type\" content=\"article\" \/>\n<meta property=\"og:title\" content=\"EVER Pharma - EVER Pharma Spain\" \/>\n<meta property=\"og:description\" content=\"EVER Pharma EVER Pharma es una empresa farmac\u00e9utica especializada totalmente integrada, centrada en la investigaci\u00f3n, el desarrollo, la producci\u00f3n y la comercializaci\u00f3n de productos en las \u00e1reas de neurolog\u00eda e inyectables especializados, que abarcan la oncolog\u00eda, cuidados intensivos y terapia hormonal. Desde nuestra sede en Austria, dirigimos un funcionamiento din\u00e1mico que proporciona productos innovadores y &hellip; Continued\" \/>\n<meta property=\"og:url\" content=\"https:\/\/www.everpharma.com\/esp\/ever-pharma\/\" \/>\n<meta property=\"og:site_name\" content=\"EVER Pharma Spain\" \/>\n<meta property=\"article:modified_time\" content=\"2024-03-13T16:05:16+00:00\" \/>\n<meta property=\"og:image\" content=\"https:\/\/www.everpharma.com\/esp\/wp-content\/uploads\/sites\/6\/2021\/06\/sts_proeckl_1509_EVERPHARMA_03-2.jpg\" \/>\n<meta name=\"twitter:card\" content=\"summary_large_image\" \/>\n<meta name=\"twitter:label1\" content=\"Est. reading time\" \/>\n\t<meta name=\"twitter:data1\" content=\"3 minutes\" \/>\n<script type=\"application\/ld+json\" class=\"yoast-schema-graph\">{\"@context\":\"https:\/\/schema.org\",\"@graph\":[{\"@type\":\"WebPage\",\"@id\":\"https:\/\/www.everpharma.com\/esp\/ever-pharma\/\",\"url\":\"https:\/\/www.everpharma.com\/esp\/ever-pharma\/\",\"name\":\"EVER Pharma - EVER Pharma Spain\",\"isPartOf\":{\"@id\":\"https:\/\/www.everpharma.com\/esp\/#website\"},\"primaryImageOfPage\":{\"@id\":\"https:\/\/www.everpharma.com\/esp\/ever-pharma\/#primaryimage\"},\"image\":{\"@id\":\"https:\/\/www.everpharma.com\/esp\/ever-pharma\/#primaryimage\"},\"thumbnailUrl\":\"https:\/\/www.everpharma.com\/esp\/wp-content\/uploads\/sites\/6\/2021\/06\/sts_proeckl_1509_EVERPHARMA_03-2.jpg\",\"datePublished\":\"2021-06-03T16:34:49+00:00\",\"dateModified\":\"2024-03-13T16:05:16+00:00\",\"breadcrumb\":{\"@id\":\"https:\/\/www.everpharma.com\/esp\/ever-pharma\/#breadcrumb\"},\"inLanguage\":\"es-ES\",\"potentialAction\":[{\"@type\":\"ReadAction\",\"target\":[\"https:\/\/www.everpharma.com\/esp\/ever-pharma\/\"]}]},{\"@type\":\"ImageObject\",\"inLanguage\":\"es-ES\",\"@id\":\"https:\/\/www.everpharma.com\/esp\/ever-pharma\/#primaryimage\",\"url\":\"https:\/\/www.everpharma.com\/esp\/wp-content\/uploads\/sites\/6\/2021\/06\/sts_proeckl_1509_EVERPHARMA_03-2.jpg\",\"contentUrl\":\"https:\/\/www.everpharma.com\/esp\/wp-content\/uploads\/sites\/6\/2021\/06\/sts_proeckl_1509_EVERPHARMA_03-2.jpg\",\"width\":2000,\"height\":1488},{\"@type\":\"BreadcrumbList\",\"@id\":\"https:\/\/www.everpharma.com\/esp\/ever-pharma\/#breadcrumb\",\"itemListElement\":[{\"@type\":\"ListItem\",\"position\":1,\"name\":\"Startseite\",\"item\":\"https:\/\/www.everpharma.com\/esp\/\"},{\"@type\":\"ListItem\",\"position\":2,\"name\":\"EVER Pharma\"}]},{\"@type\":\"WebSite\",\"@id\":\"https:\/\/www.everpharma.com\/esp\/#website\",\"url\":\"https:\/\/www.everpharma.com\/esp\/\",\"name\":\"EVER Pharma Spain\",\"description\":\"Dedicated to Health.\",\"potentialAction\":[{\"@type\":\"SearchAction\",\"target\":{\"@type\":\"EntryPoint\",\"urlTemplate\":\"https:\/\/www.everpharma.com\/esp\/?s={search_term_string}\"},\"query-input\":{\"@type\":\"PropertyValueSpecification\",\"valueRequired\":true,\"valueName\":\"search_term_string\"}}],\"inLanguage\":\"es-ES\"}]}<\/script>\n<!-- \/ Yoast SEO plugin. -->","yoast_head_json":{"title":"EVER Pharma - EVER Pharma Spain","robots":{"index":"index","follow":"follow","max-snippet":"max-snippet:-1","max-image-preview":"max-image-preview:large","max-video-preview":"max-video-preview:-1"},"canonical":"https:\/\/www.everpharma.com\/esp\/ever-pharma\/","og_locale":"es_ES","og_type":"article","og_title":"EVER Pharma - EVER Pharma Spain","og_description":"EVER Pharma EVER Pharma es una empresa farmac\u00e9utica especializada totalmente integrada, centrada en la investigaci\u00f3n, el desarrollo, la producci\u00f3n y la comercializaci\u00f3n de productos en las \u00e1reas de neurolog\u00eda e inyectables especializados, que abarcan la oncolog\u00eda, cuidados intensivos y terapia hormonal. Desde nuestra sede en Austria, dirigimos un funcionamiento din\u00e1mico que proporciona productos innovadores y &hellip; Continued","og_url":"https:\/\/www.everpharma.com\/esp\/ever-pharma\/","og_site_name":"EVER Pharma Spain","article_modified_time":"2024-03-13T16:05:16+00:00","og_image":[{"url":"https:\/\/www.everpharma.com\/esp\/wp-content\/uploads\/sites\/6\/2021\/06\/sts_proeckl_1509_EVERPHARMA_03-2.jpg","type":"","width":"","height":""}],"twitter_card":"summary_large_image","twitter_misc":{"Est. reading time":"3 minutes"},"schema":{"@context":"https:\/\/schema.org","@graph":[{"@type":"WebPage","@id":"https:\/\/www.everpharma.com\/esp\/ever-pharma\/","url":"https:\/\/www.everpharma.com\/esp\/ever-pharma\/","name":"EVER Pharma - EVER Pharma Spain","isPartOf":{"@id":"https:\/\/www.everpharma.com\/esp\/#website"},"primaryImageOfPage":{"@id":"https:\/\/www.everpharma.com\/esp\/ever-pharma\/#primaryimage"},"image":{"@id":"https:\/\/www.everpharma.com\/esp\/ever-pharma\/#primaryimage"},"thumbnailUrl":"https:\/\/www.everpharma.com\/esp\/wp-content\/uploads\/sites\/6\/2021\/06\/sts_proeckl_1509_EVERPHARMA_03-2.jpg","datePublished":"2021-06-03T16:34:49+00:00","dateModified":"2024-03-13T16:05:16+00:00","breadcrumb":{"@id":"https:\/\/www.everpharma.com\/esp\/ever-pharma\/#breadcrumb"},"inLanguage":"es-ES","potentialAction":[{"@type":"ReadAction","target":["https:\/\/www.everpharma.com\/esp\/ever-pharma\/"]}]},{"@type":"ImageObject","inLanguage":"es-ES","@id":"https:\/\/www.everpharma.com\/esp\/ever-pharma\/#primaryimage","url":"https:\/\/www.everpharma.com\/esp\/wp-content\/uploads\/sites\/6\/2021\/06\/sts_proeckl_1509_EVERPHARMA_03-2.jpg","contentUrl":"https:\/\/www.everpharma.com\/esp\/wp-content\/uploads\/sites\/6\/2021\/06\/sts_proeckl_1509_EVERPHARMA_03-2.jpg","width":2000,"height":1488},{"@type":"BreadcrumbList","@id":"https:\/\/www.everpharma.com\/esp\/ever-pharma\/#breadcrumb","itemListElement":[{"@type":"ListItem","position":1,"name":"Startseite","item":"https:\/\/www.everpharma.com\/esp\/"},{"@type":"ListItem","position":2,"name":"EVER Pharma"}]},{"@type":"WebSite","@id":"https:\/\/www.everpharma.com\/esp\/#website","url":"https:\/\/www.everpharma.com\/esp\/","name":"EVER Pharma Spain","description":"Dedicated to Health.","potentialAction":[{"@type":"SearchAction","target":{"@type":"EntryPoint","urlTemplate":"https:\/\/www.everpharma.com\/esp\/?s={search_term_string}"},"query-input":{"@type":"PropertyValueSpecification","valueRequired":true,"valueName":"search_term_string"}}],"inLanguage":"es-ES"}]}},"_links":{"self":[{"href":"https:\/\/www.everpharma.com\/esp\/wp-json\/wp\/v2\/pages\/230","targetHints":{"allow":["GET"]}}],"collection":[{"href":"https:\/\/www.everpharma.com\/esp\/wp-json\/wp\/v2\/pages"}],"about":[{"href":"https:\/\/www.everpharma.com\/esp\/wp-json\/wp\/v2\/types\/page"}],"author":[{"embeddable":true,"href":"https:\/\/www.everpharma.com\/esp\/wp-json\/wp\/v2\/users\/2"}],"replies":[{"embeddable":true,"href":"https:\/\/www.everpharma.com\/esp\/wp-json\/wp\/v2\/comments?post=230"}],"version-history":[{"count":18,"href":"https:\/\/www.everpharma.com\/esp\/wp-json\/wp\/v2\/pages\/230\/revisions"}],"predecessor-version":[{"id":568,"href":"https:\/\/www.everpharma.com\/esp\/wp-json\/wp\/v2\/pages\/230\/revisions\/568"}],"wp:attachment":[{"href":"https:\/\/www.everpharma.com\/esp\/wp-json\/wp\/v2\/media?parent=230"}],"curies":[{"name":"wp","href":"https:\/\/api.w.org\/{rel}","templated":true}]}}