{"id":2,"date":"2021-04-19T07:36:34","date_gmt":"2021-04-19T07:36:34","guid":{"rendered":"https:\/\/www.everpharma.com\/spain\/?page_id=2"},"modified":"2024-05-29T08:57:31","modified_gmt":"2024-05-29T06:57:31","slug":"home","status":"publish","type":"page","link":"https:\/\/www.everpharma.com\/esp\/","title":{"rendered":"Home"},"content":{"rendered":"\n<div class=\"wp-block-wpco-swiper alignfull swiper\" id=\"swiper--s296\" data-swiper=\"{&quot;speed&quot;:300,&quot;direction&quot;:&quot;horizontal&quot;,&quot;loop&quot;:true,&quot;spaceBetween&quot;:0,&quot;autoHeight&quot;:false,&quot;centeredSlides&quot;:false,&quot;centerInsufficientSlides&quot;:false,&quot;slidesPerView&quot;:1,&quot;effect&quot;:&quot;fade&quot;,&quot;autoplay&quot;:true,&quot;pagination&quot;:{&quot;el&quot;:&quot;.swiper-pagination&quot;,&quot;clickable&quot;:true},&quot;autolay&quot;:{&quot;delay&quot;:5000,&quot;disableOnInteraction&quot;:true},&quot;fadeEffect&quot;:{&quot;crossFade&quot;:true}}\"><div class=\"swiper-container\"><div class=\"swiper-wrapper\">\n<div class=\"wp-block-wpco-swiper-slide swiper-slide\">\n<div class=\"wp-block-cover is-light has-custom-content-position is-position-center-left is-style-aligned-overlay\" style=\"min-height:500px;aspect-ratio:unset;\"><span aria-hidden=\"true\" class=\"wp-block-cover__background has-theme-white-background-color has-background-dim-80 has-background-dim\"><\/span><img loading=\"lazy\" decoding=\"async\" width=\"2000\" height=\"1334\" class=\"wp-block-cover__image-background wp-image-462\" alt=\"\" src=\"https:\/\/www.everpharma.com\/esp\/wp-content\/uploads\/sites\/6\/2021\/07\/IO_EVER_1120_093-2.jpg\" style=\"object-position:50% 50%\" data-object-fit=\"cover\" data-object-position=\"50% 50%\" srcset=\"https:\/\/www.everpharma.com\/esp\/wp-content\/uploads\/sites\/6\/2021\/07\/IO_EVER_1120_093-2.jpg 2000w, https:\/\/www.everpharma.com\/esp\/wp-content\/uploads\/sites\/6\/2021\/07\/IO_EVER_1120_093-2-300x200.jpg 300w, https:\/\/www.everpharma.com\/esp\/wp-content\/uploads\/sites\/6\/2021\/07\/IO_EVER_1120_093-2-1024x683.jpg 1024w, https:\/\/www.everpharma.com\/esp\/wp-content\/uploads\/sites\/6\/2021\/07\/IO_EVER_1120_093-2-768x512.jpg 768w, https:\/\/www.everpharma.com\/esp\/wp-content\/uploads\/sites\/6\/2021\/07\/IO_EVER_1120_093-2-1536x1025.jpg 1536w\" sizes=\"auto, (max-width: 2000px) 100vw, 2000px\" \/><div class=\"wp-block-cover__inner-container is-layout-flow wp-block-cover-is-layout-flow\">\n<h2 class=\"wp-block-heading has-theme-red-color has-text-color\"><strong>Bienvenido a EVER Pharma Spain<\/strong><\/h2>\n\n\n\n<p class=\"has-theme-red-color has-text-color\">Dedicado a la salud<\/p>\n<\/div><\/div>\n<\/div>\n\n\n\n<div class=\"wp-block-wpco-swiper-slide swiper-slide\">\n<div class=\"wp-block-cover is-light has-custom-content-position is-position-center-left is-style-aligned-overlay\" style=\"min-height:500px;aspect-ratio:unset;\"><span aria-hidden=\"true\" class=\"wp-block-cover__background has-theme-white-background-color has-background-dim-80 has-background-dim\"><\/span><img decoding=\"async\" class=\"wp-block-cover__image-background wp-image-102\" alt=\"\" src=\"https:\/\/www.everpharma.com\/wp-content\/uploads\/2021\/02\/EVER_01.jpg\" style=\"object-position:65% 31%\" data-object-fit=\"cover\" data-object-position=\"65% 31%\" \/><div class=\"wp-block-cover__inner-container is-layout-flow wp-block-cover-is-layout-flow\">\n<a class=\"wp-block-wpco-wrapper wp-block-link-wrapper\" href=\"https:\/\/www.everpharma.com\/esp\/global-2\/\" target=\"_self\" rel=\"noopener\"><div class=\"wp-block-link-wrapper__inner-container\">\n<h2 class=\"wp-block-heading\"><strong><strong>Nuestras sedes &amp; filiales.&nbsp;<\/strong><\/strong><\/h2>\n\n\n\n<p>Trabajamos en todo el mundo.<\/p>\n<span class=\"wp-block-link-wrapper__more\"><strong><em>Leer m\u00e1s<\/em><\/strong><\/span><\/div><\/a>\n<\/div><\/div>\n<\/div>\n<\/div><div class=\"swiper-pagination\"><\/div><\/div><\/div>\n\n\n\n<div class=\"wp-block-group alignfull has-theme-white-color has-theme-red-background-color has-text-color has-background\"><div class=\"wp-block-group__inner-container is-layout-flow wp-block-group-is-layout-flow\">\n<div class=\"wp-block-columns alignwide is-style-tight is-layout-flex wp-container-core-columns-is-layout-9d6595d7 wp-block-columns-is-layout-flex\">\n<div class=\"wp-block-column is-layout-flow wp-block-column-is-layout-flow\">\n<a class=\"wp-block-wpco-wrapper wp-block-link-wrapper has-theme-white-color has-theme-red-light-background-color\" href=\"https:\/\/www.everpharma.com\/esp\/nuestro-equipo\/\" target=\"_self\" rel=\"noopener\"><div class=\"wp-block-link-wrapper__inner-container\">\n<p>Nuestro Equipo<\/p>\n\n\n\n<h4 class=\"wp-block-heading has-font-size-lg-font-size\"><strong>Ponte en contacto<\/strong><\/h4>\n<span class=\"wp-block-link-wrapper__more\"><strong><em>Leer m\u00e1s<\/em><\/strong><\/span><\/div><\/a>\n<\/div>\n\n\n\n<div class=\"wp-block-column is-layout-flow wp-block-column-is-layout-flow\">\n<a class=\"wp-block-wpco-wrapper wp-block-link-wrapper has-theme-white-color has-theme-red-background-color\" href=\"https:\/\/www.everpharma.com\/esp\/products\/\" target=\"_self\" rel=\"noopener\"><div class=\"wp-block-link-wrapper__inner-container\">\n<p>Cartera de productos<\/p>\n\n\n\n<h4 class=\"wp-block-heading has-font-size-lg-font-size\"><strong><strong><strong>Nuestros productos<\/strong><\/strong><\/strong><\/h4>\n<span class=\"wp-block-link-wrapper__more\"><strong><em>Leer m\u00e1s<\/em><\/strong><\/span><\/div><\/a>\n<\/div>\n\n\n\n<div class=\"wp-block-column is-layout-flow wp-block-column-is-layout-flow\">\n<a class=\"wp-block-wpco-wrapper wp-block-link-wrapper has-theme-white-color has-theme-red-dark-background-color\" href=\"https:\/\/www.everpharma.com\/esp\/ever-pharma\/\" target=\"_self\" rel=\"noopener\"><div class=\"wp-block-link-wrapper__inner-container\">\n<p>Nuestro Grupo<\/p>\n\n\n\n<h4 class=\"wp-block-heading has-font-size-lg-font-size\"><strong><strong>EVER Pharma<\/strong><\/strong><\/h4>\n<span class=\"wp-block-link-wrapper__more\"><strong><em>Leer m\u00e1s<\/em><\/strong><\/span><\/div><\/a>\n<\/div>\n<\/div>\n<\/div><\/div>\n\n\n\n<div style=\"height:100px\" aria-hidden=\"true\" class=\"wp-block-spacer\"><\/div>\n\n\n\n<h2 class=\"wp-block-heading is-style-section-title\">Sobre EVER Pharma Spain<\/h2>\n\n\n\n<div class=\"wp-block-columns is-layout-flex wp-container-core-columns-is-layout-9d6595d7 wp-block-columns-is-layout-flex\">\n<div class=\"wp-block-column is-layout-flow wp-block-column-is-layout-flow\" style=\"flex-basis:50%\">\n<p>EVER Pharma Espa\u00f1a, con sede en Madrid, forma parte del Grupo EVER Pharma. Como especialista en determinadas \u00e1reas de indicaci\u00f3n, comercializamos terapias establecidas e innovadoras. Nos centramos en productos de nicho, que son utilizados por profesionales m\u00e9dicos en hospitales y consultas privadas.<\/p>\n<\/div>\n\n\n\n<div class=\"wp-block-column is-layout-flow wp-block-column-is-layout-flow\" style=\"flex-basis:50%\">\n<p>Nuestros campos de especializaci\u00f3n comprenden importantes \u00e1mbitos de la medicina como la oncolog\u00eda y los cuidados intensivos, en los que ofrecemos productos y servicios. Nuestro departamento de marketing y nuestro equipo de ventas, que act\u00faa en toda Espa\u00f1a, ofrecen un servicio de calidad a todos los profesionales sanitarios.<\/p>\n<\/div>\n<\/div>\n\n\n\n<div style=\"height:100px\" aria-hidden=\"true\" class=\"wp-block-spacer\"><\/div>\n","protected":false},"excerpt":{"rendered":"<p>Sobre EVER Pharma Spain EVER Pharma Espa\u00f1a, con sede en Madrid, forma parte del Grupo EVER Pharma. Como especialista en determinadas \u00e1reas de indicaci\u00f3n, comercializamos terapias establecidas e innovadoras. Nos centramos en productos de nicho, que son utilizados por profesionales m\u00e9dicos en hospitales y consultas privadas. Nuestros campos de especializaci\u00f3n comprenden importantes \u00e1mbitos de la &hellip; <a href=\"https:\/\/www.everpharma.com\/esp\/\">Continued<\/a><\/p>\n","protected":false},"author":1,"featured_media":0,"parent":0,"menu_order":12,"comment_status":"closed","ping_status":"closed","template":"","meta":{"footnotes":""},"class_list":["post-2","page","type-page","status-publish","hentry"],"yoast_head":"<!-- This site is optimized with the Yoast SEO plugin v27.0 - https:\/\/yoast.com\/product\/yoast-seo-wordpress\/ -->\n<title>Home - EVER Pharma Spain<\/title>\n<meta name=\"robots\" content=\"index, follow, max-snippet:-1, max-image-preview:large, max-video-preview:-1\" \/>\n<link rel=\"canonical\" href=\"https:\/\/www.everpharma.com\/esp\/\" \/>\n<meta property=\"og:locale\" content=\"es_ES\" \/>\n<meta property=\"og:type\" content=\"article\" \/>\n<meta property=\"og:title\" content=\"Home - EVER Pharma Spain\" \/>\n<meta property=\"og:description\" content=\"Sobre EVER Pharma Spain EVER Pharma Espa\u00f1a, con sede en Madrid, forma parte del Grupo EVER Pharma. Como especialista en determinadas \u00e1reas de indicaci\u00f3n, comercializamos terapias establecidas e innovadoras. Nos centramos en productos de nicho, que son utilizados por profesionales m\u00e9dicos en hospitales y consultas privadas. Nuestros campos de especializaci\u00f3n comprenden importantes \u00e1mbitos de la &hellip; Continued\" \/>\n<meta property=\"og:url\" content=\"https:\/\/www.everpharma.com\/esp\/\" \/>\n<meta property=\"og:site_name\" content=\"EVER Pharma Spain\" \/>\n<meta property=\"article:modified_time\" content=\"2024-05-29T06:57:31+00:00\" \/>\n<meta property=\"og:image\" content=\"https:\/\/www.everpharma.com\/esp\/wp-content\/uploads\/sites\/6\/2021\/07\/IO_EVER_1120_093-2.jpg\" \/>\n<meta name=\"twitter:card\" content=\"summary_large_image\" \/>\n<meta name=\"twitter:label1\" content=\"Est. reading time\" \/>\n\t<meta name=\"twitter:data1\" content=\"1 minute\" \/>\n<script type=\"application\/ld+json\" class=\"yoast-schema-graph\">{\"@context\":\"https:\/\/schema.org\",\"@graph\":[{\"@type\":\"WebPage\",\"@id\":\"https:\/\/www.everpharma.com\/esp\/\",\"url\":\"https:\/\/www.everpharma.com\/esp\/\",\"name\":\"Home - EVER Pharma Spain\",\"isPartOf\":{\"@id\":\"https:\/\/www.everpharma.com\/esp\/#website\"},\"primaryImageOfPage\":{\"@id\":\"https:\/\/www.everpharma.com\/esp\/#primaryimage\"},\"image\":{\"@id\":\"https:\/\/www.everpharma.com\/esp\/#primaryimage\"},\"thumbnailUrl\":\"https:\/\/www.everpharma.com\/esp\/wp-content\/uploads\/sites\/6\/2021\/07\/IO_EVER_1120_093-2.jpg\",\"datePublished\":\"2021-04-19T07:36:34+00:00\",\"dateModified\":\"2024-05-29T06:57:31+00:00\",\"breadcrumb\":{\"@id\":\"https:\/\/www.everpharma.com\/esp\/#breadcrumb\"},\"inLanguage\":\"es-ES\",\"potentialAction\":[{\"@type\":\"ReadAction\",\"target\":[\"https:\/\/www.everpharma.com\/esp\/\"]}]},{\"@type\":\"ImageObject\",\"inLanguage\":\"es-ES\",\"@id\":\"https:\/\/www.everpharma.com\/esp\/#primaryimage\",\"url\":\"https:\/\/www.everpharma.com\/esp\/wp-content\/uploads\/sites\/6\/2021\/07\/IO_EVER_1120_093-2.jpg\",\"contentUrl\":\"https:\/\/www.everpharma.com\/esp\/wp-content\/uploads\/sites\/6\/2021\/07\/IO_EVER_1120_093-2.jpg\",\"width\":2000,\"height\":1334},{\"@type\":\"BreadcrumbList\",\"@id\":\"https:\/\/www.everpharma.com\/esp\/#breadcrumb\",\"itemListElement\":[{\"@type\":\"ListItem\",\"position\":1,\"name\":\"Startseite\",\"item\":\"https:\/\/www.everpharma.com\/esp\/\"},{\"@type\":\"ListItem\",\"position\":2,\"name\":\"Home\"}]},{\"@type\":\"WebSite\",\"@id\":\"https:\/\/www.everpharma.com\/esp\/#website\",\"url\":\"https:\/\/www.everpharma.com\/esp\/\",\"name\":\"EVER Pharma Spain\",\"description\":\"Dedicated to Health.\",\"potentialAction\":[{\"@type\":\"SearchAction\",\"target\":{\"@type\":\"EntryPoint\",\"urlTemplate\":\"https:\/\/www.everpharma.com\/esp\/?s={search_term_string}\"},\"query-input\":{\"@type\":\"PropertyValueSpecification\",\"valueRequired\":true,\"valueName\":\"search_term_string\"}}],\"inLanguage\":\"es-ES\"}]}<\/script>\n<!-- \/ Yoast SEO plugin. -->","yoast_head_json":{"title":"Home - EVER Pharma Spain","robots":{"index":"index","follow":"follow","max-snippet":"max-snippet:-1","max-image-preview":"max-image-preview:large","max-video-preview":"max-video-preview:-1"},"canonical":"https:\/\/www.everpharma.com\/esp\/","og_locale":"es_ES","og_type":"article","og_title":"Home - EVER Pharma Spain","og_description":"Sobre EVER Pharma Spain EVER Pharma Espa\u00f1a, con sede en Madrid, forma parte del Grupo EVER Pharma. Como especialista en determinadas \u00e1reas de indicaci\u00f3n, comercializamos terapias establecidas e innovadoras. Nos centramos en productos de nicho, que son utilizados por profesionales m\u00e9dicos en hospitales y consultas privadas. Nuestros campos de especializaci\u00f3n comprenden importantes \u00e1mbitos de la &hellip; Continued","og_url":"https:\/\/www.everpharma.com\/esp\/","og_site_name":"EVER Pharma Spain","article_modified_time":"2024-05-29T06:57:31+00:00","og_image":[{"url":"https:\/\/www.everpharma.com\/esp\/wp-content\/uploads\/sites\/6\/2021\/07\/IO_EVER_1120_093-2.jpg","type":"","width":"","height":""}],"twitter_card":"summary_large_image","twitter_misc":{"Est. reading time":"1 minute"},"schema":{"@context":"https:\/\/schema.org","@graph":[{"@type":"WebPage","@id":"https:\/\/www.everpharma.com\/esp\/","url":"https:\/\/www.everpharma.com\/esp\/","name":"Home - EVER Pharma Spain","isPartOf":{"@id":"https:\/\/www.everpharma.com\/esp\/#website"},"primaryImageOfPage":{"@id":"https:\/\/www.everpharma.com\/esp\/#primaryimage"},"image":{"@id":"https:\/\/www.everpharma.com\/esp\/#primaryimage"},"thumbnailUrl":"https:\/\/www.everpharma.com\/esp\/wp-content\/uploads\/sites\/6\/2021\/07\/IO_EVER_1120_093-2.jpg","datePublished":"2021-04-19T07:36:34+00:00","dateModified":"2024-05-29T06:57:31+00:00","breadcrumb":{"@id":"https:\/\/www.everpharma.com\/esp\/#breadcrumb"},"inLanguage":"es-ES","potentialAction":[{"@type":"ReadAction","target":["https:\/\/www.everpharma.com\/esp\/"]}]},{"@type":"ImageObject","inLanguage":"es-ES","@id":"https:\/\/www.everpharma.com\/esp\/#primaryimage","url":"https:\/\/www.everpharma.com\/esp\/wp-content\/uploads\/sites\/6\/2021\/07\/IO_EVER_1120_093-2.jpg","contentUrl":"https:\/\/www.everpharma.com\/esp\/wp-content\/uploads\/sites\/6\/2021\/07\/IO_EVER_1120_093-2.jpg","width":2000,"height":1334},{"@type":"BreadcrumbList","@id":"https:\/\/www.everpharma.com\/esp\/#breadcrumb","itemListElement":[{"@type":"ListItem","position":1,"name":"Startseite","item":"https:\/\/www.everpharma.com\/esp\/"},{"@type":"ListItem","position":2,"name":"Home"}]},{"@type":"WebSite","@id":"https:\/\/www.everpharma.com\/esp\/#website","url":"https:\/\/www.everpharma.com\/esp\/","name":"EVER Pharma Spain","description":"Dedicated to Health.","potentialAction":[{"@type":"SearchAction","target":{"@type":"EntryPoint","urlTemplate":"https:\/\/www.everpharma.com\/esp\/?s={search_term_string}"},"query-input":{"@type":"PropertyValueSpecification","valueRequired":true,"valueName":"search_term_string"}}],"inLanguage":"es-ES"}]}},"_links":{"self":[{"href":"https:\/\/www.everpharma.com\/esp\/wp-json\/wp\/v2\/pages\/2","targetHints":{"allow":["GET"]}}],"collection":[{"href":"https:\/\/www.everpharma.com\/esp\/wp-json\/wp\/v2\/pages"}],"about":[{"href":"https:\/\/www.everpharma.com\/esp\/wp-json\/wp\/v2\/types\/page"}],"author":[{"embeddable":true,"href":"https:\/\/www.everpharma.com\/esp\/wp-json\/wp\/v2\/users\/1"}],"replies":[{"embeddable":true,"href":"https:\/\/www.everpharma.com\/esp\/wp-json\/wp\/v2\/comments?post=2"}],"version-history":[{"count":34,"href":"https:\/\/www.everpharma.com\/esp\/wp-json\/wp\/v2\/pages\/2\/revisions"}],"predecessor-version":[{"id":673,"href":"https:\/\/www.everpharma.com\/esp\/wp-json\/wp\/v2\/pages\/2\/revisions\/673"}],"wp:attachment":[{"href":"https:\/\/www.everpharma.com\/esp\/wp-json\/wp\/v2\/media?parent=2"}],"curies":[{"name":"wp","href":"https:\/\/api.w.org\/{rel}","templated":true}]}}