{"id":150,"date":"2021-05-21T14:07:48","date_gmt":"2021-05-21T14:07:48","guid":{"rendered":"https:\/\/www.everpharma.com\/spain\/?page_id=150"},"modified":"2026-04-15T07:04:42","modified_gmt":"2026-04-15T05:04:42","slug":"compromisos","status":"publish","type":"page","link":"https:\/\/www.everpharma.com\/esp\/compromisos\/","title":{"rendered":"Compromisos"},"content":{"rendered":"\n<div class=\"wp-block-cover is-style-floating-overlay\"><span aria-hidden=\"true\" class=\"has-background-dim-0 wp-block-cover__gradient-background has-background-dim\"><\/span><img decoding=\"async\" class=\"wp-block-cover__image-background wp-image-100\" alt=\"\" src=\"https:\/\/www.everpharma.com\/wp-content\/uploads\/2021\/02\/ET2B1567.jpg\" data-object-fit=\"cover\" \/><div class=\"wp-block-cover__inner-container is-layout-flow wp-block-cover-is-layout-flow\">\n<p class=\"has-text-align-center has-large-font-size\"><\/p>\n<\/div><\/div>\n\n\n\n<div style=\"height:100px\" aria-hidden=\"true\" class=\"wp-block-spacer\"><\/div>\n\n\n\n<h1 class=\"is-style-page-title wp-block-heading\" id=\"Verantwortung\">Nuestra responsabilidad<\/h1>\n\n\n\n<div class=\"wp-block-columns is-layout-flex wp-container-core-columns-is-layout-9d6595d7 wp-block-columns-is-layout-flex\">\n<div class=\"wp-block-column is-layout-flow wp-block-column-is-layout-flow\" style=\"flex-basis:50%\">\n<p>Trabajamos por el mayor bien de la humanidad: su salud. El bienestar del paciente es el objetivo de todo lo que hacemos. A trav\u00e9s de la innovaci\u00f3n, el enfoque y el esp\u00edritu emprendedor, llevamos al mercado soluciones terap\u00e9uticas especializadas y de valor a\u00f1adido que apoyan a los sistemas sanitarios de todo el mundo. Esto da sentido a nuestro trabajo diario y constituye la esencia de nuestro compromiso con la salud.<\/p>\n<\/div>\n\n\n\n<div class=\"wp-block-column is-layout-flow wp-block-column-is-layout-flow\" style=\"flex-basis:50%\"><\/div>\n<\/div>\n\n\n\n<hr class=\"wp-block-separator is-style-default\" \/>\n\n\n\n<div style=\"height:100px\" aria-hidden=\"true\" class=\"wp-block-spacer\"><\/div>\n\n\n\n<div class=\"wp-block-group alignfull has-theme-light-gray-background-color has-background\"><div class=\"wp-block-group__inner-container is-layout-flow wp-block-group-is-layout-flow\">\n<div style=\"height:50px\" aria-hidden=\"true\" class=\"wp-block-spacer\"><\/div>\n\n\n\n<div class=\"wp-block-columns are-vertically-aligned-center is-layout-flex wp-container-core-columns-is-layout-9d6595d7 wp-block-columns-is-layout-flex\">\n<div class=\"wp-block-column is-vertically-aligned-center is-layout-flow wp-block-column-is-layout-flow\" style=\"flex-basis:100%\">\n<h2 class=\"is-style-section-title wp-block-heading\" id=\"Unternehmenskultur\">Nuestra cultura corporativa<\/h2>\n\n\n\n<h6 class=\"wp-block-heading\"><strong><strong>El cliente en el centro de nuestro trabajo<\/strong><\/strong><\/h6>\n\n\n\n<div class=\"wp-block-columns is-layout-flex wp-container-core-columns-is-layout-9d6595d7 wp-block-columns-is-layout-flex\">\n<div class=\"wp-block-column is-layout-flow wp-block-column-is-layout-flow\" style=\"flex-basis:100%\">\n<p>Comprender y satisfacer las necesidades de nuestros clientes es nuestra m\u00e1xima prioridad. Mejorar la vida de los pacientes y apoyar el trabajo de los profesionales de la salud est\u00e1 en el centro de nuestra misi\u00f3n de investigaci\u00f3n, producci\u00f3n y suministro como empresa.<\/p>\n<\/div>\n<\/div>\n\n\n\n<h6 class=\"wp-block-heading\"><strong><strong><strong>Nuestra gente es el pilar de nuestro \u00e9xito<\/strong><\/strong><\/strong><\/h6>\n\n\n\n<p>Nuestro equipo es nuestro mayor activo: investigadores, cient\u00edficos, t\u00e9cnicos, trabajadores de la l\u00ednea de producci\u00f3n, representantes de calidad, representantes m\u00e9dicos y nuestro personal corporativo trabajando al un\u00edsono como un equipo \u00e1gil, comprometido y respetuoso es la clave de nuestro \u00e9xito.<\/p>\n\n\n\n<h6 class=\"wp-block-heading\"><strong><strong><strong>La innovaci\u00f3n como motor de nuestro desarrollo futuro<\/strong><\/strong><\/strong><\/h6>\n\n\n\n<p>La innovaci\u00f3n es un elemento esencial de nuestra cultura de trabajo. Ya sea desafiando paradigmas establecidos, incorporando caracter\u00edsticas de &#8220;valor a\u00f1adido&#8221; para nuestros clientes o descubriendo nuevas terapias y aplicaciones de medicamentos, nuestro desarrollo y crecimiento est\u00e1 en funci\u00f3n de nuestra capacidad de innovaci\u00f3n.<\/p>\n<\/div>\n<\/div>\n\n\n\n<div style=\"height:50px\" aria-hidden=\"true\" class=\"wp-block-spacer\"><\/div>\n<\/div><\/div>\n\n\n\n<div style=\"height:50px\" aria-hidden=\"true\" class=\"wp-block-spacer\"><\/div>\n\n\n\n<h2 class=\"is-style-section-title wp-block-heading\" id=\"Umwelt\">Medio ambiente<\/h2>\n\n\n\n<div class=\"wp-block-columns is-layout-flex wp-container-core-columns-is-layout-9d6595d7 wp-block-columns-is-layout-flex\">\n<div class=\"wp-block-column is-layout-flow wp-block-column-is-layout-flow\" style=\"flex-basis:50%\">\n<p>La sostenibilidad est\u00e1 arraigada en la cultura de EVER Pharma, aplicamos las normas m\u00e1s estrictas para reducir el impacto medioambiental. Tambi\u00e9n nos aseguramos de que nuestras instalaciones de producci\u00f3n cumplan los requisitos de las normas modernas de gesti\u00f3n medioambiental.<\/p>\n<\/div>\n\n\n\n<div class=\"wp-block-column is-layout-flow wp-block-column-is-layout-flow\" style=\"flex-basis:50%\">\n<div class=\"wp-block-group alignwide\"><div class=\"wp-block-group__inner-container is-layout-flow wp-block-group-is-layout-flow\">\n<figure class=\"wp-block-image size-large is-style-default\"><img decoding=\"async\" src=\"https:\/\/www.everpharma.com\/wp-content\/uploads\/2021\/02\/EVER_09-1024x682.jpg\" alt=\"\" class=\"wp-image-105\" \/><\/figure>\n<\/div><\/div>\n<\/div>\n<\/div>\n\n\n\n<div style=\"height:100px\" aria-hidden=\"true\" class=\"wp-block-spacer\"><\/div>\n","protected":false},"excerpt":{"rendered":"<p>Nuestra responsabilidad Trabajamos por el mayor bien de la humanidad: su salud. El bienestar del paciente es el objetivo de todo lo que hacemos. A trav\u00e9s de la innovaci\u00f3n, el enfoque y el esp\u00edritu emprendedor, llevamos al mercado soluciones terap\u00e9uticas especializadas y de valor a\u00f1adido que apoyan a los sistemas sanitarios de todo el mundo. &hellip; <a href=\"https:\/\/www.everpharma.com\/esp\/compromisos\/\">Continued<\/a><\/p>\n","protected":false},"author":2,"featured_media":0,"parent":0,"menu_order":15,"comment_status":"closed","ping_status":"closed","template":"","meta":{"footnotes":""},"class_list":["post-150","page","type-page","status-publish","hentry"],"yoast_head":"<!-- This site is optimized with the Yoast SEO plugin v27.0 - https:\/\/yoast.com\/product\/yoast-seo-wordpress\/ -->\n<title>Compromisos - EVER Pharma Spain<\/title>\n<meta name=\"robots\" content=\"index, follow, max-snippet:-1, max-image-preview:large, max-video-preview:-1\" \/>\n<link rel=\"canonical\" href=\"https:\/\/www.everpharma.com\/esp\/compromisos\/\" \/>\n<meta property=\"og:locale\" content=\"es_ES\" \/>\n<meta property=\"og:type\" content=\"article\" \/>\n<meta property=\"og:title\" content=\"Compromisos - EVER Pharma Spain\" \/>\n<meta property=\"og:description\" content=\"Nuestra responsabilidad Trabajamos por el mayor bien de la humanidad: su salud. El bienestar del paciente es el objetivo de todo lo que hacemos. A trav\u00e9s de la innovaci\u00f3n, el enfoque y el esp\u00edritu emprendedor, llevamos al mercado soluciones terap\u00e9uticas especializadas y de valor a\u00f1adido que apoyan a los sistemas sanitarios de todo el mundo. &hellip; Continued\" \/>\n<meta property=\"og:url\" content=\"https:\/\/www.everpharma.com\/esp\/compromisos\/\" \/>\n<meta property=\"og:site_name\" content=\"EVER Pharma Spain\" \/>\n<meta property=\"article:modified_time\" content=\"2026-04-15T05:04:42+00:00\" \/>\n<meta name=\"twitter:card\" content=\"summary_large_image\" \/>\n<meta name=\"twitter:label1\" content=\"Est. reading time\" \/>\n\t<meta name=\"twitter:data1\" content=\"1 minute\" \/>\n<script type=\"application\/ld+json\" class=\"yoast-schema-graph\">{\"@context\":\"https:\/\/schema.org\",\"@graph\":[{\"@type\":\"WebPage\",\"@id\":\"https:\/\/www.everpharma.com\/esp\/compromisos\/\",\"url\":\"https:\/\/www.everpharma.com\/esp\/compromisos\/\",\"name\":\"Compromisos - EVER Pharma Spain\",\"isPartOf\":{\"@id\":\"https:\/\/www.everpharma.com\/esp\/#website\"},\"primaryImageOfPage\":{\"@id\":\"https:\/\/www.everpharma.com\/esp\/compromisos\/#primaryimage\"},\"image\":{\"@id\":\"https:\/\/www.everpharma.com\/esp\/compromisos\/#primaryimage\"},\"thumbnailUrl\":\"https:\/\/www.everpharma.com\/wp-content\/uploads\/2021\/02\/ET2B1567.jpg\",\"datePublished\":\"2021-05-21T14:07:48+00:00\",\"dateModified\":\"2026-04-15T05:04:42+00:00\",\"breadcrumb\":{\"@id\":\"https:\/\/www.everpharma.com\/esp\/compromisos\/#breadcrumb\"},\"inLanguage\":\"es-ES\",\"potentialAction\":[{\"@type\":\"ReadAction\",\"target\":[\"https:\/\/www.everpharma.com\/esp\/compromisos\/\"]}]},{\"@type\":\"ImageObject\",\"inLanguage\":\"es-ES\",\"@id\":\"https:\/\/www.everpharma.com\/esp\/compromisos\/#primaryimage\",\"url\":\"https:\/\/www.everpharma.com\/wp-content\/uploads\/2021\/02\/ET2B1567.jpg\",\"contentUrl\":\"https:\/\/www.everpharma.com\/wp-content\/uploads\/2021\/02\/ET2B1567.jpg\"},{\"@type\":\"BreadcrumbList\",\"@id\":\"https:\/\/www.everpharma.com\/esp\/compromisos\/#breadcrumb\",\"itemListElement\":[{\"@type\":\"ListItem\",\"position\":1,\"name\":\"Startseite\",\"item\":\"https:\/\/www.everpharma.com\/esp\/\"},{\"@type\":\"ListItem\",\"position\":2,\"name\":\"Compromisos\"}]},{\"@type\":\"WebSite\",\"@id\":\"https:\/\/www.everpharma.com\/esp\/#website\",\"url\":\"https:\/\/www.everpharma.com\/esp\/\",\"name\":\"EVER Pharma Spain\",\"description\":\"Dedicated to Health.\",\"potentialAction\":[{\"@type\":\"SearchAction\",\"target\":{\"@type\":\"EntryPoint\",\"urlTemplate\":\"https:\/\/www.everpharma.com\/esp\/?s={search_term_string}\"},\"query-input\":{\"@type\":\"PropertyValueSpecification\",\"valueRequired\":true,\"valueName\":\"search_term_string\"}}],\"inLanguage\":\"es-ES\"}]}<\/script>\n<!-- \/ Yoast SEO plugin. -->","yoast_head_json":{"title":"Compromisos - EVER Pharma Spain","robots":{"index":"index","follow":"follow","max-snippet":"max-snippet:-1","max-image-preview":"max-image-preview:large","max-video-preview":"max-video-preview:-1"},"canonical":"https:\/\/www.everpharma.com\/esp\/compromisos\/","og_locale":"es_ES","og_type":"article","og_title":"Compromisos - EVER Pharma Spain","og_description":"Nuestra responsabilidad Trabajamos por el mayor bien de la humanidad: su salud. El bienestar del paciente es el objetivo de todo lo que hacemos. A trav\u00e9s de la innovaci\u00f3n, el enfoque y el esp\u00edritu emprendedor, llevamos al mercado soluciones terap\u00e9uticas especializadas y de valor a\u00f1adido que apoyan a los sistemas sanitarios de todo el mundo. &hellip; Continued","og_url":"https:\/\/www.everpharma.com\/esp\/compromisos\/","og_site_name":"EVER Pharma Spain","article_modified_time":"2026-04-15T05:04:42+00:00","twitter_card":"summary_large_image","twitter_misc":{"Est. reading time":"1 minute"},"schema":{"@context":"https:\/\/schema.org","@graph":[{"@type":"WebPage","@id":"https:\/\/www.everpharma.com\/esp\/compromisos\/","url":"https:\/\/www.everpharma.com\/esp\/compromisos\/","name":"Compromisos - EVER Pharma Spain","isPartOf":{"@id":"https:\/\/www.everpharma.com\/esp\/#website"},"primaryImageOfPage":{"@id":"https:\/\/www.everpharma.com\/esp\/compromisos\/#primaryimage"},"image":{"@id":"https:\/\/www.everpharma.com\/esp\/compromisos\/#primaryimage"},"thumbnailUrl":"https:\/\/www.everpharma.com\/wp-content\/uploads\/2021\/02\/ET2B1567.jpg","datePublished":"2021-05-21T14:07:48+00:00","dateModified":"2026-04-15T05:04:42+00:00","breadcrumb":{"@id":"https:\/\/www.everpharma.com\/esp\/compromisos\/#breadcrumb"},"inLanguage":"es-ES","potentialAction":[{"@type":"ReadAction","target":["https:\/\/www.everpharma.com\/esp\/compromisos\/"]}]},{"@type":"ImageObject","inLanguage":"es-ES","@id":"https:\/\/www.everpharma.com\/esp\/compromisos\/#primaryimage","url":"https:\/\/www.everpharma.com\/wp-content\/uploads\/2021\/02\/ET2B1567.jpg","contentUrl":"https:\/\/www.everpharma.com\/wp-content\/uploads\/2021\/02\/ET2B1567.jpg"},{"@type":"BreadcrumbList","@id":"https:\/\/www.everpharma.com\/esp\/compromisos\/#breadcrumb","itemListElement":[{"@type":"ListItem","position":1,"name":"Startseite","item":"https:\/\/www.everpharma.com\/esp\/"},{"@type":"ListItem","position":2,"name":"Compromisos"}]},{"@type":"WebSite","@id":"https:\/\/www.everpharma.com\/esp\/#website","url":"https:\/\/www.everpharma.com\/esp\/","name":"EVER Pharma Spain","description":"Dedicated to Health.","potentialAction":[{"@type":"SearchAction","target":{"@type":"EntryPoint","urlTemplate":"https:\/\/www.everpharma.com\/esp\/?s={search_term_string}"},"query-input":{"@type":"PropertyValueSpecification","valueRequired":true,"valueName":"search_term_string"}}],"inLanguage":"es-ES"}]}},"_links":{"self":[{"href":"https:\/\/www.everpharma.com\/esp\/wp-json\/wp\/v2\/pages\/150","targetHints":{"allow":["GET"]}}],"collection":[{"href":"https:\/\/www.everpharma.com\/esp\/wp-json\/wp\/v2\/pages"}],"about":[{"href":"https:\/\/www.everpharma.com\/esp\/wp-json\/wp\/v2\/types\/page"}],"author":[{"embeddable":true,"href":"https:\/\/www.everpharma.com\/esp\/wp-json\/wp\/v2\/users\/2"}],"replies":[{"embeddable":true,"href":"https:\/\/www.everpharma.com\/esp\/wp-json\/wp\/v2\/comments?post=150"}],"version-history":[{"count":2,"href":"https:\/\/www.everpharma.com\/esp\/wp-json\/wp\/v2\/pages\/150\/revisions"}],"predecessor-version":[{"id":573,"href":"https:\/\/www.everpharma.com\/esp\/wp-json\/wp\/v2\/pages\/150\/revisions\/573"}],"wp:attachment":[{"href":"https:\/\/www.everpharma.com\/esp\/wp-json\/wp\/v2\/media?parent=150"}],"curies":[{"name":"wp","href":"https:\/\/api.w.org\/{rel}","templated":true}]}}