{"id":333,"date":"2021-06-11T07:47:38","date_gmt":"2021-06-11T07:47:38","guid":{"rendered":"https:\/\/www.everpharma.com\/spain\/?page_id=333"},"modified":"2024-02-07T13:03:15","modified_gmt":"2024-02-07T12:03:15","slug":"our-team","status":"publish","type":"page","link":"https:\/\/www.everpharma.com\/esp\/en\/our-team\/","title":{"rendered":"Our Team"},"content":{"rendered":"\n<h1 class=\"is-style-page-title wp-block-heading\">Our Team.<\/h1>\n\n\n\n<div class=\"wp-block-columns is-layout-flex wp-container-core-columns-is-layout-9d6595d7 wp-block-columns-is-layout-flex\">\n<div class=\"wp-block-column is-vertically-aligned-top is-layout-flow wp-block-column-is-layout-flow\" style=\"flex-basis:50%\">\n<p>Thanks to our team&#8217;s many years of experience and medical-scientific expertise, we are able to offer physicians and pharmacists not only comprehensive product information and effective therapy concepts, but also solutions to problems that facilitate the use of our preparations.<\/p>\n<\/div>\n\n\n\n<div class=\"wp-block-column is-layout-flow wp-block-column-is-layout-flow\" style=\"flex-basis:50%\"><\/div>\n<\/div>\n\n\n\n<div style=\"height:10px\" aria-hidden=\"true\" class=\"wp-block-spacer\"><\/div>\n\n\n\n<hr class=\"wp-block-separator is-style-default\"\/>\n\n\n\n<div style=\"height:50px\" aria-hidden=\"true\" class=\"wp-block-spacer\"><\/div>\n\n\n\n<div class=\"wp-block-columns is-layout-flex wp-container-core-columns-is-layout-9d6595d7 wp-block-columns-is-layout-flex\">\n<div class=\"wp-block-column is-layout-flow wp-block-column-is-layout-flow\">\n<div class=\"wp-block-group is-style-card has-theme-white-color has-theme-red-background-color has-text-color has-background\"><div class=\"wp-block-group__inner-container is-layout-flow wp-block-group-is-layout-flow\">\n<h4 class=\"wp-block-heading\">Carmen Alonso<\/h4>\n\n\n\n<p><strong><em><strong><em>Head Commercial Operations<\/em><\/strong> <\/em><\/strong><\/p>\n\n\n\n<p>Calle Toledo, Num. 170, Planta 5, Puerta C<br>28005 Madrid, Spain<\/p>\n\n\n\n<p>Tel.: +43 7665 20555 152  <br>E-Mail: <a href=\"mailto:Carmen.Alonso@everpharma.com\">Carmen.Alonso@everpharma.com<\/a> <\/p>\n<\/div><\/div>\n<\/div>\n\n\n\n<div class=\"wp-block-column is-layout-flow wp-block-column-is-layout-flow\">\n<div class=\"wp-block-group is-style-card has-theme-white-color has-theme-red-dark-background-color has-text-color has-background\"><div class=\"wp-block-group__inner-container is-layout-flow wp-block-group-is-layout-flow\">\n<h4 class=\"wp-block-heading\">Leal Miguel<\/h4>\n\n\n\n<p><em><strong><em><strong>Business Operations Manager<\/strong><\/em> <\/strong><\/em><\/p>\n\n\n\n<p>Calle Toledo, Num. 170, Planta 5, Puerta C<br>28005 Madrid, Spain<\/p>\n\n\n\n<p>Tel.: +34 669 59 61 74 <br>E-Mail: <a href=\"mailto:Miguel.Leal@everpharma.com\">Miguel.Leal@everpharma.com<\/a> <\/p>\n<\/div><\/div>\n<\/div>\n<\/div>\n\n\n\n<div style=\"height:30px\" aria-hidden=\"true\" class=\"wp-block-spacer\"><\/div>\n\n\n\n<div class=\"wp-block-columns are-vertically-aligned-center is-layout-flex wp-container-core-columns-is-layout-9d6595d7 wp-block-columns-is-layout-flex\">\n<div class=\"wp-block-column is-layout-flow wp-block-column-is-layout-flow\">\n<h2 class=\"is-style-section-title wp-block-heading\">Our field team. <\/h2>\n<\/div>\n<\/div>\n\n\n\n<div class=\"wp-block-columns is-layout-flex wp-container-core-columns-is-layout-9d6595d7 wp-block-columns-is-layout-flex\">\n<div class=\"wp-block-column is-layout-flow wp-block-column-is-layout-flow\">\n<div class=\"wp-block-group is-style-card has-theme-white-color has-theme-red-background-color has-text-color has-background\"><div class=\"wp-block-group__inner-container is-layout-flow wp-block-group-is-layout-flow\">\n<h4 class=\"wp-block-heading\">Isolda Tresserras Celma<\/h4>\n\n\n\n<p><em>Regional Account Manager<\/em><\/p>\n\n\n\n<p>EVER Pharma Therapeutics Spain SL<br>Calle Toledo, Num. 170<br>Planta 5, Puerta C<br>28005 Madrid, Spain <\/p>\n\n\n\n<p>Tel.: +34 646 415 158 <br>E-Mail: <a href=\"mailto:Isolda.Tresserras@everpharma.com\">Isolda.Tresserras@everpharma.com<\/a><\/p>\n<\/div><\/div>\n<\/div>\n\n\n\n<div class=\"wp-block-column is-layout-flow wp-block-column-is-layout-flow\">\n<div class=\"wp-block-group is-style-card has-theme-white-color has-theme-red-dark-background-color has-text-color has-background\"><div class=\"wp-block-group__inner-container is-layout-flow wp-block-group-is-layout-flow\">\n<h4 class=\"wp-block-heading\">Jes\u00fas Fidalgo Jim\u00e9nez <\/h4>\n\n\n\n<p><em>R<em>egional Account Manager<\/em> <\/em><\/p>\n\n\n\n<p>EVER Pharma Therapeutics Spain SL<br>Calle Toledo, Num. 170<br>Planta 5, Puerta C<br>28005 Madrid, Spain <\/p>\n\n\n\n<p>Tel.: +34 699 427 803 <br>E-Mail: <a href=\"mailto:Jesus.Fidalgo@everpharma.com\">Jesus.Fidalgo@everpha<\/a> <\/p>\n<\/div><\/div>\n<\/div>\n\n\n\n<div class=\"wp-block-column is-layout-flow wp-block-column-is-layout-flow\">\n<div class=\"wp-block-group is-style-card has-theme-white-color has-theme-red-darker-background-color has-text-color has-background\"><div class=\"wp-block-group__inner-container is-layout-flow wp-block-group-is-layout-flow\">\n<h4 class=\"wp-block-heading\">Jose Mar\u00eda Moreno P\u00e9rez<\/h4>\n\n\n\n<p><em><em>Regional Account Manager<\/em> <\/em><\/p>\n\n\n\n<p>EVER Pharma Therapeutics Spain SL<br>Calle Toledo, Num. 170<br>Planta 5, Puerta C<br>28005 Madrid, Spain <\/p>\n\n\n\n<p>Tel.: +34 691 247 481  <br>E-Mail: <a href=\"mailto:JoseMaria.Moreno@everpharma.com\">JoseMaria.Moreno@everpharma.com<\/a><\/p>\n<\/div><\/div>\n<\/div>\n<\/div>\n\n\n\n<div class=\"wp-block-columns is-layout-flex wp-container-core-columns-is-layout-9d6595d7 wp-block-columns-is-layout-flex\">\n<div class=\"wp-block-column is-layout-flow wp-block-column-is-layout-flow\">\n<div class=\"wp-block-group is-style-card has-theme-white-color has-theme-red-background-color has-text-color has-background\"><div class=\"wp-block-group__inner-container is-layout-flow wp-block-group-is-layout-flow\">\n<h4 class=\"wp-block-heading\">Mar\u00eda Dolores S\u00e1nchez L\u00e1zaro <\/h4>\n\n\n\n<p><em>Regional Account Manager<\/em><\/p>\n\n\n\n<p>EVER Pharma Therapeutics Spain SL<br>Calle Toledo, Num. 170<br>Planta 5, Puerta C<br>28005 Madrid, Spain <\/p>\n\n\n\n<p>Tel.: +34 699 150 748  <br>E-Mail: <a href=\"mailto:MariaDolores.Sanchez@everpharma.com\">MariaDolores.Sanchez@everpharma.com<\/a> <\/p>\n<\/div><\/div>\n<\/div>\n\n\n\n<div class=\"wp-block-column is-layout-flow wp-block-column-is-layout-flow\"><\/div>\n\n\n\n<div class=\"wp-block-column is-layout-flow wp-block-column-is-layout-flow\"><\/div>\n<\/div>\n\n\n\n<div style=\"height:100px\" aria-hidden=\"true\" class=\"wp-block-spacer\"><\/div>\n","protected":false},"excerpt":{"rendered":"<p>Our Team. Thanks to our team&#8217;s many years of experience and medical-scientific expertise, we are able to offer physicians and pharmacists not only comprehensive product information and effective therapy concepts, but also solutions to problems that facilitate the use of our preparations. Carmen Alonso Head Commercial Operations Calle Toledo, Num. 170, Planta 5, Puerta C28005 &hellip; <a href=\"https:\/\/www.everpharma.com\/esp\/en\/our-team\/\">Continued<\/a><\/p>\n","protected":false},"author":2,"featured_media":0,"parent":0,"menu_order":8,"comment_status":"closed","ping_status":"closed","template":"","meta":{"footnotes":""},"class_list":["post-333","page","type-page","status-publish","hentry"],"yoast_head":"<!-- This site is optimized with the Yoast SEO plugin v27.5 - https:\/\/yoast.com\/product\/yoast-seo-wordpress\/ -->\n<title>Our Team - EVER Pharma Spain<\/title>\n<meta name=\"robots\" content=\"index, follow, max-snippet:-1, max-image-preview:large, max-video-preview:-1\" \/>\n<link rel=\"canonical\" href=\"https:\/\/www.everpharma.com\/esp\/en\/our-team\/\" \/>\n<meta property=\"og:locale\" content=\"en_US\" \/>\n<meta property=\"og:type\" content=\"article\" \/>\n<meta property=\"og:title\" content=\"Our Team - EVER Pharma Spain\" \/>\n<meta property=\"og:description\" content=\"Our Team. Thanks to our team&#8217;s many years of experience and medical-scientific expertise, we are able to offer physicians and pharmacists not only comprehensive product information and effective therapy concepts, but also solutions to problems that facilitate the use of our preparations. Carmen Alonso Head Commercial Operations Calle Toledo, Num. 170, Planta 5, Puerta C28005 &hellip; Continued\" \/>\n<meta property=\"og:url\" content=\"https:\/\/www.everpharma.com\/esp\/en\/our-team\/\" \/>\n<meta property=\"og:site_name\" content=\"EVER Pharma Spain\" \/>\n<meta property=\"article:modified_time\" content=\"2024-02-07T12:03:15+00:00\" \/>\n<meta name=\"twitter:card\" content=\"summary_large_image\" \/>\n<meta name=\"twitter:label1\" content=\"Est. reading time\" \/>\n\t<meta name=\"twitter:data1\" content=\"1 minute\" \/>\n<script type=\"application\/ld+json\" class=\"yoast-schema-graph\">{\"@context\":\"https:\\\/\\\/schema.org\",\"@graph\":[{\"@type\":\"WebPage\",\"@id\":\"https:\\\/\\\/www.everpharma.com\\\/esp\\\/en\\\/our-team\\\/\",\"url\":\"https:\\\/\\\/www.everpharma.com\\\/esp\\\/en\\\/our-team\\\/\",\"name\":\"Our Team - EVER Pharma Spain\",\"isPartOf\":{\"@id\":\"https:\\\/\\\/www.everpharma.com\\\/esp\\\/en\\\/#website\"},\"datePublished\":\"2021-06-11T07:47:38+00:00\",\"dateModified\":\"2024-02-07T12:03:15+00:00\",\"breadcrumb\":{\"@id\":\"https:\\\/\\\/www.everpharma.com\\\/esp\\\/en\\\/our-team\\\/#breadcrumb\"},\"inLanguage\":\"en-US\",\"potentialAction\":[{\"@type\":\"ReadAction\",\"target\":[\"https:\\\/\\\/www.everpharma.com\\\/esp\\\/en\\\/our-team\\\/\"]}]},{\"@type\":\"BreadcrumbList\",\"@id\":\"https:\\\/\\\/www.everpharma.com\\\/esp\\\/en\\\/our-team\\\/#breadcrumb\",\"itemListElement\":[{\"@type\":\"ListItem\",\"position\":1,\"name\":\"Startseite\",\"item\":\"https:\\\/\\\/www.everpharma.com\\\/esp\\\/en\\\/\"},{\"@type\":\"ListItem\",\"position\":2,\"name\":\"Our Team\"}]},{\"@type\":\"WebSite\",\"@id\":\"https:\\\/\\\/www.everpharma.com\\\/esp\\\/en\\\/#website\",\"url\":\"https:\\\/\\\/www.everpharma.com\\\/esp\\\/en\\\/\",\"name\":\"EVER Pharma Spain\",\"description\":\"Dedicated to Health.\",\"potentialAction\":[{\"@type\":\"SearchAction\",\"target\":{\"@type\":\"EntryPoint\",\"urlTemplate\":\"https:\\\/\\\/www.everpharma.com\\\/esp\\\/en\\\/?s={search_term_string}\"},\"query-input\":{\"@type\":\"PropertyValueSpecification\",\"valueRequired\":true,\"valueName\":\"search_term_string\"}}],\"inLanguage\":\"en-US\"}]}<\/script>\n<!-- \/ Yoast SEO plugin. -->","yoast_head_json":{"title":"Our Team - EVER Pharma Spain","robots":{"index":"index","follow":"follow","max-snippet":"max-snippet:-1","max-image-preview":"max-image-preview:large","max-video-preview":"max-video-preview:-1"},"canonical":"https:\/\/www.everpharma.com\/esp\/en\/our-team\/","og_locale":"en_US","og_type":"article","og_title":"Our Team - EVER Pharma Spain","og_description":"Our Team. Thanks to our team&#8217;s many years of experience and medical-scientific expertise, we are able to offer physicians and pharmacists not only comprehensive product information and effective therapy concepts, but also solutions to problems that facilitate the use of our preparations. Carmen Alonso Head Commercial Operations Calle Toledo, Num. 170, Planta 5, Puerta C28005 &hellip; Continued","og_url":"https:\/\/www.everpharma.com\/esp\/en\/our-team\/","og_site_name":"EVER Pharma Spain","article_modified_time":"2024-02-07T12:03:15+00:00","twitter_card":"summary_large_image","twitter_misc":{"Est. reading time":"1 minute"},"schema":{"@context":"https:\/\/schema.org","@graph":[{"@type":"WebPage","@id":"https:\/\/www.everpharma.com\/esp\/en\/our-team\/","url":"https:\/\/www.everpharma.com\/esp\/en\/our-team\/","name":"Our Team - EVER Pharma Spain","isPartOf":{"@id":"https:\/\/www.everpharma.com\/esp\/en\/#website"},"datePublished":"2021-06-11T07:47:38+00:00","dateModified":"2024-02-07T12:03:15+00:00","breadcrumb":{"@id":"https:\/\/www.everpharma.com\/esp\/en\/our-team\/#breadcrumb"},"inLanguage":"en-US","potentialAction":[{"@type":"ReadAction","target":["https:\/\/www.everpharma.com\/esp\/en\/our-team\/"]}]},{"@type":"BreadcrumbList","@id":"https:\/\/www.everpharma.com\/esp\/en\/our-team\/#breadcrumb","itemListElement":[{"@type":"ListItem","position":1,"name":"Startseite","item":"https:\/\/www.everpharma.com\/esp\/en\/"},{"@type":"ListItem","position":2,"name":"Our Team"}]},{"@type":"WebSite","@id":"https:\/\/www.everpharma.com\/esp\/en\/#website","url":"https:\/\/www.everpharma.com\/esp\/en\/","name":"EVER Pharma Spain","description":"Dedicated to Health.","potentialAction":[{"@type":"SearchAction","target":{"@type":"EntryPoint","urlTemplate":"https:\/\/www.everpharma.com\/esp\/en\/?s={search_term_string}"},"query-input":{"@type":"PropertyValueSpecification","valueRequired":true,"valueName":"search_term_string"}}],"inLanguage":"en-US"}]}},"_links":{"self":[{"href":"https:\/\/www.everpharma.com\/esp\/en\/wp-json\/wp\/v2\/pages\/333","targetHints":{"allow":["GET"]}}],"collection":[{"href":"https:\/\/www.everpharma.com\/esp\/en\/wp-json\/wp\/v2\/pages"}],"about":[{"href":"https:\/\/www.everpharma.com\/esp\/en\/wp-json\/wp\/v2\/types\/page"}],"author":[{"embeddable":true,"href":"https:\/\/www.everpharma.com\/esp\/en\/wp-json\/wp\/v2\/users\/2"}],"replies":[{"embeddable":true,"href":"https:\/\/www.everpharma.com\/esp\/en\/wp-json\/wp\/v2\/comments?post=333"}],"version-history":[{"count":14,"href":"https:\/\/www.everpharma.com\/esp\/en\/wp-json\/wp\/v2\/pages\/333\/revisions"}],"predecessor-version":[{"id":539,"href":"https:\/\/www.everpharma.com\/esp\/en\/wp-json\/wp\/v2\/pages\/333\/revisions\/539"}],"wp:attachment":[{"href":"https:\/\/www.everpharma.com\/esp\/en\/wp-json\/wp\/v2\/media?parent=333"}],"curies":[{"name":"wp","href":"https:\/\/api.w.org\/{rel}","templated":true}]}}