{"id":4081,"date":"2024-01-16T13:16:32","date_gmt":"2024-01-16T13:16:32","guid":{"rendered":"https:\/\/www.everpharma.com\/?post_type=product&#038;p=4081"},"modified":"2025-10-13T12:50:35","modified_gmt":"2025-10-13T12:50:35","slug":"testosterone-undecanoate","status":"publish","type":"product","link":"https:\/\/www.everpharma.com\/de\/produkte\/testosterone-undecanoate\/","title":{"rendered":"Testosterone Undecanoat"},"content":{"rendered":"\n<div class=\"wp-block-group meta\"><div class=\"wp-block-group__inner-container is-layout-flow wp-block-group-is-layout-flow\">\n<div class=\"wp-block-columns is-layout-flex wp-container-core-columns-is-layout-9d6595d7 wp-block-columns-is-layout-flex\">\n<div class=\"wp-block-column is-layout-flow wp-block-column-is-layout-flow\">\n<figure class=\"wp-block-table\"><table><tbody><tr><td><strong>Darreichungsform<\/strong><\/td><td>Injektionsl\u00f6sung<\/td><\/tr><tr><td><strong>Wirkst\u00e4rke<\/strong><\/td><td>250 mg<\/td><\/tr><tr><td><strong><strong>St\u00e4rke pro Einheit<\/strong><\/strong><\/td><td>1000 mg\/4 ml<\/td><\/tr><tr><td><strong>ATC Code <\/strong><\/td><td>G03BA03<\/td><\/tr><tr><td><strong>Wirkstoffklasse<\/strong><\/td><td>Androgene<\/td><\/tr><tr><td><strong>Indikation<\/strong><\/td><td>Testosteronersatz bei m\u00e4nnlichem Hypogonadismus, wenn der Testosteronmangel klinisch und biochemisch best\u00e4tigt wurde<\/td><\/tr><\/tbody><\/table><\/figure>\n<\/div>\n<\/div>\n<\/div><\/div>\n\n\n\n<figure class=\"wp-block-gallery has-nested-images columns-default is-cropped wp-block-gallery-1 is-layout-flex wp-block-gallery-is-layout-flex\">\n<figure class=\"wp-block-image size-large\"><img loading=\"lazy\" decoding=\"async\" width=\"1024\" height=\"1024\" data-id=\"4077\" src=\"https:\/\/www.everpharma.com\/wp-content\/uploads\/2024\/03\/FB_TUD_1Ax4ml_UK_Marketing_front-1024x1024.png\" alt=\"\" class=\"wp-image-4077\" srcset=\"https:\/\/www.everpharma.com\/wp-content\/uploads\/2024\/03\/FB_TUD_1Ax4ml_UK_Marketing_front-1024x1024.png 1024w, https:\/\/www.everpharma.com\/wp-content\/uploads\/2024\/03\/FB_TUD_1Ax4ml_UK_Marketing_front-300x300.png 300w, https:\/\/www.everpharma.com\/wp-content\/uploads\/2024\/03\/FB_TUD_1Ax4ml_UK_Marketing_front-150x150.png 150w, https:\/\/www.everpharma.com\/wp-content\/uploads\/2024\/03\/FB_TUD_1Ax4ml_UK_Marketing_front-768x768.png 768w, https:\/\/www.everpharma.com\/wp-content\/uploads\/2024\/03\/FB_TUD_1Ax4ml_UK_Marketing_front-1536x1536.png 1536w, https:\/\/www.everpharma.com\/wp-content\/uploads\/2024\/03\/FB_TUD_1Ax4ml_UK_Marketing_front-2048x2048.png 2048w\" sizes=\"auto, (max-width: 1024px) 100vw, 1024px\" \/><\/figure>\n\n\n\n<figure class=\"wp-block-image size-large\"><img loading=\"lazy\" decoding=\"async\" width=\"1024\" height=\"1024\" data-id=\"4079\" src=\"https:\/\/www.everpharma.com\/wp-content\/uploads\/2024\/03\/FB_TUD_1Vx4ml_UK_Marketing_front-1024x1024.png\" alt=\"\" class=\"wp-image-4079\" srcset=\"https:\/\/www.everpharma.com\/wp-content\/uploads\/2024\/03\/FB_TUD_1Vx4ml_UK_Marketing_front-1024x1024.png 1024w, https:\/\/www.everpharma.com\/wp-content\/uploads\/2024\/03\/FB_TUD_1Vx4ml_UK_Marketing_front-300x300.png 300w, https:\/\/www.everpharma.com\/wp-content\/uploads\/2024\/03\/FB_TUD_1Vx4ml_UK_Marketing_front-150x150.png 150w, https:\/\/www.everpharma.com\/wp-content\/uploads\/2024\/03\/FB_TUD_1Vx4ml_UK_Marketing_front-768x768.png 768w, https:\/\/www.everpharma.com\/wp-content\/uploads\/2024\/03\/FB_TUD_1Vx4ml_UK_Marketing_front-1536x1536.png 1536w, https:\/\/www.everpharma.com\/wp-content\/uploads\/2024\/03\/FB_TUD_1Vx4ml_UK_Marketing_front-2048x2048.png 2048w\" sizes=\"auto, (max-width: 1024px) 100vw, 1024px\" \/><\/figure>\n<\/figure>\n\n\n\n<div style=\"height:50px\" aria-hidden=\"true\" class=\"wp-block-spacer\"><\/div>\n\n\n\n<p class=\"has-base-font-size\">Nachstehend k\u00f6nnen Sie zus\u00e4tzliches Material zur Risikominimierung f\u00fcr Testosteron Undecanoat EVER Pharma ansehen und herunterladen. Papierversionen k\u00f6nnen per E-Mail angefordert werden <a href=\"mailto:office@everpharma.com\"><mark class=\"has-inline-color has-theme-red-color\">office@everpharma.com<\/mark><\/a>.<\/p>\n\n\n\n<div class=\"wp-block-columns is-layout-flex wp-container-core-columns-is-layout-9d6595d7 wp-block-columns-is-layout-flex\">\n<div class=\"wp-block-column is-layout-flow wp-block-column-is-layout-flow\">\n<div class=\"wp-block-buttons is-layout-flex wp-block-buttons-is-layout-flex\">\n<div class=\"wp-block-button has-custom-width wp-block-button__width-100\"><a class=\"wp-block-button__link wp-element-button\" href=\"https:\/\/www.everpharma.com\/wp-content\/uploads\/2024\/02\/RVG130960_RMM-testosteronundecanoaat_Version-1.0_Final-1.pdf\" target=\"_blank\" rel=\"noreferrer noopener\">Risico minimalisatie materiaal (NL)<\/a><\/div>\n<\/div>\n\n\n\n<div class=\"wp-block-buttons is-layout-flex wp-block-buttons-is-layout-flex\">\n<div class=\"wp-block-button has-custom-width wp-block-button__width-100\"><a class=\"wp-block-button__link wp-element-button\" href=\"https:\/\/www.everpharma.com\/wp-content\/uploads\/2024\/06\/Testosteron-EVER-Pharma_Educational-Material_PL_2024.06.14-approved.pdf\">Wa\u017cna informacja dotycz\u0105ca bezpiecze\u0144stwa (PL)<\/a><\/div>\n<\/div>\n\n\n\n<div class=\"wp-block-buttons is-layout-flex wp-block-buttons-is-layout-flex\">\n<div class=\"wp-block-button has-custom-width wp-block-button__width-100\"><a class=\"wp-block-button__link wp-element-button\" href=\"https:\/\/www.everpharma.com\/wp-content\/uploads\/2024\/11\/142130_Testosteronundecanoat_EVER-Pharma_educational-material.pdf\" target=\"_blank\" rel=\"noreferrer noopener\">Educational Material (AT)<\/a><\/div>\n<\/div>\n\n\n\n<div class=\"wp-block-buttons is-layout-flex wp-block-buttons-is-layout-flex\">\n<div class=\"wp-block-button has-custom-width wp-block-button__width-100\"><a class=\"wp-block-button__link wp-element-button\" href=\"https:\/\/www.everpharma.com\/wp-content\/uploads\/2025\/10\/Testosteron-undekanoat_Sprievodca-k-bezpecnemu-uzivaniu-lieku_approved.pdf\" target=\"_blank\" rel=\"noreferrer noopener\">Educational Material (SK)<\/a><\/div>\n<\/div>\n<\/div>\n\n\n\n<div class=\"wp-block-column is-layout-flow wp-block-column-is-layout-flow\">\n<div class=\"wp-block-buttons is-layout-flex wp-block-buttons-is-layout-flex\">\n<div class=\"wp-block-button has-custom-width wp-block-button__width-100\"><a class=\"wp-block-button__link wp-element-button\" href=\"https:\/\/www.everpharma.com\/wp-content\/uploads\/2024\/05\/Testosteron-EVER-Pharma_Informatii-importante-privind-siguranta_RO.pdf\" target=\"_blank\" rel=\"noreferrer noopener\">Informa\u021bii importante privind siguran\u021ba (RO)<\/a><\/div>\n<\/div>\n\n\n\n<div class=\"wp-block-buttons is-layout-flex wp-block-buttons-is-layout-flex\">\n<div class=\"wp-block-button has-custom-width wp-block-button__width-100\"><a class=\"wp-block-button__link wp-element-button\" href=\"https:\/\/www.everpharma.com\/wp-content\/uploads\/2024\/07\/Educational-Material_EVER-Pharma_PL-466540014-0001_approved.pdf\" target=\"_blank\" rel=\"noreferrer noopener\">Educational Material (UK)<\/a><\/div>\n<\/div>\n\n\n\n<div class=\"wp-block-buttons is-layout-flex wp-block-buttons-is-layout-flex\">\n<div class=\"wp-block-button has-custom-width wp-block-button__width-100\"><a class=\"wp-block-button__link wp-element-button\" href=\"https:\/\/www.everpharma.com\/wp-content\/uploads\/2025\/03\/Pokyny-pro-podavani-Testosteron-undekanoat-EVER-Pharma-1000-mg-4-ml-injekcni-roztok-CZ-translation_Approved-by-SUKL.pdf\">Educational Material (CZ)<\/a><\/div>\n<\/div>\n<\/div>\n<\/div>\n\n\n\n<div style=\"height:50px\" aria-hidden=\"true\" class=\"wp-block-spacer\"><\/div>\n\n\n\n<p class=\"has-base-font-size\"><em>Testosterone Undecanoat EVER Pharma ist ein verschreibungspflichtiges Medikament. Informationen nur f\u00fcr medizinisches Fachpersonal.<\/em><br><em>Vollst\u00e4ndige Informationen \u00fcber das Medikament finden Sie in der Fachinformation.<\/em><\/p>\n\n\n\n<div style=\"height:100px\" aria-hidden=\"true\" class=\"wp-block-spacer\"><\/div>\n\n\n\n<p><\/p>\n","protected":false},"excerpt":{"rendered":"<p>Darreichungsform Injektionsl\u00f6sung Wirkst\u00e4rke 250 mg St\u00e4rke pro Einheit 1000 mg\/4 ml ATC Code G03BA03 Wirkstoffklasse Androgene Indikation Testosteronersatz bei m\u00e4nnlichem Hypogonadismus, wenn der Testosteronmangel klinisch und biochemisch best\u00e4tigt wurde Nachstehend k\u00f6nnen Sie zus\u00e4tzliches Material zur Risikominimierung f\u00fcr Testosteron Undecanoat EVER Pharma ansehen und herunterladen. Papierversionen k\u00f6nnen per E-Mail angefordert werden office@everpharma.com. Testosterone Undecanoat EVER Pharma &hellip; <a href=\"https:\/\/www.everpharma.com\/de\/produkte\/testosterone-undecanoate\/\">Weiterlesen<\/a><\/p>\n","protected":false},"featured_media":0,"template":"","class_list":["post-4081","product","type-product","status-publish","hentry"],"yoast_head":"<!-- This site is optimized with the Yoast SEO plugin v27.0 - https:\/\/yoast.com\/product\/yoast-seo-wordpress\/ -->\n<title>Testosterone Undecanoat - EVER Pharma<\/title>\n<meta name=\"robots\" content=\"index, follow, max-snippet:-1, max-image-preview:large, max-video-preview:-1\" \/>\n<link rel=\"canonical\" href=\"https:\/\/www.everpharma.com\/de\/produkte\/testosterone-undecanoate\/\" \/>\n<meta property=\"og:locale\" content=\"de_DE\" \/>\n<meta property=\"og:type\" content=\"article\" \/>\n<meta property=\"og:title\" content=\"Testosterone Undecanoat - EVER Pharma\" \/>\n<meta property=\"og:description\" content=\"Darreichungsform Injektionsl\u00f6sung Wirkst\u00e4rke 250 mg St\u00e4rke pro Einheit 1000 mg\/4 ml ATC Code G03BA03 Wirkstoffklasse Androgene Indikation Testosteronersatz bei m\u00e4nnlichem Hypogonadismus, wenn der Testosteronmangel klinisch und biochemisch best\u00e4tigt wurde Nachstehend k\u00f6nnen Sie zus\u00e4tzliches Material zur Risikominimierung f\u00fcr Testosteron Undecanoat EVER Pharma ansehen und herunterladen. Papierversionen k\u00f6nnen per E-Mail angefordert werden office@everpharma.com. Testosterone Undecanoat EVER Pharma &hellip; Weiterlesen\" \/>\n<meta property=\"og:url\" content=\"https:\/\/www.everpharma.com\/de\/produkte\/testosterone-undecanoate\/\" \/>\n<meta property=\"og:site_name\" content=\"EVER Pharma\" \/>\n<meta property=\"article:modified_time\" content=\"2025-10-13T12:50:35+00:00\" \/>\n<meta property=\"og:image\" content=\"https:\/\/www.everpharma.com\/wp-content\/uploads\/2024\/03\/FB_TUD_1Ax4ml_UK_Marketing_front.png\" \/>\n\t<meta property=\"og:image:width\" content=\"2953\" \/>\n\t<meta property=\"og:image:height\" content=\"2953\" \/>\n\t<meta property=\"og:image:type\" content=\"image\/png\" \/>\n<meta name=\"twitter:card\" content=\"summary_large_image\" \/>\n<meta name=\"twitter:label1\" content=\"Gesch\u00e4tzte Lesezeit\" \/>\n\t<meta name=\"twitter:data1\" content=\"1\u00a0Minute\" \/>\n<script type=\"application\/ld+json\" class=\"yoast-schema-graph\">{\"@context\":\"https:\/\/schema.org\",\"@graph\":[{\"@type\":\"WebPage\",\"@id\":\"https:\/\/www.everpharma.com\/de\/produkte\/testosterone-undecanoate\/\",\"url\":\"https:\/\/www.everpharma.com\/de\/produkte\/testosterone-undecanoate\/\",\"name\":\"Testosterone Undecanoat - EVER Pharma\",\"isPartOf\":{\"@id\":\"https:\/\/www.everpharma.com\/de\/#website\"},\"primaryImageOfPage\":{\"@id\":\"https:\/\/www.everpharma.com\/de\/produkte\/testosterone-undecanoate\/#primaryimage\"},\"image\":{\"@id\":\"https:\/\/www.everpharma.com\/de\/produkte\/testosterone-undecanoate\/#primaryimage\"},\"thumbnailUrl\":\"https:\/\/www.everpharma.com\/wp-content\/uploads\/2024\/03\/FB_TUD_1Ax4ml_UK_Marketing_front-1024x1024.png\",\"datePublished\":\"2024-01-16T13:16:32+00:00\",\"dateModified\":\"2025-10-13T12:50:35+00:00\",\"breadcrumb\":{\"@id\":\"https:\/\/www.everpharma.com\/de\/produkte\/testosterone-undecanoate\/#breadcrumb\"},\"inLanguage\":\"de\",\"potentialAction\":[{\"@type\":\"ReadAction\",\"target\":[\"https:\/\/www.everpharma.com\/de\/produkte\/testosterone-undecanoate\/\"]}]},{\"@type\":\"ImageObject\",\"inLanguage\":\"de\",\"@id\":\"https:\/\/www.everpharma.com\/de\/produkte\/testosterone-undecanoate\/#primaryimage\",\"url\":\"https:\/\/www.everpharma.com\/wp-content\/uploads\/2024\/03\/FB_TUD_1Ax4ml_UK_Marketing_front-1024x1024.png\",\"contentUrl\":\"https:\/\/www.everpharma.com\/wp-content\/uploads\/2024\/03\/FB_TUD_1Ax4ml_UK_Marketing_front-1024x1024.png\"},{\"@type\":\"BreadcrumbList\",\"@id\":\"https:\/\/www.everpharma.com\/de\/produkte\/testosterone-undecanoate\/#breadcrumb\",\"itemListElement\":[{\"@type\":\"ListItem\",\"position\":1,\"name\":\"Startseite\",\"item\":\"https:\/\/www.everpharma.com\/de\/\"},{\"@type\":\"ListItem\",\"position\":2,\"name\":\"Products\",\"item\":\"https:\/\/www.everpharma.com\/de\/produkte\/\"},{\"@type\":\"ListItem\",\"position\":3,\"name\":\"Testosterone Undecanoat\"}]},{\"@type\":\"WebSite\",\"@id\":\"https:\/\/www.everpharma.com\/de\/#website\",\"url\":\"https:\/\/www.everpharma.com\/de\/\",\"name\":\"EVER Pharma\",\"description\":\"Dedicated to health.\",\"publisher\":{\"@id\":\"https:\/\/www.everpharma.com\/de\/#organization\"},\"potentialAction\":[{\"@type\":\"SearchAction\",\"target\":{\"@type\":\"EntryPoint\",\"urlTemplate\":\"https:\/\/www.everpharma.com\/de\/?s={search_term_string}\"},\"query-input\":{\"@type\":\"PropertyValueSpecification\",\"valueRequired\":true,\"valueName\":\"search_term_string\"}}],\"inLanguage\":\"de\"},{\"@type\":\"Organization\",\"@id\":\"https:\/\/www.everpharma.com\/de\/#organization\",\"name\":\"EVER Pharma\",\"url\":\"https:\/\/www.everpharma.com\/de\/\",\"logo\":{\"@type\":\"ImageObject\",\"inLanguage\":\"de\",\"@id\":\"https:\/\/www.everpharma.com\/de\/#\/schema\/logo\/image\/\",\"url\":\"https:\/\/www.everpharma.com\/wp-content\/uploads\/2022\/07\/ever-pharma-logo.png\",\"contentUrl\":\"https:\/\/www.everpharma.com\/wp-content\/uploads\/2022\/07\/ever-pharma-logo.png\",\"width\":240,\"height\":67,\"caption\":\"EVER Pharma\"},\"image\":{\"@id\":\"https:\/\/www.everpharma.com\/de\/#\/schema\/logo\/image\/\"}}]}<\/script>\n<!-- \/ Yoast SEO plugin. -->","yoast_head_json":{"title":"Testosterone Undecanoat - EVER Pharma","robots":{"index":"index","follow":"follow","max-snippet":"max-snippet:-1","max-image-preview":"max-image-preview:large","max-video-preview":"max-video-preview:-1"},"canonical":"https:\/\/www.everpharma.com\/de\/produkte\/testosterone-undecanoate\/","og_locale":"de_DE","og_type":"article","og_title":"Testosterone Undecanoat - EVER Pharma","og_description":"Darreichungsform Injektionsl\u00f6sung Wirkst\u00e4rke 250 mg St\u00e4rke pro Einheit 1000 mg\/4 ml ATC Code G03BA03 Wirkstoffklasse Androgene Indikation Testosteronersatz bei m\u00e4nnlichem Hypogonadismus, wenn der Testosteronmangel klinisch und biochemisch best\u00e4tigt wurde Nachstehend k\u00f6nnen Sie zus\u00e4tzliches Material zur Risikominimierung f\u00fcr Testosteron Undecanoat EVER Pharma ansehen und herunterladen. Papierversionen k\u00f6nnen per E-Mail angefordert werden office@everpharma.com. Testosterone Undecanoat EVER Pharma &hellip; Weiterlesen","og_url":"https:\/\/www.everpharma.com\/de\/produkte\/testosterone-undecanoate\/","og_site_name":"EVER Pharma","article_modified_time":"2025-10-13T12:50:35+00:00","og_image":[{"width":2953,"height":2953,"url":"https:\/\/www.everpharma.com\/wp-content\/uploads\/2024\/03\/FB_TUD_1Ax4ml_UK_Marketing_front.png","type":"image\/png"}],"twitter_card":"summary_large_image","twitter_misc":{"Gesch\u00e4tzte Lesezeit":"1\u00a0Minute"},"schema":{"@context":"https:\/\/schema.org","@graph":[{"@type":"WebPage","@id":"https:\/\/www.everpharma.com\/de\/produkte\/testosterone-undecanoate\/","url":"https:\/\/www.everpharma.com\/de\/produkte\/testosterone-undecanoate\/","name":"Testosterone Undecanoat - EVER Pharma","isPartOf":{"@id":"https:\/\/www.everpharma.com\/de\/#website"},"primaryImageOfPage":{"@id":"https:\/\/www.everpharma.com\/de\/produkte\/testosterone-undecanoate\/#primaryimage"},"image":{"@id":"https:\/\/www.everpharma.com\/de\/produkte\/testosterone-undecanoate\/#primaryimage"},"thumbnailUrl":"https:\/\/www.everpharma.com\/wp-content\/uploads\/2024\/03\/FB_TUD_1Ax4ml_UK_Marketing_front-1024x1024.png","datePublished":"2024-01-16T13:16:32+00:00","dateModified":"2025-10-13T12:50:35+00:00","breadcrumb":{"@id":"https:\/\/www.everpharma.com\/de\/produkte\/testosterone-undecanoate\/#breadcrumb"},"inLanguage":"de","potentialAction":[{"@type":"ReadAction","target":["https:\/\/www.everpharma.com\/de\/produkte\/testosterone-undecanoate\/"]}]},{"@type":"ImageObject","inLanguage":"de","@id":"https:\/\/www.everpharma.com\/de\/produkte\/testosterone-undecanoate\/#primaryimage","url":"https:\/\/www.everpharma.com\/wp-content\/uploads\/2024\/03\/FB_TUD_1Ax4ml_UK_Marketing_front-1024x1024.png","contentUrl":"https:\/\/www.everpharma.com\/wp-content\/uploads\/2024\/03\/FB_TUD_1Ax4ml_UK_Marketing_front-1024x1024.png"},{"@type":"BreadcrumbList","@id":"https:\/\/www.everpharma.com\/de\/produkte\/testosterone-undecanoate\/#breadcrumb","itemListElement":[{"@type":"ListItem","position":1,"name":"Startseite","item":"https:\/\/www.everpharma.com\/de\/"},{"@type":"ListItem","position":2,"name":"Products","item":"https:\/\/www.everpharma.com\/de\/produkte\/"},{"@type":"ListItem","position":3,"name":"Testosterone Undecanoat"}]},{"@type":"WebSite","@id":"https:\/\/www.everpharma.com\/de\/#website","url":"https:\/\/www.everpharma.com\/de\/","name":"EVER Pharma","description":"Dedicated to health.","publisher":{"@id":"https:\/\/www.everpharma.com\/de\/#organization"},"potentialAction":[{"@type":"SearchAction","target":{"@type":"EntryPoint","urlTemplate":"https:\/\/www.everpharma.com\/de\/?s={search_term_string}"},"query-input":{"@type":"PropertyValueSpecification","valueRequired":true,"valueName":"search_term_string"}}],"inLanguage":"de"},{"@type":"Organization","@id":"https:\/\/www.everpharma.com\/de\/#organization","name":"EVER Pharma","url":"https:\/\/www.everpharma.com\/de\/","logo":{"@type":"ImageObject","inLanguage":"de","@id":"https:\/\/www.everpharma.com\/de\/#\/schema\/logo\/image\/","url":"https:\/\/www.everpharma.com\/wp-content\/uploads\/2022\/07\/ever-pharma-logo.png","contentUrl":"https:\/\/www.everpharma.com\/wp-content\/uploads\/2022\/07\/ever-pharma-logo.png","width":240,"height":67,"caption":"EVER Pharma"},"image":{"@id":"https:\/\/www.everpharma.com\/de\/#\/schema\/logo\/image\/"}}]}},"acf":[],"_links":{"self":[{"href":"https:\/\/www.everpharma.com\/de\/wp-json\/wp\/v2\/product\/4081","targetHints":{"allow":["GET"]}}],"collection":[{"href":"https:\/\/www.everpharma.com\/de\/wp-json\/wp\/v2\/product"}],"about":[{"href":"https:\/\/www.everpharma.com\/de\/wp-json\/wp\/v2\/types\/product"}],"wp:attachment":[{"href":"https:\/\/www.everpharma.com\/de\/wp-json\/wp\/v2\/media?parent=4081"}],"curies":[{"name":"wp","href":"https:\/\/api.w.org\/{rel}","templated":true}]}}