{"id":403,"date":"2021-03-30T14:08:07","date_gmt":"2021-03-30T14:08:07","guid":{"rendered":"https:\/\/www.everpharma.com\/portfolio\/terlipressin-ever-pharma\/"},"modified":"2023-01-20T03:21:44","modified_gmt":"2023-01-20T03:21:44","slug":"terlipressin-ever-pharma","status":"publish","type":"product","link":"https:\/\/www.everpharma.com\/de\/produkte\/terlipressin-ever-pharma\/","title":{"rendered":"Terlipressin"},"content":{"rendered":"\n<div class=\"wp-block-group meta\"><div class=\"wp-block-group__inner-container is-layout-flow wp-block-group-is-layout-flow\">\n<div class=\"wp-block-group meta\"><div class=\"wp-block-group__inner-container is-layout-flow wp-block-group-is-layout-flow\">\n<div class=\"wp-block-columns is-layout-flex wp-container-core-columns-is-layout-9d6595d7 wp-block-columns-is-layout-flex\">\n<div class=\"wp-block-column is-layout-flow wp-block-column-is-layout-flow\">\n<figure class=\"wp-block-table\"><table><tbody><tr><td><strong>Darreichungsform<\/strong><\/td><td>Injektionsl\u00f6sung<\/td><\/tr><tr><td><strong>Wirkst\u00e4rke<\/strong><\/td><td>0.2 mg\/ml<\/td><\/tr><tr><td><strong><strong>St\u00e4rke pro Einheit<\/strong><\/strong><\/td><td>1 mg\/5 ml, 2 mg\/10 ml<\/td><\/tr><tr><td><strong>ATC Code <\/strong><\/td><td>H01BA04<\/td><\/tr><tr><td><strong>Wirkstoffklasse<\/strong><\/td><td>Systemische Hormonpr\u00e4parate; Hypophysenhinterlappenhormone<\/td><\/tr><tr><td><strong>Indikation<\/strong><\/td><td>Behandlung von \u00d6sophagusvarizenblutung.<br>Notfallbehandlung des Typ 1 Hepatorenalen Syndroms, wie durch die IAC (International Ascites Club) &#8211; Kriterien definiert<\/td><\/tr><\/tbody><\/table><\/figure>\n<\/div>\n<\/div>\n<\/div><\/div>\n\n\n\n<figure class=\"wp-block-gallery has-nested-images columns-4 is-cropped wp-block-gallery-2 is-layout-flex wp-block-gallery-is-layout-flex\">\n<figure class=\"wp-block-image\"><img loading=\"lazy\" decoding=\"async\" width=\"2000\" height=\"2000\" data-id=\"2644\" src=\"https:\/\/www.everpharma.com\/wp-content\/uploads\/2021\/05\/N20_C_FB_VPL5_5V_5ml_130_5x31x54_Terli_CARTON_IP.0001.exr_.1.jpg\" alt=\"\" class=\"wp-image-2644\" srcset=\"https:\/\/www.everpharma.com\/wp-content\/uploads\/2021\/05\/N20_C_FB_VPL5_5V_5ml_130_5x31x54_Terli_CARTON_IP.0001.exr_.1.jpg 2000w, https:\/\/www.everpharma.com\/wp-content\/uploads\/2021\/05\/N20_C_FB_VPL5_5V_5ml_130_5x31x54_Terli_CARTON_IP.0001.exr_.1-300x300.jpg 300w, https:\/\/www.everpharma.com\/wp-content\/uploads\/2021\/05\/N20_C_FB_VPL5_5V_5ml_130_5x31x54_Terli_CARTON_IP.0001.exr_.1-1024x1024.jpg 1024w, https:\/\/www.everpharma.com\/wp-content\/uploads\/2021\/05\/N20_C_FB_VPL5_5V_5ml_130_5x31x54_Terli_CARTON_IP.0001.exr_.1-150x150.jpg 150w, https:\/\/www.everpharma.com\/wp-content\/uploads\/2021\/05\/N20_C_FB_VPL5_5V_5ml_130_5x31x54_Terli_CARTON_IP.0001.exr_.1-768x768.jpg 768w, https:\/\/www.everpharma.com\/wp-content\/uploads\/2021\/05\/N20_C_FB_VPL5_5V_5ml_130_5x31x54_Terli_CARTON_IP.0001.exr_.1-1536x1536.jpg 1536w\" sizes=\"auto, (max-width: 2000px) 100vw, 2000px\" \/><\/figure>\n\n\n\n<figure class=\"wp-block-image\"><img loading=\"lazy\" decoding=\"async\" width=\"2000\" height=\"2000\" data-id=\"2646\" src=\"https:\/\/www.everpharma.com\/wp-content\/uploads\/2021\/05\/N21_C_FB_VPL5_1V_5ml_54x37x54_Terli_CARTON_IP.0001.exr_.1.jpg\" alt=\"\" class=\"wp-image-2646\" srcset=\"https:\/\/www.everpharma.com\/wp-content\/uploads\/2021\/05\/N21_C_FB_VPL5_1V_5ml_54x37x54_Terli_CARTON_IP.0001.exr_.1.jpg 2000w, https:\/\/www.everpharma.com\/wp-content\/uploads\/2021\/05\/N21_C_FB_VPL5_1V_5ml_54x37x54_Terli_CARTON_IP.0001.exr_.1-300x300.jpg 300w, https:\/\/www.everpharma.com\/wp-content\/uploads\/2021\/05\/N21_C_FB_VPL5_1V_5ml_54x37x54_Terli_CARTON_IP.0001.exr_.1-1024x1024.jpg 1024w, https:\/\/www.everpharma.com\/wp-content\/uploads\/2021\/05\/N21_C_FB_VPL5_1V_5ml_54x37x54_Terli_CARTON_IP.0001.exr_.1-150x150.jpg 150w, https:\/\/www.everpharma.com\/wp-content\/uploads\/2021\/05\/N21_C_FB_VPL5_1V_5ml_54x37x54_Terli_CARTON_IP.0001.exr_.1-768x768.jpg 768w, https:\/\/www.everpharma.com\/wp-content\/uploads\/2021\/05\/N21_C_FB_VPL5_1V_5ml_54x37x54_Terli_CARTON_IP.0001.exr_.1-1536x1536.jpg 1536w\" sizes=\"auto, (max-width: 2000px) 100vw, 2000px\" \/><\/figure>\n\n\n\n<figure class=\"wp-block-image\"><img loading=\"lazy\" decoding=\"async\" width=\"2000\" height=\"2000\" data-id=\"2650\" src=\"https:\/\/www.everpharma.com\/wp-content\/uploads\/2021\/05\/N23_C_FB_VPL5_5V_10ml_130_5x31x61_Terli_CARTON_IP.0001.exr_.1.jpg\" alt=\"\" class=\"wp-image-2650\" srcset=\"https:\/\/www.everpharma.com\/wp-content\/uploads\/2021\/05\/N23_C_FB_VPL5_5V_10ml_130_5x31x61_Terli_CARTON_IP.0001.exr_.1.jpg 2000w, https:\/\/www.everpharma.com\/wp-content\/uploads\/2021\/05\/N23_C_FB_VPL5_5V_10ml_130_5x31x61_Terli_CARTON_IP.0001.exr_.1-300x300.jpg 300w, https:\/\/www.everpharma.com\/wp-content\/uploads\/2021\/05\/N23_C_FB_VPL5_5V_10ml_130_5x31x61_Terli_CARTON_IP.0001.exr_.1-1024x1024.jpg 1024w, https:\/\/www.everpharma.com\/wp-content\/uploads\/2021\/05\/N23_C_FB_VPL5_5V_10ml_130_5x31x61_Terli_CARTON_IP.0001.exr_.1-150x150.jpg 150w, https:\/\/www.everpharma.com\/wp-content\/uploads\/2021\/05\/N23_C_FB_VPL5_5V_10ml_130_5x31x61_Terli_CARTON_IP.0001.exr_.1-768x768.jpg 768w, https:\/\/www.everpharma.com\/wp-content\/uploads\/2021\/05\/N23_C_FB_VPL5_5V_10ml_130_5x31x61_Terli_CARTON_IP.0001.exr_.1-1536x1536.jpg 1536w\" sizes=\"auto, (max-width: 2000px) 100vw, 2000px\" \/><\/figure>\n\n\n\n<figure class=\"wp-block-image\"><img loading=\"lazy\" decoding=\"async\" width=\"2000\" height=\"2000\" data-id=\"2648\" src=\"https:\/\/www.everpharma.com\/wp-content\/uploads\/2021\/05\/N22_C_FB_VPL5_1V_10ml_54x37x62_Terli_CARTON_IP.0001.exr_.1.jpg\" alt=\"\" class=\"wp-image-2648\" srcset=\"https:\/\/www.everpharma.com\/wp-content\/uploads\/2021\/05\/N22_C_FB_VPL5_1V_10ml_54x37x62_Terli_CARTON_IP.0001.exr_.1.jpg 2000w, https:\/\/www.everpharma.com\/wp-content\/uploads\/2021\/05\/N22_C_FB_VPL5_1V_10ml_54x37x62_Terli_CARTON_IP.0001.exr_.1-300x300.jpg 300w, https:\/\/www.everpharma.com\/wp-content\/uploads\/2021\/05\/N22_C_FB_VPL5_1V_10ml_54x37x62_Terli_CARTON_IP.0001.exr_.1-1024x1024.jpg 1024w, https:\/\/www.everpharma.com\/wp-content\/uploads\/2021\/05\/N22_C_FB_VPL5_1V_10ml_54x37x62_Terli_CARTON_IP.0001.exr_.1-150x150.jpg 150w, https:\/\/www.everpharma.com\/wp-content\/uploads\/2021\/05\/N22_C_FB_VPL5_1V_10ml_54x37x62_Terli_CARTON_IP.0001.exr_.1-768x768.jpg 768w, https:\/\/www.everpharma.com\/wp-content\/uploads\/2021\/05\/N22_C_FB_VPL5_1V_10ml_54x37x62_Terli_CARTON_IP.0001.exr_.1-1536x1536.jpg 1536w\" sizes=\"auto, (max-width: 2000px) 100vw, 2000px\" \/><\/figure>\n<\/figure>\n\n\n\n<div style=\"height:50px\" aria-hidden=\"true\" class=\"wp-block-spacer\"><\/div>\n\n\n\n<div class=\"wp-block-columns is-layout-flex wp-container-core-columns-is-layout-9d6595d7 wp-block-columns-is-layout-flex\">\n<div class=\"wp-block-column is-layout-flow wp-block-column-is-layout-flow\">\n    <div\n        class=\"wp-block-button dropdown\"\n        style=\"margin-right:0;margin-left:auto;\"\n     >\n      <button\n        class=\"wp-block-button__link wp-block-button-doc-check-login is-style-outline has-primary-color dropdown-toggle\"\n        type=\"button\" id=\"docCheckLoginDropdown\"\n        data-bs-toggle=\"dropdown\"\n        aria-expanded=\"false\"\n        style=\"border-radius:0;\"\n        data-dc-key=\"fc2bd99d2a\"\n        data-dc-redirect=\"https:\/\/www.everpharma.com\/de\/wp-json\/wp\/v2\/product\/403\/\"\n      >\n        DocCheck Login\n      <\/button>\n      <div class=\"dropdown-menu\" aria-labelledby=\"docCheckLoginDropdown\">\n        <iframe loading=\"lazy\"\n          name=\"dc_login_iframe\"\n          id=\"dc_login_iframe\"\n          src=\"https:\/\/login.doccheck.com\/code\/de\/2000000017729\/login_m\/?dc_force_logout=1\"\n          width=\"311\"\n          height=\"188\"\n              >\n          <a href=\"https:\/\/login.doccheck.com\/code\/de\/2000000017729\/login_m\/\" target=\"_blank\">Login<\/a>\n        <\/iframe>\n      <\/div>\n    <\/div>\n  <\/div>\n<\/div>\n\n\n\n<div style=\"height:50px\" aria-hidden=\"true\" class=\"wp-block-spacer\"><\/div>\n\n\n\n<p class=\"has-base-font-size\"><em>Terlipressin EVER Pharma ist ein verschreibungspflichtiges Medikament. Informationen nur f\u00fcr medizinisches Fachpersonal.<\/em><br><em>Vollst\u00e4ndige Informationen \u00fcber das Medikament finden Sie in der Fachinformation.<\/em><\/p>\n\n\n\n<div style=\"height:100px\" aria-hidden=\"true\" class=\"wp-block-spacer\"><\/div>\n<\/div><\/div>\n","protected":false},"excerpt":{"rendered":"<p>Darreichungsform Injektionsl\u00f6sung Wirkst\u00e4rke 0.2 mg\/ml St\u00e4rke pro Einheit 1 mg\/5 ml, 2 mg\/10 ml ATC Code H01BA04 Wirkstoffklasse Systemische Hormonpr\u00e4parate; Hypophysenhinterlappenhormone Indikation Behandlung von \u00d6sophagusvarizenblutung.Notfallbehandlung des Typ 1 Hepatorenalen Syndroms, wie durch die IAC (International Ascites Club) &#8211; Kriterien definiert Terlipressin EVER Pharma ist ein verschreibungspflichtiges Medikament. Informationen nur f\u00fcr medizinisches Fachpersonal.Vollst\u00e4ndige Informationen \u00fcber das &hellip; <a href=\"https:\/\/www.everpharma.com\/de\/produkte\/terlipressin-ever-pharma\/\">Weiterlesen<\/a><\/p>\n","protected":false},"featured_media":0,"template":"","class_list":["post-403","product","type-product","status-publish","hentry"],"yoast_head":"<!-- This site is optimized with the Yoast SEO plugin v27.4 - https:\/\/yoast.com\/product\/yoast-seo-wordpress\/ -->\n<title>Terlipressin - EVER Pharma<\/title>\n<meta name=\"robots\" content=\"index, follow, max-snippet:-1, max-image-preview:large, max-video-preview:-1\" \/>\n<link rel=\"canonical\" href=\"https:\/\/www.everpharma.com\/de\/produkte\/terlipressin-ever-pharma\/\" \/>\n<meta property=\"og:locale\" content=\"de_DE\" \/>\n<meta property=\"og:type\" content=\"article\" \/>\n<meta property=\"og:title\" content=\"Terlipressin - EVER Pharma\" \/>\n<meta property=\"og:description\" content=\"Darreichungsform Injektionsl\u00f6sung Wirkst\u00e4rke 0.2 mg\/ml St\u00e4rke pro Einheit 1 mg\/5 ml, 2 mg\/10 ml ATC Code H01BA04 Wirkstoffklasse Systemische Hormonpr\u00e4parate; Hypophysenhinterlappenhormone Indikation Behandlung von \u00d6sophagusvarizenblutung.Notfallbehandlung des Typ 1 Hepatorenalen Syndroms, wie durch die IAC (International Ascites Club) &#8211; Kriterien definiert Terlipressin EVER Pharma ist ein verschreibungspflichtiges Medikament. Informationen nur f\u00fcr medizinisches Fachpersonal.Vollst\u00e4ndige Informationen \u00fcber das &hellip; Weiterlesen\" \/>\n<meta property=\"og:url\" content=\"https:\/\/www.everpharma.com\/de\/produkte\/terlipressin-ever-pharma\/\" \/>\n<meta property=\"og:site_name\" content=\"EVER Pharma\" \/>\n<meta property=\"article:modified_time\" content=\"2023-01-20T03:21:44+00:00\" \/>\n<meta property=\"og:image\" content=\"https:\/\/www.everpharma.com\/wp-content\/uploads\/2021\/05\/N20_C_FB_VPL5_5V_5ml_130_5x31x54_Terli_CARTON_IP.0001.exr_.1.jpg\" \/>\n<meta name=\"twitter:card\" content=\"summary_large_image\" \/>\n<script type=\"application\/ld+json\" class=\"yoast-schema-graph\">{\"@context\":\"https:\\\/\\\/schema.org\",\"@graph\":[{\"@type\":\"WebPage\",\"@id\":\"https:\\\/\\\/www.everpharma.com\\\/de\\\/produkte\\\/terlipressin-ever-pharma\\\/\",\"url\":\"https:\\\/\\\/www.everpharma.com\\\/de\\\/produkte\\\/terlipressin-ever-pharma\\\/\",\"name\":\"Terlipressin - EVER Pharma\",\"isPartOf\":{\"@id\":\"https:\\\/\\\/www.everpharma.com\\\/de\\\/#website\"},\"primaryImageOfPage\":{\"@id\":\"https:\\\/\\\/www.everpharma.com\\\/de\\\/produkte\\\/terlipressin-ever-pharma\\\/#primaryimage\"},\"image\":{\"@id\":\"https:\\\/\\\/www.everpharma.com\\\/de\\\/produkte\\\/terlipressin-ever-pharma\\\/#primaryimage\"},\"thumbnailUrl\":\"https:\\\/\\\/www.everpharma.com\\\/wp-content\\\/uploads\\\/2021\\\/05\\\/N20_C_FB_VPL5_5V_5ml_130_5x31x54_Terli_CARTON_IP.0001.exr_.1.jpg\",\"datePublished\":\"2021-03-30T14:08:07+00:00\",\"dateModified\":\"2023-01-20T03:21:44+00:00\",\"breadcrumb\":{\"@id\":\"https:\\\/\\\/www.everpharma.com\\\/de\\\/produkte\\\/terlipressin-ever-pharma\\\/#breadcrumb\"},\"inLanguage\":\"de\",\"potentialAction\":[{\"@type\":\"ReadAction\",\"target\":[\"https:\\\/\\\/www.everpharma.com\\\/de\\\/produkte\\\/terlipressin-ever-pharma\\\/\"]}]},{\"@type\":\"ImageObject\",\"inLanguage\":\"de\",\"@id\":\"https:\\\/\\\/www.everpharma.com\\\/de\\\/produkte\\\/terlipressin-ever-pharma\\\/#primaryimage\",\"url\":\"https:\\\/\\\/www.everpharma.com\\\/wp-content\\\/uploads\\\/2021\\\/05\\\/N20_C_FB_VPL5_5V_5ml_130_5x31x54_Terli_CARTON_IP.0001.exr_.1.jpg\",\"contentUrl\":\"https:\\\/\\\/www.everpharma.com\\\/wp-content\\\/uploads\\\/2021\\\/05\\\/N20_C_FB_VPL5_5V_5ml_130_5x31x54_Terli_CARTON_IP.0001.exr_.1.jpg\"},{\"@type\":\"BreadcrumbList\",\"@id\":\"https:\\\/\\\/www.everpharma.com\\\/de\\\/produkte\\\/terlipressin-ever-pharma\\\/#breadcrumb\",\"itemListElement\":[{\"@type\":\"ListItem\",\"position\":1,\"name\":\"Startseite\",\"item\":\"https:\\\/\\\/www.everpharma.com\\\/de\\\/\"},{\"@type\":\"ListItem\",\"position\":2,\"name\":\"Products\",\"item\":\"https:\\\/\\\/www.everpharma.com\\\/de\\\/produkte\\\/\"},{\"@type\":\"ListItem\",\"position\":3,\"name\":\"Terlipressin\"}]},{\"@type\":\"WebSite\",\"@id\":\"https:\\\/\\\/www.everpharma.com\\\/de\\\/#website\",\"url\":\"https:\\\/\\\/www.everpharma.com\\\/de\\\/\",\"name\":\"EVER Pharma\",\"description\":\"Dedicated to health.\",\"publisher\":{\"@id\":\"https:\\\/\\\/www.everpharma.com\\\/de\\\/#organization\"},\"potentialAction\":[{\"@type\":\"SearchAction\",\"target\":{\"@type\":\"EntryPoint\",\"urlTemplate\":\"https:\\\/\\\/www.everpharma.com\\\/de\\\/?s={search_term_string}\"},\"query-input\":{\"@type\":\"PropertyValueSpecification\",\"valueRequired\":true,\"valueName\":\"search_term_string\"}}],\"inLanguage\":\"de\"},{\"@type\":[\"Organization\",\"MedicalOrganization\"],\"@id\":\"https:\\\/\\\/www.everpharma.com\\\/de\\\/#organization\",\"name\":\"EVER Pharma\",\"url\":\"https:\\\/\\\/www.everpharma.com\\\/de\\\/\",\"logo\":{\"@type\":\"ImageObject\",\"inLanguage\":\"de\",\"@id\":\"https:\\\/\\\/www.everpharma.com\\\/de\\\/#\\\/schema\\\/logo\\\/image\\\/\",\"url\":\"https:\\\/\\\/www.everpharma.com\\\/wp-content\\\/uploads\\\/2022\\\/07\\\/ever-pharma-logo.png\",\"contentUrl\":\"https:\\\/\\\/www.everpharma.com\\\/wp-content\\\/uploads\\\/2022\\\/07\\\/ever-pharma-logo.png\",\"width\":240,\"height\":67,\"caption\":\"EVER Pharma\"},\"image\":{\"@id\":\"https:\\\/\\\/www.everpharma.com\\\/de\\\/#\\\/schema\\\/logo\\\/image\\\/\"},\"legalName\":\"EVER Neuro Pharma GmbH\",\"foundingDate\":\"1934-01-01\",\"description\":\"EVER Pharma is a fully integrated specialty pharmaceuticals company specializing in the research, development, and production of sterile injectables and specialty generics for neurology, oncology, intensive care, and hormone therapeutics worldwide.\",\"address\":{\"@type\":\"PostalAddress\",\"streetAddress\":\"Oberburgau 3\",\"addressLocality\":\"Unterach am Attersee\",\"addressRegion\":\"Ober\u00f6sterreich\",\"postalCode\":\"4866\",\"addressCountry\":\"AT\"},\"contactPoint\":{\"@type\":\"ContactPoint\",\"contactType\":\"customer service\",\"telephone\":\"+43 7665 20555 0\",\"email\":\"office@everpharma.com\"},\"sameAs\":[\"https:\\\/\\\/www.linkedin.com\\\/company\\\/ever-pharma\\\/\",\"https:\\\/\\\/www.wikidata.org\\\/wiki\\\/Q30268961\"]}]}<\/script>\n<!-- \/ Yoast SEO plugin. -->","yoast_head_json":{"title":"Terlipressin - EVER Pharma","robots":{"index":"index","follow":"follow","max-snippet":"max-snippet:-1","max-image-preview":"max-image-preview:large","max-video-preview":"max-video-preview:-1"},"canonical":"https:\/\/www.everpharma.com\/de\/produkte\/terlipressin-ever-pharma\/","og_locale":"de_DE","og_type":"article","og_title":"Terlipressin - EVER Pharma","og_description":"Darreichungsform Injektionsl\u00f6sung Wirkst\u00e4rke 0.2 mg\/ml St\u00e4rke pro Einheit 1 mg\/5 ml, 2 mg\/10 ml ATC Code H01BA04 Wirkstoffklasse Systemische Hormonpr\u00e4parate; Hypophysenhinterlappenhormone Indikation Behandlung von \u00d6sophagusvarizenblutung.Notfallbehandlung des Typ 1 Hepatorenalen Syndroms, wie durch die IAC (International Ascites Club) &#8211; Kriterien definiert Terlipressin EVER Pharma ist ein verschreibungspflichtiges Medikament. Informationen nur f\u00fcr medizinisches Fachpersonal.Vollst\u00e4ndige Informationen \u00fcber das &hellip; Weiterlesen","og_url":"https:\/\/www.everpharma.com\/de\/produkte\/terlipressin-ever-pharma\/","og_site_name":"EVER Pharma","article_modified_time":"2023-01-20T03:21:44+00:00","og_image":[{"url":"https:\/\/www.everpharma.com\/wp-content\/uploads\/2021\/05\/N20_C_FB_VPL5_5V_5ml_130_5x31x54_Terli_CARTON_IP.0001.exr_.1.jpg","type":"","width":"","height":""}],"twitter_card":"summary_large_image","schema":{"@context":"https:\/\/schema.org","@graph":[{"@type":"WebPage","@id":"https:\/\/www.everpharma.com\/de\/produkte\/terlipressin-ever-pharma\/","url":"https:\/\/www.everpharma.com\/de\/produkte\/terlipressin-ever-pharma\/","name":"Terlipressin - EVER Pharma","isPartOf":{"@id":"https:\/\/www.everpharma.com\/de\/#website"},"primaryImageOfPage":{"@id":"https:\/\/www.everpharma.com\/de\/produkte\/terlipressin-ever-pharma\/#primaryimage"},"image":{"@id":"https:\/\/www.everpharma.com\/de\/produkte\/terlipressin-ever-pharma\/#primaryimage"},"thumbnailUrl":"https:\/\/www.everpharma.com\/wp-content\/uploads\/2021\/05\/N20_C_FB_VPL5_5V_5ml_130_5x31x54_Terli_CARTON_IP.0001.exr_.1.jpg","datePublished":"2021-03-30T14:08:07+00:00","dateModified":"2023-01-20T03:21:44+00:00","breadcrumb":{"@id":"https:\/\/www.everpharma.com\/de\/produkte\/terlipressin-ever-pharma\/#breadcrumb"},"inLanguage":"de","potentialAction":[{"@type":"ReadAction","target":["https:\/\/www.everpharma.com\/de\/produkte\/terlipressin-ever-pharma\/"]}]},{"@type":"ImageObject","inLanguage":"de","@id":"https:\/\/www.everpharma.com\/de\/produkte\/terlipressin-ever-pharma\/#primaryimage","url":"https:\/\/www.everpharma.com\/wp-content\/uploads\/2021\/05\/N20_C_FB_VPL5_5V_5ml_130_5x31x54_Terli_CARTON_IP.0001.exr_.1.jpg","contentUrl":"https:\/\/www.everpharma.com\/wp-content\/uploads\/2021\/05\/N20_C_FB_VPL5_5V_5ml_130_5x31x54_Terli_CARTON_IP.0001.exr_.1.jpg"},{"@type":"BreadcrumbList","@id":"https:\/\/www.everpharma.com\/de\/produkte\/terlipressin-ever-pharma\/#breadcrumb","itemListElement":[{"@type":"ListItem","position":1,"name":"Startseite","item":"https:\/\/www.everpharma.com\/de\/"},{"@type":"ListItem","position":2,"name":"Products","item":"https:\/\/www.everpharma.com\/de\/produkte\/"},{"@type":"ListItem","position":3,"name":"Terlipressin"}]},{"@type":"WebSite","@id":"https:\/\/www.everpharma.com\/de\/#website","url":"https:\/\/www.everpharma.com\/de\/","name":"EVER Pharma","description":"Dedicated to health.","publisher":{"@id":"https:\/\/www.everpharma.com\/de\/#organization"},"potentialAction":[{"@type":"SearchAction","target":{"@type":"EntryPoint","urlTemplate":"https:\/\/www.everpharma.com\/de\/?s={search_term_string}"},"query-input":{"@type":"PropertyValueSpecification","valueRequired":true,"valueName":"search_term_string"}}],"inLanguage":"de"},{"@type":["Organization","MedicalOrganization"],"@id":"https:\/\/www.everpharma.com\/de\/#organization","name":"EVER Pharma","url":"https:\/\/www.everpharma.com\/de\/","logo":{"@type":"ImageObject","inLanguage":"de","@id":"https:\/\/www.everpharma.com\/de\/#\/schema\/logo\/image\/","url":"https:\/\/www.everpharma.com\/wp-content\/uploads\/2022\/07\/ever-pharma-logo.png","contentUrl":"https:\/\/www.everpharma.com\/wp-content\/uploads\/2022\/07\/ever-pharma-logo.png","width":240,"height":67,"caption":"EVER Pharma"},"image":{"@id":"https:\/\/www.everpharma.com\/de\/#\/schema\/logo\/image\/"},"legalName":"EVER Neuro Pharma GmbH","foundingDate":"1934-01-01","description":"EVER Pharma is a fully integrated specialty pharmaceuticals company specializing in the research, development, and production of sterile injectables and specialty generics for neurology, oncology, intensive care, and hormone therapeutics worldwide.","address":{"@type":"PostalAddress","streetAddress":"Oberburgau 3","addressLocality":"Unterach am Attersee","addressRegion":"Ober\u00f6sterreich","postalCode":"4866","addressCountry":"AT"},"contactPoint":{"@type":"ContactPoint","contactType":"customer service","telephone":"+43 7665 20555 0","email":"office@everpharma.com"},"sameAs":["https:\/\/www.linkedin.com\/company\/ever-pharma\/","https:\/\/www.wikidata.org\/wiki\/Q30268961"]}]}},"acf":[],"_links":{"self":[{"href":"https:\/\/www.everpharma.com\/de\/wp-json\/wp\/v2\/product\/403","targetHints":{"allow":["GET"]}}],"collection":[{"href":"https:\/\/www.everpharma.com\/de\/wp-json\/wp\/v2\/product"}],"about":[{"href":"https:\/\/www.everpharma.com\/de\/wp-json\/wp\/v2\/types\/product"}],"wp:attachment":[{"href":"https:\/\/www.everpharma.com\/de\/wp-json\/wp\/v2\/media?parent=403"}],"curies":[{"name":"wp","href":"https:\/\/api.w.org\/{rel}","templated":true}]}}